{"id":11203,"date":"2026-03-20T16:04:11","date_gmt":"2026-03-20T16:04:11","guid":{"rendered":"https:\/\/ockendenmatdev.wpenginepowered.com\/%da%95%d9%88%d9%88%d8%af%d8%a7%d9%88%db%95%da%a9%d8%a7%d9%86\/"},"modified":"2026-03-24T14:09:03","modified_gmt":"2026-03-24T14:09:03","slug":"%da%95%d9%88%d9%88%d8%af%d8%a7%d9%88%db%95%da%a9%d8%a7%d9%86","status":"publish","type":"page","link":"http:\/\/www.ockendenmaternityreview.org.uk\/ku\/%da%95%d9%88%d9%88%d8%af%d8%a7%d9%88%db%95%da%a9%d8%a7%d9%86\/","title":{"rendered":"\u0695\u0648\u0648\u062f\u0627\u0648\u06d5\u06a9\u0627\u0646"},"content":{"rendered":"\n<p><br\/>Niha ti civ\u00een\u00ean diyarkir\u00ee n\u00eenin.<\/p>\n","protected":false},"excerpt":{"rendered":"<p>Niha ti civ\u00een\u00ean diyarkir\u00ee n\u00eenin.<\/p>\n","protected":false},"author":1,"featured_media":0,"parent":0,"menu_order":0,"comment_status":"closed","ping_status":"closed","template":"page-narrow.blade.php","meta":{"_acf_changed":false,"footnotes":""},"class_list":["post-11203","page","type-page","status-publish","hentry"],"acf":[],"yoast_head":"<!-- This site is optimized with the Yoast SEO plugin v27.2 - https:\/\/yoast.com\/product\/yoast-seo-wordpress\/ -->\n<title>\u0695\u0648\u0648\u062f\u0627\u0648\u06d5\u06a9\u0627\u0646 - Ockenden Review<\/title>\n<meta name=\"robots\" content=\"index, follow, max-snippet:-1, max-image-preview:large, max-video-preview:-1\" \/>\n<link rel=\"canonical\" href=\"https:\/\/www.ockendenmaternityreview.org.uk\/ku\/\u0695\u0648\u0648\u062f\u0627\u0648\u06d5\u06a9\u0627\u0646\/\" \/>\n<meta property=\"og:locale\" content=\"en_US\" \/>\n<meta property=\"og:type\" content=\"article\" \/>\n<meta property=\"og:title\" content=\"\u0695\u0648\u0648\u062f\u0627\u0648\u06d5\u06a9\u0627\u0646 - Ockenden Review\" \/>\n<meta property=\"og:description\" content=\"Niha ti civ\u00een\u00ean diyarkir\u00ee n\u00eenin.\" \/>\n<meta property=\"og:url\" content=\"https:\/\/www.ockendenmaternityreview.org.uk\/ku\/\u0695\u0648\u0648\u062f\u0627\u0648\u06d5\u06a9\u0627\u0646\/\" \/>\n<meta property=\"og:site_name\" content=\"Ockenden Review\" \/>\n<meta property=\"article:publisher\" content=\"https:\/\/www.facebook.com\/ockendenmaternityreview?mibextid=wwXIfr\" \/>\n<meta property=\"article:modified_time\" content=\"2026-03-24T14:09:03+00:00\" \/>\n<meta name=\"twitter:card\" content=\"summary_large_image\" \/>\n<meta name=\"twitter:site\" content=\"@ockreview\" \/>\n<script type=\"application\/ld+json\" class=\"yoast-schema-graph\">{\"@context\":\"https:\/\/schema.org\",\"@graph\":[{\"@type\":\"WebPage\",\"@id\":\"https:\/\/www.ockendenmaternityreview.org.uk\/ku\/%da%95%d9%88%d9%88%d8%af%d8%a7%d9%88%db%95%da%a9%d8%a7%d9%86\/\",\"url\":\"https:\/\/www.ockendenmaternityreview.org.uk\/ku\/%da%95%d9%88%d9%88%d8%af%d8%a7%d9%88%db%95%da%a9%d8%a7%d9%86\/\",\"name\":\"\u0695\u0648\u0648\u062f\u0627\u0648\u06d5\u06a9\u0627\u0646 - Ockenden Review\",\"isPartOf\":{\"@id\":\"https:\/\/www.ockendenmaternityreview.org.uk\/ku\/#website\"},\"datePublished\":\"2026-03-20T16:04:11+00:00\",\"dateModified\":\"2026-03-24T14:09:03+00:00\",\"breadcrumb\":{\"@id\":\"https:\/\/www.ockendenmaternityreview.org.uk\/ku\/%da%95%d9%88%d9%88%d8%af%d8%a7%d9%88%db%95%da%a9%d8%a7%d9%86\/#breadcrumb\"},\"inLanguage\":\"ckb\",\"potentialAction\":[{\"@type\":\"ReadAction\",\"target\":[\"https:\/\/www.ockendenmaternityreview.org.uk\/ku\/%da%95%d9%88%d9%88%d8%af%d8%a7%d9%88%db%95%da%a9%d8%a7%d9%86\/\"]}]},{\"@type\":\"BreadcrumbList\",\"@id\":\"https:\/\/www.ockendenmaternityreview.org.uk\/ku\/%da%95%d9%88%d9%88%d8%af%d8%a7%d9%88%db%95%da%a9%d8%a7%d9%86\/#breadcrumb\",\"itemListElement\":[{\"@type\":\"ListItem\",\"position\":1,\"name\":\"Home\",\"item\":\"https:\/\/www.ockendenmaternityreview.org.uk\/ku\/\"},{\"@type\":\"ListItem\",\"position\":2,\"name\":\"\u0695\u0648\u0648\u062f\u0627\u0648\u06d5\u06a9\u0627\u0646\"}]},{\"@type\":\"WebSite\",\"@id\":\"https:\/\/www.ockendenmaternityreview.org.uk\/ku\/#website\",\"url\":\"https:\/\/www.ockendenmaternityreview.org.uk\/ku\/\",\"name\":\"Ockenden Review\",\"description\":\"\",\"potentialAction\":[{\"@type\":\"SearchAction\",\"target\":{\"@type\":\"EntryPoint\",\"urlTemplate\":\"https:\/\/www.ockendenmaternityreview.org.uk\/ku\/?s={search_term_string}\"},\"query-input\":{\"@type\":\"PropertyValueSpecification\",\"valueRequired\":true,\"valueName\":\"search_term_string\"}}],\"inLanguage\":\"ckb\"}]}<\/script>\n<!-- \/ Yoast SEO plugin. -->","yoast_head_json":{"title":"\u0695\u0648\u0648\u062f\u0627\u0648\u06d5\u06a9\u0627\u0646 - Ockenden Review","robots":{"index":"index","follow":"follow","max-snippet":"max-snippet:-1","max-image-preview":"max-image-preview:large","max-video-preview":"max-video-preview:-1"},"canonical":"https:\/\/www.ockendenmaternityreview.org.uk\/ku\/\u0695\u0648\u0648\u062f\u0627\u0648\u06d5\u06a9\u0627\u0646\/","og_locale":"en_US","og_type":"article","og_title":"\u0695\u0648\u0648\u062f\u0627\u0648\u06d5\u06a9\u0627\u0646 - Ockenden Review","og_description":"Niha ti civ\u00een\u00ean diyarkir\u00ee n\u00eenin.","og_url":"https:\/\/www.ockendenmaternityreview.org.uk\/ku\/\u0695\u0648\u0648\u062f\u0627\u0648\u06d5\u06a9\u0627\u0646\/","og_site_name":"Ockenden Review","article_publisher":"https:\/\/www.facebook.com\/ockendenmaternityreview?mibextid=wwXIfr","article_modified_time":"2026-03-24T14:09:03+00:00","twitter_card":"summary_large_image","twitter_site":"@ockreview","schema":{"@context":"https:\/\/schema.org","@graph":[{"@type":"WebPage","@id":"https:\/\/www.ockendenmaternityreview.org.uk\/ku\/%da%95%d9%88%d9%88%d8%af%d8%a7%d9%88%db%95%da%a9%d8%a7%d9%86\/","url":"https:\/\/www.ockendenmaternityreview.org.uk\/ku\/%da%95%d9%88%d9%88%d8%af%d8%a7%d9%88%db%95%da%a9%d8%a7%d9%86\/","name":"\u0695\u0648\u0648\u062f\u0627\u0648\u06d5\u06a9\u0627\u0646 - Ockenden Review","isPartOf":{"@id":"https:\/\/www.ockendenmaternityreview.org.uk\/ku\/#website"},"datePublished":"2026-03-20T16:04:11+00:00","dateModified":"2026-03-24T14:09:03+00:00","breadcrumb":{"@id":"https:\/\/www.ockendenmaternityreview.org.uk\/ku\/%da%95%d9%88%d9%88%d8%af%d8%a7%d9%88%db%95%da%a9%d8%a7%d9%86\/#breadcrumb"},"inLanguage":"ckb","potentialAction":[{"@type":"ReadAction","target":["https:\/\/www.ockendenmaternityreview.org.uk\/ku\/%da%95%d9%88%d9%88%d8%af%d8%a7%d9%88%db%95%da%a9%d8%a7%d9%86\/"]}]},{"@type":"BreadcrumbList","@id":"https:\/\/www.ockendenmaternityreview.org.uk\/ku\/%da%95%d9%88%d9%88%d8%af%d8%a7%d9%88%db%95%da%a9%d8%a7%d9%86\/#breadcrumb","itemListElement":[{"@type":"ListItem","position":1,"name":"Home","item":"https:\/\/www.ockendenmaternityreview.org.uk\/ku\/"},{"@type":"ListItem","position":2,"name":"\u0695\u0648\u0648\u062f\u0627\u0648\u06d5\u06a9\u0627\u0646"}]},{"@type":"WebSite","@id":"https:\/\/www.ockendenmaternityreview.org.uk\/ku\/#website","url":"https:\/\/www.ockendenmaternityreview.org.uk\/ku\/","name":"Ockenden Review","description":"","potentialAction":[{"@type":"SearchAction","target":{"@type":"EntryPoint","urlTemplate":"https:\/\/www.ockendenmaternityreview.org.uk\/ku\/?s={search_term_string}"},"query-input":{"@type":"PropertyValueSpecification","valueRequired":true,"valueName":"search_term_string"}}],"inLanguage":"ckb"}]}},"_links":{"self":[{"href":"http:\/\/www.ockendenmaternityreview.org.uk\/ku\/wp-json\/wp\/v2\/pages\/11203","targetHints":{"allow":["GET"]}}],"collection":[{"href":"http:\/\/www.ockendenmaternityreview.org.uk\/ku\/wp-json\/wp\/v2\/pages"}],"about":[{"href":"http:\/\/www.ockendenmaternityreview.org.uk\/ku\/wp-json\/wp\/v2\/types\/page"}],"author":[{"embeddable":true,"href":"http:\/\/www.ockendenmaternityreview.org.uk\/ku\/wp-json\/wp\/v2\/users\/1"}],"replies":[{"embeddable":true,"href":"http:\/\/www.ockendenmaternityreview.org.uk\/ku\/wp-json\/wp\/v2\/comments?post=11203"}],"version-history":[{"count":0,"href":"http:\/\/www.ockendenmaternityreview.org.uk\/ku\/wp-json\/wp\/v2\/pages\/11203\/revisions"}],"wp:attachment":[{"href":"http:\/\/www.ockendenmaternityreview.org.uk\/ku\/wp-json\/wp\/v2\/media?parent=11203"}],"curies":[{"name":"wp","href":"https:\/\/api.w.org\/{rel}","templated":true}]}}