{"id":12596,"date":"2026-03-20T16:04:30","date_gmt":"2026-03-20T16:04:30","guid":{"rendered":"https:\/\/ockendenmatdev.wpenginepowered.com\/vocile-personalului\/"},"modified":"2026-03-24T14:31:31","modified_gmt":"2026-03-24T14:31:31","slug":"vocile-personalului","status":"publish","type":"page","link":"http:\/\/www.ockendenmaternityreview.org.uk\/ro\/vocile-personalului\/","title":{"rendered":"Vocile personalului"},"content":{"rendered":"\n<p><br\/>Ca parte a revizuirii, echipa de revizuire va oferi \u00eent\u00e2lniri \u0219i alte oportunit\u0103\u021bi de implicare cu personalul care lucreaz\u0103 \u00een cadrul serviciilor perinatale din Leeds. \u00cen acest stadiu, formaliz\u0103m procesele \u00eenainte de a putea \u00eencepe acest element al evalu\u0103rii. <\/p>\n","protected":false},"excerpt":{"rendered":"<p>Ca parte a revizuirii, echipa de revizuire va oferi \u00eent\u00e2lniri \u0219i alte oportunit\u0103\u021bi de implicare cu personalul care lucreaz\u0103 \u00een cadrul serviciilor perinatale din Leeds. \u00cen acest stadiu, formaliz\u0103m procesele \u00eenainte de a putea \u00eencepe acest element al evalu\u0103rii.<\/p>\n","protected":false},"author":1,"featured_media":0,"parent":0,"menu_order":0,"comment_status":"closed","ping_status":"closed","template":"page-narrow.blade.php","meta":{"_acf_changed":false,"footnotes":""},"class_list":["post-12596","page","type-page","status-publish","hentry"],"acf":[],"yoast_head":"<!-- This site is optimized with the Yoast SEO plugin v27.2 - https:\/\/yoast.com\/product\/yoast-seo-wordpress\/ -->\n<title>Vocile personalului - Ockenden Review<\/title>\n<meta name=\"robots\" content=\"index, follow, max-snippet:-1, max-image-preview:large, max-video-preview:-1\" \/>\n<link rel=\"canonical\" href=\"http:\/\/www.ockendenmaternityreview.org.uk\/leeds-staff-voices\/\" \/>\n<meta property=\"og:locale\" content=\"ro_RO\" \/>\n<meta property=\"og:type\" content=\"article\" \/>\n<meta property=\"og:title\" content=\"Vocile personalului - Ockenden Review\" \/>\n<meta property=\"og:description\" content=\"Ca parte a revizuirii, echipa de revizuire va oferi \u00eent\u00e2lniri \u0219i alte oportunit\u0103\u021bi de implicare cu personalul care lucreaz\u0103 \u00een cadrul serviciilor perinatale din Leeds. \u00cen acest stadiu, formaliz\u0103m procesele \u00eenainte de a putea \u00eencepe acest element al evalu\u0103rii.\" \/>\n<meta property=\"og:url\" content=\"http:\/\/www.ockendenmaternityreview.org.uk\/leeds-staff-voices\/\" \/>\n<meta property=\"og:site_name\" content=\"Ockenden Review\" \/>\n<meta property=\"article:publisher\" content=\"https:\/\/www.facebook.com\/ockendenmaternityreview?mibextid=wwXIfr\" \/>\n<meta property=\"article:modified_time\" content=\"2026-03-24T14:31:31+00:00\" \/>\n<meta name=\"twitter:card\" content=\"summary_large_image\" \/>\n<meta name=\"twitter:site\" content=\"@ockreview\" \/>\n<script type=\"application\/ld+json\" class=\"yoast-schema-graph\">{\"@context\":\"https:\/\/schema.org\",\"@graph\":[{\"@type\":\"WebPage\",\"@id\":\"http:\/\/www.ockendenmaternityreview.org.uk\/leeds-staff-voices\/\",\"url\":\"http:\/\/www.ockendenmaternityreview.org.uk\/leeds-staff-voices\/\",\"name\":\"Vocile personalului - Ockenden Review\",\"isPartOf\":{\"@id\":\"https:\/\/www.ockendenmaternityreview.org.uk\/ku\/#website\"},\"datePublished\":\"2026-03-20T16:04:30+00:00\",\"dateModified\":\"2026-03-24T14:31:31+00:00\",\"breadcrumb\":{\"@id\":\"http:\/\/www.ockendenmaternityreview.org.uk\/leeds-staff-voices\/#breadcrumb\"},\"inLanguage\":\"ro-RO\",\"potentialAction\":[{\"@type\":\"ReadAction\",\"target\":[\"http:\/\/www.ockendenmaternityreview.org.uk\/leeds-staff-voices\/\"]}]},{\"@type\":\"BreadcrumbList\",\"@id\":\"http:\/\/www.ockendenmaternityreview.org.uk\/leeds-staff-voices\/#breadcrumb\",\"itemListElement\":[{\"@type\":\"ListItem\",\"position\":1,\"name\":\"Home\",\"item\":\"https:\/\/www.ockendenmaternityreview.org.uk\/ro\/\"},{\"@type\":\"ListItem\",\"position\":2,\"name\":\"Vocile personalului\"}]},{\"@type\":\"WebSite\",\"@id\":\"https:\/\/www.ockendenmaternityreview.org.uk\/ku\/#website\",\"url\":\"https:\/\/www.ockendenmaternityreview.org.uk\/ku\/\",\"name\":\"Ockenden Review\",\"description\":\"\",\"potentialAction\":[{\"@type\":\"SearchAction\",\"target\":{\"@type\":\"EntryPoint\",\"urlTemplate\":\"https:\/\/www.ockendenmaternityreview.org.uk\/ku\/?s={search_term_string}\"},\"query-input\":{\"@type\":\"PropertyValueSpecification\",\"valueRequired\":true,\"valueName\":\"search_term_string\"}}],\"inLanguage\":\"ro-RO\"}]}<\/script>\n<!-- \/ Yoast SEO plugin. -->","yoast_head_json":{"title":"Vocile personalului - Ockenden Review","robots":{"index":"index","follow":"follow","max-snippet":"max-snippet:-1","max-image-preview":"max-image-preview:large","max-video-preview":"max-video-preview:-1"},"canonical":"http:\/\/www.ockendenmaternityreview.org.uk\/leeds-staff-voices\/","og_locale":"ro_RO","og_type":"article","og_title":"Vocile personalului - Ockenden Review","og_description":"Ca parte a revizuirii, echipa de revizuire va oferi \u00eent\u00e2lniri \u0219i alte oportunit\u0103\u021bi de implicare cu personalul care lucreaz\u0103 \u00een cadrul serviciilor perinatale din Leeds. \u00cen acest stadiu, formaliz\u0103m procesele \u00eenainte de a putea \u00eencepe acest element al evalu\u0103rii.","og_url":"http:\/\/www.ockendenmaternityreview.org.uk\/leeds-staff-voices\/","og_site_name":"Ockenden Review","article_publisher":"https:\/\/www.facebook.com\/ockendenmaternityreview?mibextid=wwXIfr","article_modified_time":"2026-03-24T14:31:31+00:00","twitter_card":"summary_large_image","twitter_site":"@ockreview","schema":{"@context":"https:\/\/schema.org","@graph":[{"@type":"WebPage","@id":"http:\/\/www.ockendenmaternityreview.org.uk\/leeds-staff-voices\/","url":"http:\/\/www.ockendenmaternityreview.org.uk\/leeds-staff-voices\/","name":"Vocile personalului - Ockenden Review","isPartOf":{"@id":"https:\/\/www.ockendenmaternityreview.org.uk\/ku\/#website"},"datePublished":"2026-03-20T16:04:30+00:00","dateModified":"2026-03-24T14:31:31+00:00","breadcrumb":{"@id":"http:\/\/www.ockendenmaternityreview.org.uk\/leeds-staff-voices\/#breadcrumb"},"inLanguage":"ro-RO","potentialAction":[{"@type":"ReadAction","target":["http:\/\/www.ockendenmaternityreview.org.uk\/leeds-staff-voices\/"]}]},{"@type":"BreadcrumbList","@id":"http:\/\/www.ockendenmaternityreview.org.uk\/leeds-staff-voices\/#breadcrumb","itemListElement":[{"@type":"ListItem","position":1,"name":"Home","item":"https:\/\/www.ockendenmaternityreview.org.uk\/ro\/"},{"@type":"ListItem","position":2,"name":"Vocile personalului"}]},{"@type":"WebSite","@id":"https:\/\/www.ockendenmaternityreview.org.uk\/ku\/#website","url":"https:\/\/www.ockendenmaternityreview.org.uk\/ku\/","name":"Ockenden Review","description":"","potentialAction":[{"@type":"SearchAction","target":{"@type":"EntryPoint","urlTemplate":"https:\/\/www.ockendenmaternityreview.org.uk\/ku\/?s={search_term_string}"},"query-input":{"@type":"PropertyValueSpecification","valueRequired":true,"valueName":"search_term_string"}}],"inLanguage":"ro-RO"}]}},"_links":{"self":[{"href":"http:\/\/www.ockendenmaternityreview.org.uk\/ro\/wp-json\/wp\/v2\/pages\/12596","targetHints":{"allow":["GET"]}}],"collection":[{"href":"http:\/\/www.ockendenmaternityreview.org.uk\/ro\/wp-json\/wp\/v2\/pages"}],"about":[{"href":"http:\/\/www.ockendenmaternityreview.org.uk\/ro\/wp-json\/wp\/v2\/types\/page"}],"author":[{"embeddable":true,"href":"http:\/\/www.ockendenmaternityreview.org.uk\/ro\/wp-json\/wp\/v2\/users\/1"}],"replies":[{"embeddable":true,"href":"http:\/\/www.ockendenmaternityreview.org.uk\/ro\/wp-json\/wp\/v2\/comments?post=12596"}],"version-history":[{"count":0,"href":"http:\/\/www.ockendenmaternityreview.org.uk\/ro\/wp-json\/wp\/v2\/pages\/12596\/revisions"}],"wp:attachment":[{"href":"http:\/\/www.ockendenmaternityreview.org.uk\/ro\/wp-json\/wp\/v2\/media?parent=12596"}],"curies":[{"name":"wp","href":"https:\/\/api.w.org\/{rel}","templated":true}]}}