{"id":10916,"date":"2026-01-08T15:51:14","date_gmt":"2026-01-08T15:51:14","guid":{"rendered":"https:\/\/ockendenmatdev.wpenginepowered.com\/rapora-yekem-a-nirxandina-serbixwe\/"},"modified":"2026-03-24T14:07:33","modified_gmt":"2026-03-24T14:07:33","slug":"rapora-yekem-a-nirxandina-serbixwe","status":"publish","type":"page","link":"https:\/\/www.ockendenmaternityreview.org.uk\/ku\/rapora-yekem-a-nirxandina-serbixwe\/","title":{"rendered":"Rapora Yekem a Nirxandina Serbixwe"},"content":{"rendered":"\n<h1 class=\"wp-block-heading\">Rapora yekem a Nirxandina Serbixwe ya li ser xizmet\u00ean dayikb\u00fbn\u00ea li Nexwe\u015fxaneya Shrewsbury \u00fb Telford NHS Trust<\/h1>\n\n<div class=\"wp-block-columns is-layout-flex wp-container-core-columns-is-layout-9d6595d7 wp-block-columns-is-layout-flex\">\n<div class=\"wp-block-column is-layout-flow wp-block-column-is-layout-flow\" style=\"flex-basis:50%\">\n<p>\u0695\u06c6\u0698\u06cc \u067e\u06ce\u0646\u062c\u0634\u06d5\u0645\u0645\u06d5 \u06f1\u06f0\u06cc \u06a9\u0627\u0646\u0648\u0648\u0646\u06cc \u06cc\u06d5\u06a9\u06d5\u0645\u06cc \u06f2\u06f0\u06f2\u06f0\u060c \u06cc\u06d5\u06a9\u06d5\u0645 \u0695\u0627\u067e\u06c6\u0631\u062a\u06cc \u067e\u06ce\u062f\u0627\u0686\u0648\u0648\u0646\u06d5\u0648\u06d5\u06cc \u0633\u06d5\u0631\u0628\u06d5\u062e\u06c6 \u0628\u06c6 \u062e\u0632\u0645\u06d5\u062a\u06af\u0648\u0632\u0627\u0631\u06cc\u06cc\u06d5\u06a9\u0627\u0646\u06cc \u062f\u0627\u06cc\u06a9\u0627\u06cc\u06d5\u062a\u06cc \u0644\u06d5 \u0646\u06d5\u062e\u06c6\u0634\u062e\u0627\u0646\u06d5\u06cc \u0634\u0631\u06cc\u0632\u0628\u06ce\u0631\u06cc \u0648 \u062a\u06ce\u0644\u0641\u06c6\u0631\u062f NHS Trust \u062f\u06d5\u0633\u062a \u067e\u06ce\u06a9\u0631\u062f. \u0695\u0627\u067e\u06c6\u0631\u062a\u06d5\u06a9\u06d5 \u0628\u0627\u0633 \u0644\u06d5 \u06a9\u0631\u062f\u0627\u0631\u06d5 \u0646\u0627\u0648\u062e\u06c6\u06cc\u06cc\u06d5\u06a9\u0627\u0646 \u062f\u06d5\u06a9\u0627\u062a \u0628\u06c6 \u0641\u06ce\u0631\u0628\u0648\u0648\u0646 \u0628\u06c6 \u0645\u062a\u0645\u0627\u0646\u06d5 \u0648 \u06a9\u0631\u062f\u0627\u0631\u06d5 \u062f\u06d5\u0633\u062a\u0628\u06d5\u062c\u06ce \u0648 \u0633\u06d5\u0631\u06d5\u06a9\u06cc\u06cc\u06d5\u06a9\u0627\u0646 \u0628\u06c6 \u0645\u062a\u0645\u0627\u0646\u06d5 \u0648 \u0633\u06cc\u0633\u062a\u06d5\u0645\u06ce\u06a9\u06cc \u0641\u0631\u0627\u0648\u0627\u0646\u062a\u0631 \u06a9\u06d5 \u067e\u06ce\u0648\u06cc\u0633\u062a\u06d5 \u0626\u06ce\u0633\u062a\u0627 \u062c\u06ce\u0628\u06d5\u062c\u06ce \u0628\u06a9\u0631\u06ce\u062a \u0628\u06c6 \u0628\u0627\u0634\u062a\u0631\u06a9\u0631\u062f\u0646\u06cc \u0633\u06d5\u0644\u0627\u0645\u06d5\u062a\u06cc \u062e\u0632\u0645\u06d5\u062a\u06af\u0648\u0632\u0627\u0631\u06cc\u06cc\u06d5\u06a9\u0627\u0646\u06cc \u062f\u0627\u06cc\u06a9\u0627\u06cc\u06d5\u062a\u06cc \u0628\u06c6 \u0645\u062a\u0645\u0627\u0646\u06d5 \u0648 \u0644\u06d5 \u0633\u06d5\u0631\u0627\u0646\u0633\u06d5\u0631\u06cc \u0626\u06cc\u0646\u06af\u0644\u062a\u06d5\u0631\u0627. <\/p>\n\n\n\n<p>\u062f\u0648\u0627\u06cc \u062f\u06d5\u0633\u062a\u067e\u06ce\u06a9\u0631\u062f\u0646\u06cc \u067e\u06ce\u062f\u0627\u0686\u0648\u0648\u0646\u06d5\u0648\u06d5\u06a9\u06d5 \u0644\u06d5 \u0633\u0627\u06b5\u06cc \u06f2\u06f0\u06f1\u06f7\u060c \u0698\u0645\u0627\u0631\u06d5\u06cc \u062d\u0627\u06b5\u06d5\u062a\u06d5 \u062e\u06ce\u0632\u0627\u0646\u06cc\u06cc\u06d5\u06a9\u0627\u0646 \u06a9\u06d5 \u067e\u06ce\u0648\u06cc\u0633\u062a\u06d5 \u0695\u06d5\u0686\u0627\u0648 \u0628\u06a9\u0631\u06ce\u0646 \u0644\u06d5 \u06f2\u06f3 \u062d\u0627\u06b5\u06d5\u062a\u06d5\u0648\u06d5 \u0628\u06c6 \u06f1\u06f8\u06f6\u06f2 \u062d\u0627\u06b5\u06d5\u062a \u0632\u06cc\u0627\u062f\u06cc \u06a9\u0631\u062f\u0648\u0648\u06d5\u060c \u0644\u06d5\u06af\u06d5\u06b5 \u0632\u06c6\u0631\u0628\u06d5\u06cc \u0695\u0648\u0648\u062f\u0627\u0648\u06d5\u06a9\u0627\u0646 \u0644\u06d5 \u0646\u06ce\u0648\u0627\u0646 \u0633\u0627\u06b5\u0627\u0646\u06cc \u06f2\u06f0\u06f0\u06f0 \u0628\u06c6 \u06f2\u06f0\u06f1\u06f9.  <\/p>\n<\/div>\n\n\n\n<div class=\"wp-block-column is-layout-flow wp-block-column-is-layout-flow\" style=\"flex-basis:50%\">\n<figure class=\"wp-block-embed is-type-video is-provider-youtube wp-block-embed-youtube wp-embed-aspect-16-9 wp-has-aspect-ratio\"><div class=\"wp-block-embed__wrapper\">\n<iframe loading=\"lazy\" title=\"Ockenden Maternity Review - First report of the independent review\" width=\"500\" height=\"281\" src=\"https:\/\/www.youtube.com\/embed\/3CcMg9rmz18?feature=oembed\" frameborder=\"0\" allow=\"accelerometer; autoplay; clipboard-write; encrypted-media; gyroscope; picture-in-picture; web-share\" referrerpolicy=\"strict-origin-when-cross-origin\" allowfullscreen><\/iframe>\n<\/div><\/figure>\n<\/div>\n<\/div>\n\n<p>\u0628\u06d5\u0647\u06c6\u06cc \u0628\u06d5\u0631\u0632\u0628\u0648\u0648\u0646\u06d5\u0648\u06d5\u06cc \u0698\u0645\u0627\u0631\u06d5\u06cc \u062d\u0627\u06b5\u06d5\u062a\u06d5\u06a9\u0627\u0646\u06cc \u062e\u06ce\u0632\u0627\u0646 \u0628\u06c6 \u067e\u06ce\u062f\u0627\u0686\u0648\u0648\u0646\u06d5\u0648\u06d5\u060c \u062a\u06cc\u0645\u06d5\u06a9\u06d5 \u0695\u0627\u0632\u06cc \u0628\u0648\u0648\u0646 \u0628\u06d5 \u0628\u06b5\u0627\u0648\u06a9\u0631\u062f\u0646\u06d5\u0648\u06d5\u06cc \u0626\u06d5\u0645 \u0695\u0627\u067e\u06c6\u0631\u062a\u06d5\u06cc \u06cc\u06d5\u06a9\u06d5\u0645 \u06a9\u06d5 \u0695\u0627\u0633\u067e\u0627\u0631\u062f\u06d5\u06cc \u0695\u0648\u0648\u0646 \u062f\u06d5\u062f\u0627\u062a \u0644\u06d5 \u0634\u06ce\u0648\u06d5\u06cc \u06a9\u0631\u062f\u0627\u0631\u06d5 \u0646\u0627\u0648\u062e\u06c6\u06cc\u06cc\u06d5\u06a9\u0627\u0646 \u0628\u06c6 \u0641\u06ce\u0631\u0628\u0648\u0648\u0646 \u0648 \u06a9\u0631\u062f\u0627\u0631\u06d5 \u062f\u06d5\u0633\u062a\u0628\u06d5\u062c\u06ce \u0648 \u0633\u06d5\u0631\u06d5\u06a9\u06cc\u06cc\u06d5\u06a9\u0627\u0646 \u0628\u06c6 \u0645\u062a\u0645\u0627\u0646\u06d5 \u0648 \u062e\u0632\u0645\u06d5\u062a\u06af\u0648\u0632\u0627\u0631\u06cc\u06cc\u06d5\u06a9\u0627\u0646\u06cc \u062f\u0627\u06cc\u06a9\u0627\u06cc\u06d5\u062a\u06cc \u0644\u06d5 \u0633\u06d5\u0631\u0627\u0646\u0633\u06d5\u0631\u06cc \u0626\u06cc\u0646\u06af\u0644\u062a\u06d5\u0631\u0627 \u0628\u06c6 \u0628\u0627\u0634\u062a\u0631\u06a9\u0631\u062f\u0646\u06cc \u0633\u06d5\u0644\u0627\u0645\u06d5\u062a\u06cc \u062f\u0627\u06cc\u06a9\u0628\u0648\u0648\u0646.<\/p>\n\n<p>\u0626\u06d5\u0645 \u0695\u0627\u067e\u06c6\u0631\u062a\u06d5 \u062f\u0648\u0627\u06cc \u067e\u06ce\u062f\u0627\u0686\u0648\u0648\u0646\u06d5\u0648\u06d5\u06cc \u06a9\u0644\u06cc\u0646\u06cc\u06a9\u06cc 250 \u062d\u0627\u06b5\u06d5\u062a\u06cc \u062e\u06ce\u0632\u0627\u0646\u06cc \u0644\u06d5 \u0646\u06ce\u0648\u0627\u0646 \u0633\u0627\u06b5\u0627\u0646\u06cc 2000 \u0628\u06c6 2018 \u0628\u06b5\u0627\u0648\u06a9\u0631\u0627\u0648\u06d5\u062a\u06d5\u0648\u06d5\u060c \u06a9\u06d5 \u0626\u06d5\u0648 23 \u062e\u06ce\u0632\u0627\u0646\u06d5 \u062f\u06d5\u06af\u0631\u06ce\u062a\u06d5\u0648\u06d5 \u06a9\u06d5 \u0626\u06d5\u0645 \u067e\u06ce\u062f\u0627\u0686\u0648\u0648\u0646\u06d5\u0648\u06d5 \u0648 \u06af\u0641\u062a\u0648\u06af\u06c6 \u0648 \u067e\u06d5\u06cc\u0648\u06d5\u0646\u062f\u06cc\u06cc\u06d5 \u0633\u06d5\u0631\u0628\u06d5\u062e\u06c6\u06cc\u0627\u0646 \u0644\u06d5\u06af\u06d5\u06b5 800 \u062e\u06ce\u0632\u0627\u0646\u06cc \u062f\u06cc\u06a9\u06d5 \u062f\u06d5\u0633\u062a\u067e\u06ce\u06a9\u0631\u062f\u0648\u0648\u06d5. \u06f2\u06f7 \u0686\u0627\u0644\u0627\u06a9\u06cc\u06cc\u06d5 \u0646\u0627\u0648\u062e\u06c6\u06cc\u06cc\u06d5\u06a9\u0627\u0646 \u0628\u06c6 \u0641\u06ce\u0631\u0628\u0648\u0648\u0646 \u0644\u06d5 \u0686\u0648\u0627\u0631 \u062c\u06c6\u0631\u062f\u0627 \u062f\u0631\u0648\u0633\u062a\u06a9\u0631\u0627\u0648\u0646: \u0686\u0627\u0648\u062f\u06ce\u0631\u06cc \u06af\u0634\u062a\u06cc \u062f\u0627\u06cc\u06a9\u0628\u0648\u0648\u0646\u060c \u0645\u0631\u062f\u0646\u06cc \u062f\u0627\u06cc\u06a9\u0627\u0646\u060c \u0628\u06ce\u0647\u06c6\u0634\u06cc \u0645\u0646\u062f\u0627\u06b5\u067e\u0627\u0631\u06ce\u0632\u06cc \u0648 \u0686\u0627\u0648\u062f\u06ce\u0631\u06cc \u0645\u0646\u062f\u0627\u06b5\u06cc \u062a\u0627\u0632\u06d5 \u0644\u06d5\u062f\u0627\u06cc\u06a9\u0628\u0648\u0648. <\/p>\n\n<p><a href=\"http:\/\/www.ockendenmaternityreview.org.uk\/wp-content\/uploads\/2020\/12\/ockenden-report.pdf\">\u0695\u0627\u067e\u06c6\u0631\u062a\u06d5\u06a9\u06d5 \u0644\u06ce\u0631\u06d5 \u0628\u062e\u0648\u06ce\u0646\u06d5\u0648\u06d5<\/a><\/p>\n","protected":false},"excerpt":{"rendered":"<p>Rapora yekem a Nirxandina Serbixwe ya li ser xizmet\u00ean dayikb\u00fbn\u00ea li Nexwe\u015fxaneya Shrewsbury \u00fb Telford NHS Trust \u0695\u06c6\u0698\u06cc \u067e\u06ce\u0646\u062c\u0634\u06d5\u0645\u0645\u06d5 \u06f1\u06f0\u06cc \u06a9\u0627\u0646\u0648\u0648\u0646\u06cc \u06cc\u06d5\u06a9\u06d5\u0645\u06cc \u06f2\u06f0\u06f2\u06f0\u060c \u06cc\u06d5\u06a9\u06d5\u0645 \u0695\u0627\u067e\u06c6\u0631\u062a\u06cc \u067e\u06ce\u062f\u0627\u0686\u0648\u0648\u0646\u06d5\u0648\u06d5\u06cc \u0633\u06d5\u0631\u0628\u06d5\u062e\u06c6 \u0628\u06c6 \u062e\u0632\u0645\u06d5\u062a\u06af\u0648\u0632\u0627\u0631\u06cc\u06cc\u06d5\u06a9\u0627\u0646\u06cc \u062f\u0627\u06cc\u06a9\u0627\u06cc\u06d5\u062a\u06cc \u0644\u06d5 \u0646\u06d5\u062e\u06c6\u0634\u062e\u0627\u0646\u06d5\u06cc \u0634\u0631\u06cc\u0632\u0628\u06ce\u0631\u06cc \u0648 \u062a\u06ce\u0644\u0641\u06c6\u0631\u062f NHS Trust \u062f\u06d5\u0633\u062a \u067e\u06ce\u06a9\u0631\u062f. \u0695\u0627\u067e\u06c6\u0631\u062a\u06d5\u06a9\u06d5 \u0628\u0627\u0633 \u0644\u06d5 \u06a9\u0631\u062f\u0627\u0631\u06d5 \u0646\u0627\u0648\u062e\u06c6\u06cc\u06cc\u06d5\u06a9\u0627\u0646 \u062f\u06d5\u06a9\u0627\u062a \u0628\u06c6 \u0641\u06ce\u0631\u0628\u0648\u0648\u0646 \u0628\u06c6 \u0645\u062a\u0645\u0627\u0646\u06d5 \u0648 \u06a9\u0631\u062f\u0627\u0631\u06d5 \u062f\u06d5\u0633\u062a\u0628\u06d5\u062c\u06ce \u0648 \u0633\u06d5\u0631\u06d5\u06a9\u06cc\u06cc\u06d5\u06a9\u0627\u0646 \u0628\u06c6 &hellip; <a href=\"https:\/\/www.ockendenmaternityreview.org.uk\/ku\/rapora-yekem-a-nirxandina-serbixwe\/\">Continued<\/a><\/p>\n","protected":false},"author":1,"featured_media":0,"parent":0,"menu_order":0,"comment_status":"closed","ping_status":"closed","template":"page-narrow.blade.php","meta":{"_acf_changed":false,"footnotes":""},"class_list":["post-10916","page","type-page","status-publish","hentry"],"acf":[],"yoast_head":"<!-- This site is optimized with the Yoast SEO plugin v27.2 - https:\/\/yoast.com\/product\/yoast-seo-wordpress\/ -->\n<title>Rapora Yekem a Nirxandina Serbixwe - Ockenden Review<\/title>\n<meta name=\"robots\" content=\"index, follow, max-snippet:-1, max-image-preview:large, max-video-preview:-1\" \/>\n<link rel=\"canonical\" href=\"https:\/\/www.ockendenmaternityreview.org.uk\/sath-first-report-of-the-independent-review\/\" \/>\n<meta property=\"og:locale\" content=\"en_US\" \/>\n<meta property=\"og:type\" content=\"article\" \/>\n<meta property=\"og:title\" content=\"Rapora Yekem a Nirxandina Serbixwe - Ockenden Review\" \/>\n<meta property=\"og:description\" content=\"Rapora yekem a Nirxandina Serbixwe ya li ser xizmet\u00ean dayikb\u00fbn\u00ea li Nexwe\u015fxaneya Shrewsbury \u00fb Telford NHS Trust \u0695\u06c6\u0698\u06cc \u067e\u06ce\u0646\u062c\u0634\u06d5\u0645\u0645\u06d5 \u06f1\u06f0\u06cc \u06a9\u0627\u0646\u0648\u0648\u0646\u06cc \u06cc\u06d5\u06a9\u06d5\u0645\u06cc \u06f2\u06f0\u06f2\u06f0\u060c \u06cc\u06d5\u06a9\u06d5\u0645 \u0695\u0627\u067e\u06c6\u0631\u062a\u06cc \u067e\u06ce\u062f\u0627\u0686\u0648\u0648\u0646\u06d5\u0648\u06d5\u06cc \u0633\u06d5\u0631\u0628\u06d5\u062e\u06c6 \u0628\u06c6 \u062e\u0632\u0645\u06d5\u062a\u06af\u0648\u0632\u0627\u0631\u06cc\u06cc\u06d5\u06a9\u0627\u0646\u06cc \u062f\u0627\u06cc\u06a9\u0627\u06cc\u06d5\u062a\u06cc \u0644\u06d5 \u0646\u06d5\u062e\u06c6\u0634\u062e\u0627\u0646\u06d5\u06cc \u0634\u0631\u06cc\u0632\u0628\u06ce\u0631\u06cc \u0648 \u062a\u06ce\u0644\u0641\u06c6\u0631\u062f NHS Trust \u062f\u06d5\u0633\u062a \u067e\u06ce\u06a9\u0631\u062f. \u0695\u0627\u067e\u06c6\u0631\u062a\u06d5\u06a9\u06d5 \u0628\u0627\u0633 \u0644\u06d5 \u06a9\u0631\u062f\u0627\u0631\u06d5 \u0646\u0627\u0648\u062e\u06c6\u06cc\u06cc\u06d5\u06a9\u0627\u0646 \u062f\u06d5\u06a9\u0627\u062a \u0628\u06c6 \u0641\u06ce\u0631\u0628\u0648\u0648\u0646 \u0628\u06c6 \u0645\u062a\u0645\u0627\u0646\u06d5 \u0648 \u06a9\u0631\u062f\u0627\u0631\u06d5 \u062f\u06d5\u0633\u062a\u0628\u06d5\u062c\u06ce \u0648 \u0633\u06d5\u0631\u06d5\u06a9\u06cc\u06cc\u06d5\u06a9\u0627\u0646 \u0628\u06c6 &hellip; Continued\" \/>\n<meta property=\"og:url\" content=\"https:\/\/www.ockendenmaternityreview.org.uk\/sath-first-report-of-the-independent-review\/\" \/>\n<meta property=\"og:site_name\" content=\"Ockenden Review\" \/>\n<meta property=\"article:publisher\" content=\"https:\/\/www.facebook.com\/ockendenmaternityreview?mibextid=wwXIfr\" \/>\n<meta property=\"article:modified_time\" content=\"2026-03-24T14:07:33+00:00\" \/>\n<meta name=\"twitter:card\" content=\"summary_large_image\" \/>\n<meta name=\"twitter:site\" content=\"@ockreview\" \/>\n<script type=\"application\/ld+json\" class=\"yoast-schema-graph\">{\"@context\":\"https:\/\/schema.org\",\"@graph\":[{\"@type\":\"WebPage\",\"@id\":\"https:\/\/www.ockendenmaternityreview.org.uk\/sath-first-report-of-the-independent-review\/\",\"url\":\"https:\/\/www.ockendenmaternityreview.org.uk\/sath-first-report-of-the-independent-review\/\",\"name\":\"Rapora Yekem a Nirxandina Serbixwe - Ockenden Review\",\"isPartOf\":{\"@id\":\"https:\/\/www.ockendenmaternityreview.org.uk\/ku\/#website\"},\"datePublished\":\"2026-01-08T15:51:14+00:00\",\"dateModified\":\"2026-03-24T14:07:33+00:00\",\"breadcrumb\":{\"@id\":\"https:\/\/www.ockendenmaternityreview.org.uk\/sath-first-report-of-the-independent-review\/#breadcrumb\"},\"inLanguage\":\"ckb\",\"potentialAction\":[{\"@type\":\"ReadAction\",\"target\":[\"https:\/\/www.ockendenmaternityreview.org.uk\/sath-first-report-of-the-independent-review\/\"]}]},{\"@type\":\"BreadcrumbList\",\"@id\":\"https:\/\/www.ockendenmaternityreview.org.uk\/sath-first-report-of-the-independent-review\/#breadcrumb\",\"itemListElement\":[{\"@type\":\"ListItem\",\"position\":1,\"name\":\"Home\",\"item\":\"https:\/\/www.ockendenmaternityreview.org.uk\/ku\/\"},{\"@type\":\"ListItem\",\"position\":2,\"name\":\"Rapora Yekem a Nirxandina Serbixwe\"}]},{\"@type\":\"WebSite\",\"@id\":\"https:\/\/www.ockendenmaternityreview.org.uk\/ku\/#website\",\"url\":\"https:\/\/www.ockendenmaternityreview.org.uk\/ku\/\",\"name\":\"Ockenden Review\",\"description\":\"\",\"potentialAction\":[{\"@type\":\"SearchAction\",\"target\":{\"@type\":\"EntryPoint\",\"urlTemplate\":\"https:\/\/www.ockendenmaternityreview.org.uk\/ku\/?s={search_term_string}\"},\"query-input\":{\"@type\":\"PropertyValueSpecification\",\"valueRequired\":true,\"valueName\":\"search_term_string\"}}],\"inLanguage\":\"ckb\"}]}<\/script>\n<!-- \/ Yoast SEO plugin. -->","yoast_head_json":{"title":"Rapora Yekem a Nirxandina Serbixwe - Ockenden Review","robots":{"index":"index","follow":"follow","max-snippet":"max-snippet:-1","max-image-preview":"max-image-preview:large","max-video-preview":"max-video-preview:-1"},"canonical":"https:\/\/www.ockendenmaternityreview.org.uk\/sath-first-report-of-the-independent-review\/","og_locale":"en_US","og_type":"article","og_title":"Rapora Yekem a Nirxandina Serbixwe - Ockenden Review","og_description":"Rapora yekem a Nirxandina Serbixwe ya li ser xizmet\u00ean dayikb\u00fbn\u00ea li Nexwe\u015fxaneya Shrewsbury \u00fb Telford NHS Trust \u0695\u06c6\u0698\u06cc \u067e\u06ce\u0646\u062c\u0634\u06d5\u0645\u0645\u06d5 \u06f1\u06f0\u06cc \u06a9\u0627\u0646\u0648\u0648\u0646\u06cc \u06cc\u06d5\u06a9\u06d5\u0645\u06cc \u06f2\u06f0\u06f2\u06f0\u060c \u06cc\u06d5\u06a9\u06d5\u0645 \u0695\u0627\u067e\u06c6\u0631\u062a\u06cc \u067e\u06ce\u062f\u0627\u0686\u0648\u0648\u0646\u06d5\u0648\u06d5\u06cc \u0633\u06d5\u0631\u0628\u06d5\u062e\u06c6 \u0628\u06c6 \u062e\u0632\u0645\u06d5\u062a\u06af\u0648\u0632\u0627\u0631\u06cc\u06cc\u06d5\u06a9\u0627\u0646\u06cc \u062f\u0627\u06cc\u06a9\u0627\u06cc\u06d5\u062a\u06cc \u0644\u06d5 \u0646\u06d5\u062e\u06c6\u0634\u062e\u0627\u0646\u06d5\u06cc \u0634\u0631\u06cc\u0632\u0628\u06ce\u0631\u06cc \u0648 \u062a\u06ce\u0644\u0641\u06c6\u0631\u062f NHS Trust \u062f\u06d5\u0633\u062a \u067e\u06ce\u06a9\u0631\u062f. \u0695\u0627\u067e\u06c6\u0631\u062a\u06d5\u06a9\u06d5 \u0628\u0627\u0633 \u0644\u06d5 \u06a9\u0631\u062f\u0627\u0631\u06d5 \u0646\u0627\u0648\u062e\u06c6\u06cc\u06cc\u06d5\u06a9\u0627\u0646 \u062f\u06d5\u06a9\u0627\u062a \u0628\u06c6 \u0641\u06ce\u0631\u0628\u0648\u0648\u0646 \u0628\u06c6 \u0645\u062a\u0645\u0627\u0646\u06d5 \u0648 \u06a9\u0631\u062f\u0627\u0631\u06d5 \u062f\u06d5\u0633\u062a\u0628\u06d5\u062c\u06ce \u0648 \u0633\u06d5\u0631\u06d5\u06a9\u06cc\u06cc\u06d5\u06a9\u0627\u0646 \u0628\u06c6 &hellip; Continued","og_url":"https:\/\/www.ockendenmaternityreview.org.uk\/sath-first-report-of-the-independent-review\/","og_site_name":"Ockenden Review","article_publisher":"https:\/\/www.facebook.com\/ockendenmaternityreview?mibextid=wwXIfr","article_modified_time":"2026-03-24T14:07:33+00:00","twitter_card":"summary_large_image","twitter_site":"@ockreview","schema":{"@context":"https:\/\/schema.org","@graph":[{"@type":"WebPage","@id":"https:\/\/www.ockendenmaternityreview.org.uk\/sath-first-report-of-the-independent-review\/","url":"https:\/\/www.ockendenmaternityreview.org.uk\/sath-first-report-of-the-independent-review\/","name":"Rapora Yekem a Nirxandina Serbixwe - Ockenden Review","isPartOf":{"@id":"https:\/\/www.ockendenmaternityreview.org.uk\/ku\/#website"},"datePublished":"2026-01-08T15:51:14+00:00","dateModified":"2026-03-24T14:07:33+00:00","breadcrumb":{"@id":"https:\/\/www.ockendenmaternityreview.org.uk\/sath-first-report-of-the-independent-review\/#breadcrumb"},"inLanguage":"ckb","potentialAction":[{"@type":"ReadAction","target":["https:\/\/www.ockendenmaternityreview.org.uk\/sath-first-report-of-the-independent-review\/"]}]},{"@type":"BreadcrumbList","@id":"https:\/\/www.ockendenmaternityreview.org.uk\/sath-first-report-of-the-independent-review\/#breadcrumb","itemListElement":[{"@type":"ListItem","position":1,"name":"Home","item":"https:\/\/www.ockendenmaternityreview.org.uk\/ku\/"},{"@type":"ListItem","position":2,"name":"Rapora Yekem a Nirxandina Serbixwe"}]},{"@type":"WebSite","@id":"https:\/\/www.ockendenmaternityreview.org.uk\/ku\/#website","url":"https:\/\/www.ockendenmaternityreview.org.uk\/ku\/","name":"Ockenden Review","description":"","potentialAction":[{"@type":"SearchAction","target":{"@type":"EntryPoint","urlTemplate":"https:\/\/www.ockendenmaternityreview.org.uk\/ku\/?s={search_term_string}"},"query-input":{"@type":"PropertyValueSpecification","valueRequired":true,"valueName":"search_term_string"}}],"inLanguage":"ckb"}]}},"_links":{"self":[{"href":"https:\/\/www.ockendenmaternityreview.org.uk\/ku\/wp-json\/wp\/v2\/pages\/10916","targetHints":{"allow":["GET"]}}],"collection":[{"href":"https:\/\/www.ockendenmaternityreview.org.uk\/ku\/wp-json\/wp\/v2\/pages"}],"about":[{"href":"https:\/\/www.ockendenmaternityreview.org.uk\/ku\/wp-json\/wp\/v2\/types\/page"}],"author":[{"embeddable":true,"href":"https:\/\/www.ockendenmaternityreview.org.uk\/ku\/wp-json\/wp\/v2\/users\/1"}],"replies":[{"embeddable":true,"href":"https:\/\/www.ockendenmaternityreview.org.uk\/ku\/wp-json\/wp\/v2\/comments?post=10916"}],"version-history":[{"count":0,"href":"https:\/\/www.ockendenmaternityreview.org.uk\/ku\/wp-json\/wp\/v2\/pages\/10916\/revisions"}],"wp:attachment":[{"href":"https:\/\/www.ockendenmaternityreview.org.uk\/ku\/wp-json\/wp\/v2\/media?parent=10916"}],"curies":[{"name":"wp","href":"https:\/\/api.w.org\/{rel}","templated":true}]}}