{"id":11148,"date":"2026-03-13T13:53:26","date_gmt":"2026-03-13T13:53:26","guid":{"rendered":"https:\/\/ockendenmatdev.wpenginepowered.com\/%d8%b3%db%8c%d8%a7%d8%b3%db%95%d8%aa%db%8c-%d8%b3%da%a9%d8%a7%da%b5%d8%a7\/"},"modified":"2026-03-24T14:08:40","modified_gmt":"2026-03-24T14:08:40","slug":"%d8%b3%db%8c%d8%a7%d8%b3%db%95%d8%aa%db%8c-%d8%b3%da%a9%d8%a7%da%b5%d8%a7","status":"publish","type":"page","link":"https:\/\/www.ockendenmaternityreview.org.uk\/ku\/%d8%b3%db%8c%d8%a7%d8%b3%db%95%d8%aa%db%8c-%d8%b3%da%a9%d8%a7%da%b5%d8%a7\/","title":{"rendered":"\u0633\u06cc\u0627\u0633\u06d5\u062a\u06cc \u0633\u06a9\u0627\u06b5\u0627"},"content":{"rendered":"\n<h2 class=\"wp-block-heading\">\u067e\u06ce\u062f\u0627\u0686\u0648\u0648\u0646\u06d5\u0648\u06d5 \u0628\u06d5 \u0645\u0646\u062f\u0627\u06b5\u0628\u0648\u0648\u0646\u06cc \u0633\u06d5\u0631\u0628\u06d5\u062e\u06c6\u06cc \u0632\u0627\u0646\u06a9\u06c6\u06cc \u0646\u06c6\u062a\u06cc\u0646\u06af\u0647\u0627\u0645 (&#8220;NUH Maternity Review&#8221;)<\/h2>\n\n<h2 class=\"wp-block-heading\">\u0695\u06ce\u0648\u0634\u0648\u06ce\u0646\u06cc \u0695\u06d5\u0633\u0645\u06cc \u0633\u06a9\u0627\u06b5\u0627<\/h2>\n\n<p>\u0644\u06d5 \u0632\u06c6\u0631\u0628\u06d5\u06cc \u062d\u0627\u06b5\u06d5\u062a\u06d5\u06a9\u0627\u0646\u062f\u0627\u060c \u0626\u0627\u0645\u0627\u0646\u062c\u0645\u0627\u0646 \u0626\u06d5\u0648\u06d5\u06cc\u06d5 \u0648\u06d5\u06b5\u0627\u0645\u06cc \u0646\u06cc\u06af\u06d5\u0631\u0627\u0646\u06cc\u06cc\u06d5\u06a9\u0627\u0646 \u0628\u062f\u06d5\u06cc\u0646 \u0647\u06d5\u0631 \u06a9\u06d5 \u0628\u06d5 \u062a\u06cc\u0645\u06d5\u06a9\u06d5 \u062f\u06d5\u06af\u06d5\u06cc\u06d5\u0646\u0631\u06ce\u0646.<\/p>\n\n<p>L\u00eabel\u00ea, di hin rew\u015fan de dibe ku em nekarin v\u00ea yek\u00ea bikin, ji ber ku ti\u015ftek ku wek\u00ee mijarek an fikarek h\u00easan an rasterast xuya dike ji ya ku di destp\u00eak\u00ea de xuya dike tevlihevtir e, an j\u00ee ji ber ku, bi awayek\u00ee neferm\u00ee, fikar an giliya we bi awayek\u00ee raz\u00ee ji we re nehatiye \u00e7areser kirin. Di van rew\u015fan de, dibe ku h\u00fbn bixwazin giliyek ferm\u00ee bikin.   <\/p>\n\n<h2 class=\"wp-block-heading\">\u0695\u06ce\u0648\u0634\u0648\u06ce\u0646\u06cc \u0633\u06a9\u0627\u06b5\u0627\u06cc \u0641\u06d5\u0631\u0645\u06cc<\/h2>\n\n<p>Her giliyek ferm\u00ee ya di derbar\u00ea Nirxandina Dayiktiy\u00ea ya NUH de d\u00ea di gava yekem de ji h\u00eala Donna Ockenden, wek\u00ee Seroka Nirxandina Dayiktiy\u00ea ya NUH, \u00fb t\u00eem\u00ea w\u00ea ve were nirxandin. Di rew\u015fa ku giliyek ferm\u00ee were wergirtin, ew \u00ea bi of\u00eesa Serhem\u015f\u00eerey\u00ea Gi\u015ft\u00ee y\u00ea \u00cengil\u00eestan\u00ea, Duncan Burton wek\u00ee Berpirsiyar\u00ea Bilind \u00ea NHS England \u00ea Nirxandina Dayiktiy\u00ea ya NUH (&#8216; <strong>Of\u00eesa SRO&#8217;)<\/strong> re were parvekirin. Ger T\u00eema Nirxandina Dayiktiy\u00ea ya NUH nikaribe rew\u015f\u00ea li gor\u00ee dil\u00ea we \u00e7areser bike, mesele d\u00ea ji bo gav\u00ean din ji Of\u00eesa SRO re were \u015fandin.    <\/p>\n\n<h3 class=\"wp-block-heading\">\u0686\u06c6\u0646 \u0633\u06a9\u0627\u06b5\u0627 \u062a\u06c6\u0645\u0627\u0631 \u0628\u06a9\u06d5\u06cc\u0646<\/h3>\n\n<p>P\u00eadiv\u00ee ye ku gil\u00eenameyek ferm\u00ee bi niv\u00eesk\u00ee were kirin da ku ji h\u00eala t\u00eema Nirxandina Dayiktiy\u00ea ya NUH ve bi tevah\u00ee were nirxandin, ber\u00ee ku bersivek ferm\u00ee were day\u00een. Div\u00ea gil\u00eenameya ferm\u00ee bi e-namey\u00ea ji navn\u00ee\u015fana <a href=\"mailto:maternityadmin@donnaockenden.com\">maternityadmin@donnaockenden.com<\/a> re were \u015fandin, \u00fb kopiyek ji Donna Ockenden <a href=\"mailto:donna@donnaockenden.com\">donna@donnaockenden.com<\/a> re were \u015fandin.   <\/p>\n\n<p>\u0626\u06cc\u0645\u06d5\u06cc\u06b5\u06d5\u06a9\u06d5\u062a \u062f\u06d5\u0628\u06ce\u062a \u0626\u06d5\u0645\u0627\u0646\u06d5 \u0644\u06d5\u062e\u06c6 \u0628\u06af\u0631\u06ce\u062a:<\/p>\n\n<ul class=\"wp-block-list\">\n<li>\u0648\u06d5\u0633\u0641\u06ce\u06a9\u06cc \u0695\u0648\u0648\u0646\u06cc \u0633\u06a9\u0627\u06b5\u0627\u06a9\u06d5\u061b<\/li>\n\n\n\n<li>\u0648\u0631\u062f\u06d5\u06a9\u0627\u0631\u06cc \u062a\u06d5\u0648\u0627\u0648\u06cc \u0644\u0627\u06cc\u06d5\u0646\u06d5\u06a9\u0627\u0646\u06cc \u067e\u06ce\u062f\u0627\u0686\u0648\u0648\u0646\u06d5\u0648\u06d5 \u0628\u06d5 \u062f\u0627\u06cc\u06a9\u0627\u06cc\u06d5\u062a\u06cc NUH \u06a9\u06d5 \u062a\u06c6 \u0644\u06ce\u06cc \u0695\u0627\u0632\u06cc \u0646\u06cc\u062a\u061b<\/li>\n\n\n\n<li>\u0686\u06c6\u0646 \u067e\u06ce\u062a \u0648\u0627\u06cc\u06d5 \u06a9\u06d5 \u062f\u06d5\u062a\u0648\u0627\u0646\u0631\u06ce\u062a \u06a9\u06ce\u0634\u06d5\u06a9\u06d5 \u0695\u0627\u0633\u062a \u0628\u06a9\u0631\u06ce\u062a\u06d5\u0648\u06d5\u061b  <\/li>\n\n\n\n<li>\u0646\u0627\u0648\u0646\u06cc\u0634\u0627\u0646\u06cc \u067e\u06c6\u0633\u062a\u06d5\u06cc \u062a\u06d5\u0648\u0627\u0648\u060c \u0698\u0645\u0627\u0631\u06d5\u06cc \u062a\u06d5\u0644\u06d5\u0641\u06c6\u0646 \u0648 \u0646\u0627\u0648\u0646\u06cc\u0634\u0627\u0646\u06cc \u0626\u06cc\u0645\u06d5\u06cc\u06b5\u06d5\u06a9\u06d5\u062a (\u0644\u06d5 \u0647\u06d5\u0631 \u0634\u0648\u06ce\u0646\u06ce\u06a9 \u0628\u06af\u0648\u0646\u062c\u06ce\u062a)\u061b \u0648<\/li>\n\n\n\n<li>&#8220;\u0633\u06a9\u0627\u06b5\u0627\u06cc \u0641\u06d5\u0631\u0645\u06cc&#8221; \u0644\u06d5 \u0647\u06ce\u06b5\u06cc \u0628\u0627\u0628\u06d5\u062a\u06cc \u0626\u06cc\u0645\u06d5\u06cc\u06b5\u06d5\u06a9\u06d5\u062f\u0627.  <\/li>\n<\/ul>\n\n<p>Em \u00ea hewl bidin ku giliya we di nav du roj\u00ean xebat\u00ea y\u00ean wergirtin\u00ea de qeb\u00fbl bikin \u00fb em \u00ea hewl bidin ku di nav 10 roj\u00ean xebat\u00ea y\u00ean pejirandin\u00ea de bersiva we bidin. Ger ev dem ne mimkun be (m\u00eenak, heke gil\u00ee nirxandin \u00fb nirxandinek berfirehtir hewce bike) em \u00ea ji we re agahdar bikin ka \u00e7i bi giliya we re t\u00ea kirin \u00fb demek n\u00fbvekir\u00ee bidin we.   <\/p>\n\n<h3 class=\"wp-block-heading\">\u0648\u06d5\u06b5\u0627\u0645<\/h3>\n\n<p>\u0644\u06d5 \u0628\u0627\u0631\u0648\u062f\u06c6\u062e\u06ce\u06a9\u062f\u0627 \u06a9\u06d5 \u0626\u06ce\u0645\u06d5 \u067e\u06ce\u0645\u0627\u0646 \u0648\u0627\u06cc\u06d5 \u0634\u062a\u06d5\u06a9\u0627\u0646 \u062f\u06d5\u062a\u0648\u0627\u0646\u0631\u0627 \u0628\u0627\u0634\u062a\u0631 \u0626\u06d5\u0646\u062c\u0627\u0645 \u0628\u062f\u0631\u06ce\u0646\u060c \u0626\u06ce\u0645\u06d5 \u062f\u0627\u0646 \u0628\u06d5\u0648\u06d5\u062f\u0627 \u062f\u06d5\u0646\u06ce\u06cc\u0646 \u0648 \u0644\u06d5 \u0648\u06d5\u06b5\u0627\u0645\u06cc \u062e\u06c6\u0645\u0627\u0646\u062f\u0627 \u0628\u06c6 \u0626\u06ce\u0648\u06d5 \u062f\u06cc\u0627\u0631\u06cc \u062f\u06d5\u06a9\u06d5\u06cc\u0646 \u06a9\u06d5 \u0686\u06c6\u0646 \u0634\u062a\u06d5\u06a9\u0627\u0646 \u0644\u06d5 \u062f\u0627\u0647\u0627\u062a\u0648\u0648\u062f\u0627 \u0628\u06d5 \u0634\u06ce\u0648\u06d5\u06cc\u06d5\u06a9\u06cc \u062c\u06cc\u0627\u0648\u0627\u0632 \u0626\u06d5\u0646\u062c\u0627\u0645 \u062f\u06d5\u062f\u0631\u06ce\u0646<\/p>\n\n<p>\u0647\u06d5\u0631\u0648\u06d5\u0647\u0627 \u0626\u0627\u06af\u0627\u062f\u0627\u0631\u062a \u062f\u06d5\u06a9\u06d5\u06cc\u0646\u06d5\u0648\u06d5 \u0626\u06d5\u06af\u06d5\u0631 \u067e\u0634\u062a\u06af\u06cc\u0631\u06cc \u0633\u06a9\u0627\u06b5\u0627\u06a9\u06d5\u062a \u0646\u06d5\u06a9\u06d5\u06cc\u0646 \u0648 \u0647\u06c6\u06a9\u0627\u0631\u06d5\u06a9\u0627\u0646\u06cc \u0626\u06d5\u0648\u06d5 \u062f\u06d5\u062e\u06d5\u06cc\u0646\u06d5\u0695\u0648\u0648.  <\/p>\n\n<p>\u0626\u06d5\u06af\u06d5\u0631 \u0644\u06d5\u0648 \u0648\u06d5\u06b5\u0627\u0645\u06d5 \u0695\u0627\u0632\u06cc \u0646\u06cc\u062a \u06a9\u06d5 \u0648\u06d5\u0631\u06cc\u062f\u06d5\u06af\u0631\u06cc\u062a\u060c \u062a\u06a9\u0627\u06cc\u06d5 \u0646\u06cc\u06af\u06d5\u0631\u0627\u0646\u06cc\u06cc\u06d5\u06a9\u0627\u0646\u06cc \u062e\u06c6\u062a \u0626\u0627\u0631\u0627\u0633\u062a\u06d5\u06cc \u0633\u06d5\u0631\u06c6\u06a9\u06cc \u067e\u06ce\u062f\u0627\u0686\u0648\u0648\u0646\u06d5\u0648\u06d5 \u0633\u06d5\u0631\u0628\u06d5\u062e\u06c6\u06a9\u06d5\u060c \u062f\u06c6\u0646\u0627 \u0626\u06c6\u06a9\u06ce\u0646\u062f\u0646 \u0628\u06a9\u06d5 (\u0628\u06d5 \u0628\u06d5\u06a9\u0627\u0631\u0647\u06ce\u0646\u0627\u0646\u06cc \u0647\u06d5\u0645\u0627\u0646 \u0646\u0627\u0648\u0646\u06cc\u0634\u0627\u0646\u06cc \u0626\u06cc\u0645\u06d5\u06cc\u06b5 \u06a9\u06d5 \u0644\u06d5\u0633\u06d5\u0631\u06d5\u0648\u06d5 \u0626\u0627\u0645\u0627\u0698\u06d5\u06cc \u067e\u06ce\u06a9\u0631\u0627\u0648\u06d5) \u0648 \u0626\u06ce\u0645\u06d5 \u067e\u06ce\u062a \u0695\u0627\u062f\u06d5\u06af\u06d5\u06cc\u06d5\u0646\u06cc\u0646 \u06a9\u06d5 \u0686 \u0695\u06ce\u0648\u0634\u0648\u06ce\u0646\u06ce\u06a9\u06cc \u062a\u0631 \u062f\u06d5\u062a\u0648\u0627\u0646\u06cc\u062a \u0626\u06d5\u0646\u062c\u0627\u0645\u06cc \u0628\u062f\u06d5\u06cc\u062a.<\/p>\n\n<p>Ji bo d\u00fbrketina ji gumanan, gil\u00eey\u00ean ku bi xwezay\u00ea destdir\u00eaj\u00ee ne, bi awayek\u00ee b\u00easedem berdewam dikin, an j\u00ee gil\u00eey\u00ean ku prosed\u00fbra gil\u00eey\u00ean ferm\u00ee y\u00ean jor\u00een jixwe qediyaye, dikarin werin redkirin. L\u00eabel\u00ea, h\u00fbn \u00ea ji v\u00ea rastiy\u00ea werin agahdarkirin. <\/p>\n\n<p>\u0648\u06d5\u0634\u0627\u0646\u06cc 2<br\/>\u062a\u06d5\u0645\u0648\u0648\u0632\u06cc 2024 <br\/>\u0628\u06c6 \u067e\u06ce\u062f\u0627\u0686\u0648\u0648\u0646\u06d5\u0648\u06d5\/\u0646\u0648\u06ce\u06a9\u0631\u062f\u0646\u06d5\u0648\u06d5\u06cc \u0634\u0648\u0628\u0627\u062a\u06cc 2025 \u0645\u06d5\u06af\u06d5\u0631 \u067e\u06ce\u0634 \u0626\u06d5\u0645\u06d5 \u0646\u0648\u06ce\u06a9\u0631\u062f\u0646\u06d5\u0648\u06d5\u06cc\u06d5\u06a9 \u067e\u06ce\u0648\u06cc\u0633\u062a \u0628\u06ce\u062a<br\/>\u0646\u0648\u0648\u0633\u06d5\u0631: \u062f\u06c6\u0646\u0627 \u0626\u06c6\u06a9\u06ce\u0646\u062f\u0646 \u0648 \u062a\u06cc\u0645\u06cc \u0695\u0627\u0648\u06ce\u0698\u06a9\u0627\u0631\u06cc \u06a9\u0644\u06cc\u0646\u06cc\u06a9\u06cc  <\/p>\n","protected":false},"excerpt":{"rendered":"<p>\u067e\u06ce\u062f\u0627\u0686\u0648\u0648\u0646\u06d5\u0648\u06d5 \u0628\u06d5 \u0645\u0646\u062f\u0627\u06b5\u0628\u0648\u0648\u0646\u06cc \u0633\u06d5\u0631\u0628\u06d5\u062e\u06c6\u06cc \u0632\u0627\u0646\u06a9\u06c6\u06cc \u0646\u06c6\u062a\u06cc\u0646\u06af\u0647\u0627\u0645 (&#8220;NUH Maternity Review&#8221;) \u0695\u06ce\u0648\u0634\u0648\u06ce\u0646\u06cc \u0695\u06d5\u0633\u0645\u06cc \u0633\u06a9\u0627\u06b5\u0627 \u0644\u06d5 \u0632\u06c6\u0631\u0628\u06d5\u06cc \u062d\u0627\u06b5\u06d5\u062a\u06d5\u06a9\u0627\u0646\u062f\u0627\u060c \u0626\u0627\u0645\u0627\u0646\u062c\u0645\u0627\u0646 \u0626\u06d5\u0648\u06d5\u06cc\u06d5 \u0648\u06d5\u06b5\u0627\u0645\u06cc \u0646\u06cc\u06af\u06d5\u0631\u0627\u0646\u06cc\u06cc\u06d5\u06a9\u0627\u0646 \u0628\u062f\u06d5\u06cc\u0646 \u0647\u06d5\u0631 \u06a9\u06d5 \u0628\u06d5 \u062a\u06cc\u0645\u06d5\u06a9\u06d5 \u062f\u06d5\u06af\u06d5\u06cc\u06d5\u0646\u0631\u06ce\u0646. L\u00eabel\u00ea, di hin rew\u015fan de dibe ku em nekarin v\u00ea yek\u00ea bikin, ji ber ku ti\u015ftek ku wek\u00ee mijarek an fikarek h\u00easan an rasterast xuya dike ji ya ku di &hellip; <a href=\"https:\/\/www.ockendenmaternityreview.org.uk\/ku\/%d8%b3%db%8c%d8%a7%d8%b3%db%95%d8%aa%db%8c-%d8%b3%da%a9%d8%a7%da%b5%d8%a7\/\">Continued<\/a><\/p>\n","protected":false},"author":1,"featured_media":0,"parent":0,"menu_order":0,"comment_status":"closed","ping_status":"closed","template":"page-narrow.blade.php","meta":{"_acf_changed":false,"footnotes":""},"class_list":["post-11148","page","type-page","status-publish","hentry"],"acf":[],"yoast_head":"<!-- This site is optimized with the Yoast SEO plugin v27.2 - https:\/\/yoast.com\/product\/yoast-seo-wordpress\/ -->\n<title>\u0633\u06cc\u0627\u0633\u06d5\u062a\u06cc \u0633\u06a9\u0627\u06b5\u0627 - Ockenden Review<\/title>\n<meta name=\"robots\" content=\"index, follow, max-snippet:-1, max-image-preview:large, max-video-preview:-1\" \/>\n<link rel=\"canonical\" href=\"https:\/\/www.ockendenmaternityreview.org.uk\/ku\/\u0633\u06cc\u0627\u0633\u06d5\u062a\u06cc-\u0633\u06a9\u0627\u06b5\u0627\/\" \/>\n<meta property=\"og:locale\" content=\"en_US\" \/>\n<meta property=\"og:type\" content=\"article\" \/>\n<meta property=\"og:title\" content=\"\u0633\u06cc\u0627\u0633\u06d5\u062a\u06cc \u0633\u06a9\u0627\u06b5\u0627 - Ockenden Review\" \/>\n<meta property=\"og:description\" content=\"\u067e\u06ce\u062f\u0627\u0686\u0648\u0648\u0646\u06d5\u0648\u06d5 \u0628\u06d5 \u0645\u0646\u062f\u0627\u06b5\u0628\u0648\u0648\u0646\u06cc \u0633\u06d5\u0631\u0628\u06d5\u062e\u06c6\u06cc \u0632\u0627\u0646\u06a9\u06c6\u06cc \u0646\u06c6\u062a\u06cc\u0646\u06af\u0647\u0627\u0645 (&#8220;NUH Maternity Review&#8221;) \u0695\u06ce\u0648\u0634\u0648\u06ce\u0646\u06cc \u0695\u06d5\u0633\u0645\u06cc \u0633\u06a9\u0627\u06b5\u0627 \u0644\u06d5 \u0632\u06c6\u0631\u0628\u06d5\u06cc \u062d\u0627\u06b5\u06d5\u062a\u06d5\u06a9\u0627\u0646\u062f\u0627\u060c \u0626\u0627\u0645\u0627\u0646\u062c\u0645\u0627\u0646 \u0626\u06d5\u0648\u06d5\u06cc\u06d5 \u0648\u06d5\u06b5\u0627\u0645\u06cc \u0646\u06cc\u06af\u06d5\u0631\u0627\u0646\u06cc\u06cc\u06d5\u06a9\u0627\u0646 \u0628\u062f\u06d5\u06cc\u0646 \u0647\u06d5\u0631 \u06a9\u06d5 \u0628\u06d5 \u062a\u06cc\u0645\u06d5\u06a9\u06d5 \u062f\u06d5\u06af\u06d5\u06cc\u06d5\u0646\u0631\u06ce\u0646. L\u00eabel\u00ea, di hin rew\u015fan de dibe ku em nekarin v\u00ea yek\u00ea bikin, ji ber ku ti\u015ftek ku wek\u00ee mijarek an fikarek h\u00easan an rasterast xuya dike ji ya ku di &hellip; Continued\" \/>\n<meta property=\"og:url\" content=\"https:\/\/www.ockendenmaternityreview.org.uk\/ku\/\u0633\u06cc\u0627\u0633\u06d5\u062a\u06cc-\u0633\u06a9\u0627\u06b5\u0627\/\" \/>\n<meta property=\"og:site_name\" content=\"Ockenden Review\" \/>\n<meta property=\"article:publisher\" content=\"https:\/\/www.facebook.com\/ockendenmaternityreview?mibextid=wwXIfr\" \/>\n<meta property=\"article:modified_time\" content=\"2026-03-24T14:08:40+00:00\" \/>\n<meta name=\"twitter:card\" content=\"summary_large_image\" \/>\n<meta name=\"twitter:site\" content=\"@ockreview\" \/>\n<meta name=\"twitter:label1\" content=\"Est. reading time\" \/>\n\t<meta name=\"twitter:data1\" content=\"2 \u062e\u0648\u0644\u06d5\u06a9\" \/>\n<script type=\"application\/ld+json\" class=\"yoast-schema-graph\">{\"@context\":\"https:\/\/schema.org\",\"@graph\":[{\"@type\":\"WebPage\",\"@id\":\"https:\/\/www.ockendenmaternityreview.org.uk\/ku\/%d8%b3%db%8c%d8%a7%d8%b3%db%95%d8%aa%db%8c-%d8%b3%da%a9%d8%a7%da%b5%d8%a7\/\",\"url\":\"https:\/\/www.ockendenmaternityreview.org.uk\/ku\/%d8%b3%db%8c%d8%a7%d8%b3%db%95%d8%aa%db%8c-%d8%b3%da%a9%d8%a7%da%b5%d8%a7\/\",\"name\":\"\u0633\u06cc\u0627\u0633\u06d5\u062a\u06cc \u0633\u06a9\u0627\u06b5\u0627 - Ockenden Review\",\"isPartOf\":{\"@id\":\"https:\/\/www.ockendenmaternityreview.org.uk\/fa\/#website\"},\"datePublished\":\"2026-03-13T13:53:26+00:00\",\"dateModified\":\"2026-03-24T14:08:40+00:00\",\"breadcrumb\":{\"@id\":\"https:\/\/www.ockendenmaternityreview.org.uk\/ku\/%d8%b3%db%8c%d8%a7%d8%b3%db%95%d8%aa%db%8c-%d8%b3%da%a9%d8%a7%da%b5%d8%a7\/#breadcrumb\"},\"inLanguage\":\"ckb\",\"potentialAction\":[{\"@type\":\"ReadAction\",\"target\":[\"https:\/\/www.ockendenmaternityreview.org.uk\/ku\/%d8%b3%db%8c%d8%a7%d8%b3%db%95%d8%aa%db%8c-%d8%b3%da%a9%d8%a7%da%b5%d8%a7\/\"]}]},{\"@type\":\"BreadcrumbList\",\"@id\":\"https:\/\/www.ockendenmaternityreview.org.uk\/ku\/%d8%b3%db%8c%d8%a7%d8%b3%db%95%d8%aa%db%8c-%d8%b3%da%a9%d8%a7%da%b5%d8%a7\/#breadcrumb\",\"itemListElement\":[{\"@type\":\"ListItem\",\"position\":1,\"name\":\"Home\",\"item\":\"https:\/\/www.ockendenmaternityreview.org.uk\/ku\/\"},{\"@type\":\"ListItem\",\"position\":2,\"name\":\"\u0633\u06cc\u0627\u0633\u06d5\u062a\u06cc \u0633\u06a9\u0627\u06b5\u0627\"}]},{\"@type\":\"WebSite\",\"@id\":\"https:\/\/www.ockendenmaternityreview.org.uk\/fa\/#website\",\"url\":\"https:\/\/www.ockendenmaternityreview.org.uk\/fa\/\",\"name\":\"Ockenden Review\",\"description\":\"\",\"potentialAction\":[{\"@type\":\"SearchAction\",\"target\":{\"@type\":\"EntryPoint\",\"urlTemplate\":\"https:\/\/www.ockendenmaternityreview.org.uk\/fa\/?s={search_term_string}\"},\"query-input\":{\"@type\":\"PropertyValueSpecification\",\"valueRequired\":true,\"valueName\":\"search_term_string\"}}],\"inLanguage\":\"ckb\"}]}<\/script>\n<!-- \/ Yoast SEO plugin. -->","yoast_head_json":{"title":"\u0633\u06cc\u0627\u0633\u06d5\u062a\u06cc \u0633\u06a9\u0627\u06b5\u0627 - Ockenden Review","robots":{"index":"index","follow":"follow","max-snippet":"max-snippet:-1","max-image-preview":"max-image-preview:large","max-video-preview":"max-video-preview:-1"},"canonical":"https:\/\/www.ockendenmaternityreview.org.uk\/ku\/\u0633\u06cc\u0627\u0633\u06d5\u062a\u06cc-\u0633\u06a9\u0627\u06b5\u0627\/","og_locale":"en_US","og_type":"article","og_title":"\u0633\u06cc\u0627\u0633\u06d5\u062a\u06cc \u0633\u06a9\u0627\u06b5\u0627 - Ockenden Review","og_description":"\u067e\u06ce\u062f\u0627\u0686\u0648\u0648\u0646\u06d5\u0648\u06d5 \u0628\u06d5 \u0645\u0646\u062f\u0627\u06b5\u0628\u0648\u0648\u0646\u06cc \u0633\u06d5\u0631\u0628\u06d5\u062e\u06c6\u06cc \u0632\u0627\u0646\u06a9\u06c6\u06cc \u0646\u06c6\u062a\u06cc\u0646\u06af\u0647\u0627\u0645 (&#8220;NUH Maternity Review&#8221;) \u0695\u06ce\u0648\u0634\u0648\u06ce\u0646\u06cc \u0695\u06d5\u0633\u0645\u06cc \u0633\u06a9\u0627\u06b5\u0627 \u0644\u06d5 \u0632\u06c6\u0631\u0628\u06d5\u06cc \u062d\u0627\u06b5\u06d5\u062a\u06d5\u06a9\u0627\u0646\u062f\u0627\u060c \u0626\u0627\u0645\u0627\u0646\u062c\u0645\u0627\u0646 \u0626\u06d5\u0648\u06d5\u06cc\u06d5 \u0648\u06d5\u06b5\u0627\u0645\u06cc \u0646\u06cc\u06af\u06d5\u0631\u0627\u0646\u06cc\u06cc\u06d5\u06a9\u0627\u0646 \u0628\u062f\u06d5\u06cc\u0646 \u0647\u06d5\u0631 \u06a9\u06d5 \u0628\u06d5 \u062a\u06cc\u0645\u06d5\u06a9\u06d5 \u062f\u06d5\u06af\u06d5\u06cc\u06d5\u0646\u0631\u06ce\u0646. L\u00eabel\u00ea, di hin rew\u015fan de dibe ku em nekarin v\u00ea yek\u00ea bikin, ji ber ku ti\u015ftek ku wek\u00ee mijarek an fikarek h\u00easan an rasterast xuya dike ji ya ku di &hellip; Continued","og_url":"https:\/\/www.ockendenmaternityreview.org.uk\/ku\/\u0633\u06cc\u0627\u0633\u06d5\u062a\u06cc-\u0633\u06a9\u0627\u06b5\u0627\/","og_site_name":"Ockenden Review","article_publisher":"https:\/\/www.facebook.com\/ockendenmaternityreview?mibextid=wwXIfr","article_modified_time":"2026-03-24T14:08:40+00:00","twitter_card":"summary_large_image","twitter_site":"@ockreview","twitter_misc":{"Est. reading time":"2 \u062e\u0648\u0644\u06d5\u06a9"},"schema":{"@context":"https:\/\/schema.org","@graph":[{"@type":"WebPage","@id":"https:\/\/www.ockendenmaternityreview.org.uk\/ku\/%d8%b3%db%8c%d8%a7%d8%b3%db%95%d8%aa%db%8c-%d8%b3%da%a9%d8%a7%da%b5%d8%a7\/","url":"https:\/\/www.ockendenmaternityreview.org.uk\/ku\/%d8%b3%db%8c%d8%a7%d8%b3%db%95%d8%aa%db%8c-%d8%b3%da%a9%d8%a7%da%b5%d8%a7\/","name":"\u0633\u06cc\u0627\u0633\u06d5\u062a\u06cc \u0633\u06a9\u0627\u06b5\u0627 - Ockenden Review","isPartOf":{"@id":"https:\/\/www.ockendenmaternityreview.org.uk\/fa\/#website"},"datePublished":"2026-03-13T13:53:26+00:00","dateModified":"2026-03-24T14:08:40+00:00","breadcrumb":{"@id":"https:\/\/www.ockendenmaternityreview.org.uk\/ku\/%d8%b3%db%8c%d8%a7%d8%b3%db%95%d8%aa%db%8c-%d8%b3%da%a9%d8%a7%da%b5%d8%a7\/#breadcrumb"},"inLanguage":"ckb","potentialAction":[{"@type":"ReadAction","target":["https:\/\/www.ockendenmaternityreview.org.uk\/ku\/%d8%b3%db%8c%d8%a7%d8%b3%db%95%d8%aa%db%8c-%d8%b3%da%a9%d8%a7%da%b5%d8%a7\/"]}]},{"@type":"BreadcrumbList","@id":"https:\/\/www.ockendenmaternityreview.org.uk\/ku\/%d8%b3%db%8c%d8%a7%d8%b3%db%95%d8%aa%db%8c-%d8%b3%da%a9%d8%a7%da%b5%d8%a7\/#breadcrumb","itemListElement":[{"@type":"ListItem","position":1,"name":"Home","item":"https:\/\/www.ockendenmaternityreview.org.uk\/ku\/"},{"@type":"ListItem","position":2,"name":"\u0633\u06cc\u0627\u0633\u06d5\u062a\u06cc \u0633\u06a9\u0627\u06b5\u0627"}]},{"@type":"WebSite","@id":"https:\/\/www.ockendenmaternityreview.org.uk\/fa\/#website","url":"https:\/\/www.ockendenmaternityreview.org.uk\/fa\/","name":"Ockenden Review","description":"","potentialAction":[{"@type":"SearchAction","target":{"@type":"EntryPoint","urlTemplate":"https:\/\/www.ockendenmaternityreview.org.uk\/fa\/?s={search_term_string}"},"query-input":{"@type":"PropertyValueSpecification","valueRequired":true,"valueName":"search_term_string"}}],"inLanguage":"ckb"}]}},"_links":{"self":[{"href":"https:\/\/www.ockendenmaternityreview.org.uk\/ku\/wp-json\/wp\/v2\/pages\/11148","targetHints":{"allow":["GET"]}}],"collection":[{"href":"https:\/\/www.ockendenmaternityreview.org.uk\/ku\/wp-json\/wp\/v2\/pages"}],"about":[{"href":"https:\/\/www.ockendenmaternityreview.org.uk\/ku\/wp-json\/wp\/v2\/types\/page"}],"author":[{"embeddable":true,"href":"https:\/\/www.ockendenmaternityreview.org.uk\/ku\/wp-json\/wp\/v2\/users\/1"}],"replies":[{"embeddable":true,"href":"https:\/\/www.ockendenmaternityreview.org.uk\/ku\/wp-json\/wp\/v2\/comments?post=11148"}],"version-history":[{"count":0,"href":"https:\/\/www.ockendenmaternityreview.org.uk\/ku\/wp-json\/wp\/v2\/pages\/11148\/revisions"}],"wp:attachment":[{"href":"https:\/\/www.ockendenmaternityreview.org.uk\/ku\/wp-json\/wp\/v2\/media?parent=11148"}],"curies":[{"name":"wp","href":"https:\/\/api.w.org\/{rel}","templated":true}]}}