{"id":11188,"date":"2026-03-20T16:03:22","date_gmt":"2026-03-20T16:03:22","guid":{"rendered":"https:\/\/ockendenmatdev.wpenginepowered.com\/pistgiriya-deruni-ji-bo-malbatan\/"},"modified":"2026-03-24T14:09:00","modified_gmt":"2026-03-24T14:09:00","slug":"pistgiriya-deruni-ji-bo-malbatan","status":"publish","type":"page","link":"https:\/\/www.ockendenmaternityreview.org.uk\/ku\/pistgiriya-deruni-ji-bo-malbatan\/","title":{"rendered":"Pi\u015ftgiriya Der\u00fbn\u00ee ji bo Malbatan"},"content":{"rendered":"\n<p><br\/>Em di p\u00eavajoya xebat\u00ea de ne bi Da\u00eereya Tenduristiy\u00ea \u00fb L\u00eanih\u00ear\u00eena Civak\u00ee (DHSC) re ji bo dab\u00eenkirina pi\u015ftgiriya ps\u00eekoloj\u00eek a ewledar \u00fb li ser trawmay\u00ea agahdar ji bo malbat\u00ean ku di nav Nirxandina Serbixwe ya xizmet\u00ean dayiktiy\u00ea de li Leeds Teaching Hospitals NHS Trust de cih digirin.<\/p>\n","protected":false},"excerpt":{"rendered":"<p>Em di p\u00eavajoya xebat\u00ea de ne bi Da\u00eereya Tenduristiy\u00ea \u00fb L\u00eanih\u00ear\u00eena Civak\u00ee (DHSC) re ji bo dab\u00eenkirina pi\u015ftgiriya ps\u00eekoloj\u00eek a ewledar \u00fb li ser trawmay\u00ea agahdar ji bo malbat\u00ean ku di nav Nirxandina Serbixwe ya xizmet\u00ean dayiktiy\u00ea de li Leeds Teaching Hospitals NHS Trust de cih digirin.<\/p>\n","protected":false},"author":1,"featured_media":0,"parent":0,"menu_order":0,"comment_status":"closed","ping_status":"closed","template":"page-narrow.blade.php","meta":{"_acf_changed":false,"footnotes":""},"class_list":["post-11188","page","type-page","status-publish","hentry"],"acf":[],"yoast_head":"<!-- This site is optimized with the Yoast SEO plugin v27.2 - https:\/\/yoast.com\/product\/yoast-seo-wordpress\/ -->\n<title>Pi\u015ftgiriya Der\u00fbn\u00ee ji bo Malbatan - Ockenden Review<\/title>\n<meta name=\"robots\" content=\"index, follow, max-snippet:-1, max-image-preview:large, max-video-preview:-1\" \/>\n<link rel=\"canonical\" href=\"http:\/\/www.ockendenmaternityreview.org.uk\/ku\/pistgiriya-deruni-ji-bo-malbatan\/\" \/>\n<meta property=\"og:locale\" content=\"en_US\" \/>\n<meta property=\"og:type\" content=\"article\" \/>\n<meta property=\"og:title\" content=\"Pi\u015ftgiriya Der\u00fbn\u00ee ji bo Malbatan - Ockenden Review\" \/>\n<meta property=\"og:description\" content=\"Em di p\u00eavajoya xebat\u00ea de ne bi Da\u00eereya Tenduristiy\u00ea \u00fb L\u00eanih\u00ear\u00eena Civak\u00ee (DHSC) re ji bo dab\u00eenkirina pi\u015ftgiriya ps\u00eekoloj\u00eek a ewledar \u00fb li ser trawmay\u00ea agahdar ji bo malbat\u00ean ku di nav Nirxandina Serbixwe ya xizmet\u00ean dayiktiy\u00ea de li Leeds Teaching Hospitals NHS Trust de cih digirin.\" \/>\n<meta property=\"og:url\" content=\"http:\/\/www.ockendenmaternityreview.org.uk\/ku\/pistgiriya-deruni-ji-bo-malbatan\/\" \/>\n<meta property=\"og:site_name\" content=\"Ockenden Review\" \/>\n<meta property=\"article:publisher\" content=\"https:\/\/www.facebook.com\/ockendenmaternityreview?mibextid=wwXIfr\" \/>\n<meta property=\"article:modified_time\" content=\"2026-03-24T14:09:00+00:00\" \/>\n<meta name=\"twitter:card\" content=\"summary_large_image\" \/>\n<meta name=\"twitter:site\" content=\"@ockreview\" \/>\n<script type=\"application\/ld+json\" class=\"yoast-schema-graph\">{\"@context\":\"https:\/\/schema.org\",\"@graph\":[{\"@type\":\"WebPage\",\"@id\":\"http:\/\/www.ockendenmaternityreview.org.uk\/ku\/pistgiriya-deruni-ji-bo-malbatan\/\",\"url\":\"http:\/\/www.ockendenmaternityreview.org.uk\/ku\/pistgiriya-deruni-ji-bo-malbatan\/\",\"name\":\"Pi\u015ftgiriya Der\u00fbn\u00ee ji bo Malbatan - Ockenden Review\",\"isPartOf\":{\"@id\":\"https:\/\/www.ockendenmaternityreview.org.uk\/ro\/#website\"},\"datePublished\":\"2026-03-20T16:03:22+00:00\",\"dateModified\":\"2026-03-24T14:09:00+00:00\",\"breadcrumb\":{\"@id\":\"http:\/\/www.ockendenmaternityreview.org.uk\/ku\/pistgiriya-deruni-ji-bo-malbatan\/#breadcrumb\"},\"inLanguage\":\"ckb\",\"potentialAction\":[{\"@type\":\"ReadAction\",\"target\":[\"http:\/\/www.ockendenmaternityreview.org.uk\/ku\/pistgiriya-deruni-ji-bo-malbatan\/\"]}]},{\"@type\":\"BreadcrumbList\",\"@id\":\"http:\/\/www.ockendenmaternityreview.org.uk\/ku\/pistgiriya-deruni-ji-bo-malbatan\/#breadcrumb\",\"itemListElement\":[{\"@type\":\"ListItem\",\"position\":1,\"name\":\"Home\",\"item\":\"https:\/\/www.ockendenmaternityreview.org.uk\/ku\/\"},{\"@type\":\"ListItem\",\"position\":2,\"name\":\"Pi\u015ftgiriya Der\u00fbn\u00ee ji bo Malbatan\"}]},{\"@type\":\"WebSite\",\"@id\":\"https:\/\/www.ockendenmaternityreview.org.uk\/ro\/#website\",\"url\":\"https:\/\/www.ockendenmaternityreview.org.uk\/ro\/\",\"name\":\"Ockenden Review\",\"description\":\"\",\"potentialAction\":[{\"@type\":\"SearchAction\",\"target\":{\"@type\":\"EntryPoint\",\"urlTemplate\":\"https:\/\/www.ockendenmaternityreview.org.uk\/ro\/?s={search_term_string}\"},\"query-input\":{\"@type\":\"PropertyValueSpecification\",\"valueRequired\":true,\"valueName\":\"search_term_string\"}}],\"inLanguage\":\"ckb\"}]}<\/script>\n<!-- \/ Yoast SEO plugin. -->","yoast_head_json":{"title":"Pi\u015ftgiriya Der\u00fbn\u00ee ji bo Malbatan - Ockenden Review","robots":{"index":"index","follow":"follow","max-snippet":"max-snippet:-1","max-image-preview":"max-image-preview:large","max-video-preview":"max-video-preview:-1"},"canonical":"http:\/\/www.ockendenmaternityreview.org.uk\/ku\/pistgiriya-deruni-ji-bo-malbatan\/","og_locale":"en_US","og_type":"article","og_title":"Pi\u015ftgiriya Der\u00fbn\u00ee ji bo Malbatan - Ockenden Review","og_description":"Em di p\u00eavajoya xebat\u00ea de ne bi Da\u00eereya Tenduristiy\u00ea \u00fb L\u00eanih\u00ear\u00eena Civak\u00ee (DHSC) re ji bo dab\u00eenkirina pi\u015ftgiriya ps\u00eekoloj\u00eek a ewledar \u00fb li ser trawmay\u00ea agahdar ji bo malbat\u00ean ku di nav Nirxandina Serbixwe ya xizmet\u00ean dayiktiy\u00ea de li Leeds Teaching Hospitals NHS Trust de cih digirin.","og_url":"http:\/\/www.ockendenmaternityreview.org.uk\/ku\/pistgiriya-deruni-ji-bo-malbatan\/","og_site_name":"Ockenden Review","article_publisher":"https:\/\/www.facebook.com\/ockendenmaternityreview?mibextid=wwXIfr","article_modified_time":"2026-03-24T14:09:00+00:00","twitter_card":"summary_large_image","twitter_site":"@ockreview","schema":{"@context":"https:\/\/schema.org","@graph":[{"@type":"WebPage","@id":"http:\/\/www.ockendenmaternityreview.org.uk\/ku\/pistgiriya-deruni-ji-bo-malbatan\/","url":"http:\/\/www.ockendenmaternityreview.org.uk\/ku\/pistgiriya-deruni-ji-bo-malbatan\/","name":"Pi\u015ftgiriya Der\u00fbn\u00ee ji bo Malbatan - Ockenden Review","isPartOf":{"@id":"https:\/\/www.ockendenmaternityreview.org.uk\/ro\/#website"},"datePublished":"2026-03-20T16:03:22+00:00","dateModified":"2026-03-24T14:09:00+00:00","breadcrumb":{"@id":"http:\/\/www.ockendenmaternityreview.org.uk\/ku\/pistgiriya-deruni-ji-bo-malbatan\/#breadcrumb"},"inLanguage":"ckb","potentialAction":[{"@type":"ReadAction","target":["http:\/\/www.ockendenmaternityreview.org.uk\/ku\/pistgiriya-deruni-ji-bo-malbatan\/"]}]},{"@type":"BreadcrumbList","@id":"http:\/\/www.ockendenmaternityreview.org.uk\/ku\/pistgiriya-deruni-ji-bo-malbatan\/#breadcrumb","itemListElement":[{"@type":"ListItem","position":1,"name":"Home","item":"https:\/\/www.ockendenmaternityreview.org.uk\/ku\/"},{"@type":"ListItem","position":2,"name":"Pi\u015ftgiriya Der\u00fbn\u00ee ji bo Malbatan"}]},{"@type":"WebSite","@id":"https:\/\/www.ockendenmaternityreview.org.uk\/ro\/#website","url":"https:\/\/www.ockendenmaternityreview.org.uk\/ro\/","name":"Ockenden Review","description":"","potentialAction":[{"@type":"SearchAction","target":{"@type":"EntryPoint","urlTemplate":"https:\/\/www.ockendenmaternityreview.org.uk\/ro\/?s={search_term_string}"},"query-input":{"@type":"PropertyValueSpecification","valueRequired":true,"valueName":"search_term_string"}}],"inLanguage":"ckb"}]}},"_links":{"self":[{"href":"https:\/\/www.ockendenmaternityreview.org.uk\/ku\/wp-json\/wp\/v2\/pages\/11188","targetHints":{"allow":["GET"]}}],"collection":[{"href":"https:\/\/www.ockendenmaternityreview.org.uk\/ku\/wp-json\/wp\/v2\/pages"}],"about":[{"href":"https:\/\/www.ockendenmaternityreview.org.uk\/ku\/wp-json\/wp\/v2\/types\/page"}],"author":[{"embeddable":true,"href":"https:\/\/www.ockendenmaternityreview.org.uk\/ku\/wp-json\/wp\/v2\/users\/1"}],"replies":[{"embeddable":true,"href":"https:\/\/www.ockendenmaternityreview.org.uk\/ku\/wp-json\/wp\/v2\/comments?post=11188"}],"version-history":[{"count":0,"href":"https:\/\/www.ockendenmaternityreview.org.uk\/ku\/wp-json\/wp\/v2\/pages\/11188\/revisions"}],"wp:attachment":[{"href":"https:\/\/www.ockendenmaternityreview.org.uk\/ku\/wp-json\/wp\/v2\/media?parent=11188"}],"curies":[{"name":"wp","href":"https:\/\/api.w.org\/{rel}","templated":true}]}}