{"id":11823,"date":"2026-01-08T15:47:01","date_gmt":"2026-01-08T15:47:01","guid":{"rendered":"https:\/\/ockendenmatdev.wpenginepowered.com\/%da%95%d9%88%d9%88%d8%af%d8%a7%d9%88%db%95%da%a9%d8%a7%d9%86-2\/"},"modified":"2026-03-24T14:14:00","modified_gmt":"2026-03-24T14:14:00","slug":"%da%95%d9%88%d9%88%d8%af%d8%a7%d9%88%db%95%da%a9%d8%a7%d9%86-2","status":"publish","type":"page","link":"https:\/\/www.ockendenmaternityreview.org.uk\/ku\/%da%95%d9%88%d9%88%d8%af%d8%a7%d9%88%db%95%da%a9%d8%a7%d9%86-2\/","title":{"rendered":"\u0695\u0648\u0648\u062f\u0627\u0648\u06d5\u06a9\u0627\u0646"},"content":{"rendered":"\n<p><strong>Civ\u00eena Malbat\u00ea ya B\u00ea &#8211; \u015eem\u00ee 21\u00ea Adar\u00ea<\/strong><\/p>\n\n<p>Malbat\u00ean h\u00eaja,<br\/><br\/> Civ\u00eena Malbat\u00ea ya b\u00ea w\u00ea roja \u015eemiy\u00ea <sup>21\u00ea<\/sup> Adar\u00ea li Ot\u00eala Mercure Nottingham Sherwood, NG5 2BT p\u00eak were.<br\/><br\/> H\u00fbn dikarin di demek\u00ea de ku h\u00fbn guncaw in, ji 10:00 heta 12:00, an j\u00ee ji 1:00 heta 15:00, be\u015fdar\u00ee bibin.<\/p>\n\n<p>Kre\u015f heye, parkkirina bela\u015f li c\u00eeh, firav\u00een t\u00ea day\u00een.<br\/><br\/> Bi r\u00eaya e-namey\u00ea bersiv bidin: <a href=\"mailto:events@donnaockenden.com\">events@donnaockenden.com<\/a> .<\/p>\n\n<div style=\"height:30px\" aria-hidden=\"true\" class=\"wp-block-spacer\"><\/div>\n\n<h2 class=\"wp-block-heading\">B\u00fbyer\u00ean Ber\u00ea<\/h2>\n\n<div class=\"wp-block-query support-groups is-layout-flow wp-block-query-is-layout-flow\"><ul class=\"columns-2 wp-block-post-template is-layout-grid wp-container-core-post-template-is-layout-17361a50 wp-block-post-template-is-layout-grid\"><li class=\"wp-block-post post-10210 post type-post status-publish format-standard hentry category-163\">\n\n\n<h2 class=\"wp-block-post-title\">Civ\u00eena Malbat\u00ea &#8211; \u015eem\u00ee 17\u00ea \u00c7ile<\/h2>\n\n<div class=\"entry-content wp-block-post-content is-layout-flow wp-block-post-content-is-layout-flow\">\n<p>Spas ji hem\u00fb malbat\u00ean ku kar\u00een be\u015fdar\u00ee civ\u00eena malbat\u00ea ya roja \u015eemiy\u00ea <sup>17\u00ea<\/sup> \u00c7ile bibin. Donna Ockenden, Seroka Nirxandin\u00ea, li ser p\u00ea\u015fve\u00e7\u00fbna Nirxandin\u00ea agah\u00ee da \u00fb agahdar\u00ee da ka di beriya we\u015fandina rapor\u00ea de (Hez\u00eerana 2026) \u00e7i t\u00ea h\u00eav\u00eekirin. Konseya Gi\u015ft\u00ee ya Piz\u00ee\u015fk\u00ee (GMC) \u00fb Konseya Hem\u015f\u00eeret\u00ee \u00fb P\u00eerikiy\u00ea (NMC) li ser ti\u015ft\u00ean ku ji civ\u00eena daw\u00ee ya malbat\u00ea ve p\u00eak an\u00eene, agah\u00ee dan. Em dizanin ku gelek malbat an nikarin be\u015fdar bibin, an j\u00ee xwe nikarin be\u015fdar\u00ee civ\u00een\u00ean malbat\u00ea bibin, ji ber v\u00ea yek\u00ea em pabend in ku slayt\u00ean PowerPoint li ser malpera Nirxandin\u00ea biwe\u015f\u00eenin da ku hem\u00ee malbat bi heman agahdar\u00ee werin peyda kirin.   <\/p>\n\n<p><a href=\"https:\/\/www.ockendenmaternityreview.org.uk\/wp-content\/uploads\/2026\/02\/Family-meeting-17.01.26-FINAL-for-website.pdf\" target=\"_blank\" rel=\"noreferrer noopener\">N\u00fbvekirina Civ\u00eena Malbat\u00ea dak\u00ea\u015fin [PDF]<\/a><\/p>\n\n<p><a href=\"https:\/\/www.ockendenmaternityreview.org.uk\/wp-content\/uploads\/2026\/02\/17-01-26-GMC-and-NMC-family-day-slides-FINAL.pdf\">N\u00fbvekirina GMC \u00fb NMC dak\u00ea\u015fin [PDF]<\/a><\/p>\n<\/div>\n<\/li><\/ul>\n\n\n\n<\/div>\n\n<p><\/p>\n","protected":false},"excerpt":{"rendered":"<p>Civ\u00eena Malbat\u00ea ya B\u00ea &#8211; \u015eem\u00ee 21\u00ea Adar\u00ea Malbat\u00ean h\u00eaja, Civ\u00eena Malbat\u00ea ya b\u00ea w\u00ea roja \u015eemiy\u00ea 21\u00ea Adar\u00ea li Ot\u00eala Mercure Nottingham Sherwood, NG5 2BT p\u00eak were. H\u00fbn dikarin di demek\u00ea de ku h\u00fbn guncaw in, ji 10:00 heta 12:00, an j\u00ee ji 1:00 heta 15:00, be\u015fdar\u00ee bibin. Kre\u015f heye, parkkirina bela\u015f li c\u00eeh, &hellip; <a href=\"https:\/\/www.ockendenmaternityreview.org.uk\/ku\/%da%95%d9%88%d9%88%d8%af%d8%a7%d9%88%db%95%da%a9%d8%a7%d9%86-2\/\">Continued<\/a><\/p>\n","protected":false},"author":1,"featured_media":0,"parent":0,"menu_order":0,"comment_status":"closed","ping_status":"closed","template":"page-narrow.blade.php","meta":{"_acf_changed":false,"footnotes":""},"class_list":["post-11823","page","type-page","status-publish","hentry"],"acf":[],"yoast_head":"<!-- This site is optimized with the Yoast SEO plugin v27.2 - https:\/\/yoast.com\/product\/yoast-seo-wordpress\/ -->\n<title>\u0695\u0648\u0648\u062f\u0627\u0648\u06d5\u06a9\u0627\u0646 - Ockenden Review<\/title>\n<meta name=\"robots\" content=\"index, follow, max-snippet:-1, max-image-preview:large, max-video-preview:-1\" \/>\n<link rel=\"canonical\" href=\"https:\/\/www.ockendenmaternityreview.org.uk\/nottingham-events\/\" \/>\n<meta property=\"og:locale\" content=\"en_US\" \/>\n<meta property=\"og:type\" content=\"article\" \/>\n<meta property=\"og:title\" content=\"\u0695\u0648\u0648\u062f\u0627\u0648\u06d5\u06a9\u0627\u0646 - Ockenden Review\" \/>\n<meta property=\"og:description\" content=\"Civ\u00eena Malbat\u00ea ya B\u00ea &#8211; \u015eem\u00ee 21\u00ea Adar\u00ea Malbat\u00ean h\u00eaja, Civ\u00eena Malbat\u00ea ya b\u00ea w\u00ea roja \u015eemiy\u00ea 21\u00ea Adar\u00ea li Ot\u00eala Mercure Nottingham Sherwood, NG5 2BT p\u00eak were. H\u00fbn dikarin di demek\u00ea de ku h\u00fbn guncaw in, ji 10:00 heta 12:00, an j\u00ee ji 1:00 heta 15:00, be\u015fdar\u00ee bibin. Kre\u015f heye, parkkirina bela\u015f li c\u00eeh, &hellip; Continued\" \/>\n<meta property=\"og:url\" content=\"https:\/\/www.ockendenmaternityreview.org.uk\/nottingham-events\/\" \/>\n<meta property=\"og:site_name\" content=\"Ockenden Review\" \/>\n<meta property=\"article:publisher\" content=\"https:\/\/www.facebook.com\/ockendenmaternityreview?mibextid=wwXIfr\" \/>\n<meta property=\"article:modified_time\" content=\"2026-03-24T14:14:00+00:00\" \/>\n<meta name=\"twitter:card\" content=\"summary_large_image\" \/>\n<meta name=\"twitter:site\" content=\"@ockreview\" \/>\n<script type=\"application\/ld+json\" class=\"yoast-schema-graph\">{\"@context\":\"https:\/\/schema.org\",\"@graph\":[{\"@type\":\"WebPage\",\"@id\":\"https:\/\/www.ockendenmaternityreview.org.uk\/nottingham-events\/\",\"url\":\"https:\/\/www.ockendenmaternityreview.org.uk\/nottingham-events\/\",\"name\":\"\u0695\u0648\u0648\u062f\u0627\u0648\u06d5\u06a9\u0627\u0646 - Ockenden Review\",\"isPartOf\":{\"@id\":\"https:\/\/www.ockendenmaternityreview.org.uk\/zh-hant\/#website\"},\"datePublished\":\"2026-01-08T15:47:01+00:00\",\"dateModified\":\"2026-03-24T14:14:00+00:00\",\"breadcrumb\":{\"@id\":\"https:\/\/www.ockendenmaternityreview.org.uk\/nottingham-events\/#breadcrumb\"},\"inLanguage\":\"ckb\",\"potentialAction\":[{\"@type\":\"ReadAction\",\"target\":[\"https:\/\/www.ockendenmaternityreview.org.uk\/nottingham-events\/\"]}]},{\"@type\":\"BreadcrumbList\",\"@id\":\"https:\/\/www.ockendenmaternityreview.org.uk\/nottingham-events\/#breadcrumb\",\"itemListElement\":[{\"@type\":\"ListItem\",\"position\":1,\"name\":\"Home\",\"item\":\"http:\/\/www.ockendenmaternityreview.org.uk\/ku\/\"},{\"@type\":\"ListItem\",\"position\":2,\"name\":\"\u0695\u0648\u0648\u062f\u0627\u0648\u06d5\u06a9\u0627\u0646\"}]},{\"@type\":\"WebSite\",\"@id\":\"https:\/\/www.ockendenmaternityreview.org.uk\/zh-hant\/#website\",\"url\":\"https:\/\/www.ockendenmaternityreview.org.uk\/zh-hant\/\",\"name\":\"Ockenden Review\",\"description\":\"\",\"potentialAction\":[{\"@type\":\"SearchAction\",\"target\":{\"@type\":\"EntryPoint\",\"urlTemplate\":\"https:\/\/www.ockendenmaternityreview.org.uk\/zh-hant\/?s={search_term_string}\"},\"query-input\":{\"@type\":\"PropertyValueSpecification\",\"valueRequired\":true,\"valueName\":\"search_term_string\"}}],\"inLanguage\":\"ckb\"}]}<\/script>\n<!-- \/ Yoast SEO plugin. -->","yoast_head_json":{"title":"\u0695\u0648\u0648\u062f\u0627\u0648\u06d5\u06a9\u0627\u0646 - Ockenden Review","robots":{"index":"index","follow":"follow","max-snippet":"max-snippet:-1","max-image-preview":"max-image-preview:large","max-video-preview":"max-video-preview:-1"},"canonical":"https:\/\/www.ockendenmaternityreview.org.uk\/nottingham-events\/","og_locale":"en_US","og_type":"article","og_title":"\u0695\u0648\u0648\u062f\u0627\u0648\u06d5\u06a9\u0627\u0646 - Ockenden Review","og_description":"Civ\u00eena Malbat\u00ea ya B\u00ea &#8211; \u015eem\u00ee 21\u00ea Adar\u00ea Malbat\u00ean h\u00eaja, Civ\u00eena Malbat\u00ea ya b\u00ea w\u00ea roja \u015eemiy\u00ea 21\u00ea Adar\u00ea li Ot\u00eala Mercure Nottingham Sherwood, NG5 2BT p\u00eak were. H\u00fbn dikarin di demek\u00ea de ku h\u00fbn guncaw in, ji 10:00 heta 12:00, an j\u00ee ji 1:00 heta 15:00, be\u015fdar\u00ee bibin. Kre\u015f heye, parkkirina bela\u015f li c\u00eeh, &hellip; Continued","og_url":"https:\/\/www.ockendenmaternityreview.org.uk\/nottingham-events\/","og_site_name":"Ockenden Review","article_publisher":"https:\/\/www.facebook.com\/ockendenmaternityreview?mibextid=wwXIfr","article_modified_time":"2026-03-24T14:14:00+00:00","twitter_card":"summary_large_image","twitter_site":"@ockreview","schema":{"@context":"https:\/\/schema.org","@graph":[{"@type":"WebPage","@id":"https:\/\/www.ockendenmaternityreview.org.uk\/nottingham-events\/","url":"https:\/\/www.ockendenmaternityreview.org.uk\/nottingham-events\/","name":"\u0695\u0648\u0648\u062f\u0627\u0648\u06d5\u06a9\u0627\u0646 - Ockenden Review","isPartOf":{"@id":"https:\/\/www.ockendenmaternityreview.org.uk\/zh-hant\/#website"},"datePublished":"2026-01-08T15:47:01+00:00","dateModified":"2026-03-24T14:14:00+00:00","breadcrumb":{"@id":"https:\/\/www.ockendenmaternityreview.org.uk\/nottingham-events\/#breadcrumb"},"inLanguage":"ckb","potentialAction":[{"@type":"ReadAction","target":["https:\/\/www.ockendenmaternityreview.org.uk\/nottingham-events\/"]}]},{"@type":"BreadcrumbList","@id":"https:\/\/www.ockendenmaternityreview.org.uk\/nottingham-events\/#breadcrumb","itemListElement":[{"@type":"ListItem","position":1,"name":"Home","item":"http:\/\/www.ockendenmaternityreview.org.uk\/ku\/"},{"@type":"ListItem","position":2,"name":"\u0695\u0648\u0648\u062f\u0627\u0648\u06d5\u06a9\u0627\u0646"}]},{"@type":"WebSite","@id":"https:\/\/www.ockendenmaternityreview.org.uk\/zh-hant\/#website","url":"https:\/\/www.ockendenmaternityreview.org.uk\/zh-hant\/","name":"Ockenden Review","description":"","potentialAction":[{"@type":"SearchAction","target":{"@type":"EntryPoint","urlTemplate":"https:\/\/www.ockendenmaternityreview.org.uk\/zh-hant\/?s={search_term_string}"},"query-input":{"@type":"PropertyValueSpecification","valueRequired":true,"valueName":"search_term_string"}}],"inLanguage":"ckb"}]}},"_links":{"self":[{"href":"https:\/\/www.ockendenmaternityreview.org.uk\/ku\/wp-json\/wp\/v2\/pages\/11823","targetHints":{"allow":["GET"]}}],"collection":[{"href":"https:\/\/www.ockendenmaternityreview.org.uk\/ku\/wp-json\/wp\/v2\/pages"}],"about":[{"href":"https:\/\/www.ockendenmaternityreview.org.uk\/ku\/wp-json\/wp\/v2\/types\/page"}],"author":[{"embeddable":true,"href":"https:\/\/www.ockendenmaternityreview.org.uk\/ku\/wp-json\/wp\/v2\/users\/1"}],"replies":[{"embeddable":true,"href":"https:\/\/www.ockendenmaternityreview.org.uk\/ku\/wp-json\/wp\/v2\/comments?post=11823"}],"version-history":[{"count":0,"href":"https:\/\/www.ockendenmaternityreview.org.uk\/ku\/wp-json\/wp\/v2\/pages\/11823\/revisions"}],"wp:attachment":[{"href":"https:\/\/www.ockendenmaternityreview.org.uk\/ku\/wp-json\/wp\/v2\/media?parent=11823"}],"curies":[{"name":"wp","href":"https:\/\/api.w.org\/{rel}","templated":true}]}}