{"id":11824,"date":"2026-01-08T15:33:40","date_gmt":"2026-01-08T15:33:40","guid":{"rendered":"https:\/\/ockendenmatdev.wpenginepowered.com\/pirsen-pir-ten-pirsin\/"},"modified":"2026-03-24T14:14:01","modified_gmt":"2026-03-24T14:14:01","slug":"pirsen-pir-ten-pirsin","status":"publish","type":"page","link":"https:\/\/www.ockendenmaternityreview.org.uk\/ku\/pirsen-pir-ten-pirsin\/","title":{"rendered":"Pirs\u00ean Pir t\u00ean Pirs\u00een"},"content":{"rendered":"\n<p>Nirxandin di roja \u015eemiy\u00ea <sup>31\u00ea<\/sup> Gulana 2025an de ji bo doz\u00ean n\u00fb hate girtin. Ev t\u00ea v\u00ea watey\u00ea ku her malbat \u00fb\/an karmendek ku dixwaze be\u015fdar\u00ee Nirxandin\u00ea bibe da ku ezm\u00fbna xwe ya li ser Nexwe\u015fxaney\u00ean Zan\u00eengeha Nottingham NHS Trust (NUH) parve bike, div\u00ea di v\u00ea tar\u00eex\u00ea de an j\u00ee ber\u00ee w\u00ea wiha bike. Ger h\u00fbn malbatek in ku hewcey\u00ea al\u00eekariya b\u00eatir in ka meriv \u00e7awa giliyek hey\u00ee an ber\u00ea ya li ser standarda l\u00ean\u00ear\u00eena xwe li NUH p\u00ea\u015fve bibe, ji kerema xwe r\u00eabernameya j\u00ear\u00een bi\u015fop\u00eenin. Her weha h\u00fbn dikarin pi\u015ftgiriya berdest li ser r\u00fbpel\u00ean pi\u015ftgiriy\u00ea y\u00ean me bib\u00eenin ku dikarin di menuy\u00ea daket\u00ee de werin d\u00eetin.   <\/p>\n\n<blockquote class=\"wp-block-quote is-layout-flow wp-block-quote-is-layout-flow\">\n<p>Malbat ji me re dib\u00eajin ku li seranser\u00ea wel\u00eat p\u00eavajoy\u00ean hey\u00ee y\u00ean ji bo ku malbat fikar\u00ean xwe b\u00eenin ziman h\u00een j\u00ee dijwar in ku meriv wan \u00e7areser bike. Pi\u015ft\u00ee rapora me ya daw\u00ee, em h\u00eav\u00ee dikin ku hem\u00ee kar\u00fbbar\u00ean NHS-\u00ea ji bo ba\u015ftirkirina p\u00eavajoya gil\u00eekirin\u00ea ji bo malbatan tedb\u00eeran bigirin &#8211; astengiy\u00ean di gih\u00ee\u015ftina bersivan de ji hol\u00ea rakin, p\u00eavajoy\u00ea h\u00easantir \u00fb bibandortir bikin, \u00fb ya her\u00ee gir\u00eeng, p\u00eavajoyek ku ji bo malbatan dilovantir be. Me r\u00eaya hey\u00ee li ser v\u00ea r\u00fbpel\u00ea ji bo her kes\u00ea ku dibe ku hewce bike ku w\u00ea bikar b\u00eene z\u00eade kiriye.  <\/p>\n<\/blockquote>\n\n<h2 class=\"wp-block-heading\">1. Bi Xizmeta \u015e\u00eeret \u00fb T\u00eakiliya Nexwe\u015fan (PALS) re li Weqf\u00ea t\u00eakil\u00ee daynin  <\/h2>\n\n<p>PALS ji bo fikar\u00ean tavil\u00ea ne, l\u00ea di heman dem\u00ea de giliy\u00ean e-namey\u00ea y\u00ean li ser l\u00ean\u00ear\u00een\u00ea j\u00ee werdigirin.<\/p>\n\n<p>PALS dikare bi van awayan al\u00eekariya nexwe\u015fan an xizm \u00fb l\u00ean\u00ear\u00eener\u00ean wan bike:<\/p>\n\n<ol class=\"wp-block-list\">\n<li>P\u00ea\u015fk\u00ea\u015fkirina agahdariy\u00ea li ser xizmetguzariyan hem li vir li Trust \u00fb hem j\u00ee li r\u00eaxistin\u00ean din<\/li>\n\n\n\n<li>Bi nav\u00ea we bi be\u015f\u00ean nexwe\u015fxaney\u00ea re t\u00eakil\u00ee dan\u00een<\/li>\n\n\n\n<li>Guhdar\u00eekirina her fikar\u00ean we \u00fb al\u00eekariya \u00e7areserkirina wan kirin<\/li>\n\n\n\n<li>Ner\u00een \u00fb pesn\u00ean xwe ji karmendan re bi\u015f\u00eenin<\/li>\n\n\n\n<li>\u015e\u00eawirmend\u00ee ka h\u00fbn \u00e7awa dikarin gil\u00ee bikin<\/li>\n<\/ol>\n\n<p>Ji bo Malbat\u00ean ku li Nexwe\u015fxaney\u00ean Zan\u00eengeha Nottingham\u00ea l\u00ean\u00ear\u00eena xwe negirtine &#8211; h\u00fbn dikarin Xizmeta \u015e\u00eawirmendiya Nexwe\u015fan \u00fb T\u00eakiliyan (PALS) <a href=\"https:\/\/www.nhs.uk\/service-search\/other-health-services\/patient-advice-and-liaison-services-pals\">li vir bib\u00eenin.<\/a><\/p>\n\n<h2 class=\"wp-block-heading\">2. An j\u00ee..nameyek ferm\u00ee ji Serok\u00ea R\u00eaveber \u00ea Nexwe\u015fxaney\u00ean Zan\u00eengeha Nottingham NHS Trust, Anthony May re biniv\u00eesin.<\/h2>\n\n<p>Eger h\u00fbn bixwazin fikar\u00ean xwe ji Weqf\u00ea re ragih\u00eenin, h\u00fbn dikarin nameyek\u00ea ji Serok\u00ea R\u00eaveber \u00ea Weqf\u00ea re biniv\u00eesin. Ew \u00ea l\u00eakol\u00een bikin \u00fb erk\u00ea wan e ku we agahdar bikin ka ev \u00e7awa p\u00ea\u015fve di\u00e7e. Bi gelemper\u00ee ji bo v\u00ea yek\u00ea demek diyarkir\u00ee heye. Gava ku h\u00fbn bersivek ji bo giliy\u00ea werdigirin, heke h\u00fbn ji away\u00ea ku Weqf\u00ea giliya we \u00e7areser kiriye neraz\u00ee ne, h\u00fbn dikarin vegerin Weqf\u00ea.   <\/p>\n\n<h2 class=\"wp-block-heading\">3. An j\u00ee\u2026 bi Konseya Hem\u015f\u00eeret\u00ee \u00fb P\u00eerikan (NMC), an Konseya Gi\u015ft\u00ee ya Piz\u00ee\u015fk\u00ee (GMC) re t\u00eakil\u00ee daynin.<\/h2>\n\n<p>Konseya Gi\u015ft\u00ee ya Piz\u00ee\u015fk\u00ee (GMC) \u00fb Konseya Hem\u015f\u00eeret\u00ee \u00fb P\u00eerikiy\u00ea (NMC) p\u00eevan\u00ean ku bij\u00ee\u015fk, hem\u015f\u00eere \u00fb p\u00eerik\u00ean li seranser\u00ea Keyaniya Yekb\u00fby\u00ee \u00fb hevkar\u00ean hem\u015f\u00eeretiy\u00ea y\u00ean li \u00cengil\u00eestan\u00ea hewce ne ku bic\u00eeh b\u00eenin da ku l\u00ean\u00ear\u00eena ewle p\u00ea\u015fk\u00ea\u015f bikin, destn\u00ee\u015fan dikin. Ger kesek fikar\u00ean xwe li ser j\u00eahat\u00eeb\u00fbn, tevger an performansa bij\u00ee\u015fk, pispor\u00ea hem\u015f\u00eeretiy\u00ea an p\u00eerikek\u00ea bi GMC\/NMC re parve bike, ew dikarin l\u00eakol\u00een bikin \u00fb tedb\u00eeran bigirin. Her kes dikare fikarek parve bike. H\u00fbn dikarin fikarek li ser l\u00ean\u00ear\u00eena xwe, an j\u00ee li ser nav\u00ea kesek\u00ee din parve bikin. Agahiy\u00ean b\u00eatir li ser p\u00ea\u015fk\u00ea\u015fkirina fikarek li ser malpera wan bib\u00eenin.    <\/p>\n\n<hr class=\"wp-block-separator has-alpha-channel-opacity\"\/>\n\n<h2 class=\"wp-block-heading\">\u0628\u06c6 \u0626\u0647 \u0648\u0647 \u06cc \u067e\u0647 \u06cc\u0648\u0647 \u0646\u062f\u06cc \u0628\u0647 \u062c\u06cc \u0626\u06ce\u0645 \u0633\u06cc \u0648\u0647 \u0628\u06a9\u0647 \u0646 \u0644\u0647 \u0628\u0627\u0631\u0647 \u06cc \u067e\u0632\u06cc\u0634\u06a9\u06ce\u06a9<\/h2>\n\n<p>Riya her\u00ee bilez \u00fb h\u00easan ew e ku h\u00fbn <a href=\"https:\/\/www.gmc-uk.org\/concerns\/raise-a-concern\">forma wan a serh\u00eal<\/a> tije bikin, an j\u00ee bi Laura Berryman re t\u00eakil\u00ee daynin. Laura R\u00eavebera L\u00eapirs\u00een\u00ea ye \u00fb xala t\u00eakiliy\u00ea ya GMC-\u00ea ye ji bo malbat\u00ean ku di Nirxandina Dayiktiya Nottingham\u00ea de be\u015fdar in. <\/p>\n\n<p><a href=\"mailto:laura.berryman@gmc-uk.org\"><strong>laura.berryman@gmc-uk.org<\/strong><\/a><\/p>\n\n<p><strong>0161 923 6712<\/strong><\/p>\n\n<h2 class=\"wp-block-heading\">\u0628\u06c6 \u067e\u06d5\u06cc\u0648\u06d5\u0646\u062f\u06cc \u06a9\u0631\u062f\u0646 \u0628\u06d5 NMC \u0633\u06d5\u0628\u0627\u0631\u06d5\u062a \u0628\u06d5 \u067e\u06d5\u0631\u0633\u062a\u0627\u0631\u060c \u0645\u0627\u0645\u0627\u0646 \u06cc\u0627\u0646 \u06cc\u0627\u0631\u06cc\u062f\u06d5\u062f\u06d5\u0631\u06cc \u067e\u06d5\u0631\u0633\u062a\u0627\u0631\u06cc  <\/h2>\n\n<p>Ji bo ku h\u00fbn bi NMC-\u00ea re li ser hem\u015f\u00eereyek, p\u00eerikek an j\u00ee hevkarek hem\u015f\u00eerey\u00ea t\u00eakil\u00ee daynin, h\u00fbn dikarin <a href=\"https:\/\/www.nmc.org.uk\/concerns-nurses-midwives\/make-a-referral\/referral-forms\/member-public-referral\/public-referral-form\/\">formek serh\u00eal<\/a> tije bikin, an j\u00ee h\u00fbn dikarin bi Rupa Patel re t\u00eakil\u00ee daynin. Rupa Patel Karmenda Pi\u015ftgiriya Gi\u015ft\u00ee ye. <\/p>\n\n<p><a href=\"mailto:rupa.patel@nmc-uk.org\"><strong>rupa.patel@nmc-uk.org<\/strong><\/a><\/p>\n\n<p><strong>020 7681 5573<\/strong><\/p>\n\n<p>H\u00fbn dikarin b\u00eatir agahdar\u00ee li ser gil\u00eekirinek serh\u00eal <a href=\"https:\/\/www.england.nhs.uk\/contact-us\/feedback-and-complaints\/complaint\/\">li vir bib\u00eenin.<\/a><\/p>\n","protected":false},"excerpt":{"rendered":"<p>Nirxandin di roja \u015eemiy\u00ea 31\u00ea Gulana 2025an de ji bo doz\u00ean n\u00fb hate girtin. Ev t\u00ea v\u00ea watey\u00ea ku her malbat \u00fb\/an karmendek ku dixwaze be\u015fdar\u00ee Nirxandin\u00ea bibe da ku ezm\u00fbna xwe ya li ser Nexwe\u015fxaney\u00ean Zan\u00eengeha Nottingham NHS Trust (NUH) parve bike, div\u00ea di v\u00ea tar\u00eex\u00ea de an j\u00ee ber\u00ee w\u00ea wiha bike. Ger &hellip; <a href=\"https:\/\/www.ockendenmaternityreview.org.uk\/ku\/pirsen-pir-ten-pirsin\/\">Continued<\/a><\/p>\n","protected":false},"author":1,"featured_media":0,"parent":0,"menu_order":0,"comment_status":"closed","ping_status":"closed","template":"page-narrow.blade.php","meta":{"_acf_changed":false,"footnotes":""},"class_list":["post-11824","page","type-page","status-publish","hentry"],"acf":[],"yoast_head":"<!-- This site is optimized with the Yoast SEO plugin v27.2 - https:\/\/yoast.com\/product\/yoast-seo-wordpress\/ -->\n<title>Pirs\u00ean Pir t\u00ean Pirs\u00een - Ockenden Review<\/title>\n<meta name=\"robots\" content=\"index, follow, max-snippet:-1, max-image-preview:large, max-video-preview:-1\" \/>\n<link rel=\"canonical\" href=\"https:\/\/www.ockendenmaternityreview.org.uk\/ku\/pirsen-pir-ten-pirsin\/\" \/>\n<meta property=\"og:locale\" content=\"en_US\" \/>\n<meta property=\"og:type\" content=\"article\" \/>\n<meta property=\"og:title\" content=\"Pirs\u00ean Pir t\u00ean Pirs\u00een - Ockenden Review\" \/>\n<meta property=\"og:description\" content=\"Nirxandin di roja \u015eemiy\u00ea 31\u00ea Gulana 2025an de ji bo doz\u00ean n\u00fb hate girtin. Ev t\u00ea v\u00ea watey\u00ea ku her malbat \u00fb\/an karmendek ku dixwaze be\u015fdar\u00ee Nirxandin\u00ea bibe da ku ezm\u00fbna xwe ya li ser Nexwe\u015fxaney\u00ean Zan\u00eengeha Nottingham NHS Trust (NUH) parve bike, div\u00ea di v\u00ea tar\u00eex\u00ea de an j\u00ee ber\u00ee w\u00ea wiha bike. Ger &hellip; Continued\" \/>\n<meta property=\"og:url\" content=\"https:\/\/www.ockendenmaternityreview.org.uk\/ku\/pirsen-pir-ten-pirsin\/\" \/>\n<meta property=\"og:site_name\" content=\"Ockenden Review\" \/>\n<meta property=\"article:publisher\" content=\"https:\/\/www.facebook.com\/ockendenmaternityreview?mibextid=wwXIfr\" \/>\n<meta property=\"article:modified_time\" content=\"2026-03-24T14:14:01+00:00\" \/>\n<meta name=\"twitter:card\" content=\"summary_large_image\" \/>\n<meta name=\"twitter:site\" content=\"@ockreview\" \/>\n<meta name=\"twitter:label1\" content=\"Est. reading time\" \/>\n\t<meta name=\"twitter:data1\" content=\"4 \u062e\u0648\u0644\u06d5\u06a9\" \/>\n<script type=\"application\/ld+json\" class=\"yoast-schema-graph\">{\"@context\":\"https:\/\/schema.org\",\"@graph\":[{\"@type\":\"WebPage\",\"@id\":\"https:\/\/www.ockendenmaternityreview.org.uk\/ku\/pirsen-pir-ten-pirsin\/\",\"url\":\"https:\/\/www.ockendenmaternityreview.org.uk\/ku\/pirsen-pir-ten-pirsin\/\",\"name\":\"Pirs\u00ean Pir t\u00ean Pirs\u00een - Ockenden Review\",\"isPartOf\":{\"@id\":\"https:\/\/www.ockendenmaternityreview.org.uk\/ku\/#website\"},\"datePublished\":\"2026-01-08T15:33:40+00:00\",\"dateModified\":\"2026-03-24T14:14:01+00:00\",\"breadcrumb\":{\"@id\":\"https:\/\/www.ockendenmaternityreview.org.uk\/ku\/pirsen-pir-ten-pirsin\/#breadcrumb\"},\"inLanguage\":\"ckb\",\"potentialAction\":[{\"@type\":\"ReadAction\",\"target\":[\"https:\/\/www.ockendenmaternityreview.org.uk\/ku\/pirsen-pir-ten-pirsin\/\"]}]},{\"@type\":\"BreadcrumbList\",\"@id\":\"https:\/\/www.ockendenmaternityreview.org.uk\/ku\/pirsen-pir-ten-pirsin\/#breadcrumb\",\"itemListElement\":[{\"@type\":\"ListItem\",\"position\":1,\"name\":\"Home\",\"item\":\"https:\/\/www.ockendenmaternityreview.org.uk\/ku\/\"},{\"@type\":\"ListItem\",\"position\":2,\"name\":\"Pirs\u00ean Pir t\u00ean Pirs\u00een\"}]},{\"@type\":\"WebSite\",\"@id\":\"https:\/\/www.ockendenmaternityreview.org.uk\/ku\/#website\",\"url\":\"https:\/\/www.ockendenmaternityreview.org.uk\/ku\/\",\"name\":\"Ockenden Review\",\"description\":\"\",\"potentialAction\":[{\"@type\":\"SearchAction\",\"target\":{\"@type\":\"EntryPoint\",\"urlTemplate\":\"https:\/\/www.ockendenmaternityreview.org.uk\/ku\/?s={search_term_string}\"},\"query-input\":{\"@type\":\"PropertyValueSpecification\",\"valueRequired\":true,\"valueName\":\"search_term_string\"}}],\"inLanguage\":\"ckb\"}]}<\/script>\n<!-- \/ Yoast SEO plugin. -->","yoast_head_json":{"title":"Pirs\u00ean Pir t\u00ean Pirs\u00een - Ockenden Review","robots":{"index":"index","follow":"follow","max-snippet":"max-snippet:-1","max-image-preview":"max-image-preview:large","max-video-preview":"max-video-preview:-1"},"canonical":"https:\/\/www.ockendenmaternityreview.org.uk\/ku\/pirsen-pir-ten-pirsin\/","og_locale":"en_US","og_type":"article","og_title":"Pirs\u00ean Pir t\u00ean Pirs\u00een - Ockenden Review","og_description":"Nirxandin di roja \u015eemiy\u00ea 31\u00ea Gulana 2025an de ji bo doz\u00ean n\u00fb hate girtin. Ev t\u00ea v\u00ea watey\u00ea ku her malbat \u00fb\/an karmendek ku dixwaze be\u015fdar\u00ee Nirxandin\u00ea bibe da ku ezm\u00fbna xwe ya li ser Nexwe\u015fxaney\u00ean Zan\u00eengeha Nottingham NHS Trust (NUH) parve bike, div\u00ea di v\u00ea tar\u00eex\u00ea de an j\u00ee ber\u00ee w\u00ea wiha bike. Ger &hellip; Continued","og_url":"https:\/\/www.ockendenmaternityreview.org.uk\/ku\/pirsen-pir-ten-pirsin\/","og_site_name":"Ockenden Review","article_publisher":"https:\/\/www.facebook.com\/ockendenmaternityreview?mibextid=wwXIfr","article_modified_time":"2026-03-24T14:14:01+00:00","twitter_card":"summary_large_image","twitter_site":"@ockreview","twitter_misc":{"Est. reading time":"4 \u062e\u0648\u0644\u06d5\u06a9"},"schema":{"@context":"https:\/\/schema.org","@graph":[{"@type":"WebPage","@id":"https:\/\/www.ockendenmaternityreview.org.uk\/ku\/pirsen-pir-ten-pirsin\/","url":"https:\/\/www.ockendenmaternityreview.org.uk\/ku\/pirsen-pir-ten-pirsin\/","name":"Pirs\u00ean Pir t\u00ean Pirs\u00een - Ockenden Review","isPartOf":{"@id":"https:\/\/www.ockendenmaternityreview.org.uk\/ku\/#website"},"datePublished":"2026-01-08T15:33:40+00:00","dateModified":"2026-03-24T14:14:01+00:00","breadcrumb":{"@id":"https:\/\/www.ockendenmaternityreview.org.uk\/ku\/pirsen-pir-ten-pirsin\/#breadcrumb"},"inLanguage":"ckb","potentialAction":[{"@type":"ReadAction","target":["https:\/\/www.ockendenmaternityreview.org.uk\/ku\/pirsen-pir-ten-pirsin\/"]}]},{"@type":"BreadcrumbList","@id":"https:\/\/www.ockendenmaternityreview.org.uk\/ku\/pirsen-pir-ten-pirsin\/#breadcrumb","itemListElement":[{"@type":"ListItem","position":1,"name":"Home","item":"https:\/\/www.ockendenmaternityreview.org.uk\/ku\/"},{"@type":"ListItem","position":2,"name":"Pirs\u00ean Pir t\u00ean Pirs\u00een"}]},{"@type":"WebSite","@id":"https:\/\/www.ockendenmaternityreview.org.uk\/ku\/#website","url":"https:\/\/www.ockendenmaternityreview.org.uk\/ku\/","name":"Ockenden Review","description":"","potentialAction":[{"@type":"SearchAction","target":{"@type":"EntryPoint","urlTemplate":"https:\/\/www.ockendenmaternityreview.org.uk\/ku\/?s={search_term_string}"},"query-input":{"@type":"PropertyValueSpecification","valueRequired":true,"valueName":"search_term_string"}}],"inLanguage":"ckb"}]}},"_links":{"self":[{"href":"https:\/\/www.ockendenmaternityreview.org.uk\/ku\/wp-json\/wp\/v2\/pages\/11824","targetHints":{"allow":["GET"]}}],"collection":[{"href":"https:\/\/www.ockendenmaternityreview.org.uk\/ku\/wp-json\/wp\/v2\/pages"}],"about":[{"href":"https:\/\/www.ockendenmaternityreview.org.uk\/ku\/wp-json\/wp\/v2\/types\/page"}],"author":[{"embeddable":true,"href":"https:\/\/www.ockendenmaternityreview.org.uk\/ku\/wp-json\/wp\/v2\/users\/1"}],"replies":[{"embeddable":true,"href":"https:\/\/www.ockendenmaternityreview.org.uk\/ku\/wp-json\/wp\/v2\/comments?post=11824"}],"version-history":[{"count":0,"href":"https:\/\/www.ockendenmaternityreview.org.uk\/ku\/wp-json\/wp\/v2\/pages\/11824\/revisions"}],"wp:attachment":[{"href":"https:\/\/www.ockendenmaternityreview.org.uk\/ku\/wp-json\/wp\/v2\/media?parent=11824"}],"curies":[{"name":"wp","href":"https:\/\/api.w.org\/{rel}","templated":true}]}}