{"id":11827,"date":"2026-01-08T15:33:58","date_gmt":"2026-01-08T15:33:58","guid":{"rendered":"https:\/\/ockendenmatdev.wpenginepowered.com\/%d9%be%d8%a7%da%b5%d9%be%d8%b4%d8%aa%db%8c-%d8%a8%db%86-%d8%b3%d8%aa%d8%a7%d9%81\/"},"modified":"2026-03-24T14:14:01","modified_gmt":"2026-03-24T14:14:01","slug":"%d9%be%d8%a7%da%b5%d9%be%d8%b4%d8%aa%db%8c-%d8%a8%db%86-%d8%b3%d8%aa%d8%a7%d9%81","status":"publish","type":"page","link":"https:\/\/www.ockendenmaternityreview.org.uk\/ku\/%d9%be%d8%a7%da%b5%d9%be%d8%b4%d8%aa%db%8c-%d8%a8%db%86-%d8%b3%d8%aa%d8%a7%d9%81\/","title":{"rendered":"\u067e\u0627\u06b5\u067e\u0634\u062a\u06cc \u0628\u06c6 \u0633\u062a\u0627\u0641"},"content":{"rendered":"\n<h2 class=\"wp-block-heading\">Li vir ji bo al\u00eekariy\u00ea<\/h2>\n\n<p>(Agahdar\u00ee ji h\u00eala NHS Trust ya Nexwe\u015fxaney\u00ean Zan\u00eengeha Nottingham ve ji bo karmendan di N\u00eesana 2023an de hat\u00ee peyda kirin)<\/p>\n\n<h2 class=\"wp-block-heading\">Nexwe\u015fxaney\u00ee<\/h2>\n\n<p><strong>B\u00fbyera Ewlehiya Nexwe\u015fan, J\u00eengeh\/\u00c7and, Rota\/Saet, \u00c7avd\u00ear\u00ee<\/strong><\/p>\n\n<div class=\"wp-block-columns is-layout-flex wp-container-core-columns-is-layout-9d6595d7 wp-block-columns-is-layout-flex\">\n<div class=\"wp-block-column is-layout-flow wp-block-column-is-layout-flow\">\n<ul class=\"wp-block-list\">\n<li>Serperi\u015ftkar\u00ea Kl\u00een\u00eek\u00ee<\/li>\n\n\n\n<li>Serok\u00ea Xizmet\u00ea<\/li>\n\n\n\n<li>Datix<\/li>\n\n\n\n<li>Azadiya Axaftin\u00ea &#8211; freedomtospeakupguardian@nuh.nhs.uk<\/li>\n<\/ul>\n<\/div>\n\n\n\n<div class=\"wp-block-column is-layout-flow wp-block-column-is-layout-flow\">\n<ul class=\"wp-block-list\">\n<li>\u015eampiyon\u00ea R\u00fbmet\u00ea li Kar<\/li>\n\n\n\n<li>Par\u00eazvan\u00ea Kar\u00ea Ewle (GoSW)<\/li>\n\n\n\n<li>Koord\u00eenator\u00ea Doktor\u00ea Bi\u00e7\u00fbk<\/li>\n<\/ul>\n<\/div>\n<\/div>\n\n<h2 class=\"wp-block-heading\">H\u00eendar\u00ee<\/h2>\n\n<p><strong>H\u00eenkirin li ser kar, Portfolyo\/ARPC, Ezm\u00fbn<\/strong><\/p>\n\n<div class=\"wp-block-columns is-layout-flex wp-container-core-columns-is-layout-9d6595d7 wp-block-columns-is-layout-flex\">\n<div class=\"wp-block-column is-layout-flow wp-block-column-is-layout-flow\">\n<ul class=\"wp-block-list\">\n<li>Serperi\u015ftiyar\u00ea Perwerdehiy\u00ea<\/li>\n\n\n\n<li>Be\u015fa Perwerdehiya Bij\u00ee\u015fk\u00ee ya Pi\u015ft\u00ee L\u00eesans\u00ea (PMED) &#8211; dir\u00eajkirin 81730 (QMC) an 76758 (Bajar)<\/li>\n\n\n\n<li>N\u00fbner\u00ea Stajyer<\/li>\n<\/ul>\n<\/div>\n\n\n\n<div class=\"wp-block-column is-layout-flow wp-block-column-is-layout-flow\">\n<ul class=\"wp-block-list\">\n<li>R\u00eaveber\u00ea Bernameya Perwerdehiy\u00ea (TPD)\/Serok\u00ea Dibistan\u00ea (HOSch)<\/li>\n\n\n\n<li>Pi\u015ftgiriya P\u00ee\u015fey\u00ee \u00fb Refah (PSW)\/Perwerdehiya Tenduristiy\u00ea ya \u00cengil\u00eestan\u00ea, East Midlands (HEE)<\/li>\n<\/ul>\n<\/div>\n<\/div>\n\n<h2 class=\"wp-block-heading\">\u015eexs\u00ee<\/h2>\n\n<p><strong>Pere, Tenduristiya Fiz\u00eek\u00ee\/Der\u00fbn\u00ee, Alkol\/Madeya Hi\u015fber\/Cixarek\u00ea\u015fandin, Mal\/Malbat<\/strong><\/p>\n\n<div class=\"wp-block-columns is-layout-flex wp-container-core-columns-is-layout-9d6595d7 wp-block-columns-is-layout-flex\">\n<div class=\"wp-block-column is-layout-flow wp-block-column-is-layout-flow\">\n<ul class=\"wp-block-list\">\n<li>Malbat<\/li>\n\n\n\n<li>Serpere\u015ft\/hevkar<\/li>\n\n\n\n<li>R\u00fbpela Malpera Refaha Karmend\u00ean NUH<\/li>\n\n\n\n<li>Bernameya Al\u00eekariya Karmendan (EAP) &#8211; 0800 783 2808<\/li>\n\n\n\n<li>Tenduristiya Kar (OH) &#8211; 56646 \/ nottmocchealth@nuh.nhs.uk<\/li>\n<\/ul>\n<\/div>\n\n\n\n<div class=\"wp-block-column is-layout-flow wp-block-column-is-layout-flow\">\n<ul class=\"wp-block-list\">\n<li>H\u00eaza Karmend\u00ean Bij\u00ee\u015fk\u00ee<\/li>\n\n\n\n<li>Pi\u015ftgiriya P\u00ee\u015fey\u00ee \u00fb Refah (PSW) &#8211; psw.em@hee.nhs.uk<\/li>\n\n\n\n<li>Yek\u00eet\u00ee<\/li>\n<\/ul>\n<\/div>\n<\/div>\n\n<h2 class=\"wp-block-heading\">Ji bo yek ji van j\u00ee h\u00fbn dikarin bi kes\u00ean din re bipeyivin:<\/h2>\n\n<p>Hevkar, \u015e\u00eawirmend, Foruma Doktor\u00ean Ciwan (JDF), Karmend\u00ea T\u00eakiliy\u00ea y\u00ea Doktor\u00ean Ciwan (JDLO) JuniorDoctorLiaisonOfficer@nuh.nhs.uk an Mamostey\u00ea Zan\u00eengeh\u00ea<\/p>\n\n<h3 class=\"wp-block-heading\">Xala yekem a t\u00eakiliy\u00ea:<\/h3>\n\n<p><strong>Doktor\u00ean Bi\u00e7\u00fbk &#8211;<\/strong> Berpirsa T\u00eakiliy\u00ea ya Doktor\u00ean Bi\u00e7\u00fbk, Nina Lacovitte<\/p>\n\n<p><strong>P\u00eerikanan &#8211;<\/strong> PMA wek\u00ee xala yekem a t\u00eakiliy\u00ea bi pi\u015ftgiriya ps\u00eekolojiya kl\u00een\u00eek\u00ee re<\/p>\n\n<p><strong>Hem\u00fb &#8211;<\/strong> EAP bi r\u00eaya intranet\u00ea an rasterast bo ps\u00eekolojiya kl\u00een\u00eek\u00ee<\/p>\n\n<div style=\"height:50px\" aria-hidden=\"true\" class=\"wp-block-spacer\"><\/div>\n\n<h2 class=\"wp-block-heading\">Li ku der\u00ea \u015f\u00eeret \u00fb pi\u015ftgiriya karmendan ji bo dayiktiy\u00ea di sala 2023an de bib\u00eenin<\/h2>\n\n<p>Ji bo b\u00eatir agahdar\u00ee li ser xizmet\u00ean refaha karmendan, serdana v\u00ea malper\u00ea bikin: www.nuh.nhs.uk\/staff-wellbeing<\/p>\n\n<p>staffwellbeing@nuh.nhs.uk | 0115 924 9924 x84771 | @SWBNUH<\/p>\n\n<div style=\"height:20px\" aria-hidden=\"true\" class=\"wp-block-spacer\"><\/div>\n\n<div class=\"wp-block-columns is-layout-flex wp-container-core-columns-is-layout-9d6595d7 wp-block-columns-is-layout-flex\">\n<div class=\"wp-block-column is-layout-flow wp-block-column-is-layout-flow\">\n<p><strong>\u015e\u00eereta Daray\u00ee<\/strong><\/p>\n\n\n\n<ul class=\"wp-block-list\">\n<li>https:\/\/www.nuh.nhs.uk\/financial-wellbeing<\/li>\n<\/ul>\n\n\n\n<p><strong>\u015e\u00eeret\/Pi\u015ftgiriya Tenduristiya Der\u00fbn\u00ee<\/strong><\/p>\n\n\n\n<ul class=\"wp-block-list\">\n<li>Saxlemiya Pi\u015ftrastkir\u00ee 0800 783 2808<\/li>\n\n\n\n<li>https:\/\/www.nuh.nhs.uk\/mentalhealth<\/li>\n<\/ul>\n\n\n\n<p><strong>\u015e\u00eawirmend\u00ee<\/strong><\/p>\n\n\n\n<ul class=\"wp-block-list\">\n<li>Saxlemiya Pi\u015ftrastkir\u00ee 0800 783 2808<\/li>\n\n\n\n<li>\u015e\u00eawirmendiya OH x76646<\/li>\n<\/ul>\n\n\n\n<p><strong>Pi\u015ftgiriya Ruh\u00ee<\/strong><\/p>\n\n\n\n<ul class=\"wp-block-list\">\n<li>contactachaplain@nuh.nhs.uk<\/li>\n\n\n\n<li>x83799 (QMC) x76187 (Bajar)<\/li>\n<\/ul>\n\n\n\n<p><strong>B\u00fbyera Trawmat\u00eek li Kar<\/strong><\/p>\n\n\n\n<ul class=\"wp-block-list\">\n<li>SISS@nuh.nhs.uk<\/li>\n<\/ul>\n\n\n\n<p><strong>\u015e\u00eawirmendiya Yasay\u00ee<\/strong><\/p>\n\n\n\n<ul class=\"wp-block-list\">\n<li>Saxlemiya Pi\u015ftrastkir\u00ee 0800 783 2808<\/li>\n<\/ul>\n\n\n\n<p><strong>\u015e\u00eeret ji bo R\u00eavebiran<\/strong><\/p>\n\n\n\n<ul class=\"wp-block-list\">\n<li>Saxlemiya Pi\u015ftrastkir\u00ee 0800 783 2808<\/li>\n\n\n\n<li>nuhacademy@nuh.nhs.uk<\/li>\n<\/ul>\n<\/div>\n\n\n\n<div class=\"wp-block-column is-layout-flow wp-block-column-is-layout-flow\">\n<p><strong>Kr\u00eeza Tenduristiya Der\u00fbn\u00ee<\/strong><\/p>\n\n\n\n<ul class=\"wp-block-list\">\n<li>0808 196 3779<\/li>\n\n\n\n<li>116 123<\/li>\n<\/ul>\n\n\n\n<p><strong>Pi\u015ftgiriya P\u00ee\u015fey\u00ee (P\u00eer\u00eek)<\/strong><\/p>\n\n\n\n<ul class=\"wp-block-list\">\n<li>askaPMA@nuh.nhs.uk<\/li>\n<\/ul>\n\n\n\n<p><strong>Pi\u015ftgiriya L\u00eapirs\u00een\u00ea\/SI<\/strong><\/p>\n\n\n\n<ul class=\"wp-block-list\">\n<li>NUHSoS@nuh.nhs.uk<\/li>\n<\/ul>\n\n\n\n<p><strong>Doktor\u00ean Bi\u00e7\u00fbk<\/strong><\/p>\n\n\n\n<ul class=\"wp-block-list\">\n<li>JuniorDoctorLiaisonOfficer@nuh.nhs.uk<\/li>\n<\/ul>\n\n\n\n<p><strong>Ez ne pi\u015ftrast im<\/strong><\/p>\n\n\n\n<ul class=\"wp-block-list\">\n<li>Bi r\u00eaveber\u00ea xwe re bipeyivin<\/li>\n\n\n\n<li>Saxlemiya Pi\u015ftrastkir\u00ee 0800 783 2808<\/li>\n\n\n\n<li>staffwellbeing@nuh.nhs.uk \/ x84771<\/li>\n\n\n\n<li>FreedomtoSpeakUpGuardian@nuh.nhs.uk<\/li>\n<\/ul>\n<\/div>\n<\/div>\n\n<p><\/p>\n","protected":false},"excerpt":{"rendered":"<p>Li vir ji bo al\u00eekariy\u00ea (Agahdar\u00ee ji h\u00eala NHS Trust ya Nexwe\u015fxaney\u00ean Zan\u00eengeha Nottingham ve ji bo karmendan di N\u00eesana 2023an de hat\u00ee peyda kirin) Nexwe\u015fxaney\u00ee B\u00fbyera Ewlehiya Nexwe\u015fan, J\u00eengeh\/\u00c7and, Rota\/Saet, \u00c7avd\u00ear\u00ee H\u00eendar\u00ee H\u00eenkirin li ser kar, Portfolyo\/ARPC, Ezm\u00fbn \u015eexs\u00ee Pere, Tenduristiya Fiz\u00eek\u00ee\/Der\u00fbn\u00ee, Alkol\/Madeya Hi\u015fber\/Cixarek\u00ea\u015fandin, Mal\/Malbat Ji bo yek ji van j\u00ee h\u00fbn dikarin bi &hellip; <a href=\"https:\/\/www.ockendenmaternityreview.org.uk\/ku\/%d9%be%d8%a7%da%b5%d9%be%d8%b4%d8%aa%db%8c-%d8%a8%db%86-%d8%b3%d8%aa%d8%a7%d9%81\/\">Continued<\/a><\/p>\n","protected":false},"author":1,"featured_media":0,"parent":0,"menu_order":0,"comment_status":"closed","ping_status":"closed","template":"page-narrow.blade.php","meta":{"_acf_changed":false,"footnotes":""},"class_list":["post-11827","page","type-page","status-publish","hentry"],"acf":[],"yoast_head":"<!-- This site is optimized with the Yoast SEO plugin v27.2 - https:\/\/yoast.com\/product\/yoast-seo-wordpress\/ -->\n<title>\u067e\u0627\u06b5\u067e\u0634\u062a\u06cc \u0628\u06c6 \u0633\u062a\u0627\u0641 - Ockenden Review<\/title>\n<meta name=\"robots\" content=\"index, follow, max-snippet:-1, max-image-preview:large, max-video-preview:-1\" \/>\n<link rel=\"canonical\" href=\"http:\/\/www.ockendenmaternityreview.org.uk\/ku\/\u067e\u0627\u06b5\u067e\u0634\u062a\u06cc-\u0628\u06c6-\u0633\u062a\u0627\u0641\/\" \/>\n<meta property=\"og:locale\" content=\"en_US\" \/>\n<meta property=\"og:type\" content=\"article\" \/>\n<meta property=\"og:title\" content=\"\u067e\u0627\u06b5\u067e\u0634\u062a\u06cc \u0628\u06c6 \u0633\u062a\u0627\u0641 - Ockenden Review\" \/>\n<meta property=\"og:description\" content=\"Li vir ji bo al\u00eekariy\u00ea (Agahdar\u00ee ji h\u00eala NHS Trust ya Nexwe\u015fxaney\u00ean Zan\u00eengeha Nottingham ve ji bo karmendan di N\u00eesana 2023an de hat\u00ee peyda kirin) Nexwe\u015fxaney\u00ee B\u00fbyera Ewlehiya Nexwe\u015fan, J\u00eengeh\/\u00c7and, Rota\/Saet, \u00c7avd\u00ear\u00ee H\u00eendar\u00ee H\u00eenkirin li ser kar, Portfolyo\/ARPC, Ezm\u00fbn \u015eexs\u00ee Pere, Tenduristiya Fiz\u00eek\u00ee\/Der\u00fbn\u00ee, Alkol\/Madeya Hi\u015fber\/Cixarek\u00ea\u015fandin, Mal\/Malbat Ji bo yek ji van j\u00ee h\u00fbn dikarin bi &hellip; Continued\" \/>\n<meta property=\"og:url\" content=\"http:\/\/www.ockendenmaternityreview.org.uk\/ku\/\u067e\u0627\u06b5\u067e\u0634\u062a\u06cc-\u0628\u06c6-\u0633\u062a\u0627\u0641\/\" \/>\n<meta property=\"og:site_name\" content=\"Ockenden Review\" \/>\n<meta property=\"article:publisher\" content=\"https:\/\/www.facebook.com\/ockendenmaternityreview?mibextid=wwXIfr\" \/>\n<meta property=\"article:modified_time\" content=\"2026-03-24T14:14:01+00:00\" \/>\n<meta name=\"twitter:card\" content=\"summary_large_image\" \/>\n<meta name=\"twitter:site\" content=\"@ockreview\" \/>\n<meta name=\"twitter:label1\" content=\"Est. reading time\" \/>\n\t<meta name=\"twitter:data1\" content=\"2 \u062e\u0648\u0644\u06d5\u06a9\" \/>\n<script type=\"application\/ld+json\" class=\"yoast-schema-graph\">{\"@context\":\"https:\/\/schema.org\",\"@graph\":[{\"@type\":\"WebPage\",\"@id\":\"http:\/\/www.ockendenmaternityreview.org.uk\/ku\/%d9%be%d8%a7%da%b5%d9%be%d8%b4%d8%aa%db%8c-%d8%a8%db%86-%d8%b3%d8%aa%d8%a7%d9%81\/\",\"url\":\"http:\/\/www.ockendenmaternityreview.org.uk\/ku\/%d9%be%d8%a7%da%b5%d9%be%d8%b4%d8%aa%db%8c-%d8%a8%db%86-%d8%b3%d8%aa%d8%a7%d9%81\/\",\"name\":\"\u067e\u0627\u06b5\u067e\u0634\u062a\u06cc \u0628\u06c6 \u0633\u062a\u0627\u0641 - Ockenden Review\",\"isPartOf\":{\"@id\":\"https:\/\/www.ockendenmaternityreview.org.uk\/ro\/#website\"},\"datePublished\":\"2026-01-08T15:33:58+00:00\",\"dateModified\":\"2026-03-24T14:14:01+00:00\",\"breadcrumb\":{\"@id\":\"http:\/\/www.ockendenmaternityreview.org.uk\/ku\/%d9%be%d8%a7%da%b5%d9%be%d8%b4%d8%aa%db%8c-%d8%a8%db%86-%d8%b3%d8%aa%d8%a7%d9%81\/#breadcrumb\"},\"inLanguage\":\"ckb\",\"potentialAction\":[{\"@type\":\"ReadAction\",\"target\":[\"http:\/\/www.ockendenmaternityreview.org.uk\/ku\/%d9%be%d8%a7%da%b5%d9%be%d8%b4%d8%aa%db%8c-%d8%a8%db%86-%d8%b3%d8%aa%d8%a7%d9%81\/\"]}]},{\"@type\":\"BreadcrumbList\",\"@id\":\"http:\/\/www.ockendenmaternityreview.org.uk\/ku\/%d9%be%d8%a7%da%b5%d9%be%d8%b4%d8%aa%db%8c-%d8%a8%db%86-%d8%b3%d8%aa%d8%a7%d9%81\/#breadcrumb\",\"itemListElement\":[{\"@type\":\"ListItem\",\"position\":1,\"name\":\"Home\",\"item\":\"https:\/\/www.ockendenmaternityreview.org.uk\/ku\/\"},{\"@type\":\"ListItem\",\"position\":2,\"name\":\"\u067e\u0627\u06b5\u067e\u0634\u062a\u06cc \u0628\u06c6 \u0633\u062a\u0627\u0641\"}]},{\"@type\":\"WebSite\",\"@id\":\"https:\/\/www.ockendenmaternityreview.org.uk\/ro\/#website\",\"url\":\"https:\/\/www.ockendenmaternityreview.org.uk\/ro\/\",\"name\":\"Ockenden Review\",\"description\":\"\",\"potentialAction\":[{\"@type\":\"SearchAction\",\"target\":{\"@type\":\"EntryPoint\",\"urlTemplate\":\"https:\/\/www.ockendenmaternityreview.org.uk\/ro\/?s={search_term_string}\"},\"query-input\":{\"@type\":\"PropertyValueSpecification\",\"valueRequired\":true,\"valueName\":\"search_term_string\"}}],\"inLanguage\":\"ckb\"}]}<\/script>\n<!-- \/ Yoast SEO plugin. -->","yoast_head_json":{"title":"\u067e\u0627\u06b5\u067e\u0634\u062a\u06cc \u0628\u06c6 \u0633\u062a\u0627\u0641 - Ockenden Review","robots":{"index":"index","follow":"follow","max-snippet":"max-snippet:-1","max-image-preview":"max-image-preview:large","max-video-preview":"max-video-preview:-1"},"canonical":"http:\/\/www.ockendenmaternityreview.org.uk\/ku\/\u067e\u0627\u06b5\u067e\u0634\u062a\u06cc-\u0628\u06c6-\u0633\u062a\u0627\u0641\/","og_locale":"en_US","og_type":"article","og_title":"\u067e\u0627\u06b5\u067e\u0634\u062a\u06cc \u0628\u06c6 \u0633\u062a\u0627\u0641 - Ockenden Review","og_description":"Li vir ji bo al\u00eekariy\u00ea (Agahdar\u00ee ji h\u00eala NHS Trust ya Nexwe\u015fxaney\u00ean Zan\u00eengeha Nottingham ve ji bo karmendan di N\u00eesana 2023an de hat\u00ee peyda kirin) Nexwe\u015fxaney\u00ee B\u00fbyera Ewlehiya Nexwe\u015fan, J\u00eengeh\/\u00c7and, Rota\/Saet, \u00c7avd\u00ear\u00ee H\u00eendar\u00ee H\u00eenkirin li ser kar, Portfolyo\/ARPC, Ezm\u00fbn \u015eexs\u00ee Pere, Tenduristiya Fiz\u00eek\u00ee\/Der\u00fbn\u00ee, Alkol\/Madeya Hi\u015fber\/Cixarek\u00ea\u015fandin, Mal\/Malbat Ji bo yek ji van j\u00ee h\u00fbn dikarin bi &hellip; Continued","og_url":"http:\/\/www.ockendenmaternityreview.org.uk\/ku\/\u067e\u0627\u06b5\u067e\u0634\u062a\u06cc-\u0628\u06c6-\u0633\u062a\u0627\u0641\/","og_site_name":"Ockenden Review","article_publisher":"https:\/\/www.facebook.com\/ockendenmaternityreview?mibextid=wwXIfr","article_modified_time":"2026-03-24T14:14:01+00:00","twitter_card":"summary_large_image","twitter_site":"@ockreview","twitter_misc":{"Est. reading time":"2 \u062e\u0648\u0644\u06d5\u06a9"},"schema":{"@context":"https:\/\/schema.org","@graph":[{"@type":"WebPage","@id":"http:\/\/www.ockendenmaternityreview.org.uk\/ku\/%d9%be%d8%a7%da%b5%d9%be%d8%b4%d8%aa%db%8c-%d8%a8%db%86-%d8%b3%d8%aa%d8%a7%d9%81\/","url":"http:\/\/www.ockendenmaternityreview.org.uk\/ku\/%d9%be%d8%a7%da%b5%d9%be%d8%b4%d8%aa%db%8c-%d8%a8%db%86-%d8%b3%d8%aa%d8%a7%d9%81\/","name":"\u067e\u0627\u06b5\u067e\u0634\u062a\u06cc \u0628\u06c6 \u0633\u062a\u0627\u0641 - Ockenden Review","isPartOf":{"@id":"https:\/\/www.ockendenmaternityreview.org.uk\/ro\/#website"},"datePublished":"2026-01-08T15:33:58+00:00","dateModified":"2026-03-24T14:14:01+00:00","breadcrumb":{"@id":"http:\/\/www.ockendenmaternityreview.org.uk\/ku\/%d9%be%d8%a7%da%b5%d9%be%d8%b4%d8%aa%db%8c-%d8%a8%db%86-%d8%b3%d8%aa%d8%a7%d9%81\/#breadcrumb"},"inLanguage":"ckb","potentialAction":[{"@type":"ReadAction","target":["http:\/\/www.ockendenmaternityreview.org.uk\/ku\/%d9%be%d8%a7%da%b5%d9%be%d8%b4%d8%aa%db%8c-%d8%a8%db%86-%d8%b3%d8%aa%d8%a7%d9%81\/"]}]},{"@type":"BreadcrumbList","@id":"http:\/\/www.ockendenmaternityreview.org.uk\/ku\/%d9%be%d8%a7%da%b5%d9%be%d8%b4%d8%aa%db%8c-%d8%a8%db%86-%d8%b3%d8%aa%d8%a7%d9%81\/#breadcrumb","itemListElement":[{"@type":"ListItem","position":1,"name":"Home","item":"https:\/\/www.ockendenmaternityreview.org.uk\/ku\/"},{"@type":"ListItem","position":2,"name":"\u067e\u0627\u06b5\u067e\u0634\u062a\u06cc \u0628\u06c6 \u0633\u062a\u0627\u0641"}]},{"@type":"WebSite","@id":"https:\/\/www.ockendenmaternityreview.org.uk\/ro\/#website","url":"https:\/\/www.ockendenmaternityreview.org.uk\/ro\/","name":"Ockenden Review","description":"","potentialAction":[{"@type":"SearchAction","target":{"@type":"EntryPoint","urlTemplate":"https:\/\/www.ockendenmaternityreview.org.uk\/ro\/?s={search_term_string}"},"query-input":{"@type":"PropertyValueSpecification","valueRequired":true,"valueName":"search_term_string"}}],"inLanguage":"ckb"}]}},"_links":{"self":[{"href":"https:\/\/www.ockendenmaternityreview.org.uk\/ku\/wp-json\/wp\/v2\/pages\/11827","targetHints":{"allow":["GET"]}}],"collection":[{"href":"https:\/\/www.ockendenmaternityreview.org.uk\/ku\/wp-json\/wp\/v2\/pages"}],"about":[{"href":"https:\/\/www.ockendenmaternityreview.org.uk\/ku\/wp-json\/wp\/v2\/types\/page"}],"author":[{"embeddable":true,"href":"https:\/\/www.ockendenmaternityreview.org.uk\/ku\/wp-json\/wp\/v2\/users\/1"}],"replies":[{"embeddable":true,"href":"https:\/\/www.ockendenmaternityreview.org.uk\/ku\/wp-json\/wp\/v2\/comments?post=11827"}],"version-history":[{"count":0,"href":"https:\/\/www.ockendenmaternityreview.org.uk\/ku\/wp-json\/wp\/v2\/pages\/11827\/revisions"}],"wp:attachment":[{"href":"https:\/\/www.ockendenmaternityreview.org.uk\/ku\/wp-json\/wp\/v2\/media?parent=11827"}],"curies":[{"name":"wp","href":"https:\/\/api.w.org\/{rel}","templated":true}]}}