{"id":11838,"date":"2026-01-08T14:43:58","date_gmt":"2026-01-08T14:43:58","guid":{"rendered":"https:\/\/ockendenmatdev.wpenginepowered.com\/%d8%a8%db%95%d8%b1%d8%af%db%95%d9%86%da%af\/"},"modified":"2026-03-24T14:14:12","modified_gmt":"2026-03-24T14:14:12","slug":"%d8%a8%db%95%d8%b1%d8%af%db%95%d9%86%da%af","status":"publish","type":"page","link":"https:\/\/www.ockendenmaternityreview.org.uk\/ku\/%d8%a8%db%95%d8%b1%d8%af%db%95%d9%86%da%af\/","title":{"rendered":"\u0628\u06d5\u0631\u062f\u06d5\u0646\u06af"},"content":{"rendered":"\n<h2 class=\"wp-block-heading\">\u0628\u06d5\u0631\u062f\u06d5\u0646\u06af<\/h2>\n\n<p>\u0626\u06d5\u0646\u062f\u0627\u0645\u0627\u0646\u06cc \u062a\u06cc\u0645\u06d5\u06a9\u06d5 \u0628\u06d5\u0631\u062f\u06d5\u0633\u062a \u062f\u06d5\u0628\u0646 \u0628\u06c6 \u0648\u06d5\u06b5\u0627\u0645\u062f\u0627\u0646\u06d5\u0648\u06d5\u06cc \u0647\u06d5\u0631 \u067e\u06d5\u06cc\u0648\u06d5\u0646\u062f\u06cc\u06cc\u06d5\u06a9\u06cc \u062a\u06d5\u0644\u06d5\u0641\u06c6\u0646\u06cc \u0648 \u0626\u06cc\u0645\u06d5\u06cc\u06b5 \u0644\u06d5 \u0695\u06c6\u0698\u0627\u0646\u06cc \u062f\u0648\u0648\u0634\u06d5\u0645\u0645\u06d5 \u062a\u0627 \u0647\u06d5\u06cc\u0646\u06cc \u0644\u06d5 \u0646\u06ce\u0648\u0627\u0646 \u06a9\u0627\u062a\u0698\u0645\u06ce\u0631 \u06f8\u06cc \u0628\u06d5\u06cc\u0627\u0646\u06cc \u062a\u0627 \u06f4\u06cc \u0626\u06ce\u0648\u0627\u0631\u06d5.<\/p>\n\n<h2 class=\"wp-block-heading\">Nirxandina Leeds\u00ea<\/h2>\n\n<p>Ji bo t\u00eakil\u00eey\u00ea bi t\u00eem\u00ea re, ji kerema xwe e-nameyek <a href=\"mailto:leedsreview@donnaockenden.com\">ji leedsreview@donnaockenden.com<\/a> re bi\u015f\u00eenin an j\u00ee li <a href=\"tel:+441243786993\">01243 786993<\/a> telefon bikin.<\/p>\n\n<h2 class=\"wp-block-heading\">Nirxandina Nottingham\u00ea<\/h2>\n\n<p>\u0628\u06c6 \u067e\u06d5\u06cc\u0648\u06d5\u0646\u062f\u06cc\u06a9\u0631\u062f\u0646 \u0628\u06d5 \u062a\u06cc\u0645\u06d5\u06a9\u06d5 \u062a\u06a9\u0627\u06cc\u06d5 <a href=\"mailto:nottsreview@donnaockenden.com\">\u0626\u06cc\u0645\u06d5\u06cc\u06b5 \u0628\u0646\u06ce\u0631\u06d5 nottsreview@donnaockenden.com<\/a> \u06cc\u0627\u0646 \u067e\u06d5\u06cc\u0648\u06d5\u0646\u062f\u06cc \u0628\u06a9\u06d5 \u0628\u06d5 <a href=\"tel:+441243786993\">01243 786993<\/a><\/p>\n\n<h2 class=\"wp-block-heading\">\u0695\u0627\u067e\u0631\u0633\u06cc\u06cc\u06d5\u06a9\u0627\u0646\u06cc \u0645\u06cc\u062f\u06cc\u0627<\/h2>\n\n<p>\u0628\u06c6 \u0647\u06d5\u0645\u0648\u0648 \u067e\u0631\u0633\u06d5\u06a9\u0627\u0646\u06cc \u0695\u0627\u06af\u06d5\u06cc\u0627\u0646\u062f\u0646 \u06cc\u0627\u0646 \u067e\u06d5\u06cc\u0648\u06d5\u0646\u062f\u06cc\u06a9\u0631\u062f\u0646 \u062a\u06a9\u0627\u06cc\u06d5 \u067e\u06d5\u06cc\u0648\u06d5\u0646\u062f\u06cc \u0628\u06a9\u06d5 \u0628\u06d5:<\/p>\n\n<p><strong>\u0646\u0648\u0633\u06cc\u0646\u06af\u06d5\u06cc \u062f\u06c6\u0646\u0627 \u0626\u06c6\u06a9\u06cc\u0646\u062f\u0646  <\/strong><\/p>\n\n<p>\u00cem\u00eal: <a href=\"mailto:communications@donnaockenden.com\">communications@donnaockenden.com<\/a><\/p>\n\n<p>Telefon: 01243 786993<\/p>\n\n<p><strong>Peywendiy\u00ean Dervey\u00ee Demjim\u00earan<\/strong><\/p>\n\n<p>Ell\u00ees: 07379 248 555<\/p>\n\n<h2 class=\"wp-block-heading\">\u0686\u06c6\u0646 \u0632\u0627\u0646\u06cc\u0627\u0631\u06cc\u06d5 \u06a9\u06d5\u0633\u06cc\u06d5\u06a9\u0627\u0646\u062a \u0628\u06d5\u06a9\u0627\u0631\u062f\u06d5\u0647\u06ce\u0646\u06cc\u0646<\/h2>\n\n<p>\u06a9\u0627\u062a\u06ce\u06a9 \u0628\u0695\u06cc\u0627\u0631 \u062f\u06d5\u062f\u06d5\u06cc\u062a \u067e\u06d5\u06cc\u0648\u06d5\u0646\u062f\u06cc\u0645\u0627\u0646 \u067e\u06ce\u0648\u06d5 \u0628\u06a9\u06d5\u06cc\u062a\u060c \u062a\u06cc\u0645\u06cc \u067e\u06ce\u062f\u0627\u0686\u0648\u0648\u0646\u06d5\u0648\u06d5 \u0648\u0631\u062f\u06d5\u06a9\u0627\u0631\u06cc\u06cc\u06d5\u06a9\u0627\u0646\u062a \u0648 \u0647\u06d5\u0631 \u0632\u0627\u0646\u06cc\u0627\u0631\u06cc\u06cc\u06d5\u06a9\u06cc \u062a\u0631 \u062a\u06c6\u0645\u0627\u0631 \u062f\u06d5\u06a9\u0627\u062a \u06a9\u06d5 \u067e\u06ce\u0645\u0627\u0646 \u062f\u06d5\u062f\u06d5\u06cc\u062a. \u0626\u06d5\u0645 \u0632\u0627\u0646\u06cc\u0627\u0631\u06cc\u0627\u0646\u06d5 \u0628\u06d5\u06a9\u0627\u0631\u062f\u06d5\u0647\u06ce\u0646\u06cc\u0646: <\/p>\n\n<ul class=\"wp-block-list\">\n<li>\u0628\u06c6 \u0648\u06d5\u06b5\u0627\u0645\u062f\u0627\u0646\u06d5\u0648\u06d5\u06cc \u0647\u06d5\u0631 \u067e\u0631\u0633\u06cc\u0627\u0631\u06ce\u06a9 \u06cc\u0627\u0646 \u067e\u0631\u0633\u06cc\u0627\u0631\u06ce\u06a9 \u06a9\u06d5 \u062f\u0631\u0648\u0633\u062a\u062a \u06a9\u0631\u062f\u0648\u0648\u06d5. \u0648\/\u06cc\u0627\u0646<\/li>\n\n\n\n<li>\u0628\u06c6 \u0626\u06d5\u0648\u06d5\u06cc \u0645\u06d5\u0631\u062c\u06d5\u06a9\u0627\u0646\u06cc \u067e\u06ce\u062f\u0627\u0686\u0648\u0648\u0646\u06d5\u0648\u06d5\u06a9\u06d5 \u062c\u06ce\u0628\u06d5\u062c\u06ce \u0628\u06a9\u06d5\u0646.<\/li>\n<\/ul>\n\n<p>Nirxandin <a href=\"http:\/\/ockendenmaternityreview.org.uk\/information-management-policy\/\">Siyaseteke R\u00eaveberiya Agahdariy\u00ea<\/a> \u00fb <a href=\"http:\/\/ockendenmaternityreview.org.uk\/privacy-policy\/\">Siyaseteke Nepen\u00eetiy\u00ea<\/a> heye ku rave dike ka agahdariya ku bi nirxandin\u00ea re t\u00ea parvekirin d\u00ea \u00e7awa were bikar an\u00een.<\/p>\n","protected":false},"excerpt":{"rendered":"<p>\u0628\u06d5\u0631\u062f\u06d5\u0646\u06af \u0626\u06d5\u0646\u062f\u0627\u0645\u0627\u0646\u06cc \u062a\u06cc\u0645\u06d5\u06a9\u06d5 \u0628\u06d5\u0631\u062f\u06d5\u0633\u062a \u062f\u06d5\u0628\u0646 \u0628\u06c6 \u0648\u06d5\u06b5\u0627\u0645\u062f\u0627\u0646\u06d5\u0648\u06d5\u06cc \u0647\u06d5\u0631 \u067e\u06d5\u06cc\u0648\u06d5\u0646\u062f\u06cc\u06cc\u06d5\u06a9\u06cc \u062a\u06d5\u0644\u06d5\u0641\u06c6\u0646\u06cc \u0648 \u0626\u06cc\u0645\u06d5\u06cc\u06b5 \u0644\u06d5 \u0695\u06c6\u0698\u0627\u0646\u06cc \u062f\u0648\u0648\u0634\u06d5\u0645\u0645\u06d5 \u062a\u0627 \u0647\u06d5\u06cc\u0646\u06cc \u0644\u06d5 \u0646\u06ce\u0648\u0627\u0646 \u06a9\u0627\u062a\u0698\u0645\u06ce\u0631 \u06f8\u06cc \u0628\u06d5\u06cc\u0627\u0646\u06cc \u062a\u0627 \u06f4\u06cc \u0626\u06ce\u0648\u0627\u0631\u06d5. Nirxandina Leeds\u00ea Ji bo t\u00eakil\u00eey\u00ea bi t\u00eem\u00ea re, ji kerema xwe e-nameyek ji leedsreview@donnaockenden.com re bi\u015f\u00eenin an j\u00ee li 01243 786993 telefon bikin. Nirxandina Nottingham\u00ea \u0628\u06c6 \u067e\u06d5\u06cc\u0648\u06d5\u0646\u062f\u06cc\u06a9\u0631\u062f\u0646 \u0628\u06d5 \u062a\u06cc\u0645\u06d5\u06a9\u06d5 \u062a\u06a9\u0627\u06cc\u06d5 &hellip; <a href=\"https:\/\/www.ockendenmaternityreview.org.uk\/ku\/%d8%a8%db%95%d8%b1%d8%af%db%95%d9%86%da%af\/\">Continued<\/a><\/p>\n","protected":false},"author":1,"featured_media":0,"parent":0,"menu_order":0,"comment_status":"closed","ping_status":"closed","template":"","meta":{"_acf_changed":false,"footnotes":""},"class_list":["post-11838","page","type-page","status-publish","hentry"],"acf":[],"yoast_head":"<!-- This site is optimized with the Yoast SEO plugin v27.2 - https:\/\/yoast.com\/product\/yoast-seo-wordpress\/ -->\n<title>\u0628\u06d5\u0631\u062f\u06d5\u0646\u06af - Ockenden Review<\/title>\n<meta name=\"robots\" content=\"index, follow, max-snippet:-1, max-image-preview:large, max-video-preview:-1\" \/>\n<link rel=\"canonical\" href=\"https:\/\/www.ockendenmaternityreview.org.uk\/contact\/\" \/>\n<meta property=\"og:locale\" content=\"en_US\" \/>\n<meta property=\"og:type\" content=\"article\" \/>\n<meta property=\"og:title\" content=\"\u0628\u06d5\u0631\u062f\u06d5\u0646\u06af - Ockenden Review\" \/>\n<meta property=\"og:description\" content=\"\u0628\u06d5\u0631\u062f\u06d5\u0646\u06af \u0626\u06d5\u0646\u062f\u0627\u0645\u0627\u0646\u06cc \u062a\u06cc\u0645\u06d5\u06a9\u06d5 \u0628\u06d5\u0631\u062f\u06d5\u0633\u062a \u062f\u06d5\u0628\u0646 \u0628\u06c6 \u0648\u06d5\u06b5\u0627\u0645\u062f\u0627\u0646\u06d5\u0648\u06d5\u06cc \u0647\u06d5\u0631 \u067e\u06d5\u06cc\u0648\u06d5\u0646\u062f\u06cc\u06cc\u06d5\u06a9\u06cc \u062a\u06d5\u0644\u06d5\u0641\u06c6\u0646\u06cc \u0648 \u0626\u06cc\u0645\u06d5\u06cc\u06b5 \u0644\u06d5 \u0695\u06c6\u0698\u0627\u0646\u06cc \u062f\u0648\u0648\u0634\u06d5\u0645\u0645\u06d5 \u062a\u0627 \u0647\u06d5\u06cc\u0646\u06cc \u0644\u06d5 \u0646\u06ce\u0648\u0627\u0646 \u06a9\u0627\u062a\u0698\u0645\u06ce\u0631 \u06f8\u06cc \u0628\u06d5\u06cc\u0627\u0646\u06cc \u062a\u0627 \u06f4\u06cc \u0626\u06ce\u0648\u0627\u0631\u06d5. Nirxandina Leeds\u00ea Ji bo t\u00eakil\u00eey\u00ea bi t\u00eem\u00ea re, ji kerema xwe e-nameyek ji leedsreview@donnaockenden.com re bi\u015f\u00eenin an j\u00ee li 01243 786993 telefon bikin. Nirxandina Nottingham\u00ea \u0628\u06c6 \u067e\u06d5\u06cc\u0648\u06d5\u0646\u062f\u06cc\u06a9\u0631\u062f\u0646 \u0628\u06d5 \u062a\u06cc\u0645\u06d5\u06a9\u06d5 \u062a\u06a9\u0627\u06cc\u06d5 &hellip; Continued\" \/>\n<meta property=\"og:url\" content=\"https:\/\/www.ockendenmaternityreview.org.uk\/contact\/\" \/>\n<meta property=\"og:site_name\" content=\"Ockenden Review\" \/>\n<meta property=\"article:publisher\" content=\"https:\/\/www.facebook.com\/ockendenmaternityreview?mibextid=wwXIfr\" \/>\n<meta property=\"article:modified_time\" content=\"2026-03-24T14:14:12+00:00\" \/>\n<meta name=\"twitter:card\" content=\"summary_large_image\" \/>\n<meta name=\"twitter:site\" content=\"@ockreview\" \/>\n<script type=\"application\/ld+json\" class=\"yoast-schema-graph\">{\"@context\":\"https:\/\/schema.org\",\"@graph\":[{\"@type\":\"WebPage\",\"@id\":\"https:\/\/www.ockendenmaternityreview.org.uk\/contact\/\",\"url\":\"https:\/\/www.ockendenmaternityreview.org.uk\/contact\/\",\"name\":\"\u0628\u06d5\u0631\u062f\u06d5\u0646\u06af - Ockenden Review\",\"isPartOf\":{\"@id\":\"https:\/\/www.ockendenmaternityreview.org.uk\/ar\/#website\"},\"datePublished\":\"2026-01-08T14:43:58+00:00\",\"dateModified\":\"2026-03-24T14:14:12+00:00\",\"breadcrumb\":{\"@id\":\"https:\/\/www.ockendenmaternityreview.org.uk\/contact\/#breadcrumb\"},\"inLanguage\":\"ckb\",\"potentialAction\":[{\"@type\":\"ReadAction\",\"target\":[\"https:\/\/www.ockendenmaternityreview.org.uk\/contact\/\"]}]},{\"@type\":\"BreadcrumbList\",\"@id\":\"https:\/\/www.ockendenmaternityreview.org.uk\/contact\/#breadcrumb\",\"itemListElement\":[{\"@type\":\"ListItem\",\"position\":1,\"name\":\"Home\",\"item\":\"https:\/\/www.ockendenmaternityreview.org.uk\/ku\/\"},{\"@type\":\"ListItem\",\"position\":2,\"name\":\"\u0628\u06d5\u0631\u062f\u06d5\u0646\u06af\"}]},{\"@type\":\"WebSite\",\"@id\":\"https:\/\/www.ockendenmaternityreview.org.uk\/ar\/#website\",\"url\":\"https:\/\/www.ockendenmaternityreview.org.uk\/ar\/\",\"name\":\"Ockenden Review\",\"description\":\"\",\"potentialAction\":[{\"@type\":\"SearchAction\",\"target\":{\"@type\":\"EntryPoint\",\"urlTemplate\":\"https:\/\/www.ockendenmaternityreview.org.uk\/ar\/?s={search_term_string}\"},\"query-input\":{\"@type\":\"PropertyValueSpecification\",\"valueRequired\":true,\"valueName\":\"search_term_string\"}}],\"inLanguage\":\"ckb\"}]}<\/script>\n<!-- \/ Yoast SEO plugin. -->","yoast_head_json":{"title":"\u0628\u06d5\u0631\u062f\u06d5\u0646\u06af - Ockenden Review","robots":{"index":"index","follow":"follow","max-snippet":"max-snippet:-1","max-image-preview":"max-image-preview:large","max-video-preview":"max-video-preview:-1"},"canonical":"https:\/\/www.ockendenmaternityreview.org.uk\/contact\/","og_locale":"en_US","og_type":"article","og_title":"\u0628\u06d5\u0631\u062f\u06d5\u0646\u06af - Ockenden Review","og_description":"\u0628\u06d5\u0631\u062f\u06d5\u0646\u06af \u0626\u06d5\u0646\u062f\u0627\u0645\u0627\u0646\u06cc \u062a\u06cc\u0645\u06d5\u06a9\u06d5 \u0628\u06d5\u0631\u062f\u06d5\u0633\u062a \u062f\u06d5\u0628\u0646 \u0628\u06c6 \u0648\u06d5\u06b5\u0627\u0645\u062f\u0627\u0646\u06d5\u0648\u06d5\u06cc \u0647\u06d5\u0631 \u067e\u06d5\u06cc\u0648\u06d5\u0646\u062f\u06cc\u06cc\u06d5\u06a9\u06cc \u062a\u06d5\u0644\u06d5\u0641\u06c6\u0646\u06cc \u0648 \u0626\u06cc\u0645\u06d5\u06cc\u06b5 \u0644\u06d5 \u0695\u06c6\u0698\u0627\u0646\u06cc \u062f\u0648\u0648\u0634\u06d5\u0645\u0645\u06d5 \u062a\u0627 \u0647\u06d5\u06cc\u0646\u06cc \u0644\u06d5 \u0646\u06ce\u0648\u0627\u0646 \u06a9\u0627\u062a\u0698\u0645\u06ce\u0631 \u06f8\u06cc \u0628\u06d5\u06cc\u0627\u0646\u06cc \u062a\u0627 \u06f4\u06cc \u0626\u06ce\u0648\u0627\u0631\u06d5. Nirxandina Leeds\u00ea Ji bo t\u00eakil\u00eey\u00ea bi t\u00eem\u00ea re, ji kerema xwe e-nameyek ji leedsreview@donnaockenden.com re bi\u015f\u00eenin an j\u00ee li 01243 786993 telefon bikin. Nirxandina Nottingham\u00ea \u0628\u06c6 \u067e\u06d5\u06cc\u0648\u06d5\u0646\u062f\u06cc\u06a9\u0631\u062f\u0646 \u0628\u06d5 \u062a\u06cc\u0645\u06d5\u06a9\u06d5 \u062a\u06a9\u0627\u06cc\u06d5 &hellip; Continued","og_url":"https:\/\/www.ockendenmaternityreview.org.uk\/contact\/","og_site_name":"Ockenden Review","article_publisher":"https:\/\/www.facebook.com\/ockendenmaternityreview?mibextid=wwXIfr","article_modified_time":"2026-03-24T14:14:12+00:00","twitter_card":"summary_large_image","twitter_site":"@ockreview","schema":{"@context":"https:\/\/schema.org","@graph":[{"@type":"WebPage","@id":"https:\/\/www.ockendenmaternityreview.org.uk\/contact\/","url":"https:\/\/www.ockendenmaternityreview.org.uk\/contact\/","name":"\u0628\u06d5\u0631\u062f\u06d5\u0646\u06af - Ockenden Review","isPartOf":{"@id":"https:\/\/www.ockendenmaternityreview.org.uk\/ar\/#website"},"datePublished":"2026-01-08T14:43:58+00:00","dateModified":"2026-03-24T14:14:12+00:00","breadcrumb":{"@id":"https:\/\/www.ockendenmaternityreview.org.uk\/contact\/#breadcrumb"},"inLanguage":"ckb","potentialAction":[{"@type":"ReadAction","target":["https:\/\/www.ockendenmaternityreview.org.uk\/contact\/"]}]},{"@type":"BreadcrumbList","@id":"https:\/\/www.ockendenmaternityreview.org.uk\/contact\/#breadcrumb","itemListElement":[{"@type":"ListItem","position":1,"name":"Home","item":"https:\/\/www.ockendenmaternityreview.org.uk\/ku\/"},{"@type":"ListItem","position":2,"name":"\u0628\u06d5\u0631\u062f\u06d5\u0646\u06af"}]},{"@type":"WebSite","@id":"https:\/\/www.ockendenmaternityreview.org.uk\/ar\/#website","url":"https:\/\/www.ockendenmaternityreview.org.uk\/ar\/","name":"Ockenden Review","description":"","potentialAction":[{"@type":"SearchAction","target":{"@type":"EntryPoint","urlTemplate":"https:\/\/www.ockendenmaternityreview.org.uk\/ar\/?s={search_term_string}"},"query-input":{"@type":"PropertyValueSpecification","valueRequired":true,"valueName":"search_term_string"}}],"inLanguage":"ckb"}]}},"_links":{"self":[{"href":"https:\/\/www.ockendenmaternityreview.org.uk\/ku\/wp-json\/wp\/v2\/pages\/11838","targetHints":{"allow":["GET"]}}],"collection":[{"href":"https:\/\/www.ockendenmaternityreview.org.uk\/ku\/wp-json\/wp\/v2\/pages"}],"about":[{"href":"https:\/\/www.ockendenmaternityreview.org.uk\/ku\/wp-json\/wp\/v2\/types\/page"}],"author":[{"embeddable":true,"href":"https:\/\/www.ockendenmaternityreview.org.uk\/ku\/wp-json\/wp\/v2\/users\/1"}],"replies":[{"embeddable":true,"href":"https:\/\/www.ockendenmaternityreview.org.uk\/ku\/wp-json\/wp\/v2\/comments?post=11838"}],"version-history":[{"count":0,"href":"https:\/\/www.ockendenmaternityreview.org.uk\/ku\/wp-json\/wp\/v2\/pages\/11838\/revisions"}],"wp:attachment":[{"href":"https:\/\/www.ockendenmaternityreview.org.uk\/ku\/wp-json\/wp\/v2\/media?parent=11838"}],"curies":[{"name":"wp","href":"https:\/\/api.w.org\/{rel}","templated":true}]}}