{"id":12257,"date":"2026-01-08T16:38:29","date_gmt":"2026-01-08T16:38:29","guid":{"rendered":"https:\/\/ockendenmatdev.wpenginepowered.com\/pistgiriya-kriza-tenduristiya-deruni\/"},"modified":"2026-03-24T14:28:18","modified_gmt":"2026-03-24T14:28:18","slug":"pistgiriya-kriza-tenduristiya-deruni","status":"publish","type":"page","link":"https:\/\/www.ockendenmaternityreview.org.uk\/ku\/pistgiriya-kriza-tenduristiya-deruni\/","title":{"rendered":"Pi\u015ftgiriya Kr\u00eeza Tenduristiya Der\u00fbn\u00ee"},"content":{"rendered":"\n<div style=\"height:20px\" aria-hidden=\"true\" class=\"wp-block-spacer\"><\/div>\n\n<p>Carinan dibe ku h\u00fbn di rew\u015fek awarte de tengasiyek giran, an raman\u00ean xweku\u015ftin\u00ea bicerib\u00eenin, \u00fb dibe ku h\u00fbn hewce bikin ku di rew\u015fek awarte de al\u00eekariy\u00ea bist\u00eenin. Em li FPSS ne xizmetek kr\u00eez\u00ea ne \u00fb dibe ku di demek pir kurt de ne amade bin ku bi we re biaxivin.   <\/p>\n\n<p>Em dixwazin pi\u015ftrast bin ku h\u00fbn dikarin di rew\u015fek awarte de ji bo xwe an endamek\u00ee malbat\u00ea al\u00eekariy\u00ea bist\u00eenin; li j\u00ear \u00e7end vebijark hene:<\/p>\n\n<div style=\"height:50px\" aria-hidden=\"true\" class=\"wp-block-spacer\"><\/div>\n\n<h2 class=\"wp-block-heading\">Ji bo Mezinan<\/h2>\n\n<p><strong>Xeta Kr\u00eeza Tenduristiya Der\u00fbn\u00ee ya Nottinghamshire<\/strong><\/p>\n\n<p>24 demjim\u00ear\u00ean roj\u00ea, 7 roj\u00ean heftey\u00ea peyda ye &#8211; 0808 196 3779 (an j\u00ee h\u00fbn dikarin telefon bikin 111 \u00fb vebijarka 2 hilbij\u00earin)<\/p>\n\n<p><\/p>\n\n<p><strong>Samer\u00ee  <\/strong><\/p>\n\n<p>24 demjim\u00ear\u00ean roj\u00ea, 7 roj\u00ean heftey\u00ea peyda ye &#8211; 116 123<\/p>\n\n<p><\/p>\n\n<p><strong>R\u00eaza niv\u00ees\u00ea ya SHOUT<\/strong><\/p>\n\n<p>24 demjim\u00ear\u00ean roj\u00ea, 7 roj\u00ean heftey\u00ea peyda ye &#8211; niv\u00eesa &#8220;SHOUT&#8221; ji 85258 re bi\u015f\u00eenin.<\/p>\n\n<div style=\"height:50px\" aria-hidden=\"true\" class=\"wp-block-spacer\"><\/div>\n\n<h2 class=\"wp-block-heading\">Ji bo Zarok \u00fb Ciwanan<\/h2>\n\n<p><strong>Kr\u00eeza CAMHS \u00fb Dermankirina Mal\u00ea<\/strong><\/p>\n\n<p>24 demjim\u00ear\u00ean roj\u00ea, 7 roj\u00ean heftey\u00ea peyda ye &#8211; 0800 196 3779 (vebijarka 1)<\/p>\n\n<p><\/p>\n\n<p><strong>Papyrus Hopeline (ji bo her kes\u00ea di bin 35 sal\u00ee de)<\/strong><\/p>\n\n<p>24 demjim\u00ear\u00ean roj\u00ea, 7 roj\u00ean heftey\u00ea peyda ye &#8211; 0800 068 4141, an j\u00ee niv\u00ees\u00ea bi\u015f\u00eenin 88247<\/p>\n","protected":false},"excerpt":{"rendered":"<p>Carinan dibe ku h\u00fbn di rew\u015fek awarte de tengasiyek giran, an raman\u00ean xweku\u015ftin\u00ea bicerib\u00eenin, \u00fb dibe ku h\u00fbn hewce bikin ku di rew\u015fek awarte de al\u00eekariy\u00ea bist\u00eenin. Em li FPSS ne xizmetek kr\u00eez\u00ea ne \u00fb dibe ku di demek pir kurt de ne amade bin ku bi we re biaxivin. Em dixwazin pi\u015ftrast bin ku &hellip; <a href=\"https:\/\/www.ockendenmaternityreview.org.uk\/ku\/pistgiriya-kriza-tenduristiya-deruni\/\">Continued<\/a><\/p>\n","protected":false},"author":1,"featured_media":0,"parent":0,"menu_order":0,"comment_status":"closed","ping_status":"closed","template":"page-narrow.blade.php","meta":{"_acf_changed":false,"footnotes":""},"class_list":["post-12257","page","type-page","status-publish","hentry"],"acf":[],"yoast_head":"<!-- This site is optimized with the Yoast SEO plugin v27.2 - https:\/\/yoast.com\/product\/yoast-seo-wordpress\/ -->\n<title>Pi\u015ftgiriya Kr\u00eeza Tenduristiya Der\u00fbn\u00ee - Ockenden Review<\/title>\n<meta name=\"robots\" content=\"index, follow, max-snippet:-1, max-image-preview:large, max-video-preview:-1\" \/>\n<link rel=\"canonical\" href=\"http:\/\/www.ockendenmaternityreview.org.uk\/ku\/pistgiriya-kriza-tenduristiya-deruni\/\" \/>\n<meta property=\"og:locale\" content=\"en_US\" \/>\n<meta property=\"og:type\" content=\"article\" \/>\n<meta property=\"og:title\" content=\"Pi\u015ftgiriya Kr\u00eeza Tenduristiya Der\u00fbn\u00ee - Ockenden Review\" \/>\n<meta property=\"og:description\" content=\"Carinan dibe ku h\u00fbn di rew\u015fek awarte de tengasiyek giran, an raman\u00ean xweku\u015ftin\u00ea bicerib\u00eenin, \u00fb dibe ku h\u00fbn hewce bikin ku di rew\u015fek awarte de al\u00eekariy\u00ea bist\u00eenin. Em li FPSS ne xizmetek kr\u00eez\u00ea ne \u00fb dibe ku di demek pir kurt de ne amade bin ku bi we re biaxivin. Em dixwazin pi\u015ftrast bin ku &hellip; Continued\" \/>\n<meta property=\"og:url\" content=\"http:\/\/www.ockendenmaternityreview.org.uk\/ku\/pistgiriya-kriza-tenduristiya-deruni\/\" \/>\n<meta property=\"og:site_name\" content=\"Ockenden Review\" \/>\n<meta property=\"article:publisher\" content=\"https:\/\/www.facebook.com\/ockendenmaternityreview?mibextid=wwXIfr\" \/>\n<meta property=\"article:modified_time\" content=\"2026-03-24T14:28:18+00:00\" \/>\n<meta name=\"twitter:card\" content=\"summary_large_image\" \/>\n<meta name=\"twitter:site\" content=\"@ockreview\" \/>\n<meta name=\"twitter:label1\" content=\"Est. reading time\" \/>\n\t<meta name=\"twitter:data1\" content=\"1 \u062e\u0648\u0644\u06d5\u06a9\" \/>\n<script type=\"application\/ld+json\" class=\"yoast-schema-graph\">{\"@context\":\"https:\/\/schema.org\",\"@graph\":[{\"@type\":\"WebPage\",\"@id\":\"http:\/\/www.ockendenmaternityreview.org.uk\/ku\/pistgiriya-kriza-tenduristiya-deruni\/\",\"url\":\"http:\/\/www.ockendenmaternityreview.org.uk\/ku\/pistgiriya-kriza-tenduristiya-deruni\/\",\"name\":\"Pi\u015ftgiriya Kr\u00eeza Tenduristiya Der\u00fbn\u00ee - Ockenden Review\",\"isPartOf\":{\"@id\":\"https:\/\/www.ockendenmaternityreview.org.uk\/#website\"},\"datePublished\":\"2026-01-08T16:38:29+00:00\",\"dateModified\":\"2026-03-24T14:28:18+00:00\",\"breadcrumb\":{\"@id\":\"http:\/\/www.ockendenmaternityreview.org.uk\/ku\/pistgiriya-kriza-tenduristiya-deruni\/#breadcrumb\"},\"inLanguage\":\"ckb\",\"potentialAction\":[{\"@type\":\"ReadAction\",\"target\":[\"http:\/\/www.ockendenmaternityreview.org.uk\/ku\/pistgiriya-kriza-tenduristiya-deruni\/\"]}]},{\"@type\":\"BreadcrumbList\",\"@id\":\"http:\/\/www.ockendenmaternityreview.org.uk\/ku\/pistgiriya-kriza-tenduristiya-deruni\/#breadcrumb\",\"itemListElement\":[{\"@type\":\"ListItem\",\"position\":1,\"name\":\"Home\",\"item\":\"http:\/\/www.ockendenmaternityreview.org.uk\/ku\/\"},{\"@type\":\"ListItem\",\"position\":2,\"name\":\"Pi\u015ftgiriya Kr\u00eeza Tenduristiya Der\u00fbn\u00ee\"}]},{\"@type\":\"WebSite\",\"@id\":\"https:\/\/www.ockendenmaternityreview.org.uk\/#website\",\"url\":\"https:\/\/www.ockendenmaternityreview.org.uk\/\",\"name\":\"Ockenden Review\",\"description\":\"\",\"potentialAction\":[{\"@type\":\"SearchAction\",\"target\":{\"@type\":\"EntryPoint\",\"urlTemplate\":\"https:\/\/www.ockendenmaternityreview.org.uk\/?s={search_term_string}\"},\"query-input\":{\"@type\":\"PropertyValueSpecification\",\"valueRequired\":true,\"valueName\":\"search_term_string\"}}],\"inLanguage\":\"ckb\"}]}<\/script>\n<!-- \/ Yoast SEO plugin. -->","yoast_head_json":{"title":"Pi\u015ftgiriya Kr\u00eeza Tenduristiya Der\u00fbn\u00ee - Ockenden Review","robots":{"index":"index","follow":"follow","max-snippet":"max-snippet:-1","max-image-preview":"max-image-preview:large","max-video-preview":"max-video-preview:-1"},"canonical":"http:\/\/www.ockendenmaternityreview.org.uk\/ku\/pistgiriya-kriza-tenduristiya-deruni\/","og_locale":"en_US","og_type":"article","og_title":"Pi\u015ftgiriya Kr\u00eeza Tenduristiya Der\u00fbn\u00ee - Ockenden Review","og_description":"Carinan dibe ku h\u00fbn di rew\u015fek awarte de tengasiyek giran, an raman\u00ean xweku\u015ftin\u00ea bicerib\u00eenin, \u00fb dibe ku h\u00fbn hewce bikin ku di rew\u015fek awarte de al\u00eekariy\u00ea bist\u00eenin. Em li FPSS ne xizmetek kr\u00eez\u00ea ne \u00fb dibe ku di demek pir kurt de ne amade bin ku bi we re biaxivin. Em dixwazin pi\u015ftrast bin ku &hellip; Continued","og_url":"http:\/\/www.ockendenmaternityreview.org.uk\/ku\/pistgiriya-kriza-tenduristiya-deruni\/","og_site_name":"Ockenden Review","article_publisher":"https:\/\/www.facebook.com\/ockendenmaternityreview?mibextid=wwXIfr","article_modified_time":"2026-03-24T14:28:18+00:00","twitter_card":"summary_large_image","twitter_site":"@ockreview","twitter_misc":{"Est. reading time":"1 \u062e\u0648\u0644\u06d5\u06a9"},"schema":{"@context":"https:\/\/schema.org","@graph":[{"@type":"WebPage","@id":"http:\/\/www.ockendenmaternityreview.org.uk\/ku\/pistgiriya-kriza-tenduristiya-deruni\/","url":"http:\/\/www.ockendenmaternityreview.org.uk\/ku\/pistgiriya-kriza-tenduristiya-deruni\/","name":"Pi\u015ftgiriya Kr\u00eeza Tenduristiya Der\u00fbn\u00ee - Ockenden Review","isPartOf":{"@id":"https:\/\/www.ockendenmaternityreview.org.uk\/#website"},"datePublished":"2026-01-08T16:38:29+00:00","dateModified":"2026-03-24T14:28:18+00:00","breadcrumb":{"@id":"http:\/\/www.ockendenmaternityreview.org.uk\/ku\/pistgiriya-kriza-tenduristiya-deruni\/#breadcrumb"},"inLanguage":"ckb","potentialAction":[{"@type":"ReadAction","target":["http:\/\/www.ockendenmaternityreview.org.uk\/ku\/pistgiriya-kriza-tenduristiya-deruni\/"]}]},{"@type":"BreadcrumbList","@id":"http:\/\/www.ockendenmaternityreview.org.uk\/ku\/pistgiriya-kriza-tenduristiya-deruni\/#breadcrumb","itemListElement":[{"@type":"ListItem","position":1,"name":"Home","item":"http:\/\/www.ockendenmaternityreview.org.uk\/ku\/"},{"@type":"ListItem","position":2,"name":"Pi\u015ftgiriya Kr\u00eeza Tenduristiya Der\u00fbn\u00ee"}]},{"@type":"WebSite","@id":"https:\/\/www.ockendenmaternityreview.org.uk\/#website","url":"https:\/\/www.ockendenmaternityreview.org.uk\/","name":"Ockenden Review","description":"","potentialAction":[{"@type":"SearchAction","target":{"@type":"EntryPoint","urlTemplate":"https:\/\/www.ockendenmaternityreview.org.uk\/?s={search_term_string}"},"query-input":{"@type":"PropertyValueSpecification","valueRequired":true,"valueName":"search_term_string"}}],"inLanguage":"ckb"}]}},"_links":{"self":[{"href":"https:\/\/www.ockendenmaternityreview.org.uk\/ku\/wp-json\/wp\/v2\/pages\/12257","targetHints":{"allow":["GET"]}}],"collection":[{"href":"https:\/\/www.ockendenmaternityreview.org.uk\/ku\/wp-json\/wp\/v2\/pages"}],"about":[{"href":"https:\/\/www.ockendenmaternityreview.org.uk\/ku\/wp-json\/wp\/v2\/types\/page"}],"author":[{"embeddable":true,"href":"https:\/\/www.ockendenmaternityreview.org.uk\/ku\/wp-json\/wp\/v2\/users\/1"}],"replies":[{"embeddable":true,"href":"https:\/\/www.ockendenmaternityreview.org.uk\/ku\/wp-json\/wp\/v2\/comments?post=12257"}],"version-history":[{"count":0,"href":"https:\/\/www.ockendenmaternityreview.org.uk\/ku\/wp-json\/wp\/v2\/pages\/12257\/revisions"}],"wp:attachment":[{"href":"https:\/\/www.ockendenmaternityreview.org.uk\/ku\/wp-json\/wp\/v2\/media?parent=12257"}],"curies":[{"name":"wp","href":"https:\/\/api.w.org\/{rel}","templated":true}]}}