{"id":12272,"date":"2026-03-20T16:03:40","date_gmt":"2026-03-20T16:03:40","guid":{"rendered":"https:\/\/ockendenmatdev.wpenginepowered.com\/nuvekirinen-ji-bo-malbatan\/"},"modified":"2026-03-24T14:28:24","modified_gmt":"2026-03-24T14:28:24","slug":"nuvekirinen-ji-bo-malbatan","status":"publish","type":"page","link":"https:\/\/www.ockendenmaternityreview.org.uk\/ku\/nuvekirinen-ji-bo-malbatan\/","title":{"rendered":"N\u00fbvekirin\u00ean ji bo Malbatan"},"content":{"rendered":"\n<p>Di roja S\u00ea\u015fem\u00ea <sup>10\u00ea<\/sup> Adara 2026an de, Wez\u00eer\u00ea Tenduristiy\u00ea \u00fb L\u00eanih\u00ear\u00eena Civak\u00ee y\u00ea Dewlet\u00ean Yekb\u00fby\u00ee, Wes Streeting, Donna Ockenden wek Seroka Nirxandina Serbixwe ya xizmet\u00ean dayiktiy\u00ea li Leeds Teaching Hospitals NHS Trust tay\u00een kir.  <\/p>\n\n<p>Em di p\u00eavajoya n\u00fbvekirina malpera xwe de ne bi agahdariya t\u00eakildar\u00ee Nirxandina Serbixwe ya xizmet\u00ean dayiktiy\u00ea li Leeds Teaching Hospitals NHS Trust. Ev r\u00fbpel d\u00ea n\u00fbvekirin\u00ean ji bo malbatan di derbar\u00ea p\u00ea\u015fve\u00e7\u00fbna Nirxandin\u00ea de dihew\u00eene. <\/p>\n\n<p><\/p>\n","protected":false},"excerpt":{"rendered":"<p>Di roja S\u00ea\u015fem\u00ea 10\u00ea Adara 2026an de, Wez\u00eer\u00ea Tenduristiy\u00ea \u00fb L\u00eanih\u00ear\u00eena Civak\u00ee y\u00ea Dewlet\u00ean Yekb\u00fby\u00ee, Wes Streeting, Donna Ockenden wek Seroka Nirxandina Serbixwe ya xizmet\u00ean dayiktiy\u00ea li Leeds Teaching Hospitals NHS Trust tay\u00een kir. Em di p\u00eavajoya n\u00fbvekirina malpera xwe de ne bi agahdariya t\u00eakildar\u00ee Nirxandina Serbixwe ya xizmet\u00ean dayiktiy\u00ea li Leeds Teaching Hospitals NHS &hellip; <a href=\"https:\/\/www.ockendenmaternityreview.org.uk\/ku\/nuvekirinen-ji-bo-malbatan\/\">Continued<\/a><\/p>\n","protected":false},"author":1,"featured_media":0,"parent":0,"menu_order":0,"comment_status":"closed","ping_status":"closed","template":"page-narrow.blade.php","meta":{"_acf_changed":false,"footnotes":""},"class_list":["post-12272","page","type-page","status-publish","hentry"],"acf":[],"yoast_head":"<!-- This site is optimized with the Yoast SEO plugin v27.2 - https:\/\/yoast.com\/product\/yoast-seo-wordpress\/ -->\n<title>N\u00fbvekirin\u00ean ji bo Malbatan - Ockenden Review<\/title>\n<meta name=\"robots\" content=\"index, follow, max-snippet:-1, max-image-preview:large, max-video-preview:-1\" \/>\n<link rel=\"canonical\" href=\"https:\/\/www.ockendenmaternityreview.org.uk\/ku\/nuvekirinen-ji-bo-malbatan\/\" \/>\n<meta property=\"og:locale\" content=\"en_US\" \/>\n<meta property=\"og:type\" content=\"article\" \/>\n<meta property=\"og:title\" content=\"N\u00fbvekirin\u00ean ji bo Malbatan - Ockenden Review\" \/>\n<meta property=\"og:description\" content=\"Di roja S\u00ea\u015fem\u00ea 10\u00ea Adara 2026an de, Wez\u00eer\u00ea Tenduristiy\u00ea \u00fb L\u00eanih\u00ear\u00eena Civak\u00ee y\u00ea Dewlet\u00ean Yekb\u00fby\u00ee, Wes Streeting, Donna Ockenden wek Seroka Nirxandina Serbixwe ya xizmet\u00ean dayiktiy\u00ea li Leeds Teaching Hospitals NHS Trust tay\u00een kir. Em di p\u00eavajoya n\u00fbvekirina malpera xwe de ne bi agahdariya t\u00eakildar\u00ee Nirxandina Serbixwe ya xizmet\u00ean dayiktiy\u00ea li Leeds Teaching Hospitals NHS &hellip; Continued\" \/>\n<meta property=\"og:url\" content=\"https:\/\/www.ockendenmaternityreview.org.uk\/ku\/nuvekirinen-ji-bo-malbatan\/\" \/>\n<meta property=\"og:site_name\" content=\"Ockenden Review\" \/>\n<meta property=\"article:publisher\" content=\"https:\/\/www.facebook.com\/ockendenmaternityreview?mibextid=wwXIfr\" \/>\n<meta property=\"article:modified_time\" content=\"2026-03-24T14:28:24+00:00\" \/>\n<meta name=\"twitter:card\" content=\"summary_large_image\" \/>\n<meta name=\"twitter:site\" content=\"@ockreview\" \/>\n<script type=\"application\/ld+json\" class=\"yoast-schema-graph\">{\"@context\":\"https:\/\/schema.org\",\"@graph\":[{\"@type\":\"WebPage\",\"@id\":\"https:\/\/www.ockendenmaternityreview.org.uk\/ku\/nuvekirinen-ji-bo-malbatan\/\",\"url\":\"https:\/\/www.ockendenmaternityreview.org.uk\/ku\/nuvekirinen-ji-bo-malbatan\/\",\"name\":\"N\u00fbvekirin\u00ean ji bo Malbatan - Ockenden Review\",\"isPartOf\":{\"@id\":\"http:\/\/www.ockendenmaternityreview.org.uk\/zh-hant\/#website\"},\"datePublished\":\"2026-03-20T16:03:40+00:00\",\"dateModified\":\"2026-03-24T14:28:24+00:00\",\"breadcrumb\":{\"@id\":\"https:\/\/www.ockendenmaternityreview.org.uk\/ku\/nuvekirinen-ji-bo-malbatan\/#breadcrumb\"},\"inLanguage\":\"ckb\",\"potentialAction\":[{\"@type\":\"ReadAction\",\"target\":[\"https:\/\/www.ockendenmaternityreview.org.uk\/ku\/nuvekirinen-ji-bo-malbatan\/\"]}]},{\"@type\":\"BreadcrumbList\",\"@id\":\"https:\/\/www.ockendenmaternityreview.org.uk\/ku\/nuvekirinen-ji-bo-malbatan\/#breadcrumb\",\"itemListElement\":[{\"@type\":\"ListItem\",\"position\":1,\"name\":\"Home\",\"item\":\"https:\/\/www.ockendenmaternityreview.org.uk\/ku\/\"},{\"@type\":\"ListItem\",\"position\":2,\"name\":\"N\u00fbvekirin\u00ean ji bo Malbatan\"}]},{\"@type\":\"WebSite\",\"@id\":\"http:\/\/www.ockendenmaternityreview.org.uk\/zh-hant\/#website\",\"url\":\"http:\/\/www.ockendenmaternityreview.org.uk\/zh-hant\/\",\"name\":\"Ockenden Review\",\"description\":\"\",\"potentialAction\":[{\"@type\":\"SearchAction\",\"target\":{\"@type\":\"EntryPoint\",\"urlTemplate\":\"http:\/\/www.ockendenmaternityreview.org.uk\/zh-hant\/?s={search_term_string}\"},\"query-input\":{\"@type\":\"PropertyValueSpecification\",\"valueRequired\":true,\"valueName\":\"search_term_string\"}}],\"inLanguage\":\"ckb\"}]}<\/script>\n<!-- \/ Yoast SEO plugin. -->","yoast_head_json":{"title":"N\u00fbvekirin\u00ean ji bo Malbatan - Ockenden Review","robots":{"index":"index","follow":"follow","max-snippet":"max-snippet:-1","max-image-preview":"max-image-preview:large","max-video-preview":"max-video-preview:-1"},"canonical":"https:\/\/www.ockendenmaternityreview.org.uk\/ku\/nuvekirinen-ji-bo-malbatan\/","og_locale":"en_US","og_type":"article","og_title":"N\u00fbvekirin\u00ean ji bo Malbatan - Ockenden Review","og_description":"Di roja S\u00ea\u015fem\u00ea 10\u00ea Adara 2026an de, Wez\u00eer\u00ea Tenduristiy\u00ea \u00fb L\u00eanih\u00ear\u00eena Civak\u00ee y\u00ea Dewlet\u00ean Yekb\u00fby\u00ee, Wes Streeting, Donna Ockenden wek Seroka Nirxandina Serbixwe ya xizmet\u00ean dayiktiy\u00ea li Leeds Teaching Hospitals NHS Trust tay\u00een kir. Em di p\u00eavajoya n\u00fbvekirina malpera xwe de ne bi agahdariya t\u00eakildar\u00ee Nirxandina Serbixwe ya xizmet\u00ean dayiktiy\u00ea li Leeds Teaching Hospitals NHS &hellip; Continued","og_url":"https:\/\/www.ockendenmaternityreview.org.uk\/ku\/nuvekirinen-ji-bo-malbatan\/","og_site_name":"Ockenden Review","article_publisher":"https:\/\/www.facebook.com\/ockendenmaternityreview?mibextid=wwXIfr","article_modified_time":"2026-03-24T14:28:24+00:00","twitter_card":"summary_large_image","twitter_site":"@ockreview","schema":{"@context":"https:\/\/schema.org","@graph":[{"@type":"WebPage","@id":"https:\/\/www.ockendenmaternityreview.org.uk\/ku\/nuvekirinen-ji-bo-malbatan\/","url":"https:\/\/www.ockendenmaternityreview.org.uk\/ku\/nuvekirinen-ji-bo-malbatan\/","name":"N\u00fbvekirin\u00ean ji bo Malbatan - Ockenden Review","isPartOf":{"@id":"http:\/\/www.ockendenmaternityreview.org.uk\/zh-hant\/#website"},"datePublished":"2026-03-20T16:03:40+00:00","dateModified":"2026-03-24T14:28:24+00:00","breadcrumb":{"@id":"https:\/\/www.ockendenmaternityreview.org.uk\/ku\/nuvekirinen-ji-bo-malbatan\/#breadcrumb"},"inLanguage":"ckb","potentialAction":[{"@type":"ReadAction","target":["https:\/\/www.ockendenmaternityreview.org.uk\/ku\/nuvekirinen-ji-bo-malbatan\/"]}]},{"@type":"BreadcrumbList","@id":"https:\/\/www.ockendenmaternityreview.org.uk\/ku\/nuvekirinen-ji-bo-malbatan\/#breadcrumb","itemListElement":[{"@type":"ListItem","position":1,"name":"Home","item":"https:\/\/www.ockendenmaternityreview.org.uk\/ku\/"},{"@type":"ListItem","position":2,"name":"N\u00fbvekirin\u00ean ji bo Malbatan"}]},{"@type":"WebSite","@id":"http:\/\/www.ockendenmaternityreview.org.uk\/zh-hant\/#website","url":"http:\/\/www.ockendenmaternityreview.org.uk\/zh-hant\/","name":"Ockenden Review","description":"","potentialAction":[{"@type":"SearchAction","target":{"@type":"EntryPoint","urlTemplate":"http:\/\/www.ockendenmaternityreview.org.uk\/zh-hant\/?s={search_term_string}"},"query-input":{"@type":"PropertyValueSpecification","valueRequired":true,"valueName":"search_term_string"}}],"inLanguage":"ckb"}]}},"_links":{"self":[{"href":"https:\/\/www.ockendenmaternityreview.org.uk\/ku\/wp-json\/wp\/v2\/pages\/12272","targetHints":{"allow":["GET"]}}],"collection":[{"href":"https:\/\/www.ockendenmaternityreview.org.uk\/ku\/wp-json\/wp\/v2\/pages"}],"about":[{"href":"https:\/\/www.ockendenmaternityreview.org.uk\/ku\/wp-json\/wp\/v2\/types\/page"}],"author":[{"embeddable":true,"href":"https:\/\/www.ockendenmaternityreview.org.uk\/ku\/wp-json\/wp\/v2\/users\/1"}],"replies":[{"embeddable":true,"href":"https:\/\/www.ockendenmaternityreview.org.uk\/ku\/wp-json\/wp\/v2\/comments?post=12272"}],"version-history":[{"count":0,"href":"https:\/\/www.ockendenmaternityreview.org.uk\/ku\/wp-json\/wp\/v2\/pages\/12272\/revisions"}],"wp:attachment":[{"href":"https:\/\/www.ockendenmaternityreview.org.uk\/ku\/wp-json\/wp\/v2\/media?parent=12272"}],"curies":[{"name":"wp","href":"https:\/\/api.w.org\/{rel}","templated":true}]}}