{"id":12275,"date":"2026-03-20T16:04:48","date_gmt":"2026-03-20T16:04:48","guid":{"rendered":"https:\/\/ockendenmatdev.wpenginepowered.com\/%d9%be%d8%a7%da%b5%d9%be%d8%b4%d8%aa%db%8c-%d8%a8%db%86-%d8%b3%d8%aa%d8%a7%d9%81-2\/"},"modified":"2026-03-24T14:28:31","modified_gmt":"2026-03-24T14:28:31","slug":"%d9%be%d8%a7%da%b5%d9%be%d8%b4%d8%aa%db%8c-%d8%a8%db%86-%d8%b3%d8%aa%d8%a7%d9%81-2","status":"publish","type":"page","link":"https:\/\/www.ockendenmaternityreview.org.uk\/ku\/%d9%be%d8%a7%da%b5%d9%be%d8%b4%d8%aa%db%8c-%d8%a8%db%86-%d8%b3%d8%aa%d8%a7%d9%81-2\/","title":{"rendered":"\u067e\u0627\u06b5\u067e\u0634\u062a\u06cc \u0628\u06c6 \u0633\u062a\u0627\u0641"},"content":{"rendered":"\n<p><br\/>Di civ\u00eena yekem de bi Weqf\u00ea re, em \u00ea pi\u015ftrast bikin ku pi\u015ftgiriya ji bo karmendan t\u00ea z\u00eadekirin \u00fb Weqf v\u00ea yek\u00ea wek\u00ee p\u00ea\u015fan\u00ee dib\u00eene.<\/p>\n","protected":false},"excerpt":{"rendered":"<p>Di civ\u00eena yekem de bi Weqf\u00ea re, em \u00ea pi\u015ftrast bikin ku pi\u015ftgiriya ji bo karmendan t\u00ea z\u00eadekirin \u00fb Weqf v\u00ea yek\u00ea wek\u00ee p\u00ea\u015fan\u00ee dib\u00eene.<\/p>\n","protected":false},"author":1,"featured_media":0,"parent":0,"menu_order":0,"comment_status":"closed","ping_status":"closed","template":"page-narrow.blade.php","meta":{"_acf_changed":false,"footnotes":""},"class_list":["post-12275","page","type-page","status-publish","hentry"],"acf":[],"yoast_head":"<!-- This site is optimized with the Yoast SEO plugin v27.2 - https:\/\/yoast.com\/product\/yoast-seo-wordpress\/ -->\n<title>\u067e\u0627\u06b5\u067e\u0634\u062a\u06cc \u0628\u06c6 \u0633\u062a\u0627\u0641 - Ockenden Review<\/title>\n<meta name=\"robots\" content=\"index, follow, max-snippet:-1, max-image-preview:large, max-video-preview:-1\" \/>\n<link rel=\"canonical\" href=\"https:\/\/www.ockendenmaternityreview.org.uk\/ku\/\u067e\u0627\u06b5\u067e\u0634\u062a\u06cc-\u0628\u06c6-\u0633\u062a\u0627\u0641-2\/\" \/>\n<meta property=\"og:locale\" content=\"en_US\" \/>\n<meta property=\"og:type\" content=\"article\" \/>\n<meta property=\"og:title\" content=\"\u067e\u0627\u06b5\u067e\u0634\u062a\u06cc \u0628\u06c6 \u0633\u062a\u0627\u0641 - Ockenden Review\" \/>\n<meta property=\"og:description\" content=\"Di civ\u00eena yekem de bi Weqf\u00ea re, em \u00ea pi\u015ftrast bikin ku pi\u015ftgiriya ji bo karmendan t\u00ea z\u00eadekirin \u00fb Weqf v\u00ea yek\u00ea wek\u00ee p\u00ea\u015fan\u00ee dib\u00eene.\" \/>\n<meta property=\"og:url\" content=\"https:\/\/www.ockendenmaternityreview.org.uk\/ku\/\u067e\u0627\u06b5\u067e\u0634\u062a\u06cc-\u0628\u06c6-\u0633\u062a\u0627\u0641-2\/\" \/>\n<meta property=\"og:site_name\" content=\"Ockenden Review\" \/>\n<meta property=\"article:publisher\" content=\"https:\/\/www.facebook.com\/ockendenmaternityreview?mibextid=wwXIfr\" \/>\n<meta property=\"article:modified_time\" content=\"2026-03-24T14:28:31+00:00\" \/>\n<meta name=\"twitter:card\" content=\"summary_large_image\" \/>\n<meta name=\"twitter:site\" content=\"@ockreview\" \/>\n<script type=\"application\/ld+json\" class=\"yoast-schema-graph\">{\"@context\":\"https:\/\/schema.org\",\"@graph\":[{\"@type\":\"WebPage\",\"@id\":\"https:\/\/www.ockendenmaternityreview.org.uk\/ku\/%d9%be%d8%a7%da%b5%d9%be%d8%b4%d8%aa%db%8c-%d8%a8%db%86-%d8%b3%d8%aa%d8%a7%d9%81-2\/\",\"url\":\"https:\/\/www.ockendenmaternityreview.org.uk\/ku\/%d9%be%d8%a7%da%b5%d9%be%d8%b4%d8%aa%db%8c-%d8%a8%db%86-%d8%b3%d8%aa%d8%a7%d9%81-2\/\",\"name\":\"\u067e\u0627\u06b5\u067e\u0634\u062a\u06cc \u0628\u06c6 \u0633\u062a\u0627\u0641 - Ockenden Review\",\"isPartOf\":{\"@id\":\"https:\/\/www.ockendenmaternityreview.org.uk\/fa\/#website\"},\"datePublished\":\"2026-03-20T16:04:48+00:00\",\"dateModified\":\"2026-03-24T14:28:31+00:00\",\"breadcrumb\":{\"@id\":\"https:\/\/www.ockendenmaternityreview.org.uk\/ku\/%d9%be%d8%a7%da%b5%d9%be%d8%b4%d8%aa%db%8c-%d8%a8%db%86-%d8%b3%d8%aa%d8%a7%d9%81-2\/#breadcrumb\"},\"inLanguage\":\"ckb\",\"potentialAction\":[{\"@type\":\"ReadAction\",\"target\":[\"https:\/\/www.ockendenmaternityreview.org.uk\/ku\/%d9%be%d8%a7%da%b5%d9%be%d8%b4%d8%aa%db%8c-%d8%a8%db%86-%d8%b3%d8%aa%d8%a7%d9%81-2\/\"]}]},{\"@type\":\"BreadcrumbList\",\"@id\":\"https:\/\/www.ockendenmaternityreview.org.uk\/ku\/%d9%be%d8%a7%da%b5%d9%be%d8%b4%d8%aa%db%8c-%d8%a8%db%86-%d8%b3%d8%aa%d8%a7%d9%81-2\/#breadcrumb\",\"itemListElement\":[{\"@type\":\"ListItem\",\"position\":1,\"name\":\"Home\",\"item\":\"https:\/\/www.ockendenmaternityreview.org.uk\/ku\/\"},{\"@type\":\"ListItem\",\"position\":2,\"name\":\"\u067e\u0627\u06b5\u067e\u0634\u062a\u06cc \u0628\u06c6 \u0633\u062a\u0627\u0641\"}]},{\"@type\":\"WebSite\",\"@id\":\"https:\/\/www.ockendenmaternityreview.org.uk\/fa\/#website\",\"url\":\"https:\/\/www.ockendenmaternityreview.org.uk\/fa\/\",\"name\":\"Ockenden Review\",\"description\":\"\",\"potentialAction\":[{\"@type\":\"SearchAction\",\"target\":{\"@type\":\"EntryPoint\",\"urlTemplate\":\"https:\/\/www.ockendenmaternityreview.org.uk\/fa\/?s={search_term_string}\"},\"query-input\":{\"@type\":\"PropertyValueSpecification\",\"valueRequired\":true,\"valueName\":\"search_term_string\"}}],\"inLanguage\":\"ckb\"}]}<\/script>\n<!-- \/ Yoast SEO plugin. -->","yoast_head_json":{"title":"\u067e\u0627\u06b5\u067e\u0634\u062a\u06cc \u0628\u06c6 \u0633\u062a\u0627\u0641 - Ockenden Review","robots":{"index":"index","follow":"follow","max-snippet":"max-snippet:-1","max-image-preview":"max-image-preview:large","max-video-preview":"max-video-preview:-1"},"canonical":"https:\/\/www.ockendenmaternityreview.org.uk\/ku\/\u067e\u0627\u06b5\u067e\u0634\u062a\u06cc-\u0628\u06c6-\u0633\u062a\u0627\u0641-2\/","og_locale":"en_US","og_type":"article","og_title":"\u067e\u0627\u06b5\u067e\u0634\u062a\u06cc \u0628\u06c6 \u0633\u062a\u0627\u0641 - Ockenden Review","og_description":"Di civ\u00eena yekem de bi Weqf\u00ea re, em \u00ea pi\u015ftrast bikin ku pi\u015ftgiriya ji bo karmendan t\u00ea z\u00eadekirin \u00fb Weqf v\u00ea yek\u00ea wek\u00ee p\u00ea\u015fan\u00ee dib\u00eene.","og_url":"https:\/\/www.ockendenmaternityreview.org.uk\/ku\/\u067e\u0627\u06b5\u067e\u0634\u062a\u06cc-\u0628\u06c6-\u0633\u062a\u0627\u0641-2\/","og_site_name":"Ockenden Review","article_publisher":"https:\/\/www.facebook.com\/ockendenmaternityreview?mibextid=wwXIfr","article_modified_time":"2026-03-24T14:28:31+00:00","twitter_card":"summary_large_image","twitter_site":"@ockreview","schema":{"@context":"https:\/\/schema.org","@graph":[{"@type":"WebPage","@id":"https:\/\/www.ockendenmaternityreview.org.uk\/ku\/%d9%be%d8%a7%da%b5%d9%be%d8%b4%d8%aa%db%8c-%d8%a8%db%86-%d8%b3%d8%aa%d8%a7%d9%81-2\/","url":"https:\/\/www.ockendenmaternityreview.org.uk\/ku\/%d9%be%d8%a7%da%b5%d9%be%d8%b4%d8%aa%db%8c-%d8%a8%db%86-%d8%b3%d8%aa%d8%a7%d9%81-2\/","name":"\u067e\u0627\u06b5\u067e\u0634\u062a\u06cc \u0628\u06c6 \u0633\u062a\u0627\u0641 - Ockenden Review","isPartOf":{"@id":"https:\/\/www.ockendenmaternityreview.org.uk\/fa\/#website"},"datePublished":"2026-03-20T16:04:48+00:00","dateModified":"2026-03-24T14:28:31+00:00","breadcrumb":{"@id":"https:\/\/www.ockendenmaternityreview.org.uk\/ku\/%d9%be%d8%a7%da%b5%d9%be%d8%b4%d8%aa%db%8c-%d8%a8%db%86-%d8%b3%d8%aa%d8%a7%d9%81-2\/#breadcrumb"},"inLanguage":"ckb","potentialAction":[{"@type":"ReadAction","target":["https:\/\/www.ockendenmaternityreview.org.uk\/ku\/%d9%be%d8%a7%da%b5%d9%be%d8%b4%d8%aa%db%8c-%d8%a8%db%86-%d8%b3%d8%aa%d8%a7%d9%81-2\/"]}]},{"@type":"BreadcrumbList","@id":"https:\/\/www.ockendenmaternityreview.org.uk\/ku\/%d9%be%d8%a7%da%b5%d9%be%d8%b4%d8%aa%db%8c-%d8%a8%db%86-%d8%b3%d8%aa%d8%a7%d9%81-2\/#breadcrumb","itemListElement":[{"@type":"ListItem","position":1,"name":"Home","item":"https:\/\/www.ockendenmaternityreview.org.uk\/ku\/"},{"@type":"ListItem","position":2,"name":"\u067e\u0627\u06b5\u067e\u0634\u062a\u06cc \u0628\u06c6 \u0633\u062a\u0627\u0641"}]},{"@type":"WebSite","@id":"https:\/\/www.ockendenmaternityreview.org.uk\/fa\/#website","url":"https:\/\/www.ockendenmaternityreview.org.uk\/fa\/","name":"Ockenden Review","description":"","potentialAction":[{"@type":"SearchAction","target":{"@type":"EntryPoint","urlTemplate":"https:\/\/www.ockendenmaternityreview.org.uk\/fa\/?s={search_term_string}"},"query-input":{"@type":"PropertyValueSpecification","valueRequired":true,"valueName":"search_term_string"}}],"inLanguage":"ckb"}]}},"_links":{"self":[{"href":"https:\/\/www.ockendenmaternityreview.org.uk\/ku\/wp-json\/wp\/v2\/pages\/12275","targetHints":{"allow":["GET"]}}],"collection":[{"href":"https:\/\/www.ockendenmaternityreview.org.uk\/ku\/wp-json\/wp\/v2\/pages"}],"about":[{"href":"https:\/\/www.ockendenmaternityreview.org.uk\/ku\/wp-json\/wp\/v2\/types\/page"}],"author":[{"embeddable":true,"href":"https:\/\/www.ockendenmaternityreview.org.uk\/ku\/wp-json\/wp\/v2\/users\/1"}],"replies":[{"embeddable":true,"href":"https:\/\/www.ockendenmaternityreview.org.uk\/ku\/wp-json\/wp\/v2\/comments?post=12275"}],"version-history":[{"count":0,"href":"https:\/\/www.ockendenmaternityreview.org.uk\/ku\/wp-json\/wp\/v2\/pages\/12275\/revisions"}],"wp:attachment":[{"href":"https:\/\/www.ockendenmaternityreview.org.uk\/ku\/wp-json\/wp\/v2\/media?parent=12275"}],"curies":[{"name":"wp","href":"https:\/\/api.w.org\/{rel}","templated":true}]}}