{"id":12587,"date":"2026-03-20T16:04:30","date_gmt":"2026-03-20T16:04:30","guid":{"rendered":"https:\/\/ockendenmatdev.wpenginepowered.com\/%d8%af%db%95%d9%86%da%af%db%8c-%d8%b3%d8%aa%d8%a7%d9%81\/"},"modified":"2026-03-24T14:31:31","modified_gmt":"2026-03-24T14:31:31","slug":"%d8%af%db%95%d9%86%da%af%db%8c-%d8%b3%d8%aa%d8%a7%d9%81","status":"publish","type":"page","link":"https:\/\/www.ockendenmaternityreview.org.uk\/ku\/%d8%af%db%95%d9%86%da%af%db%8c-%d8%b3%d8%aa%d8%a7%d9%81\/","title":{"rendered":"\u062f\u06d5\u0646\u06af\u06cc \u0633\u062a\u0627\u0641"},"content":{"rendered":"\n<p><br\/>Wek\u00ee be\u015fek ji Nirxandin\u00ea, t\u00eema Nirxandin\u00ea d\u00ea civ\u00een \u00fb derfet\u00ean din ji bo t\u00eakiliy\u00ea bi karmend\u00ean ku di nav xizmet\u00ean Perinatal \u00ean Leeds\u00ea de dixebitin re p\u00ea\u015fk\u00ea\u015f bike. Di v\u00ea qonax\u00ea de, em p\u00eavajoyan ferm\u00ee dikin ber\u00ee ku em bikaribin v\u00ea h\u00eamana Nirxandin\u00ea dest p\u00ea bikin. <\/p>\n","protected":false},"excerpt":{"rendered":"<p>Wek\u00ee be\u015fek ji Nirxandin\u00ea, t\u00eema Nirxandin\u00ea d\u00ea civ\u00een \u00fb derfet\u00ean din ji bo t\u00eakiliy\u00ea bi karmend\u00ean ku di nav xizmet\u00ean Perinatal \u00ean Leeds\u00ea de dixebitin re p\u00ea\u015fk\u00ea\u015f bike. Di v\u00ea qonax\u00ea de, em p\u00eavajoyan ferm\u00ee dikin ber\u00ee ku em bikaribin v\u00ea h\u00eamana Nirxandin\u00ea dest p\u00ea bikin.<\/p>\n","protected":false},"author":1,"featured_media":0,"parent":0,"menu_order":0,"comment_status":"closed","ping_status":"closed","template":"page-narrow.blade.php","meta":{"_acf_changed":false,"footnotes":""},"class_list":["post-12587","page","type-page","status-publish","hentry"],"acf":[],"yoast_head":"<!-- This site is optimized with the Yoast SEO plugin v27.2 - https:\/\/yoast.com\/product\/yoast-seo-wordpress\/ -->\n<title>\u062f\u06d5\u0646\u06af\u06cc \u0633\u062a\u0627\u0641 - Ockenden Review<\/title>\n<meta name=\"robots\" content=\"index, follow, max-snippet:-1, max-image-preview:large, max-video-preview:-1\" \/>\n<link rel=\"canonical\" href=\"https:\/\/www.ockendenmaternityreview.org.uk\/ku\/\u062f\u06d5\u0646\u06af\u06cc-\u0633\u062a\u0627\u0641\/\" \/>\n<meta property=\"og:locale\" content=\"en_US\" \/>\n<meta property=\"og:type\" content=\"article\" \/>\n<meta property=\"og:title\" content=\"\u062f\u06d5\u0646\u06af\u06cc \u0633\u062a\u0627\u0641 - Ockenden Review\" \/>\n<meta property=\"og:description\" content=\"Wek\u00ee be\u015fek ji Nirxandin\u00ea, t\u00eema Nirxandin\u00ea d\u00ea civ\u00een \u00fb derfet\u00ean din ji bo t\u00eakiliy\u00ea bi karmend\u00ean ku di nav xizmet\u00ean Perinatal \u00ean Leeds\u00ea de dixebitin re p\u00ea\u015fk\u00ea\u015f bike. Di v\u00ea qonax\u00ea de, em p\u00eavajoyan ferm\u00ee dikin ber\u00ee ku em bikaribin v\u00ea h\u00eamana Nirxandin\u00ea dest p\u00ea bikin.\" \/>\n<meta property=\"og:url\" content=\"https:\/\/www.ockendenmaternityreview.org.uk\/ku\/\u062f\u06d5\u0646\u06af\u06cc-\u0633\u062a\u0627\u0641\/\" \/>\n<meta property=\"og:site_name\" content=\"Ockenden Review\" \/>\n<meta property=\"article:publisher\" content=\"https:\/\/www.facebook.com\/ockendenmaternityreview?mibextid=wwXIfr\" \/>\n<meta property=\"article:modified_time\" content=\"2026-03-24T14:31:31+00:00\" \/>\n<meta name=\"twitter:card\" content=\"summary_large_image\" \/>\n<meta name=\"twitter:site\" content=\"@ockreview\" \/>\n<script type=\"application\/ld+json\" class=\"yoast-schema-graph\">{\"@context\":\"https:\/\/schema.org\",\"@graph\":[{\"@type\":\"WebPage\",\"@id\":\"https:\/\/www.ockendenmaternityreview.org.uk\/ku\/%d8%af%db%95%d9%86%da%af%db%8c-%d8%b3%d8%aa%d8%a7%d9%81\/\",\"url\":\"https:\/\/www.ockendenmaternityreview.org.uk\/ku\/%d8%af%db%95%d9%86%da%af%db%8c-%d8%b3%d8%aa%d8%a7%d9%81\/\",\"name\":\"\u062f\u06d5\u0646\u06af\u06cc \u0633\u062a\u0627\u0641 - Ockenden Review\",\"isPartOf\":{\"@id\":\"https:\/\/www.ockendenmaternityreview.org.uk\/ku\/#website\"},\"datePublished\":\"2026-03-20T16:04:30+00:00\",\"dateModified\":\"2026-03-24T14:31:31+00:00\",\"breadcrumb\":{\"@id\":\"https:\/\/www.ockendenmaternityreview.org.uk\/ku\/%d8%af%db%95%d9%86%da%af%db%8c-%d8%b3%d8%aa%d8%a7%d9%81\/#breadcrumb\"},\"inLanguage\":\"ckb\",\"potentialAction\":[{\"@type\":\"ReadAction\",\"target\":[\"https:\/\/www.ockendenmaternityreview.org.uk\/ku\/%d8%af%db%95%d9%86%da%af%db%8c-%d8%b3%d8%aa%d8%a7%d9%81\/\"]}]},{\"@type\":\"BreadcrumbList\",\"@id\":\"https:\/\/www.ockendenmaternityreview.org.uk\/ku\/%d8%af%db%95%d9%86%da%af%db%8c-%d8%b3%d8%aa%d8%a7%d9%81\/#breadcrumb\",\"itemListElement\":[{\"@type\":\"ListItem\",\"position\":1,\"name\":\"Home\",\"item\":\"https:\/\/www.ockendenmaternityreview.org.uk\/ku\/\"},{\"@type\":\"ListItem\",\"position\":2,\"name\":\"\u062f\u06d5\u0646\u06af\u06cc \u0633\u062a\u0627\u0641\"}]},{\"@type\":\"WebSite\",\"@id\":\"https:\/\/www.ockendenmaternityreview.org.uk\/ku\/#website\",\"url\":\"https:\/\/www.ockendenmaternityreview.org.uk\/ku\/\",\"name\":\"Ockenden Review\",\"description\":\"\",\"potentialAction\":[{\"@type\":\"SearchAction\",\"target\":{\"@type\":\"EntryPoint\",\"urlTemplate\":\"https:\/\/www.ockendenmaternityreview.org.uk\/ku\/?s={search_term_string}\"},\"query-input\":{\"@type\":\"PropertyValueSpecification\",\"valueRequired\":true,\"valueName\":\"search_term_string\"}}],\"inLanguage\":\"ckb\"}]}<\/script>\n<!-- \/ Yoast SEO plugin. -->","yoast_head_json":{"title":"\u062f\u06d5\u0646\u06af\u06cc \u0633\u062a\u0627\u0641 - Ockenden Review","robots":{"index":"index","follow":"follow","max-snippet":"max-snippet:-1","max-image-preview":"max-image-preview:large","max-video-preview":"max-video-preview:-1"},"canonical":"https:\/\/www.ockendenmaternityreview.org.uk\/ku\/\u062f\u06d5\u0646\u06af\u06cc-\u0633\u062a\u0627\u0641\/","og_locale":"en_US","og_type":"article","og_title":"\u062f\u06d5\u0646\u06af\u06cc \u0633\u062a\u0627\u0641 - Ockenden Review","og_description":"Wek\u00ee be\u015fek ji Nirxandin\u00ea, t\u00eema Nirxandin\u00ea d\u00ea civ\u00een \u00fb derfet\u00ean din ji bo t\u00eakiliy\u00ea bi karmend\u00ean ku di nav xizmet\u00ean Perinatal \u00ean Leeds\u00ea de dixebitin re p\u00ea\u015fk\u00ea\u015f bike. Di v\u00ea qonax\u00ea de, em p\u00eavajoyan ferm\u00ee dikin ber\u00ee ku em bikaribin v\u00ea h\u00eamana Nirxandin\u00ea dest p\u00ea bikin.","og_url":"https:\/\/www.ockendenmaternityreview.org.uk\/ku\/\u062f\u06d5\u0646\u06af\u06cc-\u0633\u062a\u0627\u0641\/","og_site_name":"Ockenden Review","article_publisher":"https:\/\/www.facebook.com\/ockendenmaternityreview?mibextid=wwXIfr","article_modified_time":"2026-03-24T14:31:31+00:00","twitter_card":"summary_large_image","twitter_site":"@ockreview","schema":{"@context":"https:\/\/schema.org","@graph":[{"@type":"WebPage","@id":"https:\/\/www.ockendenmaternityreview.org.uk\/ku\/%d8%af%db%95%d9%86%da%af%db%8c-%d8%b3%d8%aa%d8%a7%d9%81\/","url":"https:\/\/www.ockendenmaternityreview.org.uk\/ku\/%d8%af%db%95%d9%86%da%af%db%8c-%d8%b3%d8%aa%d8%a7%d9%81\/","name":"\u062f\u06d5\u0646\u06af\u06cc \u0633\u062a\u0627\u0641 - Ockenden Review","isPartOf":{"@id":"https:\/\/www.ockendenmaternityreview.org.uk\/ku\/#website"},"datePublished":"2026-03-20T16:04:30+00:00","dateModified":"2026-03-24T14:31:31+00:00","breadcrumb":{"@id":"https:\/\/www.ockendenmaternityreview.org.uk\/ku\/%d8%af%db%95%d9%86%da%af%db%8c-%d8%b3%d8%aa%d8%a7%d9%81\/#breadcrumb"},"inLanguage":"ckb","potentialAction":[{"@type":"ReadAction","target":["https:\/\/www.ockendenmaternityreview.org.uk\/ku\/%d8%af%db%95%d9%86%da%af%db%8c-%d8%b3%d8%aa%d8%a7%d9%81\/"]}]},{"@type":"BreadcrumbList","@id":"https:\/\/www.ockendenmaternityreview.org.uk\/ku\/%d8%af%db%95%d9%86%da%af%db%8c-%d8%b3%d8%aa%d8%a7%d9%81\/#breadcrumb","itemListElement":[{"@type":"ListItem","position":1,"name":"Home","item":"https:\/\/www.ockendenmaternityreview.org.uk\/ku\/"},{"@type":"ListItem","position":2,"name":"\u062f\u06d5\u0646\u06af\u06cc \u0633\u062a\u0627\u0641"}]},{"@type":"WebSite","@id":"https:\/\/www.ockendenmaternityreview.org.uk\/ku\/#website","url":"https:\/\/www.ockendenmaternityreview.org.uk\/ku\/","name":"Ockenden Review","description":"","potentialAction":[{"@type":"SearchAction","target":{"@type":"EntryPoint","urlTemplate":"https:\/\/www.ockendenmaternityreview.org.uk\/ku\/?s={search_term_string}"},"query-input":{"@type":"PropertyValueSpecification","valueRequired":true,"valueName":"search_term_string"}}],"inLanguage":"ckb"}]}},"_links":{"self":[{"href":"https:\/\/www.ockendenmaternityreview.org.uk\/ku\/wp-json\/wp\/v2\/pages\/12587","targetHints":{"allow":["GET"]}}],"collection":[{"href":"https:\/\/www.ockendenmaternityreview.org.uk\/ku\/wp-json\/wp\/v2\/pages"}],"about":[{"href":"https:\/\/www.ockendenmaternityreview.org.uk\/ku\/wp-json\/wp\/v2\/types\/page"}],"author":[{"embeddable":true,"href":"https:\/\/www.ockendenmaternityreview.org.uk\/ku\/wp-json\/wp\/v2\/users\/1"}],"replies":[{"embeddable":true,"href":"https:\/\/www.ockendenmaternityreview.org.uk\/ku\/wp-json\/wp\/v2\/comments?post=12587"}],"version-history":[{"count":0,"href":"https:\/\/www.ockendenmaternityreview.org.uk\/ku\/wp-json\/wp\/v2\/pages\/12587\/revisions"}],"wp:attachment":[{"href":"https:\/\/www.ockendenmaternityreview.org.uk\/ku\/wp-json\/wp\/v2\/media?parent=12587"}],"curies":[{"name":"wp","href":"https:\/\/api.w.org\/{rel}","templated":true}]}}