{"id":13461,"date":"2026-03-31T10:28:11","date_gmt":"2026-03-31T10:28:11","guid":{"rendered":"https:\/\/www.ockendenmaternityreview.org.uk\/pirsen-pir-ten-pirsin-en-fpss\/"},"modified":"2026-04-07T10:37:00","modified_gmt":"2026-04-07T10:37:00","slug":"pirsen-pir-ten-pirsin-en-fpss","status":"publish","type":"page","link":"https:\/\/www.ockendenmaternityreview.org.uk\/ku\/pirsen-pir-ten-pirsin-en-fpss\/","title":{"rendered":"Pirs\u00ean Pir t\u00ean Pirs\u00een \u00ean FPSS"},"content":{"rendered":"\n<p>Bersiv\u00ean hin pirs\u00ean ku pir caran ji malbatan t\u00eane pirs\u00een<\/p>\n\n<h2 class=\"wp-block-heading\">\u0626\u0627\u0645\u0627\u0646\u062c\u06d5\u06a9\u0627\u0646\u06cc \u062e\u0632\u0645\u06d5\u062a\u06af\u0648\u0632\u0627\u0631\u06cc\u06cc\u06d5\u06a9\u06d5 \u0686\u06cc\u0646\u061f<\/h2>\n\n<p>Ji bo malbat\u00ean ku be\u015fek ji Nirxandina Serbixwe ya xizmet\u00ean dayiktiy\u00ea li Nexwe\u015fxaney\u00ean Zan\u00eengeha Nottingham NHS Trust in, pi\u015ftgiriya ps\u00eekoloj\u00eek a pispor \u00fb li ser bingeha kes\u00ee peyda bikin.<\/p>\n\n<h2 class=\"wp-block-heading\">\u06a9\u06ce \u062e\u0632\u0645\u06d5\u062a\u06af\u0648\u0632\u0627\u0631\u06cc\u06cc\u06d5\u06a9\u06d5 \u062f\u0627\u0628\u06cc\u0646 \u062f\u06d5\u06a9\u0627\u062a\u061f<\/h2>\n\n<p>\u062a\u06cc\u0645\u06ce\u06a9\u06cc \u062a\u06d5\u0631\u062e\u0627\u0646\u06a9\u0631\u0627\u0648 \u0644\u06d5 \u0686\u0627\u0631\u06d5\u0633\u06d5\u0631\u06cc \u062f\u06d5\u0631\u0648\u0648\u0646\u06cc \u06a9\u06d5 \u0634\u0627\u0631\u06d5\u0632\u0627\u06cc\u06cc\u0627\u0646 \u0647\u06d5\u06cc\u06d5 \u0644\u06d5 \u06a9\u0627\u0631\u06a9\u0631\u062f\u0646 \u0644\u06d5\u06af\u06d5\u06b5 \u0626\u06d5\u0648 \u062e\u06ce\u0632\u0627\u0646\u0627\u0646\u06d5\u06cc \u06a9\u06d5 \u0698\u06cc\u0627\u0646\u06cc\u0627\u0646 \u06a9\u0627\u0631\u06cc\u06af\u06d5\u0631\u06cc \u0644\u06d5\u0633\u06d5\u0631 \u0626\u06d5\u0632\u0645\u0648\u0648\u0646\u06d5\u06a9\u0627\u0646\u06cc \u062f\u0627\u06cc\u06a9\u0628\u0648\u0648\u0646\u06cc\u0627\u0646 \u0647\u06d5\u0628\u0648\u0648\u06d5. Xizmet ji h\u00eala \u015eirketa R\u00eavebiriya Rew\u015fan ve t\u00ea peyda kirin \u00fb j\u00ea re Xizmeta Pi\u015ftgiriya Der\u00fbn\u00ee ya Malbat\u00ea (FPSS) t\u00ea gotin.<\/p>\n\n<h2 class=\"wp-block-heading\">\u06a9\u06ce \u062f\u06d5\u062a\u0648\u0627\u0646\u06ce\u062a \u062e\u0632\u0645\u06d5\u062a\u06af\u0648\u0632\u0627\u0631\u06cc\u06cc\u06d5\u06a9\u06d5 \u0628\u06d5\u062f\u06d5\u0633\u062a \u0628\u0647\u06ce\u0646\u06cc\u062a\u061f<\/h2>\n\n<p>Ev xizmet ji bo hem\u00fb malbat\u00ean ku be\u015fek ji Nirxandina Serbixwe ya xizmet\u00ean dayiktiy\u00ea li Nexwe\u015fxaney\u00ean Zan\u00eengeha Nottingham NHS Trust in e. \u0647\u06d5\u0645\u0648\u0648 \u06a9\u06d5\u0633\u06ce\u06a9 \u0644\u06d5\u0646\u0627\u0648 \u062e\u06ce\u0632\u0627\u0646\u06d5\u06a9\u06d5\u062f\u0627 \u062f\u06d5\u062a\u0648\u0627\u0646\u06ce\u062a \u062e\u0632\u0645\u06d5\u062a\u06af\u0648\u0632\u0627\u0631\u06cc\u06cc\u06d5\u06a9\u06d5 \u0628\u06d5\u062f\u06d5\u0633\u062a \u0628\u0647\u06ce\u0646\u06cc\u062a\u060c \u0644\u06d5\u0648\u0627\u0646\u06d5 \u062f\u0627\u06cc\u06a9 \u0648 \u0628\u0627\u0648\u06a9 \u0648 \u0686\u0627\u0648\u062f\u06ce\u0631\u06d5\u06a9\u0627\u0646\u060c \u062e\u0648\u0634\u06a9 \u0648 \u0628\u0631\u0627\u06a9\u0627\u0646 (\u0644\u06d5\u0648\u0627\u0646\u06d5 \u0626\u06d5\u0648\u0627\u0646\u06d5\u06cc \u0698\u06ce\u0631 \u06f1\u06f8 \u0633\u0627\u06b5\u0646) \u060c \u0648 \u0626\u06d5\u0646\u062f\u0627\u0645\u0627\u0646\u06cc \u062a\u0631\u06cc \u062e\u06ce\u0632\u0627\u0646\u06d5\u06a9\u06d5 \u0648\u06d5\u06a9 \u062f\u0627\u067e\u06cc\u0631 \u0648 \u0628\u0627\u067e\u06cc\u0631.<\/p>\n\n<h2 class=\"wp-block-heading\">\u0686\u06c6\u0646 \u062f\u06d5\u062a\u0648\u0627\u0646\u0645 \u062e\u0632\u0645\u06d5\u062a\u06af\u0648\u0632\u0627\u0631\u06cc\u06d5\u06a9\u06d5 \u0628\u06d5\u062f\u06d5\u0633\u062a \u0628\u0647\u06cc\u0646\u0645\u061f<\/h2>\n\n<p>\u0695\u06d5\u0648\u0627\u0646\u06d5\u06a9\u0631\u062f\u0646 \u062f\u06d5\u062a\u0648\u0627\u0646\u0631\u06ce\u062a \u0626\u06d5\u0646\u062c\u0627\u0645 \u0628\u062f\u0631\u06ce\u062a \u0644\u06d5 \u0695\u06ce\u06af\u06d5\u06cc \u067e\u06d5\u06cc\u0648\u06d5\u0646\u062f\u06cc \u06a9\u0631\u062f\u0646 \u0628\u06d5 0115 200 1000 \u06cc\u0627\u0646 \u0644\u06d5 \u0695\u06ce\u06af\u06d5\u06cc \u0626\u06cc\u0645\u06d5\u06cc\u06b5 <a href=\"mailto:enquiries@fpssnottingham.co.uk\">\u0644\u06d5 enquiries@fpssnottingham.co.uk<\/a>. \u0647\u06d5\u0631\u0648\u06d5\u0647\u0627 \u062e\u0632\u0645\u06d5\u062a\u06af\u0648\u0632\u0627\u0631\u06cc\u06cc\u06d5\u06a9\u06d5 \u0695\u0627\u0633\u062a\u06d5\u0648\u062e\u06c6 \u0695\u06d5\u0648\u0627\u0646\u06d5\u06a9\u0631\u062f\u0646 \u0642\u0628\u0648\u06b5 \u062f\u06d5\u06a9\u0627\u062a \u0644\u06d5\u0644\u0627\u06cc\u06d5\u0646 \u062a\u06cc\u0645\u06cc \u067e\u06ce\u062f\u0627\u0686\u0648\u0648\u0646\u06d5\u0648\u06d5\u06cc \u062f\u0627\u06cc\u06a9\u0627\u06cc\u06d5\u062a\u06cc \u0633\u06d5\u0631\u0628\u06d5\u062e\u06c6\u0648\u06d5 \u06a9\u06d5 \u0644\u06d5\u0644\u0627\u06cc\u06d5\u0646 \u062f\u06c6\u0646\u0627 \u0626\u06c6\u06a9\u06cc\u0646\u062f\u0646\u06d5\u0648\u06d5 \u0633\u06d5\u0631\u067e\u06d5\u0631\u0634\u062a\u06cc \u062f\u06d5\u06a9\u0631\u06ce\u062a. Malpera xizmet\u00ea ji bo b\u00eatir agahdar\u00ee <a href=\"https:\/\/www.fpssnottingham.co.uk\/\">www.fpssnottingham.co.uk<\/a> e.<\/p>\n\n<h2 class=\"wp-block-heading\">\u062e\u0632\u0645\u06d5\u062a\u06af\u0648\u0632\u0627\u0631\u06cc\u06cc\u06d5\u06a9\u06d5 \u0686\u06cc \u067e\u06ce\u0634\u06a9\u06d5\u0634 \u062f\u06d5\u06a9\u0627\u062a\u061f<\/h2>\n\n<p>Dema ku xizmet referansek werdigire, r\u00fbni\u015ftinek destp\u00eak\u00ea t\u00ea sazkirin. Kes dikarin bi tena ser\u00ea xwe an j\u00ee bi endam\u00ean malbat\u00ea re be\u015fdar bibin. R\u00fbni\u015ftin d\u00ea n\u00eaz\u00eek\u00ee saetek\u00ea bidome \u00fb bi gelemper\u00ee d\u00ea bi Nav\u00eegatorek Refah\u00ea re be; ev fersendek e ku kes \u00e7\u00eeroka ti\u015ft\u00ean ku ew di \u00e7ar\u00e7oveyek ewle \u00fb pi\u015ftgir de derbas kirine veb\u00eaje, \u00fb pi\u015ftgiriya ku ji bo wan \u00e7\u00eatir\u00een dixebite bifikire. Nav\u00eegator\u00ea Refah\u00ea d\u00ea bi kesan re bixebite da ku dever\u00ean bal\u00ea fam bike \u00fb pak\u00eatek dermankirin\u00ea ya ku dixebite s\u00eawir\u00eene. Ev dikare r\u00eazek terapiy\u00ean c\u00fbda an hewcedariy\u00ean pi\u015ftgiriy\u00ea y\u00ean berfirehtir di nav xwe de bigire. Nav\u00eegator\u00ea Refah\u00ea d\u00ea agahdariy\u00ea bi t\u00eem\u00ea kl\u00een\u00eek\u00ee y\u00ea pirdis\u00eepl\u00een\u00ee re parve bike da ku pi\u015ftgiriy\u00ea bide biryardan\u00ea \u00fb pi\u015ftrast bike ku her\u00ee z\u00eade<br\/> vebijark\u00ean guncaw t\u00eane nirxandin.     <\/p>\n\n<p>Her kes li ser ka dermankirina wan \u00e7awa p\u00eak were, bijarteyek watedar p\u00ea\u015fk\u00ea\u015f\u00ee w\u00ee\/w\u00ea t\u00ea kirin. \u062e\u0632\u0645\u06d5\u062a\u06af\u0648\u0632\u0627\u0631\u06cc\u06cc\u06d5\u06a9\u06d5 \u062f\u06cc\u0632\u0627\u06cc\u0646 \u06a9\u0631\u0627\u0648\u06d5 \u0628\u06c6 \u0626\u06d5\u0648\u06d5\u06cc \u0646\u06d5\u0631\u0645 \u0628\u06ce\u062a \u0648 \u062e\u06ce\u0632\u0627\u0646\u06d5\u06a9\u0627\u0646 \u0647\u06d5\u06b5\u0628\u0698\u0627\u0631\u062f\u0646\u06ce\u06a9\u06cc\u0627\u0646 \u0647\u06d5\u06cc\u06d5 \u0633\u06d5\u0628\u0627\u0631\u06d5\u062a \u0628\u06d5\u0648\u06d5\u06cc \u06a9\u06d5 \u0626\u0627\u06cc\u0627 \u06a9\u06c6\u0628\u0648\u0648\u0646\u06d5\u0648\u06d5\u06a9\u06d5\u06cc\u0627\u0646 \u0695\u0648\u0648\u0628\u06d5\u0695\u0648\u0648\u06cc \u0626\u06cc\u0646\u062a\u06d5\u0631\u0646\u06ce\u062a \u06cc\u0627\u0646 \u062a\u06d5\u0644\u06d5\u0641\u06c6\u0646 \u062f\u06d5\u0628\u06ce\u062a\u06d5\u0648\u06d5. \u062e\u0632\u0645\u06d5\u062a\u06af\u0648\u0632\u0627\u0631\u06cc\u06cc\u06d5\u06a9\u06d5 \u062f\u06d5\u062a\u0648\u0627\u0646\u06ce\u062a \u0633\u06d5\u0631\u062f\u0627\u0646\u06cc \u0645\u0627\u06b5\u06d5\u0648\u06d5 \u0628\u06a9\u0627\u062a \u0644\u06d5\u0648 \u0634\u0648\u06ce\u0646\u0627\u0646\u06d5\u06cc \u06a9\u06d5 \u067e\u06ce\u0648\u06cc\u0633\u062a \u0628\u06a9\u0627\u062a. Xizmet xwed\u00ee kl\u00een\u00eekek e ku li ser Clinton Avenue li Carrington n\u00eaz\u00eek\u00ee gir\u00eadan\u00ean veguhastina gi\u015ft\u00ee ye, bi parkkirina bela\u015f a taybet\u00ee \u00fb gih\u00ee\u015ftina asta erd\u00ea.<\/p>\n\n<p>Nav\u00eegator\u00ea Refah\u00ea d\u00ea wek\u00ee xaleke t\u00eakiliy\u00ea ya navend\u00ee ji bo her pi\u015ftgir\u00ee an j\u00ee ner\u00een\u00ean din di tevahiya r\u00eaw\u00eetiya xizmet\u00ea de bim\u00eene.<\/p>\n\n<h2 class=\"wp-block-heading\">\u0626\u0627\u06cc\u0627 \u062e\u0632\u0645\u06d5\u062a\u06af\u0648\u0632\u0627\u0631\u06cc \u0628\u06d5\u0631\u062f\u06d5\u0633\u062a\u06d5 \u0628\u06d5 \u0632\u0645\u0627\u0646\u06d5\u06a9\u0627\u0646\u06cc \u062a\u0631 \u062c\u06af\u06d5 \u0644\u06d5 \u0626\u06cc\u0646\u06af\u0644\u06cc\u0632\u06cc\u061f<\/h2>\n\n<p>\u062e\u0632\u0645\u06d5\u062a\u06af\u0648\u0632\u0627\u0631\u06cc\u06d5\u06a9\u06d5 \u062f\u06d5\u062a\u0648\u0627\u0646\u06ce\u062a \u0648\u06d5\u0631\u06af\u06ce\u0695\u06ce\u06a9 \u0695\u06ce\u06a9\u0628\u062e\u0627\u062a \u0628\u06c6 \u0626\u06d5\u0648\u06d5\u06cc \u067e\u0634\u062a\u06af\u06cc\u0631\u06cc\u062a \u0628\u06a9\u0627\u062a \u0644\u06d5 \u06a9\u06c6\u0628\u0648\u0648\u0646\u06d5\u0648\u06d5\u06a9\u0627\u0646\u062a \u0628\u06c6 \u0695\u0648\u0648\u0628\u06d5\u0695\u0648\u0648\u0628\u0648\u0648\u0646\u06d5\u0648\u06d5\u060c \u0644\u06d5 \u062f\u0648\u0648\u0631\u06d5\u0648\u06d5 \u06cc\u0627\u0646 \u06a9\u06c6\u0628\u0648\u0648\u0646\u06d5\u0648\u06d5\u06a9\u0627\u0646\u06cc \u0633\u06d5\u0631\u062f\u0627\u0646\u06cc \u0645\u0627\u06b5\u06d5\u0648\u06d5. \u0626\u06ce\u0645\u06d5 \u062f\u06d5\u062a\u0648\u0627\u0646\u06cc\u0646 \u0695\u06ce\u06a9\u062e\u0633\u062a\u0646\u062a \u0628\u06c6 \u0628\u06a9\u06d5\u06cc\u0646 \u0628\u06c6 \u0626\u06d5\u0648\u06d5\u06cc \u0647\u06d5\u0645\u0627\u0646 \u0648\u06d5\u0631\u06af\u06ce\u0695\u062a \u0647\u06d5\u0628\u06ce\u062a \u0628\u06d5 \u062f\u0631\u06ce\u0698\u0627\u06cc\u06cc \u0686\u0627\u0648\u062f\u06ce\u0631\u06cc\u06cc\u06d5\u06a9\u06d5\u062a \u0648 \u0626\u0627\u0645\u0627\u0646\u062c\u0645\u0627\u0646 \u0626\u06d5\u0648\u06d5\u06cc\u06d5 \u06a9\u06d5 \u0648\u06d5\u0631\u06af\u06ce\u0695\u06ce\u06a9\u06cc \u062f\u06cc\u0627\u0631\u06cc\u06a9\u0631\u0627\u0648 \u0647\u06d5\u0628\u06ce\u062a \u0626\u06d5\u06af\u06d5\u0631 \u06a9\u06d5\u0633\u06ce\u06a9\u062a \u0647\u06d5\u0628\u06ce\u062a \u06a9\u06d5 \u0647\u06d5\u0633\u062a \u0628\u06d5 \u0626\u0627\u0633\u0648\u0648\u062f\u06d5\u06cc\u06cc \u0628\u06a9\u06d5\u06cc\u062a \u0644\u06d5\u06af\u06d5\u06b5\u06cc. \u0632\u0627\u0646\u06cc\u0627\u0631\u06cc \u0628\u06d5 \u0632\u0645\u0627\u0646\u06d5 \u062c\u06cc\u0627\u0648\u0627\u0632\u06d5\u06a9\u0627\u0646 \u0644\u06d5 \u0645\u0627\u06b5\u067e\u06d5\u0695\u06d5\u06a9\u06d5\u0645\u0627\u0646 \u0644\u06d5 <a href=\"https:\/\/www.fpssnottingham.co.uk\/languages\">www.fpssnottingham.co.uk\/languages<\/a>  <\/p>\n\n<h2 class=\"wp-block-heading\">\u062f\u06d5\u062a\u0648\u0627\u0646\u0645 \u06cc\u0627\u0631\u0645\u06d5\u062a\u06cc \u0632\u06cc\u0627\u062a\u0631 \u0628\u06d5\u062f\u06d5\u0633\u062a \u0628\u0647\u06ce\u0646\u0645 \u0628\u06c6 \u062f\u0627\u0628\u06cc\u0646\u06a9\u0631\u062f\u0646\u06cc \u067e\u06ce\u062f\u0627\u0648\u06cc\u0633\u062a\u06cc\u06d5\u06a9\u0627\u0646\u0645\u061f<\/h2>\n\n<p>\u067e\u06ce\u0634\u0646\u06cc\u0627\u0631 \u0646\u0627\u06a9\u0631\u06ce\u062a \u0628\u06d5\u0634\u062f\u0627\u0631\u06cc \u0644\u06d5 \u062f\u06d5\u0633\u062a\u06ce\u0648\u06d5\u0631\u062f\u0627\u0646\u06cc \u0686\u0627\u0631\u06d5\u0633\u06d5\u0631\u06cc\u062f\u0627 \u0628\u06a9\u06d5\u06cc\u062a \u0644\u06d5\u06af\u06d5\u06b5 \u062e\u0632\u0645\u06d5\u062a\u06af\u0648\u0632\u0627\u0631\u06cc\u06cc\u06d5 \u062c\u06cc\u0627\u0648\u0627\u0632\u06d5\u06a9\u0627\u0646 \u0644\u06d5 \u0647\u06d5\u0645\u0627\u0646 \u06a9\u0627\u062a\u062f\u0627\u060c \u0645\u06d5\u06af\u06d5\u0631 \u0628\u06c6 \u0686\u0627\u0631\u06d5\u0633\u06d5\u0631\u06a9\u0631\u062f\u0646\u06cc \u06a9\u06ce\u0634\u06d5\u06cc \u062c\u06cc\u0627\u0648\u0627\u0632 \u06cc\u0627\u0646 \u062c\u06cc\u0627\u0648\u0627\u0632. \u0647\u06c6\u06a9\u0627\u0631\u06d5\u06a9\u0627\u0646\u06cc \u0626\u06d5\u0645\u06d5 \u0626\u06d5\u0648\u06d5\u06cc\u06d5 \u06a9\u06d5 \u062f\u0648\u0648 \u0686\u0627\u0631\u06d5\u0633\u06d5\u0631 \u0644\u06d5\u0648\u0627\u0646\u06d5\u06cc\u06d5 \u0646\u0627\u06a9\u06c6\u06a9\u06cc \u0644\u06d5\u06af\u06d5\u06b5 \u06cc\u06d5\u06a9\u062a\u0631\u062f\u0627 \u0647\u06d5\u0628\u06ce\u062a\u060c \u0647\u06d5\u0631\u0648\u06d5\u0647\u0627 \u0626\u06d5\u0648 \u062f\u0627\u0648\u0627\u06a9\u0627\u0631\u06cc\u06cc\u06d5 \u0632\u06cc\u0627\u062f\u06d5\u06cc \u06a9\u06d5 \u0644\u06d5\u0648\u0627\u0646\u06d5\u06cc\u06d5 \u0644\u06d5\u0633\u06d5\u0631 \u0626\u06d5\u0648 \u06a9\u06d5\u0633\u06d5 \u0628\u06ce\u062a \u06a9\u06d5 \u0686\u0627\u0631\u06d5\u0633\u06d5\u0631\u06cc \u0628\u06c6 \u062f\u06d5\u06a9\u0631\u06ce\u062a. Carinan ev dikare bibe sedema z\u00eadeb\u00fbna nexwe\u015fiy\u00ea an j\u00ee encam\u00ean xirab. \u062e\u0632\u0645\u06d5\u062a\u06af\u0648\u0632\u0627\u0631\u06cc \u067e\u0627\u06b5\u067e\u0634\u062a\u06cc \u062f\u06d5\u0631\u0648\u0648\u0646\u06cc \u062e\u06ce\u0632\u0627\u0646\u06cc \u0647\u06d5\u0631\u0648\u06d5\u0647\u0627 \u062f\u06d5\u062a\u0648\u0627\u0646\u06ce\u062a \u06cc\u0627\u0631\u0645\u06d5\u062a\u06cc\u062a \u0628\u06a9\u0627\u062a \u0644\u06d5\u06af\u06d5\u06b5 \u06a9\u06ce\u0634\u06d5\u06cc \u0641\u0631\u0627\u0648\u0627\u0646\u062a\u0631 \u06a9\u06d5 \u0644\u06d5\u0648\u0627\u0646\u06d5\u06cc\u06d5 \u0644\u06d5 \u062f\u06d5\u0631\u06d5\u0648\u06d5\u06cc \u0626\u06d5\u0632\u0645\u0648\u0648\u0646\u06cc \u062f\u0627\u06cc\u06a9\u0628\u0648\u0648\u0646\u062a \u0628\u06ce\u062a \u0628\u06c6 \u0646\u0645\u0648\u0648\u0646\u06d5 \u0644\u06d5\u06af\u06d5\u06b5 \u0642\u06d5\u0631\u0632\u060c \u0646\u06cc\u0634\u062a\u06d5\u062c\u06ce\u0628\u0648\u0648\u0646\u060c \u06cc\u0627\u0646 \u06a9\u06ce\u0634\u06d5\u06cc \u06a9\u0627\u0631.<\/p>\n\n<h2 class=\"wp-block-heading\">\u06a9\u0627\u0631\u062f\u0627\u0646\u06d5\u0648\u06d5<\/h2>\n\n<p>\u0626\u06ce\u0645\u06d5 \u062f\u06d5\u0645\u0627\u0646\u06d5\u0648\u06ce\u062a \u062a\u06ce\u0628\u06af\u06d5\u06cc\u0646 \u06a9\u06d5 \u0686\u06c6\u0646 \u062e\u06ce\u0632\u0627\u0646\u06d5\u06a9\u0627\u0646 \u0626\u06d5\u0632\u0645\u0648\u0648\u0646\u06cc \u0626\u06d5\u0648 \u067e\u0627\u06b5\u067e\u0634\u062a\u06cc\u06cc\u06d5 \u062f\u06d5\u06a9\u06d5\u0646 \u06a9\u06d5 \u0644\u06d5\u0644\u0627\u06cc\u06d5\u0646 \u062e\u0632\u0645\u06d5\u062a\u06af\u0648\u0632\u0627\u0631\u06cc \u062f\u06d5\u0631\u0648\u0648\u0646\u06cc \u062e\u06ce\u0632\u0627\u0646 \u067e\u06ce\u0634\u06a9\u06d5\u0634 \u062f\u06d5\u06a9\u0631\u06ce\u062a. \u0648\u06d5\u06a9 \u0628\u06d5\u0634\u06ce\u06a9 \u0644\u06d5 \u0686\u0627\u0648\u062f\u06ce\u0631\u06cc\u06cc\u06d5\u06a9\u06d5\u062a \u0686\u06d5\u0646\u062f \u067e\u0631\u0633\u06cc\u0627\u0631\u06ce\u06a9\u062a \u0644\u06ce\u062f\u06d5\u06a9\u0631\u06ce\u062a \u0644\u06d5 \u06a9\u0627\u062a\u06cc \u0628\u06d5\u06a9\u0627\u0631\u0647\u06ce\u0646\u0627\u0646\u06cc \u062e\u0632\u0645\u06d5\u062a\u06af\u0648\u0632\u0627\u0631\u06cc\u06d5\u06a9\u06d5 \u0648 \u062f\u0648\u0627\u06cc \u0628\u06d5\u06a9\u0627\u0631\u0647\u06ce\u0646\u0627\u0646\u06cc \u062e\u0632\u0645\u06d5\u062a\u06af\u0648\u0632\u0627\u0631\u06cc\u06cc\u06d5\u06a9\u06d5 \u062f\u06d5\u0631\u0628\u0627\u0631\u06d5\u06cc \u0626\u06d5\u0648\u06d5\u06cc \u0626\u0627\u06cc\u0627 \u062e\u0632\u0645\u06d5\u062a\u06af\u0648\u0632\u0627\u0631\u06cc\u06cc\u06d5\u06a9\u06d5 \u067e\u06ce\u062f\u0627\u0648\u06cc\u0633\u062a\u06cc\u06cc\u06d5\u06a9\u0627\u0646\u06cc \u062a\u06c6\u06cc \u062c\u06ce\u0628\u06d5\u062c\u06ce \u06a9\u0631\u062f\u0648\u0648\u06d5. \u0626\u06d5\u0645 \u06a9\u0627\u0631\u062f\u0627\u0646\u06d5\u0648\u06d5\u06cc\u06d5 \u06cc\u0627\u0631\u0645\u06d5\u062a\u06cc\u0645\u0627\u0646 \u062f\u06d5\u062f\u0627\u062a \u0628\u06c6 \u0628\u0627\u0634\u062a\u0631\u06a9\u0631\u062f\u0646\u06cc \u0626\u06d5\u0648 \u062e\u0632\u0645\u06d5\u062a\u06af\u0648\u0632\u0627\u0631\u06cc\u06cc\u0627\u0646\u06d5\u06cc \u067e\u06ce\u0634\u06a9\u06d5\u0634\u06cc \u062e\u06ce\u0632\u0627\u0646\u06d5\u06a9\u0627\u0646\u0645\u0627\u0646 \u062f\u06d5\u06a9\u06d5\u06cc\u0646.  <\/p>\n","protected":false},"excerpt":{"rendered":"<p>Bersiv\u00ean hin pirs\u00ean ku pir caran ji malbatan t\u00eane pirs\u00een \u0626\u0627\u0645\u0627\u0646\u062c\u06d5\u06a9\u0627\u0646\u06cc \u062e\u0632\u0645\u06d5\u062a\u06af\u0648\u0632\u0627\u0631\u06cc\u06cc\u06d5\u06a9\u06d5 \u0686\u06cc\u0646\u061f Ji bo malbat\u00ean ku be\u015fek ji Nirxandina Serbixwe ya xizmet\u00ean dayiktiy\u00ea li Nexwe\u015fxaney\u00ean Zan\u00eengeha Nottingham NHS Trust in, pi\u015ftgiriya ps\u00eekoloj\u00eek a pispor \u00fb li ser bingeha kes\u00ee peyda bikin. \u06a9\u06ce \u062e\u0632\u0645\u06d5\u062a\u06af\u0648\u0632\u0627\u0631\u06cc\u06cc\u06d5\u06a9\u06d5 \u062f\u0627\u0628\u06cc\u0646 \u062f\u06d5\u06a9\u0627\u062a\u061f \u062a\u06cc\u0645\u06ce\u06a9\u06cc \u062a\u06d5\u0631\u062e\u0627\u0646\u06a9\u0631\u0627\u0648 \u0644\u06d5 \u0686\u0627\u0631\u06d5\u0633\u06d5\u0631\u06cc \u062f\u06d5\u0631\u0648\u0648\u0646\u06cc \u06a9\u06d5 \u0634\u0627\u0631\u06d5\u0632\u0627\u06cc\u06cc\u0627\u0646 \u0647\u06d5\u06cc\u06d5 \u0644\u06d5 &hellip; <a href=\"https:\/\/www.ockendenmaternityreview.org.uk\/ku\/pirsen-pir-ten-pirsin-en-fpss\/\">Continued<\/a><\/p>\n","protected":false},"author":1,"featured_media":0,"parent":0,"menu_order":0,"comment_status":"closed","ping_status":"closed","template":"page-narrow.blade.php","meta":{"_acf_changed":false,"footnotes":""},"class_list":["post-13461","page","type-page","status-publish","hentry"],"acf":[],"yoast_head":"<!-- This site is optimized with the Yoast SEO plugin v27.2 - https:\/\/yoast.com\/product\/yoast-seo-wordpress\/ -->\n<title>Pirs\u00ean Pir t\u00ean Pirs\u00een \u00ean FPSS - Ockenden Review<\/title>\n<meta name=\"robots\" content=\"index, follow, max-snippet:-1, max-image-preview:large, max-video-preview:-1\" \/>\n<link rel=\"canonical\" href=\"https:\/\/www.ockendenmaternityreview.org.uk\/ku\/pirsen-pir-ten-pirsin-en-fpss\/\" \/>\n<meta property=\"og:locale\" content=\"en_US\" \/>\n<meta property=\"og:type\" content=\"article\" \/>\n<meta property=\"og:title\" content=\"Pirs\u00ean Pir t\u00ean Pirs\u00een \u00ean FPSS - Ockenden Review\" \/>\n<meta property=\"og:description\" content=\"Bersiv\u00ean hin pirs\u00ean ku pir caran ji malbatan t\u00eane pirs\u00een \u0626\u0627\u0645\u0627\u0646\u062c\u06d5\u06a9\u0627\u0646\u06cc \u062e\u0632\u0645\u06d5\u062a\u06af\u0648\u0632\u0627\u0631\u06cc\u06cc\u06d5\u06a9\u06d5 \u0686\u06cc\u0646\u061f Ji bo malbat\u00ean ku be\u015fek ji Nirxandina Serbixwe ya xizmet\u00ean dayiktiy\u00ea li Nexwe\u015fxaney\u00ean Zan\u00eengeha Nottingham NHS Trust in, pi\u015ftgiriya ps\u00eekoloj\u00eek a pispor \u00fb li ser bingeha kes\u00ee peyda bikin. \u06a9\u06ce \u062e\u0632\u0645\u06d5\u062a\u06af\u0648\u0632\u0627\u0631\u06cc\u06cc\u06d5\u06a9\u06d5 \u062f\u0627\u0628\u06cc\u0646 \u062f\u06d5\u06a9\u0627\u062a\u061f \u062a\u06cc\u0645\u06ce\u06a9\u06cc \u062a\u06d5\u0631\u062e\u0627\u0646\u06a9\u0631\u0627\u0648 \u0644\u06d5 \u0686\u0627\u0631\u06d5\u0633\u06d5\u0631\u06cc \u062f\u06d5\u0631\u0648\u0648\u0646\u06cc \u06a9\u06d5 \u0634\u0627\u0631\u06d5\u0632\u0627\u06cc\u06cc\u0627\u0646 \u0647\u06d5\u06cc\u06d5 \u0644\u06d5 &hellip; Continued\" \/>\n<meta property=\"og:url\" content=\"https:\/\/www.ockendenmaternityreview.org.uk\/ku\/pirsen-pir-ten-pirsin-en-fpss\/\" \/>\n<meta property=\"og:site_name\" content=\"Ockenden Review\" \/>\n<meta property=\"article:publisher\" content=\"https:\/\/www.facebook.com\/ockendenmaternityreview?mibextid=wwXIfr\" \/>\n<meta property=\"article:modified_time\" content=\"2026-04-07T10:37:00+00:00\" \/>\n<meta name=\"twitter:card\" content=\"summary_large_image\" \/>\n<meta name=\"twitter:site\" content=\"@ockreview\" \/>\n<meta name=\"twitter:label1\" content=\"Est. reading time\" \/>\n\t<meta name=\"twitter:data1\" content=\"2 \u062e\u0648\u0644\u06d5\u06a9\" \/>\n<script type=\"application\/ld+json\" class=\"yoast-schema-graph\">{\"@context\":\"https:\/\/schema.org\",\"@graph\":[{\"@type\":\"WebPage\",\"@id\":\"https:\/\/www.ockendenmaternityreview.org.uk\/ku\/pirsen-pir-ten-pirsin-en-fpss\/\",\"url\":\"https:\/\/www.ockendenmaternityreview.org.uk\/ku\/pirsen-pir-ten-pirsin-en-fpss\/\",\"name\":\"Pirs\u00ean Pir t\u00ean Pirs\u00een \u00ean FPSS - Ockenden Review\",\"isPartOf\":{\"@id\":\"http:\/\/www.ockendenmaternityreview.org.uk\/zh-hant\/#website\"},\"datePublished\":\"2026-03-31T10:28:11+00:00\",\"dateModified\":\"2026-04-07T10:37:00+00:00\",\"breadcrumb\":{\"@id\":\"https:\/\/www.ockendenmaternityreview.org.uk\/ku\/pirsen-pir-ten-pirsin-en-fpss\/#breadcrumb\"},\"inLanguage\":\"ckb\",\"potentialAction\":[{\"@type\":\"ReadAction\",\"target\":[\"https:\/\/www.ockendenmaternityreview.org.uk\/ku\/pirsen-pir-ten-pirsin-en-fpss\/\"]}]},{\"@type\":\"BreadcrumbList\",\"@id\":\"https:\/\/www.ockendenmaternityreview.org.uk\/ku\/pirsen-pir-ten-pirsin-en-fpss\/#breadcrumb\",\"itemListElement\":[{\"@type\":\"ListItem\",\"position\":1,\"name\":\"Home\",\"item\":\"https:\/\/www.ockendenmaternityreview.org.uk\/ku\/\"},{\"@type\":\"ListItem\",\"position\":2,\"name\":\"Pirs\u00ean Pir t\u00ean Pirs\u00een \u00ean FPSS\"}]},{\"@type\":\"WebSite\",\"@id\":\"http:\/\/www.ockendenmaternityreview.org.uk\/zh-hant\/#website\",\"url\":\"http:\/\/www.ockendenmaternityreview.org.uk\/zh-hant\/\",\"name\":\"Ockenden Review\",\"description\":\"\",\"potentialAction\":[{\"@type\":\"SearchAction\",\"target\":{\"@type\":\"EntryPoint\",\"urlTemplate\":\"http:\/\/www.ockendenmaternityreview.org.uk\/zh-hant\/?s={search_term_string}\"},\"query-input\":{\"@type\":\"PropertyValueSpecification\",\"valueRequired\":true,\"valueName\":\"search_term_string\"}}],\"inLanguage\":\"ckb\"}]}<\/script>\n<!-- \/ Yoast SEO plugin. -->","yoast_head_json":{"title":"Pirs\u00ean Pir t\u00ean Pirs\u00een \u00ean FPSS - Ockenden Review","robots":{"index":"index","follow":"follow","max-snippet":"max-snippet:-1","max-image-preview":"max-image-preview:large","max-video-preview":"max-video-preview:-1"},"canonical":"https:\/\/www.ockendenmaternityreview.org.uk\/ku\/pirsen-pir-ten-pirsin-en-fpss\/","og_locale":"en_US","og_type":"article","og_title":"Pirs\u00ean Pir t\u00ean Pirs\u00een \u00ean FPSS - Ockenden Review","og_description":"Bersiv\u00ean hin pirs\u00ean ku pir caran ji malbatan t\u00eane pirs\u00een \u0626\u0627\u0645\u0627\u0646\u062c\u06d5\u06a9\u0627\u0646\u06cc \u062e\u0632\u0645\u06d5\u062a\u06af\u0648\u0632\u0627\u0631\u06cc\u06cc\u06d5\u06a9\u06d5 \u0686\u06cc\u0646\u061f Ji bo malbat\u00ean ku be\u015fek ji Nirxandina Serbixwe ya xizmet\u00ean dayiktiy\u00ea li Nexwe\u015fxaney\u00ean Zan\u00eengeha Nottingham NHS Trust in, pi\u015ftgiriya ps\u00eekoloj\u00eek a pispor \u00fb li ser bingeha kes\u00ee peyda bikin. \u06a9\u06ce \u062e\u0632\u0645\u06d5\u062a\u06af\u0648\u0632\u0627\u0631\u06cc\u06cc\u06d5\u06a9\u06d5 \u062f\u0627\u0628\u06cc\u0646 \u062f\u06d5\u06a9\u0627\u062a\u061f \u062a\u06cc\u0645\u06ce\u06a9\u06cc \u062a\u06d5\u0631\u062e\u0627\u0646\u06a9\u0631\u0627\u0648 \u0644\u06d5 \u0686\u0627\u0631\u06d5\u0633\u06d5\u0631\u06cc \u062f\u06d5\u0631\u0648\u0648\u0646\u06cc \u06a9\u06d5 \u0634\u0627\u0631\u06d5\u0632\u0627\u06cc\u06cc\u0627\u0646 \u0647\u06d5\u06cc\u06d5 \u0644\u06d5 &hellip; Continued","og_url":"https:\/\/www.ockendenmaternityreview.org.uk\/ku\/pirsen-pir-ten-pirsin-en-fpss\/","og_site_name":"Ockenden Review","article_publisher":"https:\/\/www.facebook.com\/ockendenmaternityreview?mibextid=wwXIfr","article_modified_time":"2026-04-07T10:37:00+00:00","twitter_card":"summary_large_image","twitter_site":"@ockreview","twitter_misc":{"Est. reading time":"2 \u062e\u0648\u0644\u06d5\u06a9"},"schema":{"@context":"https:\/\/schema.org","@graph":[{"@type":"WebPage","@id":"https:\/\/www.ockendenmaternityreview.org.uk\/ku\/pirsen-pir-ten-pirsin-en-fpss\/","url":"https:\/\/www.ockendenmaternityreview.org.uk\/ku\/pirsen-pir-ten-pirsin-en-fpss\/","name":"Pirs\u00ean Pir t\u00ean Pirs\u00een \u00ean FPSS - Ockenden Review","isPartOf":{"@id":"http:\/\/www.ockendenmaternityreview.org.uk\/zh-hant\/#website"},"datePublished":"2026-03-31T10:28:11+00:00","dateModified":"2026-04-07T10:37:00+00:00","breadcrumb":{"@id":"https:\/\/www.ockendenmaternityreview.org.uk\/ku\/pirsen-pir-ten-pirsin-en-fpss\/#breadcrumb"},"inLanguage":"ckb","potentialAction":[{"@type":"ReadAction","target":["https:\/\/www.ockendenmaternityreview.org.uk\/ku\/pirsen-pir-ten-pirsin-en-fpss\/"]}]},{"@type":"BreadcrumbList","@id":"https:\/\/www.ockendenmaternityreview.org.uk\/ku\/pirsen-pir-ten-pirsin-en-fpss\/#breadcrumb","itemListElement":[{"@type":"ListItem","position":1,"name":"Home","item":"https:\/\/www.ockendenmaternityreview.org.uk\/ku\/"},{"@type":"ListItem","position":2,"name":"Pirs\u00ean Pir t\u00ean Pirs\u00een \u00ean FPSS"}]},{"@type":"WebSite","@id":"http:\/\/www.ockendenmaternityreview.org.uk\/zh-hant\/#website","url":"http:\/\/www.ockendenmaternityreview.org.uk\/zh-hant\/","name":"Ockenden Review","description":"","potentialAction":[{"@type":"SearchAction","target":{"@type":"EntryPoint","urlTemplate":"http:\/\/www.ockendenmaternityreview.org.uk\/zh-hant\/?s={search_term_string}"},"query-input":{"@type":"PropertyValueSpecification","valueRequired":true,"valueName":"search_term_string"}}],"inLanguage":"ckb"}]}},"_links":{"self":[{"href":"https:\/\/www.ockendenmaternityreview.org.uk\/ku\/wp-json\/wp\/v2\/pages\/13461","targetHints":{"allow":["GET"]}}],"collection":[{"href":"https:\/\/www.ockendenmaternityreview.org.uk\/ku\/wp-json\/wp\/v2\/pages"}],"about":[{"href":"https:\/\/www.ockendenmaternityreview.org.uk\/ku\/wp-json\/wp\/v2\/types\/page"}],"author":[{"embeddable":true,"href":"https:\/\/www.ockendenmaternityreview.org.uk\/ku\/wp-json\/wp\/v2\/users\/1"}],"replies":[{"embeddable":true,"href":"https:\/\/www.ockendenmaternityreview.org.uk\/ku\/wp-json\/wp\/v2\/comments?post=13461"}],"version-history":[{"count":0,"href":"https:\/\/www.ockendenmaternityreview.org.uk\/ku\/wp-json\/wp\/v2\/pages\/13461\/revisions"}],"wp:attachment":[{"href":"https:\/\/www.ockendenmaternityreview.org.uk\/ku\/wp-json\/wp\/v2\/media?parent=13461"}],"curies":[{"name":"wp","href":"https:\/\/api.w.org\/{rel}","templated":true}]}}