{"id":13487,"date":"2026-03-30T15:59:17","date_gmt":"2026-03-30T15:59:17","guid":{"rendered":"https:\/\/www.ockendenmaternityreview.org.uk\/pistgiriya-deruni-ji-bo-malbatan-2\/"},"modified":"2026-04-07T10:38:22","modified_gmt":"2026-04-07T10:38:22","slug":"pistgiriya-deruni-ji-bo-malbatan-2","status":"publish","type":"page","link":"https:\/\/www.ockendenmaternityreview.org.uk\/ku\/pistgiriya-deruni-ji-bo-malbatan-2\/","title":{"rendered":"Pi\u015ftgiriya Der\u00fbn\u00ee ji bo Malbatan"},"content":{"rendered":"\n<div class=\"wp-block-columns is-layout-flex wp-container-core-columns-is-layout-9d6595d7 wp-block-columns-is-layout-flex\">\n<div class=\"wp-block-column is-layout-flow wp-block-column-is-layout-flow\">\n<h2 class=\"wp-block-heading\">\u062e\u0632\u0645\u06d5\u062a\u06af\u0648\u0632\u0627\u0631\u06cc \u067e\u0627\u06b5\u067e\u0634\u062a\u06cc \u062f\u06d5\u0631\u0648\u0648\u0646\u06cc \u062e\u06ce\u0632\u0627\u0646<\/h2>\n\n\n\n<p>Xizmeta Pi\u015ftgiriya Der\u00fbn\u00ee ya Malbat\u00ea xizmetek pispor e ku ten\u00ea ji bo malbat\u00ean ku di nirxandina dayiktiy\u00ea de be\u015fdar in. Ew ji bo her kes\u00ea di malbata we de ku ji ezm\u00fbna weya jidayikb\u00fbn\u00ea bandor b\u00fbye, \u00e7i encam be j\u00ee, pak\u00eatek pi\u015ftgiriy\u00ea ya li gor\u00ee daxwaz\u00ea \u200b\u200b\u200b\u200bp\u00ea\u015fk\u00ea\u015f dikin. <\/p>\n\n\n\n<p><a href=\"https:\/\/www.ockendenmaternityreview.org.uk\/ku\/%d8%ae%d8%b2%d9%85%db%95%d8%aa%da%af%d9%88%d8%b2%d8%a7%d8%b1%db%8c-%d9%be%d8%a7%da%b5%d9%be%d8%b4%d8%aa%db%8c-%d8%af%db%95%d8%b1%d9%88%d9%88%d9%86%db%8c-%d8%ae%db%8e%d8%b2%d8%a7%d9%86\/\">\u0632\u06cc\u0627\u062a\u0631 \u0628\u062e\u0648\u06ce\u0646\u06d5\u0648\u06d5<\/a><\/p>\n<\/div>\n\n\n\n<div class=\"wp-block-column is-layout-flow wp-block-column-is-layout-flow\">\n<h2 class=\"wp-block-heading\">Pi\u015ftgiriya Kr\u00eeza Tenduristiya Der\u00fbn\u00ee<\/h2>\n\n\n\n<p>Carinan dibe ku h\u00fbn di rew\u015fek awarte de tengasiyek giran, an raman\u00ean xweku\u015ftin\u00ea bicerib\u00eenin, \u00fb dibe ku h\u00fbn hewce bikin ku di rew\u015fek awarte de al\u00eekariy\u00ea bist\u00eenin. Em li FPSS ne xizmetek kr\u00eez\u00ea ne \u00fb dibe ku di demek pir kurt de ne amade bin ku bi we re biaxivin.   <\/p>\n\n\n\n<p><a href=\"https:\/\/www.ockendenmaternityreview.org.uk\/ku\/pistgiriya-kriza-tenduristiya-deruni\/\">\u0632\u06cc\u0627\u062a\u0631 \u0628\u062e\u0648\u06ce\u0646\u06d5\u0648\u06d5<\/a><\/p>\n<\/div>\n<\/div>\n\n<div class=\"wp-block-columns is-layout-flex wp-container-core-columns-is-layout-9d6595d7 wp-block-columns-is-layout-flex\">\n<div class=\"wp-block-column is-layout-flow wp-block-column-is-layout-flow\">\n<h2 class=\"wp-block-heading\">Pirs\u00ean Pir t\u00ean Pirs\u00een \u00ean FPSS<\/h2>\n\n\n\n<p>Bersiv\u00ean hin pirs\u00ean ku pir caran ji malbatan t\u00eane pirs\u00een<\/p>\n\n\n\n<p><a href=\"https:\/\/www.ockendenmaternityreview.org.uk\/ku\/pirsen-pir-ten-pirsin-en-fpss\/\">\u0632\u06cc\u0627\u062a\u0631 \u0628\u062e\u0648\u06ce\u0646\u06d5\u0648\u06d5<\/a><\/p>\n<\/div>\n\n\n\n<div class=\"wp-block-column is-layout-flow wp-block-column-is-layout-flow\">\n<h2 class=\"wp-block-heading\">R\u00eaya Xizmeta Pi\u015ftgiriya Der\u00fbn\u00ee ya Malbat\u00ea<\/h2>\n\n\n\n<p><a href=\"http:\/\/www.ockendenmaternityreview.org.uk\/wp-content\/uploads\/2026\/03\/FPSS-Service-User-Pathway-Final-1.pdf\" target=\"_blank\" rel=\"noreferrer noopener\">\u0632\u06cc\u0627\u062a\u0631 \u0628\u062e\u0648\u06ce\u0646\u06d5\u0648\u06d5<\/a><\/p>\n<\/div>\n<\/div>\n","protected":false},"excerpt":{"rendered":"<p>\u062e\u0632\u0645\u06d5\u062a\u06af\u0648\u0632\u0627\u0631\u06cc \u067e\u0627\u06b5\u067e\u0634\u062a\u06cc \u062f\u06d5\u0631\u0648\u0648\u0646\u06cc \u062e\u06ce\u0632\u0627\u0646 Xizmeta Pi\u015ftgiriya Der\u00fbn\u00ee ya Malbat\u00ea xizmetek pispor e ku ten\u00ea ji bo malbat\u00ean ku di nirxandina dayiktiy\u00ea de be\u015fdar in. Ew ji bo her kes\u00ea di malbata we de ku ji ezm\u00fbna weya jidayikb\u00fbn\u00ea bandor b\u00fbye, \u00e7i encam be j\u00ee, pak\u00eatek pi\u015ftgiriy\u00ea ya li gor\u00ee daxwaz\u00ea \u200b\u200b\u200b\u200bp\u00ea\u015fk\u00ea\u015f dikin. \u0632\u06cc\u0627\u062a\u0631 \u0628\u062e\u0648\u06ce\u0646\u06d5\u0648\u06d5 Pi\u015ftgiriya &hellip; <a href=\"https:\/\/www.ockendenmaternityreview.org.uk\/ku\/pistgiriya-deruni-ji-bo-malbatan-2\/\">Continued<\/a><\/p>\n","protected":false},"author":1,"featured_media":0,"parent":0,"menu_order":0,"comment_status":"closed","ping_status":"closed","template":"page-narrow.blade.php","meta":{"_acf_changed":false,"footnotes":""},"class_list":["post-13487","page","type-page","status-publish","hentry"],"acf":[],"yoast_head":"<!-- This site is optimized with the Yoast SEO plugin v27.2 - https:\/\/yoast.com\/product\/yoast-seo-wordpress\/ -->\n<title>Pi\u015ftgiriya Der\u00fbn\u00ee ji bo Malbatan - Ockenden Review<\/title>\n<meta name=\"robots\" content=\"index, follow, max-snippet:-1, max-image-preview:large, max-video-preview:-1\" \/>\n<link rel=\"canonical\" href=\"http:\/\/www.ockendenmaternityreview.org.uk\/ku\/pistgiriya-deruni-ji-bo-malbatan-2\/\" \/>\n<meta property=\"og:locale\" content=\"en_US\" \/>\n<meta property=\"og:type\" content=\"article\" \/>\n<meta property=\"og:title\" content=\"Pi\u015ftgiriya Der\u00fbn\u00ee ji bo Malbatan - Ockenden Review\" \/>\n<meta property=\"og:description\" content=\"\u062e\u0632\u0645\u06d5\u062a\u06af\u0648\u0632\u0627\u0631\u06cc \u067e\u0627\u06b5\u067e\u0634\u062a\u06cc \u062f\u06d5\u0631\u0648\u0648\u0646\u06cc \u062e\u06ce\u0632\u0627\u0646 Xizmeta Pi\u015ftgiriya Der\u00fbn\u00ee ya Malbat\u00ea xizmetek pispor e ku ten\u00ea ji bo malbat\u00ean ku di nirxandina dayiktiy\u00ea de be\u015fdar in. Ew ji bo her kes\u00ea di malbata we de ku ji ezm\u00fbna weya jidayikb\u00fbn\u00ea bandor b\u00fbye, \u00e7i encam be j\u00ee, pak\u00eatek pi\u015ftgiriy\u00ea ya li gor\u00ee daxwaz\u00ea \u200b\u200b\u200b\u200bp\u00ea\u015fk\u00ea\u015f dikin. \u0632\u06cc\u0627\u062a\u0631 \u0628\u062e\u0648\u06ce\u0646\u06d5\u0648\u06d5 Pi\u015ftgiriya &hellip; Continued\" \/>\n<meta property=\"og:url\" content=\"http:\/\/www.ockendenmaternityreview.org.uk\/ku\/pistgiriya-deruni-ji-bo-malbatan-2\/\" \/>\n<meta property=\"og:site_name\" content=\"Ockenden Review\" \/>\n<meta property=\"article:publisher\" content=\"https:\/\/www.facebook.com\/ockendenmaternityreview?mibextid=wwXIfr\" \/>\n<meta property=\"article:modified_time\" content=\"2026-04-07T10:38:22+00:00\" \/>\n<meta name=\"twitter:card\" content=\"summary_large_image\" \/>\n<meta name=\"twitter:site\" content=\"@ockreview\" \/>\n<meta name=\"twitter:label1\" content=\"Est. reading time\" \/>\n\t<meta name=\"twitter:data1\" content=\"1 \u062e\u0648\u0644\u06d5\u06a9\" \/>\n<script type=\"application\/ld+json\" class=\"yoast-schema-graph\">{\"@context\":\"https:\/\/schema.org\",\"@graph\":[{\"@type\":\"WebPage\",\"@id\":\"http:\/\/www.ockendenmaternityreview.org.uk\/ku\/pistgiriya-deruni-ji-bo-malbatan-2\/\",\"url\":\"http:\/\/www.ockendenmaternityreview.org.uk\/ku\/pistgiriya-deruni-ji-bo-malbatan-2\/\",\"name\":\"Pi\u015ftgiriya Der\u00fbn\u00ee ji bo Malbatan - Ockenden Review\",\"isPartOf\":{\"@id\":\"https:\/\/www.ockendenmaternityreview.org.uk\/fa\/#website\"},\"datePublished\":\"2026-03-30T15:59:17+00:00\",\"dateModified\":\"2026-04-07T10:38:22+00:00\",\"breadcrumb\":{\"@id\":\"http:\/\/www.ockendenmaternityreview.org.uk\/ku\/pistgiriya-deruni-ji-bo-malbatan-2\/#breadcrumb\"},\"inLanguage\":\"ckb\",\"potentialAction\":[{\"@type\":\"ReadAction\",\"target\":[\"http:\/\/www.ockendenmaternityreview.org.uk\/ku\/pistgiriya-deruni-ji-bo-malbatan-2\/\"]}]},{\"@type\":\"BreadcrumbList\",\"@id\":\"http:\/\/www.ockendenmaternityreview.org.uk\/ku\/pistgiriya-deruni-ji-bo-malbatan-2\/#breadcrumb\",\"itemListElement\":[{\"@type\":\"ListItem\",\"position\":1,\"name\":\"Home\",\"item\":\"https:\/\/www.ockendenmaternityreview.org.uk\/ku\/\"},{\"@type\":\"ListItem\",\"position\":2,\"name\":\"Pi\u015ftgiriya Der\u00fbn\u00ee ji bo Malbatan\"}]},{\"@type\":\"WebSite\",\"@id\":\"https:\/\/www.ockendenmaternityreview.org.uk\/fa\/#website\",\"url\":\"https:\/\/www.ockendenmaternityreview.org.uk\/fa\/\",\"name\":\"Ockenden Review\",\"description\":\"\",\"potentialAction\":[{\"@type\":\"SearchAction\",\"target\":{\"@type\":\"EntryPoint\",\"urlTemplate\":\"https:\/\/www.ockendenmaternityreview.org.uk\/fa\/?s={search_term_string}\"},\"query-input\":{\"@type\":\"PropertyValueSpecification\",\"valueRequired\":true,\"valueName\":\"search_term_string\"}}],\"inLanguage\":\"ckb\"}]}<\/script>\n<!-- \/ Yoast SEO plugin. -->","yoast_head_json":{"title":"Pi\u015ftgiriya Der\u00fbn\u00ee ji bo Malbatan - Ockenden Review","robots":{"index":"index","follow":"follow","max-snippet":"max-snippet:-1","max-image-preview":"max-image-preview:large","max-video-preview":"max-video-preview:-1"},"canonical":"http:\/\/www.ockendenmaternityreview.org.uk\/ku\/pistgiriya-deruni-ji-bo-malbatan-2\/","og_locale":"en_US","og_type":"article","og_title":"Pi\u015ftgiriya Der\u00fbn\u00ee ji bo Malbatan - Ockenden Review","og_description":"\u062e\u0632\u0645\u06d5\u062a\u06af\u0648\u0632\u0627\u0631\u06cc \u067e\u0627\u06b5\u067e\u0634\u062a\u06cc \u062f\u06d5\u0631\u0648\u0648\u0646\u06cc \u062e\u06ce\u0632\u0627\u0646 Xizmeta Pi\u015ftgiriya Der\u00fbn\u00ee ya Malbat\u00ea xizmetek pispor e ku ten\u00ea ji bo malbat\u00ean ku di nirxandina dayiktiy\u00ea de be\u015fdar in. Ew ji bo her kes\u00ea di malbata we de ku ji ezm\u00fbna weya jidayikb\u00fbn\u00ea bandor b\u00fbye, \u00e7i encam be j\u00ee, pak\u00eatek pi\u015ftgiriy\u00ea ya li gor\u00ee daxwaz\u00ea \u200b\u200b\u200b\u200bp\u00ea\u015fk\u00ea\u015f dikin. \u0632\u06cc\u0627\u062a\u0631 \u0628\u062e\u0648\u06ce\u0646\u06d5\u0648\u06d5 Pi\u015ftgiriya &hellip; Continued","og_url":"http:\/\/www.ockendenmaternityreview.org.uk\/ku\/pistgiriya-deruni-ji-bo-malbatan-2\/","og_site_name":"Ockenden Review","article_publisher":"https:\/\/www.facebook.com\/ockendenmaternityreview?mibextid=wwXIfr","article_modified_time":"2026-04-07T10:38:22+00:00","twitter_card":"summary_large_image","twitter_site":"@ockreview","twitter_misc":{"Est. reading time":"1 \u062e\u0648\u0644\u06d5\u06a9"},"schema":{"@context":"https:\/\/schema.org","@graph":[{"@type":"WebPage","@id":"http:\/\/www.ockendenmaternityreview.org.uk\/ku\/pistgiriya-deruni-ji-bo-malbatan-2\/","url":"http:\/\/www.ockendenmaternityreview.org.uk\/ku\/pistgiriya-deruni-ji-bo-malbatan-2\/","name":"Pi\u015ftgiriya Der\u00fbn\u00ee ji bo Malbatan - Ockenden Review","isPartOf":{"@id":"https:\/\/www.ockendenmaternityreview.org.uk\/fa\/#website"},"datePublished":"2026-03-30T15:59:17+00:00","dateModified":"2026-04-07T10:38:22+00:00","breadcrumb":{"@id":"http:\/\/www.ockendenmaternityreview.org.uk\/ku\/pistgiriya-deruni-ji-bo-malbatan-2\/#breadcrumb"},"inLanguage":"ckb","potentialAction":[{"@type":"ReadAction","target":["http:\/\/www.ockendenmaternityreview.org.uk\/ku\/pistgiriya-deruni-ji-bo-malbatan-2\/"]}]},{"@type":"BreadcrumbList","@id":"http:\/\/www.ockendenmaternityreview.org.uk\/ku\/pistgiriya-deruni-ji-bo-malbatan-2\/#breadcrumb","itemListElement":[{"@type":"ListItem","position":1,"name":"Home","item":"https:\/\/www.ockendenmaternityreview.org.uk\/ku\/"},{"@type":"ListItem","position":2,"name":"Pi\u015ftgiriya Der\u00fbn\u00ee ji bo Malbatan"}]},{"@type":"WebSite","@id":"https:\/\/www.ockendenmaternityreview.org.uk\/fa\/#website","url":"https:\/\/www.ockendenmaternityreview.org.uk\/fa\/","name":"Ockenden Review","description":"","potentialAction":[{"@type":"SearchAction","target":{"@type":"EntryPoint","urlTemplate":"https:\/\/www.ockendenmaternityreview.org.uk\/fa\/?s={search_term_string}"},"query-input":{"@type":"PropertyValueSpecification","valueRequired":true,"valueName":"search_term_string"}}],"inLanguage":"ckb"}]}},"_links":{"self":[{"href":"https:\/\/www.ockendenmaternityreview.org.uk\/ku\/wp-json\/wp\/v2\/pages\/13487","targetHints":{"allow":["GET"]}}],"collection":[{"href":"https:\/\/www.ockendenmaternityreview.org.uk\/ku\/wp-json\/wp\/v2\/pages"}],"about":[{"href":"https:\/\/www.ockendenmaternityreview.org.uk\/ku\/wp-json\/wp\/v2\/types\/page"}],"author":[{"embeddable":true,"href":"https:\/\/www.ockendenmaternityreview.org.uk\/ku\/wp-json\/wp\/v2\/users\/1"}],"replies":[{"embeddable":true,"href":"https:\/\/www.ockendenmaternityreview.org.uk\/ku\/wp-json\/wp\/v2\/comments?post=13487"}],"version-history":[{"count":0,"href":"https:\/\/www.ockendenmaternityreview.org.uk\/ku\/wp-json\/wp\/v2\/pages\/13487\/revisions"}],"wp:attachment":[{"href":"https:\/\/www.ockendenmaternityreview.org.uk\/ku\/wp-json\/wp\/v2\/media?parent=13487"}],"curies":[{"name":"wp","href":"https:\/\/api.w.org\/{rel}","templated":true}]}}