{"id":13495,"date":"2026-04-14T14:08:18","date_gmt":"2026-04-14T14:08:18","guid":{"rendered":"https:\/\/www.ockendenmaternityreview.org.uk\/pevajoya-nirxandina-malbate\/"},"modified":"2026-04-14T14:09:17","modified_gmt":"2026-04-14T14:09:17","slug":"pevajoya-nirxandina-malbate","status":"publish","type":"page","link":"https:\/\/www.ockendenmaternityreview.org.uk\/ku\/pevajoya-nirxandina-malbate\/","title":{"rendered":"P\u00eavajoya Nirxandina Malbat\u00ea"},"content":{"rendered":"\n<p><strong>(pi\u015ft\u00ee we\u015fandina rapora daw\u00ee ya Nirxandina Serbixwe ya Xizmet\u00ean Dayiktiy\u00ea li Nexwe\u015fxaney\u00ean Zan\u00eengeha Nottingham NHS Trust &#8211; Hez\u00eerana 2026)<\/strong><\/p>\n\n<p><strong>Niv\u00eeskar &#8211; Donna Ockenden, Seroka Nirxandin\u00ea<\/strong><\/p>\n\n<h2 class=\"wp-block-heading\">Belgey\u00ean agahdariy\u00ea ji bo malbat\u00ean bandordar<\/h2>\n\n<p>Ev belge p\u00eavajoya ku t\u00eema Nirxandina Serbixwe d\u00ea p\u00ea re bike destn\u00ee\u015fan dike:<\/p>\n\n<ul class=\"wp-block-list\">\n<li>Agahdar\u00ee \u00fb parvekirina Encam\u00ean Nirxandin\u00ea (rapora daw\u00ee) bi malbatan re bikin<\/li>\n\n\n\n<li>Rapor\u00ean nirxandin\u00ea y\u00ean takekes\u00ee ji malbatan re derbar\u00ea doz(\u00ean) wan \u00ean takekes\u00ee de peyda bikin.<\/li>\n<\/ul>\n\n<p>Hem encam\u00ean Nirxandin\u00ea \u00fb hem j\u00ee nirxandin\u00ean takekes\u00ee d\u00ea bi awayek\u00ee ku ji h\u00eala ps\u00eekoloj\u00eek ve ewle be bi malbatan re werin parvekirin. Malbat d\u00ea derfet hebin ku li ser bingeha &#8216;li gor\u00ee p\u00eaw\u00eestiy\u00ea&#8217; her pirsek bipirsin. <\/p>\n\n<p>N\u00eaz\u00eek\u00ee 2500 malbat d\u00ea bersiv\u00ean niv\u00eesk\u00ee y\u00ean ferd\u00ee werbigirin.<\/p>\n\n<h2 class=\"wp-block-heading\">Agahdariya Rapora Nirxandina Serbixwe &#8211; Hez\u00eerana 2026an<\/h2>\n\n<ul class=\"wp-block-list\">\n<li>Nirxandina Serbixwe ya Xizmet\u00ean Dayiktiy\u00ea li Nexwe\u015fxaney\u00ean Zan\u00eengeha Nottingham\u00ea d\u00ea rapora xwe ya daw\u00ee di Hez\u00eerana 2026an de biwe\u015f\u00eene.<\/li>\n\n\n\n<li>Agahdariya roja we\u015fandina rapor\u00ea d\u00ea ji malbatan re were \u015fandin (di pir rew\u015fan de bi r\u00eaya e-namey\u00ea)<\/li>\n\n\n\n<li>Di e-nameya agahdarkirin\u00ea de, t\u00eema Nirxandin\u00ea d\u00ea pi\u015ftrast bike ku di heftey\u00ean pi\u015ft\u00ee we\u015fan\u00ea de (heta dawiya \u00celona 2026an &#8211; li be\u015fa Nirxandina Malbat\u00ea ya Kesane \u00fb Ferd\u00ee ya li j\u00ear bin\u00eare) nirxandin\u00ean takekes\u00ee d\u00ea ji malbatan re werin \u015fandin.<\/li>\n\n\n\n<li>Her malbatek d\u00ea derfet\u00ea werbigire ku ner\u00een\u00ean takekes\u00ee wernegire. H\u00fbrguliy\u00ean li ser ka meriv \u00e7awa ji wergirtina ner\u00eenan derdikeve d\u00ea ji h\u00eala t\u00eem\u00ea Nirxandin\u00ea ve bi malbatan re were parve kirin. Ev agah\u00ee d\u00ea di e-nameya agahdariy\u00ea de were \u015fandin.  <\/li>\n\n\n\n<li>Peyamek bi e-nameyek cuda d\u00ea ji malbat\u00ean &#8216;Ezm\u00fbna Dayiktiy\u00ea&#8217; re were \u015fandin \u00fb t\u00ea de wan agahdar bike ku Nirxandin hatiye we\u015fandin \u00fb, wek\u00ee ku di seranser\u00ea Nirxandin\u00ea de hatiye agahdarkirin, d\u00ea ji n\u00fb ve were pi\u015ftrastkirin ku malbat\u00ean &#8216;Ezm\u00fbna Dayiktiy\u00ea&#8217; d\u00ea bersiv\u00ean takekes\u00ee wernegirin.<\/li>\n<\/ul>\n\n<h2 class=\"wp-block-heading\">Nirxandin\u00ean kesane \u00fb takekes\u00ee y\u00ean malbatan derbar\u00ea doz(\u00ean) wan de &#8211; T\u00eermeh heta \u00celon 2026<\/h2>\n\n<ul class=\"wp-block-list\">\n<li>\u015eandina rapor\u00ean nirxandin\u00ea y\u00ean takekes\u00ee ji malbatan re d\u00ea di heftey\u00ean pi\u015ft\u00ee we\u015fan\u00ea de, heta dawiya \u00celona 2026an, were temam kirin. Malbat d\u00ea di v\u00ea heyam\u00ea de di dem\u00ean c\u00fbda de nirxandin\u00ean xwe bist\u00eenin. Di dema nirxandin\u00ea de d\u00ea tar\u00eex\u00ean hesas werin ber\u00e7avgirtin \u00fb (li cih\u00ea ku gengaz be) ji wan d\u00fbr bikevin.  <\/li>\n\n\n\n<li>Raport\u00ean takekes\u00ee (bi \u015f\u00eefreya parast\u00ee) d\u00ea bi r\u00eaya e-namey\u00ea bi r\u00eaza hejmar\u00ee \u00fb li ser bingeha 500 di hefteyek\u00ea de (250 malbat x 2 e-name) ji malbatan re werin \u015fandin. Li cih\u00ea ku navn\u00ee\u015fana e-nameyek derbasdar tune be, d\u00ea bersiv bi r\u00eaya postey\u00ea were \u015fandin.   <\/li>\n<\/ul>\n\n<ul class=\"wp-block-list\">\n<li>Rapor\u00ean nirxandin\u00ea y\u00ean takekes\u00ee d\u00ea ev bin:\n<ul class=\"wp-block-list\">\n<li>Li gor\u00ee her malbat\u00ea hatiye wergerandin<\/li>\n\n\n\n<li>Bi \u015f\u00eefrey\u00ea t\u00ea parastin, ev t\u00ea v\u00ea watey\u00ea ku hem\u00ee malbat d\u00ea 2 e-name (1) bi \u015f\u00eefreyek\u00ea (2) ku rapora nirxandina takekes\u00ee j\u00ee t\u00ea de ye bist\u00eenin.<\/li>\n<\/ul>\n<\/li>\n\n\n\n<li>Ger di derbar\u00ea naverok\u00ea de pirs\u00ean malbatan hebin, d\u00ea di nameyan de agahdar\u00ee li ser gav\u00ean din j\u00ee hebe.<\/li>\n<\/ul>\n\n<h2 class=\"wp-block-heading\">Dem hatiye ku malbat bifikirin<\/h2>\n\n<ul class=\"wp-block-list\">\n<li>Dema ku malbat ner\u00een\u00ean xwe werdigirin, mimkun e ku pirs\u00ean din j\u00ee li wan b\u00ean kirin.<\/li>\n\n\n\n<li>Ji malbat\u00ean ku b\u00eatir agahdar\u00ee dixwazin, d\u00ea were xwestin ku pirs\u00ean taybet\u00ee \u00e7\u00eabikin \u00fb p\u00ea\u015fwext ji T\u00eema Nirxandin\u00ea re bi\u015f\u00eenin da ku amadekar\u00ee \u00fb bersiv gengaz bibin.<\/li>\n<\/ul>\n\n<h2 class=\"wp-block-heading\">Nirxandin\u00ean Dozan \u00fb Civ\u00een\u00ean \u015eopandin\u00ea<\/h2>\n\n<p>P\u00eanas\u00een\u00ean dereceyan:<\/p>\n\n<figure class=\"wp-block-table\"><table class=\"has-fixed-layout\"><tbody><tr><td><strong>\u067e\u0644\u06d5<\/strong><\/td><td><strong>Kurteya danas\u00eena l\u00ean\u00ear\u00een\u00ea<\/strong><\/td><td><strong>Danas\u00eena berfireh a l\u00ean\u00ear\u00een\u00ea<\/strong><\/td><\/tr><tr><td>0<\/td><td>Maq\u00fbl<\/td><td>L\u00eanih\u00ear\u00eena guncaw li gor\u00ee ba\u015ftir\u00een prat\u00eek\u00ean w\u00ea dem\u00ea<\/td><\/tr><tr><td>1<\/td><td>Pirsgir\u00eak\u00ean bi\u00e7\u00fbk<\/td><td>L\u00ean\u00ear\u00een dikarib\u00fb ba\u015ftir bib\u00fbya, l\u00ea r\u00eaveberiy\u00ean cuda d\u00ea ti c\u00fbdahiyek li ser encam\u00ea nekira.<\/td><\/tr><tr><td>2<\/td><td>Fikar\u00ean gir\u00eeng<\/td><td>L\u00eanih\u00ear\u00eena neba\u015f ku r\u00eaveberiya c\u00fbda dibe ku di encam\u00ea de c\u00fbdahiyek \u00e7\u00eakiribe<\/td><\/tr><tr><td>3<\/td><td>Fikar\u00ean sereke<\/td><td>L\u00eanih\u00ear\u00eena neba\u015f ku t\u00ea de r\u00eaveberiya cuda bi awayek\u00ee maq\u00fbl t\u00ea h\u00eav\u00eekirin ku di encam\u00ea de c\u00fbdahiyek \u00e7\u00eakiribe<\/td><\/tr><\/tbody><\/table><\/figure>\n\n<ul class=\"wp-block-list\">\n<li>Malbat\u00ean ku Nota 2 an 3 werdigirin \u00fb di rew\u015f\u00ean ku dayik mirine de, d\u00ea derfeta wan hebe ku bi t\u00eema Nirxandin\u00ea re civ\u00eenek \u015fopandin\u00ea bikin, ger pirs\u00ean wan \u00ean din hebin. T\u00caB\u00ceN\u00ce: Ji malbatan d\u00ea were xwestin ku pirs\u00ean taybet\u00ee \u00e7\u00eabikin da ku p\u00ea\u015fwext ji t\u00eema Nirxandin\u00ea re bi\u015f\u00eenin. \n<ul class=\"wp-block-list\">\n<li>Malbat\u00ean ku Nota 2 werdigirin, d\u00ea bi r\u00eaya Zoom an j\u00ee bi telefon\u00ea randev\u00fby\u00ean diyarkir\u00ee ji wan re werin p\u00ea\u015fk\u00ea\u015f kirin da ku bi endamek guncaw \u00ea t\u00eema Nirxandin\u00ea re biaxivin.<\/li>\n\n\n\n<li>Malbat\u00ean ku Nota 3 werdigirin, d\u00ea li Nottingham\u00ea bi endam\u00ean guncaw \u00ean t\u00eema Nirxandin\u00ea re hevd\u00eetin\u00ean r\u00fb bi r\u00fb werin p\u00ea\u015fk\u00ea\u015f kirin.<\/li>\n\n\n\n<li>Malbat\u00ean ku mirina dayik\u00ea l\u00ea \u00e7\u00eab\u00fbye, b\u00eay\u00ee ku pileya wan \u00e7i be, d\u00ea li Nottingham\u00ea hevd\u00eetinek r\u00fb bi r\u00fb werbigirin.<\/li>\n<\/ul>\n<\/li>\n\n\n\n<li>B\u00eay\u00ee ku pileya wan \u00e7i be, dibe ku hin malbat pirs\u00ean wan hebin an j\u00ee li ser doza xwe daxwazek ji bo n\u00ear\u00een \u00fb bersivan bikin. Di navbera 5 mehan de pi\u015ft\u00ee we\u015fandina Raport\u00ea heta Mijdar\/destp\u00eaka Kan\u00fbna 2026an, t\u00eema r\u00eaveberiya Nirxandin\u00ea d\u00ea bi r\u00eaya telefon\/e-namey\u00ea ji bo wergirtina her bersiv an pirsan ji malbatan amade be <a href=\"mailto:nottsreview@donnaockenden.com\">nottsreview@donnaockenden.com.<\/a> <\/li>\n\n\n\n<li>Eger malbatek ji encam\u00ean Nirxandin\u00ea an j\u00ee ji bersiv\u00ean hatine day\u00een raz\u00ee nebe, div\u00ea ew malbat, di gava yekem de, rasterast bi Donna Ockenden wek\u00ee Seroka Nirxandin\u00ea re bi r\u00eaya <a href=\"mailto:nottsreview@donnaockenden.com\">nottsreview@donnaockenden.com<\/a> t\u00eakil\u00ee daynin. Eger t\u00eema Nirxandin\u00ea nikaribe fikar\u00ean malbat\u00ea \u00e7areser bike, w\u00ea dem\u00ea Serok\u00ea Nirxandin\u00ea d\u00ea malbat\u00ea ferz bike ku fikar\u00ean xwe bi NHS England <a href=\"mailto:England.contactus@nhs.net\">England.contactus@nhs.net<\/a> re parve bike. <\/li>\n<\/ul>\n","protected":false},"excerpt":{"rendered":"<p>(pi\u015ft\u00ee we\u015fandina rapora daw\u00ee ya Nirxandina Serbixwe ya Xizmet\u00ean Dayiktiy\u00ea li Nexwe\u015fxaney\u00ean Zan\u00eengeha Nottingham NHS Trust &#8211; Hez\u00eerana 2026) Niv\u00eeskar &#8211; Donna Ockenden, Seroka Nirxandin\u00ea Belgey\u00ean agahdariy\u00ea ji bo malbat\u00ean bandordar Ev belge p\u00eavajoya ku t\u00eema Nirxandina Serbixwe d\u00ea p\u00ea re bike destn\u00ee\u015fan dike: Hem encam\u00ean Nirxandin\u00ea \u00fb hem j\u00ee nirxandin\u00ean takekes\u00ee d\u00ea bi awayek\u00ee &hellip; <a href=\"https:\/\/www.ockendenmaternityreview.org.uk\/ku\/pevajoya-nirxandina-malbate\/\">Continued<\/a><\/p>\n","protected":false},"author":1,"featured_media":0,"parent":0,"menu_order":0,"comment_status":"closed","ping_status":"closed","template":"page-narrow.blade.php","meta":{"_acf_changed":false,"footnotes":""},"class_list":["post-13495","page","type-page","status-publish","hentry"],"acf":[],"yoast_head":"<!-- This site is optimized with the Yoast SEO plugin v27.2 - https:\/\/yoast.com\/product\/yoast-seo-wordpress\/ -->\n<title>P\u00eavajoya Nirxandina Malbat\u00ea - Ockenden Review<\/title>\n<meta name=\"robots\" content=\"index, follow, max-snippet:-1, max-image-preview:large, max-video-preview:-1\" \/>\n<link rel=\"canonical\" href=\"https:\/\/www.ockendenmaternityreview.org.uk\/ku\/pevajoya-nirxandina-malbate\/\" \/>\n<meta property=\"og:locale\" content=\"en_US\" \/>\n<meta property=\"og:type\" content=\"article\" \/>\n<meta property=\"og:title\" content=\"P\u00eavajoya Nirxandina Malbat\u00ea - Ockenden Review\" \/>\n<meta property=\"og:description\" content=\"(pi\u015ft\u00ee we\u015fandina rapora daw\u00ee ya Nirxandina Serbixwe ya Xizmet\u00ean Dayiktiy\u00ea li Nexwe\u015fxaney\u00ean Zan\u00eengeha Nottingham NHS Trust &#8211; Hez\u00eerana 2026) Niv\u00eeskar &#8211; Donna Ockenden, Seroka Nirxandin\u00ea Belgey\u00ean agahdariy\u00ea ji bo malbat\u00ean bandordar Ev belge p\u00eavajoya ku t\u00eema Nirxandina Serbixwe d\u00ea p\u00ea re bike destn\u00ee\u015fan dike: Hem encam\u00ean Nirxandin\u00ea \u00fb hem j\u00ee nirxandin\u00ean takekes\u00ee d\u00ea bi awayek\u00ee &hellip; Continued\" \/>\n<meta property=\"og:url\" content=\"https:\/\/www.ockendenmaternityreview.org.uk\/ku\/pevajoya-nirxandina-malbate\/\" \/>\n<meta property=\"og:site_name\" content=\"Ockenden Review\" \/>\n<meta property=\"article:publisher\" content=\"https:\/\/www.facebook.com\/ockendenmaternityreview?mibextid=wwXIfr\" \/>\n<meta property=\"article:modified_time\" content=\"2026-04-14T14:09:17+00:00\" \/>\n<meta name=\"twitter:card\" content=\"summary_large_image\" \/>\n<meta name=\"twitter:site\" content=\"@ockreview\" \/>\n<meta name=\"twitter:label1\" content=\"Est. reading time\" \/>\n\t<meta name=\"twitter:data1\" content=\"5 \u062e\u0648\u0644\u06d5\u06a9\" \/>\n<script type=\"application\/ld+json\" class=\"yoast-schema-graph\">{\"@context\":\"https:\/\/schema.org\",\"@graph\":[{\"@type\":\"WebPage\",\"@id\":\"https:\/\/www.ockendenmaternityreview.org.uk\/ku\/pevajoya-nirxandina-malbate\/\",\"url\":\"https:\/\/www.ockendenmaternityreview.org.uk\/ku\/pevajoya-nirxandina-malbate\/\",\"name\":\"P\u00eavajoya Nirxandina Malbat\u00ea - Ockenden Review\",\"isPartOf\":{\"@id\":\"https:\/\/www.ockendenmaternityreview.org.uk\/fa\/#website\"},\"datePublished\":\"2026-04-14T14:08:18+00:00\",\"dateModified\":\"2026-04-14T14:09:17+00:00\",\"breadcrumb\":{\"@id\":\"https:\/\/www.ockendenmaternityreview.org.uk\/ku\/pevajoya-nirxandina-malbate\/#breadcrumb\"},\"inLanguage\":\"ckb\",\"potentialAction\":[{\"@type\":\"ReadAction\",\"target\":[\"https:\/\/www.ockendenmaternityreview.org.uk\/ku\/pevajoya-nirxandina-malbate\/\"]}]},{\"@type\":\"BreadcrumbList\",\"@id\":\"https:\/\/www.ockendenmaternityreview.org.uk\/ku\/pevajoya-nirxandina-malbate\/#breadcrumb\",\"itemListElement\":[{\"@type\":\"ListItem\",\"position\":1,\"name\":\"Home\",\"item\":\"https:\/\/www.ockendenmaternityreview.org.uk\/ku\/\"},{\"@type\":\"ListItem\",\"position\":2,\"name\":\"P\u00eavajoya Nirxandina Malbat\u00ea\"}]},{\"@type\":\"WebSite\",\"@id\":\"https:\/\/www.ockendenmaternityreview.org.uk\/fa\/#website\",\"url\":\"https:\/\/www.ockendenmaternityreview.org.uk\/fa\/\",\"name\":\"Ockenden Review\",\"description\":\"\",\"potentialAction\":[{\"@type\":\"SearchAction\",\"target\":{\"@type\":\"EntryPoint\",\"urlTemplate\":\"https:\/\/www.ockendenmaternityreview.org.uk\/fa\/?s={search_term_string}\"},\"query-input\":{\"@type\":\"PropertyValueSpecification\",\"valueRequired\":true,\"valueName\":\"search_term_string\"}}],\"inLanguage\":\"ckb\"}]}<\/script>\n<!-- \/ Yoast SEO plugin. -->","yoast_head_json":{"title":"P\u00eavajoya Nirxandina Malbat\u00ea - Ockenden Review","robots":{"index":"index","follow":"follow","max-snippet":"max-snippet:-1","max-image-preview":"max-image-preview:large","max-video-preview":"max-video-preview:-1"},"canonical":"https:\/\/www.ockendenmaternityreview.org.uk\/ku\/pevajoya-nirxandina-malbate\/","og_locale":"en_US","og_type":"article","og_title":"P\u00eavajoya Nirxandina Malbat\u00ea - Ockenden Review","og_description":"(pi\u015ft\u00ee we\u015fandina rapora daw\u00ee ya Nirxandina Serbixwe ya Xizmet\u00ean Dayiktiy\u00ea li Nexwe\u015fxaney\u00ean Zan\u00eengeha Nottingham NHS Trust &#8211; Hez\u00eerana 2026) Niv\u00eeskar &#8211; Donna Ockenden, Seroka Nirxandin\u00ea Belgey\u00ean agahdariy\u00ea ji bo malbat\u00ean bandordar Ev belge p\u00eavajoya ku t\u00eema Nirxandina Serbixwe d\u00ea p\u00ea re bike destn\u00ee\u015fan dike: Hem encam\u00ean Nirxandin\u00ea \u00fb hem j\u00ee nirxandin\u00ean takekes\u00ee d\u00ea bi awayek\u00ee &hellip; Continued","og_url":"https:\/\/www.ockendenmaternityreview.org.uk\/ku\/pevajoya-nirxandina-malbate\/","og_site_name":"Ockenden Review","article_publisher":"https:\/\/www.facebook.com\/ockendenmaternityreview?mibextid=wwXIfr","article_modified_time":"2026-04-14T14:09:17+00:00","twitter_card":"summary_large_image","twitter_site":"@ockreview","twitter_misc":{"Est. reading time":"5 \u062e\u0648\u0644\u06d5\u06a9"},"schema":{"@context":"https:\/\/schema.org","@graph":[{"@type":"WebPage","@id":"https:\/\/www.ockendenmaternityreview.org.uk\/ku\/pevajoya-nirxandina-malbate\/","url":"https:\/\/www.ockendenmaternityreview.org.uk\/ku\/pevajoya-nirxandina-malbate\/","name":"P\u00eavajoya Nirxandina Malbat\u00ea - Ockenden Review","isPartOf":{"@id":"https:\/\/www.ockendenmaternityreview.org.uk\/fa\/#website"},"datePublished":"2026-04-14T14:08:18+00:00","dateModified":"2026-04-14T14:09:17+00:00","breadcrumb":{"@id":"https:\/\/www.ockendenmaternityreview.org.uk\/ku\/pevajoya-nirxandina-malbate\/#breadcrumb"},"inLanguage":"ckb","potentialAction":[{"@type":"ReadAction","target":["https:\/\/www.ockendenmaternityreview.org.uk\/ku\/pevajoya-nirxandina-malbate\/"]}]},{"@type":"BreadcrumbList","@id":"https:\/\/www.ockendenmaternityreview.org.uk\/ku\/pevajoya-nirxandina-malbate\/#breadcrumb","itemListElement":[{"@type":"ListItem","position":1,"name":"Home","item":"https:\/\/www.ockendenmaternityreview.org.uk\/ku\/"},{"@type":"ListItem","position":2,"name":"P\u00eavajoya Nirxandina Malbat\u00ea"}]},{"@type":"WebSite","@id":"https:\/\/www.ockendenmaternityreview.org.uk\/fa\/#website","url":"https:\/\/www.ockendenmaternityreview.org.uk\/fa\/","name":"Ockenden Review","description":"","potentialAction":[{"@type":"SearchAction","target":{"@type":"EntryPoint","urlTemplate":"https:\/\/www.ockendenmaternityreview.org.uk\/fa\/?s={search_term_string}"},"query-input":{"@type":"PropertyValueSpecification","valueRequired":true,"valueName":"search_term_string"}}],"inLanguage":"ckb"}]}},"_links":{"self":[{"href":"https:\/\/www.ockendenmaternityreview.org.uk\/ku\/wp-json\/wp\/v2\/pages\/13495","targetHints":{"allow":["GET"]}}],"collection":[{"href":"https:\/\/www.ockendenmaternityreview.org.uk\/ku\/wp-json\/wp\/v2\/pages"}],"about":[{"href":"https:\/\/www.ockendenmaternityreview.org.uk\/ku\/wp-json\/wp\/v2\/types\/page"}],"author":[{"embeddable":true,"href":"https:\/\/www.ockendenmaternityreview.org.uk\/ku\/wp-json\/wp\/v2\/users\/1"}],"replies":[{"embeddable":true,"href":"https:\/\/www.ockendenmaternityreview.org.uk\/ku\/wp-json\/wp\/v2\/comments?post=13495"}],"version-history":[{"count":0,"href":"https:\/\/www.ockendenmaternityreview.org.uk\/ku\/wp-json\/wp\/v2\/pages\/13495\/revisions"}],"wp:attachment":[{"href":"https:\/\/www.ockendenmaternityreview.org.uk\/ku\/wp-json\/wp\/v2\/media?parent=13495"}],"curies":[{"name":"wp","href":"https:\/\/api.w.org\/{rel}","templated":true}]}}