{"id":13640,"date":"2026-05-13T10:37:05","date_gmt":"2026-05-13T10:37:05","guid":{"rendered":"https:\/\/www.ockendenmaternityreview.org.uk\/xizmeten-heremi-yen-leedse\/"},"modified":"2026-05-13T10:53:28","modified_gmt":"2026-05-13T10:53:28","slug":"xizmeten-heremi-yen-leedse","status":"publish","type":"page","link":"https:\/\/www.ockendenmaternityreview.org.uk\/ku\/xizmeten-heremi-yen-leedse\/","title":{"rendered":"Xizmet\u00ean Her\u00eam\u00ee y\u00ean Leeds\u00ea"},"content":{"rendered":"\n<div class=\"wp-block-query support-groups is-layout-flow wp-block-query-is-layout-flow\"><ul class=\"wp-block-post-template is-layout-grid wp-container-core-post-template-is-layout-763cd4b6 wp-block-post-template-is-layout-grid\"><li class=\"wp-block-post post-13617 support-group type-support-group status-publish has-post-thumbnail hentry support-grouping-regional-services-leeds\">\n<figure class=\"wp-block-post-featured-image\"><img loading=\"lazy\" decoding=\"async\" width=\"1024\" height=\"1024\" src=\"https:\/\/www.ockendenmaternityreview.org.uk\/wp-content\/uploads\/2026\/05\/Womens-Whispers-Logo-2-1024x1024-1.png\" class=\"attachment-post-thumbnail size-post-thumbnail wp-post-image\" alt=\"\" style=\"object-fit:cover;\" srcset=\"https:\/\/www.ockendenmaternityreview.org.uk\/wp-content\/uploads\/2026\/05\/Womens-Whispers-Logo-2-1024x1024-1.png 1024w, https:\/\/www.ockendenmaternityreview.org.uk\/wp-content\/uploads\/2026\/05\/Womens-Whispers-Logo-2-1024x1024-1-300x300.png 300w, https:\/\/www.ockendenmaternityreview.org.uk\/wp-content\/uploads\/2026\/05\/Womens-Whispers-Logo-2-1024x1024-1-150x150.png 150w, https:\/\/www.ockendenmaternityreview.org.uk\/wp-content\/uploads\/2026\/05\/Womens-Whispers-Logo-2-1024x1024-1-768x768.png 768w\" sizes=\"auto, (max-width: 1024px) 100vw, 1024px\" \/><\/figure>\n\n<h2 class=\"wp-block-post-title\">Fisq\u00ean Jinan<\/h2>\n\n<div class=\"entry-content wp-block-post-content is-layout-flow wp-block-post-content-is-layout-flow\">\n<p>Women&#8217;s Whispers r\u00eaxistineke civak\u00ee ya li Leeds\u00ea ye ku ji h\u00eala jin\u00ean cih\u00eareng \u00ean etn\u00eek\u00ee ve \u00fb ji bo wan t\u00ea bir\u00eavebirin. R\u00eaxistin xwed\u00ee ezm\u00fbneke ava kiriye di p\u00ea\u015fk\u00ea\u015fkirina destwerdana kr\u00eez\u00ea ya li ser bingeha trawmay\u00ea \u00fb pi\u015ftgiriyek k\u00fbr \u00fb bir\u00eak\u00fbp\u00eak ji bo jin \u00fb malbat\u00ean ku tund\u00fbt\u00fbj\u00ee, kontrola bi zor\u00ea \u00fb trawmaya tevlihev dij\u00een, nemaze y\u00ean ku ji ber astengiy\u00ean ziman, st\u00eegmaya \u00e7and\u00ee, xizan\u00ee, an j\u00ee \u015fert \u00fb merc\u00ean neewle ji dab\u00eenkirina sereke hatine d\u00fbrxistin. <\/p>\n\n<p>Women&#8217;s Whispers pi\u015ftgiriya ewleh\u00ee \u00fb ba\u015fb\u00fbn\u00ea ya tavil\u00ea ligel l\u00ean\u00ear\u00eena hestyar\u00ee ya p\u00eabawer \u00fb li ser bingeha t\u00eakiliy\u00ea p\u00ea\u015fk\u00ea\u015f kiriye. Ev yek pi\u015ftgiriya awarte ya guncaw a \u00e7and\u00ee wek\u00ee pak\u00eat\u00ean xwarin\u00ea, cil, p\u00eadiviy\u00ean mal\u00ea, dagirtina gaz \u00fb elektr\u00eek\u00ea, p\u00eadiviy\u00ean xizaniy\u00ea y\u00ean mehane, ti\u015ft\u00ean pitikan, telefon \u00fb daney\u00ean awarte, \u00fb kel\u00fbpel\u00ean mal\u00ea y\u00ean bingeh\u00een di nav xwe de digire. Ev destwerdan\u00ean prat\u00eek\u00ee bi pi\u015ftgiriya hestyar\u00ee ya ku bi ziman\u00ean dayik\u00ea y\u00ean jinan t\u00ea p\u00ea\u015fk\u00ea\u015f kirin re hatine hevber kirin, ku gih\u00ee\u015ftin, r\u00fbmet \u00fb baweriy\u00ea di xal\u00ean kr\u00eez\u00ean ak\u00fbt de misoger dikin.  <\/p>\n\n<p>Li gel pi\u015ftgiriya ji bo kr\u00eezan, Women&#8217;s Whispers pi\u015ftgiriya hevalan \u00fb atolyey\u00ean afir\u00eener \u00fb derman\u00ee p\u00ea\u015fk\u00ea\u015f kiriye ku jinan hi\u015ftiye ku trawmay\u00ea \u00e7areser bikin, baweriya xwe ji n\u00fb ve ava bikin \u00fb ten\u00eatiy\u00ea k\u00eam bikin.<\/p>\n\n<p>Women&#8217;s Whispers her wiha \u00e7alakiy\u00ean agahdarkirin \u00fb hi\u015fyarkirin\u00ea y\u00ean li ser bingeha civak\u00ea lidar xistine. Hem\u00fb \u00e7alak\u00ee li ser bingeha prens\u00eeb\u00ean agahdarkirina trawmay\u00ea ne, bi gir\u00eeng\u00ee day\u00eena ewleh\u00ee, h\u00eazdarkirin, gir\u00eadana hevalan \u00fb j\u00eahat\u00eeb\u00fbna \u00e7and\u00ee. <\/p>\n\n<p><a href=\"mailto:info@womenswhispers.org\">info@womenswhispers.org<\/a><\/p>\n\n<p><a href=\"http:\/\/womenswhispers.org\/\">womenswhispers.org<\/a><\/p>\n\n<p>Navenda Karsaziy\u00ea ya Hillside, R\u00eaya Beeston, Leeds, LS11 8ND<\/p>\n<\/div>\n<\/li><li class=\"wp-block-post post-13602 support-group type-support-group status-publish has-post-thumbnail hentry support-grouping-regional-services-leeds\">\n<figure class=\"wp-block-post-featured-image\"><img loading=\"lazy\" decoding=\"async\" width=\"395\" height=\"215\" src=\"https:\/\/www.ockendenmaternityreview.org.uk\/wp-content\/uploads\/2026\/05\/sans-logo-jpg.jpg\" class=\"attachment-post-thumbnail size-post-thumbnail wp-post-image\" alt=\"\" style=\"object-fit:cover;\" srcset=\"https:\/\/www.ockendenmaternityreview.org.uk\/wp-content\/uploads\/2026\/05\/sans-logo-jpg.jpg 395w, https:\/\/www.ockendenmaternityreview.org.uk\/wp-content\/uploads\/2026\/05\/sans-logo-jpg-300x163.jpg 300w\" sizes=\"auto, (max-width: 395px) 100vw, 395px\" \/><\/figure>\n\n<h2 class=\"wp-block-post-title\">Sands United West Yorkshire<\/h2>\n\n<div class=\"entry-content wp-block-post-content is-layout-flow wp-block-post-content-is-layout-flow\">\n<p>Sands United West Yorkshire \u015faxek her\u00eam\u00ee ya saziya x\u00earxwaziy\u00ea ya Br\u00eetanyay\u00ea Sands e, ku pi\u015ftgiriy\u00ea dide kes\u00ean ku ji ber ducaniy\u00ea \u00fb windakirina pitikan bandor b\u00fbne. Ew bi r\u00eaya f\u00fbtbol\u00ea m\u00ear\u00ean xemg\u00een t\u00eene cem hev, ezm\u00fbna hevpar a werz\u00ee\u015f\u00ea bikar t\u00eene da ku haw\u00eerdorek pi\u015ftgir\u00ee biafir\u00eene ku ew dikarin t\u00ea de t\u00eakil\u00ee daynin \u00fb dema ku amade bin li ser xemg\u00eeniya xwe biaxivin. T\u00eem ji bo m\u00ear\u00ean ji her \u015fiyan \u00fb pa\u015fxaneyan vekir\u00ee ye, \u00fb ji p\u00ea\u015fbirk\u00ea b\u00eatir bal\u00ea diki\u015f\u00eene ser pi\u015ftgiriya hevalan \u00fb civak\u00ea. Bi tevay\u00ee, ew c\u00eehek ewle \u00fb neferm\u00ee peyda dike da ku ten\u00eatiy\u00ea k\u00eam bike, zarok\u00ean winda bi b\u00eer b\u00eene \u00fb tenduristiya der\u00fbn\u00ee pi\u015ftgir\u00ee bike.     <\/p>\n<\/div>\n<\/li><li class=\"wp-block-post post-13559 support-group type-support-group status-publish has-post-thumbnail hentry support-grouping-regional-services-leeds\">\n<figure class=\"wp-block-post-featured-image\"><img loading=\"lazy\" decoding=\"async\" width=\"206\" height=\"98\" src=\"https:\/\/www.ockendenmaternityreview.org.uk\/wp-content\/uploads\/2026\/05\/Screenshot-2026-05-13-at-11.39.53.png\" class=\"attachment-post-thumbnail size-post-thumbnail wp-post-image\" alt=\"\" style=\"object-fit:cover;\" \/><\/figure>\n\n<h2 class=\"wp-block-post-title\">L\u00eanih\u00ear\u00ean Leeds\u00ea<\/h2>\n\n<div class=\"entry-content wp-block-post-content is-layout-flow wp-block-post-content-is-layout-flow\">\n<p>Carers Leeds saziyeke x\u00earxwaziy\u00ea ya seranser\u00ee baj\u00ear e ku ji sala 1996an vir ve pi\u015ftgiriy\u00ea dide l\u00ean\u00ear\u00eener\u00ean b\u00ea m\u00fb\u00e7e. Ew agahdar\u00ee, r\u00eaber\u00ee \u00fb pi\u015ftgir\u00ee didin l\u00ean\u00ear\u00eener\u00ean mezinan \u00fb d\u00ea\u00fbbavan li seranser\u00ea Leeds\u00ea, di nav de bi r\u00eaya Xeta Pi\u015ftgiriy\u00ea, pi\u015ftgiriya yek-bi-yek, koman \u00fb pi\u015ftgiriya li nexwe\u015fxaneyan.   <\/p>\n\n<p>Ew di nav saziy\u00ean tenduristiy\u00ea de xwed\u00ee heb\u00fbneke xurt in. Karmend di xal\u00ean gir\u00eeng \u00ean r\u00eaw\u00eetiya nexwe\u015fek de pi\u015ftgiriy\u00ea didin l\u00ean\u00ear\u00eenvan \u00fb karmendan, dibin al\u00eekar ku l\u00ean\u00ear\u00eenvan z\u00fb werin destn\u00ee\u015fankirin, r\u00eaberiy\u00ea p\u00ea\u015fk\u00ea\u015f dikin, \u00fb pi\u015ftrast dikin ku l\u00ean\u00ear\u00eenvan t\u00eane naskirin \u00fb di plansaziya l\u00ean\u00ear\u00een \u00fb derxistin\u00ea de be\u015fdar dibin.   <\/p>\n\n<p>Ew bi kar\u00fbbar\u00ean tendurist\u00ee \u00fb l\u00ean\u00ear\u00eena civak\u00ee re hevkariy\u00ea dikin da ku encam\u00ean ji bo l\u00ean\u00ear\u00eeneran ba\u015ftir bikin, \u00fb ezm\u00fbn\u00ean xwe bikar t\u00eenin da ku bandor\u00ea li guhertina er\u00ean\u00ee ya her\u00eam\u00ee \u00fb netewey\u00ee bikin.<\/p>\n\n<p>L\u00eanih\u00earvan\u00ean b\u00ea m\u00fb\u00e7e li Leeds dikarin bi r\u00eaya telefonkirina Xeta Pi\u015ftgiriy\u00ea ya Carers Leeds li ser 0113 380 4300 (Du\u015fem, \u00c7ar\u015fem, P\u00eanc\u015fem \u00fb \u00cen &#8211; 9am &#8211; 4.30pm \u00fb S\u00ea\u015fem: 9am &#8211; 6.30pm) an j\u00ee bi serdana malpera wan, li wir h\u00fbn dikarin <a href=\"https:\/\/calendly.com\/carersleeds\">randev\u00fbyek\u00ea veqet\u00eenin<\/a> , bi r\u00eaya webchat\u00ea bi wan re sohbet bikin, <a href=\"https:\/\/www.carersleeds.org.uk\/callback\/\">daxwaza vegerandina telefon\u00ea bikin<\/a> an j\u00ee e-nameyek <a href=\"mailto:support@carersleeds.org.uk\">ji Carers Leeds re<\/a> bi\u015f\u00eenin, bi wan re t\u00eakil\u00ee daynin.<\/p>\n\n<p><a href=\"https:\/\/www.carersleeds.org.uk\/\">https:\/\/www.carersleeds.org.uk\/<\/a><\/p>\n<\/div>\n<\/li><\/ul>\n\n\n\n<\/div>\n","protected":false},"excerpt":{"rendered":"","protected":false},"author":1,"featured_media":0,"parent":0,"menu_order":0,"comment_status":"closed","ping_status":"closed","template":"page-support-groups.blade.php","meta":{"_acf_changed":false,"footnotes":""},"class_list":["post-13640","page","type-page","status-publish","hentry"],"acf":[],"yoast_head":"<!-- This site is optimized with the Yoast SEO plugin v27.2 - https:\/\/yoast.com\/product\/yoast-seo-wordpress\/ -->\n<title>Xizmet\u00ean Her\u00eam\u00ee y\u00ean Leeds\u00ea - Ockenden Review<\/title>\n<meta name=\"robots\" content=\"index, follow, max-snippet:-1, max-image-preview:large, max-video-preview:-1\" \/>\n<link rel=\"canonical\" href=\"https:\/\/www.ockendenmaternityreview.org.uk\/ku\/xizmeten-heremi-yen-leedse\/\" \/>\n<meta property=\"og:locale\" content=\"en_US\" \/>\n<meta property=\"og:type\" content=\"article\" \/>\n<meta property=\"og:title\" content=\"Xizmet\u00ean Her\u00eam\u00ee y\u00ean Leeds\u00ea - Ockenden Review\" \/>\n<meta property=\"og:url\" content=\"https:\/\/www.ockendenmaternityreview.org.uk\/ku\/xizmeten-heremi-yen-leedse\/\" \/>\n<meta property=\"og:site_name\" content=\"Ockenden Review\" \/>\n<meta property=\"article:publisher\" content=\"https:\/\/www.facebook.com\/ockendenmaternityreview?mibextid=wwXIfr\" \/>\n<meta property=\"article:modified_time\" content=\"2026-05-13T10:53:28+00:00\" \/>\n<meta name=\"twitter:card\" content=\"summary_large_image\" \/>\n<meta name=\"twitter:site\" content=\"@ockreview\" \/>\n<script type=\"application\/ld+json\" class=\"yoast-schema-graph\">{\"@context\":\"https:\/\/schema.org\",\"@graph\":[{\"@type\":\"WebPage\",\"@id\":\"https:\/\/www.ockendenmaternityreview.org.uk\/ku\/xizmeten-heremi-yen-leedse\/\",\"url\":\"https:\/\/www.ockendenmaternityreview.org.uk\/ku\/xizmeten-heremi-yen-leedse\/\",\"name\":\"Xizmet\u00ean Her\u00eam\u00ee y\u00ean Leeds\u00ea - Ockenden Review\",\"isPartOf\":{\"@id\":\"https:\/\/www.ockendenmaternityreview.org.uk\/fa\/#website\"},\"datePublished\":\"2026-05-13T10:37:05+00:00\",\"dateModified\":\"2026-05-13T10:53:28+00:00\",\"breadcrumb\":{\"@id\":\"https:\/\/www.ockendenmaternityreview.org.uk\/ku\/xizmeten-heremi-yen-leedse\/#breadcrumb\"},\"inLanguage\":\"ckb\",\"potentialAction\":[{\"@type\":\"ReadAction\",\"target\":[\"https:\/\/www.ockendenmaternityreview.org.uk\/ku\/xizmeten-heremi-yen-leedse\/\"]}]},{\"@type\":\"BreadcrumbList\",\"@id\":\"https:\/\/www.ockendenmaternityreview.org.uk\/ku\/xizmeten-heremi-yen-leedse\/#breadcrumb\",\"itemListElement\":[{\"@type\":\"ListItem\",\"position\":1,\"name\":\"Home\",\"item\":\"https:\/\/www.ockendenmaternityreview.org.uk\/ku\/\"},{\"@type\":\"ListItem\",\"position\":2,\"name\":\"Xizmet\u00ean Her\u00eam\u00ee y\u00ean Leeds\u00ea\"}]},{\"@type\":\"WebSite\",\"@id\":\"https:\/\/www.ockendenmaternityreview.org.uk\/fa\/#website\",\"url\":\"https:\/\/www.ockendenmaternityreview.org.uk\/fa\/\",\"name\":\"Ockenden Review\",\"description\":\"\",\"potentialAction\":[{\"@type\":\"SearchAction\",\"target\":{\"@type\":\"EntryPoint\",\"urlTemplate\":\"https:\/\/www.ockendenmaternityreview.org.uk\/fa\/?s={search_term_string}\"},\"query-input\":{\"@type\":\"PropertyValueSpecification\",\"valueRequired\":true,\"valueName\":\"search_term_string\"}}],\"inLanguage\":\"ckb\"}]}<\/script>\n<!-- \/ Yoast SEO plugin. -->","yoast_head_json":{"title":"Xizmet\u00ean Her\u00eam\u00ee y\u00ean Leeds\u00ea - Ockenden Review","robots":{"index":"index","follow":"follow","max-snippet":"max-snippet:-1","max-image-preview":"max-image-preview:large","max-video-preview":"max-video-preview:-1"},"canonical":"https:\/\/www.ockendenmaternityreview.org.uk\/ku\/xizmeten-heremi-yen-leedse\/","og_locale":"en_US","og_type":"article","og_title":"Xizmet\u00ean Her\u00eam\u00ee y\u00ean Leeds\u00ea - Ockenden Review","og_url":"https:\/\/www.ockendenmaternityreview.org.uk\/ku\/xizmeten-heremi-yen-leedse\/","og_site_name":"Ockenden Review","article_publisher":"https:\/\/www.facebook.com\/ockendenmaternityreview?mibextid=wwXIfr","article_modified_time":"2026-05-13T10:53:28+00:00","twitter_card":"summary_large_image","twitter_site":"@ockreview","schema":{"@context":"https:\/\/schema.org","@graph":[{"@type":"WebPage","@id":"https:\/\/www.ockendenmaternityreview.org.uk\/ku\/xizmeten-heremi-yen-leedse\/","url":"https:\/\/www.ockendenmaternityreview.org.uk\/ku\/xizmeten-heremi-yen-leedse\/","name":"Xizmet\u00ean Her\u00eam\u00ee y\u00ean Leeds\u00ea - Ockenden Review","isPartOf":{"@id":"https:\/\/www.ockendenmaternityreview.org.uk\/fa\/#website"},"datePublished":"2026-05-13T10:37:05+00:00","dateModified":"2026-05-13T10:53:28+00:00","breadcrumb":{"@id":"https:\/\/www.ockendenmaternityreview.org.uk\/ku\/xizmeten-heremi-yen-leedse\/#breadcrumb"},"inLanguage":"ckb","potentialAction":[{"@type":"ReadAction","target":["https:\/\/www.ockendenmaternityreview.org.uk\/ku\/xizmeten-heremi-yen-leedse\/"]}]},{"@type":"BreadcrumbList","@id":"https:\/\/www.ockendenmaternityreview.org.uk\/ku\/xizmeten-heremi-yen-leedse\/#breadcrumb","itemListElement":[{"@type":"ListItem","position":1,"name":"Home","item":"https:\/\/www.ockendenmaternityreview.org.uk\/ku\/"},{"@type":"ListItem","position":2,"name":"Xizmet\u00ean Her\u00eam\u00ee y\u00ean Leeds\u00ea"}]},{"@type":"WebSite","@id":"https:\/\/www.ockendenmaternityreview.org.uk\/fa\/#website","url":"https:\/\/www.ockendenmaternityreview.org.uk\/fa\/","name":"Ockenden Review","description":"","potentialAction":[{"@type":"SearchAction","target":{"@type":"EntryPoint","urlTemplate":"https:\/\/www.ockendenmaternityreview.org.uk\/fa\/?s={search_term_string}"},"query-input":{"@type":"PropertyValueSpecification","valueRequired":true,"valueName":"search_term_string"}}],"inLanguage":"ckb"}]}},"_links":{"self":[{"href":"https:\/\/www.ockendenmaternityreview.org.uk\/ku\/wp-json\/wp\/v2\/pages\/13640","targetHints":{"allow":["GET"]}}],"collection":[{"href":"https:\/\/www.ockendenmaternityreview.org.uk\/ku\/wp-json\/wp\/v2\/pages"}],"about":[{"href":"https:\/\/www.ockendenmaternityreview.org.uk\/ku\/wp-json\/wp\/v2\/types\/page"}],"author":[{"embeddable":true,"href":"https:\/\/www.ockendenmaternityreview.org.uk\/ku\/wp-json\/wp\/v2\/users\/1"}],"replies":[{"embeddable":true,"href":"https:\/\/www.ockendenmaternityreview.org.uk\/ku\/wp-json\/wp\/v2\/comments?post=13640"}],"version-history":[{"count":0,"href":"https:\/\/www.ockendenmaternityreview.org.uk\/ku\/wp-json\/wp\/v2\/pages\/13640\/revisions"}],"wp:attachment":[{"href":"https:\/\/www.ockendenmaternityreview.org.uk\/ku\/wp-json\/wp\/v2\/media?parent=13640"}],"curies":[{"name":"wp","href":"https:\/\/api.w.org\/{rel}","templated":true}]}}