{"id":10934,"date":"2026-01-08T15:51:25","date_gmt":"2026-01-08T15:51:25","guid":{"rendered":"https:\/\/ockendenmatdev.wpenginepowered.com\/raport-koncowy-z-niezaleznego-przegladu\/"},"modified":"2026-03-24T14:07:36","modified_gmt":"2026-03-24T14:07:36","slug":"raport-koncowy-z-niezaleznego-przegladu","status":"publish","type":"page","link":"https:\/\/www.ockendenmaternityreview.org.uk\/pl\/raport-koncowy-z-niezaleznego-przegladu\/","title":{"rendered":"Raport ko\u0144cowy z niezale\u017cnego przegl\u0105du"},"content":{"rendered":"\n<h1 class=\"wp-block-heading\">Publikacja niezale\u017cnego przegl\u0105du us\u0142ug po\u0142o\u017cniczych w Shrewsbury and Telford Hospital NHS Trust<\/h1>\n\n<p>Dzisiaj, w \u015brod\u0119 30 marca 2022 r., Zostanie opublikowany nasz raport ko\u0144cowy z niezale\u017cnego przegl\u0105du us\u0142ug po\u0142o\u017cniczych w Shrewsbury and Telford Hospital NHS Trust. Nasz niezale\u017cny, wieloprofesjonalny zesp\u00f3\u0142 po\u0142o\u017cnych i lekarzy, w tym po\u0142o\u017cnik\u00f3w, neonatolog\u00f3w, anestezjolog\u00f3w po\u0142o\u017cniczych, lekarza, kardiologa, neurologa i innych, zbada\u0142 opiek\u0119 po\u0142o\u017cnicz\u0105 i leczenie zapewnione 1 486 rodzinom w ci\u0105gu dw\u00f3ch dekad w Trust. <\/p>\n\n<p>W raporcie wskazano ponad 60 lokalnych dzia\u0142a\u0144 na rzecz uczenia si\u0119 dla Trustu oraz kolejne 15 kluczowych natychmiastowych i niezb\u0119dnych dzia\u0142a\u0144 maj\u0105cych na celu popraw\u0119 wszystkich us\u0142ug po\u0142o\u017cniczych w Anglii, w tym finansowanie bezpiecznej i zr\u00f3wnowa\u017conej si\u0142y roboczej w zakresie macierzy\u0144stwa i noworodk\u00f3w oraz zapewnienie szkole\u0144 dla ca\u0142ego zespo\u0142u po\u0142o\u017cniczego spe\u0142niaj\u0105cego potrzeby dzisiejszych us\u0142ug po\u0142o\u017cniczych. O\u015bwiadczamy, \u017ce zarz\u0105dy zaufania musz\u0105 mie\u0107 nadz\u00f3r i zrozumienie swoich us\u0142ug po\u0142o\u017cniczych. Rady powiernicze musz\u0105 zapewni\u0107, \u017ce s\u0142uchaj\u0105 i s\u0142ysz\u0105 lokalne rodziny i w\u0142asnych pracownik\u00f3w.<\/p>\n\n<p><strong><a href=\"https:\/\/ockendenmaternityreview.org.uk\/wp-content\/uploads\/2022\/03\/FINAL_INDEPENDENT_MATERNITY_REVIEW_OF_MATERNITY_SERVICES_REPORT.pdf\">Przeczytaj raport ko\u0144cowy<\/a> | <a href=\"https:\/\/ockendenmaternityreview.org.uk\/wp-content\/uploads\/2022\/03\/FINAL_PRESS_RELEASE_INDEPENDENT_MATERNITY_REVIEW_OF_MATERNITY_SERVICES_REPORT.pdf\">Przeczytaj komunikat prasowy<\/a><\/strong><\/p>\n\n<figure class=\"wp-block-embed is-type-video is-provider-youtube wp-block-embed-youtube wp-embed-aspect-16-9 wp-has-aspect-ratio\"><div class=\"wp-block-embed__wrapper\">\n<iframe loading=\"lazy\" title=\"Ockenden Maternity Review - Findings, Conclusions and Essential Actions\" width=\"500\" height=\"281\" src=\"https:\/\/www.youtube.com\/embed\/mX8H8cRL-jI?feature=oembed\" frameborder=\"0\" allow=\"accelerometer; autoplay; clipboard-write; encrypted-media; gyroscope; picture-in-picture; web-share\" referrerpolicy=\"strict-origin-when-cross-origin\" allowfullscreen><\/iframe>\n<\/div><\/figure>\n","protected":false},"excerpt":{"rendered":"<p>Publikacja niezale\u017cnego przegl\u0105du us\u0142ug po\u0142o\u017cniczych w Shrewsbury and Telford Hospital NHS Trust Dzisiaj, w \u015brod\u0119 30 marca 2022 r., Zostanie opublikowany nasz raport ko\u0144cowy z niezale\u017cnego przegl\u0105du us\u0142ug po\u0142o\u017cniczych w Shrewsbury and Telford Hospital NHS Trust. Nasz niezale\u017cny, wieloprofesjonalny zesp\u00f3\u0142 po\u0142o\u017cnych i lekarzy, w tym po\u0142o\u017cnik\u00f3w, neonatolog\u00f3w, anestezjolog\u00f3w po\u0142o\u017cniczych, lekarza, kardiologa, neurologa i innych, zbada\u0142 &hellip; <a href=\"https:\/\/www.ockendenmaternityreview.org.uk\/pl\/raport-koncowy-z-niezaleznego-przegladu\/\">Continued<\/a><\/p>\n","protected":false},"author":1,"featured_media":0,"parent":0,"menu_order":0,"comment_status":"closed","ping_status":"closed","template":"page-narrow.blade.php","meta":{"_acf_changed":false,"footnotes":""},"class_list":["post-10934","page","type-page","status-publish","hentry"],"acf":[],"yoast_head":"<!-- This site is optimized with the Yoast SEO plugin v27.2 - https:\/\/yoast.com\/product\/yoast-seo-wordpress\/ -->\n<title>Raport ko\u0144cowy z niezale\u017cnego przegl\u0105du - Ockenden Review<\/title>\n<meta name=\"robots\" content=\"index, follow, max-snippet:-1, max-image-preview:large, max-video-preview:-1\" \/>\n<link rel=\"canonical\" href=\"http:\/\/www.ockendenmaternityreview.org.uk\/pl\/raport-koncowy-z-niezaleznego-przegladu\/\" \/>\n<meta property=\"og:locale\" content=\"pl_PL\" \/>\n<meta property=\"og:type\" content=\"article\" \/>\n<meta property=\"og:title\" content=\"Raport ko\u0144cowy z niezale\u017cnego przegl\u0105du - Ockenden Review\" \/>\n<meta property=\"og:description\" content=\"Publikacja niezale\u017cnego przegl\u0105du us\u0142ug po\u0142o\u017cniczych w Shrewsbury and Telford Hospital NHS Trust Dzisiaj, w \u015brod\u0119 30 marca 2022 r., Zostanie opublikowany nasz raport ko\u0144cowy z niezale\u017cnego przegl\u0105du us\u0142ug po\u0142o\u017cniczych w Shrewsbury and Telford Hospital NHS Trust. Nasz niezale\u017cny, wieloprofesjonalny zesp\u00f3\u0142 po\u0142o\u017cnych i lekarzy, w tym po\u0142o\u017cnik\u00f3w, neonatolog\u00f3w, anestezjolog\u00f3w po\u0142o\u017cniczych, lekarza, kardiologa, neurologa i innych, zbada\u0142 &hellip; Continued\" \/>\n<meta property=\"og:url\" content=\"http:\/\/www.ockendenmaternityreview.org.uk\/pl\/raport-koncowy-z-niezaleznego-przegladu\/\" \/>\n<meta property=\"og:site_name\" content=\"Ockenden Review\" \/>\n<meta property=\"article:publisher\" content=\"https:\/\/www.facebook.com\/ockendenmaternityreview?mibextid=wwXIfr\" \/>\n<meta property=\"article:modified_time\" content=\"2026-03-24T14:07:36+00:00\" \/>\n<meta name=\"twitter:card\" content=\"summary_large_image\" \/>\n<meta name=\"twitter:site\" content=\"@ockreview\" \/>\n<meta name=\"twitter:label1\" content=\"Szacowany czas czytania\" \/>\n\t<meta name=\"twitter:data1\" content=\"1 minuta\" \/>\n<script type=\"application\/ld+json\" class=\"yoast-schema-graph\">{\"@context\":\"https:\/\/schema.org\",\"@graph\":[{\"@type\":\"WebPage\",\"@id\":\"http:\/\/www.ockendenmaternityreview.org.uk\/pl\/raport-koncowy-z-niezaleznego-przegladu\/\",\"url\":\"http:\/\/www.ockendenmaternityreview.org.uk\/pl\/raport-koncowy-z-niezaleznego-przegladu\/\",\"name\":\"Raport ko\u0144cowy z niezale\u017cnego przegl\u0105du - Ockenden Review\",\"isPartOf\":{\"@id\":\"https:\/\/www.ockendenmaternityreview.org.uk\/fa\/#website\"},\"datePublished\":\"2026-01-08T15:51:25+00:00\",\"dateModified\":\"2026-03-24T14:07:36+00:00\",\"breadcrumb\":{\"@id\":\"http:\/\/www.ockendenmaternityreview.org.uk\/pl\/raport-koncowy-z-niezaleznego-przegladu\/#breadcrumb\"},\"inLanguage\":\"pl-PL\",\"potentialAction\":[{\"@type\":\"ReadAction\",\"target\":[\"http:\/\/www.ockendenmaternityreview.org.uk\/pl\/raport-koncowy-z-niezaleznego-przegladu\/\"]}]},{\"@type\":\"BreadcrumbList\",\"@id\":\"http:\/\/www.ockendenmaternityreview.org.uk\/pl\/raport-koncowy-z-niezaleznego-przegladu\/#breadcrumb\",\"itemListElement\":[{\"@type\":\"ListItem\",\"position\":1,\"name\":\"Home\",\"item\":\"https:\/\/www.ockendenmaternityreview.org.uk\/pl\/\"},{\"@type\":\"ListItem\",\"position\":2,\"name\":\"Raport ko\u0144cowy z niezale\u017cnego przegl\u0105du\"}]},{\"@type\":\"WebSite\",\"@id\":\"https:\/\/www.ockendenmaternityreview.org.uk\/fa\/#website\",\"url\":\"https:\/\/www.ockendenmaternityreview.org.uk\/fa\/\",\"name\":\"Ockenden Review\",\"description\":\"\",\"potentialAction\":[{\"@type\":\"SearchAction\",\"target\":{\"@type\":\"EntryPoint\",\"urlTemplate\":\"https:\/\/www.ockendenmaternityreview.org.uk\/fa\/?s={search_term_string}\"},\"query-input\":{\"@type\":\"PropertyValueSpecification\",\"valueRequired\":true,\"valueName\":\"search_term_string\"}}],\"inLanguage\":\"pl-PL\"}]}<\/script>\n<!-- \/ Yoast SEO plugin. -->","yoast_head_json":{"title":"Raport ko\u0144cowy z niezale\u017cnego przegl\u0105du - Ockenden Review","robots":{"index":"index","follow":"follow","max-snippet":"max-snippet:-1","max-image-preview":"max-image-preview:large","max-video-preview":"max-video-preview:-1"},"canonical":"http:\/\/www.ockendenmaternityreview.org.uk\/pl\/raport-koncowy-z-niezaleznego-przegladu\/","og_locale":"pl_PL","og_type":"article","og_title":"Raport ko\u0144cowy z niezale\u017cnego przegl\u0105du - Ockenden Review","og_description":"Publikacja niezale\u017cnego przegl\u0105du us\u0142ug po\u0142o\u017cniczych w Shrewsbury and Telford Hospital NHS Trust Dzisiaj, w \u015brod\u0119 30 marca 2022 r., Zostanie opublikowany nasz raport ko\u0144cowy z niezale\u017cnego przegl\u0105du us\u0142ug po\u0142o\u017cniczych w Shrewsbury and Telford Hospital NHS Trust. Nasz niezale\u017cny, wieloprofesjonalny zesp\u00f3\u0142 po\u0142o\u017cnych i lekarzy, w tym po\u0142o\u017cnik\u00f3w, neonatolog\u00f3w, anestezjolog\u00f3w po\u0142o\u017cniczych, lekarza, kardiologa, neurologa i innych, zbada\u0142 &hellip; Continued","og_url":"http:\/\/www.ockendenmaternityreview.org.uk\/pl\/raport-koncowy-z-niezaleznego-przegladu\/","og_site_name":"Ockenden Review","article_publisher":"https:\/\/www.facebook.com\/ockendenmaternityreview?mibextid=wwXIfr","article_modified_time":"2026-03-24T14:07:36+00:00","twitter_card":"summary_large_image","twitter_site":"@ockreview","twitter_misc":{"Szacowany czas czytania":"1 minuta"},"schema":{"@context":"https:\/\/schema.org","@graph":[{"@type":"WebPage","@id":"http:\/\/www.ockendenmaternityreview.org.uk\/pl\/raport-koncowy-z-niezaleznego-przegladu\/","url":"http:\/\/www.ockendenmaternityreview.org.uk\/pl\/raport-koncowy-z-niezaleznego-przegladu\/","name":"Raport ko\u0144cowy z niezale\u017cnego przegl\u0105du - Ockenden Review","isPartOf":{"@id":"https:\/\/www.ockendenmaternityreview.org.uk\/fa\/#website"},"datePublished":"2026-01-08T15:51:25+00:00","dateModified":"2026-03-24T14:07:36+00:00","breadcrumb":{"@id":"http:\/\/www.ockendenmaternityreview.org.uk\/pl\/raport-koncowy-z-niezaleznego-przegladu\/#breadcrumb"},"inLanguage":"pl-PL","potentialAction":[{"@type":"ReadAction","target":["http:\/\/www.ockendenmaternityreview.org.uk\/pl\/raport-koncowy-z-niezaleznego-przegladu\/"]}]},{"@type":"BreadcrumbList","@id":"http:\/\/www.ockendenmaternityreview.org.uk\/pl\/raport-koncowy-z-niezaleznego-przegladu\/#breadcrumb","itemListElement":[{"@type":"ListItem","position":1,"name":"Home","item":"https:\/\/www.ockendenmaternityreview.org.uk\/pl\/"},{"@type":"ListItem","position":2,"name":"Raport ko\u0144cowy z niezale\u017cnego przegl\u0105du"}]},{"@type":"WebSite","@id":"https:\/\/www.ockendenmaternityreview.org.uk\/fa\/#website","url":"https:\/\/www.ockendenmaternityreview.org.uk\/fa\/","name":"Ockenden Review","description":"","potentialAction":[{"@type":"SearchAction","target":{"@type":"EntryPoint","urlTemplate":"https:\/\/www.ockendenmaternityreview.org.uk\/fa\/?s={search_term_string}"},"query-input":{"@type":"PropertyValueSpecification","valueRequired":true,"valueName":"search_term_string"}}],"inLanguage":"pl-PL"}]}},"_links":{"self":[{"href":"https:\/\/www.ockendenmaternityreview.org.uk\/pl\/wp-json\/wp\/v2\/pages\/10934","targetHints":{"allow":["GET"]}}],"collection":[{"href":"https:\/\/www.ockendenmaternityreview.org.uk\/pl\/wp-json\/wp\/v2\/pages"}],"about":[{"href":"https:\/\/www.ockendenmaternityreview.org.uk\/pl\/wp-json\/wp\/v2\/types\/page"}],"author":[{"embeddable":true,"href":"https:\/\/www.ockendenmaternityreview.org.uk\/pl\/wp-json\/wp\/v2\/users\/1"}],"replies":[{"embeddable":true,"href":"https:\/\/www.ockendenmaternityreview.org.uk\/pl\/wp-json\/wp\/v2\/comments?post=10934"}],"version-history":[{"count":0,"href":"https:\/\/www.ockendenmaternityreview.org.uk\/pl\/wp-json\/wp\/v2\/pages\/10934\/revisions"}],"wp:attachment":[{"href":"https:\/\/www.ockendenmaternityreview.org.uk\/pl\/wp-json\/wp\/v2\/media?parent=10934"}],"curies":[{"name":"wp","href":"https:\/\/api.w.org\/{rel}","templated":true}]}}