{"id":10940,"date":"2026-01-08T15:51:48","date_gmt":"2026-01-08T15:51:48","guid":{"rendered":"https:\/\/ockendenmatdev.wpenginepowered.com\/aktualizacje\/"},"modified":"2026-03-24T14:07:36","modified_gmt":"2026-03-24T14:07:36","slug":"aktualizacje","status":"publish","type":"page","link":"https:\/\/www.ockendenmaternityreview.org.uk\/pl\/aktualizacje\/","title":{"rendered":"Aktualizacje"},"content":{"rendered":"\n<div class=\"wp-block-query is-layout-flow wp-block-query-is-layout-flow\"><ul class=\"wp-block-post-template is-layout-flow wp-block-post-template-is-layout-flow\"><li class=\"wp-block-post post-9987 post type-post status-publish format-standard hentry category-sath\">\n<h2 class=\"wp-block-post-title\">Aktualizacja recenzji<\/h2>\n\n<div class=\"wp-block-post-date\"><time datetime=\"2024-09-23T10:22:00+00:00\">2024-09-23<\/time><\/div>\n\n\n<\/li><li class=\"wp-block-post post-10577 post type-post status-publish format-standard hentry category-sath\">\n<h2 class=\"wp-block-post-title\">Wnioski ze sprawozdania Ockendena<\/h2>\n\n<div class=\"wp-block-post-date\"><time datetime=\"2022-07-07T10:22:00+00:00\">2022-07-07<\/time><\/div>\n\n<div class=\"entry-content wp-block-post-content is-layout-flow wp-block-post-content-is-layout-flow\">\n<figure class=\"wp-block-embed is-type-video is-provider-youtube wp-block-embed-youtube wp-embed-aspect-16-9 wp-has-aspect-ratio\"><div class=\"wp-block-embed__wrapper\">\n<iframe loading=\"lazy\" title=\"The Ockenden Report Conclusion\" width=\"500\" height=\"281\" src=\"https:\/\/www.youtube.com\/embed\/-u3KMJDtM8k?feature=oembed\" frameborder=\"0\" allow=\"accelerometer; autoplay; clipboard-write; encrypted-media; gyroscope; picture-in-picture; web-share\" referrerpolicy=\"strict-origin-when-cross-origin\" allowfullscreen><\/iframe>\n<\/div><\/figure>\n<\/div>\n<\/li><li class=\"wp-block-post post-10572 post type-post status-publish format-standard hentry category-sath\">\n<h2 class=\"wp-block-post-title\">Aktualizacja dla rodzin &#8211; maj 2022<\/h2>\n\n<div class=\"wp-block-post-date\"><time datetime=\"2022-05-30T10:24:00+00:00\">2022-05-30<\/time><\/div>\n\n<div class=\"entry-content wp-block-post-content is-layout-flow wp-block-post-content-is-layout-flow\">\n<figure class=\"wp-block-embed is-type-video is-provider-youtube wp-block-embed-youtube wp-embed-aspect-16-9 wp-has-aspect-ratio\"><div class=\"wp-block-embed__wrapper\">\n<iframe loading=\"lazy\" title=\"Donna Ockenden - May Update 2022\" width=\"500\" height=\"281\" src=\"https:\/\/www.youtube.com\/embed\/5eQ2WZ0Y3oc?feature=oembed\" frameborder=\"0\" allow=\"accelerometer; autoplay; clipboard-write; encrypted-media; gyroscope; picture-in-picture; web-share\" referrerpolicy=\"strict-origin-when-cross-origin\" allowfullscreen><\/iframe>\n<\/div><\/figure>\n<\/div>\n<\/li><li class=\"wp-block-post post-10549 post type-post status-publish format-standard hentry category-sath\">\n<h2 class=\"wp-block-post-title\">Aktualizacja od Donny Ockenden &#8211; Opinie rodziny<\/h2>\n\n<div class=\"wp-block-post-date\"><time datetime=\"2022-04-13T10:21:00+00:00\">2022-04-13<\/time><\/div>\n\n<div class=\"entry-content wp-block-post-content is-layout-flow wp-block-post-content-is-layout-flow\">\n<figure class=\"wp-block-embed is-type-video is-provider-youtube wp-block-embed-youtube wp-embed-aspect-16-9 wp-has-aspect-ratio\"><div class=\"wp-block-embed__wrapper\">\n<iframe loading=\"lazy\" title=\"Update from Donna Ockenden -  family feedback\" width=\"500\" height=\"281\" src=\"https:\/\/www.youtube.com\/embed\/a0m94cQ-D9Y?feature=oembed\" frameborder=\"0\" allow=\"accelerometer; autoplay; clipboard-write; encrypted-media; gyroscope; picture-in-picture; web-share\" referrerpolicy=\"strict-origin-when-cross-origin\" allowfullscreen><\/iframe>\n<\/div><\/figure>\n<\/div>\n<\/li><li class=\"wp-block-post post-10537 post type-post status-publish format-standard hentry category-ogloszenia-sath category-sath\">\n<h2 class=\"wp-block-post-title\">Publikacja niezale\u017cnego przegl\u0105du us\u0142ug po\u0142o\u017cniczych w Shrewsbury and Telford Hospital NHS Trust<\/h2>\n\n<div class=\"wp-block-post-date\"><time datetime=\"2022-03-30T10:21:00+00:00\">2022-03-30<\/time><\/div>\n\n<div class=\"entry-content wp-block-post-content is-layout-flow wp-block-post-content-is-layout-flow\">\n<p>Dzisiaj, w \u015brod\u0119 30 marca 2022 r., Zostanie opublikowany nasz raport ko\u0144cowy z niezale\u017cnego przegl\u0105du us\u0142ug po\u0142o\u017cniczych w Shrewsbury and Telford Hospital NHS Trust. Nasz niezale\u017cny, wieloprofesjonalny zesp\u00f3\u0142 po\u0142o\u017cnych i lekarzy, w tym po\u0142o\u017cnik\u00f3w, neonatolog\u00f3w, anestezjolog\u00f3w po\u0142o\u017cniczych, lekarza, kardiologa, neurologa i innych, zbada\u0142 opiek\u0119 po\u0142o\u017cnicz\u0105 i leczenie zapewnione 1 486 rodzinom w ci\u0105gu dw\u00f3ch dekad w Trust.<\/p>\n\n<p>W raporcie wskazano ponad 60 lokalnych dzia\u0142a\u0144 na rzecz uczenia si\u0119 dla Trustu oraz kolejne 15 kluczowych natychmiastowych i niezb\u0119dnych dzia\u0142a\u0144 maj\u0105cych na celu popraw\u0119 wszystkich us\u0142ug po\u0142o\u017cniczych w Anglii, w tym finansowanie bezpiecznej i zr\u00f3wnowa\u017conej si\u0142y roboczej w zakresie macierzy\u0144stwa i noworodk\u00f3w oraz zapewnienie szkole\u0144 dla ca\u0142ego zespo\u0142u po\u0142o\u017cniczego spe\u0142niaj\u0105cego potrzeby dzisiejszych us\u0142ug po\u0142o\u017cniczych. O\u015bwiadczamy, \u017ce zarz\u0105dy zaufania musz\u0105 mie\u0107 nadz\u00f3r i zrozumienie swoich us\u0142ug po\u0142o\u017cniczych. Rady powiernicze musz\u0105 zapewni\u0107, \u017ce s\u0142uchaj\u0105 i s\u0142ysz\u0105 lokalne rodziny i w\u0142asnych pracownik\u00f3w.  <\/p>\n\n<p><strong><a href=\"https:\/\/ockendenmaternityreview.org.uk\/wp-content\/uploads\/2022\/03\/FINAL_INDEPENDENT_MATERNITY_REVIEW_OF_MATERNITY_SERVICES_REPORT.pdf\">Przeczytaj raport ko\u0144cowy<\/a> | <a href=\"https:\/\/ockendenmaternityreview.org.uk\/wp-content\/uploads\/2022\/03\/FINAL_PRESS_RELEASE_INDEPENDENT_MATERNITY_REVIEW_OF_MATERNITY_SERVICES_REPORT.pdf\">Przeczytaj komunikat prasowy<\/a><\/strong><\/p>\n\n<figure class=\"wp-block-embed is-type-video is-provider-youtube wp-block-embed-youtube wp-embed-aspect-16-9 wp-has-aspect-ratio\"><div class=\"wp-block-embed__wrapper\">\n<iframe loading=\"lazy\" title=\"Ockenden Maternity Review - Findings, Conclusions and Essential Actions\" width=\"500\" height=\"281\" src=\"https:\/\/www.youtube.com\/embed\/mX8H8cRL-jI?feature=oembed\" frameborder=\"0\" allow=\"accelerometer; autoplay; clipboard-write; encrypted-media; gyroscope; picture-in-picture; web-share\" referrerpolicy=\"strict-origin-when-cross-origin\" allowfullscreen><\/iframe>\n<\/div><\/figure>\n<\/div>\n<\/li><li class=\"wp-block-post post-10246 post type-post status-publish format-standard hentry category-sath\">\n<h2 class=\"wp-block-post-title\">Aktualizacja dla rodzin &#8211; wrzesie\u0144 2021<\/h2>\n\n<div class=\"wp-block-post-date\"><time datetime=\"2021-09-09T10:20:00+00:00\">2021-09-09<\/time><\/div>\n\n<div class=\"entry-content wp-block-post-content is-layout-flow wp-block-post-content-is-layout-flow\">\n<p>Wrze\u015bniowa aktualizacja dla rodzin od Donny Ockenden, przewodnicz\u0105cej Niezale\u017cnego Przegl\u0105du Macierzy\u0144stwa w Shrewsbury i Telford Hospital NHS Trust.  <\/p>\n\n<figure class=\"wp-block-embed is-type-video is-provider-youtube wp-block-embed-youtube wp-embed-aspect-16-9 wp-has-aspect-ratio\"><div class=\"wp-block-embed__wrapper\">\n<iframe loading=\"lazy\" title=\"September Update - Ockenden Maternity Review\" width=\"500\" height=\"281\" src=\"https:\/\/www.youtube.com\/embed\/WcAQJivevuw?feature=oembed\" frameborder=\"0\" allow=\"accelerometer; autoplay; clipboard-write; encrypted-media; gyroscope; picture-in-picture; web-share\" referrerpolicy=\"strict-origin-when-cross-origin\" allowfullscreen><\/iframe>\n<\/div><\/figure>\n<\/div>\n<\/li><li class=\"wp-block-post post-11015 post type-post status-publish format-standard hentry category-sath\">\n<h2 class=\"wp-block-post-title\">Aktualizacja dla rodzin &#8211; lipiec 2021<\/h2>\n\n<div class=\"wp-block-post-date\"><time datetime=\"2021-07-16T10:18:00+00:00\">2021-07-16<\/time><\/div>\n\n<div class=\"entry-content wp-block-post-content is-layout-flow wp-block-post-content-is-layout-flow\">\n<p>Lipcowa aktualizacja dla rodzin od Donny Ockenden, przewodnicz\u0105cej Niezale\u017cnego Przegl\u0105du Macierzy\u0144stwa w Shrewsbury i Telford Hospital NHS Trust.  <\/p>\n\n<figure class=\"wp-block-embed is-type-video is-provider-youtube wp-block-embed-youtube wp-embed-aspect-16-9 wp-has-aspect-ratio\"><div class=\"wp-block-embed__wrapper\">\n<iframe loading=\"lazy\" title=\"July Update - Ockenden Maternity Review\" width=\"500\" height=\"281\" src=\"https:\/\/www.youtube.com\/embed\/ZMn8nJbp4OU?feature=oembed\" frameborder=\"0\" allow=\"accelerometer; autoplay; clipboard-write; encrypted-media; gyroscope; picture-in-picture; web-share\" referrerpolicy=\"strict-origin-when-cross-origin\" allowfullscreen><\/iframe>\n<\/div><\/figure>\n<\/div>\n<\/li><li class=\"wp-block-post post-10961 post type-post status-publish format-standard hentry category-sath\">\n<h2 class=\"wp-block-post-title\">Aktualizacja dla rodzin &#8211; maj 2021<\/h2>\n\n<div class=\"wp-block-post-date\"><time datetime=\"2021-06-09T10:17:00+00:00\">2021-06-09<\/time><\/div>\n\n<div class=\"entry-content wp-block-post-content is-layout-flow wp-block-post-content-is-layout-flow\">\n<p>Poni\u017cej znajduje si\u0119 kr\u00f3tki film przedstawiaj\u0105cy majow\u0105 aktualizacj\u0119 dla rodzin bior\u0105cych udzia\u0142 w przegl\u0105dzie macierzy\u0144stwa. Kolejna aktualizacja nast\u0105pi 13<sup>lipca<\/sup> 2021 roku.<\/p>\n\n<figure class=\"wp-block-embed is-type-video is-provider-youtube wp-block-embed-youtube wp-embed-aspect-16-9 wp-has-aspect-ratio\"><div class=\"wp-block-embed__wrapper\">\n<iframe loading=\"lazy\" title=\"May Update - Ockenden Maternity Review\" width=\"500\" height=\"281\" src=\"https:\/\/www.youtube.com\/embed\/m2aXGqgrY2g?feature=oembed\" frameborder=\"0\" allow=\"accelerometer; autoplay; clipboard-write; encrypted-media; gyroscope; picture-in-picture; web-share\" referrerpolicy=\"strict-origin-when-cross-origin\" allowfullscreen><\/iframe>\n<\/div><\/figure>\n<\/div>\n<\/li><li class=\"wp-block-post post-10955 post type-post status-publish format-standard hentry category-sath\">\n<h2 class=\"wp-block-post-title\">Donna Ockenden Pytania i odpowiedzi &#8211; maj 2021<\/h2>\n\n<div class=\"wp-block-post-date\"><time datetime=\"2021-06-09T10:16:00+00:00\">2021-06-09<\/time><\/div>\n\n<div class=\"entry-content wp-block-post-content is-layout-flow wp-block-post-content-is-layout-flow\">\n<p>Poni\u017cej znajduje si\u0119 film przedstawiaj\u0105cy pytania rodzinne przes\u0142ane do Zespo\u0142u ds. Oceny Macierzy\u0144stwa po sesji aktualizacji rodziny w dniu 17<sup>maja<\/sup> 2021 r.  <\/p>\n\n<figure class=\"wp-block-embed is-type-video is-provider-youtube wp-block-embed-youtube wp-embed-aspect-16-9 wp-has-aspect-ratio\"><div class=\"wp-block-embed__wrapper\">\n<iframe loading=\"lazy\" title=\"May Q&amp;A - Ockenden Maternity Review\" width=\"500\" height=\"281\" src=\"https:\/\/www.youtube.com\/embed\/G06NLeaGAGg?feature=oembed\" frameborder=\"0\" allow=\"accelerometer; autoplay; clipboard-write; encrypted-media; gyroscope; picture-in-picture; web-share\" referrerpolicy=\"strict-origin-when-cross-origin\" allowfullscreen><\/iframe>\n<\/div><\/figure>\n<\/div>\n<\/li><li class=\"wp-block-post post-10874 post type-post status-publish format-standard hentry category-sath\">\n<h2 class=\"wp-block-post-title\">Aktualizacja dla rodzin &#8211; marzec 2021<\/h2>\n\n<div class=\"wp-block-post-date\"><time datetime=\"2021-04-12T10:16:00+00:00\">2021-04-12<\/time><\/div>\n\n<div class=\"entry-content wp-block-post-content is-layout-flow wp-block-post-content-is-layout-flow\">\n<p>Poni\u017cej znajduje si\u0119 kr\u00f3tki film nagrany w celu uchwycenia najnowszej aktualizacji dla rodzin zaanga\u017cowanych w przegl\u0105d macierzy\u0144stwa, we wtorek 23<sup>marca<\/sup> 2021 r.  <\/p>\n\n<figure class=\"wp-block-embed is-type-video is-provider-youtube wp-block-embed-youtube wp-embed-aspect-16-9 wp-has-aspect-ratio\"><div class=\"wp-block-embed__wrapper\">\n<iframe loading=\"lazy\" title=\"Donna Ockenden - Update for families March 2021\" width=\"500\" height=\"281\" src=\"https:\/\/www.youtube.com\/embed\/qmHSoGvA00E?feature=oembed\" frameborder=\"0\" allow=\"accelerometer; autoplay; clipboard-write; encrypted-media; gyroscope; picture-in-picture; web-share\" referrerpolicy=\"strict-origin-when-cross-origin\" allowfullscreen><\/iframe>\n<\/div><\/figure>\n<\/div>\n<\/li><\/ul>\n\n<nav class=\"wp-block-query-pagination is-layout-flex wp-block-query-pagination-is-layout-flex\" aria-label=\"Stronicowanie\">\n\n\n<div class=\"wp-block-query-pagination-numbers\"><span aria-current=\"page\" class=\"page-numbers current\">1<\/span>\n<a class=\"page-numbers\" href=\"?query-0-page=2\">2<\/a><\/div>\n\n<a href=\"\/pl\/wp-json\/wp\/v2\/pages\/10940?query-0-page=2\" class=\"wp-block-query-pagination-next\">Nast\u0119pna strona<\/a>\n<\/nav>\n\n<\/div>\n","protected":false},"excerpt":{"rendered":"","protected":false},"author":1,"featured_media":0,"parent":0,"menu_order":0,"comment_status":"closed","ping_status":"closed","template":"page-narrow.blade.php","meta":{"_acf_changed":false,"footnotes":""},"class_list":["post-10940","page","type-page","status-publish","hentry"],"acf":[],"yoast_head":"<!-- This site is optimized with the Yoast SEO plugin v27.2 - https:\/\/yoast.com\/product\/yoast-seo-wordpress\/ -->\n<title>Aktualizacje - Ockenden Review<\/title>\n<meta name=\"robots\" content=\"index, follow, max-snippet:-1, max-image-preview:large, max-video-preview:-1\" \/>\n<link rel=\"canonical\" href=\"https:\/\/www.ockendenmaternityreview.org.uk\/sath-updates\/\" \/>\n<link rel=\"next\" href=\"https:\/\/www.ockendenmaternityreview.org.uk\/sath-updates\/10940?query-0-page=2\" \/>\n<meta property=\"og:locale\" content=\"pl_PL\" \/>\n<meta property=\"og:type\" content=\"article\" \/>\n<meta property=\"og:title\" content=\"Aktualizacje - Ockenden Review\" \/>\n<meta property=\"og:url\" content=\"https:\/\/www.ockendenmaternityreview.org.uk\/sath-updates\/\" \/>\n<meta property=\"og:site_name\" content=\"Ockenden Review\" \/>\n<meta property=\"article:publisher\" content=\"https:\/\/www.facebook.com\/ockendenmaternityreview?mibextid=wwXIfr\" \/>\n<meta property=\"article:modified_time\" content=\"2026-03-24T14:07:36+00:00\" \/>\n<meta name=\"twitter:card\" content=\"summary_large_image\" \/>\n<meta name=\"twitter:site\" content=\"@ockreview\" \/>\n<script type=\"application\/ld+json\" class=\"yoast-schema-graph\">{\"@context\":\"https:\/\/schema.org\",\"@graph\":[{\"@type\":\"WebPage\",\"@id\":\"https:\/\/www.ockendenmaternityreview.org.uk\/sath-updates\/\",\"url\":\"https:\/\/www.ockendenmaternityreview.org.uk\/sath-updates\/\",\"name\":\"Aktualizacje - Ockenden Review\",\"isPartOf\":{\"@id\":\"https:\/\/www.ockendenmaternityreview.org.uk\/ku\/#website\"},\"datePublished\":\"2026-01-08T15:51:48+00:00\",\"dateModified\":\"2026-03-24T14:07:36+00:00\",\"breadcrumb\":{\"@id\":\"https:\/\/www.ockendenmaternityreview.org.uk\/sath-updates\/#breadcrumb\"},\"inLanguage\":\"pl-PL\",\"potentialAction\":[{\"@type\":\"ReadAction\",\"target\":[\"https:\/\/www.ockendenmaternityreview.org.uk\/sath-updates\/\"]}]},{\"@type\":\"BreadcrumbList\",\"@id\":\"https:\/\/www.ockendenmaternityreview.org.uk\/sath-updates\/#breadcrumb\",\"itemListElement\":[{\"@type\":\"ListItem\",\"position\":1,\"name\":\"Home\",\"item\":\"http:\/\/www.ockendenmaternityreview.org.uk\/pl\/\"},{\"@type\":\"ListItem\",\"position\":2,\"name\":\"Aktualizacje\"}]},{\"@type\":\"WebSite\",\"@id\":\"https:\/\/www.ockendenmaternityreview.org.uk\/ku\/#website\",\"url\":\"https:\/\/www.ockendenmaternityreview.org.uk\/ku\/\",\"name\":\"Ockenden Review\",\"description\":\"\",\"potentialAction\":[{\"@type\":\"SearchAction\",\"target\":{\"@type\":\"EntryPoint\",\"urlTemplate\":\"https:\/\/www.ockendenmaternityreview.org.uk\/ku\/?s={search_term_string}\"},\"query-input\":{\"@type\":\"PropertyValueSpecification\",\"valueRequired\":true,\"valueName\":\"search_term_string\"}}],\"inLanguage\":\"pl-PL\"}]}<\/script>\n<!-- \/ Yoast SEO plugin. -->","yoast_head_json":{"title":"Aktualizacje - Ockenden Review","robots":{"index":"index","follow":"follow","max-snippet":"max-snippet:-1","max-image-preview":"max-image-preview:large","max-video-preview":"max-video-preview:-1"},"canonical":"https:\/\/www.ockendenmaternityreview.org.uk\/sath-updates\/","next":"https:\/\/www.ockendenmaternityreview.org.uk\/sath-updates\/10940?query-0-page=2","og_locale":"pl_PL","og_type":"article","og_title":"Aktualizacje - Ockenden Review","og_url":"https:\/\/www.ockendenmaternityreview.org.uk\/sath-updates\/","og_site_name":"Ockenden Review","article_publisher":"https:\/\/www.facebook.com\/ockendenmaternityreview?mibextid=wwXIfr","article_modified_time":"2026-03-24T14:07:36+00:00","twitter_card":"summary_large_image","twitter_site":"@ockreview","schema":{"@context":"https:\/\/schema.org","@graph":[{"@type":"WebPage","@id":"https:\/\/www.ockendenmaternityreview.org.uk\/sath-updates\/","url":"https:\/\/www.ockendenmaternityreview.org.uk\/sath-updates\/","name":"Aktualizacje - Ockenden Review","isPartOf":{"@id":"https:\/\/www.ockendenmaternityreview.org.uk\/ku\/#website"},"datePublished":"2026-01-08T15:51:48+00:00","dateModified":"2026-03-24T14:07:36+00:00","breadcrumb":{"@id":"https:\/\/www.ockendenmaternityreview.org.uk\/sath-updates\/#breadcrumb"},"inLanguage":"pl-PL","potentialAction":[{"@type":"ReadAction","target":["https:\/\/www.ockendenmaternityreview.org.uk\/sath-updates\/"]}]},{"@type":"BreadcrumbList","@id":"https:\/\/www.ockendenmaternityreview.org.uk\/sath-updates\/#breadcrumb","itemListElement":[{"@type":"ListItem","position":1,"name":"Home","item":"http:\/\/www.ockendenmaternityreview.org.uk\/pl\/"},{"@type":"ListItem","position":2,"name":"Aktualizacje"}]},{"@type":"WebSite","@id":"https:\/\/www.ockendenmaternityreview.org.uk\/ku\/#website","url":"https:\/\/www.ockendenmaternityreview.org.uk\/ku\/","name":"Ockenden Review","description":"","potentialAction":[{"@type":"SearchAction","target":{"@type":"EntryPoint","urlTemplate":"https:\/\/www.ockendenmaternityreview.org.uk\/ku\/?s={search_term_string}"},"query-input":{"@type":"PropertyValueSpecification","valueRequired":true,"valueName":"search_term_string"}}],"inLanguage":"pl-PL"}]}},"_links":{"self":[{"href":"https:\/\/www.ockendenmaternityreview.org.uk\/pl\/wp-json\/wp\/v2\/pages\/10940","targetHints":{"allow":["GET"]}}],"collection":[{"href":"https:\/\/www.ockendenmaternityreview.org.uk\/pl\/wp-json\/wp\/v2\/pages"}],"about":[{"href":"https:\/\/www.ockendenmaternityreview.org.uk\/pl\/wp-json\/wp\/v2\/types\/page"}],"author":[{"embeddable":true,"href":"https:\/\/www.ockendenmaternityreview.org.uk\/pl\/wp-json\/wp\/v2\/users\/1"}],"replies":[{"embeddable":true,"href":"https:\/\/www.ockendenmaternityreview.org.uk\/pl\/wp-json\/wp\/v2\/comments?post=10940"}],"version-history":[{"count":0,"href":"https:\/\/www.ockendenmaternityreview.org.uk\/pl\/wp-json\/wp\/v2\/pages\/10940\/revisions"}],"wp:attachment":[{"href":"https:\/\/www.ockendenmaternityreview.org.uk\/pl\/wp-json\/wp\/v2\/media?parent=10940"}],"curies":[{"name":"wp","href":"https:\/\/api.w.org\/{rel}","templated":true}]}}