{"id":11063,"date":"2026-01-08T16:33:05","date_gmt":"2026-01-08T16:33:05","guid":{"rendered":"https:\/\/ockendenmatdev.wpenginepowered.com\/wsparcie-dla-rodzin-gdy-dziecko-jest-niepelnosprawne\/"},"modified":"2026-03-24T14:08:23","modified_gmt":"2026-03-24T14:08:23","slug":"wsparcie-dla-rodzin-gdy-dziecko-jest-niepelnosprawne","status":"publish","type":"page","link":"https:\/\/www.ockendenmaternityreview.org.uk\/pl\/wsparcie-dla-rodzin-gdy-dziecko-jest-niepelnosprawne\/","title":{"rendered":"Wsparcie dla rodzin, gdy dziecko jest niepe\u0142nosprawne"},"content":{"rendered":"\n<div class=\"wp-block-query support-groups is-layout-flow wp-block-query-is-layout-flow\"><ul class=\"wp-block-post-template is-layout-grid wp-container-core-post-template-is-layout-763cd4b6 wp-block-post-template-is-layout-grid\"><li class=\"wp-block-post post-12900 support-group type-support-group status-publish has-post-thumbnail hentry support-grouping-support-for-families-when-a-child-has-a-disability\">\n<figure class=\"wp-block-post-featured-image\"><img loading=\"lazy\" decoding=\"async\" width=\"300\" height=\"300\" src=\"https:\/\/www.ockendenmaternityreview.org.uk\/wp-content\/uploads\/2026\/03\/Harrys-Hat-Logo-High-Res-300x300-1.png\" class=\"attachment-post-thumbnail size-post-thumbnail wp-post-image\" alt=\"\" style=\"object-fit:cover;\" srcset=\"https:\/\/www.ockendenmaternityreview.org.uk\/wp-content\/uploads\/2026\/03\/Harrys-Hat-Logo-High-Res-300x300-1.png 300w, https:\/\/www.ockendenmaternityreview.org.uk\/wp-content\/uploads\/2026\/03\/Harrys-Hat-Logo-High-Res-300x300-1-150x150.png 150w\" sizes=\"auto, (max-width: 300px) 100vw, 300px\" \/><\/figure>\n\n<h2 class=\"wp-block-post-title\">Harry&#8217;s Hydrocephalus Awareness Trust (HAT Harry&#8217;ego)<\/h2>\n\n<div class=\"entry-content wp-block-post-content is-layout-flow wp-block-post-content-is-layout-flow\">\n<p>Jeste\u015bmy Harry&#8217;s Hydrocephalus Awareness Trust (Harry&#8217;s HAT), krajow\u0105 organizacj\u0105 charytatywn\u0105 kierowan\u0105 przez u\u017cytkownik\u00f3w, kt\u00f3ra wspiera dzieci i ich rodziny dotkni\u0119te wodog\u0142owiem. Wodog\u0142owie to stan, w kt\u00f3rym w m\u00f3zgu gromadzi si\u0119 nadmiar p\u0142ynu. Chocia\u017c mo\u017ce wyst\u0105pi\u0107 w ka\u017cdym wieku, szczeg\u00f3lnie wa\u017cne jest jego wczesne wykrycie u niemowl\u0105t. Ka\u017cdego roku w Wielkiej Brytanii u oko\u0142o 1 na 770 dzieci rozwija si\u0119 ta choroba i chocia\u017c nie ma na ni\u0105 lekarstwa, wczesne wykrycie mo\u017ce mie\u0107 znacz\u0105ce znaczenie. Jako organizacja charytatywna podnosimy \u015bwiadomo\u015b\u0107 na temat tego schorzenia, wspieramy pracownik\u00f3w pierwszej linii, aby dowiedzie\u0107 si\u0119 wi\u0119cej, a tym samym poprawi\u0107 opiek\u0119 nad pacjentami i zapewni\u0107 wsparcie rodzinom poprzez kierowanie i wsparcie r\u00f3wie\u015bnicze. Prowadzimy r\u00f3wnie\u017c kampani\u0119 na rzecz zwi\u0119kszenia \u015bwiadomo\u015bci na temat pomiaru obwodu g\u0142owy niemowl\u0105t poprzez nasz\u0105 kampani\u0119 Get-A-Head.       <a href=\"https:\/\/harrys-hat.org\/get-a-head\/\">https:\/\/harrys-hat.org\/get-a-head\/<\/a><\/p>\n\n<ul class=\"wp-block-list\">\n<li><a href=\"http:\/\/www.harrys-hat.org\/\">www.harrys-hat.org<\/a><\/li>\n\n\n\n<li><a href=\"http:\/\/www.facebook.com\/harryshattrust\">www.facebook.com\/harryshattrust<\/a><\/li>\n\n\n\n<li><a href=\"mailto:info@harrys-hat.org\">info@harrys-hat.org<\/a><\/li>\n\n\n\n<li>07961001710<\/li>\n<\/ul>\n<\/div>\n<\/li><li class=\"wp-block-post post-12891 support-group type-support-group status-publish has-post-thumbnail hentry support-grouping-support-for-families-when-a-child-has-a-disability\">\n<figure class=\"wp-block-post-featured-image\"><img loading=\"lazy\" decoding=\"async\" width=\"800\" height=\"800\" src=\"https:\/\/www.ockendenmaternityreview.org.uk\/wp-content\/uploads\/2026\/03\/FOOTPRINTS_Logo_FB_800x800px-1.jpg\" class=\"attachment-post-thumbnail size-post-thumbnail wp-post-image\" alt=\"\" style=\"object-fit:cover;\" srcset=\"https:\/\/www.ockendenmaternityreview.org.uk\/wp-content\/uploads\/2026\/03\/FOOTPRINTS_Logo_FB_800x800px-1.jpg 800w, https:\/\/www.ockendenmaternityreview.org.uk\/wp-content\/uploads\/2026\/03\/FOOTPRINTS_Logo_FB_800x800px-1-300x300.jpg 300w, https:\/\/www.ockendenmaternityreview.org.uk\/wp-content\/uploads\/2026\/03\/FOOTPRINTS_Logo_FB_800x800px-1-150x150.jpg 150w, https:\/\/www.ockendenmaternityreview.org.uk\/wp-content\/uploads\/2026\/03\/FOOTPRINTS_Logo_FB_800x800px-1-768x768.jpg 768w\" sizes=\"auto, (max-width: 800px) 100vw, 800px\" \/><\/figure>\n\n<h2 class=\"wp-block-post-title\">Centrum edukacji przewodz\u0105cej Footprints<\/h2>\n\n<div class=\"entry-content wp-block-post-content is-layout-flow wp-block-post-content-is-layout-flow\">\n<p>Footprints to organizacja charytatywna z siedzib\u0105 w Nottingham, kt\u00f3ra zmienia \u017cycie dzieci z trudno\u015bciami w poruszaniu si\u0119 i komunikacji w regionie East Midlands. W ich o\u015brodku i dzi\u0119ki ich wsparciu niemowl\u0119ta i dzieci rozwijaj\u0105 umiej\u0119tno\u015bci potrzebne do rozwoju i osi\u0105gni\u0119cia swojego potencja\u0142u. <\/p>\n\n<p>Ich praca jest inspirowana zasadami i praktykami Conductive Education, holistycznego podej\u015bcia edukacyjnego opracowanego, aby pom\u00f3c dzieciom niepe\u0142nosprawnym \u015bwiadomie uczy\u0107 si\u0119 umiej\u0119tno\u015bci \u017cyciowych, kt\u00f3re s\u0105 bardziej naturalne dla innych. Ich praca zach\u0119ca do rozwoju umiej\u0119tno\u015bci fizycznych, komunikacyjnych, spo\u0142ecznych, sensorycznych, samopomocy i my\u015blenia. <\/p>\n\n<p>Footprints \u015bci\u015ble wsp\u00f3\u0142pracuje z dzieckiem i jego rodzin\u0105 w bezpiecznym, pozytywnym i wspieraj\u0105cym \u015brodowisku, aby zach\u0119ca\u0107 i motywowa\u0107 ka\u017cde dziecko do realizacji zada\u0144. Jednocze\u015bnie daj\u0105 rodzinom wiedz\u0119, pewno\u015b\u0107 siebie i si\u0142\u0119 do radzenia sobie z niepe\u0142nosprawno\u015bci\u0105 dziecka i zrozumienia, w jaki spos\u00f3b mog\u0105 pom\u00f3c. <\/p>\n\n<ul class=\"wp-block-list\">\n<li><a href=\"http:\/\/www.footprintscec.org\/\">www.footprintscec.org<\/a><\/li>\n\n\n\n<li><a href=\"mailto:enquiries@footprintscec.org\">enquiries@footprintscec.org<\/a><\/li>\n\n\n\n<li>0115 958 6641<\/li>\n<\/ul>\n<\/div>\n<\/li><li class=\"wp-block-post post-12879 support-group type-support-group status-publish hentry support-grouping-support-for-families-when-a-child-has-a-disability\">\n\n\n<h2 class=\"wp-block-post-title\">Rz\u0105d Wielkiej Brytanii<\/h2>\n\n<div class=\"entry-content wp-block-post-content is-layout-flow wp-block-post-content-is-layout-flow\">\n<p><br\/>Twoja lokalna rada mo\u017ce zapewni\u0107 pomoc, je\u015bli masz niepe\u0142nosprawne dziecko, w tym:<\/p>\n\n<ul class=\"wp-block-list\">\n<li><a href=\"https:\/\/www.gov.uk\/apply-short-term-care-for-child\">us\u0142ugi kr\u00f3tkiej przerwy<\/a><\/li>\n\n\n\n<li>\u015awi\u0105teczne programy zabaw<\/li>\n\n\n\n<li>opieka w domu<\/li>\n\n\n\n<li>Niekt\u00f3re pomoce i adaptacje<\/li>\n\n\n\n<li>pomoc finansowa, np. pieni\u0105dze na pokrycie koszt\u00f3w podr\u00f3\u017cy na wizyty w szpitalu<\/li>\n<\/ul>\n\n<p>Twoja rada ma obowi\u0105zek \u015bwiadczenia tych us\u0142ug zgodnie <a href=\"http:\/\/www.legislation.gov.uk\/ukpga\/1989\/41\/contents\">z ustaw\u0105 o dzieciach z 1989 r.<\/a> Niekt\u00f3re z nich s\u0105 bezp\u0142atne \u2013 rada mo\u017ce poprosi\u0107 Ci\u0119 o wniesienie wk\u0142adu na rzecz innych. Je\u015bli uwa\u017casz, \u017ce Twoje dziecko mo\u017ce si\u0119 kwalifikowa\u0107, skontaktuj si\u0119 z zespo\u0142em opieki spo\u0142ecznej w <a href=\"https:\/\/www.gov.uk\/find-your-local-council\">lokalnej radzie<\/a>. <\/p>\n\n<ul class=\"wp-block-list\">\n<li><a href=\"https:\/\/www.gov.uk\/help-for-disabled-child\">https:\/\/www.gov.uk\/help-for-disabled-child<\/a> <\/li>\n<\/ul>\n<\/div>\n<\/li><li class=\"wp-block-post post-12862 support-group type-support-group status-publish has-post-thumbnail hentry support-grouping-support-for-families-when-a-child-has-a-disability\">\n<figure class=\"wp-block-post-featured-image\"><img loading=\"lazy\" decoding=\"async\" width=\"1024\" height=\"939\" src=\"https:\/\/www.ockendenmaternityreview.org.uk\/wp-content\/uploads\/2026\/03\/Together-for-short-lives-logo-1024x939-1.png\" class=\"attachment-post-thumbnail size-post-thumbnail wp-post-image\" alt=\"\" style=\"object-fit:cover;\" srcset=\"https:\/\/www.ockendenmaternityreview.org.uk\/wp-content\/uploads\/2026\/03\/Together-for-short-lives-logo-1024x939-1.png 1024w, https:\/\/www.ockendenmaternityreview.org.uk\/wp-content\/uploads\/2026\/03\/Together-for-short-lives-logo-1024x939-1-300x275.png 300w, https:\/\/www.ockendenmaternityreview.org.uk\/wp-content\/uploads\/2026\/03\/Together-for-short-lives-logo-1024x939-1-768x704.png 768w\" sizes=\"auto, (max-width: 1024px) 100vw, 1024px\" \/><\/figure>\n\n<h2 class=\"wp-block-post-title\">Razem na kr\u00f3tkie \u017cycie<\/h2>\n\n\n<\/li><li class=\"wp-block-post post-12852 support-group type-support-group status-publish hentry support-grouping-support-for-families-when-a-child-has-a-disability\">\n\n\n<h2 class=\"wp-block-post-title\">Peeps HIE<\/h2>\n\n<div class=\"entry-content wp-block-post-content is-layout-flow wp-block-post-content-is-layout-flow\">\n<p><br\/>Peeps jest jedyn\u0105 brytyjsk\u0105 organizacj\u0105 charytatywn\u0105 zajmuj\u0105c\u0105 si\u0119 wspieraniem os\u00f3b dotkni\u0119tych HIE (encefalopati\u0105 niedotlenieniowo-niedokrwienn\u0105). Oferujemy wsparcie emocjonalne, praktyczne i finansowe, a tak\u017ce bezp\u0142atne pakiety dla rodzic\u00f3w dla wszystkich oddzia\u0142\u00f3w neonatologicznych oraz wsparcie dla pracownik\u00f3w s\u0142u\u017cby zdrowia. <\/p>\n\n<p>Zapewniamy wsparcie rodzicom, rodzinom i przyjacio\u0142om dotkni\u0119tym HIE, podnosz\u0105c \u015bwiadomo\u015b\u0107 HIE.<\/p>\n\n<p>Mo\u017cesz pobra\u0107 nasz\u0105 bezp\u0142atn\u0105 aplikacj\u0119 za po\u015brednictwem App Store lub Google Play, wyszukuj\u0105c Peeps HIE.<\/p>\n\n<ul class=\"wp-block-list\">\n<li>0800 987 5422<\/li>\n\n\n\n<li><a href=\"mailto:info@peeps-hie.org\">info@peeps-hie.org<\/a><\/li>\n\n\n\n<li><a href=\"https:\/\/www.peeps-hie.org\/\">https:\/\/www.peeps-hie.org<\/a><\/li>\n<\/ul>\n<\/div>\n<\/li><li class=\"wp-block-post post-12832 support-group type-support-group status-publish hentry support-grouping-support-for-families-when-a-child-has-a-disability\">\n\n\n<h2 class=\"wp-block-post-title\">Skontaktuj si\u0119 z rodzin\u0105<\/h2>\n\n<div class=\"entry-content wp-block-post-content is-layout-flow wp-block-post-content-is-layout-flow\">\n<p>Og\u00f3lnokrajowa organizacja charytatywna wspieraj\u0105ca rodziny dzieci niepe\u0142nosprawnych, niezale\u017cnie od ich stanu lub niepe\u0142nosprawno\u015bci. Udziela informacji, porad i wsparcia. <\/p>\n\n<ul class=\"wp-block-list\">\n<li>020 7608 8700  <\/li>\n\n\n\n<li>0808 808 3555<\/li>\n\n\n\n<li><a href=\"mailto:info@cafamily.org.uk\">info@cafamily.org.uk<\/a> <\/li>\n\n\n\n<li> <a href=\"https:\/\/contact.org.uk\/\">https:\/\/contact.org.uk<\/a> <\/li>\n<\/ul>\n<\/div>\n<\/li><li class=\"wp-block-post post-12822 support-group type-support-group status-publish hentry support-grouping-support-for-families-when-a-child-has-a-disability\">\n\n\n<h2 class=\"wp-block-post-title\">Akcja na rzecz dzieci<\/h2>\n\n<div class=\"entry-content wp-block-post-content is-layout-flow wp-block-post-content-is-layout-flow\">\n<p>Pomagamy niepe\u0142nosprawnym dzieciom i m\u0142odzie\u017cy nabra\u0107 pewno\u015bci siebie i samodzielno\u015bci. Jeste\u015bmy tam dla rodzin, kiedy nas potrzebuj\u0105. Jeste\u015bmy pod r\u0119k\u0105, aby pom\u00f3c, gdy rodziny nas potrzebuj\u0105. Nasze 496 lokalnych us\u0142ug pozwala nam pracowa\u0107 w terenie, w spo\u0142eczno\u015bciach. Oferujemy ogromny zakres wsparcia. Obejmuje to pomoc dla rodzin z niepe\u0142nosprawnymi dzie\u0107mi oraz us\u0142ugi dla m\u0142odych opiekun\u00f3w.       <\/p>\n\n<ul class=\"wp-block-list\">\n<li><a href=\"tel:0300%20123%202112\">0300 123 2112<\/a> <\/li>\n\n\n\n<li><a href=\"mailto:ask.us@actionforchildren.org.uk\">ask.us@actionforchildren.org.uk<\/a> <\/li>\n\n\n\n<li><a href=\"https:\/\/www.actionforchildren.org.uk\/\">https:\/\/www.actionforchildren.org.uk<\/a><\/li>\n<\/ul>\n<\/div>\n<\/li><li class=\"wp-block-post post-13362 support-group type-support-group status-publish hentry support-grouping-regional-services-nottingham support-grouping-support-for-families-when-a-child-has-a-disability\">\n\n\n<h2 class=\"wp-block-post-title\">Fundacja Little Ted<\/h2>\n\n<div class=\"entry-content wp-block-post-content is-layout-flow wp-block-post-content-is-layout-flow\">\n<p>Fundacja Little Ted zapewnia wsparcie pogr\u0105\u017conym w \u017ca\u0142obie rodzinom po stracie dziecka i tym, kt\u00f3rzy maj\u0105 ci\u0119\u017cko chore dzieci.<\/p>\n\n<p>Zapewniamy Memory Maker Grants, aby pom\u00f3c rodzinom cieszy\u0107 si\u0119 wyj\u0105tkowym dniem lub wsp\u00f3ln\u0105 wycieczk\u0105, dotacje na koszty utrzymania dla rodzin z ci\u0119\u017cko chorym dzieckiem w szpitalu d\u0142u\u017cej ni\u017c 7 dni i wypady w naszej pi\u0119knej przyczepie kempingowej w Snowdonii w P\u00f3\u0142nocnej Walii zar\u00f3wno dla rodzin w \u017ca\u0142obie, jak i os\u00f3b z ci\u0119\u017cko chorymi dzie\u0107mi, aby odpocz\u0105\u0107 od stres\u00f3w i napi\u0119\u0107 codziennego \u017cycia.<\/p>\n\n<p>Wsp\u00f3\u0142pracujemy r\u00f3wnie\u017c z The Foil Keepsake Co., aby zapewni\u0107 rodzinom, kt\u00f3re wspieramy, najpi\u0119kniejsze odbitki foliowe bezp\u0142atnie, niezale\u017cnie od tego, czy s\u0105 to zdj\u0119cia skan\u00f3w, odciski d\u0142oni rodzinnych czy \u015blady st\u00f3p Twojego malucha. Skontaktuj si\u0119 z nami, aby dowiedzie\u0107 si\u0119 wi\u0119cej o tych wydrukach i jak je zam\u00f3wi\u0107. <\/p>\n\n<ul class=\"wp-block-list\">\n<li><a href=\"http:\/\/www.thelittletedfoundation.org\/\">www.thelittletedfoundation.org<\/a><\/li>\n\n\n\n<li><a href=\"mailto:info@thelittletedfoundation.org\">info@thelittletedfoundation.org<\/a><\/li>\n<\/ul>\n<\/div>\n<\/li><\/ul>\n\n\n\n<\/div>\n","protected":false},"excerpt":{"rendered":"","protected":false},"author":1,"featured_media":0,"parent":0,"menu_order":0,"comment_status":"closed","ping_status":"closed","template":"page-support-groups.blade.php","meta":{"_acf_changed":false,"footnotes":""},"class_list":["post-11063","page","type-page","status-publish","hentry"],"acf":[],"yoast_head":"<!-- This site is optimized with the Yoast SEO plugin v27.2 - https:\/\/yoast.com\/product\/yoast-seo-wordpress\/ -->\n<title>Wsparcie dla rodzin, gdy dziecko jest niepe\u0142nosprawne - Ockenden Review<\/title>\n<meta name=\"robots\" content=\"index, follow, max-snippet:-1, max-image-preview:large, max-video-preview:-1\" \/>\n<link rel=\"canonical\" href=\"http:\/\/www.ockendenmaternityreview.org.uk\/support-support-for-families-when-a-child-has-a-disability\/\" \/>\n<meta property=\"og:locale\" content=\"pl_PL\" \/>\n<meta property=\"og:type\" content=\"article\" \/>\n<meta property=\"og:title\" content=\"Wsparcie dla rodzin, gdy dziecko jest niepe\u0142nosprawne - Ockenden Review\" \/>\n<meta property=\"og:url\" content=\"http:\/\/www.ockendenmaternityreview.org.uk\/support-support-for-families-when-a-child-has-a-disability\/\" \/>\n<meta property=\"og:site_name\" content=\"Ockenden Review\" \/>\n<meta property=\"article:publisher\" content=\"https:\/\/www.facebook.com\/ockendenmaternityreview?mibextid=wwXIfr\" \/>\n<meta property=\"article:modified_time\" content=\"2026-03-24T14:08:23+00:00\" \/>\n<meta name=\"twitter:card\" content=\"summary_large_image\" \/>\n<meta name=\"twitter:site\" content=\"@ockreview\" \/>\n<script type=\"application\/ld+json\" class=\"yoast-schema-graph\">{\"@context\":\"https:\/\/schema.org\",\"@graph\":[{\"@type\":\"WebPage\",\"@id\":\"http:\/\/www.ockendenmaternityreview.org.uk\/support-support-for-families-when-a-child-has-a-disability\/\",\"url\":\"http:\/\/www.ockendenmaternityreview.org.uk\/support-support-for-families-when-a-child-has-a-disability\/\",\"name\":\"Wsparcie dla rodzin, gdy dziecko jest niepe\u0142nosprawne - Ockenden Review\",\"isPartOf\":{\"@id\":\"https:\/\/www.ockendenmaternityreview.org.uk\/pa\/#website\"},\"datePublished\":\"2026-01-08T16:33:05+00:00\",\"dateModified\":\"2026-03-24T14:08:23+00:00\",\"breadcrumb\":{\"@id\":\"http:\/\/www.ockendenmaternityreview.org.uk\/support-support-for-families-when-a-child-has-a-disability\/#breadcrumb\"},\"inLanguage\":\"pl-PL\",\"potentialAction\":[{\"@type\":\"ReadAction\",\"target\":[\"http:\/\/www.ockendenmaternityreview.org.uk\/support-support-for-families-when-a-child-has-a-disability\/\"]}]},{\"@type\":\"BreadcrumbList\",\"@id\":\"http:\/\/www.ockendenmaternityreview.org.uk\/support-support-for-families-when-a-child-has-a-disability\/#breadcrumb\",\"itemListElement\":[{\"@type\":\"ListItem\",\"position\":1,\"name\":\"Home\",\"item\":\"https:\/\/www.ockendenmaternityreview.org.uk\/pl\/\"},{\"@type\":\"ListItem\",\"position\":2,\"name\":\"Wsparcie dla rodzin, gdy dziecko jest niepe\u0142nosprawne\"}]},{\"@type\":\"WebSite\",\"@id\":\"https:\/\/www.ockendenmaternityreview.org.uk\/pa\/#website\",\"url\":\"https:\/\/www.ockendenmaternityreview.org.uk\/pa\/\",\"name\":\"Ockenden Review\",\"description\":\"\",\"potentialAction\":[{\"@type\":\"SearchAction\",\"target\":{\"@type\":\"EntryPoint\",\"urlTemplate\":\"https:\/\/www.ockendenmaternityreview.org.uk\/pa\/?s={search_term_string}\"},\"query-input\":{\"@type\":\"PropertyValueSpecification\",\"valueRequired\":true,\"valueName\":\"search_term_string\"}}],\"inLanguage\":\"pl-PL\"}]}<\/script>\n<!-- \/ Yoast SEO plugin. -->","yoast_head_json":{"title":"Wsparcie dla rodzin, gdy dziecko jest niepe\u0142nosprawne - Ockenden Review","robots":{"index":"index","follow":"follow","max-snippet":"max-snippet:-1","max-image-preview":"max-image-preview:large","max-video-preview":"max-video-preview:-1"},"canonical":"http:\/\/www.ockendenmaternityreview.org.uk\/support-support-for-families-when-a-child-has-a-disability\/","og_locale":"pl_PL","og_type":"article","og_title":"Wsparcie dla rodzin, gdy dziecko jest niepe\u0142nosprawne - Ockenden Review","og_url":"http:\/\/www.ockendenmaternityreview.org.uk\/support-support-for-families-when-a-child-has-a-disability\/","og_site_name":"Ockenden Review","article_publisher":"https:\/\/www.facebook.com\/ockendenmaternityreview?mibextid=wwXIfr","article_modified_time":"2026-03-24T14:08:23+00:00","twitter_card":"summary_large_image","twitter_site":"@ockreview","schema":{"@context":"https:\/\/schema.org","@graph":[{"@type":"WebPage","@id":"http:\/\/www.ockendenmaternityreview.org.uk\/support-support-for-families-when-a-child-has-a-disability\/","url":"http:\/\/www.ockendenmaternityreview.org.uk\/support-support-for-families-when-a-child-has-a-disability\/","name":"Wsparcie dla rodzin, gdy dziecko jest niepe\u0142nosprawne - Ockenden Review","isPartOf":{"@id":"https:\/\/www.ockendenmaternityreview.org.uk\/pa\/#website"},"datePublished":"2026-01-08T16:33:05+00:00","dateModified":"2026-03-24T14:08:23+00:00","breadcrumb":{"@id":"http:\/\/www.ockendenmaternityreview.org.uk\/support-support-for-families-when-a-child-has-a-disability\/#breadcrumb"},"inLanguage":"pl-PL","potentialAction":[{"@type":"ReadAction","target":["http:\/\/www.ockendenmaternityreview.org.uk\/support-support-for-families-when-a-child-has-a-disability\/"]}]},{"@type":"BreadcrumbList","@id":"http:\/\/www.ockendenmaternityreview.org.uk\/support-support-for-families-when-a-child-has-a-disability\/#breadcrumb","itemListElement":[{"@type":"ListItem","position":1,"name":"Home","item":"https:\/\/www.ockendenmaternityreview.org.uk\/pl\/"},{"@type":"ListItem","position":2,"name":"Wsparcie dla rodzin, gdy dziecko jest niepe\u0142nosprawne"}]},{"@type":"WebSite","@id":"https:\/\/www.ockendenmaternityreview.org.uk\/pa\/#website","url":"https:\/\/www.ockendenmaternityreview.org.uk\/pa\/","name":"Ockenden Review","description":"","potentialAction":[{"@type":"SearchAction","target":{"@type":"EntryPoint","urlTemplate":"https:\/\/www.ockendenmaternityreview.org.uk\/pa\/?s={search_term_string}"},"query-input":{"@type":"PropertyValueSpecification","valueRequired":true,"valueName":"search_term_string"}}],"inLanguage":"pl-PL"}]}},"_links":{"self":[{"href":"https:\/\/www.ockendenmaternityreview.org.uk\/pl\/wp-json\/wp\/v2\/pages\/11063","targetHints":{"allow":["GET"]}}],"collection":[{"href":"https:\/\/www.ockendenmaternityreview.org.uk\/pl\/wp-json\/wp\/v2\/pages"}],"about":[{"href":"https:\/\/www.ockendenmaternityreview.org.uk\/pl\/wp-json\/wp\/v2\/types\/page"}],"author":[{"embeddable":true,"href":"https:\/\/www.ockendenmaternityreview.org.uk\/pl\/wp-json\/wp\/v2\/users\/1"}],"replies":[{"embeddable":true,"href":"https:\/\/www.ockendenmaternityreview.org.uk\/pl\/wp-json\/wp\/v2\/comments?post=11063"}],"version-history":[{"count":0,"href":"https:\/\/www.ockendenmaternityreview.org.uk\/pl\/wp-json\/wp\/v2\/pages\/11063\/revisions"}],"wp:attachment":[{"href":"https:\/\/www.ockendenmaternityreview.org.uk\/pl\/wp-json\/wp\/v2\/media?parent=11063"}],"curies":[{"name":"wp","href":"https:\/\/api.w.org\/{rel}","templated":true}]}}