{"id":11096,"date":"2026-01-08T16:35:37","date_gmt":"2026-01-08T16:35:37","guid":{"rendered":"https:\/\/ockendenmatdev.wpenginepowered.com\/krajowe-wsparcie-dla-rodzenstwa\/"},"modified":"2026-03-24T14:08:28","modified_gmt":"2026-03-24T14:08:28","slug":"krajowe-wsparcie-dla-rodzenstwa","status":"publish","type":"page","link":"https:\/\/www.ockendenmaternityreview.org.uk\/pl\/krajowe-wsparcie-dla-rodzenstwa\/","title":{"rendered":"Krajowe wsparcie dla rodze\u0144stwa"},"content":{"rendered":"\n<div class=\"wp-block-query support-groups is-layout-flow wp-block-query-is-layout-flow\"><ul class=\"wp-block-post-template is-layout-grid wp-container-core-post-template-is-layout-763cd4b6 wp-block-post-template-is-layout-grid\"><li class=\"wp-block-post post-261 support-group type-support-group status-publish has-post-thumbnail hentry support-grouping-national-sibling-support\">\n<figure class=\"wp-block-post-featured-image\"><img loading=\"lazy\" decoding=\"async\" width=\"300\" height=\"123\" src=\"https:\/\/www.ockendenmaternityreview.org.uk\/wp-content\/uploads\/2026\/03\/Sibling-Support-300x123-1.jpg\" class=\"attachment-post-thumbnail size-post-thumbnail wp-post-image\" alt=\"\" style=\"object-fit:cover;\" \/><\/figure>\n\n<h2 class=\"wp-block-post-title\">Sibling Support<\/h2>\n\n<div class=\"entry-content wp-block-post-content is-layout-flow wp-block-post-content-is-layout-flow\">\n<p>Website created by bereaved siblings, filled with advice, support and explanations for bereaved siblings and those who support them. They offer a range of free resources that can be ordered directly from their website.<\/p>\n\n\n\n<ul class=\"wp-block-list\">\n<li><a href=\"mailto:hello@siblingsupport.co.uk\">hello@siblingsupport.co.uk<\/a><\/li>\n\n\n\n<li><a href=\"https:\/\/www.siblingsupport.co.uk\/\">https:\/\/www.siblingsupport.co.uk<\/a>\u00a0<\/li>\n\n\n\n<li>0800 102 6175, this is a support line specifically for bereaved siblings and those who support them. It is facilitated by bereavement specialists from Child Bereavement UK.\u00a0<\/li>\n<\/ul>\n<\/div>\n<\/li><li class=\"wp-block-post post-260 support-group type-support-group status-publish hentry support-grouping-national-sibling-support\">\n\n\n<h2 class=\"wp-block-post-title\">The Lone Twin Network<\/h2>\n\n<div class=\"entry-content wp-block-post-content is-layout-flow wp-block-post-content-is-layout-flow\">\n<p>Support network run by and for lone twins, whose loss has occurred at or around birth, in childhood or during adulthood. They ask for a voluntary annual membership to help cover costs. Offers meetings and personal contact in a friendly and comfortable environment in which to talk openly and honestly about how it feels to be without your twin.<\/p>\n\n\n\n<ul class=\"wp-block-list\">\n<li><a href=\"https:\/\/lonetwinnetwork.org.uk\/about\/%C2%A0\">https:\/\/lonetwinnetwork.org.uk\/about\/\u00a0<\/a><\/li>\n<\/ul>\n<\/div>\n<\/li><li class=\"wp-block-post post-12970 support-group type-support-group status-publish hentry support-grouping-for-fathers support-grouping-national-baby-loss-organisations support-grouping-national-bereavement-support support-grouping-national-sibling-support\">\n\n\n<h2 class=\"wp-block-post-title\">\u017ba\u0142oba dzieci\u0119ca w Wielkiej Brytanii<\/h2>\n\n<div class=\"entry-content wp-block-post-content is-layout-flow wp-block-post-content-is-layout-flow\">\n<p>Child Bereavement UK pomaga dzieciom, rodzicom i rodzinom odbudowa\u0107 swoje \u017cycie, gdy dziecko prze\u017cywa \u017ca\u0142ob\u0119 lub gdy dziecko umiera. Wspieramy dzieci i m\u0142odzie\u017c do 25 roku \u017cycia, kt\u00f3re stoj\u0105 w obliczu \u017ca\u0142oby, oraz ka\u017cdego, kogo dotkn\u0119\u0142a \u015bmier\u0107 dziecka w ka\u017cdym wieku. <\/p>\n\n<p>Zapewniamy szkolenia dla specjalist\u00f3w w zakresie opieki zdrowotnej i spo\u0142ecznej, edukacji oraz sektora wolontariatu i korporacji, wyposa\u017caj\u0105c ich w zapewnienie najlepszej mo\u017cliwej opieki rodzinom w \u017ca\u0142obie.<\/p>\n\n<ul class=\"wp-block-list\">\n<li>0800 02 888 40  <\/li>\n\n\n\n<li><a href=\"mailto:support@childbereavementuk.org\">support@childbereavementuk.org<\/a><\/li>\n\n\n\n<li><a href=\"https:\/\/www.childbereavementuk.org\">https:\/\/www.childbereavementuk.org<\/a><\/li>\n<\/ul>\n<\/div>\n<\/li><\/ul>\n\n\n\n<\/div>\n","protected":false},"excerpt":{"rendered":"","protected":false},"author":1,"featured_media":0,"parent":0,"menu_order":0,"comment_status":"closed","ping_status":"closed","template":"page-support-groups.blade.php","meta":{"_acf_changed":false,"footnotes":""},"class_list":["post-11096","page","type-page","status-publish","hentry"],"acf":[],"yoast_head":"<!-- This site is optimized with the Yoast SEO plugin v27.2 - https:\/\/yoast.com\/product\/yoast-seo-wordpress\/ -->\n<title>Krajowe wsparcie dla rodze\u0144stwa - Ockenden Review<\/title>\n<meta name=\"robots\" content=\"index, follow, max-snippet:-1, max-image-preview:large, max-video-preview:-1\" \/>\n<link rel=\"canonical\" href=\"https:\/\/www.ockendenmaternityreview.org.uk\/support-national-sibling-support\/\" \/>\n<meta property=\"og:locale\" content=\"pl_PL\" \/>\n<meta property=\"og:type\" content=\"article\" \/>\n<meta property=\"og:title\" content=\"Krajowe wsparcie dla rodze\u0144stwa - Ockenden Review\" \/>\n<meta property=\"og:url\" content=\"https:\/\/www.ockendenmaternityreview.org.uk\/support-national-sibling-support\/\" \/>\n<meta property=\"og:site_name\" content=\"Ockenden Review\" \/>\n<meta property=\"article:publisher\" content=\"https:\/\/www.facebook.com\/ockendenmaternityreview?mibextid=wwXIfr\" \/>\n<meta property=\"article:modified_time\" content=\"2026-03-24T14:08:28+00:00\" \/>\n<meta name=\"twitter:card\" content=\"summary_large_image\" \/>\n<meta name=\"twitter:site\" content=\"@ockreview\" \/>\n<script type=\"application\/ld+json\" class=\"yoast-schema-graph\">{\"@context\":\"https:\/\/schema.org\",\"@graph\":[{\"@type\":\"WebPage\",\"@id\":\"https:\/\/www.ockendenmaternityreview.org.uk\/support-national-sibling-support\/\",\"url\":\"https:\/\/www.ockendenmaternityreview.org.uk\/support-national-sibling-support\/\",\"name\":\"Krajowe wsparcie dla rodze\u0144stwa - Ockenden Review\",\"isPartOf\":{\"@id\":\"http:\/\/www.ockendenmaternityreview.org.uk\/zh-hant\/#website\"},\"datePublished\":\"2026-01-08T16:35:37+00:00\",\"dateModified\":\"2026-03-24T14:08:28+00:00\",\"breadcrumb\":{\"@id\":\"https:\/\/www.ockendenmaternityreview.org.uk\/support-national-sibling-support\/#breadcrumb\"},\"inLanguage\":\"pl-PL\",\"potentialAction\":[{\"@type\":\"ReadAction\",\"target\":[\"https:\/\/www.ockendenmaternityreview.org.uk\/support-national-sibling-support\/\"]}]},{\"@type\":\"BreadcrumbList\",\"@id\":\"https:\/\/www.ockendenmaternityreview.org.uk\/support-national-sibling-support\/#breadcrumb\",\"itemListElement\":[{\"@type\":\"ListItem\",\"position\":1,\"name\":\"Home\",\"item\":\"https:\/\/www.ockendenmaternityreview.org.uk\/pl\/\"},{\"@type\":\"ListItem\",\"position\":2,\"name\":\"Krajowe wsparcie dla rodze\u0144stwa\"}]},{\"@type\":\"WebSite\",\"@id\":\"http:\/\/www.ockendenmaternityreview.org.uk\/zh-hant\/#website\",\"url\":\"http:\/\/www.ockendenmaternityreview.org.uk\/zh-hant\/\",\"name\":\"Ockenden Review\",\"description\":\"\",\"potentialAction\":[{\"@type\":\"SearchAction\",\"target\":{\"@type\":\"EntryPoint\",\"urlTemplate\":\"http:\/\/www.ockendenmaternityreview.org.uk\/zh-hant\/?s={search_term_string}\"},\"query-input\":{\"@type\":\"PropertyValueSpecification\",\"valueRequired\":true,\"valueName\":\"search_term_string\"}}],\"inLanguage\":\"pl-PL\"}]}<\/script>\n<!-- \/ Yoast SEO plugin. -->","yoast_head_json":{"title":"Krajowe wsparcie dla rodze\u0144stwa - Ockenden Review","robots":{"index":"index","follow":"follow","max-snippet":"max-snippet:-1","max-image-preview":"max-image-preview:large","max-video-preview":"max-video-preview:-1"},"canonical":"https:\/\/www.ockendenmaternityreview.org.uk\/support-national-sibling-support\/","og_locale":"pl_PL","og_type":"article","og_title":"Krajowe wsparcie dla rodze\u0144stwa - Ockenden Review","og_url":"https:\/\/www.ockendenmaternityreview.org.uk\/support-national-sibling-support\/","og_site_name":"Ockenden Review","article_publisher":"https:\/\/www.facebook.com\/ockendenmaternityreview?mibextid=wwXIfr","article_modified_time":"2026-03-24T14:08:28+00:00","twitter_card":"summary_large_image","twitter_site":"@ockreview","schema":{"@context":"https:\/\/schema.org","@graph":[{"@type":"WebPage","@id":"https:\/\/www.ockendenmaternityreview.org.uk\/support-national-sibling-support\/","url":"https:\/\/www.ockendenmaternityreview.org.uk\/support-national-sibling-support\/","name":"Krajowe wsparcie dla rodze\u0144stwa - Ockenden Review","isPartOf":{"@id":"http:\/\/www.ockendenmaternityreview.org.uk\/zh-hant\/#website"},"datePublished":"2026-01-08T16:35:37+00:00","dateModified":"2026-03-24T14:08:28+00:00","breadcrumb":{"@id":"https:\/\/www.ockendenmaternityreview.org.uk\/support-national-sibling-support\/#breadcrumb"},"inLanguage":"pl-PL","potentialAction":[{"@type":"ReadAction","target":["https:\/\/www.ockendenmaternityreview.org.uk\/support-national-sibling-support\/"]}]},{"@type":"BreadcrumbList","@id":"https:\/\/www.ockendenmaternityreview.org.uk\/support-national-sibling-support\/#breadcrumb","itemListElement":[{"@type":"ListItem","position":1,"name":"Home","item":"https:\/\/www.ockendenmaternityreview.org.uk\/pl\/"},{"@type":"ListItem","position":2,"name":"Krajowe wsparcie dla rodze\u0144stwa"}]},{"@type":"WebSite","@id":"http:\/\/www.ockendenmaternityreview.org.uk\/zh-hant\/#website","url":"http:\/\/www.ockendenmaternityreview.org.uk\/zh-hant\/","name":"Ockenden Review","description":"","potentialAction":[{"@type":"SearchAction","target":{"@type":"EntryPoint","urlTemplate":"http:\/\/www.ockendenmaternityreview.org.uk\/zh-hant\/?s={search_term_string}"},"query-input":{"@type":"PropertyValueSpecification","valueRequired":true,"valueName":"search_term_string"}}],"inLanguage":"pl-PL"}]}},"_links":{"self":[{"href":"https:\/\/www.ockendenmaternityreview.org.uk\/pl\/wp-json\/wp\/v2\/pages\/11096","targetHints":{"allow":["GET"]}}],"collection":[{"href":"https:\/\/www.ockendenmaternityreview.org.uk\/pl\/wp-json\/wp\/v2\/pages"}],"about":[{"href":"https:\/\/www.ockendenmaternityreview.org.uk\/pl\/wp-json\/wp\/v2\/types\/page"}],"author":[{"embeddable":true,"href":"https:\/\/www.ockendenmaternityreview.org.uk\/pl\/wp-json\/wp\/v2\/users\/1"}],"replies":[{"embeddable":true,"href":"https:\/\/www.ockendenmaternityreview.org.uk\/pl\/wp-json\/wp\/v2\/comments?post=11096"}],"version-history":[{"count":0,"href":"https:\/\/www.ockendenmaternityreview.org.uk\/pl\/wp-json\/wp\/v2\/pages\/11096\/revisions"}],"wp:attachment":[{"href":"https:\/\/www.ockendenmaternityreview.org.uk\/pl\/wp-json\/wp\/v2\/media?parent=11096"}],"curies":[{"name":"wp","href":"https:\/\/api.w.org\/{rel}","templated":true}]}}