{"id":11102,"date":"2026-01-08T16:36:26","date_gmt":"2026-01-08T16:36:26","guid":{"rendered":"https:\/\/ockendenmatdev.wpenginepowered.com\/krajowe-organizacje-zajmujace-sie-utrata-dziecka\/"},"modified":"2026-03-24T14:08:31","modified_gmt":"2026-03-24T14:08:31","slug":"krajowe-organizacje-zajmujace-sie-utrata-dziecka","status":"publish","type":"page","link":"https:\/\/www.ockendenmaternityreview.org.uk\/pl\/krajowe-organizacje-zajmujace-sie-utrata-dziecka\/","title":{"rendered":"Krajowe organizacje zajmuj\u0105ce si\u0119 utrat\u0105 dziecka"},"content":{"rendered":"\n<div class=\"wp-block-query support-groups is-layout-flow wp-block-query-is-layout-flow\"><ul class=\"wp-block-post-template is-layout-grid wp-container-core-post-template-is-layout-763cd4b6 wp-block-post-template-is-layout-grid\"><li class=\"wp-block-post post-13148 support-group type-support-group status-publish has-post-thumbnail hentry support-grouping-national-baby-loss-organisations\">\n<figure class=\"wp-block-post-featured-image\"><img loading=\"lazy\" decoding=\"async\" width=\"300\" height=\"180\" src=\"https:\/\/www.ockendenmaternityreview.org.uk\/wp-content\/uploads\/2026\/03\/WW-Anton-Textured-Logo-Black-Coral-RGB-Tagline-300x180-1.png\" class=\"attachment-post-thumbnail size-post-thumbnail wp-post-image\" alt=\"\" style=\"object-fit:cover;\" \/><\/figure>\n\n<h2 class=\"wp-block-post-title\">\u017byczenie Winstona<\/h2>\n\n<div class=\"entry-content wp-block-post-content is-layout-flow wp-block-post-content-is-layout-flow\">\n<p>Wsparcie dla dzieci i m\u0142odzie\u017cy pogr\u0105\u017conych w \u017ca\u0142obie<\/p>\n\n<ul class=\"wp-block-list\">\n<li>01242 515157<\/li>\n\n\n\n<li><a href=\"http:\/\/www.winstonswish.org.uk\/\">www.winstonswish.org.uk<\/a> <\/li>\n<\/ul>\n<\/div>\n<\/li><li class=\"wp-block-post post-13134 support-group type-support-group status-publish has-post-thumbnail hentry support-grouping-national-baby-loss-organisations\">\n<figure class=\"wp-block-post-featured-image\"><img loading=\"lazy\" decoding=\"async\" width=\"300\" height=\"172\" src=\"https:\/\/www.ockendenmaternityreview.org.uk\/wp-content\/uploads\/2026\/03\/Twins_Trust_Logo_Navy_RGB-300x172-1.jpg\" class=\"attachment-post-thumbnail size-post-thumbnail wp-post-image\" alt=\"\" style=\"object-fit:cover;\" \/><\/figure>\n\n<h2 class=\"wp-block-post-title\">Twins Trust<\/h2>\n\n<div class=\"entry-content wp-block-post-content is-layout-flow wp-block-post-content-is-layout-flow\">\n<p>Og\u00f3lnobrytyjska organizacja charytatywna zajmuj\u0105ca si\u0119 popraw\u0105 \u017cycia tysi\u0119cy rodzin z bli\u017aniakami, trojaczkami lub wy\u017cszymi wielokrotno\u015bciami. Oferuje grup\u0119 wsparcia w \u017ca\u0142obie dla rodzic\u00f3w, kt\u00f3rzy stracili dziecko. <\/p>\n\n<ul class=\"wp-block-list\">\n<li>  01252 332344<\/li>\n\n\n\n<li><a href=\"mailto:enquiries@twinstrust.org\">enquiries@twinstrust.org<\/a> <\/li>\n\n\n\n<li><a href=\"https:\/\/twinstrust.org\/\">https:\/\/twinstrust.org\/<\/a> <\/li>\n<\/ul>\n<\/div>\n<\/li><li class=\"wp-block-post post-13127 support-group type-support-group status-publish hentry support-grouping-national-baby-loss-organisations\">\n\n\n<h2 class=\"wp-block-post-title\">Tommy&#8217;s<\/h2>\n\n<div class=\"entry-content wp-block-post-content is-layout-flow wp-block-post-content-is-layout-flow\">\n<p>Tommy&#8217;s to najwi\u0119ksza w Wielkiej Brytanii organizacja charytatywna finansuj\u0105ca badania nad przyczynami poronienia, urodzenia martwego dziecka i przedwczesnego porodu. Dostarczaj\u0105 r\u00f3wnie\u017c informacji przysz\u0142ym rodzicom, aby pom\u00f3c im w zdrowej ci\u0105\u017cy i dziecku. <\/p>\n\n<ul class=\"wp-block-list\">\n<li>0800 0147 800<\/li>\n\n\n\n<li><a href=\"mailto:mailbox@tommys.org\">mailbox@tommys.org<\/a><\/li>\n\n\n\n<li><a href=\"https:\/\/www.tommys.org\/\">https:\/\/www.tommys.org<\/a> <\/li>\n<\/ul>\n<\/div>\n<\/li><li class=\"wp-block-post post-13116 support-group type-support-group status-publish has-post-thumbnail hentry support-grouping-national-baby-loss-organisations\">\n<figure class=\"wp-block-post-featured-image\"><img loading=\"lazy\" decoding=\"async\" width=\"300\" height=\"150\" src=\"https:\/\/www.ockendenmaternityreview.org.uk\/wp-content\/uploads\/2026\/03\/SCDT-logo-2023-PDF-300x150-1.jpg\" class=\"attachment-post-thumbnail size-post-thumbnail wp-post-image\" alt=\"\" style=\"object-fit:cover;\" \/><\/figure>\n\n<h2 class=\"wp-block-post-title\">Scottish Cot Death Trust<\/h2>\n\n<div class=\"entry-content wp-block-post-content is-layout-flow wp-block-post-content-is-layout-flow\">\n<p>Wsparcie w \u017ca\u0142obie jest dost\u0119pne dla ka\u017cdej rodziny dotkni\u0119tej nag\u0142\u0105, niespodziewan\u0105 \u015bmierci\u0105 niemowl\u0119cia lub ma\u0142ego dziecka. Wspieraj\u0105 badania maj\u0105ce na celu lepsze zrozumienie nag\u0142ej \u015bmierci niemowl\u0105t i informuj\u0105 o komunikatach podnosz\u0105cych \u015bwiadomo\u015b\u0107. Zapewniaj\u0105 r\u00f3wnie\u017c szkolenia na temat sposob\u00f3w zmniejszania ryzyka nag\u0142ej \u015bmierci niemowl\u0105t i poprawy opieki nad pogr\u0105\u017conymi w \u017ca\u0142obie rodzinami.  <\/p>\n\n<ul class=\"wp-block-list\">\n<li><strong>Telefon<\/strong> 0141 357 3946<\/li>\n\n\n\n<li><strong>Email<\/strong> <a href=\"mailto:contact@scottishcotdeathtrust.org\">contact@scottishcotdeathtrust.org<\/a> <\/li>\n\n\n\n<li><strong>Strona internetowa<\/strong> <a href=\"https:\/\/scottishcotdeathtrust.org\/\">https:\/\/scottishcotdeathtrust.org\/<\/a> <\/li>\n<\/ul>\n<\/div>\n<\/li><li class=\"wp-block-post post-13102 support-group type-support-group status-publish has-post-thumbnail hentry support-grouping-national-baby-loss-organisations\">\n<figure class=\"wp-block-post-featured-image\"><img loading=\"lazy\" decoding=\"async\" width=\"300\" height=\"182\" src=\"https:\/\/www.ockendenmaternityreview.org.uk\/wp-content\/uploads\/2026\/03\/Petals-logo-Sept-2020-on-white-300x182-1.png\" class=\"attachment-post-thumbnail size-post-thumbnail wp-post-image\" alt=\"\" style=\"object-fit:cover;\" \/><\/figure>\n\n<h2 class=\"wp-block-post-title\">P\u0142atki<\/h2>\n\n<div class=\"entry-content wp-block-post-content is-layout-flow wp-block-post-content-is-layout-flow\">\n<p>Petals to organizacja charytatywna zajmuj\u0105ca si\u0119 doradztwem w przypadku utraty dziecka. Zapewnia bezp\u0142atne specjalistyczne doradztwo w celu wspierania zdrowia psychicznego kobiet, m\u0119\u017cczyzn i par, kt\u00f3re do\u015bwiadczaj\u0105 dewastacji ci\u0105\u017cy lub utraty dziecka. Ich wyszkoleni doradcy zapewniaj\u0105 bezpieczn\u0105 przestrze\u0144, aby poprowadzi\u0107 pogr\u0105\u017conych w \u017ca\u0142obie rodzic\u00f3w przez smutek i traum\u0119 ich niszczycielskich do\u015bwiadcze\u0144 do miejsca pojednania i nadziei na przysz\u0142o\u015b\u0107. Wi\u0119cej informacji na temat dost\u0119pu do poradnictwa Petals mo\u017cna znale\u017a\u0107 na ich stronie internetowej.     <\/p>\n\n<ul class=\"wp-block-list\">\n<li>0300 688 0068<\/li>\n\n\n\n<li><a href=\"mailto:counselling@petalscharity.org\">counselling@petalscharity.org<\/a><\/li>\n\n\n\n<li><a href=\"https:\/\/petalscharity.org\/\">https:\/\/petalscharity.org<\/a> <\/li>\n<\/ul>\n<\/div>\n<\/li><li class=\"wp-block-post post-13062 support-group type-support-group status-publish has-post-thumbnail hentry support-grouping-for-fathers support-grouping-national-baby-loss-organisations\">\n<figure class=\"wp-block-post-featured-image\"><img loading=\"lazy\" decoding=\"async\" width=\"300\" height=\"140\" src=\"https:\/\/www.ockendenmaternityreview.org.uk\/wp-content\/uploads\/2026\/03\/SandsLogo_Strap_RGB_FullColour-300x140-1.jpg\" class=\"attachment-post-thumbnail size-post-thumbnail wp-post-image\" alt=\"\" style=\"object-fit:cover;\" \/><\/figure>\n\n<h2 class=\"wp-block-post-title\">Sands, organizacja charytatywna zajmuj\u0105ca si\u0119 martwymi narodzinami i \u015bmierci\u0105 noworodk\u00f3w<\/h2>\n\n<div class=\"entry-content wp-block-post-content is-layout-flow wp-block-post-content-is-layout-flow\">\n<p>Sands wspiera ka\u017cdego, kto ucierpia\u0142 w wyniku \u015bmierci dziecka; wsp\u00f3\u0142pracuje z pracownikami s\u0142u\u017cby zdrowia w celu poprawy jako\u015bci opieki i us\u0142ug oferowanych rodzinom pogr\u0105\u017conym w \u017ca\u0142obie; oraz promuje i finansuje badania i zmiany w praktyce, kt\u00f3re mog\u0105 przyczyni\u0107 si\u0119 do zmniejszenia liczby ofiar \u015bmiertelnych w\u015br\u00f3d dzieci.<\/p>\n\n<ul class=\"wp-block-list\">\n<li>0808 164 3332<\/li>\n\n\n\n<li><a href=\"mailto:helpline@sands.org.uk\">helpline@sands.org.uk<\/a><\/li>\n\n\n\n<li><a href=\"https:\/\/www.sands.org.uk\/\">https:\/\/www.sands.org.uk<\/a><\/li>\n<\/ul>\n<\/div>\n<\/li><li class=\"wp-block-post post-13047 support-group type-support-group status-publish hentry support-grouping-national-baby-loss-organisations\">\n\n\n<h2 class=\"wp-block-post-title\">The Mariposa Trust<\/h2>\n\n<div class=\"entry-content wp-block-post-content is-layout-flow wp-block-post-content-is-layout-flow\">\n<p>Mariposa Trust wspiera ka\u017cdego, kto poni\u00f3s\u0142 strat\u0119 dziecka, na ka\u017cdym etapie ci\u0105\u017cy, przy urodzeniu lub w niemowl\u0119ctwie, niezale\u017cnie od tego, czy strata jest niedawna, czy historyczna. Organizacja charytatywna zapewnia szereg opcji wsparcia, takich jak zaprzyja\u017anianie si\u0119 i informowanie, a tak\u017ce globalne us\u0142ugi pami\u0119ci zwane us\u0142ugami &#8222;Say Goodbye&#8221;. <\/p>\n\n<ul class=\"wp-block-list\">\n<li>0300 323 1350<\/li>\n\n\n\n<li><a href=\"mailto:office@sayinggoodbye.org\">office@sayinggoodbye.org<\/a><\/li>\n\n\n\n<li><a href=\"http:\/\/www.sayinggoodbye.org\/\">www.sayinggoodbye.org<\/a><\/li>\n<\/ul>\n<\/div>\n<\/li><li class=\"wp-block-post post-13036 support-group type-support-group status-publish has-post-thumbnail hentry support-grouping-national-baby-loss-organisations\">\n<figure class=\"wp-block-post-featured-image\"><img loading=\"lazy\" decoding=\"async\" width=\"141\" height=\"141\" src=\"https:\/\/www.ockendenmaternityreview.org.uk\/wp-content\/uploads\/2026\/03\/Lullaby-Trust-Logo.png\" class=\"attachment-post-thumbnail size-post-thumbnail wp-post-image\" alt=\"\" style=\"object-fit:cover;\" \/><\/figure>\n\n<h2 class=\"wp-block-post-title\">The Lullaby Trust<\/h2>\n\n\n<\/li><li class=\"wp-block-post post-13022 support-group type-support-group status-publish hentry support-grouping-national-baby-loss-organisations\">\n\n\n<h2 class=\"wp-block-post-title\">Fundacja Lily Mae<\/h2>\n\n<div class=\"entry-content wp-block-post-content is-layout-flow wp-block-post-content-is-layout-flow\">\n<p>Wspiera rodzic\u00f3w i rodziny, kt\u00f3re straci\u0142y dziecko w wyniku urodzenia martwego dziecka lub \u015bmierci noworodka, oraz podnosi \u015bwiadomo\u015b\u0107 niszczycielskiego wp\u0142ywu martwego urodzenia i \u015bmierci noworodk\u00f3w.<\/p>\n\n<ul class=\"wp-block-list\">\n<li>01676 535716<\/li>\n\n\n\n<li><a href=\"mailto:BLSS@lilymaefoundation.org\">BLSS@lilymaefoundation.org<\/a> <\/li>\n\n\n\n<li><a href=\"https:\/\/www.lilymaefoundation.org\/\">https:\/\/www.lilymaefoundation.org<\/a> <\/li>\n<\/ul>\n<\/div>\n<\/li><li class=\"wp-block-post post-13010 support-group type-support-group status-publish hentry support-grouping-national-baby-loss-organisations\">\n\n\n<h2 class=\"wp-block-post-title\">\u017bycie po stracie<\/h2>\n\n\n<\/li><li class=\"wp-block-post post-12980 support-group type-support-group status-publish has-post-thumbnail hentry support-grouping-national-baby-loss-organisations\">\n<figure class=\"wp-block-post-featured-image\"><img loading=\"lazy\" decoding=\"async\" width=\"300\" height=\"300\" src=\"https:\/\/www.ockendenmaternityreview.org.uk\/wp-content\/uploads\/2026\/03\/Child-Death-Helpline-logo-300x300-1.jpg\" class=\"attachment-post-thumbnail size-post-thumbnail wp-post-image\" alt=\"\" style=\"object-fit:cover;\" srcset=\"https:\/\/www.ockendenmaternityreview.org.uk\/wp-content\/uploads\/2026\/03\/Child-Death-Helpline-logo-300x300-1.jpg 300w, https:\/\/www.ockendenmaternityreview.org.uk\/wp-content\/uploads\/2026\/03\/Child-Death-Helpline-logo-300x300-1-150x150.jpg 150w\" sizes=\"auto, (max-width: 300px) 100vw, 300px\" \/><\/figure>\n\n<h2 class=\"wp-block-post-title\">Infolinia \u015bmierci dziecka<\/h2>\n\n<div class=\"entry-content wp-block-post-content is-layout-flow wp-block-post-content-is-layout-flow\">\n<p>Infolinia oferuje wsparcie wszystkim osobom dotkni\u0119tym \u015bmierci\u0105 dziecka w ka\u017cdym wieku, od noworodka do doros\u0142ego, w ka\u017cdych okoliczno\u015bciach, zar\u00f3wno niedawno, jak i dawno temu.  <\/p>\n\n<p>Infolinia jest obs\u0142ugiwana przez wolontariuszy. S\u0105 to rodzice pogr\u0105\u017ceni w \u017ca\u0142obie, przeszkoleni i wspierani przez profesjonalny personel. Jest to okazja do porozmawiania w zaufaniu z kim\u015b, kto r\u00f3wnie\u017c do\u015bwiadczy\u0142 \u015bmierci dziecka.    <\/p>\n\n<p>Zapewniamy r\u00f3wnie\u017c wsparcie profesjonalistom, kt\u00f3rzy zostali dotkni\u0119ci \u015bmierci\u0105 dziecka i mo\u017cemy poda\u0107 szczeg\u00f3\u0142owe informacje na temat us\u0142ug w lokalnych obszarach.<\/p>\n\n<p><strong>Godziny otwarcia:<\/strong><\/p>\n\n<ul class=\"wp-block-list\">\n<li>Od poniedzia\u0142ku do pi\u0105tku od 10:00 do 13:00<\/li>\n\n\n\n<li>Od poniedzia\u0142ku do niedzieli od 19:00 do 22:00<\/li>\n<\/ul>\n\n<p><strong>Dane kontaktowe:<\/strong><\/p>\n\n<ul class=\"wp-block-list\">\n<li><strong>Numer telefonu infolinii<\/strong>: 0800 282 986<\/li>\n\n\n\n<li><strong>E-mail<\/strong>: <a href=\"mailto:contact@childdeathhelpline.org.uk\">contact@childdeathhelpline.org.uk<\/a><\/li>\n\n\n\n<li><strong>Strona internetowa<\/strong>: <a href=\"http:\/\/www.childdeathhelpline.org.uk\/\">www.childdeathhelpline.org.uk<\/a><\/li>\n<\/ul>\n<\/div>\n<\/li><li class=\"wp-block-post post-12970 support-group type-support-group status-publish hentry support-grouping-for-fathers support-grouping-national-baby-loss-organisations support-grouping-national-bereavement-support support-grouping-national-sibling-support\">\n\n\n<h2 class=\"wp-block-post-title\">\u017ba\u0142oba dzieci\u0119ca w Wielkiej Brytanii<\/h2>\n\n<div class=\"entry-content wp-block-post-content is-layout-flow wp-block-post-content-is-layout-flow\">\n<p>Child Bereavement UK pomaga dzieciom, rodzicom i rodzinom odbudowa\u0107 swoje \u017cycie, gdy dziecko prze\u017cywa \u017ca\u0142ob\u0119 lub gdy dziecko umiera. Wspieramy dzieci i m\u0142odzie\u017c do 25 roku \u017cycia, kt\u00f3re stoj\u0105 w obliczu \u017ca\u0142oby, oraz ka\u017cdego, kogo dotkn\u0119\u0142a \u015bmier\u0107 dziecka w ka\u017cdym wieku. <\/p>\n\n<p>Zapewniamy szkolenia dla specjalist\u00f3w w zakresie opieki zdrowotnej i spo\u0142ecznej, edukacji oraz sektora wolontariatu i korporacji, wyposa\u017caj\u0105c ich w zapewnienie najlepszej mo\u017cliwej opieki rodzinom w \u017ca\u0142obie.<\/p>\n\n<ul class=\"wp-block-list\">\n<li>0800 02 888 40  <\/li>\n\n\n\n<li><a href=\"mailto:support@childbereavementuk.org\">support@childbereavementuk.org<\/a><\/li>\n\n\n\n<li><a href=\"https:\/\/www.childbereavementuk.org\">https:\/\/www.childbereavementuk.org<\/a><\/li>\n<\/ul>\n<\/div>\n<\/li><li class=\"wp-block-post post-12959 support-group type-support-group status-publish has-post-thumbnail hentry support-grouping-national-baby-loss-organisations\">\n<figure class=\"wp-block-post-featured-image\"><img loading=\"lazy\" decoding=\"async\" width=\"323\" height=\"74\" src=\"https:\/\/www.ockendenmaternityreview.org.uk\/wp-content\/uploads\/2026\/03\/Aching-arms-logo.png\" class=\"attachment-post-thumbnail size-post-thumbnail wp-post-image\" alt=\"\" style=\"object-fit:cover;\" srcset=\"https:\/\/www.ockendenmaternityreview.org.uk\/wp-content\/uploads\/2026\/03\/Aching-arms-logo.png 323w, https:\/\/www.ockendenmaternityreview.org.uk\/wp-content\/uploads\/2026\/03\/Aching-arms-logo-300x69.png 300w\" sizes=\"auto, (max-width: 323px) 100vw, 323px\" \/><\/figure>\n\n<h2 class=\"wp-block-post-title\">Bol\u0105ce ramiona<\/h2>\n\n\n<\/li><li class=\"wp-block-post post-13188 support-group type-support-group status-publish has-post-thumbnail hentry support-grouping-national-baby-loss-organisations\">\n<figure class=\"wp-block-post-featured-image\"><img loading=\"lazy\" decoding=\"async\" width=\"1024\" height=\"592\" src=\"https:\/\/www.ockendenmaternityreview.org.uk\/wp-content\/uploads\/2026\/01\/Footprints-baby-loss-FINAL-logo-15-1024x592-1.png\" class=\"attachment-post-thumbnail size-post-thumbnail wp-post-image\" alt=\"\" style=\"object-fit:cover;\" srcset=\"https:\/\/www.ockendenmaternityreview.org.uk\/wp-content\/uploads\/2026\/01\/Footprints-baby-loss-FINAL-logo-15-1024x592-1.png 1024w, https:\/\/www.ockendenmaternityreview.org.uk\/wp-content\/uploads\/2026\/01\/Footprints-baby-loss-FINAL-logo-15-1024x592-1-300x173.png 300w, https:\/\/www.ockendenmaternityreview.org.uk\/wp-content\/uploads\/2026\/01\/Footprints-baby-loss-FINAL-logo-15-1024x592-1-768x444.png 768w\" sizes=\"auto, (max-width: 1024px) 100vw, 1024px\" \/><\/figure>\n\n<h2 class=\"wp-block-post-title\">Footprints Baby Loss<\/h2>\n\n<div class=\"entry-content wp-block-post-content is-layout-flow wp-block-post-content-is-layout-flow\">\n<p>&#8222;Footprints Baby Loss&#8221; to organizacja charytatywna zajmuj\u0105ca si\u0119 \u017ca\u0142ob\u0105, kt\u00f3ra zapewnia niezb\u0119dne wsparcie rodzicom i rodzinom, kt\u00f3re do\u015bwiadczy\u0142y \u015bmierci jednego lub wi\u0119cej bli\u017ani\u0105t lub trojaczk\u00f3w przed, w trakcie lub po urodzeniu.<br\/><br\/>&#8222;Jeste\u015bmy organizacj\u0105 charytatywn\u0105 prowadzon\u0105 przez pogr\u0105\u017conych w \u017ca\u0142obie rodzic\u00f3w, dla pogr\u0105\u017conych w \u017ca\u0142obie rodzic\u00f3w&#8221;.<br\/><br\/>Ich wsparcie jest zapewniane przez osoby, kt\u00f3re z pierwszej r\u0119ki do\u015bwiadczy\u0142y utraty bli\u017aniak\u00f3w lub trojaczk\u00f3w. Rozumiej\u0105 warto\u015b\u0107 posiadania bezpiecznej przestrzeni, aby m\u00f3c komunikowa\u0107 si\u0119 z kim\u015b, kto przeszed\u0142 przez co\u015b podobnego, i zapewniaj\u0105 \u017cyczliwe, troskliwe i integracyjne podej\u015bcie do naszych us\u0142ug zwi\u0105zanych z \u017ca\u0142ob\u0105. <br\/><br\/>Zapewniaj\u0105 wsparcie w \u017ca\u0142obie w formie zaprzyja\u017anienia si\u0119, internetowych grup wsparcia i prywatnej grupy spo\u0142eczno\u015bci online. Wi\u0119cej informacji mo\u017cna znale\u017a\u0107 na ich stronie internetowej. <\/p>\n\n<p><strong>Zapytania Email:<\/strong> <a href=\"mailto:enquiries@footprintsbabyloss.org\">enquiries@footprintsbabyloss.org<\/a><\/p>\n\n<p><strong>E-mail pomocy technicznej:<\/strong> <a href=\"mailto:support@footprintsbabyloss.org\">support@footprintsbabyloss.org<\/a><\/p>\n\n<p><strong>Strona internetowa:<\/strong> <a href=\"http:\/\/www.footprintsbabyloss.org\/\" target=\"_blank\" rel=\"noreferrer noopener\">www.footprintsbabyloss.org<\/a><\/p>\n<\/div>\n<\/li><\/ul>\n\n\n\n<\/div>\n","protected":false},"excerpt":{"rendered":"","protected":false},"author":1,"featured_media":0,"parent":0,"menu_order":0,"comment_status":"closed","ping_status":"closed","template":"page-support-groups.blade.php","meta":{"_acf_changed":false,"footnotes":""},"class_list":["post-11102","page","type-page","status-publish","hentry"],"acf":[],"yoast_head":"<!-- This site is optimized with the Yoast SEO plugin v27.2 - https:\/\/yoast.com\/product\/yoast-seo-wordpress\/ -->\n<title>Krajowe organizacje zajmuj\u0105ce si\u0119 utrat\u0105 dziecka - Ockenden Review<\/title>\n<meta name=\"robots\" content=\"index, follow, max-snippet:-1, max-image-preview:large, max-video-preview:-1\" \/>\n<link rel=\"canonical\" href=\"https:\/\/www.ockendenmaternityreview.org.uk\/support-national-baby-loss-organisations\/\" \/>\n<meta property=\"og:locale\" content=\"pl_PL\" \/>\n<meta property=\"og:type\" content=\"article\" \/>\n<meta property=\"og:title\" content=\"Krajowe organizacje zajmuj\u0105ce si\u0119 utrat\u0105 dziecka - Ockenden Review\" \/>\n<meta property=\"og:url\" content=\"https:\/\/www.ockendenmaternityreview.org.uk\/support-national-baby-loss-organisations\/\" \/>\n<meta property=\"og:site_name\" content=\"Ockenden Review\" \/>\n<meta property=\"article:publisher\" content=\"https:\/\/www.facebook.com\/ockendenmaternityreview?mibextid=wwXIfr\" \/>\n<meta property=\"article:modified_time\" content=\"2026-03-24T14:08:31+00:00\" \/>\n<meta name=\"twitter:card\" content=\"summary_large_image\" \/>\n<meta name=\"twitter:site\" content=\"@ockreview\" \/>\n<script type=\"application\/ld+json\" class=\"yoast-schema-graph\">{\"@context\":\"https:\/\/schema.org\",\"@graph\":[{\"@type\":\"WebPage\",\"@id\":\"https:\/\/www.ockendenmaternityreview.org.uk\/support-national-baby-loss-organisations\/\",\"url\":\"https:\/\/www.ockendenmaternityreview.org.uk\/support-national-baby-loss-organisations\/\",\"name\":\"Krajowe organizacje zajmuj\u0105ce si\u0119 utrat\u0105 dziecka - Ockenden Review\",\"isPartOf\":{\"@id\":\"http:\/\/www.ockendenmaternityreview.org.uk\/zh-hant\/#website\"},\"datePublished\":\"2026-01-08T16:36:26+00:00\",\"dateModified\":\"2026-03-24T14:08:31+00:00\",\"breadcrumb\":{\"@id\":\"https:\/\/www.ockendenmaternityreview.org.uk\/support-national-baby-loss-organisations\/#breadcrumb\"},\"inLanguage\":\"pl-PL\",\"potentialAction\":[{\"@type\":\"ReadAction\",\"target\":[\"https:\/\/www.ockendenmaternityreview.org.uk\/support-national-baby-loss-organisations\/\"]}]},{\"@type\":\"BreadcrumbList\",\"@id\":\"https:\/\/www.ockendenmaternityreview.org.uk\/support-national-baby-loss-organisations\/#breadcrumb\",\"itemListElement\":[{\"@type\":\"ListItem\",\"position\":1,\"name\":\"Home\",\"item\":\"https:\/\/www.ockendenmaternityreview.org.uk\/pl\/\"},{\"@type\":\"ListItem\",\"position\":2,\"name\":\"Krajowe organizacje zajmuj\u0105ce si\u0119 utrat\u0105 dziecka\"}]},{\"@type\":\"WebSite\",\"@id\":\"http:\/\/www.ockendenmaternityreview.org.uk\/zh-hant\/#website\",\"url\":\"http:\/\/www.ockendenmaternityreview.org.uk\/zh-hant\/\",\"name\":\"Ockenden Review\",\"description\":\"\",\"potentialAction\":[{\"@type\":\"SearchAction\",\"target\":{\"@type\":\"EntryPoint\",\"urlTemplate\":\"http:\/\/www.ockendenmaternityreview.org.uk\/zh-hant\/?s={search_term_string}\"},\"query-input\":{\"@type\":\"PropertyValueSpecification\",\"valueRequired\":true,\"valueName\":\"search_term_string\"}}],\"inLanguage\":\"pl-PL\"}]}<\/script>\n<!-- \/ Yoast SEO plugin. -->","yoast_head_json":{"title":"Krajowe organizacje zajmuj\u0105ce si\u0119 utrat\u0105 dziecka - Ockenden Review","robots":{"index":"index","follow":"follow","max-snippet":"max-snippet:-1","max-image-preview":"max-image-preview:large","max-video-preview":"max-video-preview:-1"},"canonical":"https:\/\/www.ockendenmaternityreview.org.uk\/support-national-baby-loss-organisations\/","og_locale":"pl_PL","og_type":"article","og_title":"Krajowe organizacje zajmuj\u0105ce si\u0119 utrat\u0105 dziecka - Ockenden Review","og_url":"https:\/\/www.ockendenmaternityreview.org.uk\/support-national-baby-loss-organisations\/","og_site_name":"Ockenden Review","article_publisher":"https:\/\/www.facebook.com\/ockendenmaternityreview?mibextid=wwXIfr","article_modified_time":"2026-03-24T14:08:31+00:00","twitter_card":"summary_large_image","twitter_site":"@ockreview","schema":{"@context":"https:\/\/schema.org","@graph":[{"@type":"WebPage","@id":"https:\/\/www.ockendenmaternityreview.org.uk\/support-national-baby-loss-organisations\/","url":"https:\/\/www.ockendenmaternityreview.org.uk\/support-national-baby-loss-organisations\/","name":"Krajowe organizacje zajmuj\u0105ce si\u0119 utrat\u0105 dziecka - Ockenden Review","isPartOf":{"@id":"http:\/\/www.ockendenmaternityreview.org.uk\/zh-hant\/#website"},"datePublished":"2026-01-08T16:36:26+00:00","dateModified":"2026-03-24T14:08:31+00:00","breadcrumb":{"@id":"https:\/\/www.ockendenmaternityreview.org.uk\/support-national-baby-loss-organisations\/#breadcrumb"},"inLanguage":"pl-PL","potentialAction":[{"@type":"ReadAction","target":["https:\/\/www.ockendenmaternityreview.org.uk\/support-national-baby-loss-organisations\/"]}]},{"@type":"BreadcrumbList","@id":"https:\/\/www.ockendenmaternityreview.org.uk\/support-national-baby-loss-organisations\/#breadcrumb","itemListElement":[{"@type":"ListItem","position":1,"name":"Home","item":"https:\/\/www.ockendenmaternityreview.org.uk\/pl\/"},{"@type":"ListItem","position":2,"name":"Krajowe organizacje zajmuj\u0105ce si\u0119 utrat\u0105 dziecka"}]},{"@type":"WebSite","@id":"http:\/\/www.ockendenmaternityreview.org.uk\/zh-hant\/#website","url":"http:\/\/www.ockendenmaternityreview.org.uk\/zh-hant\/","name":"Ockenden Review","description":"","potentialAction":[{"@type":"SearchAction","target":{"@type":"EntryPoint","urlTemplate":"http:\/\/www.ockendenmaternityreview.org.uk\/zh-hant\/?s={search_term_string}"},"query-input":{"@type":"PropertyValueSpecification","valueRequired":true,"valueName":"search_term_string"}}],"inLanguage":"pl-PL"}]}},"_links":{"self":[{"href":"https:\/\/www.ockendenmaternityreview.org.uk\/pl\/wp-json\/wp\/v2\/pages\/11102","targetHints":{"allow":["GET"]}}],"collection":[{"href":"https:\/\/www.ockendenmaternityreview.org.uk\/pl\/wp-json\/wp\/v2\/pages"}],"about":[{"href":"https:\/\/www.ockendenmaternityreview.org.uk\/pl\/wp-json\/wp\/v2\/types\/page"}],"author":[{"embeddable":true,"href":"https:\/\/www.ockendenmaternityreview.org.uk\/pl\/wp-json\/wp\/v2\/users\/1"}],"replies":[{"embeddable":true,"href":"https:\/\/www.ockendenmaternityreview.org.uk\/pl\/wp-json\/wp\/v2\/comments?post=11102"}],"version-history":[{"count":0,"href":"https:\/\/www.ockendenmaternityreview.org.uk\/pl\/wp-json\/wp\/v2\/pages\/11102\/revisions"}],"wp:attachment":[{"href":"https:\/\/www.ockendenmaternityreview.org.uk\/pl\/wp-json\/wp\/v2\/media?parent=11102"}],"curies":[{"name":"wp","href":"https:\/\/api.w.org\/{rel}","templated":true}]}}