{"id":11107,"date":"2026-01-08T16:36:41","date_gmt":"2026-01-08T16:36:41","guid":{"rendered":"https:\/\/ockendenmatdev.wpenginepowered.com\/dla-ojcow\/"},"modified":"2026-03-24T14:08:31","modified_gmt":"2026-03-24T14:08:31","slug":"dla-ojcow","status":"publish","type":"page","link":"https:\/\/www.ockendenmaternityreview.org.uk\/pl\/dla-ojcow\/","title":{"rendered":"Dla ojc\u00f3w"},"content":{"rendered":"\n<p>Po \u015bmierci dziecka wi\u0119kszo\u015b\u0107 wsparcia mo\u017ce koncentrowa\u0107 si\u0119 na matce lub rodzicu biologicznym, ale oczywi\u015bcie ojcowie i partnerzy maj\u0105 r\u00f3wnie\u017c wa\u017cn\u0105 relacj\u0119 z dzieckiem lub ma\u0142ym dzieckiem, kt\u00f3re zmar\u0142o, wi\u0119c r\u00f3wnie\u017c b\u0119dzie w \u017ca\u0142obie. Informacje i wsparcie s\u0105 dost\u0119pne na wiele r\u00f3\u017cnych sposob\u00f3w, z kt\u00f3rych niekt\u00f3re s\u0105 wymienione poni\u017cej.   <\/p>\n\n<div style=\"height:50px\" aria-hidden=\"true\" class=\"wp-block-spacer\"><\/div>\n\n<div class=\"wp-block-query support-groups is-layout-flow wp-block-query-is-layout-flow\"><ul class=\"wp-block-post-template is-layout-grid wp-container-core-post-template-is-layout-763cd4b6 wp-block-post-template-is-layout-grid\"><li class=\"wp-block-post post-266 support-group type-support-group status-publish has-post-thumbnail hentry support-grouping-for-fathers\">\n<figure class=\"wp-block-post-featured-image\"><img loading=\"lazy\" decoding=\"async\" width=\"1014\" height=\"1024\" src=\"https:\/\/www.ockendenmaternityreview.org.uk\/wp-content\/uploads\/2026\/03\/DWA-Logo-1014x1024-1.jpeg\" class=\"attachment-post-thumbnail size-post-thumbnail wp-post-image\" alt=\"\" style=\"object-fit:cover;\" srcset=\"https:\/\/www.ockendenmaternityreview.org.uk\/wp-content\/uploads\/2026\/03\/DWA-Logo-1014x1024-1.jpeg 1014w, https:\/\/www.ockendenmaternityreview.org.uk\/wp-content\/uploads\/2026\/03\/DWA-Logo-1014x1024-1-297x300.jpeg 297w, https:\/\/www.ockendenmaternityreview.org.uk\/wp-content\/uploads\/2026\/03\/DWA-Logo-1014x1024-1-150x150.jpeg 150w, https:\/\/www.ockendenmaternityreview.org.uk\/wp-content\/uploads\/2026\/03\/DWA-Logo-1014x1024-1-768x776.jpeg 768w\" sizes=\"auto, (max-width: 1014px) 100vw, 1014px\" \/><\/figure>\n\n<h2 class=\"wp-block-post-title\">Daddy\u2019s with Angels<\/h2>\n\n<div class=\"entry-content wp-block-post-content is-layout-flow wp-block-post-content-is-layout-flow\">\n<p>DWA supports all family members but provide specific support for bereaved fathers as we have found that they are quite often the \u2018forgotten\u2019 parent.<\/p>\n\n\n\n<p>We support fathers regardless of age or gestation of their loss and by any cause.<\/p>\n\n\n\n<p>DWA is a peer support organisation who hold regular zoom meetings and one to one interventions when needed.<\/p>\n\n\n\n<p><a href=\"http:\/\/www.daddyswithangels.org\/\">www.daddyswithangels.org<\/a><\/p>\n<\/div>\n<\/li><li class=\"wp-block-post post-13062 support-group type-support-group status-publish has-post-thumbnail hentry support-grouping-for-fathers support-grouping-national-baby-loss-organisations\">\n<figure class=\"wp-block-post-featured-image\"><img loading=\"lazy\" decoding=\"async\" width=\"300\" height=\"140\" src=\"https:\/\/www.ockendenmaternityreview.org.uk\/wp-content\/uploads\/2026\/03\/SandsLogo_Strap_RGB_FullColour-300x140-1.jpg\" class=\"attachment-post-thumbnail size-post-thumbnail wp-post-image\" alt=\"\" style=\"object-fit:cover;\" \/><\/figure>\n\n<h2 class=\"wp-block-post-title\">Sands, organizacja charytatywna zajmuj\u0105ca si\u0119 martwymi narodzinami i \u015bmierci\u0105 noworodk\u00f3w<\/h2>\n\n<div class=\"entry-content wp-block-post-content is-layout-flow wp-block-post-content-is-layout-flow\">\n<p>Sands wspiera ka\u017cdego, kto ucierpia\u0142 w wyniku \u015bmierci dziecka; wsp\u00f3\u0142pracuje z pracownikami s\u0142u\u017cby zdrowia w celu poprawy jako\u015bci opieki i us\u0142ug oferowanych rodzinom pogr\u0105\u017conym w \u017ca\u0142obie; oraz promuje i finansuje badania i zmiany w praktyce, kt\u00f3re mog\u0105 przyczyni\u0107 si\u0119 do zmniejszenia liczby ofiar \u015bmiertelnych w\u015br\u00f3d dzieci.<\/p>\n\n<ul class=\"wp-block-list\">\n<li>0808 164 3332<\/li>\n\n\n\n<li><a href=\"mailto:helpline@sands.org.uk\">helpline@sands.org.uk<\/a><\/li>\n\n\n\n<li><a href=\"https:\/\/www.sands.org.uk\/\">https:\/\/www.sands.org.uk<\/a><\/li>\n<\/ul>\n<\/div>\n<\/li><li class=\"wp-block-post post-12970 support-group type-support-group status-publish hentry support-grouping-for-fathers support-grouping-national-baby-loss-organisations support-grouping-national-bereavement-support support-grouping-national-sibling-support\">\n\n\n<h2 class=\"wp-block-post-title\">\u017ba\u0142oba dzieci\u0119ca w Wielkiej Brytanii<\/h2>\n\n<div class=\"entry-content wp-block-post-content is-layout-flow wp-block-post-content-is-layout-flow\">\n<p>Child Bereavement UK pomaga dzieciom, rodzicom i rodzinom odbudowa\u0107 swoje \u017cycie, gdy dziecko prze\u017cywa \u017ca\u0142ob\u0119 lub gdy dziecko umiera. Wspieramy dzieci i m\u0142odzie\u017c do 25 roku \u017cycia, kt\u00f3re stoj\u0105 w obliczu \u017ca\u0142oby, oraz ka\u017cdego, kogo dotkn\u0119\u0142a \u015bmier\u0107 dziecka w ka\u017cdym wieku. <\/p>\n\n<p>Zapewniamy szkolenia dla specjalist\u00f3w w zakresie opieki zdrowotnej i spo\u0142ecznej, edukacji oraz sektora wolontariatu i korporacji, wyposa\u017caj\u0105c ich w zapewnienie najlepszej mo\u017cliwej opieki rodzinom w \u017ca\u0142obie.<\/p>\n\n<ul class=\"wp-block-list\">\n<li>0800 02 888 40  <\/li>\n\n\n\n<li><a href=\"mailto:support@childbereavementuk.org\">support@childbereavementuk.org<\/a><\/li>\n\n\n\n<li><a href=\"https:\/\/www.childbereavementuk.org\">https:\/\/www.childbereavementuk.org<\/a><\/li>\n<\/ul>\n<\/div>\n<\/li><\/ul>\n\n\n\n<\/div>\n","protected":false},"excerpt":{"rendered":"<p>Po \u015bmierci dziecka wi\u0119kszo\u015b\u0107 wsparcia mo\u017ce koncentrowa\u0107 si\u0119 na matce lub rodzicu biologicznym, ale oczywi\u015bcie ojcowie i partnerzy maj\u0105 r\u00f3wnie\u017c wa\u017cn\u0105 relacj\u0119 z dzieckiem lub ma\u0142ym dzieckiem, kt\u00f3re zmar\u0142o, wi\u0119c r\u00f3wnie\u017c b\u0119dzie w \u017ca\u0142obie. Informacje i wsparcie s\u0105 dost\u0119pne na wiele r\u00f3\u017cnych sposob\u00f3w, z kt\u00f3rych niekt\u00f3re s\u0105 wymienione poni\u017cej.<\/p>\n","protected":false},"author":1,"featured_media":0,"parent":0,"menu_order":0,"comment_status":"closed","ping_status":"closed","template":"page-support-groups.blade.php","meta":{"_acf_changed":false,"footnotes":""},"class_list":["post-11107","page","type-page","status-publish","hentry"],"acf":[],"yoast_head":"<!-- This site is optimized with the Yoast SEO plugin v27.2 - https:\/\/yoast.com\/product\/yoast-seo-wordpress\/ -->\n<title>Dla ojc\u00f3w - Ockenden Review<\/title>\n<meta name=\"robots\" content=\"index, follow, max-snippet:-1, max-image-preview:large, max-video-preview:-1\" \/>\n<link rel=\"canonical\" href=\"http:\/\/www.ockendenmaternityreview.org.uk\/pl\/dla-ojcow\/\" \/>\n<meta property=\"og:locale\" content=\"pl_PL\" \/>\n<meta property=\"og:type\" content=\"article\" \/>\n<meta property=\"og:title\" content=\"Dla ojc\u00f3w - Ockenden Review\" \/>\n<meta property=\"og:description\" content=\"Po \u015bmierci dziecka wi\u0119kszo\u015b\u0107 wsparcia mo\u017ce koncentrowa\u0107 si\u0119 na matce lub rodzicu biologicznym, ale oczywi\u015bcie ojcowie i partnerzy maj\u0105 r\u00f3wnie\u017c wa\u017cn\u0105 relacj\u0119 z dzieckiem lub ma\u0142ym dzieckiem, kt\u00f3re zmar\u0142o, wi\u0119c r\u00f3wnie\u017c b\u0119dzie w \u017ca\u0142obie. Informacje i wsparcie s\u0105 dost\u0119pne na wiele r\u00f3\u017cnych sposob\u00f3w, z kt\u00f3rych niekt\u00f3re s\u0105 wymienione poni\u017cej.\" \/>\n<meta property=\"og:url\" content=\"http:\/\/www.ockendenmaternityreview.org.uk\/pl\/dla-ojcow\/\" \/>\n<meta property=\"og:site_name\" content=\"Ockenden Review\" \/>\n<meta property=\"article:publisher\" content=\"https:\/\/www.facebook.com\/ockendenmaternityreview?mibextid=wwXIfr\" \/>\n<meta property=\"article:modified_time\" content=\"2026-03-24T14:08:31+00:00\" \/>\n<meta name=\"twitter:card\" content=\"summary_large_image\" \/>\n<meta name=\"twitter:site\" content=\"@ockreview\" \/>\n<script type=\"application\/ld+json\" class=\"yoast-schema-graph\">{\"@context\":\"https:\/\/schema.org\",\"@graph\":[{\"@type\":\"WebPage\",\"@id\":\"http:\/\/www.ockendenmaternityreview.org.uk\/pl\/dla-ojcow\/\",\"url\":\"http:\/\/www.ockendenmaternityreview.org.uk\/pl\/dla-ojcow\/\",\"name\":\"Dla ojc\u00f3w - Ockenden Review\",\"isPartOf\":{\"@id\":\"https:\/\/www.ockendenmaternityreview.org.uk\/fa\/#website\"},\"datePublished\":\"2026-01-08T16:36:41+00:00\",\"dateModified\":\"2026-03-24T14:08:31+00:00\",\"breadcrumb\":{\"@id\":\"http:\/\/www.ockendenmaternityreview.org.uk\/pl\/dla-ojcow\/#breadcrumb\"},\"inLanguage\":\"pl-PL\",\"potentialAction\":[{\"@type\":\"ReadAction\",\"target\":[\"http:\/\/www.ockendenmaternityreview.org.uk\/pl\/dla-ojcow\/\"]}]},{\"@type\":\"BreadcrumbList\",\"@id\":\"http:\/\/www.ockendenmaternityreview.org.uk\/pl\/dla-ojcow\/#breadcrumb\",\"itemListElement\":[{\"@type\":\"ListItem\",\"position\":1,\"name\":\"Home\",\"item\":\"https:\/\/www.ockendenmaternityreview.org.uk\/pl\/\"},{\"@type\":\"ListItem\",\"position\":2,\"name\":\"Dla ojc\u00f3w\"}]},{\"@type\":\"WebSite\",\"@id\":\"https:\/\/www.ockendenmaternityreview.org.uk\/fa\/#website\",\"url\":\"https:\/\/www.ockendenmaternityreview.org.uk\/fa\/\",\"name\":\"Ockenden Review\",\"description\":\"\",\"potentialAction\":[{\"@type\":\"SearchAction\",\"target\":{\"@type\":\"EntryPoint\",\"urlTemplate\":\"https:\/\/www.ockendenmaternityreview.org.uk\/fa\/?s={search_term_string}\"},\"query-input\":{\"@type\":\"PropertyValueSpecification\",\"valueRequired\":true,\"valueName\":\"search_term_string\"}}],\"inLanguage\":\"pl-PL\"}]}<\/script>\n<!-- \/ Yoast SEO plugin. -->","yoast_head_json":{"title":"Dla ojc\u00f3w - Ockenden Review","robots":{"index":"index","follow":"follow","max-snippet":"max-snippet:-1","max-image-preview":"max-image-preview:large","max-video-preview":"max-video-preview:-1"},"canonical":"http:\/\/www.ockendenmaternityreview.org.uk\/pl\/dla-ojcow\/","og_locale":"pl_PL","og_type":"article","og_title":"Dla ojc\u00f3w - Ockenden Review","og_description":"Po \u015bmierci dziecka wi\u0119kszo\u015b\u0107 wsparcia mo\u017ce koncentrowa\u0107 si\u0119 na matce lub rodzicu biologicznym, ale oczywi\u015bcie ojcowie i partnerzy maj\u0105 r\u00f3wnie\u017c wa\u017cn\u0105 relacj\u0119 z dzieckiem lub ma\u0142ym dzieckiem, kt\u00f3re zmar\u0142o, wi\u0119c r\u00f3wnie\u017c b\u0119dzie w \u017ca\u0142obie. Informacje i wsparcie s\u0105 dost\u0119pne na wiele r\u00f3\u017cnych sposob\u00f3w, z kt\u00f3rych niekt\u00f3re s\u0105 wymienione poni\u017cej.","og_url":"http:\/\/www.ockendenmaternityreview.org.uk\/pl\/dla-ojcow\/","og_site_name":"Ockenden Review","article_publisher":"https:\/\/www.facebook.com\/ockendenmaternityreview?mibextid=wwXIfr","article_modified_time":"2026-03-24T14:08:31+00:00","twitter_card":"summary_large_image","twitter_site":"@ockreview","schema":{"@context":"https:\/\/schema.org","@graph":[{"@type":"WebPage","@id":"http:\/\/www.ockendenmaternityreview.org.uk\/pl\/dla-ojcow\/","url":"http:\/\/www.ockendenmaternityreview.org.uk\/pl\/dla-ojcow\/","name":"Dla ojc\u00f3w - Ockenden Review","isPartOf":{"@id":"https:\/\/www.ockendenmaternityreview.org.uk\/fa\/#website"},"datePublished":"2026-01-08T16:36:41+00:00","dateModified":"2026-03-24T14:08:31+00:00","breadcrumb":{"@id":"http:\/\/www.ockendenmaternityreview.org.uk\/pl\/dla-ojcow\/#breadcrumb"},"inLanguage":"pl-PL","potentialAction":[{"@type":"ReadAction","target":["http:\/\/www.ockendenmaternityreview.org.uk\/pl\/dla-ojcow\/"]}]},{"@type":"BreadcrumbList","@id":"http:\/\/www.ockendenmaternityreview.org.uk\/pl\/dla-ojcow\/#breadcrumb","itemListElement":[{"@type":"ListItem","position":1,"name":"Home","item":"https:\/\/www.ockendenmaternityreview.org.uk\/pl\/"},{"@type":"ListItem","position":2,"name":"Dla ojc\u00f3w"}]},{"@type":"WebSite","@id":"https:\/\/www.ockendenmaternityreview.org.uk\/fa\/#website","url":"https:\/\/www.ockendenmaternityreview.org.uk\/fa\/","name":"Ockenden Review","description":"","potentialAction":[{"@type":"SearchAction","target":{"@type":"EntryPoint","urlTemplate":"https:\/\/www.ockendenmaternityreview.org.uk\/fa\/?s={search_term_string}"},"query-input":{"@type":"PropertyValueSpecification","valueRequired":true,"valueName":"search_term_string"}}],"inLanguage":"pl-PL"}]}},"_links":{"self":[{"href":"https:\/\/www.ockendenmaternityreview.org.uk\/pl\/wp-json\/wp\/v2\/pages\/11107","targetHints":{"allow":["GET"]}}],"collection":[{"href":"https:\/\/www.ockendenmaternityreview.org.uk\/pl\/wp-json\/wp\/v2\/pages"}],"about":[{"href":"https:\/\/www.ockendenmaternityreview.org.uk\/pl\/wp-json\/wp\/v2\/types\/page"}],"author":[{"embeddable":true,"href":"https:\/\/www.ockendenmaternityreview.org.uk\/pl\/wp-json\/wp\/v2\/users\/1"}],"replies":[{"embeddable":true,"href":"https:\/\/www.ockendenmaternityreview.org.uk\/pl\/wp-json\/wp\/v2\/comments?post=11107"}],"version-history":[{"count":0,"href":"https:\/\/www.ockendenmaternityreview.org.uk\/pl\/wp-json\/wp\/v2\/pages\/11107\/revisions"}],"wp:attachment":[{"href":"https:\/\/www.ockendenmaternityreview.org.uk\/pl\/wp-json\/wp\/v2\/media?parent=11107"}],"curies":[{"name":"wp","href":"https:\/\/api.w.org\/{rel}","templated":true}]}}