{"id":11112,"date":"2026-01-08T16:37:27","date_gmt":"2026-01-08T16:37:27","guid":{"rendered":"https:\/\/ockendenmatdev.wpenginepowered.com\/organizacje-charytatywne-zajmujace-sie-sepsa\/"},"modified":"2026-01-08T16:37:27","modified_gmt":"2026-01-08T16:37:27","slug":"organizacje-charytatywne-zajmujace-sie-sepsa","status":"publish","type":"page","link":"https:\/\/www.ockendenmaternityreview.org.uk\/pl\/organizacje-charytatywne-zajmujace-sie-sepsa\/","title":{"rendered":"Organizacje charytatywne zajmuj\u0105ce si\u0119 seps\u0105"},"content":{"rendered":"","protected":false},"excerpt":{"rendered":"","protected":false},"author":1,"featured_media":0,"parent":0,"menu_order":0,"comment_status":"closed","ping_status":"closed","template":"page-support-groups.blade.php","meta":{"_acf_changed":false,"footnotes":""},"class_list":["post-11112","page","type-page","status-publish","hentry"],"acf":[],"yoast_head":"<!-- This site is optimized with the Yoast SEO plugin v27.2 - https:\/\/yoast.com\/product\/yoast-seo-wordpress\/ -->\n<title>Organizacje charytatywne zajmuj\u0105ce si\u0119 seps\u0105 - Ockenden Review<\/title>\n<meta name=\"robots\" content=\"index, follow, max-snippet:-1, max-image-preview:large, max-video-preview:-1\" \/>\n<link rel=\"canonical\" href=\"https:\/\/www.ockendenmaternityreview.org.uk\/support-sepsis-charities\/\" \/>\n<meta property=\"og:locale\" content=\"pl_PL\" \/>\n<meta property=\"og:type\" content=\"article\" \/>\n<meta property=\"og:title\" content=\"Organizacje charytatywne zajmuj\u0105ce si\u0119 seps\u0105 - Ockenden Review\" \/>\n<meta property=\"og:url\" content=\"https:\/\/www.ockendenmaternityreview.org.uk\/support-sepsis-charities\/\" \/>\n<meta property=\"og:site_name\" content=\"Ockenden Review\" \/>\n<meta property=\"article:publisher\" content=\"https:\/\/www.facebook.com\/ockendenmaternityreview?mibextid=wwXIfr\" \/>\n<meta name=\"twitter:card\" content=\"summary_large_image\" \/>\n<meta name=\"twitter:site\" content=\"@ockreview\" \/>\n<script type=\"application\/ld+json\" class=\"yoast-schema-graph\">{\"@context\":\"https:\/\/schema.org\",\"@graph\":[{\"@type\":\"WebPage\",\"@id\":\"https:\/\/www.ockendenmaternityreview.org.uk\/support-sepsis-charities\/\",\"url\":\"https:\/\/www.ockendenmaternityreview.org.uk\/support-sepsis-charities\/\",\"name\":\"Organizacje charytatywne zajmuj\u0105ce si\u0119 seps\u0105 - Ockenden Review\",\"isPartOf\":{\"@id\":\"http:\/\/www.ockendenmaternityreview.org.uk\/zh-hant\/#website\"},\"datePublished\":\"2026-01-08T16:37:27+00:00\",\"breadcrumb\":{\"@id\":\"https:\/\/www.ockendenmaternityreview.org.uk\/support-sepsis-charities\/#breadcrumb\"},\"inLanguage\":\"pl-PL\",\"potentialAction\":[{\"@type\":\"ReadAction\",\"target\":[\"https:\/\/www.ockendenmaternityreview.org.uk\/support-sepsis-charities\/\"]}]},{\"@type\":\"BreadcrumbList\",\"@id\":\"https:\/\/www.ockendenmaternityreview.org.uk\/support-sepsis-charities\/#breadcrumb\",\"itemListElement\":[{\"@type\":\"ListItem\",\"position\":1,\"name\":\"Home\",\"item\":\"https:\/\/www.ockendenmaternityreview.org.uk\/pl\/\"},{\"@type\":\"ListItem\",\"position\":2,\"name\":\"Organizacje charytatywne zajmuj\u0105ce si\u0119 seps\u0105\"}]},{\"@type\":\"WebSite\",\"@id\":\"http:\/\/www.ockendenmaternityreview.org.uk\/zh-hant\/#website\",\"url\":\"http:\/\/www.ockendenmaternityreview.org.uk\/zh-hant\/\",\"name\":\"Ockenden Review\",\"description\":\"\",\"potentialAction\":[{\"@type\":\"SearchAction\",\"target\":{\"@type\":\"EntryPoint\",\"urlTemplate\":\"http:\/\/www.ockendenmaternityreview.org.uk\/zh-hant\/?s={search_term_string}\"},\"query-input\":{\"@type\":\"PropertyValueSpecification\",\"valueRequired\":true,\"valueName\":\"search_term_string\"}}],\"inLanguage\":\"pl-PL\"}]}<\/script>\n<!-- \/ Yoast SEO plugin. -->","yoast_head_json":{"title":"Organizacje charytatywne zajmuj\u0105ce si\u0119 seps\u0105 - Ockenden Review","robots":{"index":"index","follow":"follow","max-snippet":"max-snippet:-1","max-image-preview":"max-image-preview:large","max-video-preview":"max-video-preview:-1"},"canonical":"https:\/\/www.ockendenmaternityreview.org.uk\/support-sepsis-charities\/","og_locale":"pl_PL","og_type":"article","og_title":"Organizacje charytatywne zajmuj\u0105ce si\u0119 seps\u0105 - Ockenden Review","og_url":"https:\/\/www.ockendenmaternityreview.org.uk\/support-sepsis-charities\/","og_site_name":"Ockenden Review","article_publisher":"https:\/\/www.facebook.com\/ockendenmaternityreview?mibextid=wwXIfr","twitter_card":"summary_large_image","twitter_site":"@ockreview","schema":{"@context":"https:\/\/schema.org","@graph":[{"@type":"WebPage","@id":"https:\/\/www.ockendenmaternityreview.org.uk\/support-sepsis-charities\/","url":"https:\/\/www.ockendenmaternityreview.org.uk\/support-sepsis-charities\/","name":"Organizacje charytatywne zajmuj\u0105ce si\u0119 seps\u0105 - Ockenden Review","isPartOf":{"@id":"http:\/\/www.ockendenmaternityreview.org.uk\/zh-hant\/#website"},"datePublished":"2026-01-08T16:37:27+00:00","breadcrumb":{"@id":"https:\/\/www.ockendenmaternityreview.org.uk\/support-sepsis-charities\/#breadcrumb"},"inLanguage":"pl-PL","potentialAction":[{"@type":"ReadAction","target":["https:\/\/www.ockendenmaternityreview.org.uk\/support-sepsis-charities\/"]}]},{"@type":"BreadcrumbList","@id":"https:\/\/www.ockendenmaternityreview.org.uk\/support-sepsis-charities\/#breadcrumb","itemListElement":[{"@type":"ListItem","position":1,"name":"Home","item":"https:\/\/www.ockendenmaternityreview.org.uk\/pl\/"},{"@type":"ListItem","position":2,"name":"Organizacje charytatywne zajmuj\u0105ce si\u0119 seps\u0105"}]},{"@type":"WebSite","@id":"http:\/\/www.ockendenmaternityreview.org.uk\/zh-hant\/#website","url":"http:\/\/www.ockendenmaternityreview.org.uk\/zh-hant\/","name":"Ockenden Review","description":"","potentialAction":[{"@type":"SearchAction","target":{"@type":"EntryPoint","urlTemplate":"http:\/\/www.ockendenmaternityreview.org.uk\/zh-hant\/?s={search_term_string}"},"query-input":{"@type":"PropertyValueSpecification","valueRequired":true,"valueName":"search_term_string"}}],"inLanguage":"pl-PL"}]}},"_links":{"self":[{"href":"https:\/\/www.ockendenmaternityreview.org.uk\/pl\/wp-json\/wp\/v2\/pages\/11112","targetHints":{"allow":["GET"]}}],"collection":[{"href":"https:\/\/www.ockendenmaternityreview.org.uk\/pl\/wp-json\/wp\/v2\/pages"}],"about":[{"href":"https:\/\/www.ockendenmaternityreview.org.uk\/pl\/wp-json\/wp\/v2\/types\/page"}],"author":[{"embeddable":true,"href":"https:\/\/www.ockendenmaternityreview.org.uk\/pl\/wp-json\/wp\/v2\/users\/1"}],"replies":[{"embeddable":true,"href":"https:\/\/www.ockendenmaternityreview.org.uk\/pl\/wp-json\/wp\/v2\/comments?post=11112"}],"version-history":[{"count":0,"href":"https:\/\/www.ockendenmaternityreview.org.uk\/pl\/wp-json\/wp\/v2\/pages\/11112\/revisions"}],"wp:attachment":[{"href":"https:\/\/www.ockendenmaternityreview.org.uk\/pl\/wp-json\/wp\/v2\/media?parent=11112"}],"curies":[{"name":"wp","href":"https:\/\/api.w.org\/{rel}","templated":true}]}}