{"id":11135,"date":"2026-03-13T12:52:13","date_gmt":"2026-03-13T12:52:13","guid":{"rendered":"https:\/\/ockendenmatdev.wpenginepowered.com\/anonsy\/"},"modified":"2026-03-24T14:08:36","modified_gmt":"2026-03-24T14:08:36","slug":"anonsy","status":"publish","type":"page","link":"https:\/\/www.ockendenmaternityreview.org.uk\/pl\/anonsy\/","title":{"rendered":"Anonsy"},"content":{"rendered":"\n<div class=\"wp-block-query is-layout-flow wp-block-query-is-layout-flow\"><ul class=\"wp-block-post-template is-layout-flow wp-block-post-template-is-layout-flow\"><li class=\"wp-block-post post-10618 post type-post status-publish format-standard hentry category-ogloszenia-sath\">\n<h2 class=\"wp-block-post-title\">Aktualizacja dotycz\u0105ca Shrewsbury and Telford Hospitals NHS Trust<\/h2>\n\n<div class=\"wp-block-post-date\"><time datetime=\"2023-06-13T12:47:00+00:00\">2023-06-13<\/time><\/div>\n\n<div class=\"entry-content wp-block-post-content is-layout-flow wp-block-post-content-is-layout-flow\">\n<p>Nasze prace nad ocen\u0105 opieki po\u0142o\u017cniczej \u015bwiadczonej przez Shrewsbury and Telford Hospital NHS Trust zako\u0144czy\u0142y si\u0119 publikacj\u0105 naszego raportu w marcu 2022 r. (dost\u0119pnego pod adresem: <a href=\"https:\/\/www.gov.uk\/government\/publications\/final-report-of-the-ockenden-review\">https:\/\/www.gov.uk\/government\/publications\/final-report-of-the-ockenden-review)<\/a>.<\/p>\n\n<p>Od czerwca 2024 r. tworzymy po\u0142\u0105czenia mi\u0119dzy Trustem a rodzinami dotkni\u0119tymi \u015bwiadczon\u0105 przez Trust opiek\u0105 po\u0142o\u017cnicz\u0105. Ma to na celu pom\u00f3c Trustowi we wdro\u017ceniu natychmiastowych i niezb\u0119dnych dzia\u0142a\u0144 (IEA) oraz lokalnych dzia\u0142a\u0144 edukacyjnych (LAFL) zawartych w naszym raporcie. Je\u015bli chcesz dowiedzie\u0107 si\u0119 wi\u0119cej na ten temat lub jeste\u015b zainteresowany zaanga\u017cowaniem si\u0119, napisz do nas na adres <a href=\"mailto:maternityreview@donnaockenden.com\">maternityreview@donnaockenden.com.<\/a>  <\/p>\n\n<p>Zdajemy sobie spraw\u0119, \u017ce wiele rodzin mo\u017ce czu\u0107, \u017ce nie chce by\u0107 zaanga\u017cowanych, co jest oczywi\u015bcie w porz\u0105dku. Je\u015bli chcesz by\u0107 zaanga\u017cowany, mo\u017cesz mie\u0107 tak ma\u0142o lub tak du\u017co zaanga\u017cowania, jak chcesz. Mo\u017ce to obejmowa\u0107 okazjonalne spotkania z Donn\u0105 Ockenden i zespo\u0142em Trustu oraz przekazywanie Trustowi informacji zwrotnych z perspektywy rodziny. Donna prawdopodobnie b\u0119dzie w Shrewsbury na pocz\u0105tku sierpnia 2024 roku.   <\/p>\n<\/div>\n<\/li><li class=\"wp-block-post post-10543 post type-post status-publish format-standard hentry category-ogloszenia-sath\">\n<h2 class=\"wp-block-post-title\">Wiadomo\u015b\u0107 od Donny Ockenden \u2013 przewodnicz\u0105cej niezale\u017cnego przegl\u0105du macierzy\u0144stwa<\/h2>\n\n<div class=\"wp-block-post-date\"><time datetime=\"2022-03-30T12:56:00+00:00\">2022-03-30<\/time><\/div>\n\n<div class=\"entry-content wp-block-post-content is-layout-flow wp-block-post-content-is-layout-flow\">\n<p><strong>Wiadomo\u015b\u0107 od Donny Ockenden \u2013 przewodnicz\u0105cej niezale\u017cnego przegl\u0105du macierzy\u0144stwa<\/strong><\/p>\n\n<p>Shrewsbury and Telford Maternity Review zako\u0144czy\u0142 i opublikowa\u0142 sw\u00f3j raport ko\u0144cowy. Przewodnicz\u0105ca Donna Ockenden i jej zesp\u00f3\u0142 dzi\u0119kuj\u0105 wszystkim rodzinom i interesariuszom za wsp\u00f3\u0142prac\u0119, wsparcie i pomoc.<\/p>\n\n<p>Po zako\u0144czeniu przegl\u0105du zesp\u00f3\u0142 ds. oceny macierzy\u0144stwa nie b\u0119dzie w stanie zaj\u0105\u0107 si\u0119 \u017cadn\u0105 dalsz\u0105 komunikacj\u0105 i zapytaniami. Jeste\u015bmy teraz ca\u0142kowicie skoncentrowani na przekazywaniu informacji zwrotnych naszym rodzinom, kt\u00f3re s\u0105 ju\u017c obj\u0119te przegl\u0105dem. Zapraszamy do zapoznania si\u0119 z Raportem Ko\u0144cowym, do kt\u00f3rego link mo\u017cna znale\u017a\u0107 <a href=\"https:\/\/www.ockendenmaternityreview.org.uk\/wp-content\/uploads\/2022\/03\/FINAL_INDEPENDENT_MATERNITY_REVIEW_OF_MATERNITY_SERVICES_REPORT.pdf\">tutaj<\/a>, je\u015bli chc\u0105 Pa\u0144stwo dowiedzie\u0107 si\u0119 wi\u0119cej o wnioskach z przegl\u0105du.<\/p>\n\n<p>Je\u015bli jeste\u015b pacjentem lub cz\u0142onkiem rodziny pacjenta i masz nowe zapytanie dotycz\u0105ce Shrewsbury and Telford Hospital NHS Trust, zach\u0119camy do skierowania ich do <a href=\"mailto:sath.maternitycare@nhs.net\">sath.maternitycare@nhs.net<\/a>. Alternatywnie, je\u015bli chcesz z\u0142o\u017cy\u0107 skarg\u0119 dotycz\u0105c\u0105 opieki, zapoznaj si\u0119 z <a href=\"https:\/\/www.nhs.uk\/using-the-nhs\/about-the-nhs\/how-to-complain-to-the-nhs\">https:\/\/www.nhs.uk\/using-the-nhs\/about-the-nhs\/how-to-complain-to-the-nhs<\/a><\/p>\n\n<p>Je\u015bli masz pytania lub w\u0105tpliwo\u015bci dotycz\u0105ce innych trust\u00f3w lub us\u0142ug NHS, skontaktuj si\u0119 z Biurem Dyrektora Naczelnego lub dzia\u0142em PALS we w\u0142a\u015bciwym Trust.<\/p>\n\n<p>Niestety nie jeste\u015bmy w stanie odpowiedzie\u0107 na pytania ani zaj\u0105\u0107 si\u0119 w\u0105tpliwo\u015bciami poza pierwotnym zakresem uprawnie\u0144 naszego przegl\u0105du macierzy\u0144stwa. Teraz mo\u017cemy odpowiada\u0107 tylko na e-maile i inne wiadomo\u015bci od naszej grupy rodzin, kt\u00f3re s\u0105 ju\u017c cz\u0119\u015bci\u0105 tego przegl\u0105du.  <\/p>\n\n<p>Z podzi\u0119kowaniami i najlepszymi \u017cyczeniami<br\/>Donna Ockenden<\/p>\n<\/div>\n<\/li><li class=\"wp-block-post post-10537 post type-post status-publish format-standard hentry category-ogloszenia-sath category-sath\">\n<h2 class=\"wp-block-post-title\">Publikacja niezale\u017cnego przegl\u0105du us\u0142ug po\u0142o\u017cniczych w Shrewsbury and Telford Hospital NHS Trust<\/h2>\n\n<div class=\"wp-block-post-date\"><time datetime=\"2022-03-30T10:21:00+00:00\">2022-03-30<\/time><\/div>\n\n<div class=\"entry-content wp-block-post-content is-layout-flow wp-block-post-content-is-layout-flow\">\n<p>Dzisiaj, w \u015brod\u0119 30 marca 2022 r., Zostanie opublikowany nasz raport ko\u0144cowy z niezale\u017cnego przegl\u0105du us\u0142ug po\u0142o\u017cniczych w Shrewsbury and Telford Hospital NHS Trust. Nasz niezale\u017cny, wieloprofesjonalny zesp\u00f3\u0142 po\u0142o\u017cnych i lekarzy, w tym po\u0142o\u017cnik\u00f3w, neonatolog\u00f3w, anestezjolog\u00f3w po\u0142o\u017cniczych, lekarza, kardiologa, neurologa i innych, zbada\u0142 opiek\u0119 po\u0142o\u017cnicz\u0105 i leczenie zapewnione 1 486 rodzinom w ci\u0105gu dw\u00f3ch dekad w Trust.<\/p>\n\n<p>W raporcie wskazano ponad 60 lokalnych dzia\u0142a\u0144 na rzecz uczenia si\u0119 dla Trustu oraz kolejne 15 kluczowych natychmiastowych i niezb\u0119dnych dzia\u0142a\u0144 maj\u0105cych na celu popraw\u0119 wszystkich us\u0142ug po\u0142o\u017cniczych w Anglii, w tym finansowanie bezpiecznej i zr\u00f3wnowa\u017conej si\u0142y roboczej w zakresie macierzy\u0144stwa i noworodk\u00f3w oraz zapewnienie szkole\u0144 dla ca\u0142ego zespo\u0142u po\u0142o\u017cniczego spe\u0142niaj\u0105cego potrzeby dzisiejszych us\u0142ug po\u0142o\u017cniczych. O\u015bwiadczamy, \u017ce zarz\u0105dy zaufania musz\u0105 mie\u0107 nadz\u00f3r i zrozumienie swoich us\u0142ug po\u0142o\u017cniczych. Rady powiernicze musz\u0105 zapewni\u0107, \u017ce s\u0142uchaj\u0105 i s\u0142ysz\u0105 lokalne rodziny i w\u0142asnych pracownik\u00f3w.  <\/p>\n\n<p><strong><a href=\"https:\/\/ockendenmaternityreview.org.uk\/wp-content\/uploads\/2022\/03\/FINAL_INDEPENDENT_MATERNITY_REVIEW_OF_MATERNITY_SERVICES_REPORT.pdf\">Przeczytaj raport ko\u0144cowy<\/a> | <a href=\"https:\/\/ockendenmaternityreview.org.uk\/wp-content\/uploads\/2022\/03\/FINAL_PRESS_RELEASE_INDEPENDENT_MATERNITY_REVIEW_OF_MATERNITY_SERVICES_REPORT.pdf\">Przeczytaj komunikat prasowy<\/a><\/strong><\/p>\n\n<figure class=\"wp-block-embed is-type-video is-provider-youtube wp-block-embed-youtube wp-embed-aspect-16-9 wp-has-aspect-ratio\"><div class=\"wp-block-embed__wrapper\">\n<iframe loading=\"lazy\" title=\"Ockenden Maternity Review - Findings, Conclusions and Essential Actions\" width=\"500\" height=\"281\" src=\"https:\/\/www.youtube.com\/embed\/mX8H8cRL-jI?feature=oembed\" frameborder=\"0\" allow=\"accelerometer; autoplay; clipboard-write; encrypted-media; gyroscope; picture-in-picture; web-share\" referrerpolicy=\"strict-origin-when-cross-origin\" allowfullscreen><\/iframe>\n<\/div><\/figure>\n<\/div>\n<\/li><li class=\"wp-block-post post-10530 post type-post status-publish format-standard hentry category-ogloszenia-sath\">\n<h2 class=\"wp-block-post-title\">Covid: Wzrost zaka\u017ce\u0144 w Wielkiej Brytanii nap\u0119dzany przez BA.2 Wariant Omicron<\/h2>\n\n<div class=\"wp-block-post-date\"><time datetime=\"2022-03-19T13:03:00+00:00\">2022-03-19<\/time><\/div>\n\n<div class=\"entry-content wp-block-post-content is-layout-flow wp-block-post-content-is-layout-flow\">\n<p><strong>Covid: Wzrost zaka\u017ce\u0144 w Wielkiej Brytanii nap\u0119dzany przez BA.2 Wariant Omicron<\/strong><\/p>\n\n<p>Liczba przypadk\u00f3w Covid nadal ro\u015bnie w Wielkiej Brytanii, a szacuje si\u0119, \u017ce jedna na 20 os\u00f3b jest zara\u017cona, sugeruj\u0105 dane z Office for National Statistic. Dotyczy to wszystkich grup wiekowych, w tym os\u00f3b w wieku 75 lat i starszych, kt\u00f3rym nale\u017cy si\u0119 spr\u0119\u017cynowy zastrzyk przypominaj\u0105cy w celu uzupe\u0142nienia ochrony.<\/p>\n<\/div>\n<\/li><li class=\"wp-block-post post-10517 post type-post status-publish format-standard hentry category-ogloszenia-sath\">\n<h2 class=\"wp-block-post-title\">Najnowsze osi\u0105gni\u0119cia i cele podstawowej opieki zdrowotnej w zakresie raka jajnika<\/h2>\n\n<div class=\"wp-block-post-date\"><time datetime=\"2022-03-18T13:03:00+00:00\">2022-03-18<\/time><\/div>\n\n\n<\/li><li class=\"wp-block-post post-10496 post type-post status-publish format-standard hentry category-ogloszenia-sath\">\n<h2 class=\"wp-block-post-title\">Zestawy porodowe pojad\u0105 na Ukrain\u0119, aby pom\u00f3c ci\u0119\u017carnym matkom<\/h2>\n\n<div class=\"wp-block-post-date\"><time datetime=\"2022-03-16T13:03:00+00:00\">2022-03-16<\/time><\/div>\n\n<div class=\"entry-content wp-block-post-content is-layout-flow wp-block-post-content-is-layout-flow\">\n<p><strong>Zestawy porodowe pojad\u0105 na Ukrain\u0119, aby pom\u00f3c ci\u0119\u017carnym matkom<\/strong><\/p>\n\n<p>Na Ukrain\u0119 maj\u0105 zosta\u0107 wys\u0142ane zestawy medyczne pomagaj\u0105ce po\u0142o\u017cnym w utrzymaniu matek rodz\u0105cych. 30 toreb zosta\u0142o zebranych przez organizacj\u0119 charytatywn\u0105 Baby Lifeline, kosztuje oko\u0142o 1000 funt\u00f3w ka\u017cda i zostanie wys\u0142anych w ci\u0105gu najbli\u017cszych kilku dni przez Polsk\u0119.<\/p>\n<\/div>\n<\/li><li class=\"wp-block-post post-10490 post type-post status-publish format-standard hentry category-ogloszenia-sath\">\n<h2 class=\"wp-block-post-title\">Dziecko zmar\u0142o po tym, jak matka udzieli\u0142a &#8222;niew\u0142a\u015bciwej porady&#8221; podczas rozmowy telefonicznej ze szpitalem w Stoke-on-Trent<\/h2>\n\n<div class=\"wp-block-post-date\"><time datetime=\"2022-03-15T13:02:00+00:00\">2022-03-15<\/time><\/div>\n\n<div class=\"entry-content wp-block-post-content is-layout-flow wp-block-post-content-is-layout-flow\">\n<p><strong>Dziecko zmar\u0142o po tym, jak matka udzieli\u0142a &#8222;niew\u0142a\u015bciwej porady&#8221; podczas rozmowy telefonicznej ze szpitalem w Stoke-on-Trent<\/strong><\/p>\n\n<p>Sze\u015bciomiesi\u0119czne dziecko zmar\u0142o po tym, jak matka otrzyma\u0142a niew\u0142a\u015bciw\u0105 porad\u0119, ujawni\u0142y dokumenty zarz\u0105du szpitala. Matka zadzwoni\u0142a do jednostki oceny po\u0142o\u017cniczej w Royal Stoke University Hospital z pro\u015bb\u0105 o porad\u0119 medyczn\u0105.<\/p>\n<\/div>\n<\/li><li class=\"wp-block-post post-10479 post type-post status-publish format-standard hentry category-ogloszenia-sath\">\n<h2 class=\"wp-block-post-title\">Walijski przyw\u00f3dca wzywa Donn\u0119 Ockenden do zbadania sprawy<\/h2>\n\n<div class=\"wp-block-post-date\"><time datetime=\"2022-03-15T13:02:00+00:00\">2022-03-15<\/time><\/div>\n\n<div class=\"entry-content wp-block-post-content is-layout-flow wp-block-post-content-is-layout-flow\">\n<p><strong>Walijski przyw\u00f3dca wzywa Donn\u0119 Ockenden do zbadania sprawy<\/strong><\/p>\n\n<p>Rodziny s\u0105 winne przeprosiny od rady zdrowia Betsi Cadwaladr i rz\u0105du walijskiego. Andrew RT Davies, lider walijskich konserwatyst\u00f3w w Senacie, odnosi si\u0119 do faktu, \u017ce \u015bmier\u0107 dw\u00f3ch pacjent\u00f3w wywo\u0142a\u0142a obci\u0105\u017caj\u0105ce doniesienia o b\u0142\u0119dach us\u0142ug zdrowia psychicznego w p\u00f3\u0142nocnej Walii.<\/p>\n<\/div>\n<\/li><li class=\"wp-block-post post-10464 post type-post status-publish format-standard hentry category-ogloszenia-sath\">\n<h2 class=\"wp-block-post-title\">Zgony dzieci w Shropshire: Nowa data publikacji raportu Ockenden<\/h2>\n\n<div class=\"wp-block-post-date\"><time datetime=\"2022-03-11T13:02:00+00:00\">2022-03-11<\/time><\/div>\n\n\n<\/li><li class=\"wp-block-post post-10436 post type-post status-publish format-standard hentry category-ogloszenia-sath\">\n<h2 class=\"wp-block-post-title\">Szczepienia Covid \u2013 znane i nieznane<\/h2>\n\n<div class=\"wp-block-post-date\"><time datetime=\"2022-03-11T13:01:00+00:00\">2022-03-11<\/time><\/div>\n\n<div class=\"entry-content wp-block-post-content is-layout-flow wp-block-post-content-is-layout-flow\">\n<p><strong>Szczepienia Covid \u2013 znane i nieznane<\/strong><\/p>\n\n<p>Wiele czynnik\u00f3w wp\u0142ywa na decyzje dotycz\u0105ce stosowania szczepionek, w tym wiele &#8222;niewiadomych&#8221;, a to rodzi pytania o m\u0105dro\u015b\u0107 kierowania do m\u0142odych ludzi i zalecania wzmacniaczy dla wszystkich, wyja\u015bnia Allyson Pollock, profesor kliniczny zdrowia publicznego, Newcastle University.<\/p>\n<\/div>\n<\/li><\/ul>\n\n<nav class=\"wp-block-query-pagination is-layout-flex wp-block-query-pagination-is-layout-flex\" aria-label=\"Stronicowanie\">\n\n\n<div class=\"wp-block-query-pagination-numbers\"><span aria-current=\"page\" class=\"page-numbers current\">1<\/span>\n<a class=\"page-numbers\" href=\"?query-0-page=2\">2<\/a>\n<a class=\"page-numbers\" href=\"?query-0-page=3\">3<\/a>\n<span class=\"page-numbers dots\">&hellip;<\/span>\n<a class=\"page-numbers\" href=\"?query-0-page=8\">8<\/a><\/div>\n\n<a href=\"\/pl\/wp-json\/wp\/v2\/pages\/11135?query-0-page=2\" class=\"wp-block-query-pagination-next\">Nast\u0119pna strona<\/a>\n<\/nav>\n\n<\/div>\n","protected":false},"excerpt":{"rendered":"","protected":false},"author":1,"featured_media":0,"parent":0,"menu_order":0,"comment_status":"closed","ping_status":"closed","template":"page-narrow.blade.php","meta":{"_acf_changed":false,"footnotes":""},"class_list":["post-11135","page","type-page","status-publish","hentry"],"acf":[],"yoast_head":"<!-- This site is optimized with the Yoast SEO plugin v27.2 - https:\/\/yoast.com\/product\/yoast-seo-wordpress\/ -->\n<title>Anonsy - Ockenden Review<\/title>\n<meta name=\"robots\" content=\"index, follow, max-snippet:-1, max-image-preview:large, max-video-preview:-1\" \/>\n<link rel=\"canonical\" href=\"https:\/\/www.ockendenmaternityreview.org.uk\/the-shrewsbury-and-telford-hospital-nhs-trust-announcements\/\" \/>\n<link rel=\"next\" href=\"https:\/\/www.ockendenmaternityreview.org.uk\/the-shrewsbury-and-telford-hospital-nhs-trust-announcements\/11135?query-0-page=2\" \/>\n<meta property=\"og:locale\" content=\"pl_PL\" \/>\n<meta property=\"og:type\" content=\"article\" \/>\n<meta property=\"og:title\" content=\"Anonsy - Ockenden Review\" \/>\n<meta property=\"og:url\" content=\"https:\/\/www.ockendenmaternityreview.org.uk\/the-shrewsbury-and-telford-hospital-nhs-trust-announcements\/\" \/>\n<meta property=\"og:site_name\" content=\"Ockenden Review\" \/>\n<meta property=\"article:publisher\" content=\"https:\/\/www.facebook.com\/ockendenmaternityreview?mibextid=wwXIfr\" \/>\n<meta property=\"article:modified_time\" content=\"2026-03-24T14:08:36+00:00\" \/>\n<meta name=\"twitter:card\" content=\"summary_large_image\" \/>\n<meta name=\"twitter:site\" content=\"@ockreview\" \/>\n<script type=\"application\/ld+json\" class=\"yoast-schema-graph\">{\"@context\":\"https:\/\/schema.org\",\"@graph\":[{\"@type\":\"WebPage\",\"@id\":\"https:\/\/www.ockendenmaternityreview.org.uk\/the-shrewsbury-and-telford-hospital-nhs-trust-announcements\/\",\"url\":\"https:\/\/www.ockendenmaternityreview.org.uk\/the-shrewsbury-and-telford-hospital-nhs-trust-announcements\/\",\"name\":\"Anonsy - Ockenden Review\",\"isPartOf\":{\"@id\":\"https:\/\/www.ockendenmaternityreview.org.uk\/pa\/#website\"},\"datePublished\":\"2026-03-13T12:52:13+00:00\",\"dateModified\":\"2026-03-24T14:08:36+00:00\",\"breadcrumb\":{\"@id\":\"https:\/\/www.ockendenmaternityreview.org.uk\/the-shrewsbury-and-telford-hospital-nhs-trust-announcements\/#breadcrumb\"},\"inLanguage\":\"pl-PL\",\"potentialAction\":[{\"@type\":\"ReadAction\",\"target\":[\"https:\/\/www.ockendenmaternityreview.org.uk\/the-shrewsbury-and-telford-hospital-nhs-trust-announcements\/\"]}]},{\"@type\":\"BreadcrumbList\",\"@id\":\"https:\/\/www.ockendenmaternityreview.org.uk\/the-shrewsbury-and-telford-hospital-nhs-trust-announcements\/#breadcrumb\",\"itemListElement\":[{\"@type\":\"ListItem\",\"position\":1,\"name\":\"Home\",\"item\":\"https:\/\/www.ockendenmaternityreview.org.uk\/pl\/\"},{\"@type\":\"ListItem\",\"position\":2,\"name\":\"Anonsy\"}]},{\"@type\":\"WebSite\",\"@id\":\"https:\/\/www.ockendenmaternityreview.org.uk\/pa\/#website\",\"url\":\"https:\/\/www.ockendenmaternityreview.org.uk\/pa\/\",\"name\":\"Ockenden Review\",\"description\":\"\",\"potentialAction\":[{\"@type\":\"SearchAction\",\"target\":{\"@type\":\"EntryPoint\",\"urlTemplate\":\"https:\/\/www.ockendenmaternityreview.org.uk\/pa\/?s={search_term_string}\"},\"query-input\":{\"@type\":\"PropertyValueSpecification\",\"valueRequired\":true,\"valueName\":\"search_term_string\"}}],\"inLanguage\":\"pl-PL\"}]}<\/script>\n<!-- \/ Yoast SEO plugin. -->","yoast_head_json":{"title":"Anonsy - Ockenden Review","robots":{"index":"index","follow":"follow","max-snippet":"max-snippet:-1","max-image-preview":"max-image-preview:large","max-video-preview":"max-video-preview:-1"},"canonical":"https:\/\/www.ockendenmaternityreview.org.uk\/the-shrewsbury-and-telford-hospital-nhs-trust-announcements\/","next":"https:\/\/www.ockendenmaternityreview.org.uk\/the-shrewsbury-and-telford-hospital-nhs-trust-announcements\/11135?query-0-page=2","og_locale":"pl_PL","og_type":"article","og_title":"Anonsy - Ockenden Review","og_url":"https:\/\/www.ockendenmaternityreview.org.uk\/the-shrewsbury-and-telford-hospital-nhs-trust-announcements\/","og_site_name":"Ockenden Review","article_publisher":"https:\/\/www.facebook.com\/ockendenmaternityreview?mibextid=wwXIfr","article_modified_time":"2026-03-24T14:08:36+00:00","twitter_card":"summary_large_image","twitter_site":"@ockreview","schema":{"@context":"https:\/\/schema.org","@graph":[{"@type":"WebPage","@id":"https:\/\/www.ockendenmaternityreview.org.uk\/the-shrewsbury-and-telford-hospital-nhs-trust-announcements\/","url":"https:\/\/www.ockendenmaternityreview.org.uk\/the-shrewsbury-and-telford-hospital-nhs-trust-announcements\/","name":"Anonsy - Ockenden Review","isPartOf":{"@id":"https:\/\/www.ockendenmaternityreview.org.uk\/pa\/#website"},"datePublished":"2026-03-13T12:52:13+00:00","dateModified":"2026-03-24T14:08:36+00:00","breadcrumb":{"@id":"https:\/\/www.ockendenmaternityreview.org.uk\/the-shrewsbury-and-telford-hospital-nhs-trust-announcements\/#breadcrumb"},"inLanguage":"pl-PL","potentialAction":[{"@type":"ReadAction","target":["https:\/\/www.ockendenmaternityreview.org.uk\/the-shrewsbury-and-telford-hospital-nhs-trust-announcements\/"]}]},{"@type":"BreadcrumbList","@id":"https:\/\/www.ockendenmaternityreview.org.uk\/the-shrewsbury-and-telford-hospital-nhs-trust-announcements\/#breadcrumb","itemListElement":[{"@type":"ListItem","position":1,"name":"Home","item":"https:\/\/www.ockendenmaternityreview.org.uk\/pl\/"},{"@type":"ListItem","position":2,"name":"Anonsy"}]},{"@type":"WebSite","@id":"https:\/\/www.ockendenmaternityreview.org.uk\/pa\/#website","url":"https:\/\/www.ockendenmaternityreview.org.uk\/pa\/","name":"Ockenden Review","description":"","potentialAction":[{"@type":"SearchAction","target":{"@type":"EntryPoint","urlTemplate":"https:\/\/www.ockendenmaternityreview.org.uk\/pa\/?s={search_term_string}"},"query-input":{"@type":"PropertyValueSpecification","valueRequired":true,"valueName":"search_term_string"}}],"inLanguage":"pl-PL"}]}},"_links":{"self":[{"href":"https:\/\/www.ockendenmaternityreview.org.uk\/pl\/wp-json\/wp\/v2\/pages\/11135","targetHints":{"allow":["GET"]}}],"collection":[{"href":"https:\/\/www.ockendenmaternityreview.org.uk\/pl\/wp-json\/wp\/v2\/pages"}],"about":[{"href":"https:\/\/www.ockendenmaternityreview.org.uk\/pl\/wp-json\/wp\/v2\/types\/page"}],"author":[{"embeddable":true,"href":"https:\/\/www.ockendenmaternityreview.org.uk\/pl\/wp-json\/wp\/v2\/users\/1"}],"replies":[{"embeddable":true,"href":"https:\/\/www.ockendenmaternityreview.org.uk\/pl\/wp-json\/wp\/v2\/comments?post=11135"}],"version-history":[{"count":0,"href":"https:\/\/www.ockendenmaternityreview.org.uk\/pl\/wp-json\/wp\/v2\/pages\/11135\/revisions"}],"wp:attachment":[{"href":"https:\/\/www.ockendenmaternityreview.org.uk\/pl\/wp-json\/wp\/v2\/media?parent=11135"}],"curies":[{"name":"wp","href":"https:\/\/api.w.org\/{rel}","templated":true}]}}