{"id":11147,"date":"2026-03-13T13:53:57","date_gmt":"2026-03-13T13:53:57","guid":{"rendered":"https:\/\/ockendenmatdev.wpenginepowered.com\/polityka-dotyczaca-plikow-cookie\/"},"modified":"2026-03-24T14:08:44","modified_gmt":"2026-03-24T14:08:44","slug":"polityka-dotyczaca-plikow-cookie","status":"publish","type":"page","link":"https:\/\/www.ockendenmaternityreview.org.uk\/pl\/polityka-dotyczaca-plikow-cookie\/","title":{"rendered":"Polityka dotycz\u0105ca plik\u00f3w cookie"},"content":{"rendered":"\n<h3 class=\"wp-block-heading\">Czym s\u0105 pliki cookie?<\/h3>\n\n<p>Podobnie jak wi\u0119kszo\u015b\u0107 stron internetowych, u\u017cywamy plik\u00f3w cookie na naszej stronie internetowej (<a href=\"https:\/\/www.ockendenmaternityreview.org.uk\/\">https:\/\/www.ockendenmaternityreview.org.uk\/<\/a>) (&#8222;<strong>Witryna<\/strong>&#8222;), kt\u00f3re mi\u0119dzy innymi pomagaj\u0105 nam poprawi\u0107 jako\u015b\u0107 korzystania z naszej Witryny i zapewni\u0107, \u017ce dzia\u0142a ona zgodnie z oczekiwaniami. Pliki cookie to ma\u0142e pliki danych, kt\u00f3re s\u0105 umieszczane na komputerze lub innych urz\u0105dzeniach, kt\u00f3rych mo\u017cesz u\u017cywa\u0107 do przegl\u0105dania tej Witryny. S\u0142u\u017c\u0105 one do zapami\u0119tywania, kiedy komputer lub urz\u0105dzenie uzyskuje dost\u0119p do naszej Witryny.    <\/p>\n\n<p>Pliki cookie s\u0105 niezb\u0119dne do skutecznego dzia\u0142ania naszej Witryny lub skutecznego \u015bwiadczenia \u017c\u0105danych us\u0142ug. Ponadto pliki cookie pozwalaj\u0105 nam zrozumie\u0107, kto widzia\u0142 kt\u00f3re strony, okre\u015bli\u0107, jak cz\u0119sto odwiedzane s\u0105 poszczeg\u00f3lne strony i okre\u015bli\u0107 najpopularniejsze obszary witryny. Dane nieosobowe, takie jak typ przegl\u0105darki, system operacyjny i nazwy domen, s\u0105 gromadzone podczas korzystania z Witryny przez odwiedzaj\u0105cych, a informacje te mog\u0105 by\u0107 wykorzystywane przez nas do pomiaru liczby odwiedzaj\u0105cych Witryn\u0119 i wydajno\u015bci Witryny.    <\/p>\n\n<p>W zale\u017cno\u015bci od rodzaju plik\u00f3w cookie, kt\u00f3rych u\u017cywamy, pliki cookie pozwalaj\u0105 nam r\u00f3wnie\u017c uczyni\u0107 Stron\u0119 bardziej przyjazn\u0105 dla u\u017cytkownika. Witryna mo\u017ce r\u00f3wnie\u017c wykorzystywa\u0107 pliki cookie, aby upewni\u0107 si\u0119, \u017ce nie widzisz tych samych tre\u015bci wielokrotnie i \/ lub dostarcza\u0107 tre\u015bci dostosowane do Twoich zainteresowa\u0144.   <\/p>\n\n<p>Strony internetowe musz\u0105 uzyska\u0107 zgod\u0119 na wysy\u0142anie plik\u00f3w cookie na komputer lub urz\u0105dzenie mobilne, chyba \u017ce pliki cookie s\u0105 niezb\u0119dne do \u015bwiadczenia us\u0142ug.<\/p>\n\n<p>Mo\u017cesz ustawi\u0107 swoje preferencje dotycz\u0105ce plik\u00f3w cookie po przybyciu na nasz\u0105 stron\u0119 internetow\u0105 lub zmieni\u0107 je w dowolnym momencie, klikaj\u0105c link &#8222;Ustawienia plik\u00f3w cookie&#8221; w prawym dolnym rogu witryny.<\/p>\n\n<p>Mo\u017cesz r\u00f3wnie\u017c ustawi\u0107 swoje preferencje i zablokowa\u0107 niekt\u00f3re rodzaje plik\u00f3w cookie, kt\u00f3re nie s\u0105 konieczne, zmieniaj\u0105c ustawienia przegl\u0105darki. Dowiedz si\u0119, jak to zrobi\u0107 <a href=\"https:\/\/ico.org.uk\/your-data-matters\/online\/cookies\/\">tutaj<\/a> <\/p>\n\n<p>O ile plik cookie nie jest niezb\u0119dnym plikiem cookie, mo\u017cesz wycofa\u0107 swoj\u0105 zgod\u0119 na nasze pliki cookie w dowolnym momencie, nawet je\u015bli wcze\u015bniej wyrazi\u0142e\u015b na to zgod\u0119. Pami\u0119taj jednak, \u017ce je\u015bli nie wyra\u017casz zgody na nasze funkcjonalne pliki cookie, niekt\u00f3re cz\u0119\u015bci naszej strony internetowej mog\u0105 nie dzia\u0142a\u0107. <\/p>\n\n<p>Poni\u017csza tabela wyja\u015bnia, jakich plik\u00f3w cookie u\u017cywamy na naszej stronie internetowej, dlaczego ich u\u017cywamy i czy s\u0105 one niezb\u0119dne, czy te\u017c s\u0105 innego rodzaju plikami cookie, np. &#8222;funkcjonalnymi&#8221; lub &#8222;analitycznymi&#8221; plikami cookie. W tabeli podajemy r\u00f3wnie\u017c, czy plik cookie jest &#8222;trwa\u0142ym&#8221; czy &#8222;sesyjnym&#8221; plikiem cookie. R\u00f3\u017cnica polega na tym, \u017ce:    <\/p>\n\n<ul class=\"wp-block-list\">\n<li>Trwa\u0142e pliki cookie pozostaj\u0105 na urz\u0105dzeniu mi\u0119dzy sesjami przegl\u0105dania. S\u0105 one aktywowane za ka\u017cdym razem, gdy odwiedzasz stron\u0119 internetow\u0105, kt\u00f3ra utworzy\u0142a ten konkretny plik cookie. Na przyk\u0142ad, je\u015bli &#8222;trwa\u0142y plik cookie&#8221; jest u\u017cywany na stronie internetowej do zapami\u0119tywania danych logowania, nie musisz wprowadza\u0107 tych danych za ka\u017cdym razem, gdy odwiedzasz t\u0119 witryn\u0119.    <\/li>\n\n\n\n<li>Sesyjne pliki cookie umo\u017cliwiaj\u0105 operatorom stron internetowych powi\u0105zanie dzia\u0142a\u0144 u\u017cytkownika podczas sesji przegl\u0105darki. Sesja przegl\u0105darki rozpoczyna si\u0119 po otwarciu okna przegl\u0105darki i ko\u0144czy si\u0119 po zamkni\u0119ciu okna przegl\u0105darki. Pliki cookie sesji s\u0105 tworzone tymczasowo. Po zamkni\u0119ciu przegl\u0105darki wszystkie sesyjne pliki cookie s\u0105 usuwane.   <\/li>\n\n\n\n<li>Niekt\u00f3re z wymienionych poni\u017cej plik\u00f3w cookie to pliki ustawiane przez nasz\u0105 Witryn\u0119 podczas odwiedzania &#8211; <a href=\"https:\/\/www.ockendenmaternityreview.org.uk\/\">https:\/\/www.ockendenmaternityreview.org.uk\/<\/a>. Jednak na naszej stronie internetowej mamy r\u00f3wnie\u017c pliki cookie, kt\u00f3re s\u0105 ustawiane przez strony trzecie. Na przyk\u0142ad, aby umo\u017cliwi\u0107 nam odtwarzanie film\u00f3w z YouTube za po\u015brednictwem naszej strony internetowej, YouTube umieszcza pliki cookie na naszej stronie internetowej (aby uzyska\u0107 wi\u0119cej informacji o tym, w jaki spos\u00f3b YouTube wykorzystuje pliki cookie i jakie informacje zbieraj\u0105, odwied\u017a <a href=\"https:\/\/policies.google.com\/technologies\/cookies\">https:\/\/policies.google.com\/technologies\/cookies<\/a>.  <\/li>\n<\/ul>\n\n<h3 class=\"wp-block-heading\">Niezb\u0119dny<\/h3>\n\n<p>Niezb\u0119dne pliki cookie s\u0105 niezb\u0119dne, aby umo\u017cliwi\u0107 Ci otrzymywanie us\u0142ug na stronie internetowej. Na przyk\u0142ad pliki cookie do obs\u0142ugi koszyk\u00f3w zakup\u00f3w online, bankowo\u015bci internetowej lub przestrzegania prawa (np. w celu zapewnienia bezpiecze\u0144stwa informacji). Nie byliby\u015bmy w stanie obs\u0142ugiwa\u0107 naszej strony internetowej bez u\u017cycia &#8222;niezb\u0119dnych&#8221; plik\u00f3w cookie wymienionych poni\u017cej. Te pliki cookie s\u0142u\u017c\u0105 do kierowania u\u017cytkownika do w\u0142a\u015bciwego serwera w celu zr\u00f3wnowa\u017cenia obci\u0105\u017cenia witryny.     <\/p>\n\n<figure class=\"wp-block-table\"><table><tbody><tr><td><strong>Ciasteczko<\/strong><\/td><td><strong>Domena<\/strong><\/td><td><strong><strong>Cel<\/strong><\/strong><\/td><td><strong>Czas trwania<\/strong><\/td><td><strong>Wi\u0119cej informacji<\/strong><\/td><\/tr><tr><td>wpl_user_preference<\/td><td>ockendenmaternityreview.org.uk<\/td><td>Przechowuje preferencje dotycz\u0105ce plik\u00f3w cookie<\/td><td>1 tydzie\u0144<\/td><td>S\u0142u\u017cy do zapami\u0119tywania, na jakie pliki cookie zezwoli\u0142e\u015b\/nie zezwoli\u0142e\u015b<\/td><\/tr><tr><td>wpl_viewed_cookie<\/td><td>ockendenmaternityreview.org.uk<\/td><td>Sklepy, je\u015bli widzia\u0142e\u015b powiadomienie o plikach cookie<\/td><td>1 tydzie\u0144<\/td><td>S\u0142u\u017cy do zapobiegania pojawianiu si\u0119 powiadomienia o plikach cookie przy ka\u017cdym \u0142adowaniu strony<\/td><\/tr><\/tbody><\/table><\/figure>\n\n<h3 class=\"wp-block-heading\">Funkcjonalny<\/h3>\n\n<p>Funkcjonalne pliki cookie umo\u017cliwiaj\u0105 stronie internetowej zapami\u0119tanie wybor\u00f3w dokonanych przez u\u017cytkownika i dostosowanie ustawie\u0144 preferencji. Umo\u017cliwiaj\u0105 r\u00f3wnie\u017c ulepszone, bardziej spersonalizowane funkcje, np. strona internetowa mo\u017ce by\u0107 w stanie dostarczy\u0107 Ci lokalne prognozy pogody lub wiadomo\u015bci o ruchu drogowym za pomoc\u0105 pliku cookie, aby zapami\u0119ta\u0107, w kt\u00f3rym regionie si\u0119 znajdujesz. Informacje gromadzone przez &#8222;funkcjonalne&#8221; pliki cookie mog\u0105, ale nie musz\u0105 by\u0107 anonimizowane, ale nie mog\u0105 \u015bledzi\u0107 aktywno\u015bci przegl\u0105dania na innych stronach internetowych.    <\/p>\n\n<figure class=\"wp-block-table\"><table><tbody><tr><td><strong>Ciasteczko<\/strong><\/td><td><strong>Domena<\/strong><\/td><td><strong>Cel<\/strong><\/td><td><strong>Czas trwania<\/strong><\/td><td><strong>Wi\u0119cej informacji<\/strong><\/td><\/tr><tr><td>wp-wpml_current_language<\/td><td>ockendenmaternityreview.org.uk<\/td><td>Zapisuje bie\u017c\u0105cy j\u0119zyk wy\u015bwietlany na stronie internetowej.<\/td><td>Sesja<\/td><td>Pomaga przet\u0142umaczy\u0107 witryn\u0119 na wiele j\u0119zyk\u00f3w.<\/td><\/tr><\/tbody><\/table><\/figure>\n\n<h3 class=\"wp-block-heading\">Analityczny  <\/h3>\n\n<p>Analityczne pliki cookie zbieraj\u0105 informacje o tym, w jaki spos\u00f3b odwiedzaj\u0105cy korzystaj\u0105 ze strony internetowej, na przyk\u0142ad, kt\u00f3re strony odwiedzaj\u0105 najcz\u0119\u015bciej i czy otrzymuj\u0105 komunikaty o b\u0142\u0119dach ze stron internetowych. Te pliki cookie nie zbieraj\u0105 informacji identyfikuj\u0105cych odwiedzaj\u0105cego. Wszelkie informacje gromadzone przez te pliki cookie s\u0105 anonimowe. U\u017cywamy takich informacji wy\u0142\u0105cznie w celu ulepszenia naszej strony internetowej.     <\/p>\n\n<figure class=\"wp-block-table\"><table><tbody><tr><td><strong>Ciasteczko<\/strong><\/td><td><strong>Domena<\/strong><\/td><td><strong>Cel<\/strong><\/td><td><strong>Czas trwania<\/strong><\/td><\/tr><tr><td>ZGODA<\/td><td>.youtube.com<\/td><td>Te pliki cookie s\u0105 ustawiane za po\u015brednictwem osadzonych film\u00f3w YouTube. Rejestruj\u0105 anonimowe dane statystyczne, na przyk\u0142ad ile razy wideo jest wy\u015bwietlane i jakie ustawienia s\u0105 u\u017cywane do odtwarzania. \u017badne wra\u017cliwe dane nie s\u0105 gromadzone, chyba \u017ce zalogujesz si\u0119 na swoje konto Google, w takim przypadku Twoje wybory s\u0105 powi\u0105zane z Twoim kontem, na przyk\u0142ad je\u015bli klikniesz &#8222;Lubi\u0119 to&#8221; w filmie.  <\/td><td>16 lat 4 mies.<\/td><\/tr><\/tbody><\/table><\/figure>\n\n<h3 class=\"wp-block-heading\">Targetowanie\/reklama  <\/h3>\n\n<figure class=\"wp-block-table\"><table><tbody><tr><td><strong>Ciasteczko<\/strong><\/td><td><strong>Domena<\/strong><\/td><td><strong>Cel<\/strong><\/td><td><strong>Czas trwania<\/strong><\/td><\/tr><tr><td>YSC<\/td><td>.youtube.com<\/td><td>Ten plik cookie jest ustawiany przez YouTube i s\u0142u\u017cy do \u015bledzenia wy\u015bwietle\u0144 osadzonych film\u00f3w<\/td><td>Sesja<\/td><\/tr><tr><td>VISITOR_INFO1_LIVE<\/td><td>.youtube.com<\/td><td>Ten plik cookie jest ustawiany przez YouTube. S\u0142u\u017cy do \u015bledzenia informacji o osadzonych filmach YouTube na stronie internetowej <\/td><td>5 miesi\u0119cy 27 dni<\/td><\/tr><tr><td>VISITOR_PRIVACY_METADATA<\/td><td>.youtube.com<\/td><td>YouTube ustawia ten plik cookie, aby przechowywa\u0107 stan zgody u\u017cytkownika na pliki cookie dla bie\u017c\u0105cej domeny.<\/td><td>6 miesi\u0119cy<\/td><\/tr><tr><td>PREF<\/td><td>.youtube.com<\/td><td>Plik cookie PREF jest ustawiany przez Youtube w celu przechowywania preferencji u\u017cytkownika, takich jak j\u0119zyk, format wynik\u00f3w wyszukiwania i inne dostosowania film\u00f3w YouTube osadzonych w r\u00f3\u017cnych witrynach.<\/td><td>8 miesi\u0119cy<\/td><\/tr><tr><td>IDE<\/td><td>.doubleclick.net<\/td><td>U\u017cywany przez Google DoubleClick i przechowuje informacje o tym, w jaki spos\u00f3b u\u017cytkownik korzysta ze strony internetowej i wszelkie inne reklamy przed odwiedzeniem strony internetowej. S\u0142u\u017cy do prezentowania u\u017cytkownikom reklam, kt\u00f3re s\u0105 dla nich odpowiednie zgodnie z profilem u\u017cytkownika. <\/td><td>1 rok 24 dni<\/td><\/tr><tr><td>ytidb::LAST_RESULT_ENTRY_KEY<\/td><td>YouTube.com<\/td><td>Plik cookie ytidb::LAST_RESULT_ENTRY_KEY jest u\u017cywany przez YouTube do przechowywania ostatniego klikni\u0119tego przez u\u017cytkownika wpisu wynik\u00f3w wyszukiwania. Informacje te s\u0105 wykorzystywane do poprawy komfortu u\u017cytkowania poprzez dostarczanie bardziej trafnych wynik\u00f3w wyszukiwania w przysz\u0142o\u015bci. <\/td><td>Nigdy<\/td><\/tr><tr><td>yt.innertube::requests<\/td><td>youtube.com<\/td><td>YouTube ustawia ten plik cookie, aby zarejestrowa\u0107 unikalny identyfikator w celu przechowywania danych o tym, jakie filmy z YouTube ogl\u0105da\u0142 u\u017cytkownik.<\/td><td>Nigdy<\/td><\/tr><tr><td>yt-player-headers-readable<\/td><td>youtube.com<\/td><td>Plik cookie yt-player-headers-readable jest u\u017cywany przez YouTube do przechowywania preferencji u\u017cytkownika zwi\u0105zanych z odtwarzaniem wideo i interfejsem, zwi\u0119kszaj\u0105c komfort ogl\u0105dania.<\/td><td>Nigdy<\/td><\/tr><tr><td>yt.innertube::nextId<\/td><td>youtube.com<\/td><td>YouTube ustawia ten plik cookie, aby zarejestrowa\u0107 unikalny identyfikator w celu przechowywania danych o tym, jakie filmy z YouTube ogl\u0105da\u0142 u\u017cytkownik.<\/td><td>Nigdy<\/td><\/tr><tr><td>wpEmojiSettingsSupports<\/td><td>ockendenmaternityreview.org.uk<\/td><td>WordPress ustawia ten plik cookie, gdy u\u017cytkownik wchodzi w interakcj\u0119 z emoji na stronie WordPress. Pomaga on okre\u015bli\u0107, czy przegl\u0105darka u\u017cytkownika mo\u017ce prawid\u0142owo wy\u015bwietla\u0107 emoji. <\/td><td>Sesja<\/td><\/tr><tr><td>yt-remote-session-app<\/td><td>youtube.com<\/td><td>Plik cookie yt-remote-session-app jest u\u017cywany przez YouTube do przechowywania preferencji u\u017cytkownika i informacji o interfejsie wbudowanego odtwarzacza wideo YouTube.<\/td><td>Sesja<\/td><\/tr><tr><td>yt-remote-cast-installed<\/td><td>youtube.com<\/td><td>Plik cookie yt-remote-cast-installed s\u0142u\u017cy do przechowywania preferencji u\u017cytkownika dotycz\u0105cych odtwarzacza wideo przy u\u017cyciu osadzonego wideo YouTube.<\/td><td>Sesja<\/td><\/tr><tr><td>yt-remote-session-name<\/td><td>youtube.com<\/td><td>Plik cookie yt-remote-session-name jest u\u017cywany przez YouTube do przechowywania preferencji u\u017cytkownika dotycz\u0105cych odtwarzacza wideo przy u\u017cyciu osadzonego wideo YouTube.<\/td><td>Sesja<\/td><\/tr><tr><td>yt-remote-cast-available<\/td><td>youtube.com<\/td><td>Plik cookie yt-remote-cast-available s\u0142u\u017cy do przechowywania preferencji u\u017cytkownika dotycz\u0105cych tego, czy casting jest dost\u0119pny w odtwarzaczu wideo YouTube.<\/td><td>Sesja<\/td><\/tr><tr><td>yt-remote-fast-check-period<\/td><td>youtube.com<\/td><td>Plik cookie yt-remote-fast-check-period jest u\u017cywany przez YouTube do przechowywania preferencji odtwarzacza wideo u\u017cytkownika dla osadzonych film\u00f3w YouTube.<\/td><td>Sesja<\/td><\/tr><tr><td>test_cookie<\/td><td>.doubleclick.net<\/td><td>Ten plik cookie jest ustawiany przez doubleclick.net. Celem pliku cookie jest ustalenie, czy przegl\u0105darka u\u017cytkownika obs\u0142uguje pliki cookie. <\/td><td>15 minut<\/td><\/tr><tr><td>yt-remote-device-id<\/td><td>.youtube.com<\/td><td>Ten plik cookie jest ustawiany za po\u015brednictwem osadzonych film\u00f3w z YouTube<\/td><td>Nigdy<\/td><\/tr><tr><td>yt-zdalnie-pod\u0142\u0105czone-urz\u0105dzenia-pod\u0142\u0105czone<\/td><td>.youtube.com<\/td><td>Ten plik cookie jest ustawiany za pomoc\u0105 osadzonego wideo YouTube<\/td><td>Nigdy<\/td><\/tr><\/tbody><\/table><\/figure>\n\n<h3 class=\"wp-block-heading\">Jak zmieni\u0107 ustawienia plik\u00f3w cookie?<\/h3>\n\n<p>Mo\u017cesz zmieni\u0107 swoje preferencje dotycz\u0105ce plik\u00f3w cookie w dowolnym momencie, klikaj\u0105c link &#8222;Ustawienia plik\u00f3w cookie&#8221; w prawym dolnym rogu strony internetowej. Mo\u017ce by\u0107 konieczne od\u015bwie\u017cenie strony, aby ustawienia zacz\u0119\u0142y obowi\u0105zywa\u0107. <\/p>\n\n<p>Alternatywnie, wi\u0119kszo\u015b\u0107 przegl\u0105darek internetowych umo\u017cliwia pewn\u0105 kontrol\u0119 wi\u0119kszo\u015bci plik\u00f3w cookie za pomoc\u0105 ustawie\u0144 przegl\u0105darki. Aby dowiedzie\u0107 si\u0119 wi\u0119cej o plikach cookie, w tym o tym, jak sprawdzi\u0107, jakie pliki cookie zosta\u0142y ustawione, odwied\u017a <a href=\"http:\/\/www.aboutcookies.org\/\">stron\u0119 www.aboutcookies.org<\/a> lub <a href=\"http:\/\/www.allaboutcookies.org\/\">www.allaboutcookies.org<\/a>. <\/p>\n\n<p>Dowiedz si\u0119, jak zarz\u0105dza\u0107 plikami cookie w popularnych przegl\u0105darkach:<\/p>\n\n<ul class=\"wp-block-list\">\n<li><a href=\"https:\/\/support.google.com\/accounts\/answer\/61416?co=GENIE.Platform=Desktop&amp;hl=en\">Google Chrome<\/a><\/li>\n\n\n\n<li><a href=\"https:\/\/privacy.microsoft.com\/en-us\/windows-10-microsoft-edge-and-privacy\">Microsoft Edge<\/a><\/li>\n\n\n\n<li><a href=\"https:\/\/support.mozilla.org\/en-US\/kb\/enable-and-disable-cookies-website-preferences\">Mozilla Firefox<\/a><\/li>\n\n\n\n<li><a href=\"https:\/\/support.microsoft.com\/en-gb\/help\/17442\/windows-internet-explorer-delete-manage-cookies\">Microsoft Internet Explorer<\/a><\/li>\n\n\n\n<li><a href=\"https:\/\/www.opera.com\/help\/tutorials\/security\/privacy\/\">Opera<\/a><\/li>\n\n\n\n<li><a href=\"https:\/\/support.apple.com\/en-gb\/safari\">Apple Safari<\/a><\/li>\n<\/ul>\n\n<p>Aby znale\u017a\u0107 informacje dotycz\u0105ce innych przegl\u0105darek, odwied\u017a witryn\u0119 internetow\u0105 producenta przegl\u0105darki.<\/p>\n\n<p>Aby zrezygnowa\u0107 ze \u015bledzenia przez Google Analytics na wszystkich stronach internetowych, odwied\u017a <a href=\"http:\/\/tools.google.com\/dlpage\/gaoptout\">stron\u0119 http:\/\/tools.google.com\/dlpage\/gaoptout<\/a>.<\/p>\n","protected":false},"excerpt":{"rendered":"<p>Czym s\u0105 pliki cookie? Podobnie jak wi\u0119kszo\u015b\u0107 stron internetowych, u\u017cywamy plik\u00f3w cookie na naszej stronie internetowej (https:\/\/www.ockendenmaternityreview.org.uk\/) (&#8222;Witryna&#8222;), kt\u00f3re mi\u0119dzy innymi pomagaj\u0105 nam poprawi\u0107 jako\u015b\u0107 korzystania z naszej Witryny i zapewni\u0107, \u017ce dzia\u0142a ona zgodnie z oczekiwaniami. Pliki cookie to ma\u0142e pliki danych, kt\u00f3re s\u0105 umieszczane na komputerze lub innych urz\u0105dzeniach, kt\u00f3rych mo\u017cesz u\u017cywa\u0107 do &hellip; <a href=\"https:\/\/www.ockendenmaternityreview.org.uk\/pl\/polityka-dotyczaca-plikow-cookie\/\">Continued<\/a><\/p>\n","protected":false},"author":1,"featured_media":0,"parent":0,"menu_order":0,"comment_status":"closed","ping_status":"closed","template":"page-narrow.blade.php","meta":{"_acf_changed":false,"footnotes":""},"class_list":["post-11147","page","type-page","status-publish","hentry"],"acf":[],"yoast_head":"<!-- This site is optimized with the Yoast SEO plugin v27.2 - https:\/\/yoast.com\/product\/yoast-seo-wordpress\/ -->\n<title>Polityka dotycz\u0105ca plik\u00f3w cookie - Ockenden Review<\/title>\n<meta name=\"robots\" content=\"index, follow, max-snippet:-1, max-image-preview:large, max-video-preview:-1\" \/>\n<link rel=\"canonical\" href=\"http:\/\/www.ockendenmaternityreview.org.uk\/pl\/polityka-dotyczaca-plikow-cookie\/\" \/>\n<meta property=\"og:locale\" content=\"pl_PL\" \/>\n<meta property=\"og:type\" content=\"article\" \/>\n<meta property=\"og:title\" content=\"Polityka dotycz\u0105ca plik\u00f3w cookie - Ockenden Review\" \/>\n<meta property=\"og:description\" content=\"Czym s\u0105 pliki cookie? Podobnie jak wi\u0119kszo\u015b\u0107 stron internetowych, u\u017cywamy plik\u00f3w cookie na naszej stronie internetowej (https:\/\/www.ockendenmaternityreview.org.uk\/) (&#8222;Witryna&#8222;), kt\u00f3re mi\u0119dzy innymi pomagaj\u0105 nam poprawi\u0107 jako\u015b\u0107 korzystania z naszej Witryny i zapewni\u0107, \u017ce dzia\u0142a ona zgodnie z oczekiwaniami. Pliki cookie to ma\u0142e pliki danych, kt\u00f3re s\u0105 umieszczane na komputerze lub innych urz\u0105dzeniach, kt\u00f3rych mo\u017cesz u\u017cywa\u0107 do &hellip; Continued\" \/>\n<meta property=\"og:url\" content=\"http:\/\/www.ockendenmaternityreview.org.uk\/pl\/polityka-dotyczaca-plikow-cookie\/\" \/>\n<meta property=\"og:site_name\" content=\"Ockenden Review\" \/>\n<meta property=\"article:publisher\" content=\"https:\/\/www.facebook.com\/ockendenmaternityreview?mibextid=wwXIfr\" \/>\n<meta property=\"article:modified_time\" content=\"2026-03-24T14:08:44+00:00\" \/>\n<meta name=\"twitter:card\" content=\"summary_large_image\" \/>\n<meta name=\"twitter:site\" content=\"@ockreview\" \/>\n<meta name=\"twitter:label1\" content=\"Szacowany czas czytania\" \/>\n\t<meta name=\"twitter:data1\" content=\"8 minut\" \/>\n<script type=\"application\/ld+json\" class=\"yoast-schema-graph\">{\"@context\":\"https:\/\/schema.org\",\"@graph\":[{\"@type\":\"WebPage\",\"@id\":\"http:\/\/www.ockendenmaternityreview.org.uk\/pl\/polityka-dotyczaca-plikow-cookie\/\",\"url\":\"http:\/\/www.ockendenmaternityreview.org.uk\/pl\/polityka-dotyczaca-plikow-cookie\/\",\"name\":\"Polityka dotycz\u0105ca plik\u00f3w cookie - Ockenden Review\",\"isPartOf\":{\"@id\":\"https:\/\/www.ockendenmaternityreview.org.uk\/pa\/#website\"},\"datePublished\":\"2026-03-13T13:53:57+00:00\",\"dateModified\":\"2026-03-24T14:08:44+00:00\",\"breadcrumb\":{\"@id\":\"http:\/\/www.ockendenmaternityreview.org.uk\/pl\/polityka-dotyczaca-plikow-cookie\/#breadcrumb\"},\"inLanguage\":\"pl-PL\",\"potentialAction\":[{\"@type\":\"ReadAction\",\"target\":[\"http:\/\/www.ockendenmaternityreview.org.uk\/pl\/polityka-dotyczaca-plikow-cookie\/\"]}]},{\"@type\":\"BreadcrumbList\",\"@id\":\"http:\/\/www.ockendenmaternityreview.org.uk\/pl\/polityka-dotyczaca-plikow-cookie\/#breadcrumb\",\"itemListElement\":[{\"@type\":\"ListItem\",\"position\":1,\"name\":\"Home\",\"item\":\"https:\/\/www.ockendenmaternityreview.org.uk\/pl\/\"},{\"@type\":\"ListItem\",\"position\":2,\"name\":\"Polityka dotycz\u0105ca plik\u00f3w cookie\"}]},{\"@type\":\"WebSite\",\"@id\":\"https:\/\/www.ockendenmaternityreview.org.uk\/pa\/#website\",\"url\":\"https:\/\/www.ockendenmaternityreview.org.uk\/pa\/\",\"name\":\"Ockenden Review\",\"description\":\"\",\"potentialAction\":[{\"@type\":\"SearchAction\",\"target\":{\"@type\":\"EntryPoint\",\"urlTemplate\":\"https:\/\/www.ockendenmaternityreview.org.uk\/pa\/?s={search_term_string}\"},\"query-input\":{\"@type\":\"PropertyValueSpecification\",\"valueRequired\":true,\"valueName\":\"search_term_string\"}}],\"inLanguage\":\"pl-PL\"}]}<\/script>\n<!-- \/ Yoast SEO plugin. -->","yoast_head_json":{"title":"Polityka dotycz\u0105ca plik\u00f3w cookie - Ockenden Review","robots":{"index":"index","follow":"follow","max-snippet":"max-snippet:-1","max-image-preview":"max-image-preview:large","max-video-preview":"max-video-preview:-1"},"canonical":"http:\/\/www.ockendenmaternityreview.org.uk\/pl\/polityka-dotyczaca-plikow-cookie\/","og_locale":"pl_PL","og_type":"article","og_title":"Polityka dotycz\u0105ca plik\u00f3w cookie - Ockenden Review","og_description":"Czym s\u0105 pliki cookie? Podobnie jak wi\u0119kszo\u015b\u0107 stron internetowych, u\u017cywamy plik\u00f3w cookie na naszej stronie internetowej (https:\/\/www.ockendenmaternityreview.org.uk\/) (&#8222;Witryna&#8222;), kt\u00f3re mi\u0119dzy innymi pomagaj\u0105 nam poprawi\u0107 jako\u015b\u0107 korzystania z naszej Witryny i zapewni\u0107, \u017ce dzia\u0142a ona zgodnie z oczekiwaniami. Pliki cookie to ma\u0142e pliki danych, kt\u00f3re s\u0105 umieszczane na komputerze lub innych urz\u0105dzeniach, kt\u00f3rych mo\u017cesz u\u017cywa\u0107 do &hellip; Continued","og_url":"http:\/\/www.ockendenmaternityreview.org.uk\/pl\/polityka-dotyczaca-plikow-cookie\/","og_site_name":"Ockenden Review","article_publisher":"https:\/\/www.facebook.com\/ockendenmaternityreview?mibextid=wwXIfr","article_modified_time":"2026-03-24T14:08:44+00:00","twitter_card":"summary_large_image","twitter_site":"@ockreview","twitter_misc":{"Szacowany czas czytania":"8 minut"},"schema":{"@context":"https:\/\/schema.org","@graph":[{"@type":"WebPage","@id":"http:\/\/www.ockendenmaternityreview.org.uk\/pl\/polityka-dotyczaca-plikow-cookie\/","url":"http:\/\/www.ockendenmaternityreview.org.uk\/pl\/polityka-dotyczaca-plikow-cookie\/","name":"Polityka dotycz\u0105ca plik\u00f3w cookie - Ockenden Review","isPartOf":{"@id":"https:\/\/www.ockendenmaternityreview.org.uk\/pa\/#website"},"datePublished":"2026-03-13T13:53:57+00:00","dateModified":"2026-03-24T14:08:44+00:00","breadcrumb":{"@id":"http:\/\/www.ockendenmaternityreview.org.uk\/pl\/polityka-dotyczaca-plikow-cookie\/#breadcrumb"},"inLanguage":"pl-PL","potentialAction":[{"@type":"ReadAction","target":["http:\/\/www.ockendenmaternityreview.org.uk\/pl\/polityka-dotyczaca-plikow-cookie\/"]}]},{"@type":"BreadcrumbList","@id":"http:\/\/www.ockendenmaternityreview.org.uk\/pl\/polityka-dotyczaca-plikow-cookie\/#breadcrumb","itemListElement":[{"@type":"ListItem","position":1,"name":"Home","item":"https:\/\/www.ockendenmaternityreview.org.uk\/pl\/"},{"@type":"ListItem","position":2,"name":"Polityka dotycz\u0105ca plik\u00f3w cookie"}]},{"@type":"WebSite","@id":"https:\/\/www.ockendenmaternityreview.org.uk\/pa\/#website","url":"https:\/\/www.ockendenmaternityreview.org.uk\/pa\/","name":"Ockenden Review","description":"","potentialAction":[{"@type":"SearchAction","target":{"@type":"EntryPoint","urlTemplate":"https:\/\/www.ockendenmaternityreview.org.uk\/pa\/?s={search_term_string}"},"query-input":{"@type":"PropertyValueSpecification","valueRequired":true,"valueName":"search_term_string"}}],"inLanguage":"pl-PL"}]}},"_links":{"self":[{"href":"https:\/\/www.ockendenmaternityreview.org.uk\/pl\/wp-json\/wp\/v2\/pages\/11147","targetHints":{"allow":["GET"]}}],"collection":[{"href":"https:\/\/www.ockendenmaternityreview.org.uk\/pl\/wp-json\/wp\/v2\/pages"}],"about":[{"href":"https:\/\/www.ockendenmaternityreview.org.uk\/pl\/wp-json\/wp\/v2\/types\/page"}],"author":[{"embeddable":true,"href":"https:\/\/www.ockendenmaternityreview.org.uk\/pl\/wp-json\/wp\/v2\/users\/1"}],"replies":[{"embeddable":true,"href":"https:\/\/www.ockendenmaternityreview.org.uk\/pl\/wp-json\/wp\/v2\/comments?post=11147"}],"version-history":[{"count":0,"href":"https:\/\/www.ockendenmaternityreview.org.uk\/pl\/wp-json\/wp\/v2\/pages\/11147\/revisions"}],"wp:attachment":[{"href":"https:\/\/www.ockendenmaternityreview.org.uk\/pl\/wp-json\/wp\/v2\/media?parent=11147"}],"curies":[{"name":"wp","href":"https:\/\/api.w.org\/{rel}","templated":true}]}}