{"id":11154,"date":"2026-03-13T13:54:28","date_gmt":"2026-03-13T13:54:28","guid":{"rendered":"https:\/\/ockendenmatdev.wpenginepowered.com\/legalny\/"},"modified":"2026-03-24T14:08:44","modified_gmt":"2026-03-24T14:08:44","slug":"legalny","status":"publish","type":"page","link":"https:\/\/www.ockendenmaternityreview.org.uk\/pl\/legalny\/","title":{"rendered":"Legalny"},"content":{"rendered":"\n<h3 class=\"wp-block-heading\">Prawne<\/h3>\n\n<p>Witamy na stronie internetowej po\u015bwi\u0119conej niezale\u017cnym przegl\u0105dom us\u0142ug po\u0142o\u017cniczych zar\u00f3wno w Nottingham University Hospitals, jak i Shrewsbury and Telford Hospital NHS Trust. Niniejsza strona internetowa jest w\u0142asno\u015bci\u0105 i jest zarz\u0105dzana przez Donna Ockenden Limited (&#8222;<strong>DOL&#8221;),<\/strong> adres siedziby: 3 Lion Street, Chichester, West Sussex, Wielka Brytania, PO19 1LW. <\/p>\n\n<p>Korzystaj\u0105c z tej witryny, u\u017cytkownik potwierdza, \u017ce akceptuje i zgadza si\u0119 przestrzega\u0107 nast\u0119puj\u0105cych warunk\u00f3w u\u017cytkowania (&#8222;<strong>Warunki<\/strong>&#8222;):<\/p>\n\n<h3 class=\"wp-block-heading\">Korzystanie z tej strony internetowej<\/h3>\n\n<ul class=\"wp-block-list\">\n<li>Korzystanie z tej strony internetowej odbywa si\u0119 na w\u0142asne ryzyko;<\/li>\n\n\n\n<li>Korzystanie z tej strony internetowej jest dozwolone wy\u0142\u0105cznie do cel\u00f3w osobistych &#8211; \u017cadne komercyjne wykorzystanie tej strony internetowej nie jest dozwolone bez wyra\u017anej, pisemnej zgody DOL;<\/li>\n\n\n\n<li>Zawarto\u015b\u0107 tej strony internetowej nie mo\u017ce by\u0107 kopiowana ani powielana w \u017caden spos\u00f3b bez uprzedniej pisemnej zgody DOL;<\/li>\n\n\n\n<li>Zawarto\u015b\u0107 tej strony internetowej mo\u017ce zosta\u0107 zmieniona bez powiadomienia;<\/li>\n\n\n\n<li>Ta strona internetowa mo\u017ce by\u0107 wykorzystywana wy\u0142\u0105cznie do cel\u00f3w zgodnych z prawem &#8211; nie wolno zak\u0142\u00f3ca\u0107, modyfikowa\u0107 ani ingerowa\u0107 w cokolwiek na tej stronie;<\/li>\n<\/ul>\n\n<h3 class=\"wp-block-heading\">Odpowiedzialno\u015b\u0107 DOL<\/h3>\n\n<ul class=\"wp-block-list\">\n<li>DOL wyra\u017anie zrzeka si\u0119 wszelkiej odpowiedzialno\u015bci za:<\/li>\n\n\n\n<li>wszelkie bezpo\u015brednie, po\u015brednie lub wynikowe straty lub szkody poniesione przez dowolnego u\u017cytkownika tej witryny wynikaj\u0105ce z polegania na materia\u0142ach zamieszczonych w witrynie, w tym przez:<\/li>\n\n\n\n<li>ka\u017cdy, kto mo\u017ce zosta\u0107 poinformowany o ich tre\u015bci; lub<\/li>\n\n\n\n<li>z korzystania lub niemo\u017cno\u015bci korzystania ze strony internetowej, bezpo\u015brednio lub po\u015brednio, wynikaj\u0105cych z nie\u015bcis\u0142o\u015bci, wad, b\u0142\u0119d\u00f3w, zar\u00f3wno typograficznych, jak i innych, pomini\u0119\u0107, nieaktualnych informacji lub w inny spos\u00f3b, nawet je\u015bli taka strata by\u0142a racjonalnie przewidywalna.  <\/li>\n<\/ul>\n\n<p>Bezpo\u015brednie, po\u015brednie lub wt\u00f3rne straty i szkody obejmuj\u0105 mi\u0119dzy innymi utrat\u0119 zysk\u00f3w lub um\u00f3w, utrat\u0119 dochod\u00f3w lub przychod\u00f3w, utrat\u0119 dzia\u0142alno\u015bci, utrat\u0119 warto\u015bci firmy, utrat\u0119 reputacji oraz zmarnowane wydatki lub czas zarz\u0105dzania.<\/p>\n\n<ul class=\"wp-block-list\">\n<li>\u017badne z postanowie\u0144 niniejszych Warunk\u00f3w nie wy\u0142\u0105cza odpowiedzialno\u015bci DOL za \u015bmier\u0107 lub obra\u017cenia cia\u0142a wynikaj\u0105ce z zaniedbania, ani odpowiedzialno\u015bci za \u015bwiadome wprowadzenie w b\u0142\u0105d, ani \u017cadnej innej odpowiedzialno\u015bci, kt\u00f3rej nie mo\u017cna wykluczy\u0107 lub ograniczy\u0107 zgodnie z obowi\u0105zuj\u0105cym prawem;<\/li>\n<\/ul>\n\n<h3 class=\"wp-block-heading\">Linki do tej strony internetowej<\/h3>\n\n<ul class=\"wp-block-list\">\n<li>Mo\u017cesz linkowa\u0107 do tej witryny. Jest to jednak pod warunkiem, \u017ce robisz to tylko w spos\u00f3b, kt\u00f3ry jest zar\u00f3wno uczciwy, jak i zgodny z prawem &#8211; oraz w spos\u00f3b, kt\u00f3ry nie szkodzi ani nie wykorzystuje reputacji DOL;   <\/li>\n\n\n\n<li>Nie wolno tworzy\u0107 link\u00f3w w taki spos\u00f3b, aby sugerowa\u0107 jak\u0105kolwiek form\u0119 stowarzyszenia, zatwierdzenia lub poparcia ze strony DOL, je\u015bli takie stowarzyszenie, zatwierdzenie lub poparcie nie istnieje;<\/li>\n\n\n\n<li>Nie wolno tworzy\u0107 link\u00f3w z \u017cadnej strony internetowej, kt\u00f3ra nie jest Twoj\u0105 w\u0142asno\u015bci\u0105;<\/li>\n\n\n\n<li>Strona internetowa DOL nie mo\u017ce by\u0107 umieszczana w ramkach na \u017cadnej innej stronie internetowej. DOL zastrzega sobie prawo do wycofania zgody na \u0142\u0105czenie bez uprzedzenia; <\/li>\n\n\n\n<li>Je\u015bli chcesz skorzysta\u0107 z materia\u0142\u00f3w na tej stronie internetowej, innych ni\u017c okre\u015blone w powy\u017cszych punktach, prosimy o przes\u0142anie pro\u015bby do: <a href=\"mailto:communications@donnaockenden.com\">communications@donnaockenden.com<\/a> <\/li>\n<\/ul>\n\n<h3 class=\"wp-block-heading\">Strony internetowe os\u00f3b trzecich<\/h3>\n\n<ul class=\"wp-block-list\">\n<li>DOL nie ponosi \u017cadnej odpowiedzialno\u015bci za jakiekolwiek strony internetowe os\u00f3b trzecich, do kt\u00f3rych mo\u017cna uzyska\u0107 dost\u0119p za po\u015brednictwem tej strony internetowej (w tym mi\u0119dzy innymi linki do NHS Improvement \/ England i Shrewsbury i Telford NHS Trust);<\/li>\n\n\n\n<li>Sp\u00f3\u0142ka DOL nie ponosi \u017cadnej odpowiedzialno\u015bci za jakiekolwiek straty lub szkody, kt\u00f3re mog\u0105 wynikn\u0105\u0107 z korzystania z innej takiej strony internetowej;<\/li>\n\n\n\n<li>DOL nie popiera ani nie zatwierdza zawarto\u015bci takiej strony internetowej, a wszelkie linki do stron internetowych os\u00f3b trzecich maj\u0105 charakter wy\u0142\u0105cznie informacyjny;<\/li>\n<\/ul>\n\n<h3 class=\"wp-block-heading\">Prawa w\u0142asno\u015bci intelektualnej<\/h3>\n\n<ul class=\"wp-block-list\">\n<li>Wszelkie tre\u015bci, niezale\u017cnie od tego, czy s\u0105 reprezentowane w formie tekstowej lub graficznej, kt\u00f3re u\u017cytkownik kopiuje, drukuje lub pobiera, s\u0105 dostarczane przez sp\u00f3\u0142k\u0119 DOL wy\u0142\u0105cznie do u\u017cytku osobistego;<\/li>\n\n\n\n<li>&#8222;Donna Ockenden&#8221; i logo DOL s\u0105 znakami towarowymi DOL; i<\/li>\n\n\n\n<li>Wszystkie znaki towarowe u\u017cywane lub przywo\u0142ywane na tej stronie s\u0105 w\u0142asno\u015bci\u0105 ich w\u0142a\u015bcicieli.  <\/li>\n<\/ul>\n","protected":false},"excerpt":{"rendered":"<p>Prawne Witamy na stronie internetowej po\u015bwi\u0119conej niezale\u017cnym przegl\u0105dom us\u0142ug po\u0142o\u017cniczych zar\u00f3wno w Nottingham University Hospitals, jak i Shrewsbury and Telford Hospital NHS Trust. Niniejsza strona internetowa jest w\u0142asno\u015bci\u0105 i jest zarz\u0105dzana przez Donna Ockenden Limited (&#8222;DOL&#8221;), adres siedziby: 3 Lion Street, Chichester, West Sussex, Wielka Brytania, PO19 1LW. Korzystaj\u0105c z tej witryny, u\u017cytkownik potwierdza, \u017ce &hellip; <a href=\"https:\/\/www.ockendenmaternityreview.org.uk\/pl\/legalny\/\">Continued<\/a><\/p>\n","protected":false},"author":1,"featured_media":0,"parent":0,"menu_order":0,"comment_status":"closed","ping_status":"closed","template":"page-narrow.blade.php","meta":{"_acf_changed":false,"footnotes":""},"class_list":["post-11154","page","type-page","status-publish","hentry"],"acf":[],"yoast_head":"<!-- This site is optimized with the Yoast SEO plugin v27.2 - https:\/\/yoast.com\/product\/yoast-seo-wordpress\/ -->\n<title>Legalny - Ockenden Review<\/title>\n<meta name=\"robots\" content=\"index, follow, max-snippet:-1, max-image-preview:large, max-video-preview:-1\" \/>\n<link rel=\"canonical\" href=\"https:\/\/www.ockendenmaternityreview.org.uk\/legal\/\" \/>\n<meta property=\"og:locale\" content=\"pl_PL\" \/>\n<meta property=\"og:type\" content=\"article\" \/>\n<meta property=\"og:title\" content=\"Legalny - Ockenden Review\" \/>\n<meta property=\"og:description\" content=\"Prawne Witamy na stronie internetowej po\u015bwi\u0119conej niezale\u017cnym przegl\u0105dom us\u0142ug po\u0142o\u017cniczych zar\u00f3wno w Nottingham University Hospitals, jak i Shrewsbury and Telford Hospital NHS Trust. Niniejsza strona internetowa jest w\u0142asno\u015bci\u0105 i jest zarz\u0105dzana przez Donna Ockenden Limited (&#8222;DOL&#8221;), adres siedziby: 3 Lion Street, Chichester, West Sussex, Wielka Brytania, PO19 1LW. Korzystaj\u0105c z tej witryny, u\u017cytkownik potwierdza, \u017ce &hellip; Continued\" \/>\n<meta property=\"og:url\" content=\"https:\/\/www.ockendenmaternityreview.org.uk\/legal\/\" \/>\n<meta property=\"og:site_name\" content=\"Ockenden Review\" \/>\n<meta property=\"article:publisher\" content=\"https:\/\/www.facebook.com\/ockendenmaternityreview?mibextid=wwXIfr\" \/>\n<meta property=\"article:modified_time\" content=\"2026-03-24T14:08:44+00:00\" \/>\n<meta name=\"twitter:card\" content=\"summary_large_image\" \/>\n<meta name=\"twitter:site\" content=\"@ockreview\" \/>\n<meta name=\"twitter:label1\" content=\"Szacowany czas czytania\" \/>\n\t<meta name=\"twitter:data1\" content=\"3 minuty\" \/>\n<script type=\"application\/ld+json\" class=\"yoast-schema-graph\">{\"@context\":\"https:\/\/schema.org\",\"@graph\":[{\"@type\":\"WebPage\",\"@id\":\"https:\/\/www.ockendenmaternityreview.org.uk\/legal\/\",\"url\":\"https:\/\/www.ockendenmaternityreview.org.uk\/legal\/\",\"name\":\"Legalny - Ockenden Review\",\"isPartOf\":{\"@id\":\"https:\/\/www.ockendenmaternityreview.org.uk\/pa\/#website\"},\"datePublished\":\"2026-03-13T13:54:28+00:00\",\"dateModified\":\"2026-03-24T14:08:44+00:00\",\"breadcrumb\":{\"@id\":\"https:\/\/www.ockendenmaternityreview.org.uk\/legal\/#breadcrumb\"},\"inLanguage\":\"pl-PL\",\"potentialAction\":[{\"@type\":\"ReadAction\",\"target\":[\"https:\/\/www.ockendenmaternityreview.org.uk\/legal\/\"]}]},{\"@type\":\"BreadcrumbList\",\"@id\":\"https:\/\/www.ockendenmaternityreview.org.uk\/legal\/#breadcrumb\",\"itemListElement\":[{\"@type\":\"ListItem\",\"position\":1,\"name\":\"Home\",\"item\":\"https:\/\/www.ockendenmaternityreview.org.uk\/pl\/\"},{\"@type\":\"ListItem\",\"position\":2,\"name\":\"Legalny\"}]},{\"@type\":\"WebSite\",\"@id\":\"https:\/\/www.ockendenmaternityreview.org.uk\/pa\/#website\",\"url\":\"https:\/\/www.ockendenmaternityreview.org.uk\/pa\/\",\"name\":\"Ockenden Review\",\"description\":\"\",\"potentialAction\":[{\"@type\":\"SearchAction\",\"target\":{\"@type\":\"EntryPoint\",\"urlTemplate\":\"https:\/\/www.ockendenmaternityreview.org.uk\/pa\/?s={search_term_string}\"},\"query-input\":{\"@type\":\"PropertyValueSpecification\",\"valueRequired\":true,\"valueName\":\"search_term_string\"}}],\"inLanguage\":\"pl-PL\"}]}<\/script>\n<!-- \/ Yoast SEO plugin. -->","yoast_head_json":{"title":"Legalny - Ockenden Review","robots":{"index":"index","follow":"follow","max-snippet":"max-snippet:-1","max-image-preview":"max-image-preview:large","max-video-preview":"max-video-preview:-1"},"canonical":"https:\/\/www.ockendenmaternityreview.org.uk\/legal\/","og_locale":"pl_PL","og_type":"article","og_title":"Legalny - Ockenden Review","og_description":"Prawne Witamy na stronie internetowej po\u015bwi\u0119conej niezale\u017cnym przegl\u0105dom us\u0142ug po\u0142o\u017cniczych zar\u00f3wno w Nottingham University Hospitals, jak i Shrewsbury and Telford Hospital NHS Trust. Niniejsza strona internetowa jest w\u0142asno\u015bci\u0105 i jest zarz\u0105dzana przez Donna Ockenden Limited (&#8222;DOL&#8221;), adres siedziby: 3 Lion Street, Chichester, West Sussex, Wielka Brytania, PO19 1LW. Korzystaj\u0105c z tej witryny, u\u017cytkownik potwierdza, \u017ce &hellip; Continued","og_url":"https:\/\/www.ockendenmaternityreview.org.uk\/legal\/","og_site_name":"Ockenden Review","article_publisher":"https:\/\/www.facebook.com\/ockendenmaternityreview?mibextid=wwXIfr","article_modified_time":"2026-03-24T14:08:44+00:00","twitter_card":"summary_large_image","twitter_site":"@ockreview","twitter_misc":{"Szacowany czas czytania":"3 minuty"},"schema":{"@context":"https:\/\/schema.org","@graph":[{"@type":"WebPage","@id":"https:\/\/www.ockendenmaternityreview.org.uk\/legal\/","url":"https:\/\/www.ockendenmaternityreview.org.uk\/legal\/","name":"Legalny - Ockenden Review","isPartOf":{"@id":"https:\/\/www.ockendenmaternityreview.org.uk\/pa\/#website"},"datePublished":"2026-03-13T13:54:28+00:00","dateModified":"2026-03-24T14:08:44+00:00","breadcrumb":{"@id":"https:\/\/www.ockendenmaternityreview.org.uk\/legal\/#breadcrumb"},"inLanguage":"pl-PL","potentialAction":[{"@type":"ReadAction","target":["https:\/\/www.ockendenmaternityreview.org.uk\/legal\/"]}]},{"@type":"BreadcrumbList","@id":"https:\/\/www.ockendenmaternityreview.org.uk\/legal\/#breadcrumb","itemListElement":[{"@type":"ListItem","position":1,"name":"Home","item":"https:\/\/www.ockendenmaternityreview.org.uk\/pl\/"},{"@type":"ListItem","position":2,"name":"Legalny"}]},{"@type":"WebSite","@id":"https:\/\/www.ockendenmaternityreview.org.uk\/pa\/#website","url":"https:\/\/www.ockendenmaternityreview.org.uk\/pa\/","name":"Ockenden Review","description":"","potentialAction":[{"@type":"SearchAction","target":{"@type":"EntryPoint","urlTemplate":"https:\/\/www.ockendenmaternityreview.org.uk\/pa\/?s={search_term_string}"},"query-input":{"@type":"PropertyValueSpecification","valueRequired":true,"valueName":"search_term_string"}}],"inLanguage":"pl-PL"}]}},"_links":{"self":[{"href":"https:\/\/www.ockendenmaternityreview.org.uk\/pl\/wp-json\/wp\/v2\/pages\/11154","targetHints":{"allow":["GET"]}}],"collection":[{"href":"https:\/\/www.ockendenmaternityreview.org.uk\/pl\/wp-json\/wp\/v2\/pages"}],"about":[{"href":"https:\/\/www.ockendenmaternityreview.org.uk\/pl\/wp-json\/wp\/v2\/types\/page"}],"author":[{"embeddable":true,"href":"https:\/\/www.ockendenmaternityreview.org.uk\/pl\/wp-json\/wp\/v2\/users\/1"}],"replies":[{"embeddable":true,"href":"https:\/\/www.ockendenmaternityreview.org.uk\/pl\/wp-json\/wp\/v2\/comments?post=11154"}],"version-history":[{"count":0,"href":"https:\/\/www.ockendenmaternityreview.org.uk\/pl\/wp-json\/wp\/v2\/pages\/11154\/revisions"}],"wp:attachment":[{"href":"https:\/\/www.ockendenmaternityreview.org.uk\/pl\/wp-json\/wp\/v2\/media?parent=11154"}],"curies":[{"name":"wp","href":"https:\/\/api.w.org\/{rel}","templated":true}]}}