{"id":11171,"date":"2026-03-20T16:02:09","date_gmt":"2026-03-20T16:02:09","guid":{"rendered":"https:\/\/ockendenmatdev.wpenginepowered.com\/niezalezny-zespol-recenzentow\/"},"modified":"2026-03-24T14:08:51","modified_gmt":"2026-03-24T14:08:51","slug":"niezalezny-zespol-recenzentow","status":"publish","type":"page","link":"https:\/\/www.ockendenmaternityreview.org.uk\/pl\/niezalezny-zespol-recenzentow\/","title":{"rendered":"Niezale\u017cny zesp\u00f3\u0142 recenzent\u00f3w"},"content":{"rendered":"\n<p><br\/>Jeste\u015bmy w trakcie aktualizowania naszej strony internetowej o informacje zwi\u0105zane z niezale\u017cnym przegl\u0105dem us\u0142ug po\u0142o\u017cniczych w Leeds Teaching Hospitals NHS Trust.<\/p>\n","protected":false},"excerpt":{"rendered":"<p>Jeste\u015bmy w trakcie aktualizowania naszej strony internetowej o informacje zwi\u0105zane z niezale\u017cnym przegl\u0105dem us\u0142ug po\u0142o\u017cniczych w Leeds Teaching Hospitals NHS Trust.<\/p>\n","protected":false},"author":1,"featured_media":0,"parent":0,"menu_order":0,"comment_status":"closed","ping_status":"closed","template":"page-narrow.blade.php","meta":{"_acf_changed":false,"footnotes":""},"class_list":["post-11171","page","type-page","status-publish","hentry"],"acf":[],"yoast_head":"<!-- This site is optimized with the Yoast SEO plugin v27.2 - https:\/\/yoast.com\/product\/yoast-seo-wordpress\/ -->\n<title>Niezale\u017cny zesp\u00f3\u0142 recenzent\u00f3w - Ockenden Review<\/title>\n<meta name=\"robots\" content=\"index, follow, max-snippet:-1, max-image-preview:large, max-video-preview:-1\" \/>\n<link rel=\"canonical\" href=\"https:\/\/www.ockendenmaternityreview.org.uk\/pl\/niezalezny-zespol-recenzentow\/\" \/>\n<meta property=\"og:locale\" content=\"pl_PL\" \/>\n<meta property=\"og:type\" content=\"article\" \/>\n<meta property=\"og:title\" content=\"Niezale\u017cny zesp\u00f3\u0142 recenzent\u00f3w - Ockenden Review\" \/>\n<meta property=\"og:description\" content=\"Jeste\u015bmy w trakcie aktualizowania naszej strony internetowej o informacje zwi\u0105zane z niezale\u017cnym przegl\u0105dem us\u0142ug po\u0142o\u017cniczych w Leeds Teaching Hospitals NHS Trust.\" \/>\n<meta property=\"og:url\" content=\"https:\/\/www.ockendenmaternityreview.org.uk\/pl\/niezalezny-zespol-recenzentow\/\" \/>\n<meta property=\"og:site_name\" content=\"Ockenden Review\" \/>\n<meta property=\"article:publisher\" content=\"https:\/\/www.facebook.com\/ockendenmaternityreview?mibextid=wwXIfr\" \/>\n<meta property=\"article:modified_time\" content=\"2026-03-24T14:08:51+00:00\" \/>\n<meta name=\"twitter:card\" content=\"summary_large_image\" \/>\n<meta name=\"twitter:site\" content=\"@ockreview\" \/>\n<script type=\"application\/ld+json\" class=\"yoast-schema-graph\">{\"@context\":\"https:\/\/schema.org\",\"@graph\":[{\"@type\":\"WebPage\",\"@id\":\"https:\/\/www.ockendenmaternityreview.org.uk\/pl\/niezalezny-zespol-recenzentow\/\",\"url\":\"https:\/\/www.ockendenmaternityreview.org.uk\/pl\/niezalezny-zespol-recenzentow\/\",\"name\":\"Niezale\u017cny zesp\u00f3\u0142 recenzent\u00f3w - Ockenden Review\",\"isPartOf\":{\"@id\":\"https:\/\/www.ockendenmaternityreview.org.uk\/fa\/#website\"},\"datePublished\":\"2026-03-20T16:02:09+00:00\",\"dateModified\":\"2026-03-24T14:08:51+00:00\",\"breadcrumb\":{\"@id\":\"https:\/\/www.ockendenmaternityreview.org.uk\/pl\/niezalezny-zespol-recenzentow\/#breadcrumb\"},\"inLanguage\":\"pl-PL\",\"potentialAction\":[{\"@type\":\"ReadAction\",\"target\":[\"https:\/\/www.ockendenmaternityreview.org.uk\/pl\/niezalezny-zespol-recenzentow\/\"]}]},{\"@type\":\"BreadcrumbList\",\"@id\":\"https:\/\/www.ockendenmaternityreview.org.uk\/pl\/niezalezny-zespol-recenzentow\/#breadcrumb\",\"itemListElement\":[{\"@type\":\"ListItem\",\"position\":1,\"name\":\"Home\",\"item\":\"https:\/\/www.ockendenmaternityreview.org.uk\/pl\/\"},{\"@type\":\"ListItem\",\"position\":2,\"name\":\"Niezale\u017cny zesp\u00f3\u0142 recenzent\u00f3w\"}]},{\"@type\":\"WebSite\",\"@id\":\"https:\/\/www.ockendenmaternityreview.org.uk\/fa\/#website\",\"url\":\"https:\/\/www.ockendenmaternityreview.org.uk\/fa\/\",\"name\":\"Ockenden Review\",\"description\":\"\",\"potentialAction\":[{\"@type\":\"SearchAction\",\"target\":{\"@type\":\"EntryPoint\",\"urlTemplate\":\"https:\/\/www.ockendenmaternityreview.org.uk\/fa\/?s={search_term_string}\"},\"query-input\":{\"@type\":\"PropertyValueSpecification\",\"valueRequired\":true,\"valueName\":\"search_term_string\"}}],\"inLanguage\":\"pl-PL\"}]}<\/script>\n<!-- \/ Yoast SEO plugin. -->","yoast_head_json":{"title":"Niezale\u017cny zesp\u00f3\u0142 recenzent\u00f3w - Ockenden Review","robots":{"index":"index","follow":"follow","max-snippet":"max-snippet:-1","max-image-preview":"max-image-preview:large","max-video-preview":"max-video-preview:-1"},"canonical":"https:\/\/www.ockendenmaternityreview.org.uk\/pl\/niezalezny-zespol-recenzentow\/","og_locale":"pl_PL","og_type":"article","og_title":"Niezale\u017cny zesp\u00f3\u0142 recenzent\u00f3w - Ockenden Review","og_description":"Jeste\u015bmy w trakcie aktualizowania naszej strony internetowej o informacje zwi\u0105zane z niezale\u017cnym przegl\u0105dem us\u0142ug po\u0142o\u017cniczych w Leeds Teaching Hospitals NHS Trust.","og_url":"https:\/\/www.ockendenmaternityreview.org.uk\/pl\/niezalezny-zespol-recenzentow\/","og_site_name":"Ockenden Review","article_publisher":"https:\/\/www.facebook.com\/ockendenmaternityreview?mibextid=wwXIfr","article_modified_time":"2026-03-24T14:08:51+00:00","twitter_card":"summary_large_image","twitter_site":"@ockreview","schema":{"@context":"https:\/\/schema.org","@graph":[{"@type":"WebPage","@id":"https:\/\/www.ockendenmaternityreview.org.uk\/pl\/niezalezny-zespol-recenzentow\/","url":"https:\/\/www.ockendenmaternityreview.org.uk\/pl\/niezalezny-zespol-recenzentow\/","name":"Niezale\u017cny zesp\u00f3\u0142 recenzent\u00f3w - Ockenden Review","isPartOf":{"@id":"https:\/\/www.ockendenmaternityreview.org.uk\/fa\/#website"},"datePublished":"2026-03-20T16:02:09+00:00","dateModified":"2026-03-24T14:08:51+00:00","breadcrumb":{"@id":"https:\/\/www.ockendenmaternityreview.org.uk\/pl\/niezalezny-zespol-recenzentow\/#breadcrumb"},"inLanguage":"pl-PL","potentialAction":[{"@type":"ReadAction","target":["https:\/\/www.ockendenmaternityreview.org.uk\/pl\/niezalezny-zespol-recenzentow\/"]}]},{"@type":"BreadcrumbList","@id":"https:\/\/www.ockendenmaternityreview.org.uk\/pl\/niezalezny-zespol-recenzentow\/#breadcrumb","itemListElement":[{"@type":"ListItem","position":1,"name":"Home","item":"https:\/\/www.ockendenmaternityreview.org.uk\/pl\/"},{"@type":"ListItem","position":2,"name":"Niezale\u017cny zesp\u00f3\u0142 recenzent\u00f3w"}]},{"@type":"WebSite","@id":"https:\/\/www.ockendenmaternityreview.org.uk\/fa\/#website","url":"https:\/\/www.ockendenmaternityreview.org.uk\/fa\/","name":"Ockenden Review","description":"","potentialAction":[{"@type":"SearchAction","target":{"@type":"EntryPoint","urlTemplate":"https:\/\/www.ockendenmaternityreview.org.uk\/fa\/?s={search_term_string}"},"query-input":{"@type":"PropertyValueSpecification","valueRequired":true,"valueName":"search_term_string"}}],"inLanguage":"pl-PL"}]}},"_links":{"self":[{"href":"https:\/\/www.ockendenmaternityreview.org.uk\/pl\/wp-json\/wp\/v2\/pages\/11171","targetHints":{"allow":["GET"]}}],"collection":[{"href":"https:\/\/www.ockendenmaternityreview.org.uk\/pl\/wp-json\/wp\/v2\/pages"}],"about":[{"href":"https:\/\/www.ockendenmaternityreview.org.uk\/pl\/wp-json\/wp\/v2\/types\/page"}],"author":[{"embeddable":true,"href":"https:\/\/www.ockendenmaternityreview.org.uk\/pl\/wp-json\/wp\/v2\/users\/1"}],"replies":[{"embeddable":true,"href":"https:\/\/www.ockendenmaternityreview.org.uk\/pl\/wp-json\/wp\/v2\/comments?post=11171"}],"version-history":[{"count":0,"href":"https:\/\/www.ockendenmaternityreview.org.uk\/pl\/wp-json\/wp\/v2\/pages\/11171\/revisions"}],"wp:attachment":[{"href":"https:\/\/www.ockendenmaternityreview.org.uk\/pl\/wp-json\/wp\/v2\/media?parent=11171"}],"curies":[{"name":"wp","href":"https:\/\/api.w.org\/{rel}","templated":true}]}}