{"id":11177,"date":"2026-03-20T16:03:02","date_gmt":"2026-03-20T16:03:02","guid":{"rendered":"https:\/\/ockendenmatdev.wpenginepowered.com\/zakres-wymagan-i-obowiazkow\/"},"modified":"2026-03-24T14:08:53","modified_gmt":"2026-03-24T14:08:53","slug":"zakres-wymagan-i-obowiazkow","status":"publish","type":"page","link":"https:\/\/www.ockendenmaternityreview.org.uk\/pl\/zakres-wymagan-i-obowiazkow\/","title":{"rendered":"Zakres wymaga\u0144 i obowi\u0105zk\u00f3w"},"content":{"rendered":"\n<p><br\/>Wkr\u00f3tce rozpoczniemy proces opracowywania zakresu wymaga\u0144 i obowi\u0105zk\u00f3w. Rodziny b\u0119d\u0105 mia\u0142y kluczowe znaczenie dla rozwoju SIWZ.   <\/p>\n","protected":false},"excerpt":{"rendered":"<p>Wkr\u00f3tce rozpoczniemy proces opracowywania zakresu wymaga\u0144 i obowi\u0105zk\u00f3w. Rodziny b\u0119d\u0105 mia\u0142y kluczowe znaczenie dla rozwoju SIWZ.<\/p>\n","protected":false},"author":1,"featured_media":0,"parent":0,"menu_order":0,"comment_status":"closed","ping_status":"closed","template":"page-narrow.blade.php","meta":{"_acf_changed":false,"footnotes":""},"class_list":["post-11177","page","type-page","status-publish","hentry"],"acf":[],"yoast_head":"<!-- This site is optimized with the Yoast SEO plugin v27.2 - https:\/\/yoast.com\/product\/yoast-seo-wordpress\/ -->\n<title>Zakres wymaga\u0144 i obowi\u0105zk\u00f3w - Ockenden Review<\/title>\n<meta name=\"robots\" content=\"index, follow, max-snippet:-1, max-image-preview:large, max-video-preview:-1\" \/>\n<link rel=\"canonical\" href=\"https:\/\/www.ockendenmaternityreview.org.uk\/pl\/zakres-wymagan-i-obowiazkow\/\" \/>\n<meta property=\"og:locale\" content=\"pl_PL\" \/>\n<meta property=\"og:type\" content=\"article\" \/>\n<meta property=\"og:title\" content=\"Zakres wymaga\u0144 i obowi\u0105zk\u00f3w - Ockenden Review\" \/>\n<meta property=\"og:description\" content=\"Wkr\u00f3tce rozpoczniemy proces opracowywania zakresu wymaga\u0144 i obowi\u0105zk\u00f3w. Rodziny b\u0119d\u0105 mia\u0142y kluczowe znaczenie dla rozwoju SIWZ.\" \/>\n<meta property=\"og:url\" content=\"https:\/\/www.ockendenmaternityreview.org.uk\/pl\/zakres-wymagan-i-obowiazkow\/\" \/>\n<meta property=\"og:site_name\" content=\"Ockenden Review\" \/>\n<meta property=\"article:publisher\" content=\"https:\/\/www.facebook.com\/ockendenmaternityreview?mibextid=wwXIfr\" \/>\n<meta property=\"article:modified_time\" content=\"2026-03-24T14:08:53+00:00\" \/>\n<meta name=\"twitter:card\" content=\"summary_large_image\" \/>\n<meta name=\"twitter:site\" content=\"@ockreview\" \/>\n<script type=\"application\/ld+json\" class=\"yoast-schema-graph\">{\"@context\":\"https:\/\/schema.org\",\"@graph\":[{\"@type\":\"WebPage\",\"@id\":\"https:\/\/www.ockendenmaternityreview.org.uk\/pl\/zakres-wymagan-i-obowiazkow\/\",\"url\":\"https:\/\/www.ockendenmaternityreview.org.uk\/pl\/zakres-wymagan-i-obowiazkow\/\",\"name\":\"Zakres wymaga\u0144 i obowi\u0105zk\u00f3w - Ockenden Review\",\"isPartOf\":{\"@id\":\"https:\/\/www.ockendenmaternityreview.org.uk\/fa\/#website\"},\"datePublished\":\"2026-03-20T16:03:02+00:00\",\"dateModified\":\"2026-03-24T14:08:53+00:00\",\"breadcrumb\":{\"@id\":\"https:\/\/www.ockendenmaternityreview.org.uk\/pl\/zakres-wymagan-i-obowiazkow\/#breadcrumb\"},\"inLanguage\":\"pl-PL\",\"potentialAction\":[{\"@type\":\"ReadAction\",\"target\":[\"https:\/\/www.ockendenmaternityreview.org.uk\/pl\/zakres-wymagan-i-obowiazkow\/\"]}]},{\"@type\":\"BreadcrumbList\",\"@id\":\"https:\/\/www.ockendenmaternityreview.org.uk\/pl\/zakres-wymagan-i-obowiazkow\/#breadcrumb\",\"itemListElement\":[{\"@type\":\"ListItem\",\"position\":1,\"name\":\"Home\",\"item\":\"https:\/\/www.ockendenmaternityreview.org.uk\/pl\/\"},{\"@type\":\"ListItem\",\"position\":2,\"name\":\"Zakres wymaga\u0144 i obowi\u0105zk\u00f3w\"}]},{\"@type\":\"WebSite\",\"@id\":\"https:\/\/www.ockendenmaternityreview.org.uk\/fa\/#website\",\"url\":\"https:\/\/www.ockendenmaternityreview.org.uk\/fa\/\",\"name\":\"Ockenden Review\",\"description\":\"\",\"potentialAction\":[{\"@type\":\"SearchAction\",\"target\":{\"@type\":\"EntryPoint\",\"urlTemplate\":\"https:\/\/www.ockendenmaternityreview.org.uk\/fa\/?s={search_term_string}\"},\"query-input\":{\"@type\":\"PropertyValueSpecification\",\"valueRequired\":true,\"valueName\":\"search_term_string\"}}],\"inLanguage\":\"pl-PL\"}]}<\/script>\n<!-- \/ Yoast SEO plugin. -->","yoast_head_json":{"title":"Zakres wymaga\u0144 i obowi\u0105zk\u00f3w - Ockenden Review","robots":{"index":"index","follow":"follow","max-snippet":"max-snippet:-1","max-image-preview":"max-image-preview:large","max-video-preview":"max-video-preview:-1"},"canonical":"https:\/\/www.ockendenmaternityreview.org.uk\/pl\/zakres-wymagan-i-obowiazkow\/","og_locale":"pl_PL","og_type":"article","og_title":"Zakres wymaga\u0144 i obowi\u0105zk\u00f3w - Ockenden Review","og_description":"Wkr\u00f3tce rozpoczniemy proces opracowywania zakresu wymaga\u0144 i obowi\u0105zk\u00f3w. Rodziny b\u0119d\u0105 mia\u0142y kluczowe znaczenie dla rozwoju SIWZ.","og_url":"https:\/\/www.ockendenmaternityreview.org.uk\/pl\/zakres-wymagan-i-obowiazkow\/","og_site_name":"Ockenden Review","article_publisher":"https:\/\/www.facebook.com\/ockendenmaternityreview?mibextid=wwXIfr","article_modified_time":"2026-03-24T14:08:53+00:00","twitter_card":"summary_large_image","twitter_site":"@ockreview","schema":{"@context":"https:\/\/schema.org","@graph":[{"@type":"WebPage","@id":"https:\/\/www.ockendenmaternityreview.org.uk\/pl\/zakres-wymagan-i-obowiazkow\/","url":"https:\/\/www.ockendenmaternityreview.org.uk\/pl\/zakres-wymagan-i-obowiazkow\/","name":"Zakres wymaga\u0144 i obowi\u0105zk\u00f3w - Ockenden Review","isPartOf":{"@id":"https:\/\/www.ockendenmaternityreview.org.uk\/fa\/#website"},"datePublished":"2026-03-20T16:03:02+00:00","dateModified":"2026-03-24T14:08:53+00:00","breadcrumb":{"@id":"https:\/\/www.ockendenmaternityreview.org.uk\/pl\/zakres-wymagan-i-obowiazkow\/#breadcrumb"},"inLanguage":"pl-PL","potentialAction":[{"@type":"ReadAction","target":["https:\/\/www.ockendenmaternityreview.org.uk\/pl\/zakres-wymagan-i-obowiazkow\/"]}]},{"@type":"BreadcrumbList","@id":"https:\/\/www.ockendenmaternityreview.org.uk\/pl\/zakres-wymagan-i-obowiazkow\/#breadcrumb","itemListElement":[{"@type":"ListItem","position":1,"name":"Home","item":"https:\/\/www.ockendenmaternityreview.org.uk\/pl\/"},{"@type":"ListItem","position":2,"name":"Zakres wymaga\u0144 i obowi\u0105zk\u00f3w"}]},{"@type":"WebSite","@id":"https:\/\/www.ockendenmaternityreview.org.uk\/fa\/#website","url":"https:\/\/www.ockendenmaternityreview.org.uk\/fa\/","name":"Ockenden Review","description":"","potentialAction":[{"@type":"SearchAction","target":{"@type":"EntryPoint","urlTemplate":"https:\/\/www.ockendenmaternityreview.org.uk\/fa\/?s={search_term_string}"},"query-input":{"@type":"PropertyValueSpecification","valueRequired":true,"valueName":"search_term_string"}}],"inLanguage":"pl-PL"}]}},"_links":{"self":[{"href":"https:\/\/www.ockendenmaternityreview.org.uk\/pl\/wp-json\/wp\/v2\/pages\/11177","targetHints":{"allow":["GET"]}}],"collection":[{"href":"https:\/\/www.ockendenmaternityreview.org.uk\/pl\/wp-json\/wp\/v2\/pages"}],"about":[{"href":"https:\/\/www.ockendenmaternityreview.org.uk\/pl\/wp-json\/wp\/v2\/types\/page"}],"author":[{"embeddable":true,"href":"https:\/\/www.ockendenmaternityreview.org.uk\/pl\/wp-json\/wp\/v2\/users\/1"}],"replies":[{"embeddable":true,"href":"https:\/\/www.ockendenmaternityreview.org.uk\/pl\/wp-json\/wp\/v2\/comments?post=11177"}],"version-history":[{"count":0,"href":"https:\/\/www.ockendenmaternityreview.org.uk\/pl\/wp-json\/wp\/v2\/pages\/11177\/revisions"}],"wp:attachment":[{"href":"https:\/\/www.ockendenmaternityreview.org.uk\/pl\/wp-json\/wp\/v2\/media?parent=11177"}],"curies":[{"name":"wp","href":"https:\/\/api.w.org\/{rel}","templated":true}]}}