{"id":11183,"date":"2026-03-20T16:03:22","date_gmt":"2026-03-20T16:03:22","guid":{"rendered":"https:\/\/ockendenmatdev.wpenginepowered.com\/wsparcie-psychologiczne-dla-rodzin\/"},"modified":"2026-03-24T14:08:53","modified_gmt":"2026-03-24T14:08:53","slug":"wsparcie-psychologiczne-dla-rodzin","status":"publish","type":"page","link":"https:\/\/www.ockendenmaternityreview.org.uk\/pl\/wsparcie-psychologiczne-dla-rodzin\/","title":{"rendered":"Wsparcie psychologiczne dla rodzin"},"content":{"rendered":"\n<p><br\/>Jeste\u015bmy w trakcie wsp\u00f3\u0142pracy z Departamentem Zdrowia i Opieki Spo\u0142ecznej (DHSC) w zakresie pozyskiwania bezpiecznego, opartego na traumie wsparcia psychologicznego dla rodzin obj\u0119tych niezale\u017cnym przegl\u0105dem us\u0142ug po\u0142o\u017cniczych w Leeds Teaching Hospitals NHS Trust.<\/p>\n","protected":false},"excerpt":{"rendered":"<p>Jeste\u015bmy w trakcie wsp\u00f3\u0142pracy z Departamentem Zdrowia i Opieki Spo\u0142ecznej (DHSC) w zakresie pozyskiwania bezpiecznego, opartego na traumie wsparcia psychologicznego dla rodzin obj\u0119tych niezale\u017cnym przegl\u0105dem us\u0142ug po\u0142o\u017cniczych w Leeds Teaching Hospitals NHS Trust.<\/p>\n","protected":false},"author":1,"featured_media":0,"parent":0,"menu_order":0,"comment_status":"closed","ping_status":"closed","template":"page-narrow.blade.php","meta":{"_acf_changed":false,"footnotes":""},"class_list":["post-11183","page","type-page","status-publish","hentry"],"acf":[],"yoast_head":"<!-- This site is optimized with the Yoast SEO plugin v27.2 - https:\/\/yoast.com\/product\/yoast-seo-wordpress\/ -->\n<title>Wsparcie psychologiczne dla rodzin - Ockenden Review<\/title>\n<meta name=\"robots\" content=\"index, follow, max-snippet:-1, max-image-preview:large, max-video-preview:-1\" \/>\n<link rel=\"canonical\" href=\"http:\/\/www.ockendenmaternityreview.org.uk\/pl\/wsparcie-psychologiczne-dla-rodzin\/\" \/>\n<meta property=\"og:locale\" content=\"pl_PL\" \/>\n<meta property=\"og:type\" content=\"article\" \/>\n<meta property=\"og:title\" content=\"Wsparcie psychologiczne dla rodzin - Ockenden Review\" \/>\n<meta property=\"og:description\" content=\"Jeste\u015bmy w trakcie wsp\u00f3\u0142pracy z Departamentem Zdrowia i Opieki Spo\u0142ecznej (DHSC) w zakresie pozyskiwania bezpiecznego, opartego na traumie wsparcia psychologicznego dla rodzin obj\u0119tych niezale\u017cnym przegl\u0105dem us\u0142ug po\u0142o\u017cniczych w Leeds Teaching Hospitals NHS Trust.\" \/>\n<meta property=\"og:url\" content=\"http:\/\/www.ockendenmaternityreview.org.uk\/pl\/wsparcie-psychologiczne-dla-rodzin\/\" \/>\n<meta property=\"og:site_name\" content=\"Ockenden Review\" \/>\n<meta property=\"article:publisher\" content=\"https:\/\/www.facebook.com\/ockendenmaternityreview?mibextid=wwXIfr\" \/>\n<meta property=\"article:modified_time\" content=\"2026-03-24T14:08:53+00:00\" \/>\n<meta name=\"twitter:card\" content=\"summary_large_image\" \/>\n<meta name=\"twitter:site\" content=\"@ockreview\" \/>\n<script type=\"application\/ld+json\" class=\"yoast-schema-graph\">{\"@context\":\"https:\/\/schema.org\",\"@graph\":[{\"@type\":\"WebPage\",\"@id\":\"http:\/\/www.ockendenmaternityreview.org.uk\/pl\/wsparcie-psychologiczne-dla-rodzin\/\",\"url\":\"http:\/\/www.ockendenmaternityreview.org.uk\/pl\/wsparcie-psychologiczne-dla-rodzin\/\",\"name\":\"Wsparcie psychologiczne dla rodzin - Ockenden Review\",\"isPartOf\":{\"@id\":\"https:\/\/www.ockendenmaternityreview.org.uk\/ro\/#website\"},\"datePublished\":\"2026-03-20T16:03:22+00:00\",\"dateModified\":\"2026-03-24T14:08:53+00:00\",\"breadcrumb\":{\"@id\":\"http:\/\/www.ockendenmaternityreview.org.uk\/pl\/wsparcie-psychologiczne-dla-rodzin\/#breadcrumb\"},\"inLanguage\":\"pl-PL\",\"potentialAction\":[{\"@type\":\"ReadAction\",\"target\":[\"http:\/\/www.ockendenmaternityreview.org.uk\/pl\/wsparcie-psychologiczne-dla-rodzin\/\"]}]},{\"@type\":\"BreadcrumbList\",\"@id\":\"http:\/\/www.ockendenmaternityreview.org.uk\/pl\/wsparcie-psychologiczne-dla-rodzin\/#breadcrumb\",\"itemListElement\":[{\"@type\":\"ListItem\",\"position\":1,\"name\":\"Home\",\"item\":\"https:\/\/www.ockendenmaternityreview.org.uk\/pl\/\"},{\"@type\":\"ListItem\",\"position\":2,\"name\":\"Wsparcie psychologiczne dla rodzin\"}]},{\"@type\":\"WebSite\",\"@id\":\"https:\/\/www.ockendenmaternityreview.org.uk\/ro\/#website\",\"url\":\"https:\/\/www.ockendenmaternityreview.org.uk\/ro\/\",\"name\":\"Ockenden Review\",\"description\":\"\",\"potentialAction\":[{\"@type\":\"SearchAction\",\"target\":{\"@type\":\"EntryPoint\",\"urlTemplate\":\"https:\/\/www.ockendenmaternityreview.org.uk\/ro\/?s={search_term_string}\"},\"query-input\":{\"@type\":\"PropertyValueSpecification\",\"valueRequired\":true,\"valueName\":\"search_term_string\"}}],\"inLanguage\":\"pl-PL\"}]}<\/script>\n<!-- \/ Yoast SEO plugin. -->","yoast_head_json":{"title":"Wsparcie psychologiczne dla rodzin - Ockenden Review","robots":{"index":"index","follow":"follow","max-snippet":"max-snippet:-1","max-image-preview":"max-image-preview:large","max-video-preview":"max-video-preview:-1"},"canonical":"http:\/\/www.ockendenmaternityreview.org.uk\/pl\/wsparcie-psychologiczne-dla-rodzin\/","og_locale":"pl_PL","og_type":"article","og_title":"Wsparcie psychologiczne dla rodzin - Ockenden Review","og_description":"Jeste\u015bmy w trakcie wsp\u00f3\u0142pracy z Departamentem Zdrowia i Opieki Spo\u0142ecznej (DHSC) w zakresie pozyskiwania bezpiecznego, opartego na traumie wsparcia psychologicznego dla rodzin obj\u0119tych niezale\u017cnym przegl\u0105dem us\u0142ug po\u0142o\u017cniczych w Leeds Teaching Hospitals NHS Trust.","og_url":"http:\/\/www.ockendenmaternityreview.org.uk\/pl\/wsparcie-psychologiczne-dla-rodzin\/","og_site_name":"Ockenden Review","article_publisher":"https:\/\/www.facebook.com\/ockendenmaternityreview?mibextid=wwXIfr","article_modified_time":"2026-03-24T14:08:53+00:00","twitter_card":"summary_large_image","twitter_site":"@ockreview","schema":{"@context":"https:\/\/schema.org","@graph":[{"@type":"WebPage","@id":"http:\/\/www.ockendenmaternityreview.org.uk\/pl\/wsparcie-psychologiczne-dla-rodzin\/","url":"http:\/\/www.ockendenmaternityreview.org.uk\/pl\/wsparcie-psychologiczne-dla-rodzin\/","name":"Wsparcie psychologiczne dla rodzin - Ockenden Review","isPartOf":{"@id":"https:\/\/www.ockendenmaternityreview.org.uk\/ro\/#website"},"datePublished":"2026-03-20T16:03:22+00:00","dateModified":"2026-03-24T14:08:53+00:00","breadcrumb":{"@id":"http:\/\/www.ockendenmaternityreview.org.uk\/pl\/wsparcie-psychologiczne-dla-rodzin\/#breadcrumb"},"inLanguage":"pl-PL","potentialAction":[{"@type":"ReadAction","target":["http:\/\/www.ockendenmaternityreview.org.uk\/pl\/wsparcie-psychologiczne-dla-rodzin\/"]}]},{"@type":"BreadcrumbList","@id":"http:\/\/www.ockendenmaternityreview.org.uk\/pl\/wsparcie-psychologiczne-dla-rodzin\/#breadcrumb","itemListElement":[{"@type":"ListItem","position":1,"name":"Home","item":"https:\/\/www.ockendenmaternityreview.org.uk\/pl\/"},{"@type":"ListItem","position":2,"name":"Wsparcie psychologiczne dla rodzin"}]},{"@type":"WebSite","@id":"https:\/\/www.ockendenmaternityreview.org.uk\/ro\/#website","url":"https:\/\/www.ockendenmaternityreview.org.uk\/ro\/","name":"Ockenden Review","description":"","potentialAction":[{"@type":"SearchAction","target":{"@type":"EntryPoint","urlTemplate":"https:\/\/www.ockendenmaternityreview.org.uk\/ro\/?s={search_term_string}"},"query-input":{"@type":"PropertyValueSpecification","valueRequired":true,"valueName":"search_term_string"}}],"inLanguage":"pl-PL"}]}},"_links":{"self":[{"href":"https:\/\/www.ockendenmaternityreview.org.uk\/pl\/wp-json\/wp\/v2\/pages\/11183","targetHints":{"allow":["GET"]}}],"collection":[{"href":"https:\/\/www.ockendenmaternityreview.org.uk\/pl\/wp-json\/wp\/v2\/pages"}],"about":[{"href":"https:\/\/www.ockendenmaternityreview.org.uk\/pl\/wp-json\/wp\/v2\/types\/page"}],"author":[{"embeddable":true,"href":"https:\/\/www.ockendenmaternityreview.org.uk\/pl\/wp-json\/wp\/v2\/users\/1"}],"replies":[{"embeddable":true,"href":"https:\/\/www.ockendenmaternityreview.org.uk\/pl\/wp-json\/wp\/v2\/comments?post=11183"}],"version-history":[{"count":0,"href":"https:\/\/www.ockendenmaternityreview.org.uk\/pl\/wp-json\/wp\/v2\/pages\/11183\/revisions"}],"wp:attachment":[{"href":"https:\/\/www.ockendenmaternityreview.org.uk\/pl\/wp-json\/wp\/v2\/media?parent=11183"}],"curies":[{"name":"wp","href":"https:\/\/api.w.org\/{rel}","templated":true}]}}