{"id":11200,"date":"2026-03-20T16:04:30","date_gmt":"2026-03-20T16:04:30","guid":{"rendered":"https:\/\/ockendenmatdev.wpenginepowered.com\/glosy-personelu\/"},"modified":"2026-03-24T14:09:03","modified_gmt":"2026-03-24T14:09:03","slug":"glosy-personelu","status":"publish","type":"page","link":"https:\/\/www.ockendenmaternityreview.org.uk\/pl\/glosy-personelu\/","title":{"rendered":"G\u0142osy personelu"},"content":{"rendered":"\n<p><br\/>W ramach przegl\u0105du zesp\u00f3\u0142 ds. przegl\u0105du zaoferuje spotkania i inne mo\u017cliwo\u015bci zaanga\u017cowania personelu pracuj\u0105cego w ramach us\u0142ug oko\u0142oporodowych w Leeds. Na tym etapie formalizujemy procesy, zanim b\u0119dziemy mogli rozpocz\u0105\u0107 ten element przegl\u0105du. <\/p>\n","protected":false},"excerpt":{"rendered":"<p>W ramach przegl\u0105du zesp\u00f3\u0142 ds. przegl\u0105du zaoferuje spotkania i inne mo\u017cliwo\u015bci zaanga\u017cowania personelu pracuj\u0105cego w ramach us\u0142ug oko\u0142oporodowych w Leeds. Na tym etapie formalizujemy procesy, zanim b\u0119dziemy mogli rozpocz\u0105\u0107 ten element przegl\u0105du.<\/p>\n","protected":false},"author":1,"featured_media":0,"parent":0,"menu_order":0,"comment_status":"closed","ping_status":"closed","template":"page-narrow.blade.php","meta":{"_acf_changed":false,"footnotes":""},"class_list":["post-11200","page","type-page","status-publish","hentry"],"acf":[],"yoast_head":"<!-- This site is optimized with the Yoast SEO plugin v27.2 - https:\/\/yoast.com\/product\/yoast-seo-wordpress\/ -->\n<title>G\u0142osy personelu - Ockenden Review<\/title>\n<meta name=\"robots\" content=\"index, follow, max-snippet:-1, max-image-preview:large, max-video-preview:-1\" \/>\n<link rel=\"canonical\" href=\"http:\/\/www.ockendenmaternityreview.org.uk\/pl\/glosy-personelu\/\" \/>\n<meta property=\"og:locale\" content=\"pl_PL\" \/>\n<meta property=\"og:type\" content=\"article\" \/>\n<meta property=\"og:title\" content=\"G\u0142osy personelu - Ockenden Review\" \/>\n<meta property=\"og:description\" content=\"W ramach przegl\u0105du zesp\u00f3\u0142 ds. przegl\u0105du zaoferuje spotkania i inne mo\u017cliwo\u015bci zaanga\u017cowania personelu pracuj\u0105cego w ramach us\u0142ug oko\u0142oporodowych w Leeds. Na tym etapie formalizujemy procesy, zanim b\u0119dziemy mogli rozpocz\u0105\u0107 ten element przegl\u0105du.\" \/>\n<meta property=\"og:url\" content=\"http:\/\/www.ockendenmaternityreview.org.uk\/pl\/glosy-personelu\/\" \/>\n<meta property=\"og:site_name\" content=\"Ockenden Review\" \/>\n<meta property=\"article:publisher\" content=\"https:\/\/www.facebook.com\/ockendenmaternityreview?mibextid=wwXIfr\" \/>\n<meta property=\"article:modified_time\" content=\"2026-03-24T14:09:03+00:00\" \/>\n<meta name=\"twitter:card\" content=\"summary_large_image\" \/>\n<meta name=\"twitter:site\" content=\"@ockreview\" \/>\n<script type=\"application\/ld+json\" class=\"yoast-schema-graph\">{\"@context\":\"https:\/\/schema.org\",\"@graph\":[{\"@type\":\"WebPage\",\"@id\":\"http:\/\/www.ockendenmaternityreview.org.uk\/pl\/glosy-personelu\/\",\"url\":\"http:\/\/www.ockendenmaternityreview.org.uk\/pl\/glosy-personelu\/\",\"name\":\"G\u0142osy personelu - Ockenden Review\",\"isPartOf\":{\"@id\":\"http:\/\/www.ockendenmaternityreview.org.uk\/zh-hant\/#website\"},\"datePublished\":\"2026-03-20T16:04:30+00:00\",\"dateModified\":\"2026-03-24T14:09:03+00:00\",\"breadcrumb\":{\"@id\":\"http:\/\/www.ockendenmaternityreview.org.uk\/pl\/glosy-personelu\/#breadcrumb\"},\"inLanguage\":\"pl-PL\",\"potentialAction\":[{\"@type\":\"ReadAction\",\"target\":[\"http:\/\/www.ockendenmaternityreview.org.uk\/pl\/glosy-personelu\/\"]}]},{\"@type\":\"BreadcrumbList\",\"@id\":\"http:\/\/www.ockendenmaternityreview.org.uk\/pl\/glosy-personelu\/#breadcrumb\",\"itemListElement\":[{\"@type\":\"ListItem\",\"position\":1,\"name\":\"Home\",\"item\":\"https:\/\/www.ockendenmaternityreview.org.uk\/pl\/\"},{\"@type\":\"ListItem\",\"position\":2,\"name\":\"G\u0142osy personelu\"}]},{\"@type\":\"WebSite\",\"@id\":\"http:\/\/www.ockendenmaternityreview.org.uk\/zh-hant\/#website\",\"url\":\"http:\/\/www.ockendenmaternityreview.org.uk\/zh-hant\/\",\"name\":\"Ockenden Review\",\"description\":\"\",\"potentialAction\":[{\"@type\":\"SearchAction\",\"target\":{\"@type\":\"EntryPoint\",\"urlTemplate\":\"http:\/\/www.ockendenmaternityreview.org.uk\/zh-hant\/?s={search_term_string}\"},\"query-input\":{\"@type\":\"PropertyValueSpecification\",\"valueRequired\":true,\"valueName\":\"search_term_string\"}}],\"inLanguage\":\"pl-PL\"}]}<\/script>\n<!-- \/ Yoast SEO plugin. -->","yoast_head_json":{"title":"G\u0142osy personelu - Ockenden Review","robots":{"index":"index","follow":"follow","max-snippet":"max-snippet:-1","max-image-preview":"max-image-preview:large","max-video-preview":"max-video-preview:-1"},"canonical":"http:\/\/www.ockendenmaternityreview.org.uk\/pl\/glosy-personelu\/","og_locale":"pl_PL","og_type":"article","og_title":"G\u0142osy personelu - Ockenden Review","og_description":"W ramach przegl\u0105du zesp\u00f3\u0142 ds. przegl\u0105du zaoferuje spotkania i inne mo\u017cliwo\u015bci zaanga\u017cowania personelu pracuj\u0105cego w ramach us\u0142ug oko\u0142oporodowych w Leeds. Na tym etapie formalizujemy procesy, zanim b\u0119dziemy mogli rozpocz\u0105\u0107 ten element przegl\u0105du.","og_url":"http:\/\/www.ockendenmaternityreview.org.uk\/pl\/glosy-personelu\/","og_site_name":"Ockenden Review","article_publisher":"https:\/\/www.facebook.com\/ockendenmaternityreview?mibextid=wwXIfr","article_modified_time":"2026-03-24T14:09:03+00:00","twitter_card":"summary_large_image","twitter_site":"@ockreview","schema":{"@context":"https:\/\/schema.org","@graph":[{"@type":"WebPage","@id":"http:\/\/www.ockendenmaternityreview.org.uk\/pl\/glosy-personelu\/","url":"http:\/\/www.ockendenmaternityreview.org.uk\/pl\/glosy-personelu\/","name":"G\u0142osy personelu - Ockenden Review","isPartOf":{"@id":"http:\/\/www.ockendenmaternityreview.org.uk\/zh-hant\/#website"},"datePublished":"2026-03-20T16:04:30+00:00","dateModified":"2026-03-24T14:09:03+00:00","breadcrumb":{"@id":"http:\/\/www.ockendenmaternityreview.org.uk\/pl\/glosy-personelu\/#breadcrumb"},"inLanguage":"pl-PL","potentialAction":[{"@type":"ReadAction","target":["http:\/\/www.ockendenmaternityreview.org.uk\/pl\/glosy-personelu\/"]}]},{"@type":"BreadcrumbList","@id":"http:\/\/www.ockendenmaternityreview.org.uk\/pl\/glosy-personelu\/#breadcrumb","itemListElement":[{"@type":"ListItem","position":1,"name":"Home","item":"https:\/\/www.ockendenmaternityreview.org.uk\/pl\/"},{"@type":"ListItem","position":2,"name":"G\u0142osy personelu"}]},{"@type":"WebSite","@id":"http:\/\/www.ockendenmaternityreview.org.uk\/zh-hant\/#website","url":"http:\/\/www.ockendenmaternityreview.org.uk\/zh-hant\/","name":"Ockenden Review","description":"","potentialAction":[{"@type":"SearchAction","target":{"@type":"EntryPoint","urlTemplate":"http:\/\/www.ockendenmaternityreview.org.uk\/zh-hant\/?s={search_term_string}"},"query-input":{"@type":"PropertyValueSpecification","valueRequired":true,"valueName":"search_term_string"}}],"inLanguage":"pl-PL"}]}},"_links":{"self":[{"href":"https:\/\/www.ockendenmaternityreview.org.uk\/pl\/wp-json\/wp\/v2\/pages\/11200","targetHints":{"allow":["GET"]}}],"collection":[{"href":"https:\/\/www.ockendenmaternityreview.org.uk\/pl\/wp-json\/wp\/v2\/pages"}],"about":[{"href":"https:\/\/www.ockendenmaternityreview.org.uk\/pl\/wp-json\/wp\/v2\/types\/page"}],"author":[{"embeddable":true,"href":"https:\/\/www.ockendenmaternityreview.org.uk\/pl\/wp-json\/wp\/v2\/users\/1"}],"replies":[{"embeddable":true,"href":"https:\/\/www.ockendenmaternityreview.org.uk\/pl\/wp-json\/wp\/v2\/comments?post=11200"}],"version-history":[{"count":0,"href":"https:\/\/www.ockendenmaternityreview.org.uk\/pl\/wp-json\/wp\/v2\/pages\/11200\/revisions"}],"wp:attachment":[{"href":"https:\/\/www.ockendenmaternityreview.org.uk\/pl\/wp-json\/wp\/v2\/media?parent=11200"}],"curies":[{"name":"wp","href":"https:\/\/api.w.org\/{rel}","templated":true}]}}