{"id":11327,"date":"2026-01-08T15:46:46","date_gmt":"2026-01-08T15:46:46","guid":{"rendered":"https:\/\/ockendenmatdev.wpenginepowered.com\/gmc-i-nmc\/"},"modified":"2026-03-24T14:09:40","modified_gmt":"2026-03-24T14:09:40","slug":"gmc-i-nmc","status":"publish","type":"page","link":"https:\/\/www.ockendenmaternityreview.org.uk\/pl\/gmc-i-nmc\/","title":{"rendered":"GMC i NMC"},"content":{"rendered":"\n<p>General Medical Council (GMC) oraz Nursing and Midwifery Council (NMC) oferuj\u0105 wirtualne i bezpo\u015brednie spotkania dla rodzin zaanga\u017cowanych w Nottingham Maternity Review, kt\u00f3re chc\u0105 zg\u0142osi\u0107 obawy dotycz\u0105ce zarejestrowanego u nich specjalisty. GMC jest niezale\u017cnym organem regulacyjnym dla lekarzy, wsp\u00f3\u0142pracownik\u00f3w lekarzy i wsp\u00f3\u0142pracownik\u00f3w anestezjolog\u00f3w. NMC jest niezale\u017cnym organem regulacyjnym dla piel\u0119gniarek, po\u0142o\u017cnych i piel\u0119gniarzy. Spotkanie mo\u017cna zarezerwowa\u0107 za pomoc\u0105 poni\u017cszego kodu QR lub klikaj\u0105c <a href=\"https:\/\/urldefense.com\/v3\/__https:\/outlook.office.com\/book\/Casesurgeriesresponse@Genmedcouncil.onmicrosoft.com\/?ismsaljsauthenabled__;!!IeEvfY6EA4c!yvBjg0aGadVWSSSFdUDWtL7ccyNQ6FkaNJV_cv3sLfb3tdOvavo3jCeDVh18sFG-68YvHj7u1PPkiH3E6BL_6XJp9Xcz9yy2Bg%24\">ten link<\/a>.   <\/p>\n\n<p>Po zarezerwowaniu spotkania otrzymasz wiadomo\u015b\u0107 e-mail z potwierdzeniem. GMC lub NMC skontaktuje si\u0119 z Tob\u0105 na 2 tygodnie przed spotkaniem, aby si\u0119 przedstawi\u0107 i wyja\u015bni\u0107, czego mo\u017cesz si\u0119 spodziewa\u0107. <\/p>\n\n<p>Mo\u017cesz wys\u0142a\u0107 wiadomo\u015b\u0107 e-mail do GMC na adres <a href=\"mailto:Maternity@gmc-uk.org\">Maternity@gmc-uk.org<\/a> lub do NMC na adres <a href=\"mailto:nottinghamformenquiries@nmc-uk.org\">nottinghamformenquiries@nmc-uk.org<\/a>.<\/p>\n\n<figure class=\"wp-block-image aligncenter is-resized mx-auto\"><img decoding=\"async\" src=\"https:\/\/www.ockendenmaternityreview.org.uk\/wp-content\/uploads\/2025\/11\/image.png\" alt=\"\" class=\"wp-image-9229\" style=\"width:299px;height:auto\"\/><\/figure>\n","protected":false},"excerpt":{"rendered":"<p>General Medical Council (GMC) oraz Nursing and Midwifery Council (NMC) oferuj\u0105 wirtualne i bezpo\u015brednie spotkania dla rodzin zaanga\u017cowanych w Nottingham Maternity Review, kt\u00f3re chc\u0105 zg\u0142osi\u0107 obawy dotycz\u0105ce zarejestrowanego u nich specjalisty. GMC jest niezale\u017cnym organem regulacyjnym dla lekarzy, wsp\u00f3\u0142pracownik\u00f3w lekarzy i wsp\u00f3\u0142pracownik\u00f3w anestezjolog\u00f3w. NMC jest niezale\u017cnym organem regulacyjnym dla piel\u0119gniarek, po\u0142o\u017cnych i piel\u0119gniarzy. Spotkanie mo\u017cna &hellip; <a href=\"https:\/\/www.ockendenmaternityreview.org.uk\/pl\/gmc-i-nmc\/\">Continued<\/a><\/p>\n","protected":false},"author":1,"featured_media":0,"parent":0,"menu_order":0,"comment_status":"closed","ping_status":"closed","template":"page-narrow.blade.php","meta":{"_acf_changed":false,"footnotes":""},"class_list":["post-11327","page","type-page","status-publish","hentry"],"acf":[],"yoast_head":"<!-- This site is optimized with the Yoast SEO plugin v27.2 - https:\/\/yoast.com\/product\/yoast-seo-wordpress\/ -->\n<title>GMC i NMC - Ockenden Review<\/title>\n<meta name=\"robots\" content=\"index, follow, max-snippet:-1, max-image-preview:large, max-video-preview:-1\" \/>\n<link rel=\"canonical\" href=\"https:\/\/www.ockendenmaternityreview.org.uk\/nottingham-gmc-and-nmc\/\" \/>\n<meta property=\"og:locale\" content=\"pl_PL\" \/>\n<meta property=\"og:type\" content=\"article\" \/>\n<meta property=\"og:title\" content=\"GMC i NMC - Ockenden Review\" \/>\n<meta property=\"og:description\" content=\"General Medical Council (GMC) oraz Nursing and Midwifery Council (NMC) oferuj\u0105 wirtualne i bezpo\u015brednie spotkania dla rodzin zaanga\u017cowanych w Nottingham Maternity Review, kt\u00f3re chc\u0105 zg\u0142osi\u0107 obawy dotycz\u0105ce zarejestrowanego u nich specjalisty. GMC jest niezale\u017cnym organem regulacyjnym dla lekarzy, wsp\u00f3\u0142pracownik\u00f3w lekarzy i wsp\u00f3\u0142pracownik\u00f3w anestezjolog\u00f3w. NMC jest niezale\u017cnym organem regulacyjnym dla piel\u0119gniarek, po\u0142o\u017cnych i piel\u0119gniarzy. Spotkanie mo\u017cna &hellip; Continued\" \/>\n<meta property=\"og:url\" content=\"https:\/\/www.ockendenmaternityreview.org.uk\/nottingham-gmc-and-nmc\/\" \/>\n<meta property=\"og:site_name\" content=\"Ockenden Review\" \/>\n<meta property=\"article:publisher\" content=\"https:\/\/www.facebook.com\/ockendenmaternityreview?mibextid=wwXIfr\" \/>\n<meta property=\"article:modified_time\" content=\"2026-03-24T14:09:40+00:00\" \/>\n<meta property=\"og:image\" content=\"https:\/\/www.ockendenmaternityreview.org.uk\/wp-content\/uploads\/2025\/11\/image.png\" \/>\n<meta name=\"twitter:card\" content=\"summary_large_image\" \/>\n<meta name=\"twitter:site\" content=\"@ockreview\" \/>\n<meta name=\"twitter:label1\" content=\"Szacowany czas czytania\" \/>\n\t<meta name=\"twitter:data1\" content=\"1 minuta\" \/>\n<script type=\"application\/ld+json\" class=\"yoast-schema-graph\">{\"@context\":\"https:\/\/schema.org\",\"@graph\":[{\"@type\":\"WebPage\",\"@id\":\"https:\/\/www.ockendenmaternityreview.org.uk\/nottingham-gmc-and-nmc\/\",\"url\":\"https:\/\/www.ockendenmaternityreview.org.uk\/nottingham-gmc-and-nmc\/\",\"name\":\"GMC i NMC - Ockenden Review\",\"isPartOf\":{\"@id\":\"https:\/\/www.ockendenmaternityreview.org.uk\/ku\/#website\"},\"primaryImageOfPage\":{\"@id\":\"https:\/\/www.ockendenmaternityreview.org.uk\/nottingham-gmc-and-nmc\/#primaryimage\"},\"image\":{\"@id\":\"https:\/\/www.ockendenmaternityreview.org.uk\/nottingham-gmc-and-nmc\/#primaryimage\"},\"thumbnailUrl\":\"https:\/\/www.ockendenmaternityreview.org.uk\/wp-content\/uploads\/2025\/11\/image.png\",\"datePublished\":\"2026-01-08T15:46:46+00:00\",\"dateModified\":\"2026-03-24T14:09:40+00:00\",\"breadcrumb\":{\"@id\":\"https:\/\/www.ockendenmaternityreview.org.uk\/nottingham-gmc-and-nmc\/#breadcrumb\"},\"inLanguage\":\"pl-PL\",\"potentialAction\":[{\"@type\":\"ReadAction\",\"target\":[\"https:\/\/www.ockendenmaternityreview.org.uk\/nottingham-gmc-and-nmc\/\"]}]},{\"@type\":\"ImageObject\",\"inLanguage\":\"pl-PL\",\"@id\":\"https:\/\/www.ockendenmaternityreview.org.uk\/nottingham-gmc-and-nmc\/#primaryimage\",\"url\":\"https:\/\/www.ockendenmaternityreview.org.uk\/wp-content\/uploads\/2025\/11\/image.png\",\"contentUrl\":\"https:\/\/www.ockendenmaternityreview.org.uk\/wp-content\/uploads\/2025\/11\/image.png\"},{\"@type\":\"BreadcrumbList\",\"@id\":\"https:\/\/www.ockendenmaternityreview.org.uk\/nottingham-gmc-and-nmc\/#breadcrumb\",\"itemListElement\":[{\"@type\":\"ListItem\",\"position\":1,\"name\":\"Home\",\"item\":\"http:\/\/www.ockendenmaternityreview.org.uk\/pl\/\"},{\"@type\":\"ListItem\",\"position\":2,\"name\":\"GMC i NMC\"}]},{\"@type\":\"WebSite\",\"@id\":\"https:\/\/www.ockendenmaternityreview.org.uk\/ku\/#website\",\"url\":\"https:\/\/www.ockendenmaternityreview.org.uk\/ku\/\",\"name\":\"Ockenden Review\",\"description\":\"\",\"potentialAction\":[{\"@type\":\"SearchAction\",\"target\":{\"@type\":\"EntryPoint\",\"urlTemplate\":\"https:\/\/www.ockendenmaternityreview.org.uk\/ku\/?s={search_term_string}\"},\"query-input\":{\"@type\":\"PropertyValueSpecification\",\"valueRequired\":true,\"valueName\":\"search_term_string\"}}],\"inLanguage\":\"pl-PL\"}]}<\/script>\n<!-- \/ Yoast SEO plugin. -->","yoast_head_json":{"title":"GMC i NMC - Ockenden Review","robots":{"index":"index","follow":"follow","max-snippet":"max-snippet:-1","max-image-preview":"max-image-preview:large","max-video-preview":"max-video-preview:-1"},"canonical":"https:\/\/www.ockendenmaternityreview.org.uk\/nottingham-gmc-and-nmc\/","og_locale":"pl_PL","og_type":"article","og_title":"GMC i NMC - Ockenden Review","og_description":"General Medical Council (GMC) oraz Nursing and Midwifery Council (NMC) oferuj\u0105 wirtualne i bezpo\u015brednie spotkania dla rodzin zaanga\u017cowanych w Nottingham Maternity Review, kt\u00f3re chc\u0105 zg\u0142osi\u0107 obawy dotycz\u0105ce zarejestrowanego u nich specjalisty. GMC jest niezale\u017cnym organem regulacyjnym dla lekarzy, wsp\u00f3\u0142pracownik\u00f3w lekarzy i wsp\u00f3\u0142pracownik\u00f3w anestezjolog\u00f3w. NMC jest niezale\u017cnym organem regulacyjnym dla piel\u0119gniarek, po\u0142o\u017cnych i piel\u0119gniarzy. Spotkanie mo\u017cna &hellip; Continued","og_url":"https:\/\/www.ockendenmaternityreview.org.uk\/nottingham-gmc-and-nmc\/","og_site_name":"Ockenden Review","article_publisher":"https:\/\/www.facebook.com\/ockendenmaternityreview?mibextid=wwXIfr","article_modified_time":"2026-03-24T14:09:40+00:00","og_image":[{"url":"https:\/\/www.ockendenmaternityreview.org.uk\/wp-content\/uploads\/2025\/11\/image.png","type":"","width":"","height":""}],"twitter_card":"summary_large_image","twitter_site":"@ockreview","twitter_misc":{"Szacowany czas czytania":"1 minuta"},"schema":{"@context":"https:\/\/schema.org","@graph":[{"@type":"WebPage","@id":"https:\/\/www.ockendenmaternityreview.org.uk\/nottingham-gmc-and-nmc\/","url":"https:\/\/www.ockendenmaternityreview.org.uk\/nottingham-gmc-and-nmc\/","name":"GMC i NMC - Ockenden Review","isPartOf":{"@id":"https:\/\/www.ockendenmaternityreview.org.uk\/ku\/#website"},"primaryImageOfPage":{"@id":"https:\/\/www.ockendenmaternityreview.org.uk\/nottingham-gmc-and-nmc\/#primaryimage"},"image":{"@id":"https:\/\/www.ockendenmaternityreview.org.uk\/nottingham-gmc-and-nmc\/#primaryimage"},"thumbnailUrl":"https:\/\/www.ockendenmaternityreview.org.uk\/wp-content\/uploads\/2025\/11\/image.png","datePublished":"2026-01-08T15:46:46+00:00","dateModified":"2026-03-24T14:09:40+00:00","breadcrumb":{"@id":"https:\/\/www.ockendenmaternityreview.org.uk\/nottingham-gmc-and-nmc\/#breadcrumb"},"inLanguage":"pl-PL","potentialAction":[{"@type":"ReadAction","target":["https:\/\/www.ockendenmaternityreview.org.uk\/nottingham-gmc-and-nmc\/"]}]},{"@type":"ImageObject","inLanguage":"pl-PL","@id":"https:\/\/www.ockendenmaternityreview.org.uk\/nottingham-gmc-and-nmc\/#primaryimage","url":"https:\/\/www.ockendenmaternityreview.org.uk\/wp-content\/uploads\/2025\/11\/image.png","contentUrl":"https:\/\/www.ockendenmaternityreview.org.uk\/wp-content\/uploads\/2025\/11\/image.png"},{"@type":"BreadcrumbList","@id":"https:\/\/www.ockendenmaternityreview.org.uk\/nottingham-gmc-and-nmc\/#breadcrumb","itemListElement":[{"@type":"ListItem","position":1,"name":"Home","item":"http:\/\/www.ockendenmaternityreview.org.uk\/pl\/"},{"@type":"ListItem","position":2,"name":"GMC i NMC"}]},{"@type":"WebSite","@id":"https:\/\/www.ockendenmaternityreview.org.uk\/ku\/#website","url":"https:\/\/www.ockendenmaternityreview.org.uk\/ku\/","name":"Ockenden Review","description":"","potentialAction":[{"@type":"SearchAction","target":{"@type":"EntryPoint","urlTemplate":"https:\/\/www.ockendenmaternityreview.org.uk\/ku\/?s={search_term_string}"},"query-input":{"@type":"PropertyValueSpecification","valueRequired":true,"valueName":"search_term_string"}}],"inLanguage":"pl-PL"}]}},"_links":{"self":[{"href":"https:\/\/www.ockendenmaternityreview.org.uk\/pl\/wp-json\/wp\/v2\/pages\/11327","targetHints":{"allow":["GET"]}}],"collection":[{"href":"https:\/\/www.ockendenmaternityreview.org.uk\/pl\/wp-json\/wp\/v2\/pages"}],"about":[{"href":"https:\/\/www.ockendenmaternityreview.org.uk\/pl\/wp-json\/wp\/v2\/types\/page"}],"author":[{"embeddable":true,"href":"https:\/\/www.ockendenmaternityreview.org.uk\/pl\/wp-json\/wp\/v2\/users\/1"}],"replies":[{"embeddable":true,"href":"https:\/\/www.ockendenmaternityreview.org.uk\/pl\/wp-json\/wp\/v2\/comments?post=11327"}],"version-history":[{"count":0,"href":"https:\/\/www.ockendenmaternityreview.org.uk\/pl\/wp-json\/wp\/v2\/pages\/11327\/revisions"}],"wp:attachment":[{"href":"https:\/\/www.ockendenmaternityreview.org.uk\/pl\/wp-json\/wp\/v2\/media?parent=11327"}],"curies":[{"name":"wp","href":"https:\/\/api.w.org\/{rel}","templated":true}]}}