{"id":11329,"date":"2026-01-08T15:33:58","date_gmt":"2026-01-08T15:33:58","guid":{"rendered":"https:\/\/ockendenmatdev.wpenginepowered.com\/wsparcie-dla-personelu\/"},"modified":"2026-03-24T14:09:42","modified_gmt":"2026-03-24T14:09:42","slug":"wsparcie-dla-personelu","status":"publish","type":"page","link":"https:\/\/www.ockendenmaternityreview.org.uk\/pl\/wsparcie-dla-personelu\/","title":{"rendered":"Wsparcie dla personelu"},"content":{"rendered":"\n<h2 class=\"wp-block-heading\">S\u0142u\u017cymy pomoc\u0105<\/h2>\n\n<p>(Informacje dostarczone przez Nottingham University Hospitals NHS Trust dla pracownik\u00f3w z kwietnia 2023 r.)<\/p>\n\n<h2 class=\"wp-block-heading\">Kliniczny<\/h2>\n\n<p><strong>Incydenty zwi\u0105zane z bezpiecze\u0144stwem pacjent\u00f3w, \u015brodowisko\/kultura, przydzia\u0142y\/godziny, nadz\u00f3r<\/strong><\/p>\n\n<div class=\"wp-block-columns is-layout-flex wp-container-core-columns-is-layout-9d6595d7 wp-block-columns-is-layout-flex\">\n<div class=\"wp-block-column is-layout-flow wp-block-column-is-layout-flow\">\n<ul class=\"wp-block-list\">\n<li>Kierownik kliniczny<\/li>\n\n\n\n<li>Kierownik dzia\u0142u<\/li>\n\n\n\n<li>Datix<\/li>\n\n\n\n<li>Freedom to Speak Up &#8211; freedomtospeakupguardian@nuh.nhs.uk<\/li>\n<\/ul>\n<\/div>\n\n\n\n<div class=\"wp-block-column is-layout-flow wp-block-column-is-layout-flow\">\n<ul class=\"wp-block-list\">\n<li>Mistrz godno\u015bci w pracy<\/li>\n\n\n\n<li>Stra\u017cnik bezpiecznej pracy (GoSW)<\/li>\n\n\n\n<li>M\u0142odszy lekarz koordynator<\/li>\n<\/ul>\n<\/div>\n<\/div>\n\n<h2 class=\"wp-block-heading\">Szkolenie<\/h2>\n\n<p><strong>Nauczanie w miejscu pracy, Portfolio\/ARPC, Egzaminy<\/strong><\/p>\n\n<div class=\"wp-block-columns is-layout-flex wp-container-core-columns-is-layout-9d6595d7 wp-block-columns-is-layout-flex\">\n<div class=\"wp-block-column is-layout-flow wp-block-column-is-layout-flow\">\n<ul class=\"wp-block-list\">\n<li>Kurator o\u015bwiaty<\/li>\n\n\n\n<li>Dzia\u0142 Podyplomowego Kszta\u0142cenia Medycznego (PMED) &#8211; wew. 81730 (QMC) lub 76758 (City)<\/li>\n\n\n\n<li>Sta\u017cysta<\/li>\n<\/ul>\n<\/div>\n\n\n\n<div class=\"wp-block-column is-layout-flow wp-block-column-is-layout-flow\">\n<ul class=\"wp-block-list\">\n<li>Dyrektor programu szkoleniowego (TPD)\/dyrektor szko\u0142y (HOSch)<\/li>\n\n\n\n<li>Profesjonalne wsparcie i dobre samopoczucie (PSW)\/Health Education England, East Midlands (HEE)<\/li>\n<\/ul>\n<\/div>\n<\/div>\n\n<h2 class=\"wp-block-heading\">Osobiste<\/h2>\n\n<p><strong>Pieni\u0105dze, zdrowie fizyczne\/psychiczne, alkohol\/narkotyki\/palenie, dom\/rodzina<\/strong><\/p>\n\n<div class=\"wp-block-columns is-layout-flex wp-container-core-columns-is-layout-9d6595d7 wp-block-columns-is-layout-flex\">\n<div class=\"wp-block-column is-layout-flow wp-block-column-is-layout-flow\">\n<ul class=\"wp-block-list\">\n<li>Rodzina<\/li>\n\n\n\n<li>Prze\u0142o\u017cony\/kolega<\/li>\n\n\n\n<li>Strona internetowa dotycz\u0105ca dobrego samopoczucia pracownik\u00f3w NUH<\/li>\n\n\n\n<li>Program pomocy dla pracownik\u00f3w (EAP) &#8211; 0800 783 2808<\/li>\n\n\n\n<li>Zdrowie zawodowe (OH) &#8211; 56646 \/ nottmocchealth@nuh.nhs.uk<\/li>\n<\/ul>\n<\/div>\n\n\n\n<div class=\"wp-block-column is-layout-flow wp-block-column-is-layout-flow\">\n<ul class=\"wp-block-list\">\n<li>Personel medyczny<\/li>\n\n\n\n<li>Profesjonalne wsparcie i dobre samopoczucie (PSW) &#8211; psw.em@hee.nhs.uk<\/li>\n\n\n\n<li>Unia<\/li>\n<\/ul>\n<\/div>\n<\/div>\n\n<h2 class=\"wp-block-heading\">W ka\u017cdym z tych przypadk\u00f3w mo\u017cna r\u00f3wnie\u017c zwr\u00f3ci\u0107 si\u0119 do:<\/h2>\n\n<p>Kolega, mentor, forum m\u0142odszych lekarzy (JDF), oficer \u0142\u0105cznikowy m\u0142odszych lekarzy (JDLO) JuniorDoctorLiaisonOfficer@nuh.nhs.uk lub nauczyciel akademicki<\/p>\n\n<h3 class=\"wp-block-heading\">Pierwszy punkt kontaktowy:<\/h3>\n\n<p><strong>M\u0142odsi lekarze &#8211; <\/strong>oficer \u0142\u0105cznikowy m\u0142odszych lekarzy, Nina Lacovitte<\/p>\n\n<p><strong>Po\u0142o\u017cne &#8211; <\/strong>PMA jako pierwszy punkt kontaktu ze wsparciem psychologii klinicznej<\/p>\n\n<p><strong>Wszyscy &#8211;<\/strong> EAP przez intranet lub bezpo\u015brednio do psychologa klinicznego<\/p>\n\n<div style=\"height:50px\" aria-hidden=\"true\" class=\"wp-block-spacer\"><\/div>\n\n<h2 class=\"wp-block-heading\">Gdzie szuka\u0107 porad i wsparcia dla pracownik\u00f3w Macierzy\u0144stwo 2023<\/h2>\n\n<p>Aby dowiedzie\u0107 si\u0119 wi\u0119cej o us\u0142ugach zwi\u0105zanych z dobrym samopoczuciem pracownik\u00f3w, odwied\u017a stron\u0119: www.nuh.nhs.uk\/staff-wellbeing<\/p>\n\n<p>staffwellbeing@nuh.nhs.uk | 0115 924 9924 x84771 | @SWBNUH<\/p>\n\n<div style=\"height:20px\" aria-hidden=\"true\" class=\"wp-block-spacer\"><\/div>\n\n<div class=\"wp-block-columns is-layout-flex wp-container-core-columns-is-layout-9d6595d7 wp-block-columns-is-layout-flex\">\n<div class=\"wp-block-column is-layout-flow wp-block-column-is-layout-flow\">\n<p><strong>Doradztwo finansowe<\/strong><\/p>\n\n\n\n<ul class=\"wp-block-list\">\n<li>https:\/\/www.nuh.nhs.uk\/financial-wellbeing<\/li>\n<\/ul>\n\n\n\n<p><strong>Doradztwo\/wsparcie w zakresie zdrowia psychicznego<\/strong><\/p>\n\n\n\n<ul class=\"wp-block-list\">\n<li>Health Assured 0800 783 2808<\/li>\n\n\n\n<li>https:\/\/www.nuh.nhs.uk\/mentalhealth<\/li>\n<\/ul>\n\n\n\n<p><strong>Doradztwo<\/strong><\/p>\n\n\n\n<ul class=\"wp-block-list\">\n<li>Health Assured 0800 783 2808<\/li>\n\n\n\n<li>Doradztwo OH x76646<\/li>\n<\/ul>\n\n\n\n<p><strong>Wsparcie duchowe<\/strong><\/p>\n\n\n\n<ul class=\"wp-block-list\">\n<li>contactachaplain@nuh.nhs.uk<\/li>\n\n\n\n<li>x83799 (QMC) x76187 (City)<\/li>\n<\/ul>\n\n\n\n<p><strong>Traumatyczny wypadek w pracy<\/strong><\/p>\n\n\n\n<ul class=\"wp-block-list\">\n<li>SISS@nuh.nhs.uk<\/li>\n<\/ul>\n\n\n\n<p><strong>Porady prawne<\/strong><\/p>\n\n\n\n<ul class=\"wp-block-list\">\n<li>Health Assured 0800 783 2808<\/li>\n<\/ul>\n\n\n\n<p><strong>Porady dla mened\u017cer\u00f3w<\/strong><\/p>\n\n\n\n<ul class=\"wp-block-list\">\n<li>Health Assured 0800 783 2808<\/li>\n\n\n\n<li>nuhacademy@nuh.nhs.uk<\/li>\n<\/ul>\n<\/div>\n\n\n\n<div class=\"wp-block-column is-layout-flow wp-block-column-is-layout-flow\">\n<p><strong>Kryzysowe zdrowie psychiczne<\/strong><\/p>\n\n\n\n<ul class=\"wp-block-list\">\n<li>0808 196 3779<\/li>\n\n\n\n<li>116 123<\/li>\n<\/ul>\n\n\n\n<p><strong>Profesjonalne wsparcie (po\u0142o\u017cne)<\/strong><\/p>\n\n\n\n<ul class=\"wp-block-list\">\n<li>askaPMA@nuh.nhs.uk<\/li>\n<\/ul>\n\n\n\n<p><strong>Wsparcie dla zapyta\u0144 ofertowych\/SI<\/strong><\/p>\n\n\n\n<ul class=\"wp-block-list\">\n<li>NUHSoS@nuh.nhs.uk<\/li>\n<\/ul>\n\n\n\n<p><strong>M\u0142odsi lekarze<\/strong><\/p>\n\n\n\n<ul class=\"wp-block-list\">\n<li>JuniorDoctorLiaisonOfficer@nuh.nhs.uk<\/li>\n<\/ul>\n\n\n\n<p><strong>Nie jestem pewien<\/strong><\/p>\n\n\n\n<ul class=\"wp-block-list\">\n<li>Porozmawiaj ze swoim mened\u017cerem<\/li>\n\n\n\n<li>Health Assured 0800 783 2808<\/li>\n\n\n\n<li>staffwellbeing@nuh.nhs.uk \/ x84771<\/li>\n\n\n\n<li>FreedomtoSpeakUpGuardian@nuh.nhs.uk<\/li>\n<\/ul>\n<\/div>\n<\/div>\n\n<p><\/p>\n","protected":false},"excerpt":{"rendered":"<p>S\u0142u\u017cymy pomoc\u0105 (Informacje dostarczone przez Nottingham University Hospitals NHS Trust dla pracownik\u00f3w z kwietnia 2023 r.) Kliniczny Incydenty zwi\u0105zane z bezpiecze\u0144stwem pacjent\u00f3w, \u015brodowisko\/kultura, przydzia\u0142y\/godziny, nadz\u00f3r Szkolenie Nauczanie w miejscu pracy, Portfolio\/ARPC, Egzaminy Osobiste Pieni\u0105dze, zdrowie fizyczne\/psychiczne, alkohol\/narkotyki\/palenie, dom\/rodzina W ka\u017cdym z tych przypadk\u00f3w mo\u017cna r\u00f3wnie\u017c zwr\u00f3ci\u0107 si\u0119 do: Kolega, mentor, forum m\u0142odszych lekarzy (JDF), oficer &hellip; <a href=\"https:\/\/www.ockendenmaternityreview.org.uk\/pl\/wsparcie-dla-personelu\/\">Continued<\/a><\/p>\n","protected":false},"author":1,"featured_media":0,"parent":0,"menu_order":0,"comment_status":"closed","ping_status":"closed","template":"page-narrow.blade.php","meta":{"_acf_changed":false,"footnotes":""},"class_list":["post-11329","page","type-page","status-publish","hentry"],"acf":[],"yoast_head":"<!-- This site is optimized with the Yoast SEO plugin v27.2 - https:\/\/yoast.com\/product\/yoast-seo-wordpress\/ -->\n<title>Wsparcie dla personelu - Ockenden Review<\/title>\n<meta name=\"robots\" content=\"index, follow, max-snippet:-1, max-image-preview:large, max-video-preview:-1\" \/>\n<link rel=\"canonical\" href=\"http:\/\/www.ockendenmaternityreview.org.uk\/pl\/wsparcie-dla-personelu\/\" \/>\n<meta property=\"og:locale\" content=\"pl_PL\" \/>\n<meta property=\"og:type\" content=\"article\" \/>\n<meta property=\"og:title\" content=\"Wsparcie dla personelu - Ockenden Review\" \/>\n<meta property=\"og:description\" content=\"S\u0142u\u017cymy pomoc\u0105 (Informacje dostarczone przez Nottingham University Hospitals NHS Trust dla pracownik\u00f3w z kwietnia 2023 r.) Kliniczny Incydenty zwi\u0105zane z bezpiecze\u0144stwem pacjent\u00f3w, \u015brodowisko\/kultura, przydzia\u0142y\/godziny, nadz\u00f3r Szkolenie Nauczanie w miejscu pracy, Portfolio\/ARPC, Egzaminy Osobiste Pieni\u0105dze, zdrowie fizyczne\/psychiczne, alkohol\/narkotyki\/palenie, dom\/rodzina W ka\u017cdym z tych przypadk\u00f3w mo\u017cna r\u00f3wnie\u017c zwr\u00f3ci\u0107 si\u0119 do: Kolega, mentor, forum m\u0142odszych lekarzy (JDF), oficer &hellip; Continued\" \/>\n<meta property=\"og:url\" content=\"http:\/\/www.ockendenmaternityreview.org.uk\/pl\/wsparcie-dla-personelu\/\" \/>\n<meta property=\"og:site_name\" content=\"Ockenden Review\" \/>\n<meta property=\"article:publisher\" content=\"https:\/\/www.facebook.com\/ockendenmaternityreview?mibextid=wwXIfr\" \/>\n<meta property=\"article:modified_time\" content=\"2026-03-24T14:09:42+00:00\" \/>\n<meta name=\"twitter:card\" content=\"summary_large_image\" \/>\n<meta name=\"twitter:site\" content=\"@ockreview\" \/>\n<meta name=\"twitter:label1\" content=\"Szacowany czas czytania\" \/>\n\t<meta name=\"twitter:data1\" content=\"2 minuty\" \/>\n<script type=\"application\/ld+json\" class=\"yoast-schema-graph\">{\"@context\":\"https:\/\/schema.org\",\"@graph\":[{\"@type\":\"WebPage\",\"@id\":\"http:\/\/www.ockendenmaternityreview.org.uk\/pl\/wsparcie-dla-personelu\/\",\"url\":\"http:\/\/www.ockendenmaternityreview.org.uk\/pl\/wsparcie-dla-personelu\/\",\"name\":\"Wsparcie dla personelu - Ockenden Review\",\"isPartOf\":{\"@id\":\"https:\/\/www.ockendenmaternityreview.org.uk\/fa\/#website\"},\"datePublished\":\"2026-01-08T15:33:58+00:00\",\"dateModified\":\"2026-03-24T14:09:42+00:00\",\"breadcrumb\":{\"@id\":\"http:\/\/www.ockendenmaternityreview.org.uk\/pl\/wsparcie-dla-personelu\/#breadcrumb\"},\"inLanguage\":\"pl-PL\",\"potentialAction\":[{\"@type\":\"ReadAction\",\"target\":[\"http:\/\/www.ockendenmaternityreview.org.uk\/pl\/wsparcie-dla-personelu\/\"]}]},{\"@type\":\"BreadcrumbList\",\"@id\":\"http:\/\/www.ockendenmaternityreview.org.uk\/pl\/wsparcie-dla-personelu\/#breadcrumb\",\"itemListElement\":[{\"@type\":\"ListItem\",\"position\":1,\"name\":\"Home\",\"item\":\"https:\/\/www.ockendenmaternityreview.org.uk\/pl\/\"},{\"@type\":\"ListItem\",\"position\":2,\"name\":\"Wsparcie dla personelu\"}]},{\"@type\":\"WebSite\",\"@id\":\"https:\/\/www.ockendenmaternityreview.org.uk\/fa\/#website\",\"url\":\"https:\/\/www.ockendenmaternityreview.org.uk\/fa\/\",\"name\":\"Ockenden Review\",\"description\":\"\",\"potentialAction\":[{\"@type\":\"SearchAction\",\"target\":{\"@type\":\"EntryPoint\",\"urlTemplate\":\"https:\/\/www.ockendenmaternityreview.org.uk\/fa\/?s={search_term_string}\"},\"query-input\":{\"@type\":\"PropertyValueSpecification\",\"valueRequired\":true,\"valueName\":\"search_term_string\"}}],\"inLanguage\":\"pl-PL\"}]}<\/script>\n<!-- \/ Yoast SEO plugin. -->","yoast_head_json":{"title":"Wsparcie dla personelu - Ockenden Review","robots":{"index":"index","follow":"follow","max-snippet":"max-snippet:-1","max-image-preview":"max-image-preview:large","max-video-preview":"max-video-preview:-1"},"canonical":"http:\/\/www.ockendenmaternityreview.org.uk\/pl\/wsparcie-dla-personelu\/","og_locale":"pl_PL","og_type":"article","og_title":"Wsparcie dla personelu - Ockenden Review","og_description":"S\u0142u\u017cymy pomoc\u0105 (Informacje dostarczone przez Nottingham University Hospitals NHS Trust dla pracownik\u00f3w z kwietnia 2023 r.) Kliniczny Incydenty zwi\u0105zane z bezpiecze\u0144stwem pacjent\u00f3w, \u015brodowisko\/kultura, przydzia\u0142y\/godziny, nadz\u00f3r Szkolenie Nauczanie w miejscu pracy, Portfolio\/ARPC, Egzaminy Osobiste Pieni\u0105dze, zdrowie fizyczne\/psychiczne, alkohol\/narkotyki\/palenie, dom\/rodzina W ka\u017cdym z tych przypadk\u00f3w mo\u017cna r\u00f3wnie\u017c zwr\u00f3ci\u0107 si\u0119 do: Kolega, mentor, forum m\u0142odszych lekarzy (JDF), oficer &hellip; Continued","og_url":"http:\/\/www.ockendenmaternityreview.org.uk\/pl\/wsparcie-dla-personelu\/","og_site_name":"Ockenden Review","article_publisher":"https:\/\/www.facebook.com\/ockendenmaternityreview?mibextid=wwXIfr","article_modified_time":"2026-03-24T14:09:42+00:00","twitter_card":"summary_large_image","twitter_site":"@ockreview","twitter_misc":{"Szacowany czas czytania":"2 minuty"},"schema":{"@context":"https:\/\/schema.org","@graph":[{"@type":"WebPage","@id":"http:\/\/www.ockendenmaternityreview.org.uk\/pl\/wsparcie-dla-personelu\/","url":"http:\/\/www.ockendenmaternityreview.org.uk\/pl\/wsparcie-dla-personelu\/","name":"Wsparcie dla personelu - Ockenden Review","isPartOf":{"@id":"https:\/\/www.ockendenmaternityreview.org.uk\/fa\/#website"},"datePublished":"2026-01-08T15:33:58+00:00","dateModified":"2026-03-24T14:09:42+00:00","breadcrumb":{"@id":"http:\/\/www.ockendenmaternityreview.org.uk\/pl\/wsparcie-dla-personelu\/#breadcrumb"},"inLanguage":"pl-PL","potentialAction":[{"@type":"ReadAction","target":["http:\/\/www.ockendenmaternityreview.org.uk\/pl\/wsparcie-dla-personelu\/"]}]},{"@type":"BreadcrumbList","@id":"http:\/\/www.ockendenmaternityreview.org.uk\/pl\/wsparcie-dla-personelu\/#breadcrumb","itemListElement":[{"@type":"ListItem","position":1,"name":"Home","item":"https:\/\/www.ockendenmaternityreview.org.uk\/pl\/"},{"@type":"ListItem","position":2,"name":"Wsparcie dla personelu"}]},{"@type":"WebSite","@id":"https:\/\/www.ockendenmaternityreview.org.uk\/fa\/#website","url":"https:\/\/www.ockendenmaternityreview.org.uk\/fa\/","name":"Ockenden Review","description":"","potentialAction":[{"@type":"SearchAction","target":{"@type":"EntryPoint","urlTemplate":"https:\/\/www.ockendenmaternityreview.org.uk\/fa\/?s={search_term_string}"},"query-input":{"@type":"PropertyValueSpecification","valueRequired":true,"valueName":"search_term_string"}}],"inLanguage":"pl-PL"}]}},"_links":{"self":[{"href":"https:\/\/www.ockendenmaternityreview.org.uk\/pl\/wp-json\/wp\/v2\/pages\/11329","targetHints":{"allow":["GET"]}}],"collection":[{"href":"https:\/\/www.ockendenmaternityreview.org.uk\/pl\/wp-json\/wp\/v2\/pages"}],"about":[{"href":"https:\/\/www.ockendenmaternityreview.org.uk\/pl\/wp-json\/wp\/v2\/types\/page"}],"author":[{"embeddable":true,"href":"https:\/\/www.ockendenmaternityreview.org.uk\/pl\/wp-json\/wp\/v2\/users\/1"}],"replies":[{"embeddable":true,"href":"https:\/\/www.ockendenmaternityreview.org.uk\/pl\/wp-json\/wp\/v2\/comments?post=11329"}],"version-history":[{"count":0,"href":"https:\/\/www.ockendenmaternityreview.org.uk\/pl\/wp-json\/wp\/v2\/pages\/11329\/revisions"}],"wp:attachment":[{"href":"https:\/\/www.ockendenmaternityreview.org.uk\/pl\/wp-json\/wp\/v2\/media?parent=11329"}],"curies":[{"name":"wp","href":"https:\/\/api.w.org\/{rel}","templated":true}]}}