{"id":11330,"date":"2026-01-08T15:47:01","date_gmt":"2026-01-08T15:47:01","guid":{"rendered":"https:\/\/ockendenmatdev.wpenginepowered.com\/zdarzenia-2\/"},"modified":"2026-03-24T14:09:40","modified_gmt":"2026-03-24T14:09:40","slug":"zdarzenia-2","status":"publish","type":"page","link":"https:\/\/www.ockendenmaternityreview.org.uk\/pl\/zdarzenia-2\/","title":{"rendered":"Zdarzenia"},"content":{"rendered":"\n<p><strong>Nast\u0119pne spotkanie rodzinne &#8211; sobota 21 marca<\/strong><\/p>\n\n<p>Drogie Rodziny,<br\/><br\/>Nast\u0119pne spotkanie rodzinne odb\u0119dzie si\u0119 w sobot\u0119<sup>21<\/sup> marca w hotelu Mercure Nottingham Sherwood, NG5 2BT.<br\/><br\/>Mo\u017cesz wzi\u0105\u0107 udzia\u0142 w spotkaniu w dogodnym dla siebie czasie, w godzinach 10-12 lub 1-3.<\/p>\n\n<p>Dost\u0119pny \u017c\u0142obek, bezp\u0142atny parking na miejscu, zapewniony lunch.<br\/><br\/>Odpowiedz przez e-mail na adres <a href=\"mailto:events@donnaockenden.com\">events@donnaockenden.com<\/a>.<\/p>\n\n<div style=\"height:30px\" aria-hidden=\"true\" class=\"wp-block-spacer\"><\/div>\n\n<h2 class=\"wp-block-heading\">Poprzednie wydarzenia<\/h2>\n\n<div class=\"wp-block-query support-groups is-layout-flow wp-block-query-is-layout-flow\"><ul class=\"columns-2 wp-block-post-template is-layout-grid wp-container-core-post-template-is-layout-17361a50 wp-block-post-template-is-layout-grid\"><li class=\"wp-block-post post-10206 post type-post status-publish format-standard hentry category-zdarzenia\">\n\n\n<h2 class=\"wp-block-post-title\">Spotkanie rodzinne &#8211; sobota 17 stycznia<\/h2>\n\n<div class=\"entry-content wp-block-post-content is-layout-flow wp-block-post-content-is-layout-flow\">\n<p>Dzi\u0119kujemy wszystkim rodzinom, kt\u00f3re mog\u0142y uczestniczy\u0107 w spotkaniu rodzinnym w sobot\u0119<sup>17<\/sup> stycznia. Donna Ockenden, przewodnicz\u0105ca Przegl\u0105du, przedstawi\u0142a aktualne informacje na temat post\u0119p\u00f3w Przegl\u0105du i przekaza\u0142a informacje na temat tego, czego mo\u017cna si\u0119 spodziewa\u0107 w okresie poprzedzaj\u0105cym publikacj\u0119 raportu (czerwiec 2026 r.). Naczelna Rada Lekarska (GMC) oraz Rada Piel\u0119gniarek i Po\u0142o\u017cnych (NMC) przedstawi\u0142y aktualne informacje na temat tego, co wdro\u017cy\u0142y od ostatniego spotkania rodzinnego. Zdajemy sobie spraw\u0119, \u017ce wiele rodzin nie jest w stanie uczestniczy\u0107 w spotkaniach rodzinnych lub nie czuje si\u0119 na si\u0142ach, aby w nich uczestniczy\u0107, dlatego zobowi\u0105zali\u015bmy si\u0119 do opublikowania slajd\u00f3w PowerPoint na stronie internetowej przegl\u0105du, aby wszystkie rodziny otrzyma\u0142y te same informacje.   <\/p>\n\n<p><a href=\"https:\/\/www.ockendenmaternityreview.org.uk\/wp-content\/uploads\/2026\/02\/Family-meeting-17.01.26-FINAL-for-website.pdf\" target=\"_blank\" rel=\"noreferrer noopener\">Pobierz aktualizacj\u0119 Family Meeting [PDF]<\/a><\/p>\n\n<p><a href=\"https:\/\/www.ockendenmaternityreview.org.uk\/wp-content\/uploads\/2026\/02\/17-01-26-GMC-and-NMC-family-day-slides-FINAL.pdf\">Pobierz aktualizacj\u0119 GMC i NMC [PDF]<\/a><\/p>\n<\/div>\n<\/li><\/ul>\n\n\n\n<\/div>\n\n<p><\/p>\n","protected":false},"excerpt":{"rendered":"<p>Nast\u0119pne spotkanie rodzinne &#8211; sobota 21 marca Drogie Rodziny, Nast\u0119pne spotkanie rodzinne odb\u0119dzie si\u0119 w sobot\u011921 marca w hotelu Mercure Nottingham Sherwood, NG5 2BT. Mo\u017cesz wzi\u0105\u0107 udzia\u0142 w spotkaniu w dogodnym dla siebie czasie, w godzinach 10-12 lub 1-3. Dost\u0119pny \u017c\u0142obek, bezp\u0142atny parking na miejscu, zapewniony lunch. Odpowiedz przez e-mail na adres events@donnaockenden.com. Poprzednie wydarzenia<\/p>\n","protected":false},"author":1,"featured_media":0,"parent":0,"menu_order":0,"comment_status":"closed","ping_status":"closed","template":"page-narrow.blade.php","meta":{"_acf_changed":false,"footnotes":""},"class_list":["post-11330","page","type-page","status-publish","hentry"],"acf":[],"yoast_head":"<!-- This site is optimized with the Yoast SEO plugin v27.2 - https:\/\/yoast.com\/product\/yoast-seo-wordpress\/ -->\n<title>Zdarzenia - Ockenden Review<\/title>\n<meta name=\"robots\" content=\"index, follow, max-snippet:-1, max-image-preview:large, max-video-preview:-1\" \/>\n<link rel=\"canonical\" href=\"http:\/\/www.ockendenmaternityreview.org.uk\/pl\/zdarzenia-2\/\" \/>\n<meta property=\"og:locale\" content=\"pl_PL\" \/>\n<meta property=\"og:type\" content=\"article\" \/>\n<meta property=\"og:title\" content=\"Zdarzenia - Ockenden Review\" \/>\n<meta property=\"og:description\" content=\"Nast\u0119pne spotkanie rodzinne &#8211; sobota 21 marca Drogie Rodziny, Nast\u0119pne spotkanie rodzinne odb\u0119dzie si\u0119 w sobot\u011921 marca w hotelu Mercure Nottingham Sherwood, NG5 2BT. Mo\u017cesz wzi\u0105\u0107 udzia\u0142 w spotkaniu w dogodnym dla siebie czasie, w godzinach 10-12 lub 1-3. Dost\u0119pny \u017c\u0142obek, bezp\u0142atny parking na miejscu, zapewniony lunch. Odpowiedz przez e-mail na adres events@donnaockenden.com. Poprzednie wydarzenia\" \/>\n<meta property=\"og:url\" content=\"http:\/\/www.ockendenmaternityreview.org.uk\/pl\/zdarzenia-2\/\" \/>\n<meta property=\"og:site_name\" content=\"Ockenden Review\" \/>\n<meta property=\"article:publisher\" content=\"https:\/\/www.facebook.com\/ockendenmaternityreview?mibextid=wwXIfr\" \/>\n<meta property=\"article:modified_time\" content=\"2026-03-24T14:09:40+00:00\" \/>\n<meta name=\"twitter:card\" content=\"summary_large_image\" \/>\n<meta name=\"twitter:site\" content=\"@ockreview\" \/>\n<script type=\"application\/ld+json\" class=\"yoast-schema-graph\">{\"@context\":\"https:\/\/schema.org\",\"@graph\":[{\"@type\":\"WebPage\",\"@id\":\"http:\/\/www.ockendenmaternityreview.org.uk\/pl\/zdarzenia-2\/\",\"url\":\"http:\/\/www.ockendenmaternityreview.org.uk\/pl\/zdarzenia-2\/\",\"name\":\"Zdarzenia - Ockenden Review\",\"isPartOf\":{\"@id\":\"https:\/\/www.ockendenmaternityreview.org.uk\/ro\/#website\"},\"datePublished\":\"2026-01-08T15:47:01+00:00\",\"dateModified\":\"2026-03-24T14:09:40+00:00\",\"breadcrumb\":{\"@id\":\"http:\/\/www.ockendenmaternityreview.org.uk\/pl\/zdarzenia-2\/#breadcrumb\"},\"inLanguage\":\"pl-PL\",\"potentialAction\":[{\"@type\":\"ReadAction\",\"target\":[\"http:\/\/www.ockendenmaternityreview.org.uk\/pl\/zdarzenia-2\/\"]}]},{\"@type\":\"BreadcrumbList\",\"@id\":\"http:\/\/www.ockendenmaternityreview.org.uk\/pl\/zdarzenia-2\/#breadcrumb\",\"itemListElement\":[{\"@type\":\"ListItem\",\"position\":1,\"name\":\"Home\",\"item\":\"https:\/\/www.ockendenmaternityreview.org.uk\/pl\/\"},{\"@type\":\"ListItem\",\"position\":2,\"name\":\"Zdarzenia\"}]},{\"@type\":\"WebSite\",\"@id\":\"https:\/\/www.ockendenmaternityreview.org.uk\/ro\/#website\",\"url\":\"https:\/\/www.ockendenmaternityreview.org.uk\/ro\/\",\"name\":\"Ockenden Review\",\"description\":\"\",\"potentialAction\":[{\"@type\":\"SearchAction\",\"target\":{\"@type\":\"EntryPoint\",\"urlTemplate\":\"https:\/\/www.ockendenmaternityreview.org.uk\/ro\/?s={search_term_string}\"},\"query-input\":{\"@type\":\"PropertyValueSpecification\",\"valueRequired\":true,\"valueName\":\"search_term_string\"}}],\"inLanguage\":\"pl-PL\"}]}<\/script>\n<!-- \/ Yoast SEO plugin. -->","yoast_head_json":{"title":"Zdarzenia - Ockenden Review","robots":{"index":"index","follow":"follow","max-snippet":"max-snippet:-1","max-image-preview":"max-image-preview:large","max-video-preview":"max-video-preview:-1"},"canonical":"http:\/\/www.ockendenmaternityreview.org.uk\/pl\/zdarzenia-2\/","og_locale":"pl_PL","og_type":"article","og_title":"Zdarzenia - Ockenden Review","og_description":"Nast\u0119pne spotkanie rodzinne &#8211; sobota 21 marca Drogie Rodziny, Nast\u0119pne spotkanie rodzinne odb\u0119dzie si\u0119 w sobot\u011921 marca w hotelu Mercure Nottingham Sherwood, NG5 2BT. Mo\u017cesz wzi\u0105\u0107 udzia\u0142 w spotkaniu w dogodnym dla siebie czasie, w godzinach 10-12 lub 1-3. Dost\u0119pny \u017c\u0142obek, bezp\u0142atny parking na miejscu, zapewniony lunch. Odpowiedz przez e-mail na adres events@donnaockenden.com. Poprzednie wydarzenia","og_url":"http:\/\/www.ockendenmaternityreview.org.uk\/pl\/zdarzenia-2\/","og_site_name":"Ockenden Review","article_publisher":"https:\/\/www.facebook.com\/ockendenmaternityreview?mibextid=wwXIfr","article_modified_time":"2026-03-24T14:09:40+00:00","twitter_card":"summary_large_image","twitter_site":"@ockreview","schema":{"@context":"https:\/\/schema.org","@graph":[{"@type":"WebPage","@id":"http:\/\/www.ockendenmaternityreview.org.uk\/pl\/zdarzenia-2\/","url":"http:\/\/www.ockendenmaternityreview.org.uk\/pl\/zdarzenia-2\/","name":"Zdarzenia - Ockenden Review","isPartOf":{"@id":"https:\/\/www.ockendenmaternityreview.org.uk\/ro\/#website"},"datePublished":"2026-01-08T15:47:01+00:00","dateModified":"2026-03-24T14:09:40+00:00","breadcrumb":{"@id":"http:\/\/www.ockendenmaternityreview.org.uk\/pl\/zdarzenia-2\/#breadcrumb"},"inLanguage":"pl-PL","potentialAction":[{"@type":"ReadAction","target":["http:\/\/www.ockendenmaternityreview.org.uk\/pl\/zdarzenia-2\/"]}]},{"@type":"BreadcrumbList","@id":"http:\/\/www.ockendenmaternityreview.org.uk\/pl\/zdarzenia-2\/#breadcrumb","itemListElement":[{"@type":"ListItem","position":1,"name":"Home","item":"https:\/\/www.ockendenmaternityreview.org.uk\/pl\/"},{"@type":"ListItem","position":2,"name":"Zdarzenia"}]},{"@type":"WebSite","@id":"https:\/\/www.ockendenmaternityreview.org.uk\/ro\/#website","url":"https:\/\/www.ockendenmaternityreview.org.uk\/ro\/","name":"Ockenden Review","description":"","potentialAction":[{"@type":"SearchAction","target":{"@type":"EntryPoint","urlTemplate":"https:\/\/www.ockendenmaternityreview.org.uk\/ro\/?s={search_term_string}"},"query-input":{"@type":"PropertyValueSpecification","valueRequired":true,"valueName":"search_term_string"}}],"inLanguage":"pl-PL"}]}},"_links":{"self":[{"href":"https:\/\/www.ockendenmaternityreview.org.uk\/pl\/wp-json\/wp\/v2\/pages\/11330","targetHints":{"allow":["GET"]}}],"collection":[{"href":"https:\/\/www.ockendenmaternityreview.org.uk\/pl\/wp-json\/wp\/v2\/pages"}],"about":[{"href":"https:\/\/www.ockendenmaternityreview.org.uk\/pl\/wp-json\/wp\/v2\/types\/page"}],"author":[{"embeddable":true,"href":"https:\/\/www.ockendenmaternityreview.org.uk\/pl\/wp-json\/wp\/v2\/users\/1"}],"replies":[{"embeddable":true,"href":"https:\/\/www.ockendenmaternityreview.org.uk\/pl\/wp-json\/wp\/v2\/comments?post=11330"}],"version-history":[{"count":0,"href":"https:\/\/www.ockendenmaternityreview.org.uk\/pl\/wp-json\/wp\/v2\/pages\/11330\/revisions"}],"wp:attachment":[{"href":"https:\/\/www.ockendenmaternityreview.org.uk\/pl\/wp-json\/wp\/v2\/media?parent=11330"}],"curies":[{"name":"wp","href":"https:\/\/api.w.org\/{rel}","templated":true}]}}