{"id":11980,"date":"2026-01-08T15:47:28","date_gmt":"2026-01-08T15:47:28","guid":{"rendered":"https:\/\/ockendenmatdev.wpenginepowered.com\/opt-out\/"},"modified":"2026-03-24T14:19:08","modified_gmt":"2026-03-24T14:19:08","slug":"opt-out","status":"publish","type":"page","link":"https:\/\/www.ockendenmaternityreview.org.uk\/pl\/opt-out\/","title":{"rendered":"Opt Out"},"content":{"rendered":"\n<p><strong>Prosz\u0119 pami\u0119ta\u0107: To wideo zosta\u0142o nagrane we wrze\u015bniu 2023 r. Je\u015bli otrzyma\u0142e\u015b(-a\u015b) list w innym terminie, odpowiedz na niego w ci\u0105gu czterech tygodni od daty, znajduj\u0105cej si\u0119 na g\u00f3rze listu, je\u015bli chcia\u0142by\u015b(-a\u015b) zrezygnowa\u0107. <\/strong><\/p>\n\n<figure class=\"wp-block-embed is-type-video is-provider-youtube wp-block-embed-youtube wp-embed-aspect-16-9 wp-has-aspect-ratio\"><div class=\"wp-block-embed__wrapper\">\n<iframe loading=\"lazy\" title=\"Donna Ockenden - Family Letter\" width=\"500\" height=\"281\" src=\"https:\/\/www.youtube.com\/embed\/FWTBlqnzJZg?feature=oembed\" frameborder=\"0\" allow=\"accelerometer; autoplay; clipboard-write; encrypted-media; gyroscope; picture-in-picture; web-share\" referrerpolicy=\"strict-origin-when-cross-origin\" allowfullscreen><\/iframe>\n<\/div><\/figure>\n\n<hr class=\"wp-block-separator has-alpha-channel-opacity\"\/>\n\n<p>  Mam nadziej\u0119, \u017ce wszystko w porz\u0105dku. Nazywam si\u0119 Donna Ockenden. Pisz\u0119, aby przedstawi\u0107 si\u0119 jako osoba prowadz\u0105ca niezale\u017cny przegl\u0105d przypadk\u00f3w po\u0142o\u017cniczych w Nottingham University Hospitals NHS Trust (&#8222;Przegl\u0105d&#8221;).    <\/p>\n\n<p>Prosz\u0119, przyjmij moje przeprosiny, je\u015bli m\u00f3j kontakt z tob\u0105 spowodowa\u0142 jakiekolwiek zmartwienie lub niepok\u00f3j, ale chc\u0119 wyja\u015bni\u0107, co robimy i jak mo\u017cesz si\u0119 zaanga\u017cowa\u0107.  <\/p>\n\n<p>Niniejszy list zawiera wa\u017cne informacje na temat Przegl\u0105du i sposobu rezygnacji z niego, je\u015bli u\u017cytkownik sobie tego \u017cyczy, dlatego wa\u017cne jest, aby uwa\u017cnie go przeczyta\u0107 i poinformowa\u0107 nas o wszelkich pytaniach lub w\u0105tpliwo\u015bciach.  <\/p>\n\n<p>Celem Przegl\u0105du jest wyci\u0105gni\u0119cie wniosk\u00f3w z do\u015bwiadcze\u0144 rodzin zwi\u0105zanych z macierzy\u0144stwem podczas pobytu w Nottingham University Hospitals NHS Trust (&#8222;Szpital&#8221;) oraz poprawa jako\u015bci i bezpiecze\u0144stwa opieki po\u0142o\u017cniczej. Po zako\u0144czeniu przegl\u0105du opublikujemy raport wyja\u015bniaj\u0105cy nasze ustalenia i przedstawiaj\u0105cy zalecenia dotycz\u0105ce przysz\u0142ej opieki po\u0142o\u017cniczej w szpitalu i ewentualnie w ca\u0142ej Anglii.   <\/p>\n\n<p>Szpital stwierdzi\u0142, \u017ce opieka nad Pani\u0105 mog\u0142a by\u0107 nieodpowiednia, dlatego wa\u017cne jest, aby w ramach przegl\u0105du dowiedzie\u0107 si\u0119 o opiece nad Pani\u0105, aby\u015bmy mogli spr\u00f3bowa\u0107 uczyni\u0107 opiek\u0119 oko\u0142oporodow\u0105 bezpieczniejsz\u0105 dla rodzin w przysz\u0142o\u015bci. Szpital przekaza\u0142 mi Twoje imi\u0119 i nazwisko oraz dane kontaktowe, abym m\u00f3g\u0142 wyja\u015bni\u0107 Ci, co robimy i jak mo\u017cesz pom\u00f3c.   <\/p>\n\n<p>Wa\u017cne jest, aby wiedzie\u0107, \u017ce Przegl\u0105d jest ca\u0142kowicie niezale\u017cny od Szpitala i \u017ce przez ca\u0142y czas b\u0119dziemy szanowa\u0107 Twoj\u0105 poufno\u015b\u0107. Obecnie pracujemy w nowy spos\u00f3b i b\u0119dziemy kontaktowa\u0107 si\u0119 z Tob\u0105 bezpo\u015brednio, chocia\u017c wcze\u015bniej mog\u0142e\u015b otrzyma\u0107 list ze szpitala.  <\/p>\n\n<p><strong>Jak to wp\u0142ywa na Ciebie?  <\/strong><\/p>\n\n<p>Wy\u0142\u0105cznie od Ciebie zale\u017cy, czy chcesz zosta\u0107 w\u0142\u0105czony do Przegl\u0105du. Je\u015bli chcesz zosta\u0107 uwzgl\u0119dniony, zaczniemy przegl\u0105da\u0107 Twoj\u0105 dokumentacj\u0119 medyczn\u0105, aby oceni\u0107, czy tego, co Ci si\u0119 przydarzy\u0142o, mo\u017cna by\u0142o unikn\u0105\u0107. Je\u015bli tak by\u0142o, sprawdzimy, czy szpital wyci\u0105gn\u0105\u0142 wnioski z Twoich do\u015bwiadcze\u0144 i czy mo\u017cna wyci\u0105gn\u0105\u0107 wnioski na przysz\u0142o\u015b\u0107.    <\/p>\n\n<p>Twoja dokumentacja macierzy\u0144ska zostanie przejrzana przez po\u0142o\u017cn\u0105 i po\u0142o\u017cnika z naszego niezale\u017cnego zespo\u0142u. Mo\u017cemy r\u00f3wnie\u017c zasi\u0119gn\u0105\u0107 porady innych lekarzy specjalist\u00f3w w naszym zespole, takich jak neonatolodzy czy anestezjolodzy.   <\/p>\n\n<p>Analizuj\u0105c wiele przypadk\u00f3w, w tym Tw\u00f3j, mamy nadziej\u0119 ustali\u0107, co wydarzy\u0142o si\u0119 w Queen&#8217;s Medical Centre i City Hospital. G\u0142\u00f3wnym okresem, kt\u00f3remu b\u0119dziemy si\u0119 przygl\u0105da\u0107, jest okres od 2012 roku do chwili obecnej, chocia\u017c mo\u017cemy r\u00f3wnie\u017c wzi\u0105\u0107 pod uwag\u0119 niekt\u00f3re powa\u017cne wcze\u015bniejsze przypadki. Nast\u0119pnie b\u0119dziemy w stanie przedstawi\u0107 zalecenia dotycz\u0105ce tego, w jaki spos\u00f3b us\u0142ugi po\u0142o\u017cnicze mog\u0105 by\u0107 lepsze i bezpieczniejsze dla wszystkich w przysz\u0142o\u015bci.    <\/p>\n\n<p><strong>Jak mo\u017cemy sobie nawzajem pomaga\u0107?  <\/strong><\/p>\n\n<p>Wa\u017cne jest dla nas nawi\u0105zanie kontaktu z rodzinami, kt\u00f3re mog\u0142y otrzyma\u0107 nieodpowiedni\u0105 opiek\u0119 po\u0142o\u017cnicz\u0105 w szpitalu. Czasami rodziny s\u0105 w stanie przekaza\u0107 nam wi\u0119cej informacji, ni\u017c jest to dost\u0119pne tylko z ich dokumentacji medycznej, i wyja\u015bni\u0107 swoje do\u015bwiadczenia bardziej szczeg\u00f3\u0142owo. Chcemy mie\u0107 pewno\u015b\u0107, \u017ce nasz raport dok\u0142adnie opisuje do\u015bwiadczenia rodzin podczas pobytu w szpitalu i po jego zako\u0144czeniu, a tak\u017ce ich skutki. Z informacji uzyskanych od innych rodzin wynika, \u017ce dla wielu z nich rozmowa z nami o tym, co si\u0119 wydarzy\u0142o, okaza\u0142a si\u0119 pomocna.     <\/p>\n\n<p>Je\u015bli chcieliby Pa\u0144stwo bardziej zaanga\u017cowa\u0107 si\u0119 w Przegl\u0105d, by\u0107 mo\u017ce b\u0119dzie Pan\/Pani mia\u0142(a) mo\u017cliwo\u015b\u0107 spotkania si\u0119 ze mn\u0105 lub cz\u0142onkiem zespo\u0142u Przegl\u0105du w dalszej cz\u0119\u015bci roku. Mo\u017cna to zrobi\u0107 twarz\u0105 w twarz w Nottingham lub online (przez Internet). Pomo\u017cemy Ci um\u00f3wi\u0107 si\u0119 na dowolne spotkanie internetowe, je\u015bli tak wolisz. Na zako\u0144czenie Przegl\u0105du mo\u017cemy przekaza\u0107 Ci informacj\u0119 zwrotn\u0105 na temat naszej oceny Twojej sprawy, je\u015bli chcesz j\u0105 otrzyma\u0107.     <\/p>\n\n<p>Nale\u017cy pami\u0119ta\u0107, \u017ce ze wzgl\u0119du na ilo\u015b\u0107 pracy, przegl\u0105d prawdopodobnie zostanie zako\u0144czony, a informacje zwrotne zaczn\u0105 by\u0107 dost\u0119pne po opublikowaniu raportu w czerwcu 2026 roku. B\u0119dziemy na bie\u017c\u0105co informowa\u0107 Ci\u0119 o post\u0119pach w przegl\u0105dzie, ale nie b\u0119dziemy w stanie powiedzie\u0107 Ci o Twojej sprawie, dop\u00f3ki nie zako\u0144czymy naszej pracy.   <\/p>\n\n<p>Je\u015bli nie chcesz si\u0119 z nami spotyka\u0107 lub z nami rozmawia\u0107, nie musisz tego robi\u0107. To wy\u0142\u0105cznie Ty decydujesz, jak bardzo lub jak ma\u0142o jeste\u015b zaanga\u017cowana w niezale\u017cny przegl\u0105d macierzy\u0144ski. Poni\u017cej wyja\u015bni\u0142em, jak zrezygnowa\u0107 z Przegl\u0105du, je\u015bli tego w\u0142a\u015bnie chcesz.    <\/p>\n\n<p><strong>Co dzieje si\u0119 dalej?  <\/strong><\/p>\n\n<p>Nie musisz nic robi\u0107, chyba \u017ce chcesz zrezygnowa\u0107 z do\u0142\u0105czenia do Przegl\u0105du lub chcesz si\u0119 z nami spotka\u0107 lub porozmawia\u0107.  <\/p>\n\n<p>Je\u015bli chcesz si\u0119 z nami spotka\u0107 lub porozmawia\u0107, daj nam zna\u0107. Mo\u017cna:   <\/p>\n\n<ul class=\"wp-block-list\">\n<li>Napisz do nas na <a href=\"mailto:nottsreview@donnaockenden.com\">nottsreview@donnaockenden.com<\/a> <strong>lub <\/strong> <\/li>\n\n\n\n<li>wype\u0142ni\u0107 za\u0142\u0105czony list i odes\u0142a\u0107 go do nas w ostemplowanej kopercie adresowej, kt\u00f3r\u0105 do Ciebie wys\u0142ali\u015bmy <strong>lub <\/strong> <\/li>\n\n\n\n<li>Zadzwo\u0144 do nas pod numer 01243 786993 i porozmawiaj z jednym z naszych pracownik\u00f3w.  <\/li>\n<\/ul>\n\n<p>Preferujemy kontakt w sprawie Przegl\u0105du za po\u015brednictwem poczty elektronicznej. Je\u015bli m\u00f3g\u0142by\u015b przes\u0142a\u0107 nam swoje imi\u0119 i nazwisko oraz dat\u0119 urodzenia na adres <a href=\"mailto:nottsreview@donnaockenden.com\">nottsreview@donnaockenden.com<\/a>, zostaniesz dodany do naszej listy mailingowej i b\u0119dziesz otrzymywa\u0107 aktualizacje dotycz\u0105ce Przegl\u0105du.   <\/p>\n\n<p><strong>Je\u015bli nie chcesz do\u0142\u0105czy\u0107 do Przegl\u0105du:  <\/strong><\/p>\n\n<p>Je\u015bli NIE chcesz, aby\u015bmy w og\u00f3le zagl\u0105dali do Twojej dokumentacji medycznej, poinformuj nas o tym w ci\u0105gu czterech tygodni od daty podanej na g\u00f3rze listu. Mo\u017cesz to zrobi\u0107, korzystaj\u0105c z informacji w polu powy\u017cej.   <\/p>\n\n<p>Je\u015bli nie skontaktujemy si\u0119 z Tob\u0105 w tym czasie, m\u00f3j zesp\u00f3\u0142 zacznie przegl\u0105da\u0107 Twoje dane.  <\/p>\n\n<p>Pami\u0119taj, \u017ce je\u015bli zrezygnujesz z udzia\u0142u w Przegl\u0105dzie, nie zapoznamy si\u0119 z Twoj\u0105 dokumentacj\u0105 medyczn\u0105; nie b\u0119dziesz mie\u0107 mo\u017cliwo\u015bci spotkania si\u0119 z zespo\u0142em Przegl\u0105du; Twoja sprawa nie b\u0119dzie mia\u0142a \u017cadnego wp\u0142ywu na wnioski Przegl\u0105du; i nie otrzymasz indywidualnej informacji zwrotnej na temat Twojej sprawy.  <\/p>\n\n<p>Nale\u017cy pami\u0119ta\u0107, \u017ce niezale\u017cnie od podj\u0119tej decyzji mo\u017cna p\u00f3\u017aniej zmieni\u0107 zdanie. Je\u015bli u\u017cytkownik zrezygnuje po rozpocz\u0119ciu przez nas przegl\u0105du jego dokumentacji medycznej, wy\u0142\u0105czymy jego przypadek z dalszego przegl\u0105du, je\u015bli b\u0119dzie to mo\u017cliwe na tym etapie.   <\/p>\n\n<p><strong>Czy b\u0119dziemy udost\u0119pnia\u0107 Twoje dane?  <\/strong><\/p>\n\n<p>Zapewniamy, \u017ce \u017cadne informacje identyfikuj\u0105ce Ciebie lub Twoj\u0105 rodzin\u0119 nie zostan\u0105 uwzgl\u0119dnione w raporcie ko\u0144cowym. Podczas Przegl\u0105du Twoje dane zostan\u0105 udost\u0119pnione zespo\u0142owi ds. Przegl\u0105du, ale b\u0119d\u0105 traktowane jako wysoce poufne.   <\/p>\n\n<p>Wa\u017cne jest jednak, aby wyja\u015bni\u0107, \u017ce mo\u017cemy by\u0107 zmuszeni do udost\u0119pnienia informacji o Twojej sprawie, na przyk\u0142ad je\u015bli w wyniku naszej pracy w przysz\u0142o\u015bci zostanie wszcz\u0119te dochodzenie karne, regulacyjne lub inne dochodzenie prawne. Mo\u017ce si\u0119 tak zdarzy\u0107, je\u015bli uznamy, \u017ce kt\u00f3rykolwiek z cz\u0142onk\u00f3w personelu, kt\u00f3ry opiekowa\u0142 si\u0119 Tob\u0105, zapewni\u0142 tak z\u0142\u0105 opiek\u0119, \u017ce oznacza to, \u017ce powinni\u015bmy poinformowa\u0107 organizacj\u0119 zawodow\u0105, do kt\u00f3rej nale\u017cy (na przyk\u0142ad Rad\u0119 Piel\u0119gniarek i Po\u0142o\u017cnych w przypadku piel\u0119gniarek i po\u0142o\u017cnych lub Naczeln\u0105 Rad\u0119 Lekarsk\u0105 w przypadku lekarzy) lub \u017ce powinni\u015bmy poinformowa\u0107 policj\u0119. Je\u015bli tak si\u0119 stanie, poinformujemy Ci\u0119 o tym.    <\/p>\n\n<p><strong>Jakie wsparcie jest dost\u0119pne?  <\/strong><\/p>\n\n<p>Wiemy, \u017ce dla niekt\u00f3rych rodzin to, przez co przesz\u0142y, gdy otrzyma\u0142y opiek\u0119 po\u0142o\u017cnicz\u0105, by\u0142o bardzo trudne. Istnieje szeroki zakres pomocy psychologicznej i terapii dost\u0119pnych dla wszystkich rodzin bior\u0105cych udzia\u0142 w przegl\u0105dzie, a my mo\u017cemy pom\u00f3c w uzyskaniu dost\u0119pu do tego wsparcia.   <\/p>\n\n<p>Informacje na temat Rodzinnej S\u0142u\u017cby Wsparcia Psychologicznego mo\u017cna znale\u017a\u0107 tutaj <a href=\"https:\/\/fpssnottingham.co.uk\/\">https:\/\/fpssnottingham.co.uk\/<\/a>. Prosimy o poinformowanie nas o tym fakcie w dowolnym momencie trwania Przegl\u0105du.   <\/p>\n\n<p>Skontaktuj si\u0119 z nami, je\u015bli masz jakiekolwiek pytania lub w\u0105tpliwo\u015bci, zawsze do\u0142o\u017cymy wszelkich stara\u0144, aby Ci pom\u00f3c.  <\/p>\n\n<p>Z najlepszymi \u017cyczeniami  <\/p>\n\n<p>Donna Ockenden  <\/p>\n\n<p><strong>Krzes\u0142o  <\/strong><\/p>\n\n<p><strong>Niezale\u017cna ocena po\u0142o\u017cnicza \u2013 Nottingham University Hospital NHS Trust  <\/strong><\/p>\n\n<p>Zesp\u00f3\u0142 ds. Oceny Po\u0142o\u017cniczej: Tel: 01243 786993. Od poniedzia\u0142ku do pi\u0105tku w godzinach 8.00 \u2013 17.00.  <\/p>\n","protected":false},"excerpt":{"rendered":"<p>Prosz\u0119 pami\u0119ta\u0107: To wideo zosta\u0142o nagrane we wrze\u015bniu 2023 r. Je\u015bli otrzyma\u0142e\u015b(-a\u015b) list w innym terminie, odpowiedz na niego w ci\u0105gu czterech tygodni od daty, znajduj\u0105cej si\u0119 na g\u00f3rze listu, je\u015bli chcia\u0142by\u015b(-a\u015b) zrezygnowa\u0107. Mam nadziej\u0119, \u017ce wszystko w porz\u0105dku. Nazywam si\u0119 Donna Ockenden. Pisz\u0119, aby przedstawi\u0107 si\u0119 jako osoba prowadz\u0105ca niezale\u017cny przegl\u0105d przypadk\u00f3w po\u0142o\u017cniczych w &hellip; <a href=\"https:\/\/www.ockendenmaternityreview.org.uk\/pl\/opt-out\/\">Continued<\/a><\/p>\n","protected":false},"author":1,"featured_media":0,"parent":0,"menu_order":0,"comment_status":"closed","ping_status":"closed","template":"page-narrow.blade.php","meta":{"_acf_changed":false,"footnotes":""},"class_list":["post-11980","page","type-page","status-publish","hentry"],"acf":[],"yoast_head":"<!-- This site is optimized with the Yoast SEO plugin v27.2 - https:\/\/yoast.com\/product\/yoast-seo-wordpress\/ -->\n<title>Opt Out - Ockenden Review<\/title>\n<meta name=\"robots\" content=\"index, follow, max-snippet:-1, max-image-preview:large, max-video-preview:-1\" \/>\n<link rel=\"canonical\" href=\"https:\/\/www.ockendenmaternityreview.org.uk\/pl\/opt-out\/\" \/>\n<meta property=\"og:locale\" content=\"pl_PL\" \/>\n<meta property=\"og:type\" content=\"article\" \/>\n<meta property=\"og:title\" content=\"Opt Out - Ockenden Review\" \/>\n<meta property=\"og:description\" content=\"Prosz\u0119 pami\u0119ta\u0107: To wideo zosta\u0142o nagrane we wrze\u015bniu 2023 r. Je\u015bli otrzyma\u0142e\u015b(-a\u015b) list w innym terminie, odpowiedz na niego w ci\u0105gu czterech tygodni od daty, znajduj\u0105cej si\u0119 na g\u00f3rze listu, je\u015bli chcia\u0142by\u015b(-a\u015b) zrezygnowa\u0107. Mam nadziej\u0119, \u017ce wszystko w porz\u0105dku. Nazywam si\u0119 Donna Ockenden. Pisz\u0119, aby przedstawi\u0107 si\u0119 jako osoba prowadz\u0105ca niezale\u017cny przegl\u0105d przypadk\u00f3w po\u0142o\u017cniczych w &hellip; Continued\" \/>\n<meta property=\"og:url\" content=\"https:\/\/www.ockendenmaternityreview.org.uk\/pl\/opt-out\/\" \/>\n<meta property=\"og:site_name\" content=\"Ockenden Review\" \/>\n<meta property=\"article:publisher\" content=\"https:\/\/www.facebook.com\/ockendenmaternityreview?mibextid=wwXIfr\" \/>\n<meta property=\"article:modified_time\" content=\"2026-03-24T14:19:08+00:00\" \/>\n<meta name=\"twitter:card\" content=\"summary_large_image\" \/>\n<meta name=\"twitter:site\" content=\"@ockreview\" \/>\n<meta name=\"twitter:label1\" content=\"Szacowany czas czytania\" \/>\n\t<meta name=\"twitter:data1\" content=\"7 minut\" \/>\n<script type=\"application\/ld+json\" class=\"yoast-schema-graph\">{\"@context\":\"https:\/\/schema.org\",\"@graph\":[{\"@type\":\"WebPage\",\"@id\":\"https:\/\/www.ockendenmaternityreview.org.uk\/pl\/opt-out\/\",\"url\":\"https:\/\/www.ockendenmaternityreview.org.uk\/pl\/opt-out\/\",\"name\":\"Opt Out - Ockenden Review\",\"isPartOf\":{\"@id\":\"https:\/\/www.ockendenmaternityreview.org.uk\/fa\/#website\"},\"datePublished\":\"2026-01-08T15:47:28+00:00\",\"dateModified\":\"2026-03-24T14:19:08+00:00\",\"breadcrumb\":{\"@id\":\"https:\/\/www.ockendenmaternityreview.org.uk\/pl\/opt-out\/#breadcrumb\"},\"inLanguage\":\"pl-PL\",\"potentialAction\":[{\"@type\":\"ReadAction\",\"target\":[\"https:\/\/www.ockendenmaternityreview.org.uk\/pl\/opt-out\/\"]}]},{\"@type\":\"BreadcrumbList\",\"@id\":\"https:\/\/www.ockendenmaternityreview.org.uk\/pl\/opt-out\/#breadcrumb\",\"itemListElement\":[{\"@type\":\"ListItem\",\"position\":1,\"name\":\"Home\",\"item\":\"https:\/\/www.ockendenmaternityreview.org.uk\/pl\/\"},{\"@type\":\"ListItem\",\"position\":2,\"name\":\"Opt Out\"}]},{\"@type\":\"WebSite\",\"@id\":\"https:\/\/www.ockendenmaternityreview.org.uk\/fa\/#website\",\"url\":\"https:\/\/www.ockendenmaternityreview.org.uk\/fa\/\",\"name\":\"Ockenden Review\",\"description\":\"\",\"potentialAction\":[{\"@type\":\"SearchAction\",\"target\":{\"@type\":\"EntryPoint\",\"urlTemplate\":\"https:\/\/www.ockendenmaternityreview.org.uk\/fa\/?s={search_term_string}\"},\"query-input\":{\"@type\":\"PropertyValueSpecification\",\"valueRequired\":true,\"valueName\":\"search_term_string\"}}],\"inLanguage\":\"pl-PL\"}]}<\/script>\n<!-- \/ Yoast SEO plugin. -->","yoast_head_json":{"title":"Opt Out - Ockenden Review","robots":{"index":"index","follow":"follow","max-snippet":"max-snippet:-1","max-image-preview":"max-image-preview:large","max-video-preview":"max-video-preview:-1"},"canonical":"https:\/\/www.ockendenmaternityreview.org.uk\/pl\/opt-out\/","og_locale":"pl_PL","og_type":"article","og_title":"Opt Out - Ockenden Review","og_description":"Prosz\u0119 pami\u0119ta\u0107: To wideo zosta\u0142o nagrane we wrze\u015bniu 2023 r. Je\u015bli otrzyma\u0142e\u015b(-a\u015b) list w innym terminie, odpowiedz na niego w ci\u0105gu czterech tygodni od daty, znajduj\u0105cej si\u0119 na g\u00f3rze listu, je\u015bli chcia\u0142by\u015b(-a\u015b) zrezygnowa\u0107. Mam nadziej\u0119, \u017ce wszystko w porz\u0105dku. Nazywam si\u0119 Donna Ockenden. Pisz\u0119, aby przedstawi\u0107 si\u0119 jako osoba prowadz\u0105ca niezale\u017cny przegl\u0105d przypadk\u00f3w po\u0142o\u017cniczych w &hellip; Continued","og_url":"https:\/\/www.ockendenmaternityreview.org.uk\/pl\/opt-out\/","og_site_name":"Ockenden Review","article_publisher":"https:\/\/www.facebook.com\/ockendenmaternityreview?mibextid=wwXIfr","article_modified_time":"2026-03-24T14:19:08+00:00","twitter_card":"summary_large_image","twitter_site":"@ockreview","twitter_misc":{"Szacowany czas czytania":"7 minut"},"schema":{"@context":"https:\/\/schema.org","@graph":[{"@type":"WebPage","@id":"https:\/\/www.ockendenmaternityreview.org.uk\/pl\/opt-out\/","url":"https:\/\/www.ockendenmaternityreview.org.uk\/pl\/opt-out\/","name":"Opt Out - Ockenden Review","isPartOf":{"@id":"https:\/\/www.ockendenmaternityreview.org.uk\/fa\/#website"},"datePublished":"2026-01-08T15:47:28+00:00","dateModified":"2026-03-24T14:19:08+00:00","breadcrumb":{"@id":"https:\/\/www.ockendenmaternityreview.org.uk\/pl\/opt-out\/#breadcrumb"},"inLanguage":"pl-PL","potentialAction":[{"@type":"ReadAction","target":["https:\/\/www.ockendenmaternityreview.org.uk\/pl\/opt-out\/"]}]},{"@type":"BreadcrumbList","@id":"https:\/\/www.ockendenmaternityreview.org.uk\/pl\/opt-out\/#breadcrumb","itemListElement":[{"@type":"ListItem","position":1,"name":"Home","item":"https:\/\/www.ockendenmaternityreview.org.uk\/pl\/"},{"@type":"ListItem","position":2,"name":"Opt Out"}]},{"@type":"WebSite","@id":"https:\/\/www.ockendenmaternityreview.org.uk\/fa\/#website","url":"https:\/\/www.ockendenmaternityreview.org.uk\/fa\/","name":"Ockenden Review","description":"","potentialAction":[{"@type":"SearchAction","target":{"@type":"EntryPoint","urlTemplate":"https:\/\/www.ockendenmaternityreview.org.uk\/fa\/?s={search_term_string}"},"query-input":{"@type":"PropertyValueSpecification","valueRequired":true,"valueName":"search_term_string"}}],"inLanguage":"pl-PL"}]}},"_links":{"self":[{"href":"https:\/\/www.ockendenmaternityreview.org.uk\/pl\/wp-json\/wp\/v2\/pages\/11980","targetHints":{"allow":["GET"]}}],"collection":[{"href":"https:\/\/www.ockendenmaternityreview.org.uk\/pl\/wp-json\/wp\/v2\/pages"}],"about":[{"href":"https:\/\/www.ockendenmaternityreview.org.uk\/pl\/wp-json\/wp\/v2\/types\/page"}],"author":[{"embeddable":true,"href":"https:\/\/www.ockendenmaternityreview.org.uk\/pl\/wp-json\/wp\/v2\/users\/1"}],"replies":[{"embeddable":true,"href":"https:\/\/www.ockendenmaternityreview.org.uk\/pl\/wp-json\/wp\/v2\/comments?post=11980"}],"version-history":[{"count":0,"href":"https:\/\/www.ockendenmaternityreview.org.uk\/pl\/wp-json\/wp\/v2\/pages\/11980\/revisions"}],"wp:attachment":[{"href":"https:\/\/www.ockendenmaternityreview.org.uk\/pl\/wp-json\/wp\/v2\/media?parent=11980"}],"curies":[{"name":"wp","href":"https:\/\/api.w.org\/{rel}","templated":true}]}}