{"id":12146,"date":"2026-01-08T16:36:56","date_gmt":"2026-01-08T16:36:56","guid":{"rendered":"https:\/\/ockendenmatdev.wpenginepowered.com\/organizacje-doradztwa-zawodowego\/"},"modified":"2026-03-24T14:26:48","modified_gmt":"2026-03-24T14:26:48","slug":"organizacje-doradztwa-zawodowego","status":"publish","type":"page","link":"https:\/\/www.ockendenmaternityreview.org.uk\/pl\/organizacje-doradztwa-zawodowego\/","title":{"rendered":"Organizacje doradztwa zawodowego"},"content":{"rendered":"\n<div class=\"wp-block-query support-groups is-layout-flow wp-block-query-is-layout-flow\"><ul class=\"wp-block-post-template is-layout-grid wp-container-core-post-template-is-layout-763cd4b6 wp-block-post-template-is-layout-grid\"><li class=\"wp-block-post post-12945 support-group type-support-group status-publish hentry support-grouping-professional-counselling-organisations\">\n\n\n<h2 class=\"wp-block-post-title\">Wielka Brytania Poradnictwo i Psychoterapia (UKCP)<\/h2>\n\n<div class=\"entry-content wp-block-post-content is-layout-flow wp-block-post-content-is-layout-flow\">\n<p>Wielka Brytania Poradnictwo i Psychoterapia (UKCP)<\/p>\n\n<ul class=\"wp-block-list\">\n<li>020 7014 9955<\/li>\n\n\n\n<li><a href=\"mailto:info@ukcp.org.uk\">nfo@ukcp.org.uk<\/a> <\/li>\n\n\n\n<li><a href=\"https:\/\/www.psychotherapy.org.uk\/\">https:\/\/www.psychotherapy.org.uk\/<\/a> <\/li>\n<\/ul>\n<\/div>\n<\/li><li class=\"wp-block-post post-12935 support-group type-support-group status-publish hentry support-grouping-professional-counselling-organisations\">\n\n\n<h2 class=\"wp-block-post-title\">Brytyjskie Stowarzyszenie Doradc\u00f3w i Psychoterapeut\u00f3w (BACP)<\/h2>\n\n<div class=\"entry-content wp-block-post-content is-layout-flow wp-block-post-content-is-layout-flow\">\n<p>Prywatne doradztwo i psychoterapia. Kliknij &#8222;Jak znale\u017a\u0107 terapeut\u0119&#8221; dla rejestru BACP i katalogu terapeut\u00f3w. <\/p>\n\n<ul class=\"wp-block-list\">\n<li>01455 883300<\/li>\n\n\n\n<li><a href=\"mailto:bacp@bacp.co.uk\">bacp@bacp.co.uk<\/a> <\/li>\n\n\n\n<li><a href=\"https:\/\/www.bacp.co.uk\/\">https:\/\/www.bacp.co.uk\/<\/a> <\/li>\n<\/ul>\n<\/div>\n<\/li><\/ul>\n\n\n\n<\/div>\n","protected":false},"excerpt":{"rendered":"","protected":false},"author":1,"featured_media":0,"parent":0,"menu_order":0,"comment_status":"closed","ping_status":"closed","template":"page-support-groups.blade.php","meta":{"_acf_changed":false,"footnotes":""},"class_list":["post-12146","page","type-page","status-publish","hentry"],"acf":[],"yoast_head":"<!-- This site is optimized with the Yoast SEO plugin v27.2 - https:\/\/yoast.com\/product\/yoast-seo-wordpress\/ -->\n<title>Organizacje doradztwa zawodowego - Ockenden Review<\/title>\n<meta name=\"robots\" content=\"index, follow, max-snippet:-1, max-image-preview:large, max-video-preview:-1\" \/>\n<link rel=\"canonical\" href=\"https:\/\/www.ockendenmaternityreview.org.uk\/support-professional-counselling-organisations\/\" \/>\n<meta property=\"og:locale\" content=\"pl_PL\" \/>\n<meta property=\"og:type\" content=\"article\" \/>\n<meta property=\"og:title\" content=\"Organizacje doradztwa zawodowego - Ockenden Review\" \/>\n<meta property=\"og:url\" content=\"https:\/\/www.ockendenmaternityreview.org.uk\/support-professional-counselling-organisations\/\" \/>\n<meta property=\"og:site_name\" content=\"Ockenden Review\" \/>\n<meta property=\"article:publisher\" content=\"https:\/\/www.facebook.com\/ockendenmaternityreview?mibextid=wwXIfr\" \/>\n<meta property=\"article:modified_time\" content=\"2026-03-24T14:26:48+00:00\" \/>\n<meta name=\"twitter:card\" content=\"summary_large_image\" \/>\n<meta name=\"twitter:site\" content=\"@ockreview\" \/>\n<script type=\"application\/ld+json\" class=\"yoast-schema-graph\">{\"@context\":\"https:\/\/schema.org\",\"@graph\":[{\"@type\":\"WebPage\",\"@id\":\"https:\/\/www.ockendenmaternityreview.org.uk\/support-professional-counselling-organisations\/\",\"url\":\"https:\/\/www.ockendenmaternityreview.org.uk\/support-professional-counselling-organisations\/\",\"name\":\"Organizacje doradztwa zawodowego - Ockenden Review\",\"isPartOf\":{\"@id\":\"http:\/\/www.ockendenmaternityreview.org.uk\/fa\/#website\"},\"datePublished\":\"2026-01-08T16:36:56+00:00\",\"dateModified\":\"2026-03-24T14:26:48+00:00\",\"breadcrumb\":{\"@id\":\"https:\/\/www.ockendenmaternityreview.org.uk\/support-professional-counselling-organisations\/#breadcrumb\"},\"inLanguage\":\"pl-PL\",\"potentialAction\":[{\"@type\":\"ReadAction\",\"target\":[\"https:\/\/www.ockendenmaternityreview.org.uk\/support-professional-counselling-organisations\/\"]}]},{\"@type\":\"BreadcrumbList\",\"@id\":\"https:\/\/www.ockendenmaternityreview.org.uk\/support-professional-counselling-organisations\/#breadcrumb\",\"itemListElement\":[{\"@type\":\"ListItem\",\"position\":1,\"name\":\"Home\",\"item\":\"http:\/\/www.ockendenmaternityreview.org.uk\/pl\/\"},{\"@type\":\"ListItem\",\"position\":2,\"name\":\"Organizacje doradztwa zawodowego\"}]},{\"@type\":\"WebSite\",\"@id\":\"http:\/\/www.ockendenmaternityreview.org.uk\/fa\/#website\",\"url\":\"http:\/\/www.ockendenmaternityreview.org.uk\/fa\/\",\"name\":\"Ockenden Review\",\"description\":\"\",\"potentialAction\":[{\"@type\":\"SearchAction\",\"target\":{\"@type\":\"EntryPoint\",\"urlTemplate\":\"http:\/\/www.ockendenmaternityreview.org.uk\/fa\/?s={search_term_string}\"},\"query-input\":{\"@type\":\"PropertyValueSpecification\",\"valueRequired\":true,\"valueName\":\"search_term_string\"}}],\"inLanguage\":\"pl-PL\"}]}<\/script>\n<!-- \/ Yoast SEO plugin. -->","yoast_head_json":{"title":"Organizacje doradztwa zawodowego - Ockenden Review","robots":{"index":"index","follow":"follow","max-snippet":"max-snippet:-1","max-image-preview":"max-image-preview:large","max-video-preview":"max-video-preview:-1"},"canonical":"https:\/\/www.ockendenmaternityreview.org.uk\/support-professional-counselling-organisations\/","og_locale":"pl_PL","og_type":"article","og_title":"Organizacje doradztwa zawodowego - Ockenden Review","og_url":"https:\/\/www.ockendenmaternityreview.org.uk\/support-professional-counselling-organisations\/","og_site_name":"Ockenden Review","article_publisher":"https:\/\/www.facebook.com\/ockendenmaternityreview?mibextid=wwXIfr","article_modified_time":"2026-03-24T14:26:48+00:00","twitter_card":"summary_large_image","twitter_site":"@ockreview","schema":{"@context":"https:\/\/schema.org","@graph":[{"@type":"WebPage","@id":"https:\/\/www.ockendenmaternityreview.org.uk\/support-professional-counselling-organisations\/","url":"https:\/\/www.ockendenmaternityreview.org.uk\/support-professional-counselling-organisations\/","name":"Organizacje doradztwa zawodowego - Ockenden Review","isPartOf":{"@id":"http:\/\/www.ockendenmaternityreview.org.uk\/fa\/#website"},"datePublished":"2026-01-08T16:36:56+00:00","dateModified":"2026-03-24T14:26:48+00:00","breadcrumb":{"@id":"https:\/\/www.ockendenmaternityreview.org.uk\/support-professional-counselling-organisations\/#breadcrumb"},"inLanguage":"pl-PL","potentialAction":[{"@type":"ReadAction","target":["https:\/\/www.ockendenmaternityreview.org.uk\/support-professional-counselling-organisations\/"]}]},{"@type":"BreadcrumbList","@id":"https:\/\/www.ockendenmaternityreview.org.uk\/support-professional-counselling-organisations\/#breadcrumb","itemListElement":[{"@type":"ListItem","position":1,"name":"Home","item":"http:\/\/www.ockendenmaternityreview.org.uk\/pl\/"},{"@type":"ListItem","position":2,"name":"Organizacje doradztwa zawodowego"}]},{"@type":"WebSite","@id":"http:\/\/www.ockendenmaternityreview.org.uk\/fa\/#website","url":"http:\/\/www.ockendenmaternityreview.org.uk\/fa\/","name":"Ockenden Review","description":"","potentialAction":[{"@type":"SearchAction","target":{"@type":"EntryPoint","urlTemplate":"http:\/\/www.ockendenmaternityreview.org.uk\/fa\/?s={search_term_string}"},"query-input":{"@type":"PropertyValueSpecification","valueRequired":true,"valueName":"search_term_string"}}],"inLanguage":"pl-PL"}]}},"_links":{"self":[{"href":"https:\/\/www.ockendenmaternityreview.org.uk\/pl\/wp-json\/wp\/v2\/pages\/12146","targetHints":{"allow":["GET"]}}],"collection":[{"href":"https:\/\/www.ockendenmaternityreview.org.uk\/pl\/wp-json\/wp\/v2\/pages"}],"about":[{"href":"https:\/\/www.ockendenmaternityreview.org.uk\/pl\/wp-json\/wp\/v2\/types\/page"}],"author":[{"embeddable":true,"href":"https:\/\/www.ockendenmaternityreview.org.uk\/pl\/wp-json\/wp\/v2\/users\/1"}],"replies":[{"embeddable":true,"href":"https:\/\/www.ockendenmaternityreview.org.uk\/pl\/wp-json\/wp\/v2\/comments?post=12146"}],"version-history":[{"count":0,"href":"https:\/\/www.ockendenmaternityreview.org.uk\/pl\/wp-json\/wp\/v2\/pages\/12146\/revisions"}],"wp:attachment":[{"href":"https:\/\/www.ockendenmaternityreview.org.uk\/pl\/wp-json\/wp\/v2\/media?parent=12146"}],"curies":[{"name":"wp","href":"https:\/\/api.w.org\/{rel}","templated":true}]}}