{"id":12150,"date":"2026-01-08T16:37:09","date_gmt":"2026-01-08T16:37:09","guid":{"rendered":"https:\/\/ockendenmatdev.wpenginepowered.com\/wsparcie-onkologiczne-w-czasie-ciazy-i-wokol-niej\/"},"modified":"2026-03-24T14:26:48","modified_gmt":"2026-03-24T14:26:48","slug":"wsparcie-onkologiczne-w-czasie-ciazy-i-wokol-niej","status":"publish","type":"page","link":"https:\/\/www.ockendenmaternityreview.org.uk\/pl\/wsparcie-onkologiczne-w-czasie-ciazy-i-wokol-niej\/","title":{"rendered":"Wsparcie onkologiczne w czasie ci\u0105\u017cy i wok\u00f3\u0142 niej"},"content":{"rendered":"\n<div class=\"wp-block-query support-groups is-layout-flow wp-block-query-is-layout-flow\"><ul class=\"wp-block-post-template is-layout-grid wp-container-core-post-template-is-layout-763cd4b6 wp-block-post-template-is-layout-grid\"><li class=\"wp-block-post post-13204 support-group type-support-group status-publish has-post-thumbnail hentry support-grouping-cancer-support-in-and-around-pregnancy\">\n<figure class=\"wp-block-post-featured-image\"><img loading=\"lazy\" decoding=\"async\" width=\"1024\" height=\"576\" src=\"https:\/\/www.ockendenmaternityreview.org.uk\/wp-content\/uploads\/2026\/01\/Mummys-Star-Logo-with-mums-1024x576-1.jpg\" class=\"attachment-post-thumbnail size-post-thumbnail wp-post-image\" alt=\"\" style=\"object-fit:cover;\" srcset=\"https:\/\/www.ockendenmaternityreview.org.uk\/wp-content\/uploads\/2026\/01\/Mummys-Star-Logo-with-mums-1024x576-1.jpg 1024w, https:\/\/www.ockendenmaternityreview.org.uk\/wp-content\/uploads\/2026\/01\/Mummys-Star-Logo-with-mums-1024x576-1-300x169.jpg 300w, https:\/\/www.ockendenmaternityreview.org.uk\/wp-content\/uploads\/2026\/01\/Mummys-Star-Logo-with-mums-1024x576-1-768x432.jpg 768w\" sizes=\"auto, (max-width: 1024px) 100vw, 1024px\" \/><\/figure>\n\n<h2 class=\"wp-block-post-title\">Gwiazda Mumii<\/h2>\n\n\n<\/li><\/ul>\n\n\n\n<\/div>\n","protected":false},"excerpt":{"rendered":"","protected":false},"author":1,"featured_media":0,"parent":0,"menu_order":0,"comment_status":"closed","ping_status":"closed","template":"page-support-groups.blade.php","meta":{"_acf_changed":false,"footnotes":""},"class_list":["post-12150","page","type-page","status-publish","hentry"],"acf":[],"yoast_head":"<!-- This site is optimized with the Yoast SEO plugin v27.2 - https:\/\/yoast.com\/product\/yoast-seo-wordpress\/ -->\n<title>Wsparcie onkologiczne w czasie ci\u0105\u017cy i wok\u00f3\u0142 niej - Ockenden Review<\/title>\n<meta name=\"robots\" content=\"index, follow, max-snippet:-1, max-image-preview:large, max-video-preview:-1\" \/>\n<link rel=\"canonical\" href=\"http:\/\/www.ockendenmaternityreview.org.uk\/pl\/wsparcie-onkologiczne-w-czasie-ciazy-i-wokol-niej\/\" \/>\n<meta property=\"og:locale\" content=\"pl_PL\" \/>\n<meta property=\"og:type\" content=\"article\" \/>\n<meta property=\"og:title\" content=\"Wsparcie onkologiczne w czasie ci\u0105\u017cy i wok\u00f3\u0142 niej - Ockenden Review\" \/>\n<meta property=\"og:url\" content=\"http:\/\/www.ockendenmaternityreview.org.uk\/pl\/wsparcie-onkologiczne-w-czasie-ciazy-i-wokol-niej\/\" \/>\n<meta property=\"og:site_name\" content=\"Ockenden Review\" \/>\n<meta property=\"article:publisher\" content=\"https:\/\/www.facebook.com\/ockendenmaternityreview?mibextid=wwXIfr\" \/>\n<meta property=\"article:modified_time\" content=\"2026-03-24T14:26:48+00:00\" \/>\n<meta name=\"twitter:card\" content=\"summary_large_image\" \/>\n<meta name=\"twitter:site\" content=\"@ockreview\" \/>\n<script type=\"application\/ld+json\" class=\"yoast-schema-graph\">{\"@context\":\"https:\/\/schema.org\",\"@graph\":[{\"@type\":\"WebPage\",\"@id\":\"http:\/\/www.ockendenmaternityreview.org.uk\/pl\/wsparcie-onkologiczne-w-czasie-ciazy-i-wokol-niej\/\",\"url\":\"http:\/\/www.ockendenmaternityreview.org.uk\/pl\/wsparcie-onkologiczne-w-czasie-ciazy-i-wokol-niej\/\",\"name\":\"Wsparcie onkologiczne w czasie ci\u0105\u017cy i wok\u00f3\u0142 niej - Ockenden Review\",\"isPartOf\":{\"@id\":\"https:\/\/www.ockendenmaternityreview.org.uk\/fa\/#website\"},\"datePublished\":\"2026-01-08T16:37:09+00:00\",\"dateModified\":\"2026-03-24T14:26:48+00:00\",\"breadcrumb\":{\"@id\":\"http:\/\/www.ockendenmaternityreview.org.uk\/pl\/wsparcie-onkologiczne-w-czasie-ciazy-i-wokol-niej\/#breadcrumb\"},\"inLanguage\":\"pl-PL\",\"potentialAction\":[{\"@type\":\"ReadAction\",\"target\":[\"http:\/\/www.ockendenmaternityreview.org.uk\/pl\/wsparcie-onkologiczne-w-czasie-ciazy-i-wokol-niej\/\"]}]},{\"@type\":\"BreadcrumbList\",\"@id\":\"http:\/\/www.ockendenmaternityreview.org.uk\/pl\/wsparcie-onkologiczne-w-czasie-ciazy-i-wokol-niej\/#breadcrumb\",\"itemListElement\":[{\"@type\":\"ListItem\",\"position\":1,\"name\":\"Home\",\"item\":\"https:\/\/www.ockendenmaternityreview.org.uk\/pl\/\"},{\"@type\":\"ListItem\",\"position\":2,\"name\":\"Wsparcie onkologiczne w czasie ci\u0105\u017cy i wok\u00f3\u0142 niej\"}]},{\"@type\":\"WebSite\",\"@id\":\"https:\/\/www.ockendenmaternityreview.org.uk\/fa\/#website\",\"url\":\"https:\/\/www.ockendenmaternityreview.org.uk\/fa\/\",\"name\":\"Ockenden Review\",\"description\":\"\",\"potentialAction\":[{\"@type\":\"SearchAction\",\"target\":{\"@type\":\"EntryPoint\",\"urlTemplate\":\"https:\/\/www.ockendenmaternityreview.org.uk\/fa\/?s={search_term_string}\"},\"query-input\":{\"@type\":\"PropertyValueSpecification\",\"valueRequired\":true,\"valueName\":\"search_term_string\"}}],\"inLanguage\":\"pl-PL\"}]}<\/script>\n<!-- \/ Yoast SEO plugin. -->","yoast_head_json":{"title":"Wsparcie onkologiczne w czasie ci\u0105\u017cy i wok\u00f3\u0142 niej - Ockenden Review","robots":{"index":"index","follow":"follow","max-snippet":"max-snippet:-1","max-image-preview":"max-image-preview:large","max-video-preview":"max-video-preview:-1"},"canonical":"http:\/\/www.ockendenmaternityreview.org.uk\/pl\/wsparcie-onkologiczne-w-czasie-ciazy-i-wokol-niej\/","og_locale":"pl_PL","og_type":"article","og_title":"Wsparcie onkologiczne w czasie ci\u0105\u017cy i wok\u00f3\u0142 niej - Ockenden Review","og_url":"http:\/\/www.ockendenmaternityreview.org.uk\/pl\/wsparcie-onkologiczne-w-czasie-ciazy-i-wokol-niej\/","og_site_name":"Ockenden Review","article_publisher":"https:\/\/www.facebook.com\/ockendenmaternityreview?mibextid=wwXIfr","article_modified_time":"2026-03-24T14:26:48+00:00","twitter_card":"summary_large_image","twitter_site":"@ockreview","schema":{"@context":"https:\/\/schema.org","@graph":[{"@type":"WebPage","@id":"http:\/\/www.ockendenmaternityreview.org.uk\/pl\/wsparcie-onkologiczne-w-czasie-ciazy-i-wokol-niej\/","url":"http:\/\/www.ockendenmaternityreview.org.uk\/pl\/wsparcie-onkologiczne-w-czasie-ciazy-i-wokol-niej\/","name":"Wsparcie onkologiczne w czasie ci\u0105\u017cy i wok\u00f3\u0142 niej - Ockenden Review","isPartOf":{"@id":"https:\/\/www.ockendenmaternityreview.org.uk\/fa\/#website"},"datePublished":"2026-01-08T16:37:09+00:00","dateModified":"2026-03-24T14:26:48+00:00","breadcrumb":{"@id":"http:\/\/www.ockendenmaternityreview.org.uk\/pl\/wsparcie-onkologiczne-w-czasie-ciazy-i-wokol-niej\/#breadcrumb"},"inLanguage":"pl-PL","potentialAction":[{"@type":"ReadAction","target":["http:\/\/www.ockendenmaternityreview.org.uk\/pl\/wsparcie-onkologiczne-w-czasie-ciazy-i-wokol-niej\/"]}]},{"@type":"BreadcrumbList","@id":"http:\/\/www.ockendenmaternityreview.org.uk\/pl\/wsparcie-onkologiczne-w-czasie-ciazy-i-wokol-niej\/#breadcrumb","itemListElement":[{"@type":"ListItem","position":1,"name":"Home","item":"https:\/\/www.ockendenmaternityreview.org.uk\/pl\/"},{"@type":"ListItem","position":2,"name":"Wsparcie onkologiczne w czasie ci\u0105\u017cy i wok\u00f3\u0142 niej"}]},{"@type":"WebSite","@id":"https:\/\/www.ockendenmaternityreview.org.uk\/fa\/#website","url":"https:\/\/www.ockendenmaternityreview.org.uk\/fa\/","name":"Ockenden Review","description":"","potentialAction":[{"@type":"SearchAction","target":{"@type":"EntryPoint","urlTemplate":"https:\/\/www.ockendenmaternityreview.org.uk\/fa\/?s={search_term_string}"},"query-input":{"@type":"PropertyValueSpecification","valueRequired":true,"valueName":"search_term_string"}}],"inLanguage":"pl-PL"}]}},"_links":{"self":[{"href":"https:\/\/www.ockendenmaternityreview.org.uk\/pl\/wp-json\/wp\/v2\/pages\/12150","targetHints":{"allow":["GET"]}}],"collection":[{"href":"https:\/\/www.ockendenmaternityreview.org.uk\/pl\/wp-json\/wp\/v2\/pages"}],"about":[{"href":"https:\/\/www.ockendenmaternityreview.org.uk\/pl\/wp-json\/wp\/v2\/types\/page"}],"author":[{"embeddable":true,"href":"https:\/\/www.ockendenmaternityreview.org.uk\/pl\/wp-json\/wp\/v2\/users\/1"}],"replies":[{"embeddable":true,"href":"https:\/\/www.ockendenmaternityreview.org.uk\/pl\/wp-json\/wp\/v2\/comments?post=12150"}],"version-history":[{"count":0,"href":"https:\/\/www.ockendenmaternityreview.org.uk\/pl\/wp-json\/wp\/v2\/pages\/12150\/revisions"}],"wp:attachment":[{"href":"https:\/\/www.ockendenmaternityreview.org.uk\/pl\/wp-json\/wp\/v2\/media?parent=12150"}],"curies":[{"name":"wp","href":"https:\/\/api.w.org\/{rel}","templated":true}]}}