{"id":12171,"date":"2026-01-08T16:38:13","date_gmt":"2026-01-08T16:38:13","guid":{"rendered":"https:\/\/ockendenmatdev.wpenginepowered.com\/rodzinna-sluzba-wsparcia-psychologicznego\/"},"modified":"2026-03-24T14:27:03","modified_gmt":"2026-03-24T14:27:03","slug":"rodzinna-sluzba-wsparcia-psychologicznego","status":"publish","type":"page","link":"https:\/\/www.ockendenmaternityreview.org.uk\/pl\/rodzinna-sluzba-wsparcia-psychologicznego\/","title":{"rendered":"Rodzinna S\u0142u\u017cba Wsparcia Psychologicznego"},"content":{"rendered":"\n<div style=\"height:40px\" aria-hidden=\"true\" class=\"wp-block-spacer\"><\/div>\n\n<p>Family Psychological Support Service to specjalistyczna us\u0142uga przeznaczona wy\u0142\u0105cznie dla rodzin uczestnicz\u0105cych w przegl\u0105dzie po\u0142o\u017cniczym. Oferuj\u0105 one dostosowany do potrzeb pakiet wsparcia dla ka\u017cdego cz\u0142onka rodziny dotkni\u0119tego do\u015bwiadczeniem porodu, niezale\u017cnie od jego wyniku. Mog\u0105 r\u00f3wnie\u017c przyjmowa\u0107 dzieci. Czas oczekiwania na wizyt\u0119 jest bardzo kr\u00f3tki, a leczenie nie jest ograniczone czasowo. Mo\u017cesz skontaktowa\u0107 si\u0119 bezpo\u015brednio pod numerem 0115 2001000 lub pod adresem <a href=\"mailto:enquiries@fpssnottingham.co.uk\">enquiries@fpssnottingham.co.uk.<\/a> Istnieje r\u00f3wnie\u017c strona internetowa zawieraj\u0105ca wi\u0119cej informacji pod adresem <a href=\"http:\/\/www.fpssnottingham.co.uk\">www.fpssnottingham.co.uk.<\/a> <\/p>\n\n<div style=\"height:40px\" aria-hidden=\"true\" class=\"wp-block-spacer\"><\/div>\n\n<figure class=\"wp-block-embed is-type-video is-provider-youtube wp-block-embed-youtube wp-embed-aspect-16-9 wp-has-aspect-ratio\"><div class=\"wp-block-embed__wrapper\">\n<iframe loading=\"lazy\" title=\"Family Psychological Support Service - Kurdish (English)\" width=\"500\" height=\"281\" src=\"https:\/\/www.youtube.com\/embed\/kKA-yRXmDE4?feature=oembed\" frameborder=\"0\" allow=\"accelerometer; autoplay; clipboard-write; encrypted-media; gyroscope; picture-in-picture; web-share\" referrerpolicy=\"strict-origin-when-cross-origin\" allowfullscreen><\/iframe>\n<\/div><\/figure>\n\n<div style=\"height:60px\" aria-hidden=\"true\" class=\"wp-block-spacer\"><\/div>\n\n<h2 class=\"wp-block-heading\"><strong>FPSS<\/strong><\/h2>\n\n<p>Rodzinna S\u0142u\u017cba Wsparcia Psychologicznego (FPSS) zosta\u0142a upowa\u017cniona do zapewnienia specjalistycznego i skoncentrowanego na osobie wsparcia psychologicznego dla rodzin, kt\u00f3re s\u0105 cz\u0119\u015bci\u0105 Niezale\u017cnego Przegl\u0105du Macierzy\u0144stwa w przypadkach potencjalnie powa\u017cnego zaniepokojenia w Nottingham University Hospitals NHS Trust.<\/p>\n\n<h2 class=\"wp-block-heading\"><strong>Jakie s\u0105 cele us\u0142ugi?<\/strong><\/h2>\n\n<p>Zapewnienie specjalistycznego i skoncentrowanego na osobie wsparcia psychologicznego rodzinom, kt\u00f3re s\u0105 cz\u0119\u015bci\u0105 Niezale\u017cnego Przegl\u0105du Macierzy\u0144stwa w przypadkach potencjalnie powa\u017cnego zaniepokojenia w Nottingham University Hospitals NHS Trust.<\/p>\n\n<h2 class=\"wp-block-heading\"><strong>Kto \u015bwiadczy us\u0142ug\u0119?<\/strong><\/h2>\n\n<p>Dedykowany zesp\u00f3\u0142 terapeut\u00f3w psychologicznych ze specjalistycznym do\u015bwiadczeniem w pracy z rodzinami, kt\u00f3rych \u017cycie zosta\u0142o dotkni\u0119te cierpieniem i traum\u0105 zwi\u0105zan\u0105 z do\u015bwiadczeniami macierzy\u0144skimi. Us\u0142uga jest \u015bwiadczona przez Firm\u0119 Zarz\u0105dzania Stanem i nazywa si\u0119 Rodzinna S\u0142u\u017cba Wsparcia Psychologicznego (FPSS).   <\/p>\n\n<h2 class=\"wp-block-heading\"><strong>Kto mo\u017ce uzyska\u0107 dost\u0119p do us\u0142ugi?<\/strong><\/h2>\n\n<p>Us\u0142uga jest przeznaczona dla wszystkich rodzin, kt\u00f3re s\u0105 cz\u0119\u015bci\u0105 Niezale\u017cnego Przegl\u0105du Macierzy\u0144stwa w Nottingham University Hospitals NHS Trust.<\/p>\n\n<p>Dost\u0119p do us\u0142ugi mo\u017ce uzyska\u0107 ka\u017cdy cz\u0142onek rodziny, w tym rodzice i opiekunowie, dzieci b\u0119d\u0105ce przedmiotem przegl\u0105du, rodze\u0144stwo (w tym osoby poni\u017cej 18 roku \u017cycia) oraz inni cz\u0142onkowie rodziny, tacy jak dziadkowie.<\/p>\n\n<h2 class=\"wp-block-heading\"><strong>Jak mog\u0119 uzyska\u0107 dost\u0119p do us\u0142ugi?<\/strong><\/h2>\n\n<p>Skierowania mo\u017cna dokona\u0107 za po\u015brednictwem profesjonalnego lub samodzielnego skierowania, dzwoni\u0105c pod numer 0115 200 1000 lub wysy\u0142aj\u0105c e-mail pod numer <a href=\"mailto:enquiries@fpssnottingham.co.uk\">enquiries@fpssnottingham.co.uk<\/a>. Serwis przyjmuje r\u00f3wnie\u017c bezpo\u015brednie skierowania od Niezale\u017cnego Zespo\u0142u ds. Oceny Po\u0142o\u017cnictwa, kierowanego przez Donn\u0119 Ockenden. Wi\u0119cej informacji mo\u017cna znale\u017a\u0107 na stronie <a href=\"http:\/\/www.fpssnottingham.co.uk\/\">www.fpssnottingham.co.uk.<\/a> Znajd\u017a nasz\u0105 klinik\u0119 w Carrington, Nottingham:   <\/p>\n\n<div style=\"overflow:hidden;max-width:100%;width:100%;height:300px;margin-bottom:20px;\"><div id=\"g-mapdisplay\" style=\"height:100%; width:100%;max-width:100%;\"><iframe style=\"height:100%;width:100%;border:0;\" frameborder=\"0\" src=\"https:\/\/www.google.com\/maps\/embed\/v1\/place?q=Anderson+House,+Clinton+Avenue,+Nottingham+NG5+1AW,+UK&#038;key=AIzaSyBFw0Qbyq9zTFTd-tUY6dZWTgaQzuU17R8\"><\/iframe><\/div><style>#g-mapdisplay img.text-marker{max-width:none!important;background:none!important;}img{max-width:none}<\/style><\/div>\n\n<p><em>Bezp\u0142atny parking, dost\u0119p z poziomu gruntu<\/em><\/p>\n\n<h2 class=\"wp-block-heading\"><strong>Co oferuje us\u0142uga?<\/strong><\/h2>\n\n<p>Gdy us\u0142uga otrzyma skierowanie od lub dla osoby i\/lub rodziny, organizowana jest wst\u0119pna sesja dla tej osoby i\/lub cz\u0142onka rodziny. Sesja potrwa oko\u0142o godziny i zazwyczaj odb\u0119dzie si\u0119 z Wellbeing Navigatorem. Mamy nadziej\u0119, \u017ce ta wst\u0119pna sesja b\u0119dzie szans\u0105 dla tej osoby i\/lub cz\u0142onka rodziny\/cz\u0142onk\u00f3w rodziny, aby opowiedzie\u0107 histori\u0119 tego, przez co przeszli w bezpiecznym i wspieraj\u0105cym kontek\u015bcie. Nawigator dobrego samopoczucia poprosi o informacje o tym, czego dana osoba i\/lub rodzina chcia\u0142aby uzyska\u0107 w zakresie informacji o us\u0142udze i w jaki spos\u00f3b mo\u017ce ona wesprze\u0107 t\u0119 osob\u0119 i\/lub cz\u0142onka rodziny, na przyk\u0142ad dostarczaj\u0105c informacji na temat szeregu r\u00f3\u017cnych dost\u0119pnych terapii. Umo\u017cliwi to osobie i\/lub cz\u0142onkom\/cz\u0142onkom rodziny zrozumienie dost\u0119pnych dla nich wybor\u00f3w. Nawigator dobrego samopoczucia zapyta osob\u0119 i\/lub cz\u0142onka rodziny, czy s\u0105 jakie\u015b pocz\u0105tkowe obszary, na kt\u00f3rych chcieliby si\u0119 skupi\u0107.     <\/p>\n\n<p>Nawigator dobrego samopoczucia udost\u0119pni informacje przekazane przez osob\u0119 i\/lub rodzin\u0119 na temat obszar\u00f3w, na kt\u00f3rych si\u0119 koncentruje, z multidyscyplinarnym zespo\u0142em klinicznym. Multidyscyplinarny zesp\u00f3\u0142 kliniczny dokona przegl\u0105du tych informacji oraz informacji o skierowaniu i okre\u015bli klinicyst\u0119, kt\u00f3ry podejmie wst\u0119pn\u0105 ocen\u0119 z osob\u0105 i\/lub cz\u0142onkiem rodziny. Podczas tej oceny osoba i\/lub rodzina b\u0119d\u0105 mia\u0142y mo\u017cliwo\u015b\u0107 wyboru sposobu leczenia.  <\/p>\n\n<p>Us\u0142uga zosta\u0142a zaprojektowana tak, aby by\u0142a elastyczna, a rodziny b\u0119d\u0105 mia\u0142y wyb\u00f3r, czy ich sesja odb\u0119dzie si\u0119 twarz\u0105 w twarz, online czy telefonicznie. W razie potrzeby us\u0142uga mo\u017ce zaoferowa\u0107 wizyty domowe. Us\u0142uga posiada klinik\u0119 zlokalizowan\u0105 przy Clinton Avenue w Carrington, w pobli\u017cu po\u0142\u0105cze\u0144 transportu publicznego, z bezp\u0142atnym dedykowanym parkingiem i dost\u0119pem z poziomu gruntu.    <\/p>\n\n<h2 class=\"wp-block-heading\"><strong>Czy us\u0142ugi s\u0105 dost\u0119pne w j\u0119zykach innych ni\u017c angielski?<\/strong><\/h2>\n\n<p>Us\u0142uga mo\u017ce zorganizowa\u0107 t\u0142umacza, kt\u00f3ry wesprze Ci\u0119 w sesjach twarz\u0105 w twarz, zdalnie lub podczas wizyt domowych. Mo\u017cemy zapewni\u0107 Ci tego samego t\u0142umacza przez ca\u0142y czas Twojej opieki i b\u0119dziemy d\u0105\u017cy\u0107 do przeszkolenia poszczeg\u00f3lnych t\u0142umaczy, je\u015bli masz kogo\u015b, z kim czujesz si\u0119 najbardziej komfortowo. Informacje w r\u00f3\u017cnych j\u0119zykach s\u0105 dost\u0119pne na naszej stronie internetowej pod adresem <a href=\"http:\/\/www.fpssnottingham.co.uk\/languages\">www.fpssnottingham.co.uk\/languages<\/a>   <\/p>\n\n<h2 class=\"wp-block-heading\"><strong>Czy mog\u0119 uzyska\u0107 dost\u0119p do dodatkowej pomocy technicznej, kt\u00f3ra spe\u0142ni moje potrzeby?<\/strong><\/h2>\n\n<p>FPSS wsp\u00f3\u0142pracuje z <a href=\"https:\/\/www.ockendenmaternityreview.org.uk\/support-for-families\/regional-services-nottingham\/\">Zephyr&#8217;s<\/a>, aby zapewni\u0107 sesje wsparcia r\u00f3wie\u015bniczego, podczas kt\u00f3rych rodziny mog\u0105 spotyka\u0107 si\u0119 w celu wzajemnego wsparcia.  <\/p>\n\n<p>Nie zaleca si\u0119 anga\u017cowania si\u0119 w interwencje terapeutyczne z r\u00f3\u017cnymi us\u0142ugami w tym samym czasie, chyba \u017ce chodzi o rozwi\u0105zanie r\u00f3\u017cnych lub r\u00f3\u017cnych trudno\u015bci. Powodem tego jest to, \u017ce dwie terapie mog\u0105 by\u0107 ze sob\u0105 w konflikcie, a tak\u017ce potencjalne dodatkowe zapotrzebowanie, jakie mo\u017ce to na\u0142o\u017cy\u0107 na osob\u0119 poddawan\u0105 leczeniu. Czasami mo\u017ce to prowadzi\u0107 do zwi\u0119kszonego stresu lub z\u0142ych wynik\u00f3w.    <\/p>\n\n<p>Rodzinna S\u0142u\u017cba Wsparcia Psychologicznego mo\u017ce r\u00f3wnie\u017c wesprze\u0107 Ci\u0119 w szerszych kwestiach, kt\u00f3re mog\u0105 wykracza\u0107 poza Twoje do\u015bwiadczenie macierzy\u0144skie, na przyk\u0142ad w przypadku d\u0142ug\u00f3w, problem\u00f3w mieszkaniowych lub zwi\u0105zanych z zatrudnieniem.<\/p>\n\n<h2 class=\"wp-block-heading\"><strong>Sprz\u0119\u017cenie zwrotne<\/strong><\/h2>\n\n<p>Chcemy zrozumie\u0107, w jaki spos\u00f3b rodziny do\u015bwiadczaj\u0105 wsparcia oferowanego przez Rodzinn\u0105 S\u0142u\u017cb\u0119 Wsparcia Psychologicznego. W ramach opieki w trakcie i po skorzystaniu z us\u0142ugi zostanie Ci zadane kilka pyta\u0144 dotycz\u0105cych tego, czy us\u0142uga spe\u0142ni\u0142a Twoje potrzeby. Te informacje zwrotne pomog\u0105 nam stale ulepsza\u0107 us\u0142ugi, kt\u00f3re \u015bwiadczymy rodzinom.  <\/p>\n\n<h2 class=\"wp-block-heading\">Media<\/h2>\n\n<p><a href=\"https:\/\/www.bbc.co.uk\/news\/uk-england-nottinghamshire-68893599\" target=\"_blank\" rel=\"noreferrer noopener nofollow\">https:\/\/www.bbc.co.uk\/news\/uk-england-nottinghamshire-68893599<\/a><\/p>\n\n<p><a href=\"https:\/\/twitter.com\/FPSSNottingham\" target=\"_blank\" rel=\"noreferrer noopener nofollow\">@FPSSNottingham<\/a><\/p>\n","protected":false},"excerpt":{"rendered":"<p>Family Psychological Support Service to specjalistyczna us\u0142uga przeznaczona wy\u0142\u0105cznie dla rodzin uczestnicz\u0105cych w przegl\u0105dzie po\u0142o\u017cniczym. Oferuj\u0105 one dostosowany do potrzeb pakiet wsparcia dla ka\u017cdego cz\u0142onka rodziny dotkni\u0119tego do\u015bwiadczeniem porodu, niezale\u017cnie od jego wyniku. Mog\u0105 r\u00f3wnie\u017c przyjmowa\u0107 dzieci. Czas oczekiwania na wizyt\u0119 jest bardzo kr\u00f3tki, a leczenie nie jest ograniczone czasowo. Mo\u017cesz skontaktowa\u0107 si\u0119 bezpo\u015brednio pod &hellip; <a href=\"https:\/\/www.ockendenmaternityreview.org.uk\/pl\/rodzinna-sluzba-wsparcia-psychologicznego\/\">Continued<\/a><\/p>\n","protected":false},"author":1,"featured_media":0,"parent":0,"menu_order":0,"comment_status":"closed","ping_status":"closed","template":"page-narrow.blade.php","meta":{"_acf_changed":false,"footnotes":""},"class_list":["post-12171","page","type-page","status-publish","hentry"],"acf":[],"yoast_head":"<!-- This site is optimized with the Yoast SEO plugin v27.2 - https:\/\/yoast.com\/product\/yoast-seo-wordpress\/ -->\n<title>Rodzinna S\u0142u\u017cba Wsparcia Psychologicznego - Ockenden Review<\/title>\n<meta name=\"robots\" content=\"index, follow, max-snippet:-1, max-image-preview:large, max-video-preview:-1\" \/>\n<link rel=\"canonical\" href=\"https:\/\/www.ockendenmaternityreview.org.uk\/pl\/rodzinna-sluzba-wsparcia-psychologicznego\/\" \/>\n<meta property=\"og:locale\" content=\"pl_PL\" \/>\n<meta property=\"og:type\" content=\"article\" \/>\n<meta property=\"og:title\" content=\"Rodzinna S\u0142u\u017cba Wsparcia Psychologicznego - Ockenden Review\" \/>\n<meta property=\"og:description\" content=\"Family Psychological Support Service to specjalistyczna us\u0142uga przeznaczona wy\u0142\u0105cznie dla rodzin uczestnicz\u0105cych w przegl\u0105dzie po\u0142o\u017cniczym. Oferuj\u0105 one dostosowany do potrzeb pakiet wsparcia dla ka\u017cdego cz\u0142onka rodziny dotkni\u0119tego do\u015bwiadczeniem porodu, niezale\u017cnie od jego wyniku. Mog\u0105 r\u00f3wnie\u017c przyjmowa\u0107 dzieci. Czas oczekiwania na wizyt\u0119 jest bardzo kr\u00f3tki, a leczenie nie jest ograniczone czasowo. Mo\u017cesz skontaktowa\u0107 si\u0119 bezpo\u015brednio pod &hellip; Continued\" \/>\n<meta property=\"og:url\" content=\"https:\/\/www.ockendenmaternityreview.org.uk\/pl\/rodzinna-sluzba-wsparcia-psychologicznego\/\" \/>\n<meta property=\"og:site_name\" content=\"Ockenden Review\" \/>\n<meta property=\"article:publisher\" content=\"https:\/\/www.facebook.com\/ockendenmaternityreview?mibextid=wwXIfr\" \/>\n<meta property=\"article:modified_time\" content=\"2026-03-24T14:27:03+00:00\" \/>\n<meta name=\"twitter:card\" content=\"summary_large_image\" \/>\n<meta name=\"twitter:site\" content=\"@ockreview\" \/>\n<meta name=\"twitter:label1\" content=\"Szacowany czas czytania\" \/>\n\t<meta name=\"twitter:data1\" content=\"5 minut\" \/>\n<script type=\"application\/ld+json\" class=\"yoast-schema-graph\">{\"@context\":\"https:\/\/schema.org\",\"@graph\":[{\"@type\":\"WebPage\",\"@id\":\"https:\/\/www.ockendenmaternityreview.org.uk\/pl\/rodzinna-sluzba-wsparcia-psychologicznego\/\",\"url\":\"https:\/\/www.ockendenmaternityreview.org.uk\/pl\/rodzinna-sluzba-wsparcia-psychologicznego\/\",\"name\":\"Rodzinna S\u0142u\u017cba Wsparcia Psychologicznego - Ockenden Review\",\"isPartOf\":{\"@id\":\"https:\/\/www.ockendenmaternityreview.org.uk\/pa\/#website\"},\"datePublished\":\"2026-01-08T16:38:13+00:00\",\"dateModified\":\"2026-03-24T14:27:03+00:00\",\"breadcrumb\":{\"@id\":\"https:\/\/www.ockendenmaternityreview.org.uk\/pl\/rodzinna-sluzba-wsparcia-psychologicznego\/#breadcrumb\"},\"inLanguage\":\"pl-PL\",\"potentialAction\":[{\"@type\":\"ReadAction\",\"target\":[\"https:\/\/www.ockendenmaternityreview.org.uk\/pl\/rodzinna-sluzba-wsparcia-psychologicznego\/\"]}]},{\"@type\":\"BreadcrumbList\",\"@id\":\"https:\/\/www.ockendenmaternityreview.org.uk\/pl\/rodzinna-sluzba-wsparcia-psychologicznego\/#breadcrumb\",\"itemListElement\":[{\"@type\":\"ListItem\",\"position\":1,\"name\":\"Home\",\"item\":\"https:\/\/www.ockendenmaternityreview.org.uk\/pl\/\"},{\"@type\":\"ListItem\",\"position\":2,\"name\":\"Rodzinna S\u0142u\u017cba Wsparcia Psychologicznego\"}]},{\"@type\":\"WebSite\",\"@id\":\"https:\/\/www.ockendenmaternityreview.org.uk\/pa\/#website\",\"url\":\"https:\/\/www.ockendenmaternityreview.org.uk\/pa\/\",\"name\":\"Ockenden Review\",\"description\":\"\",\"potentialAction\":[{\"@type\":\"SearchAction\",\"target\":{\"@type\":\"EntryPoint\",\"urlTemplate\":\"https:\/\/www.ockendenmaternityreview.org.uk\/pa\/?s={search_term_string}\"},\"query-input\":{\"@type\":\"PropertyValueSpecification\",\"valueRequired\":true,\"valueName\":\"search_term_string\"}}],\"inLanguage\":\"pl-PL\"}]}<\/script>\n<!-- \/ Yoast SEO plugin. -->","yoast_head_json":{"title":"Rodzinna S\u0142u\u017cba Wsparcia Psychologicznego - Ockenden Review","robots":{"index":"index","follow":"follow","max-snippet":"max-snippet:-1","max-image-preview":"max-image-preview:large","max-video-preview":"max-video-preview:-1"},"canonical":"https:\/\/www.ockendenmaternityreview.org.uk\/pl\/rodzinna-sluzba-wsparcia-psychologicznego\/","og_locale":"pl_PL","og_type":"article","og_title":"Rodzinna S\u0142u\u017cba Wsparcia Psychologicznego - Ockenden Review","og_description":"Family Psychological Support Service to specjalistyczna us\u0142uga przeznaczona wy\u0142\u0105cznie dla rodzin uczestnicz\u0105cych w przegl\u0105dzie po\u0142o\u017cniczym. Oferuj\u0105 one dostosowany do potrzeb pakiet wsparcia dla ka\u017cdego cz\u0142onka rodziny dotkni\u0119tego do\u015bwiadczeniem porodu, niezale\u017cnie od jego wyniku. Mog\u0105 r\u00f3wnie\u017c przyjmowa\u0107 dzieci. Czas oczekiwania na wizyt\u0119 jest bardzo kr\u00f3tki, a leczenie nie jest ograniczone czasowo. Mo\u017cesz skontaktowa\u0107 si\u0119 bezpo\u015brednio pod &hellip; Continued","og_url":"https:\/\/www.ockendenmaternityreview.org.uk\/pl\/rodzinna-sluzba-wsparcia-psychologicznego\/","og_site_name":"Ockenden Review","article_publisher":"https:\/\/www.facebook.com\/ockendenmaternityreview?mibextid=wwXIfr","article_modified_time":"2026-03-24T14:27:03+00:00","twitter_card":"summary_large_image","twitter_site":"@ockreview","twitter_misc":{"Szacowany czas czytania":"5 minut"},"schema":{"@context":"https:\/\/schema.org","@graph":[{"@type":"WebPage","@id":"https:\/\/www.ockendenmaternityreview.org.uk\/pl\/rodzinna-sluzba-wsparcia-psychologicznego\/","url":"https:\/\/www.ockendenmaternityreview.org.uk\/pl\/rodzinna-sluzba-wsparcia-psychologicznego\/","name":"Rodzinna S\u0142u\u017cba Wsparcia Psychologicznego - Ockenden Review","isPartOf":{"@id":"https:\/\/www.ockendenmaternityreview.org.uk\/pa\/#website"},"datePublished":"2026-01-08T16:38:13+00:00","dateModified":"2026-03-24T14:27:03+00:00","breadcrumb":{"@id":"https:\/\/www.ockendenmaternityreview.org.uk\/pl\/rodzinna-sluzba-wsparcia-psychologicznego\/#breadcrumb"},"inLanguage":"pl-PL","potentialAction":[{"@type":"ReadAction","target":["https:\/\/www.ockendenmaternityreview.org.uk\/pl\/rodzinna-sluzba-wsparcia-psychologicznego\/"]}]},{"@type":"BreadcrumbList","@id":"https:\/\/www.ockendenmaternityreview.org.uk\/pl\/rodzinna-sluzba-wsparcia-psychologicznego\/#breadcrumb","itemListElement":[{"@type":"ListItem","position":1,"name":"Home","item":"https:\/\/www.ockendenmaternityreview.org.uk\/pl\/"},{"@type":"ListItem","position":2,"name":"Rodzinna S\u0142u\u017cba Wsparcia Psychologicznego"}]},{"@type":"WebSite","@id":"https:\/\/www.ockendenmaternityreview.org.uk\/pa\/#website","url":"https:\/\/www.ockendenmaternityreview.org.uk\/pa\/","name":"Ockenden Review","description":"","potentialAction":[{"@type":"SearchAction","target":{"@type":"EntryPoint","urlTemplate":"https:\/\/www.ockendenmaternityreview.org.uk\/pa\/?s={search_term_string}"},"query-input":{"@type":"PropertyValueSpecification","valueRequired":true,"valueName":"search_term_string"}}],"inLanguage":"pl-PL"}]}},"_links":{"self":[{"href":"https:\/\/www.ockendenmaternityreview.org.uk\/pl\/wp-json\/wp\/v2\/pages\/12171","targetHints":{"allow":["GET"]}}],"collection":[{"href":"https:\/\/www.ockendenmaternityreview.org.uk\/pl\/wp-json\/wp\/v2\/pages"}],"about":[{"href":"https:\/\/www.ockendenmaternityreview.org.uk\/pl\/wp-json\/wp\/v2\/types\/page"}],"author":[{"embeddable":true,"href":"https:\/\/www.ockendenmaternityreview.org.uk\/pl\/wp-json\/wp\/v2\/users\/1"}],"replies":[{"embeddable":true,"href":"https:\/\/www.ockendenmaternityreview.org.uk\/pl\/wp-json\/wp\/v2\/comments?post=12171"}],"version-history":[{"count":0,"href":"https:\/\/www.ockendenmaternityreview.org.uk\/pl\/wp-json\/wp\/v2\/pages\/12171\/revisions"}],"wp:attachment":[{"href":"https:\/\/www.ockendenmaternityreview.org.uk\/pl\/wp-json\/wp\/v2\/media?parent=12171"}],"curies":[{"name":"wp","href":"https:\/\/api.w.org\/{rel}","templated":true}]}}