{"id":13462,"date":"2026-03-30T15:59:17","date_gmt":"2026-03-30T15:59:17","guid":{"rendered":"https:\/\/www.ockendenmaternityreview.org.uk\/wsparcie-psychologiczne-dla-rodzin-2\/"},"modified":"2026-04-07T10:37:00","modified_gmt":"2026-04-07T10:37:00","slug":"wsparcie-psychologiczne-dla-rodzin-2","status":"publish","type":"page","link":"https:\/\/www.ockendenmaternityreview.org.uk\/pl\/wsparcie-psychologiczne-dla-rodzin-2\/","title":{"rendered":"Wsparcie psychologiczne dla rodzin"},"content":{"rendered":"\n<div class=\"wp-block-columns is-layout-flex wp-container-core-columns-is-layout-9d6595d7 wp-block-columns-is-layout-flex\">\n<div class=\"wp-block-column is-layout-flow wp-block-column-is-layout-flow\">\n<h2 class=\"wp-block-heading\">Rodzinna S\u0142u\u017cba Wsparcia Psychologicznego<\/h2>\n\n\n\n<p>Family Psychological Support Service to specjalistyczna us\u0142uga przeznaczona wy\u0142\u0105cznie dla rodzin uczestnicz\u0105cych w przegl\u0105dzie po\u0142o\u017cniczym. Oferuj\u0105 one dostosowany do potrzeb pakiet wsparcia dla ka\u017cdego cz\u0142onka rodziny dotkni\u0119tego do\u015bwiadczeniem porodu, niezale\u017cnie od jego wyniku. <\/p>\n\n\n\n<p><a href=\"https:\/\/www.ockendenmaternityreview.org.uk\/pl\/rodzinna-sluzba-wsparcia-psychologicznego\/\">Czytaj ca\u0142o\u015b\u0107<\/a><\/p>\n<\/div>\n\n\n\n<div class=\"wp-block-column is-layout-flow wp-block-column-is-layout-flow\">\n<h2 class=\"wp-block-heading\">Wsparcie w sytuacjach kryzysowych zwi\u0105zanych ze zdrowiem psychicznym<\/h2>\n\n\n\n<p>Czasami mo\u017cesz odczuwa\u0107 silny niepok\u00f3j lub my\u015bli samob\u00f3jcze i potrzebowa\u0107 pomocy w nag\u0142ych wypadkach. My w FPSS nie jeste\u015bmy s\u0142u\u017cb\u0105 kryzysow\u0105 i mo\u017cemy nie by\u0107 dost\u0119pni, aby porozmawia\u0107 z tob\u0105 w bardzo kr\u00f3tkim czasie.   <\/p>\n\n\n\n<p><a href=\"https:\/\/www.ockendenmaternityreview.org.uk\/pl\/wsparcie-w-sytuacjach-kryzysowych-zwiazanych-ze-zdrowiem-psychicznym\/\">Czytaj ca\u0142o\u015b\u0107<\/a><\/p>\n<\/div>\n<\/div>\n\n<div class=\"wp-block-columns is-layout-flex wp-container-core-columns-is-layout-9d6595d7 wp-block-columns-is-layout-flex\">\n<div class=\"wp-block-column is-layout-flow wp-block-column-is-layout-flow\">\n<h2 class=\"wp-block-heading\">Cz\u0119sto zadawane pytania dotycz\u0105ce FPSS<\/h2>\n\n\n\n<p>Odpowiedzi na najcz\u0119\u015bciej zadawane pytania dla rodzin<\/p>\n\n\n\n<p><a href=\"https:\/\/www.ockendenmaternityreview.org.uk\/pl\/czesto-zadawane-pytania-dotyczace-fpss\/\">Czytaj ca\u0142o\u015b\u0107<\/a><\/p>\n<\/div>\n\n\n\n<div class=\"wp-block-column is-layout-flow wp-block-column-is-layout-flow\">\n<h2 class=\"wp-block-heading\">\u015acie\u017cka us\u0142ug wsparcia psychologicznego dla rodzin<\/h2>\n\n\n\n<p><a href=\"http:\/\/www.ockendenmaternityreview.org.uk\/wp-content\/uploads\/2026\/03\/FPSS-Service-User-Pathway-Final-1.pdf\" target=\"_blank\" rel=\"noreferrer noopener\">Czytaj ca\u0142o\u015b\u0107<\/a><\/p>\n<\/div>\n<\/div>\n","protected":false},"excerpt":{"rendered":"<p>Rodzinna S\u0142u\u017cba Wsparcia Psychologicznego Family Psychological Support Service to specjalistyczna us\u0142uga przeznaczona wy\u0142\u0105cznie dla rodzin uczestnicz\u0105cych w przegl\u0105dzie po\u0142o\u017cniczym. Oferuj\u0105 one dostosowany do potrzeb pakiet wsparcia dla ka\u017cdego cz\u0142onka rodziny dotkni\u0119tego do\u015bwiadczeniem porodu, niezale\u017cnie od jego wyniku. Czytaj ca\u0142o\u015b\u0107 Wsparcie w sytuacjach kryzysowych zwi\u0105zanych ze zdrowiem psychicznym Czasami mo\u017cesz odczuwa\u0107 silny niepok\u00f3j lub my\u015bli samob\u00f3jcze &hellip; <a href=\"https:\/\/www.ockendenmaternityreview.org.uk\/pl\/wsparcie-psychologiczne-dla-rodzin-2\/\">Continued<\/a><\/p>\n","protected":false},"author":1,"featured_media":0,"parent":0,"menu_order":0,"comment_status":"closed","ping_status":"closed","template":"page-narrow.blade.php","meta":{"_acf_changed":false,"footnotes":""},"class_list":["post-13462","page","type-page","status-publish","hentry"],"acf":[],"yoast_head":"<!-- This site is optimized with the Yoast SEO plugin v27.2 - https:\/\/yoast.com\/product\/yoast-seo-wordpress\/ -->\n<title>Wsparcie psychologiczne dla rodzin - Ockenden Review<\/title>\n<meta name=\"robots\" content=\"index, follow, max-snippet:-1, max-image-preview:large, max-video-preview:-1\" \/>\n<link rel=\"canonical\" href=\"http:\/\/www.ockendenmaternityreview.org.uk\/pl\/wsparcie-psychologiczne-dla-rodzin-2\/\" \/>\n<meta property=\"og:locale\" content=\"pl_PL\" \/>\n<meta property=\"og:type\" content=\"article\" \/>\n<meta property=\"og:title\" content=\"Wsparcie psychologiczne dla rodzin - Ockenden Review\" \/>\n<meta property=\"og:description\" content=\"Rodzinna S\u0142u\u017cba Wsparcia Psychologicznego Family Psychological Support Service to specjalistyczna us\u0142uga przeznaczona wy\u0142\u0105cznie dla rodzin uczestnicz\u0105cych w przegl\u0105dzie po\u0142o\u017cniczym. Oferuj\u0105 one dostosowany do potrzeb pakiet wsparcia dla ka\u017cdego cz\u0142onka rodziny dotkni\u0119tego do\u015bwiadczeniem porodu, niezale\u017cnie od jego wyniku. Czytaj ca\u0142o\u015b\u0107 Wsparcie w sytuacjach kryzysowych zwi\u0105zanych ze zdrowiem psychicznym Czasami mo\u017cesz odczuwa\u0107 silny niepok\u00f3j lub my\u015bli samob\u00f3jcze &hellip; Continued\" \/>\n<meta property=\"og:url\" content=\"http:\/\/www.ockendenmaternityreview.org.uk\/pl\/wsparcie-psychologiczne-dla-rodzin-2\/\" \/>\n<meta property=\"og:site_name\" content=\"Ockenden Review\" \/>\n<meta property=\"article:publisher\" content=\"https:\/\/www.facebook.com\/ockendenmaternityreview?mibextid=wwXIfr\" \/>\n<meta property=\"article:modified_time\" content=\"2026-04-07T10:37:00+00:00\" \/>\n<meta name=\"twitter:card\" content=\"summary_large_image\" \/>\n<meta name=\"twitter:site\" content=\"@ockreview\" \/>\n<meta name=\"twitter:label1\" content=\"Szacowany czas czytania\" \/>\n\t<meta name=\"twitter:data1\" content=\"1 minuta\" \/>\n<script type=\"application\/ld+json\" class=\"yoast-schema-graph\">{\"@context\":\"https:\/\/schema.org\",\"@graph\":[{\"@type\":\"WebPage\",\"@id\":\"http:\/\/www.ockendenmaternityreview.org.uk\/pl\/wsparcie-psychologiczne-dla-rodzin-2\/\",\"url\":\"http:\/\/www.ockendenmaternityreview.org.uk\/pl\/wsparcie-psychologiczne-dla-rodzin-2\/\",\"name\":\"Wsparcie psychologiczne dla rodzin - Ockenden Review\",\"isPartOf\":{\"@id\":\"https:\/\/www.ockendenmaternityreview.org.uk\/zh-hant\/#website\"},\"datePublished\":\"2026-03-30T15:59:17+00:00\",\"dateModified\":\"2026-04-07T10:37:00+00:00\",\"breadcrumb\":{\"@id\":\"http:\/\/www.ockendenmaternityreview.org.uk\/pl\/wsparcie-psychologiczne-dla-rodzin-2\/#breadcrumb\"},\"inLanguage\":\"pl-PL\",\"potentialAction\":[{\"@type\":\"ReadAction\",\"target\":[\"http:\/\/www.ockendenmaternityreview.org.uk\/pl\/wsparcie-psychologiczne-dla-rodzin-2\/\"]}]},{\"@type\":\"BreadcrumbList\",\"@id\":\"http:\/\/www.ockendenmaternityreview.org.uk\/pl\/wsparcie-psychologiczne-dla-rodzin-2\/#breadcrumb\",\"itemListElement\":[{\"@type\":\"ListItem\",\"position\":1,\"name\":\"Home\",\"item\":\"http:\/\/www.ockendenmaternityreview.org.uk\/pl\/\"},{\"@type\":\"ListItem\",\"position\":2,\"name\":\"Wsparcie psychologiczne dla rodzin\"}]},{\"@type\":\"WebSite\",\"@id\":\"https:\/\/www.ockendenmaternityreview.org.uk\/zh-hant\/#website\",\"url\":\"https:\/\/www.ockendenmaternityreview.org.uk\/zh-hant\/\",\"name\":\"Ockenden Review\",\"description\":\"\",\"potentialAction\":[{\"@type\":\"SearchAction\",\"target\":{\"@type\":\"EntryPoint\",\"urlTemplate\":\"https:\/\/www.ockendenmaternityreview.org.uk\/zh-hant\/?s={search_term_string}\"},\"query-input\":{\"@type\":\"PropertyValueSpecification\",\"valueRequired\":true,\"valueName\":\"search_term_string\"}}],\"inLanguage\":\"pl-PL\"}]}<\/script>\n<!-- \/ Yoast SEO plugin. -->","yoast_head_json":{"title":"Wsparcie psychologiczne dla rodzin - Ockenden Review","robots":{"index":"index","follow":"follow","max-snippet":"max-snippet:-1","max-image-preview":"max-image-preview:large","max-video-preview":"max-video-preview:-1"},"canonical":"http:\/\/www.ockendenmaternityreview.org.uk\/pl\/wsparcie-psychologiczne-dla-rodzin-2\/","og_locale":"pl_PL","og_type":"article","og_title":"Wsparcie psychologiczne dla rodzin - Ockenden Review","og_description":"Rodzinna S\u0142u\u017cba Wsparcia Psychologicznego Family Psychological Support Service to specjalistyczna us\u0142uga przeznaczona wy\u0142\u0105cznie dla rodzin uczestnicz\u0105cych w przegl\u0105dzie po\u0142o\u017cniczym. Oferuj\u0105 one dostosowany do potrzeb pakiet wsparcia dla ka\u017cdego cz\u0142onka rodziny dotkni\u0119tego do\u015bwiadczeniem porodu, niezale\u017cnie od jego wyniku. Czytaj ca\u0142o\u015b\u0107 Wsparcie w sytuacjach kryzysowych zwi\u0105zanych ze zdrowiem psychicznym Czasami mo\u017cesz odczuwa\u0107 silny niepok\u00f3j lub my\u015bli samob\u00f3jcze &hellip; Continued","og_url":"http:\/\/www.ockendenmaternityreview.org.uk\/pl\/wsparcie-psychologiczne-dla-rodzin-2\/","og_site_name":"Ockenden Review","article_publisher":"https:\/\/www.facebook.com\/ockendenmaternityreview?mibextid=wwXIfr","article_modified_time":"2026-04-07T10:37:00+00:00","twitter_card":"summary_large_image","twitter_site":"@ockreview","twitter_misc":{"Szacowany czas czytania":"1 minuta"},"schema":{"@context":"https:\/\/schema.org","@graph":[{"@type":"WebPage","@id":"http:\/\/www.ockendenmaternityreview.org.uk\/pl\/wsparcie-psychologiczne-dla-rodzin-2\/","url":"http:\/\/www.ockendenmaternityreview.org.uk\/pl\/wsparcie-psychologiczne-dla-rodzin-2\/","name":"Wsparcie psychologiczne dla rodzin - Ockenden Review","isPartOf":{"@id":"https:\/\/www.ockendenmaternityreview.org.uk\/zh-hant\/#website"},"datePublished":"2026-03-30T15:59:17+00:00","dateModified":"2026-04-07T10:37:00+00:00","breadcrumb":{"@id":"http:\/\/www.ockendenmaternityreview.org.uk\/pl\/wsparcie-psychologiczne-dla-rodzin-2\/#breadcrumb"},"inLanguage":"pl-PL","potentialAction":[{"@type":"ReadAction","target":["http:\/\/www.ockendenmaternityreview.org.uk\/pl\/wsparcie-psychologiczne-dla-rodzin-2\/"]}]},{"@type":"BreadcrumbList","@id":"http:\/\/www.ockendenmaternityreview.org.uk\/pl\/wsparcie-psychologiczne-dla-rodzin-2\/#breadcrumb","itemListElement":[{"@type":"ListItem","position":1,"name":"Home","item":"http:\/\/www.ockendenmaternityreview.org.uk\/pl\/"},{"@type":"ListItem","position":2,"name":"Wsparcie psychologiczne dla rodzin"}]},{"@type":"WebSite","@id":"https:\/\/www.ockendenmaternityreview.org.uk\/zh-hant\/#website","url":"https:\/\/www.ockendenmaternityreview.org.uk\/zh-hant\/","name":"Ockenden Review","description":"","potentialAction":[{"@type":"SearchAction","target":{"@type":"EntryPoint","urlTemplate":"https:\/\/www.ockendenmaternityreview.org.uk\/zh-hant\/?s={search_term_string}"},"query-input":{"@type":"PropertyValueSpecification","valueRequired":true,"valueName":"search_term_string"}}],"inLanguage":"pl-PL"}]}},"_links":{"self":[{"href":"https:\/\/www.ockendenmaternityreview.org.uk\/pl\/wp-json\/wp\/v2\/pages\/13462","targetHints":{"allow":["GET"]}}],"collection":[{"href":"https:\/\/www.ockendenmaternityreview.org.uk\/pl\/wp-json\/wp\/v2\/pages"}],"about":[{"href":"https:\/\/www.ockendenmaternityreview.org.uk\/pl\/wp-json\/wp\/v2\/types\/page"}],"author":[{"embeddable":true,"href":"https:\/\/www.ockendenmaternityreview.org.uk\/pl\/wp-json\/wp\/v2\/users\/1"}],"replies":[{"embeddable":true,"href":"https:\/\/www.ockendenmaternityreview.org.uk\/pl\/wp-json\/wp\/v2\/comments?post=13462"}],"version-history":[{"count":0,"href":"https:\/\/www.ockendenmaternityreview.org.uk\/pl\/wp-json\/wp\/v2\/pages\/13462\/revisions"}],"wp:attachment":[{"href":"https:\/\/www.ockendenmaternityreview.org.uk\/pl\/wp-json\/wp\/v2\/media?parent=13462"}],"curies":[{"name":"wp","href":"https:\/\/api.w.org\/{rel}","templated":true}]}}