{"id":10918,"date":"2026-01-08T15:51:14","date_gmt":"2026-01-08T15:51:14","guid":{"rendered":"https:\/\/ockendenmatdev.wpenginepowered.com\/primul-raport-al-evaluarii-independente\/"},"modified":"2026-03-24T14:07:33","modified_gmt":"2026-03-24T14:07:33","slug":"primul-raport-al-evaluarii-independente","status":"publish","type":"page","link":"https:\/\/www.ockendenmaternityreview.org.uk\/ro\/primul-raport-al-evaluarii-independente\/","title":{"rendered":"Primul raport al evalu\u0103rii independente"},"content":{"rendered":"\n<h1 class=\"wp-block-heading\">Primul raport al revizuirii independente a serviciilor de maternitate la Shrewsbury \u0219i Telford Hospital NHS Trust<\/h1>\n\n<div class=\"wp-block-columns is-layout-flex wp-container-core-columns-is-layout-9d6595d7 wp-block-columns-is-layout-flex\">\n<div class=\"wp-block-column is-layout-flow wp-block-column-is-layout-flow\" style=\"flex-basis:50%\">\n<p>Joi, 10 decembrie 2020, am lansat primul raport al revizuirii independente a serviciilor de maternitate la Shrewsbury and Telford Hospital NHS Trust. Raportul prezint\u0103 ac\u021biunile locale de \u00eenv\u0103\u021bare pentru Trust \u0219i ac\u021biunile imediate \u0219i esen\u021biale pentru Trust \u0219i sistemul mai larg care trebuie implementate acum pentru a \u00eembun\u0103t\u0103\u021bi siguran\u021ba \u00een serviciile de maternitate pentru Trust \u0219i \u00een \u00eentreaga Anglie. <\/p>\n\n\n\n<p>Dup\u0103 \u00eenceperea revizuirii \u00een 2017, num\u0103rul cazurilor familiale care trebuie luate \u00een considerare a crescut de la 23 ini\u021bial la 1 862, majoritatea incidentelor av\u00e2nd loc \u00eentre anii 2000 \u0219i 2019.  <\/p>\n<\/div>\n\n\n\n<div class=\"wp-block-column is-layout-flow wp-block-column-is-layout-flow\" style=\"flex-basis:50%\">\n<figure class=\"wp-block-embed is-type-video is-provider-youtube wp-block-embed-youtube wp-embed-aspect-16-9 wp-has-aspect-ratio\"><div class=\"wp-block-embed__wrapper\">\n<iframe loading=\"lazy\" title=\"Ockenden Maternity Review - First report of the independent review\" width=\"500\" height=\"281\" src=\"https:\/\/www.youtube.com\/embed\/3CcMg9rmz18?feature=oembed\" frameborder=\"0\" allow=\"accelerometer; autoplay; clipboard-write; encrypted-media; gyroscope; picture-in-picture; web-share\" referrerpolicy=\"strict-origin-when-cross-origin\" allowfullscreen><\/iframe>\n<\/div><\/figure>\n<\/div>\n<\/div>\n\n<p>Datorit\u0103 cre\u0219terii num\u0103rului de cazuri familiale pentru revizuire, echipa a fost de acord s\u0103 publice acest prim raport care face recomand\u0103ri clare sub form\u0103 de ac\u021biuni locale pentru \u00eenv\u0103\u021bare \u0219i ac\u021biuni imediate \u0219i esen\u021biale pentru serviciile de \u00eencredere \u0219i maternitate din Anglia pentru a \u00eembun\u0103t\u0103\u021bi siguran\u021ba maternit\u0103\u021bii.<\/p>\n\n<p>Acest raport este publicat \u00een urma revizuirilor clinice a 250 de cazuri familiale din 2000 p\u00e2n\u0103 \u00een 2018, care includ cele 23 de familii care au ini\u021biat aceast\u0103 revizuire independent\u0103 \u0219i conversa\u021bia \u0219i comunicarea cu alte 800 de familii. Cele 27 de ac\u021biuni locale pentru \u00eenv\u0103\u021bare sunt \u00eencadrate \u00een jurul a patru categorii: \u00eengrijire general\u0103 a maternit\u0103\u021bii, decese materne, anestezie obstetric\u0103 \u0219i \u00eengrijire neonatal\u0103. <\/p>\n\n<p><a href=\"http:\/\/www.ockendenmaternityreview.org.uk\/wp-content\/uploads\/2020\/12\/ockenden-report.pdf\">Citi\u021bi raportul aici<\/a><\/p>\n","protected":false},"excerpt":{"rendered":"<p>Primul raport al revizuirii independente a serviciilor de maternitate la Shrewsbury \u0219i Telford Hospital NHS Trust Joi, 10 decembrie 2020, am lansat primul raport al revizuirii independente a serviciilor de maternitate la Shrewsbury and Telford Hospital NHS Trust. Raportul prezint\u0103 ac\u021biunile locale de \u00eenv\u0103\u021bare pentru Trust \u0219i ac\u021biunile imediate \u0219i esen\u021biale pentru Trust \u0219i sistemul &hellip; <a href=\"https:\/\/www.ockendenmaternityreview.org.uk\/ro\/primul-raport-al-evaluarii-independente\/\">Continued<\/a><\/p>\n","protected":false},"author":1,"featured_media":0,"parent":0,"menu_order":0,"comment_status":"closed","ping_status":"closed","template":"page-narrow.blade.php","meta":{"_acf_changed":false,"footnotes":""},"class_list":["post-10918","page","type-page","status-publish","hentry"],"acf":[],"yoast_head":"<!-- This site is optimized with the Yoast SEO plugin v27.2 - https:\/\/yoast.com\/product\/yoast-seo-wordpress\/ -->\n<title>Primul raport al evalu\u0103rii independente - Ockenden Review<\/title>\n<meta name=\"robots\" content=\"index, follow, max-snippet:-1, max-image-preview:large, max-video-preview:-1\" \/>\n<link rel=\"canonical\" href=\"http:\/\/www.ockendenmaternityreview.org.uk\/sath-first-report-of-the-independent-review\/\" \/>\n<meta property=\"og:locale\" content=\"ro_RO\" \/>\n<meta property=\"og:type\" content=\"article\" \/>\n<meta property=\"og:title\" content=\"Primul raport al evalu\u0103rii independente - Ockenden Review\" \/>\n<meta property=\"og:description\" content=\"Primul raport al revizuirii independente a serviciilor de maternitate la Shrewsbury \u0219i Telford Hospital NHS Trust Joi, 10 decembrie 2020, am lansat primul raport al revizuirii independente a serviciilor de maternitate la Shrewsbury and Telford Hospital NHS Trust. Raportul prezint\u0103 ac\u021biunile locale de \u00eenv\u0103\u021bare pentru Trust \u0219i ac\u021biunile imediate \u0219i esen\u021biale pentru Trust \u0219i sistemul &hellip; Continued\" \/>\n<meta property=\"og:url\" content=\"http:\/\/www.ockendenmaternityreview.org.uk\/sath-first-report-of-the-independent-review\/\" \/>\n<meta property=\"og:site_name\" content=\"Ockenden Review\" \/>\n<meta property=\"article:publisher\" content=\"https:\/\/www.facebook.com\/ockendenmaternityreview?mibextid=wwXIfr\" \/>\n<meta property=\"article:modified_time\" content=\"2026-03-24T14:07:33+00:00\" \/>\n<meta name=\"twitter:card\" content=\"summary_large_image\" \/>\n<meta name=\"twitter:site\" content=\"@ockreview\" \/>\n<meta name=\"twitter:label1\" content=\"Timp estimat pentru citire\" \/>\n\t<meta name=\"twitter:data1\" content=\"1 minut\" \/>\n<script type=\"application\/ld+json\" class=\"yoast-schema-graph\">{\"@context\":\"https:\/\/schema.org\",\"@graph\":[{\"@type\":\"WebPage\",\"@id\":\"http:\/\/www.ockendenmaternityreview.org.uk\/sath-first-report-of-the-independent-review\/\",\"url\":\"http:\/\/www.ockendenmaternityreview.org.uk\/sath-first-report-of-the-independent-review\/\",\"name\":\"Primul raport al evalu\u0103rii independente - Ockenden Review\",\"isPartOf\":{\"@id\":\"http:\/\/www.ockendenmaternityreview.org.uk\/zh-hant\/#website\"},\"datePublished\":\"2026-01-08T15:51:14+00:00\",\"dateModified\":\"2026-03-24T14:07:33+00:00\",\"breadcrumb\":{\"@id\":\"http:\/\/www.ockendenmaternityreview.org.uk\/sath-first-report-of-the-independent-review\/#breadcrumb\"},\"inLanguage\":\"ro-RO\",\"potentialAction\":[{\"@type\":\"ReadAction\",\"target\":[\"http:\/\/www.ockendenmaternityreview.org.uk\/sath-first-report-of-the-independent-review\/\"]}]},{\"@type\":\"BreadcrumbList\",\"@id\":\"http:\/\/www.ockendenmaternityreview.org.uk\/sath-first-report-of-the-independent-review\/#breadcrumb\",\"itemListElement\":[{\"@type\":\"ListItem\",\"position\":1,\"name\":\"Home\",\"item\":\"https:\/\/www.ockendenmaternityreview.org.uk\/ro\/\"},{\"@type\":\"ListItem\",\"position\":2,\"name\":\"Primul raport al evalu\u0103rii independente\"}]},{\"@type\":\"WebSite\",\"@id\":\"http:\/\/www.ockendenmaternityreview.org.uk\/zh-hant\/#website\",\"url\":\"http:\/\/www.ockendenmaternityreview.org.uk\/zh-hant\/\",\"name\":\"Ockenden Review\",\"description\":\"\",\"potentialAction\":[{\"@type\":\"SearchAction\",\"target\":{\"@type\":\"EntryPoint\",\"urlTemplate\":\"http:\/\/www.ockendenmaternityreview.org.uk\/zh-hant\/?s={search_term_string}\"},\"query-input\":{\"@type\":\"PropertyValueSpecification\",\"valueRequired\":true,\"valueName\":\"search_term_string\"}}],\"inLanguage\":\"ro-RO\"}]}<\/script>\n<!-- \/ Yoast SEO plugin. -->","yoast_head_json":{"title":"Primul raport al evalu\u0103rii independente - Ockenden Review","robots":{"index":"index","follow":"follow","max-snippet":"max-snippet:-1","max-image-preview":"max-image-preview:large","max-video-preview":"max-video-preview:-1"},"canonical":"http:\/\/www.ockendenmaternityreview.org.uk\/sath-first-report-of-the-independent-review\/","og_locale":"ro_RO","og_type":"article","og_title":"Primul raport al evalu\u0103rii independente - Ockenden Review","og_description":"Primul raport al revizuirii independente a serviciilor de maternitate la Shrewsbury \u0219i Telford Hospital NHS Trust Joi, 10 decembrie 2020, am lansat primul raport al revizuirii independente a serviciilor de maternitate la Shrewsbury and Telford Hospital NHS Trust. Raportul prezint\u0103 ac\u021biunile locale de \u00eenv\u0103\u021bare pentru Trust \u0219i ac\u021biunile imediate \u0219i esen\u021biale pentru Trust \u0219i sistemul &hellip; Continued","og_url":"http:\/\/www.ockendenmaternityreview.org.uk\/sath-first-report-of-the-independent-review\/","og_site_name":"Ockenden Review","article_publisher":"https:\/\/www.facebook.com\/ockendenmaternityreview?mibextid=wwXIfr","article_modified_time":"2026-03-24T14:07:33+00:00","twitter_card":"summary_large_image","twitter_site":"@ockreview","twitter_misc":{"Timp estimat pentru citire":"1 minut"},"schema":{"@context":"https:\/\/schema.org","@graph":[{"@type":"WebPage","@id":"http:\/\/www.ockendenmaternityreview.org.uk\/sath-first-report-of-the-independent-review\/","url":"http:\/\/www.ockendenmaternityreview.org.uk\/sath-first-report-of-the-independent-review\/","name":"Primul raport al evalu\u0103rii independente - Ockenden Review","isPartOf":{"@id":"http:\/\/www.ockendenmaternityreview.org.uk\/zh-hant\/#website"},"datePublished":"2026-01-08T15:51:14+00:00","dateModified":"2026-03-24T14:07:33+00:00","breadcrumb":{"@id":"http:\/\/www.ockendenmaternityreview.org.uk\/sath-first-report-of-the-independent-review\/#breadcrumb"},"inLanguage":"ro-RO","potentialAction":[{"@type":"ReadAction","target":["http:\/\/www.ockendenmaternityreview.org.uk\/sath-first-report-of-the-independent-review\/"]}]},{"@type":"BreadcrumbList","@id":"http:\/\/www.ockendenmaternityreview.org.uk\/sath-first-report-of-the-independent-review\/#breadcrumb","itemListElement":[{"@type":"ListItem","position":1,"name":"Home","item":"https:\/\/www.ockendenmaternityreview.org.uk\/ro\/"},{"@type":"ListItem","position":2,"name":"Primul raport al evalu\u0103rii independente"}]},{"@type":"WebSite","@id":"http:\/\/www.ockendenmaternityreview.org.uk\/zh-hant\/#website","url":"http:\/\/www.ockendenmaternityreview.org.uk\/zh-hant\/","name":"Ockenden Review","description":"","potentialAction":[{"@type":"SearchAction","target":{"@type":"EntryPoint","urlTemplate":"http:\/\/www.ockendenmaternityreview.org.uk\/zh-hant\/?s={search_term_string}"},"query-input":{"@type":"PropertyValueSpecification","valueRequired":true,"valueName":"search_term_string"}}],"inLanguage":"ro-RO"}]}},"_links":{"self":[{"href":"https:\/\/www.ockendenmaternityreview.org.uk\/ro\/wp-json\/wp\/v2\/pages\/10918","targetHints":{"allow":["GET"]}}],"collection":[{"href":"https:\/\/www.ockendenmaternityreview.org.uk\/ro\/wp-json\/wp\/v2\/pages"}],"about":[{"href":"https:\/\/www.ockendenmaternityreview.org.uk\/ro\/wp-json\/wp\/v2\/types\/page"}],"author":[{"embeddable":true,"href":"https:\/\/www.ockendenmaternityreview.org.uk\/ro\/wp-json\/wp\/v2\/users\/1"}],"replies":[{"embeddable":true,"href":"https:\/\/www.ockendenmaternityreview.org.uk\/ro\/wp-json\/wp\/v2\/comments?post=10918"}],"version-history":[{"count":0,"href":"https:\/\/www.ockendenmaternityreview.org.uk\/ro\/wp-json\/wp\/v2\/pages\/10918\/revisions"}],"wp:attachment":[{"href":"https:\/\/www.ockendenmaternityreview.org.uk\/ro\/wp-json\/wp\/v2\/media?parent=10918"}],"curies":[{"name":"wp","href":"https:\/\/api.w.org\/{rel}","templated":true}]}}