{"id":10936,"date":"2026-01-08T15:51:48","date_gmt":"2026-01-08T15:51:48","guid":{"rendered":"https:\/\/ockendenmatdev.wpenginepowered.com\/actualizari\/"},"modified":"2026-03-24T14:07:36","modified_gmt":"2026-03-24T14:07:36","slug":"actualizari","status":"publish","type":"page","link":"https:\/\/www.ockendenmaternityreview.org.uk\/ro\/actualizari\/","title":{"rendered":"Actualiz\u0103ri"},"content":{"rendered":"\n<div class=\"wp-block-query is-layout-flow wp-block-query-is-layout-flow\"><ul class=\"wp-block-post-template is-layout-flow wp-block-post-template-is-layout-flow\"><li class=\"wp-block-post post-9982 post type-post status-publish format-standard hentry category-sath\">\n<h2 class=\"wp-block-post-title\">Actualizare revizuire<\/h2>\n\n<div class=\"wp-block-post-date\"><time datetime=\"2024-09-23T10:22:00+00:00\">23 septembrie 2024<\/time><\/div>\n\n<div class=\"entry-content wp-block-post-content is-layout-flow wp-block-post-content-is-layout-flow\">\n<figure class=\"wp-block-embed is-type-video is-provider-youtube wp-block-embed-youtube wp-embed-aspect-16-9 wp-has-aspect-ratio\"><div class=\"wp-block-embed__wrapper\">\n<iframe loading=\"lazy\" title=\"Donna Ockenden - Shrewsbury Update August 2024\" width=\"500\" height=\"281\" src=\"https:\/\/www.youtube.com\/embed\/5-rnU6zGO98?feature=oembed\" frameborder=\"0\" allow=\"accelerometer; autoplay; clipboard-write; encrypted-media; gyroscope; picture-in-picture; web-share\" referrerpolicy=\"strict-origin-when-cross-origin\" allowfullscreen><\/iframe>\n<\/div><\/figure>\n<\/div>\n<\/li><li class=\"wp-block-post post-10573 post type-post status-publish format-standard hentry category-sath\">\n<h2 class=\"wp-block-post-title\">Concluzia raportului Ockenden<\/h2>\n\n<div class=\"wp-block-post-date\"><time datetime=\"2022-07-07T10:22:00+00:00\">7 iulie 2022<\/time><\/div>\n\n<div class=\"entry-content wp-block-post-content is-layout-flow wp-block-post-content-is-layout-flow\">\n<figure class=\"wp-block-embed is-type-video is-provider-youtube wp-block-embed-youtube wp-embed-aspect-16-9 wp-has-aspect-ratio\"><div class=\"wp-block-embed__wrapper\">\n<iframe loading=\"lazy\" title=\"The Ockenden Report Conclusion\" width=\"500\" height=\"281\" src=\"https:\/\/www.youtube.com\/embed\/-u3KMJDtM8k?feature=oembed\" frameborder=\"0\" allow=\"accelerometer; autoplay; clipboard-write; encrypted-media; gyroscope; picture-in-picture; web-share\" referrerpolicy=\"strict-origin-when-cross-origin\" allowfullscreen><\/iframe>\n<\/div><\/figure>\n<\/div>\n<\/li><li class=\"wp-block-post post-10568 post type-post status-publish format-standard hentry category-sath\">\n<h2 class=\"wp-block-post-title\">Actualizare pentru familii &#8211; mai 2022<\/h2>\n\n<div class=\"wp-block-post-date\"><time datetime=\"2022-05-30T10:24:00+00:00\">30 mai 2022<\/time><\/div>\n\n<div class=\"entry-content wp-block-post-content is-layout-flow wp-block-post-content-is-layout-flow\">\n<figure class=\"wp-block-embed is-type-video is-provider-youtube wp-block-embed-youtube wp-embed-aspect-16-9 wp-has-aspect-ratio\"><div class=\"wp-block-embed__wrapper\">\n<iframe loading=\"lazy\" title=\"Donna Ockenden - May Update 2022\" width=\"500\" height=\"281\" src=\"https:\/\/www.youtube.com\/embed\/5eQ2WZ0Y3oc?feature=oembed\" frameborder=\"0\" allow=\"accelerometer; autoplay; clipboard-write; encrypted-media; gyroscope; picture-in-picture; web-share\" referrerpolicy=\"strict-origin-when-cross-origin\" allowfullscreen><\/iframe>\n<\/div><\/figure>\n<\/div>\n<\/li><li class=\"wp-block-post post-10562 post type-post status-publish format-standard hentry category-sath\">\n<h2 class=\"wp-block-post-title\">Actualizare de la Donna Ockenden &#8211; Feedback din partea familiei<\/h2>\n\n<div class=\"wp-block-post-date\"><time datetime=\"2022-04-13T10:21:00+00:00\">13 aprilie 2022<\/time><\/div>\n\n<div class=\"entry-content wp-block-post-content is-layout-flow wp-block-post-content-is-layout-flow\">\n<figure class=\"wp-block-embed is-type-video is-provider-youtube wp-block-embed-youtube wp-embed-aspect-16-9 wp-has-aspect-ratio\"><div class=\"wp-block-embed__wrapper\">\n<iframe loading=\"lazy\" title=\"Update from Donna Ockenden -  family feedback\" width=\"500\" height=\"281\" src=\"https:\/\/www.youtube.com\/embed\/a0m94cQ-D9Y?feature=oembed\" frameborder=\"0\" allow=\"accelerometer; autoplay; clipboard-write; encrypted-media; gyroscope; picture-in-picture; web-share\" referrerpolicy=\"strict-origin-when-cross-origin\" allowfullscreen><\/iframe>\n<\/div><\/figure>\n<\/div>\n<\/li><li class=\"wp-block-post post-10533 post type-post status-publish format-standard hentry category-anunturi-sath category-sath\">\n<h2 class=\"wp-block-post-title\">Publicarea Independent Review of maternity services la The Shrewsbury and Telford Hospital NHS Trust<\/h2>\n\n<div class=\"wp-block-post-date\"><time datetime=\"2022-03-30T10:21:00+00:00\">30 martie 2022<\/time><\/div>\n\n<div class=\"entry-content wp-block-post-content is-layout-flow wp-block-post-content-is-layout-flow\">\n<p>Ast\u0103zi, miercuri, 30 martie 2022, marcheaz\u0103 publicarea raportului nostru final al Revizuirii independente a serviciilor de maternitate la The Shrewsbury and Telford Hospital NHS Trust. Echipa noastr\u0103 multi-profesional\u0103 independent\u0103 de moa\u0219e \u0219i medici, inclusiv obstetricieni, neonatologi, anestezi\u0219ti obstetricieni, un medic, cardiolog, neurolog \u0219i al\u021bii, au examinat \u00eengrijirea maternit\u0103\u021bii \u0219i tratamentul oferit unui num\u0103r de 1.486 de familii de-a lungul a dou\u0103 decenii la Trust.<\/p>\n\n<p>Acest raport identific\u0103 mai mult de 60 de ac\u021biuni locale pentru \u00eenv\u0103\u021bare pentru \u00eencredere \u0219i alte 15 ac\u021biuni cheie imediate \u0219i esen\u021biale pentru \u00eembun\u0103t\u0103\u021birea tuturor serviciilor de maternitate din Anglia, inclusiv finan\u021barea unei maternit\u0103\u021bi sigure \u0219i durabile \u0219i a for\u021bei de munc\u0103 neonatale \u0219i asigurarea instruirii \u00eentregii echipe de maternitate care s\u0103 r\u0103spund\u0103 nevoilor serviciilor de maternitate de ast\u0103zi. Afirm\u0103m c\u0103 consiliile de \u00eencredere trebuie s\u0103 aib\u0103 supraveghere \u0219i \u00een\u021belegere a serviciilor lor de maternitate. Consiliile de administra\u021bie trebuie s\u0103 se asigure c\u0103 ascult\u0103 \u0219i aud familiile locale \u0219i propriul personal.  <\/p>\n\n<p><strong><a href=\"https:\/\/ockendenmaternityreview.org.uk\/wp-content\/uploads\/2022\/03\/FINAL_INDEPENDENT_MATERNITY_REVIEW_OF_MATERNITY_SERVICES_REPORT.pdf\">Citi\u021bi raportul final<\/a> | <a href=\"https:\/\/ockendenmaternityreview.org.uk\/wp-content\/uploads\/2022\/03\/FINAL_PRESS_RELEASE_INDEPENDENT_MATERNITY_REVIEW_OF_MATERNITY_SERVICES_REPORT.pdf\">Citi\u021bi comunicatul de pres\u0103<\/a><\/strong><\/p>\n\n<figure class=\"wp-block-embed is-type-video is-provider-youtube wp-block-embed-youtube wp-embed-aspect-16-9 wp-has-aspect-ratio\"><div class=\"wp-block-embed__wrapper\">\n<iframe loading=\"lazy\" title=\"Ockenden Maternity Review - Findings, Conclusions and Essential Actions\" width=\"500\" height=\"281\" src=\"https:\/\/www.youtube.com\/embed\/mX8H8cRL-jI?feature=oembed\" frameborder=\"0\" allow=\"accelerometer; autoplay; clipboard-write; encrypted-media; gyroscope; picture-in-picture; web-share\" referrerpolicy=\"strict-origin-when-cross-origin\" allowfullscreen><\/iframe>\n<\/div><\/figure>\n<\/div>\n<\/li><li class=\"wp-block-post post-10242 post type-post status-publish format-standard hentry category-sath\">\n<h2 class=\"wp-block-post-title\">Actualizare pentru familii &#8211; Septembrie 2021<\/h2>\n\n<div class=\"wp-block-post-date\"><time datetime=\"2021-09-09T10:20:00+00:00\">9 septembrie 2021<\/time><\/div>\n\n<div class=\"entry-content wp-block-post-content is-layout-flow wp-block-post-content-is-layout-flow\">\n<p>Actualizare septembrie pentru familii de la Donna Ockenden, pre\u0219edinta Independent Maternity Review la Shrewsbury \u0219i Telford Hospital NHS Trust.  <\/p>\n\n<figure class=\"wp-block-embed is-type-video is-provider-youtube wp-block-embed-youtube wp-embed-aspect-16-9 wp-has-aspect-ratio\"><div class=\"wp-block-embed__wrapper\">\n<iframe loading=\"lazy\" title=\"September Update - Ockenden Maternity Review\" width=\"500\" height=\"281\" src=\"https:\/\/www.youtube.com\/embed\/WcAQJivevuw?feature=oembed\" frameborder=\"0\" allow=\"accelerometer; autoplay; clipboard-write; encrypted-media; gyroscope; picture-in-picture; web-share\" referrerpolicy=\"strict-origin-when-cross-origin\" allowfullscreen><\/iframe>\n<\/div><\/figure>\n<\/div>\n<\/li><li class=\"wp-block-post post-11011 post type-post status-publish format-standard hentry category-sath\">\n<h2 class=\"wp-block-post-title\">Actualizare pentru familii &#8211; iulie 2021<\/h2>\n\n<div class=\"wp-block-post-date\"><time datetime=\"2021-07-16T10:18:00+00:00\">16 iulie 2021<\/time><\/div>\n\n<div class=\"entry-content wp-block-post-content is-layout-flow wp-block-post-content-is-layout-flow\">\n<p>Actualizare iulie pentru familii de la Donna Ockenden, pre\u0219edinta Independent Maternity Review la Shrewsbury \u0219i Telford Hospital NHS Trust.  <\/p>\n\n<figure class=\"wp-block-embed is-type-video is-provider-youtube wp-block-embed-youtube wp-embed-aspect-16-9 wp-has-aspect-ratio\"><div class=\"wp-block-embed__wrapper\">\n<iframe loading=\"lazy\" title=\"July Update - Ockenden Maternity Review\" width=\"500\" height=\"281\" src=\"https:\/\/www.youtube.com\/embed\/ZMn8nJbp4OU?feature=oembed\" frameborder=\"0\" allow=\"accelerometer; autoplay; clipboard-write; encrypted-media; gyroscope; picture-in-picture; web-share\" referrerpolicy=\"strict-origin-when-cross-origin\" allowfullscreen><\/iframe>\n<\/div><\/figure>\n<\/div>\n<\/li><li class=\"wp-block-post post-10957 post type-post status-publish format-standard hentry category-sath\">\n<h2 class=\"wp-block-post-title\">Actualizare pentru familii &#8211; mai 2021<\/h2>\n\n<div class=\"wp-block-post-date\"><time datetime=\"2021-06-09T10:17:00+00:00\">9 iunie 2021<\/time><\/div>\n\n<div class=\"entry-content wp-block-post-content is-layout-flow wp-block-post-content-is-layout-flow\">\n<p>V\u0103 rug\u0103m s\u0103 vede\u021bi mai jos un scurt videoclip care surprinde actualizarea lunii mai pentru familiile implicate \u00een Revizuirea maternit\u0103\u021bii. Urm\u0103toarea actualizare va avea loc pe 13<sup>iulie<\/sup> 2021.<\/p>\n\n<figure class=\"wp-block-embed is-type-video is-provider-youtube wp-block-embed-youtube wp-embed-aspect-16-9 wp-has-aspect-ratio\"><div class=\"wp-block-embed__wrapper\">\n<iframe loading=\"lazy\" title=\"May Update - Ockenden Maternity Review\" width=\"500\" height=\"281\" src=\"https:\/\/www.youtube.com\/embed\/m2aXGqgrY2g?feature=oembed\" frameborder=\"0\" allow=\"accelerometer; autoplay; clipboard-write; encrypted-media; gyroscope; picture-in-picture; web-share\" referrerpolicy=\"strict-origin-when-cross-origin\" allowfullscreen><\/iframe>\n<\/div><\/figure>\n<\/div>\n<\/li><li class=\"wp-block-post post-10914 post type-post status-publish format-standard hentry category-sath\">\n<h2 class=\"wp-block-post-title\">Donna Ockenden Q&amp;A &#8211; Mai 2021<\/h2>\n\n<div class=\"wp-block-post-date\"><time datetime=\"2021-06-09T10:16:00+00:00\">9 iunie 2021<\/time><\/div>\n\n<div class=\"entry-content wp-block-post-content is-layout-flow wp-block-post-content-is-layout-flow\">\n<p>V\u0103 rug\u0103m s\u0103 vede\u021bi mai jos \u00eenregistrarea video a \u00eentreb\u0103rilor familiale trimise echipei de revizuire a maternit\u0103\u021bii \u00een urma sesiunii de actualizare a familiei din 17<sup>mai<\/sup> 2021.  <\/p>\n\n<figure class=\"wp-block-embed is-type-video is-provider-youtube wp-block-embed-youtube wp-embed-aspect-16-9 wp-has-aspect-ratio\"><div class=\"wp-block-embed__wrapper\">\n<iframe loading=\"lazy\" title=\"May Q&amp;A - Ockenden Maternity Review\" width=\"500\" height=\"281\" src=\"https:\/\/www.youtube.com\/embed\/G06NLeaGAGg?feature=oembed\" frameborder=\"0\" allow=\"accelerometer; autoplay; clipboard-write; encrypted-media; gyroscope; picture-in-picture; web-share\" referrerpolicy=\"strict-origin-when-cross-origin\" allowfullscreen><\/iframe>\n<\/div><\/figure>\n<\/div>\n<\/li><li class=\"wp-block-post post-10863 post type-post status-publish format-standard hentry category-sath\">\n<h2 class=\"wp-block-post-title\">Actualizare pentru familii &#8211; martie 2021<\/h2>\n\n<div class=\"wp-block-post-date\"><time datetime=\"2021-04-12T10:16:00+00:00\">12 aprilie 2021<\/time><\/div>\n\n<div class=\"entry-content wp-block-post-content is-layout-flow wp-block-post-content-is-layout-flow\">\n<p>V\u0103 rug\u0103m s\u0103 vede\u021bi mai jos un scurt videoclip \u00eenregistrat pentru a surprinde actualizarea recent\u0103 pentru familiile implicate \u00een revizuirea maternit\u0103\u021bii, mar\u021bi,<sup>23 martie<\/sup> 2021.  <\/p>\n\n<figure class=\"wp-block-embed is-type-video is-provider-youtube wp-block-embed-youtube wp-embed-aspect-16-9 wp-has-aspect-ratio\"><div class=\"wp-block-embed__wrapper\">\n<iframe loading=\"lazy\" title=\"Donna Ockenden - Update for families March 2021\" width=\"500\" height=\"281\" src=\"https:\/\/www.youtube.com\/embed\/qmHSoGvA00E?feature=oembed\" frameborder=\"0\" allow=\"accelerometer; autoplay; clipboard-write; encrypted-media; gyroscope; picture-in-picture; web-share\" referrerpolicy=\"strict-origin-when-cross-origin\" allowfullscreen><\/iframe>\n<\/div><\/figure>\n<\/div>\n<\/li><\/ul>\n\n<nav class=\"wp-block-query-pagination is-layout-flex wp-block-query-pagination-is-layout-flex\" aria-label=\"pagina\u021bie\">\n\n\n<div class=\"wp-block-query-pagination-numbers\"><span aria-current=\"page\" class=\"page-numbers current\">1<\/span>\n<a class=\"page-numbers\" href=\"?query-0-page=2\">2<\/a><\/div>\n\n<a href=\"\/ro\/wp-json\/wp\/v2\/pages\/10936?query-0-page=2\" class=\"wp-block-query-pagination-next\">Pagina urm\u0103toare<\/a>\n<\/nav>\n\n<\/div>\n","protected":false},"excerpt":{"rendered":"","protected":false},"author":1,"featured_media":0,"parent":0,"menu_order":0,"comment_status":"closed","ping_status":"closed","template":"page-narrow.blade.php","meta":{"_acf_changed":false,"footnotes":""},"class_list":["post-10936","page","type-page","status-publish","hentry"],"acf":[],"yoast_head":"<!-- This site is optimized with the Yoast SEO plugin v27.2 - https:\/\/yoast.com\/product\/yoast-seo-wordpress\/ -->\n<title>Actualiz\u0103ri - Ockenden Review<\/title>\n<meta name=\"robots\" content=\"index, follow, max-snippet:-1, max-image-preview:large, max-video-preview:-1\" \/>\n<link rel=\"canonical\" href=\"https:\/\/www.ockendenmaternityreview.org.uk\/sath-updates\/\" \/>\n<link rel=\"next\" href=\"https:\/\/www.ockendenmaternityreview.org.uk\/sath-updates\/10936?query-0-page=2\" \/>\n<meta property=\"og:locale\" content=\"ro_RO\" \/>\n<meta property=\"og:type\" content=\"article\" \/>\n<meta property=\"og:title\" content=\"Actualiz\u0103ri - Ockenden Review\" \/>\n<meta property=\"og:url\" content=\"https:\/\/www.ockendenmaternityreview.org.uk\/sath-updates\/\" \/>\n<meta property=\"og:site_name\" content=\"Ockenden Review\" \/>\n<meta property=\"article:publisher\" content=\"https:\/\/www.facebook.com\/ockendenmaternityreview?mibextid=wwXIfr\" \/>\n<meta property=\"article:modified_time\" content=\"2026-03-24T14:07:36+00:00\" \/>\n<meta name=\"twitter:card\" content=\"summary_large_image\" \/>\n<meta name=\"twitter:site\" content=\"@ockreview\" \/>\n<script type=\"application\/ld+json\" class=\"yoast-schema-graph\">{\"@context\":\"https:\/\/schema.org\",\"@graph\":[{\"@type\":\"WebPage\",\"@id\":\"https:\/\/www.ockendenmaternityreview.org.uk\/sath-updates\/\",\"url\":\"https:\/\/www.ockendenmaternityreview.org.uk\/sath-updates\/\",\"name\":\"Actualiz\u0103ri - Ockenden Review\",\"isPartOf\":{\"@id\":\"https:\/\/www.ockendenmaternityreview.org.uk\/ro\/#website\"},\"datePublished\":\"2026-01-08T15:51:48+00:00\",\"dateModified\":\"2026-03-24T14:07:36+00:00\",\"breadcrumb\":{\"@id\":\"https:\/\/www.ockendenmaternityreview.org.uk\/sath-updates\/#breadcrumb\"},\"inLanguage\":\"ro-RO\",\"potentialAction\":[{\"@type\":\"ReadAction\",\"target\":[\"https:\/\/www.ockendenmaternityreview.org.uk\/sath-updates\/\"]}]},{\"@type\":\"BreadcrumbList\",\"@id\":\"https:\/\/www.ockendenmaternityreview.org.uk\/sath-updates\/#breadcrumb\",\"itemListElement\":[{\"@type\":\"ListItem\",\"position\":1,\"name\":\"Home\",\"item\":\"https:\/\/www.ockendenmaternityreview.org.uk\/ro\/\"},{\"@type\":\"ListItem\",\"position\":2,\"name\":\"Actualiz\u0103ri\"}]},{\"@type\":\"WebSite\",\"@id\":\"https:\/\/www.ockendenmaternityreview.org.uk\/ro\/#website\",\"url\":\"https:\/\/www.ockendenmaternityreview.org.uk\/ro\/\",\"name\":\"Ockenden Review\",\"description\":\"\",\"potentialAction\":[{\"@type\":\"SearchAction\",\"target\":{\"@type\":\"EntryPoint\",\"urlTemplate\":\"https:\/\/www.ockendenmaternityreview.org.uk\/ro\/?s={search_term_string}\"},\"query-input\":{\"@type\":\"PropertyValueSpecification\",\"valueRequired\":true,\"valueName\":\"search_term_string\"}}],\"inLanguage\":\"ro-RO\"}]}<\/script>\n<!-- \/ Yoast SEO plugin. -->","yoast_head_json":{"title":"Actualiz\u0103ri - Ockenden Review","robots":{"index":"index","follow":"follow","max-snippet":"max-snippet:-1","max-image-preview":"max-image-preview:large","max-video-preview":"max-video-preview:-1"},"canonical":"https:\/\/www.ockendenmaternityreview.org.uk\/sath-updates\/","next":"https:\/\/www.ockendenmaternityreview.org.uk\/sath-updates\/10936?query-0-page=2","og_locale":"ro_RO","og_type":"article","og_title":"Actualiz\u0103ri - Ockenden Review","og_url":"https:\/\/www.ockendenmaternityreview.org.uk\/sath-updates\/","og_site_name":"Ockenden Review","article_publisher":"https:\/\/www.facebook.com\/ockendenmaternityreview?mibextid=wwXIfr","article_modified_time":"2026-03-24T14:07:36+00:00","twitter_card":"summary_large_image","twitter_site":"@ockreview","schema":{"@context":"https:\/\/schema.org","@graph":[{"@type":"WebPage","@id":"https:\/\/www.ockendenmaternityreview.org.uk\/sath-updates\/","url":"https:\/\/www.ockendenmaternityreview.org.uk\/sath-updates\/","name":"Actualiz\u0103ri - Ockenden Review","isPartOf":{"@id":"https:\/\/www.ockendenmaternityreview.org.uk\/ro\/#website"},"datePublished":"2026-01-08T15:51:48+00:00","dateModified":"2026-03-24T14:07:36+00:00","breadcrumb":{"@id":"https:\/\/www.ockendenmaternityreview.org.uk\/sath-updates\/#breadcrumb"},"inLanguage":"ro-RO","potentialAction":[{"@type":"ReadAction","target":["https:\/\/www.ockendenmaternityreview.org.uk\/sath-updates\/"]}]},{"@type":"BreadcrumbList","@id":"https:\/\/www.ockendenmaternityreview.org.uk\/sath-updates\/#breadcrumb","itemListElement":[{"@type":"ListItem","position":1,"name":"Home","item":"https:\/\/www.ockendenmaternityreview.org.uk\/ro\/"},{"@type":"ListItem","position":2,"name":"Actualiz\u0103ri"}]},{"@type":"WebSite","@id":"https:\/\/www.ockendenmaternityreview.org.uk\/ro\/#website","url":"https:\/\/www.ockendenmaternityreview.org.uk\/ro\/","name":"Ockenden Review","description":"","potentialAction":[{"@type":"SearchAction","target":{"@type":"EntryPoint","urlTemplate":"https:\/\/www.ockendenmaternityreview.org.uk\/ro\/?s={search_term_string}"},"query-input":{"@type":"PropertyValueSpecification","valueRequired":true,"valueName":"search_term_string"}}],"inLanguage":"ro-RO"}]}},"_links":{"self":[{"href":"https:\/\/www.ockendenmaternityreview.org.uk\/ro\/wp-json\/wp\/v2\/pages\/10936","targetHints":{"allow":["GET"]}}],"collection":[{"href":"https:\/\/www.ockendenmaternityreview.org.uk\/ro\/wp-json\/wp\/v2\/pages"}],"about":[{"href":"https:\/\/www.ockendenmaternityreview.org.uk\/ro\/wp-json\/wp\/v2\/types\/page"}],"author":[{"embeddable":true,"href":"https:\/\/www.ockendenmaternityreview.org.uk\/ro\/wp-json\/wp\/v2\/users\/1"}],"replies":[{"embeddable":true,"href":"https:\/\/www.ockendenmaternityreview.org.uk\/ro\/wp-json\/wp\/v2\/comments?post=10936"}],"version-history":[{"count":0,"href":"https:\/\/www.ockendenmaternityreview.org.uk\/ro\/wp-json\/wp\/v2\/pages\/10936\/revisions"}],"wp:attachment":[{"href":"https:\/\/www.ockendenmaternityreview.org.uk\/ro\/wp-json\/wp\/v2\/media?parent=10936"}],"curies":[{"name":"wp","href":"https:\/\/api.w.org\/{rel}","templated":true}]}}