{"id":10942,"date":"2026-01-08T16:32:41","date_gmt":"2026-01-08T16:32:41","guid":{"rendered":"https:\/\/ockendenmatdev.wpenginepowered.com\/servicii-regionale-nottingham\/"},"modified":"2026-03-24T14:07:39","modified_gmt":"2026-03-24T14:07:39","slug":"servicii-regionale-nottingham","status":"publish","type":"page","link":"https:\/\/www.ockendenmaternityreview.org.uk\/ro\/servicii-regionale-nottingham\/","title":{"rendered":"Servicii regionale Nottingham"},"content":{"rendered":"\n<div class=\"wp-block-query support-groups is-layout-flow wp-block-query-is-layout-flow\"><ul class=\"wp-block-post-template is-layout-grid wp-container-core-post-template-is-layout-763cd4b6 wp-block-post-template-is-layout-grid\"><li class=\"wp-block-post post-13381 support-group type-support-group status-publish hentry support-grouping-regional-services-nottingham\">\n\n\n<h2 class=\"wp-block-post-title\">Voci \u00een refugiu<\/h2>\n\n\n<\/li><li class=\"wp-block-post post-13364 support-group type-support-group status-publish hentry support-grouping-regional-services-nottingham\">\n\n\n<h2 class=\"wp-block-post-title\">Sprijin\u0103-m\u0103<\/h2>\n\n<div class=\"entry-content wp-block-post-content is-layout-flow wp-block-post-content-is-layout-flow\">\n<p>Suntem o organiza\u021bie local\u0103 cu sediul \u00een Nottinghamshire, condus\u0103 de Anna \u0219i Manisha \u2013 ambele mame etnice minoritare \u2013 care ofer\u0103<strong> sprijin emo\u021bional \u0219i practic<\/strong> p\u0103rin\u021bilor din timpul sarcinii \u0219i nu numai.<\/p>\n\n<p>Toate familiile, indiferent de mediul din care provin, ar trebui s\u0103 aib\u0103 acces la informa\u021bii bazate pe dovezi \u0219i la sprijin lipsit de prejudec\u0103\u021bi \u2013 pe tot parcursul sarcinii, na\u0219terii \u0219i cre\u0219terii copiilor. \u0218i suntem aici pentru a face ca acest lucru s\u0103 se \u00eent\u00e2mple.   <\/p>\n\n<p>Av\u00e2nd am\u00e2ndoi experien\u021b\u0103 direct\u0103 de navigare \u00een sistemul de maternitate, p\u0103str\u00e2ndu-ne \u00een acela\u0219i timp identitatea cultural\u0103, \u00een\u021belegem provoc\u0103rile cu care v\u0103 pute\u021bi confrunta. <strong>Lucr\u0103m din greu pentru a elimina barierele <\/strong>prin furnizarea gratuit\u0103 de sprijin intercultural competent, empatic \u0219i plin de compasiune pentru a <strong>\u00eembun\u0103t\u0103\u021bi rezultatele clinice \u0219i psihologice pentru mamele \u00eens\u0103rcinate. <\/strong>  <\/p>\n\n<p>Suntem o <strong>comunitate plin\u0103 de compasiune care nu las\u0103 pe nimeni pe dinafar\u0103. <\/strong>Ascult\u0103m, \u00eendrum\u0103m \u0219i \u00eendrum\u0103m p\u0103rin\u021bii s\u0103 se simt\u0103 \u00eencrez\u0103tori \u00een a face alegerile corecte pentru ei \u00een\u0219i\u0219i \u0219i familiile lor, lu\u00e2nd \u00een considerare \u0219i \u00eembr\u0103\u021bi\u0219\u00e2nd \u00een acela\u0219i timp mediul lor cultural.<\/p>\n\n<p>\u00cendrum\u0103rile noastre pentru p\u0103rin\u021bii din Marea Britanie variaz\u0103 de la grupuri postnatale \u0219i de al\u0103ptare, sprijin 1: 1, ateliere, cursuri online \u0219i un nou curs prenatal &#8222;Bump to Baby&#8221;.  <\/p>\n\n<ul class=\"wp-block-list\">\n<li><a href=\"https:\/\/www.supportmecic.com\/\">www.supportmecic.com<\/a><\/li>\n\n\n\n<li><a href=\"mailto:smematernalproject@gmail.com\">smematernalproject@gmail.com<\/a> <\/li>\n<\/ul>\n<\/div>\n<\/li><li class=\"wp-block-post post-13358 support-group type-support-group status-publish hentry support-grouping-regional-services-nottingham support-grouping-support-for-families-when-a-child-has-a-disability\">\n\n\n<h2 class=\"wp-block-post-title\">Funda\u021bia Little Ted<\/h2>\n\n<div class=\"entry-content wp-block-post-content is-layout-flow wp-block-post-content-is-layout-flow\">\n<p>Funda\u021bia Little Ted ofer\u0103 sprijin familiilor \u00eendoliate \u00een urma pierderii unui copil \u0219i celor cu copii grav bolnavi.<\/p>\n\n<p>Oferim granturi Memory Maker pentru a ajuta familiile s\u0103 se bucure de o zi special\u0103 sau o c\u0103l\u0103torie \u00eempreun\u0103, subven\u021bii pentru costul vie\u021bii pentru acele familii cu un copil grav bolnav \u00een spital pentru mai mult de 7 zile \u0219i escapade la frumoasa noastr\u0103 caravan\u0103 din Snowdonia, nordul \u021a\u0103rii Galilor at\u00e2t pentru familiile \u00eendoliate, c\u00e2t \u0219i pentru cei cu copii grav bolnavi pentru a lua o pauz\u0103 de la stresul \u0219i tensiunile vie\u021bii de zi cu zi.<\/p>\n\n<p>De asemenea, colabor\u0103m cu The Foil Keepsake Co. pentru a oferi gratuit familiilor pe care le sprijinim cele mai frumoase imprimeuri din folie, fie c\u0103 este vorba de fotografii scanate, amprente de m\u00e2n\u0103 de familie sau urmele micu\u021bului t\u0103u. V\u0103 rug\u0103m s\u0103 ne contacta\u021bi pentru a afla mai multe despre aceste printuri \u0219i cum s\u0103 le comanda\u021bi. <\/p>\n\n<ul class=\"wp-block-list\">\n<li><a href=\"http:\/\/www.thelittletedfoundation.org\/\">www.thelittletedfoundation.org<\/a><\/li>\n\n\n\n<li><a href=\"mailto:info@thelittletedfoundation.org\">info@thelittletedfoundation.org<\/a><\/li>\n<\/ul>\n<\/div>\n<\/li><li class=\"wp-block-post post-13349 support-group type-support-group status-publish hentry support-grouping-regional-services-nottingham\">\n\n\n<h2 class=\"wp-block-post-title\">Echipa Caitlin<\/h2>\n\n<div class=\"entry-content wp-block-post-content is-layout-flow wp-block-post-content-is-layout-flow\">\n<p>Team Caitlin este o mic\u0103 organiza\u021bie caritabil\u0103 cu sediul \u00een Nottingham care ofer\u0103 sprijin p\u0103rin\u021bilor din Nottinghamshire cu copii \u00een spital \u0219i\/sau cu afec\u021biuni care limiteaz\u0103 via\u021ba.<\/p>\n\n<p>Putem pune la dispozi\u021bie gen\u021bi de toalet\u0103, truse menstruale, cutii spa \u0219i pachete pentru proaspetele m\u0103mici pentru p\u0103rin\u021bii din spital cu copilul lor. De asemenea, putem oferi finan\u021bare pentru &#8222;pauz\u0103&#8221; pentru p\u0103rin\u021bi \u0219i zile \u00een familie. <\/p>\n\n<ul class=\"wp-block-list\">\n<li><a href=\"http:\/\/www.teamcaitlin.co.uk\/\">www.teamcaitlin.co.uk<\/a><\/li>\n\n\n\n<li><a href=\"mailto:hello@teamcaitlin.co.uk\">hello@teamcaitlin.co.uk<\/a><\/li>\n<\/ul>\n<\/div>\n<\/li><li class=\"wp-block-post post-13338 support-group type-support-group status-publish hentry support-grouping-regional-services-nottingham\">\n\n\n<h2 class=\"wp-block-post-title\">Stele pentru totdeauna<\/h2>\n\n<div class=\"entry-content wp-block-post-content is-layout-flow wp-block-post-content-is-layout-flow\">\n<p>Forever Stars finan\u021beaz\u0103 materiale de lectur\u0103 pentru familiile care \u00eencearc\u0103 s\u0103 ajute procesul de doliu s\u0103 devin\u0103 mai u\u0219or de gestionat. Aceasta include c\u0103r\u021bi \u0219i ur\u0219i pentru fra\u021bii care se \u00eempac\u0103 cu pierderea unui copil. Posibil consiliere, dar niciun anun\u021b oficial \u00eenc\u0103.  <\/p>\n\n<p>Serenity Garden, situat\u0103 \u00een Highfields Park din Nottingham, prezint\u0103 dou\u0103 sculpturi frumoase comandate de organiza\u021bia caritabil\u0103 \u0219i proiectate de artistul din Nottingham, Rachel Carter. Cele dou\u0103 sculpturi; Fallen Acorn \u0219i Forever Star vor fi un punct focal pentru familii, deoarece vor putea ad\u0103uga numele copilului \u0219i data na\u0219terii la sculpturi, solicit\u00e2nd o petal\u0103 de la organiza\u021bia caritabil\u0103. Aceste petale vor fi ad\u0103ugate \u00een timpul unei slujbe speciale \u00een gr\u0103din\u0103, unde familiile vor fi invitate s\u0103 aleag\u0103 unde ar dori s\u0103 adauge petalele. Dac\u0103 dori\u021bi s\u0103 afla\u021bi mai multe despre ad\u0103ugarea unei petale la una dintre sculpturi, v\u0103 rug\u0103m s\u0103 <a href=\"mailto:jo.sharp@foreverstars.org\">trimite\u021bi un<\/a> e-mail jo.sharp@foreverstars.org    <\/p>\n\n<ul class=\"wp-block-list\">\n<li><a href=\"https:\/\/www.foreverstars.org\/contact\/\">www.foreverstars.org\/contact<\/a><\/li>\n\n\n\n<li><a href=\"https:\/\/www.foreverstars.org\/\">www.foreverstars.org<\/a><\/li>\n<\/ul>\n<\/div>\n<\/li><li class=\"wp-block-post post-13323 support-group type-support-group status-publish has-post-thumbnail hentry support-grouping-regional-services-nottingham\">\n<figure class=\"wp-block-post-featured-image\"><img loading=\"lazy\" decoding=\"async\" width=\"206\" height=\"300\" src=\"https:\/\/www.ockendenmaternityreview.org.uk\/wp-content\/uploads\/2026\/03\/Nottingham-Womens-Centre-206x300-1.png\" class=\"attachment-post-thumbnail size-post-thumbnail wp-post-image\" alt=\"\" style=\"object-fit:cover;\" \/><\/figure>\n\n<h2 class=\"wp-block-post-title\">Centrul pentru femei din Nottingham<\/h2>\n\n\n<\/li><li class=\"wp-block-post post-13302 support-group type-support-group status-publish hentry support-grouping-regional-services-nottingham\">\n\n\n<h2 class=\"wp-block-post-title\">Re\u021beaua LGBT+ Notts<\/h2>\n\n<div class=\"entry-content wp-block-post-content is-layout-flow wp-block-post-content-is-layout-flow\">\n<p>Notts LGBT+ Network este o organiza\u021bie caritabil\u0103 \u00eenregistrat\u0103 condus\u0103 exclusiv de voluntari din centrul ora\u0219ului Nottingham. Oferim sprijin prin crearea unui spa\u021biu sigur persoanelor cu v\u00e2rsta peste 18 ani, prin indicarea informa\u021biilor \u0219i ajutorului legat de problemele LGBT+, inclusiv sexualitatea, identitatea de gen, s\u0103n\u0103tatea sexual\u0103 \u0219i bun\u0103starea emo\u021bional\u0103. Notts LGBT+ Network ofer\u0103 o baz\u0103 de date cuprinz\u0103toare de servicii de consiliere, organiza\u021bii \u0219i organiza\u021bii caritabile, grupuri sociale \u0219i cluburi care sprijin\u0103 persoanele LGBT+. Echipa noastr\u0103 de voluntari ofer\u0103 ajutor \u0219i sprijin prin telefon, e-mail \u0219i social media.   <\/p>\n\n<ul class=\"wp-block-list\">\n<li>Linia de asisten\u021b\u0103 telefonic\u0103 este deschis\u0103 de luni p\u00e2n\u0103 vineri \u00eentre orele 19:00 \u0219i 21:00<\/li>\n\n\n\n<li>0115 9348485<\/li>\n\n\n\n<li><a href=\"mailto:info@nottslgbt.com\" target=\"_blank\" rel=\"noreferrer noopener\">info@nottslgbt.com<\/a><\/li>\n\n\n\n<li><a href=\"https:\/\/www.nottslgbt.com\/\">https:\/\/www.nottslgbt.com<\/a><\/li>\n<\/ul>\n<\/div>\n<\/li><li class=\"wp-block-post post-13292 support-group type-support-group status-publish hentry support-grouping-regional-services-nottingham\">\n\n\n<h2 class=\"wp-block-post-title\">Consiliul Jude\u021bean Nottinghamshire<\/h2>\n\n<div class=\"entry-content wp-block-post-content is-layout-flow wp-block-post-content-is-layout-flow\">\n<p>Site-ul Consiliului include un centru cu informa\u021bii despre o varietate de probleme de sprijin, inclusiv sprijin urgent, s\u0103n\u0103tate mintal\u0103, rela\u021bii, parenting, la urm\u0103torul link:  <\/p>\n\n<ul class=\"wp-block-list\">\n<li>0300 500 8080  <\/li>\n\n\n\n<li><a href=\"https:\/\/www.nottinghamshire.gov.uk\/contact-and-complaints\/contact-us\/contact-us\">www.nottinghamshire.gov.uk\/contact-and-complaints\/contact-us\/contact-us<\/a><\/li>\n\n\n\n<li><a href=\"https:\/\/www.nottinghamshire.gov.uk\/care\/adult-social-care\/d2n2-health-and-well-being-hub\/support-for-me\">www.nottinghamshire.gov.uk\/care\/adult-social-care\/d2n2-health-and-well-being-hub\/support-for-me<\/a> <\/li>\n<\/ul>\n<\/div>\n<\/li><li class=\"wp-block-post post-13285 support-group type-support-group status-publish hentry support-grouping-regional-services-nottingham\">\n\n\n<h2 class=\"wp-block-post-title\">Zefirul lui<\/h2>\n\n<div class=\"entry-content wp-block-post-content is-layout-flow wp-block-post-content-is-layout-flow\">\n<p>Zephyr&#8217;s ofer\u0103 sprijin \u00een Nottingham \u0219i Nottinghamshire pentru p\u0103rin\u021bii \u0219i familiile \u00eendoliate \u00een urma pierderii sarcinii sau a decesului unui bebelu\u0219 sau copil, precum \u0219i pentru cei care sunt \u00eens\u0103rcinate sau sunt p\u0103rin\u021bi dup\u0103 pierdere.<br\/>Cu o combina\u021bie de servicii profesionale \u0219i de la egal la egal, Zephyr&#8217;s ofer\u0103 consiliere pentru doliu, plimb\u0103ri de bun\u0103stare, yoga, prelucrare a lemnului, \u00eent\u00e2lniri de grup, conversa\u021bie 1-2-1, activit\u0103\u021bi de familie \u00een p\u0103dure, o bibliotec\u0103 de c\u0103r\u021bi \u0219i resurse de \u00eemprumutat \u0219i multe altele.  <\/p>\n\n<p>Recunoa\u0219tem c\u0103 se poate sim\u021bi emo\u021bional f\u0103c\u00e2nd primul pas pentru a g\u0103si sprijin, v\u0103 rug\u0103m s\u0103 v\u0103 sim\u021bi\u021bi asigura\u021bi c\u0103, dac\u0103 \u00eentinde\u021bi m\u00e2na, ve\u021bi fi \u00eent\u00e2mpina\u021bi cu c\u0103ldur\u0103 \u0219i compasiune.<\/p>\n\n<ul class=\"wp-block-list\">\n<li>07915 995532<\/li>\n\n\n\n<li><a href=\"mailto:contact@zephyrsnottingham.org.uk\">contact@zephyrsnottingham.org.uk<\/a> <\/li>\n\n\n\n<li><a href=\"https:\/\/www.zephyrsnottingham.org.uk\/\">www.zephyrsnottingham.org.uk<\/a> <\/li>\n<\/ul>\n<\/div>\n<\/li><li class=\"wp-block-post post-13279 support-group type-support-group status-publish hentry support-grouping-regional-services-nottingham\">\n\n\n<h2 class=\"wp-block-post-title\">Re\u021beaua femeilor musulmane din Nottingham<\/h2>\n\n<div class=\"entry-content wp-block-post-content is-layout-flow wp-block-post-content-is-layout-flow\">\n<p>Exist\u0103m pentru a ajuta toate femeile musulmane s\u0103 reu\u0219easc\u0103 \u00een Nottingham prin \u00eemputernicirea femeilor \u0219i fetelor musulmane prin atitudini provocatoare care le trag \u00eenapoi.<\/p>\n\n<ul class=\"wp-block-list\">\n<li>0115 837 2627<\/li>\n\n\n\n<li>07826 464 722<\/li>\n\n\n\n<li><a href=\"mailto:enquiries@nmwn.co.uk\">enquiries@nmwn.co.uk<\/a><\/li>\n\n\n\n<li><a href=\"https:\/\/nottinghammuslimwomensnetwork.co.uk\/\">www.nottinghammuslimwomensnetwork.co.uk<\/a><\/li>\n<\/ul>\n<\/div>\n<\/li><li class=\"wp-block-post post-13270 support-group type-support-group status-publish has-post-thumbnail hentry support-grouping-regional-services-nottingham\">\n<figure class=\"wp-block-post-featured-image\"><img loading=\"lazy\" decoding=\"async\" width=\"1024\" height=\"195\" src=\"https:\/\/www.ockendenmaternityreview.org.uk\/wp-content\/uploads\/2026\/03\/NNRF-logo-2022-1-1-1024x195-1.png\" class=\"attachment-post-thumbnail size-post-thumbnail wp-post-image\" alt=\"\" style=\"object-fit:cover;\" srcset=\"https:\/\/www.ockendenmaternityreview.org.uk\/wp-content\/uploads\/2026\/03\/NNRF-logo-2022-1-1-1024x195-1.png 1024w, https:\/\/www.ockendenmaternityreview.org.uk\/wp-content\/uploads\/2026\/03\/NNRF-logo-2022-1-1-1024x195-1-300x57.png 300w, https:\/\/www.ockendenmaternityreview.org.uk\/wp-content\/uploads\/2026\/03\/NNRF-logo-2022-1-1-1024x195-1-768x146.png 768w\" sizes=\"auto, (max-width: 1024px) 100vw, 1024px\" \/><\/figure>\n\n<h2 class=\"wp-block-post-title\">Forumul refugia\u021bilor din Nottingham<\/h2>\n\n<div class=\"entry-content wp-block-post-content is-layout-flow wp-block-post-content-is-layout-flow\">\n<p>La Nottingham Refugee Forum, credem c\u0103 toat\u0103 lumea merit\u0103 o \u0219ans\u0103 de a se sim\u021bi \u00een siguran\u021b\u0103 \u0219i de a tr\u0103i cu demnitate. Oferim un spa\u021biu comunitar primitor, consiliere specializat\u0103 \u0219i sprijin familiilor \u0219i persoanelor care solicit\u0103 azil sau tr\u0103iesc ca refugia\u021bi \u00een Nottingham \u0219i Nottinghamshire. Oferim suport personalizat; ajut\u00e2nd oamenii s\u0103 navigheze prin servicii p\u00e2n\u0103 c\u00e2nd sunt capabili s\u0103 se stabileasc\u0103 local \u0219i s\u0103 se simt\u0103 din nou \u00eencrez\u0103tori.  <\/p>\n\n<p><a href=\"mailto:info@nottsrefugeeforum.org.uk\">info@nottsrefugeeforum.org.uk<\/a><\/p>\n\n<p><strong>Program<br\/><\/strong>Luni \u2013 Joi<br\/>10:00- 15:00<\/p>\n<\/div>\n<\/li><li class=\"wp-block-post post-13232 support-group type-support-group status-publish has-post-thumbnail hentry support-grouping-regional-services-nottingham\">\n<figure class=\"wp-block-post-featured-image\"><img loading=\"lazy\" decoding=\"async\" width=\"1024\" height=\"536\" src=\"https:\/\/www.ockendenmaternityreview.org.uk\/wp-content\/uploads\/2026\/03\/NRN-brand-assets-1024x536-1.png\" class=\"attachment-post-thumbnail size-post-thumbnail wp-post-image\" alt=\"\" style=\"object-fit:cover;\" srcset=\"https:\/\/www.ockendenmaternityreview.org.uk\/wp-content\/uploads\/2026\/03\/NRN-brand-assets-1024x536-1.png 1024w, https:\/\/www.ockendenmaternityreview.org.uk\/wp-content\/uploads\/2026\/03\/NRN-brand-assets-1024x536-1-300x157.png 300w, https:\/\/www.ockendenmaternityreview.org.uk\/wp-content\/uploads\/2026\/03\/NRN-brand-assets-1024x536-1-768x402.png 768w\" sizes=\"auto, (max-width: 1024px) 100vw, 1024px\" \/><\/figure>\n\n<h2 class=\"wp-block-post-title\">Re\u021beaua de recuperare din Nottingham<\/h2>\n\n<div class=\"entry-content wp-block-post-content is-layout-flow wp-block-post-content-is-layout-flow\">\n<p>Nottingham Recovery Network ofer\u0103 sprijin gratuit \u0219i confiden\u021bial locuitorilor din Nottingham City care doresc s\u0103-\u0219i schimbe rela\u021bia cu drogurile \u0219i\/sau alcoolul. De asemenea, se pot face trimiteri la agen\u021bii de lucru \u00eenchise pentru a sprijini problemele de s\u0103n\u0103tate fizic\u0103 \u0219i mintal\u0103, lipsa de ad\u0103post, locuin\u021be, datorii \u0219i finan\u021be.   <\/p>\n\n<p>Echipa noastr\u0103 dedicat\u0103 familiilor \u0219i \u00eengrijitorilor sprijin\u0103 persoanele care au fost afectate de consumul de droguri al unei alte persoane. Ofer\u0103 consiliere \u0219i sprijin cu privire la instrumentele necesare membrilor familiei, \u00eengrijitorilor \u0219i altor persoane interesate pentru: <\/p>\n\n<ul class=\"wp-block-list\">\n<li>Reduce\u021bi izolarea<\/li>\n\n\n\n<li>Cre\u0219te\u021bi-le \u00eencrederea<\/li>\n\n\n\n<li>Stabili\u021bi limite adecvate<\/li>\n\n\n\n<li>Deveni\u021bi mai informa\u021bi despre ciclul de dependen\u021b\u0103 al consumului de substan\u021be<\/li>\n\n\n\n<li>Trece\u021bi prin orice emo\u021bii, cum ar fi vinov\u0103\u021bia, ru\u0219inea \u0219i furia.<\/li>\n<\/ul>\n\n<p>Suntem aici pentru a v\u0103 sprijini.  <\/p>\n\n<p>Suna\u021bi-ne, vizita\u021bi-ne sau vizita\u021bi site-ul nostru pentru mai multe informa\u021bii sau pentru a face o recomandare.<\/p>\n\n<p><strong>Asisten\u021b\u0103 telefonic\u0103: 0800 066 5362<\/strong><\/p>\n\n<p>Luni \u2013 Mar\u021bi: 8am \u2013 6pm<br\/>Miercuri: 8am \u2013 7pm<br\/>Joi \u2013 Vineri: 8am \u2013 6pm<br\/>S\u00e2mb\u0103t\u0103: 9am \u2013 1pm<\/p>\n\n<p><strong>Ore de evaluare f\u0103r\u0103 drop-in:<\/strong><\/p>\n\n<p>Luni \u2013 Mar\u021bi: 9.30 \u2013 16.00<br\/>Miercuri: 9.30 \u2013 18<br\/>Joi \u2013 Vineri: 9.30 \u2013 16.00<br\/>S\u00e2mb\u0103t\u0103: 9.30 \u2013 12 pr\u00e2nz<\/p>\n\n<p><a href=\"http:\/\/www.nottinghamrecoverynetwork.com\/\">www.nottinghamrecoverynetwork.com<\/a><\/p>\n<\/div>\n<\/li><li class=\"wp-block-post post-13210 support-group type-support-group status-publish has-post-thumbnail hentry support-grouping-regional-services-nottingham\">\n<figure class=\"wp-block-post-featured-image\"><img loading=\"lazy\" decoding=\"async\" width=\"800\" height=\"500\" src=\"https:\/\/www.ockendenmaternityreview.org.uk\/wp-content\/uploads\/2026\/03\/Juno-logo-with-tag-line.png\" class=\"attachment-post-thumbnail size-post-thumbnail wp-post-image\" alt=\"\" style=\"object-fit:cover;\" srcset=\"https:\/\/www.ockendenmaternityreview.org.uk\/wp-content\/uploads\/2026\/03\/Juno-logo-with-tag-line.png 800w, https:\/\/www.ockendenmaternityreview.org.uk\/wp-content\/uploads\/2026\/03\/Juno-logo-with-tag-line-300x188.png 300w, https:\/\/www.ockendenmaternityreview.org.uk\/wp-content\/uploads\/2026\/03\/Juno-logo-with-tag-line-768x480.png 768w\" sizes=\"auto, (max-width: 800px) 100vw, 800px\" \/><\/figure>\n\n<h2 class=\"wp-block-post-title\">Ajutor pentru femei Juno<\/h2>\n\n<div class=\"entry-content wp-block-post-content is-layout-flow wp-block-post-content-is-layout-flow\">\n<p>Juno Women&#8217;s Aid este cea mai mare organiza\u021bie de abuz domestic din Nottingham \u0219i una dintre cele mai mari din Marea Britanie. Lucr\u0103m cu femei, copii \u0219i adolescen\u021bi care au fost afecta\u021bi de abuz \u00een familie \u00een <strong>Ashfield, Broxtowe, Gedling, Nottingham City \u0219i Rushcliffe.<\/strong> <strong><\/strong><\/p>\n\n<p><strong>Linia de asisten\u021b\u0103 este deschis\u0103 24 de ore pe zi, 365 de zile pe an, la <\/strong><strong>0808 800 0340<\/strong><strong>.<\/strong><strong><\/strong><\/p>\n\n<p><strong><u>Serviciile noastre includ:<\/u><\/strong><strong><u><\/u><\/strong><\/p>\n\n<ul class=\"wp-block-list\">\n<li>Informa\u021bii \u0219i asisten\u021b\u0103<\/li>\n\n\n\n<li>Drop-in-uri \u0219i asisten\u021b\u0103 unu-la-unu<\/li>\n\n\n\n<li>Cursuri de rela\u021bii s\u0103n\u0103toase \u0219i grupuri terapeutice<\/li>\n\n\n\n<li>Refugiu \u0219i cazare de urgen\u021b\u0103<\/li>\n\n\n\n<li>Asisten\u021ba maternal\u0103 pentru animalele de companie<\/li>\n<\/ul>\n\n<p><strong>Pentru a afla mai multe informa\u021bii, v\u0103 rug\u0103m s\u0103 vizita\u021bi <a href=\"http:\/\/www.junowomensaid.org.uk\/\">www.junowomensaid.org.uk<\/a><\/strong><\/p>\n<\/div>\n<\/li><\/ul>\n\n\n\n<\/div>\n","protected":false},"excerpt":{"rendered":"","protected":false},"author":1,"featured_media":0,"parent":0,"menu_order":0,"comment_status":"closed","ping_status":"closed","template":"page-support-groups.blade.php","meta":{"_acf_changed":false,"footnotes":""},"class_list":["post-10942","page","type-page","status-publish","hentry"],"acf":[],"yoast_head":"<!-- This site is optimized with the Yoast SEO plugin v27.2 - https:\/\/yoast.com\/product\/yoast-seo-wordpress\/ -->\n<title>Servicii regionale Nottingham - Ockenden Review<\/title>\n<meta name=\"robots\" content=\"index, follow, max-snippet:-1, max-image-preview:large, max-video-preview:-1\" \/>\n<link rel=\"canonical\" href=\"https:\/\/www.ockendenmaternityreview.org.uk\/support-regional-services-nottingham\/\" \/>\n<meta property=\"og:locale\" content=\"ro_RO\" \/>\n<meta property=\"og:type\" content=\"article\" \/>\n<meta property=\"og:title\" content=\"Servicii regionale Nottingham - Ockenden Review\" \/>\n<meta property=\"og:url\" content=\"https:\/\/www.ockendenmaternityreview.org.uk\/support-regional-services-nottingham\/\" \/>\n<meta property=\"og:site_name\" content=\"Ockenden Review\" \/>\n<meta property=\"article:publisher\" content=\"https:\/\/www.facebook.com\/ockendenmaternityreview?mibextid=wwXIfr\" \/>\n<meta property=\"article:modified_time\" content=\"2026-03-24T14:07:39+00:00\" \/>\n<meta name=\"twitter:card\" content=\"summary_large_image\" \/>\n<meta name=\"twitter:site\" content=\"@ockreview\" \/>\n<script type=\"application\/ld+json\" class=\"yoast-schema-graph\">{\"@context\":\"https:\/\/schema.org\",\"@graph\":[{\"@type\":\"WebPage\",\"@id\":\"https:\/\/www.ockendenmaternityreview.org.uk\/support-regional-services-nottingham\/\",\"url\":\"https:\/\/www.ockendenmaternityreview.org.uk\/support-regional-services-nottingham\/\",\"name\":\"Servicii regionale Nottingham - Ockenden Review\",\"isPartOf\":{\"@id\":\"https:\/\/www.ockendenmaternityreview.org.uk\/pa\/#website\"},\"datePublished\":\"2026-01-08T16:32:41+00:00\",\"dateModified\":\"2026-03-24T14:07:39+00:00\",\"breadcrumb\":{\"@id\":\"https:\/\/www.ockendenmaternityreview.org.uk\/support-regional-services-nottingham\/#breadcrumb\"},\"inLanguage\":\"ro-RO\",\"potentialAction\":[{\"@type\":\"ReadAction\",\"target\":[\"https:\/\/www.ockendenmaternityreview.org.uk\/support-regional-services-nottingham\/\"]}]},{\"@type\":\"BreadcrumbList\",\"@id\":\"https:\/\/www.ockendenmaternityreview.org.uk\/support-regional-services-nottingham\/#breadcrumb\",\"itemListElement\":[{\"@type\":\"ListItem\",\"position\":1,\"name\":\"Home\",\"item\":\"https:\/\/www.ockendenmaternityreview.org.uk\/ro\/\"},{\"@type\":\"ListItem\",\"position\":2,\"name\":\"Servicii regionale Nottingham\"}]},{\"@type\":\"WebSite\",\"@id\":\"https:\/\/www.ockendenmaternityreview.org.uk\/pa\/#website\",\"url\":\"https:\/\/www.ockendenmaternityreview.org.uk\/pa\/\",\"name\":\"Ockenden Review\",\"description\":\"\",\"potentialAction\":[{\"@type\":\"SearchAction\",\"target\":{\"@type\":\"EntryPoint\",\"urlTemplate\":\"https:\/\/www.ockendenmaternityreview.org.uk\/pa\/?s={search_term_string}\"},\"query-input\":{\"@type\":\"PropertyValueSpecification\",\"valueRequired\":true,\"valueName\":\"search_term_string\"}}],\"inLanguage\":\"ro-RO\"}]}<\/script>\n<!-- \/ Yoast SEO plugin. -->","yoast_head_json":{"title":"Servicii regionale Nottingham - Ockenden Review","robots":{"index":"index","follow":"follow","max-snippet":"max-snippet:-1","max-image-preview":"max-image-preview:large","max-video-preview":"max-video-preview:-1"},"canonical":"https:\/\/www.ockendenmaternityreview.org.uk\/support-regional-services-nottingham\/","og_locale":"ro_RO","og_type":"article","og_title":"Servicii regionale Nottingham - Ockenden Review","og_url":"https:\/\/www.ockendenmaternityreview.org.uk\/support-regional-services-nottingham\/","og_site_name":"Ockenden Review","article_publisher":"https:\/\/www.facebook.com\/ockendenmaternityreview?mibextid=wwXIfr","article_modified_time":"2026-03-24T14:07:39+00:00","twitter_card":"summary_large_image","twitter_site":"@ockreview","schema":{"@context":"https:\/\/schema.org","@graph":[{"@type":"WebPage","@id":"https:\/\/www.ockendenmaternityreview.org.uk\/support-regional-services-nottingham\/","url":"https:\/\/www.ockendenmaternityreview.org.uk\/support-regional-services-nottingham\/","name":"Servicii regionale Nottingham - Ockenden Review","isPartOf":{"@id":"https:\/\/www.ockendenmaternityreview.org.uk\/pa\/#website"},"datePublished":"2026-01-08T16:32:41+00:00","dateModified":"2026-03-24T14:07:39+00:00","breadcrumb":{"@id":"https:\/\/www.ockendenmaternityreview.org.uk\/support-regional-services-nottingham\/#breadcrumb"},"inLanguage":"ro-RO","potentialAction":[{"@type":"ReadAction","target":["https:\/\/www.ockendenmaternityreview.org.uk\/support-regional-services-nottingham\/"]}]},{"@type":"BreadcrumbList","@id":"https:\/\/www.ockendenmaternityreview.org.uk\/support-regional-services-nottingham\/#breadcrumb","itemListElement":[{"@type":"ListItem","position":1,"name":"Home","item":"https:\/\/www.ockendenmaternityreview.org.uk\/ro\/"},{"@type":"ListItem","position":2,"name":"Servicii regionale Nottingham"}]},{"@type":"WebSite","@id":"https:\/\/www.ockendenmaternityreview.org.uk\/pa\/#website","url":"https:\/\/www.ockendenmaternityreview.org.uk\/pa\/","name":"Ockenden Review","description":"","potentialAction":[{"@type":"SearchAction","target":{"@type":"EntryPoint","urlTemplate":"https:\/\/www.ockendenmaternityreview.org.uk\/pa\/?s={search_term_string}"},"query-input":{"@type":"PropertyValueSpecification","valueRequired":true,"valueName":"search_term_string"}}],"inLanguage":"ro-RO"}]}},"_links":{"self":[{"href":"https:\/\/www.ockendenmaternityreview.org.uk\/ro\/wp-json\/wp\/v2\/pages\/10942","targetHints":{"allow":["GET"]}}],"collection":[{"href":"https:\/\/www.ockendenmaternityreview.org.uk\/ro\/wp-json\/wp\/v2\/pages"}],"about":[{"href":"https:\/\/www.ockendenmaternityreview.org.uk\/ro\/wp-json\/wp\/v2\/types\/page"}],"author":[{"embeddable":true,"href":"https:\/\/www.ockendenmaternityreview.org.uk\/ro\/wp-json\/wp\/v2\/users\/1"}],"replies":[{"embeddable":true,"href":"https:\/\/www.ockendenmaternityreview.org.uk\/ro\/wp-json\/wp\/v2\/comments?post=10942"}],"version-history":[{"count":0,"href":"https:\/\/www.ockendenmaternityreview.org.uk\/ro\/wp-json\/wp\/v2\/pages\/10942\/revisions"}],"wp:attachment":[{"href":"https:\/\/www.ockendenmaternityreview.org.uk\/ro\/wp-json\/wp\/v2\/media?parent=10942"}],"curies":[{"name":"wp","href":"https:\/\/api.w.org\/{rel}","templated":true}]}}