{"id":11055,"date":"2026-01-08T16:33:05","date_gmt":"2026-01-08T16:33:05","guid":{"rendered":"https:\/\/ockendenmatdev.wpenginepowered.com\/sprijin-pentru-familii-atunci-cand-un-copil-are-o-dizabilitate\/"},"modified":"2026-03-24T14:08:23","modified_gmt":"2026-03-24T14:08:23","slug":"sprijin-pentru-familii-atunci-cand-un-copil-are-o-dizabilitate","status":"publish","type":"page","link":"https:\/\/www.ockendenmaternityreview.org.uk\/ro\/sprijin-pentru-familii-atunci-cand-un-copil-are-o-dizabilitate\/","title":{"rendered":"Sprijin pentru familii atunci c\u00e2nd un copil are o dizabilitate"},"content":{"rendered":"\n<div class=\"wp-block-query support-groups is-layout-flow wp-block-query-is-layout-flow\"><ul class=\"wp-block-post-template is-layout-grid wp-container-core-post-template-is-layout-763cd4b6 wp-block-post-template-is-layout-grid\"><li class=\"wp-block-post post-12915 support-group type-support-group status-publish has-post-thumbnail hentry support-grouping-support-for-families-when-a-child-has-a-disability\">\n<figure class=\"wp-block-post-featured-image\"><img loading=\"lazy\" decoding=\"async\" width=\"300\" height=\"300\" src=\"https:\/\/www.ockendenmaternityreview.org.uk\/wp-content\/uploads\/2026\/03\/Harrys-Hat-Logo-High-Res-300x300-1.png\" class=\"attachment-post-thumbnail size-post-thumbnail wp-post-image\" alt=\"\" style=\"object-fit:cover;\" srcset=\"https:\/\/www.ockendenmaternityreview.org.uk\/wp-content\/uploads\/2026\/03\/Harrys-Hat-Logo-High-Res-300x300-1.png 300w, https:\/\/www.ockendenmaternityreview.org.uk\/wp-content\/uploads\/2026\/03\/Harrys-Hat-Logo-High-Res-300x300-1-150x150.png 150w\" sizes=\"auto, (max-width: 300px) 100vw, 300px\" \/><\/figure>\n\n<h2 class=\"wp-block-post-title\">Harry&#8217;s Hydrocephalus Awareness Trust (Harry&#8217;s HAT)<\/h2>\n\n\n<\/li><li class=\"wp-block-post post-12885 support-group type-support-group status-publish has-post-thumbnail hentry support-grouping-support-for-families-when-a-child-has-a-disability\">\n<figure class=\"wp-block-post-featured-image\"><img loading=\"lazy\" decoding=\"async\" width=\"800\" height=\"800\" src=\"https:\/\/www.ockendenmaternityreview.org.uk\/wp-content\/uploads\/2026\/03\/FOOTPRINTS_Logo_FB_800x800px-1.jpg\" class=\"attachment-post-thumbnail size-post-thumbnail wp-post-image\" alt=\"\" style=\"object-fit:cover;\" srcset=\"https:\/\/www.ockendenmaternityreview.org.uk\/wp-content\/uploads\/2026\/03\/FOOTPRINTS_Logo_FB_800x800px-1.jpg 800w, https:\/\/www.ockendenmaternityreview.org.uk\/wp-content\/uploads\/2026\/03\/FOOTPRINTS_Logo_FB_800x800px-1-300x300.jpg 300w, https:\/\/www.ockendenmaternityreview.org.uk\/wp-content\/uploads\/2026\/03\/FOOTPRINTS_Logo_FB_800x800px-1-150x150.jpg 150w, https:\/\/www.ockendenmaternityreview.org.uk\/wp-content\/uploads\/2026\/03\/FOOTPRINTS_Logo_FB_800x800px-1-768x768.jpg 768w\" sizes=\"auto, (max-width: 800px) 100vw, 800px\" \/><\/figure>\n\n<h2 class=\"wp-block-post-title\">Centrul de educa\u021bie conductiv\u0103 Footprints<\/h2>\n\n<div class=\"entry-content wp-block-post-content is-layout-flow wp-block-post-content-is-layout-flow\">\n<p>Footprints este o organiza\u021bie caritabil\u0103 cu sediul \u00een Nottingham care transform\u0103 vie\u021bile copiilor care tr\u0103iesc cu dificult\u0103\u021bi de mobilitate \u0219i comunicare \u00een East Midlands. La centrul lor \u0219i prin sprijinul lor, bebelu\u0219ii \u0219i copiii \u00ee\u0219i dezvolt\u0103 abilit\u0103\u021bile de care au nevoie pentru a prospera \u0219i a-\u0219i atinge poten\u021bialul. <\/p>\n\n<p>Activitatea lor este inspirat\u0103 de principiile \u0219i practicile educa\u021biei conductive, o abordare holistic\u0103 a educa\u021biei, dezvoltat\u0103 pentru a ajuta copiii cu dizabilit\u0103\u021bi s\u0103 \u00eenve\u021be \u00een mod con\u0219tient abilit\u0103\u021bile de via\u021b\u0103 care sunt mai naturale pentru al\u021bii. Activitatea lor \u00eencurajeaz\u0103 dezvoltarea abilit\u0103\u021bilor fizice, de comunicare, sociale, senzoriale, de autoajutorare \u0219i de g\u00e2ndire. <\/p>\n\n<p>Footprints lucreaz\u0103 \u00eendeaproape cu copilul \u0219i familia acestuia \u00eentr-un mediu sigur, pozitiv \u0219i de sus\u021binere pentru a \u00eencuraja \u0219i motiva dorin\u021ba fiec\u0103rui copil de a-\u0219i \u00eendeplini sarcinile. \u00cen acela\u0219i timp, ofer\u0103 familiilor cuno\u0219tin\u021bele, \u00eencrederea \u0219i puterea de a face fa\u021b\u0103 dizabilit\u0103\u021bilor cu care tr\u0103ie\u0219te copilul lor \u0219i de a \u00een\u021belege cum pot ajuta. <\/p>\n\n<ul class=\"wp-block-list\">\n<li><a href=\"http:\/\/www.footprintscec.org\/\">www.footprintscec.org<\/a><\/li>\n\n\n\n<li><a href=\"mailto:enquiries@footprintscec.org\">enquiries@footprintscec.org<\/a><\/li>\n\n\n\n<li>0115 958 6641<\/li>\n<\/ul>\n<\/div>\n<\/li><li class=\"wp-block-post post-12868 support-group type-support-group status-publish hentry support-grouping-support-for-families-when-a-child-has-a-disability\">\n\n\n<h2 class=\"wp-block-post-title\">Guvernul Regatului Unit<\/h2>\n\n<div class=\"entry-content wp-block-post-content is-layout-flow wp-block-post-content-is-layout-flow\">\n<p><br\/>Consiliul local v\u0103 poate oferi ajutor dac\u0103 ave\u021bi un copil cu dizabilit\u0103\u021bi, inclusiv:<\/p>\n\n<ul class=\"wp-block-list\">\n<li><a href=\"https:\/\/www.gov.uk\/apply-short-term-care-for-child\">Servicii de pauze scurte<\/a><\/li>\n\n\n\n<li>Scheme de joac\u0103 de vacan\u021b\u0103<\/li>\n\n\n\n<li>\u00cengrijire la domiciliu<\/li>\n\n\n\n<li>Unele ajutoare \u0219i adapt\u0103ri<\/li>\n\n\n\n<li>ajutor financiar, de exemplu bani pentru costurile de deplasare pentru vizitele la spital<\/li>\n<\/ul>\n\n<p>Consiliul dumneavoastr\u0103 are datoria de a furniza aceste servicii \u00een temeiul <a href=\"http:\/\/www.legislation.gov.uk\/ukpga\/1989\/41\/contents\">Legii privind copiii din 1989.<\/a> Unele sunt gratuite \u2013 consiliul v\u0103 poate cere s\u0103 contribui\u021bi pentru altele. Dac\u0103 crede\u021bi c\u0103 copilul dumneavoastr\u0103 se poate califica, contacta\u021bi echipa de servicii sociale de la <a href=\"https:\/\/www.gov.uk\/find-your-local-council\">consiliul local<\/a>. <\/p>\n\n<ul class=\"wp-block-list\">\n<li><a href=\"https:\/\/www.gov.uk\/help-for-disabled-child\">https:\/\/www.gov.uk\/help-for-disabled-child<\/a> <\/li>\n<\/ul>\n<\/div>\n<\/li><li class=\"wp-block-post post-12856 support-group type-support-group status-publish has-post-thumbnail hentry support-grouping-support-for-families-when-a-child-has-a-disability\">\n<figure class=\"wp-block-post-featured-image\"><img loading=\"lazy\" decoding=\"async\" width=\"1024\" height=\"939\" src=\"https:\/\/www.ockendenmaternityreview.org.uk\/wp-content\/uploads\/2026\/03\/Together-for-short-lives-logo-1024x939-1.png\" class=\"attachment-post-thumbnail size-post-thumbnail wp-post-image\" alt=\"\" style=\"object-fit:cover;\" srcset=\"https:\/\/www.ockendenmaternityreview.org.uk\/wp-content\/uploads\/2026\/03\/Together-for-short-lives-logo-1024x939-1.png 1024w, https:\/\/www.ockendenmaternityreview.org.uk\/wp-content\/uploads\/2026\/03\/Together-for-short-lives-logo-1024x939-1-300x275.png 300w, https:\/\/www.ockendenmaternityreview.org.uk\/wp-content\/uploads\/2026\/03\/Together-for-short-lives-logo-1024x939-1-768x704.png 768w\" sizes=\"auto, (max-width: 1024px) 100vw, 1024px\" \/><\/figure>\n\n<h2 class=\"wp-block-post-title\">\u00cempreun\u0103 pentru vie\u021bi scurte<\/h2>\n\n<div class=\"entry-content wp-block-post-content is-layout-flow wp-block-post-content-is-layout-flow\">\n<p>Together for Short Lives este principala organiza\u021bie caritabil\u0103 din Marea Britanie pentru \u00eengrijirea paliativ\u0103 a copiilor. Prin intermediul centrului nostru de sprijin pentru familii \u0219i al liniei de asisten\u021b\u0103 telefonic\u0103, oferim familiilor copiilor grav bolnavi sprijin \u0219i consiliere emo\u021bional\u0103, financiar\u0103 \u0219i practic\u0103. <\/p>\n\n<ul class=\"wp-block-list\">\n<li>0808 8088 100<\/li>\n\n\n\n<li><a href=\"mailto:helpline@togetherforshortlives.org.uk\">helpline@togetherforshortlives.org.uk<\/a><\/li>\n\n\n\n<li><a href=\"https:\/\/www.togetherforshortlives.org.uk\/\">https:\/\/www.togetherforshortlives.org.uk<\/a><\/li>\n<\/ul>\n<\/div>\n<\/li><li class=\"wp-block-post post-12845 support-group type-support-group status-publish hentry support-grouping-support-for-families-when-a-child-has-a-disability\">\n\n\n<h2 class=\"wp-block-post-title\">Peeps HIE<\/h2>\n\n<div class=\"entry-content wp-block-post-content is-layout-flow wp-block-post-content-is-layout-flow\">\n<p><br\/>Peeps este singura organiza\u021bie caritabil\u0103 din Marea Britanie dedicat\u0103 sprijinirii celor atin\u0219i de HIE (encefalopatie hipoxic-ischemic\u0103). Oferim sprijin emo\u021bional, practic \u0219i financiar, precum \u0219i pachete gratuite pentru p\u0103rin\u021bi pentru toate unit\u0103\u021bile neonatale \u0219i sprijin pentru profesioni\u0219tii din domeniul s\u0103n\u0103t\u0103\u021bii. <\/p>\n\n<p>Oferim sprijin p\u0103rin\u021bilor, familiilor \u0219i prietenilor afecta\u021bi de EIS, cresc\u00e2nd gradul de con\u0219tientizare a HIE.<\/p>\n\n<p>Pute\u021bi desc\u0103rca aplica\u021bia noastr\u0103 gratuit\u0103 prin App Store sau Google Play c\u0103ut\u00e2nd Peeps HIE.<\/p>\n\n<ul class=\"wp-block-list\">\n<li>0800 987 5422<\/li>\n\n\n\n<li><a href=\"mailto:info@peeps-hie.org\">info@peeps-hie.org<\/a><\/li>\n\n\n\n<li><a href=\"https:\/\/www.peeps-hie.org\/\">https:\/\/www.peeps-hie.org<\/a><\/li>\n<\/ul>\n<\/div>\n<\/li><li class=\"wp-block-post post-12837 support-group type-support-group status-publish hentry support-grouping-support-for-families-when-a-child-has-a-disability\">\n\n\n<h2 class=\"wp-block-post-title\">Contacta\u021bi o familie<\/h2>\n\n<div class=\"entry-content wp-block-post-content is-layout-flow wp-block-post-content-is-layout-flow\">\n<p>Organiza\u021bie na\u021bional\u0103 de caritate pentru a sprijini familiile copiilor cu dizabilit\u0103\u021bi, indiferent de starea sau dizabilitatea lor. Ofer\u0103 informa\u021bii, sfaturi \u0219i sprijin. <\/p>\n\n<ul class=\"wp-block-list\">\n<li>020 7608 8700  <\/li>\n\n\n\n<li>0808 808 3555<\/li>\n\n\n\n<li><a href=\"mailto:info@cafamily.org.uk\">info@cafamily.org.uk<\/a> <\/li>\n\n\n\n<li> <a href=\"https:\/\/contact.org.uk\/\">https:\/\/contact.org.uk<\/a> <\/li>\n<\/ul>\n<\/div>\n<\/li><li class=\"wp-block-post post-12817 support-group type-support-group status-publish hentry support-grouping-support-for-families-when-a-child-has-a-disability\">\n\n\n<h2 class=\"wp-block-post-title\">Ac\u021biune pentru copii<\/h2>\n\n<div class=\"entry-content wp-block-post-content is-layout-flow wp-block-post-content-is-layout-flow\">\n<p>Ajut\u0103m copiii \u0219i tinerii cu dizabilit\u0103\u021bi s\u0103 c\u00e2\u0219tige \u00eencredere \u0219i independen\u021b\u0103. Suntem acolo pentru familii atunci c\u00e2nd au nevoie de noi. Suntem la \u00eendem\u00e2n\u0103 pentru a ajuta, atunci c\u00e2nd familiile au nevoie de noi. Cele 496 de servicii locale ne permit s\u0103 lucr\u0103m pe teren, \u00een comunit\u0103\u021bi. Oferim o gam\u0103 larg\u0103 de asisten\u021b\u0103. Aceasta include ajutor pentru familiile cu copii cu dizabilit\u0103\u021bi \u0219i servicii pentru tinerii \u00eengrijitori.       <\/p>\n\n<ul class=\"wp-block-list\">\n<li><a href=\"tel:0300%20123%202112\">0300 123 2112<\/a> <\/li>\n\n\n\n<li><a href=\"mailto:ask.us@actionforchildren.org.uk\">ask.us@actionforchildren.org.uk<\/a> <\/li>\n\n\n\n<li><a href=\"https:\/\/www.actionforchildren.org.uk\/\">https:\/\/www.actionforchildren.org.uk<\/a><\/li>\n<\/ul>\n<\/div>\n<\/li><li class=\"wp-block-post post-13358 support-group type-support-group status-publish hentry support-grouping-regional-services-nottingham support-grouping-support-for-families-when-a-child-has-a-disability\">\n\n\n<h2 class=\"wp-block-post-title\">Funda\u021bia Little Ted<\/h2>\n\n<div class=\"entry-content wp-block-post-content is-layout-flow wp-block-post-content-is-layout-flow\">\n<p>Funda\u021bia Little Ted ofer\u0103 sprijin familiilor \u00eendoliate \u00een urma pierderii unui copil \u0219i celor cu copii grav bolnavi.<\/p>\n\n<p>Oferim granturi Memory Maker pentru a ajuta familiile s\u0103 se bucure de o zi special\u0103 sau o c\u0103l\u0103torie \u00eempreun\u0103, subven\u021bii pentru costul vie\u021bii pentru acele familii cu un copil grav bolnav \u00een spital pentru mai mult de 7 zile \u0219i escapade la frumoasa noastr\u0103 caravan\u0103 din Snowdonia, nordul \u021a\u0103rii Galilor at\u00e2t pentru familiile \u00eendoliate, c\u00e2t \u0219i pentru cei cu copii grav bolnavi pentru a lua o pauz\u0103 de la stresul \u0219i tensiunile vie\u021bii de zi cu zi.<\/p>\n\n<p>De asemenea, colabor\u0103m cu The Foil Keepsake Co. pentru a oferi gratuit familiilor pe care le sprijinim cele mai frumoase imprimeuri din folie, fie c\u0103 este vorba de fotografii scanate, amprente de m\u00e2n\u0103 de familie sau urmele micu\u021bului t\u0103u. V\u0103 rug\u0103m s\u0103 ne contacta\u021bi pentru a afla mai multe despre aceste printuri \u0219i cum s\u0103 le comanda\u021bi. <\/p>\n\n<ul class=\"wp-block-list\">\n<li><a href=\"http:\/\/www.thelittletedfoundation.org\/\">www.thelittletedfoundation.org<\/a><\/li>\n\n\n\n<li><a href=\"mailto:info@thelittletedfoundation.org\">info@thelittletedfoundation.org<\/a><\/li>\n<\/ul>\n<\/div>\n<\/li><\/ul>\n\n\n\n<\/div>\n","protected":false},"excerpt":{"rendered":"","protected":false},"author":1,"featured_media":0,"parent":0,"menu_order":0,"comment_status":"closed","ping_status":"closed","template":"page-support-groups.blade.php","meta":{"_acf_changed":false,"footnotes":""},"class_list":["post-11055","page","type-page","status-publish","hentry"],"acf":[],"yoast_head":"<!-- This site is optimized with the Yoast SEO plugin v27.2 - https:\/\/yoast.com\/product\/yoast-seo-wordpress\/ -->\n<title>Sprijin pentru familii atunci c\u00e2nd un copil are o dizabilitate - Ockenden Review<\/title>\n<meta name=\"robots\" content=\"index, follow, max-snippet:-1, max-image-preview:large, max-video-preview:-1\" \/>\n<link rel=\"canonical\" href=\"https:\/\/www.ockendenmaternityreview.org.uk\/support-support-for-families-when-a-child-has-a-disability\/\" \/>\n<meta property=\"og:locale\" content=\"ro_RO\" \/>\n<meta property=\"og:type\" content=\"article\" \/>\n<meta property=\"og:title\" content=\"Sprijin pentru familii atunci c\u00e2nd un copil are o dizabilitate - Ockenden Review\" \/>\n<meta property=\"og:url\" content=\"https:\/\/www.ockendenmaternityreview.org.uk\/support-support-for-families-when-a-child-has-a-disability\/\" \/>\n<meta property=\"og:site_name\" content=\"Ockenden Review\" \/>\n<meta property=\"article:publisher\" content=\"https:\/\/www.facebook.com\/ockendenmaternityreview?mibextid=wwXIfr\" \/>\n<meta property=\"article:modified_time\" content=\"2026-03-24T14:08:23+00:00\" \/>\n<meta name=\"twitter:card\" content=\"summary_large_image\" \/>\n<meta name=\"twitter:site\" content=\"@ockreview\" \/>\n<script type=\"application\/ld+json\" class=\"yoast-schema-graph\">{\"@context\":\"https:\/\/schema.org\",\"@graph\":[{\"@type\":\"WebPage\",\"@id\":\"https:\/\/www.ockendenmaternityreview.org.uk\/support-support-for-families-when-a-child-has-a-disability\/\",\"url\":\"https:\/\/www.ockendenmaternityreview.org.uk\/support-support-for-families-when-a-child-has-a-disability\/\",\"name\":\"Sprijin pentru familii atunci c\u00e2nd un copil are o dizabilitate - Ockenden Review\",\"isPartOf\":{\"@id\":\"https:\/\/www.ockendenmaternityreview.org.uk\/pa\/#website\"},\"datePublished\":\"2026-01-08T16:33:05+00:00\",\"dateModified\":\"2026-03-24T14:08:23+00:00\",\"breadcrumb\":{\"@id\":\"https:\/\/www.ockendenmaternityreview.org.uk\/support-support-for-families-when-a-child-has-a-disability\/#breadcrumb\"},\"inLanguage\":\"ro-RO\",\"potentialAction\":[{\"@type\":\"ReadAction\",\"target\":[\"https:\/\/www.ockendenmaternityreview.org.uk\/support-support-for-families-when-a-child-has-a-disability\/\"]}]},{\"@type\":\"BreadcrumbList\",\"@id\":\"https:\/\/www.ockendenmaternityreview.org.uk\/support-support-for-families-when-a-child-has-a-disability\/#breadcrumb\",\"itemListElement\":[{\"@type\":\"ListItem\",\"position\":1,\"name\":\"Home\",\"item\":\"https:\/\/www.ockendenmaternityreview.org.uk\/ro\/\"},{\"@type\":\"ListItem\",\"position\":2,\"name\":\"Sprijin pentru familii atunci c\u00e2nd un copil are o dizabilitate\"}]},{\"@type\":\"WebSite\",\"@id\":\"https:\/\/www.ockendenmaternityreview.org.uk\/pa\/#website\",\"url\":\"https:\/\/www.ockendenmaternityreview.org.uk\/pa\/\",\"name\":\"Ockenden Review\",\"description\":\"\",\"potentialAction\":[{\"@type\":\"SearchAction\",\"target\":{\"@type\":\"EntryPoint\",\"urlTemplate\":\"https:\/\/www.ockendenmaternityreview.org.uk\/pa\/?s={search_term_string}\"},\"query-input\":{\"@type\":\"PropertyValueSpecification\",\"valueRequired\":true,\"valueName\":\"search_term_string\"}}],\"inLanguage\":\"ro-RO\"}]}<\/script>\n<!-- \/ Yoast SEO plugin. -->","yoast_head_json":{"title":"Sprijin pentru familii atunci c\u00e2nd un copil are o dizabilitate - Ockenden Review","robots":{"index":"index","follow":"follow","max-snippet":"max-snippet:-1","max-image-preview":"max-image-preview:large","max-video-preview":"max-video-preview:-1"},"canonical":"https:\/\/www.ockendenmaternityreview.org.uk\/support-support-for-families-when-a-child-has-a-disability\/","og_locale":"ro_RO","og_type":"article","og_title":"Sprijin pentru familii atunci c\u00e2nd un copil are o dizabilitate - Ockenden Review","og_url":"https:\/\/www.ockendenmaternityreview.org.uk\/support-support-for-families-when-a-child-has-a-disability\/","og_site_name":"Ockenden Review","article_publisher":"https:\/\/www.facebook.com\/ockendenmaternityreview?mibextid=wwXIfr","article_modified_time":"2026-03-24T14:08:23+00:00","twitter_card":"summary_large_image","twitter_site":"@ockreview","schema":{"@context":"https:\/\/schema.org","@graph":[{"@type":"WebPage","@id":"https:\/\/www.ockendenmaternityreview.org.uk\/support-support-for-families-when-a-child-has-a-disability\/","url":"https:\/\/www.ockendenmaternityreview.org.uk\/support-support-for-families-when-a-child-has-a-disability\/","name":"Sprijin pentru familii atunci c\u00e2nd un copil are o dizabilitate - Ockenden Review","isPartOf":{"@id":"https:\/\/www.ockendenmaternityreview.org.uk\/pa\/#website"},"datePublished":"2026-01-08T16:33:05+00:00","dateModified":"2026-03-24T14:08:23+00:00","breadcrumb":{"@id":"https:\/\/www.ockendenmaternityreview.org.uk\/support-support-for-families-when-a-child-has-a-disability\/#breadcrumb"},"inLanguage":"ro-RO","potentialAction":[{"@type":"ReadAction","target":["https:\/\/www.ockendenmaternityreview.org.uk\/support-support-for-families-when-a-child-has-a-disability\/"]}]},{"@type":"BreadcrumbList","@id":"https:\/\/www.ockendenmaternityreview.org.uk\/support-support-for-families-when-a-child-has-a-disability\/#breadcrumb","itemListElement":[{"@type":"ListItem","position":1,"name":"Home","item":"https:\/\/www.ockendenmaternityreview.org.uk\/ro\/"},{"@type":"ListItem","position":2,"name":"Sprijin pentru familii atunci c\u00e2nd un copil are o dizabilitate"}]},{"@type":"WebSite","@id":"https:\/\/www.ockendenmaternityreview.org.uk\/pa\/#website","url":"https:\/\/www.ockendenmaternityreview.org.uk\/pa\/","name":"Ockenden Review","description":"","potentialAction":[{"@type":"SearchAction","target":{"@type":"EntryPoint","urlTemplate":"https:\/\/www.ockendenmaternityreview.org.uk\/pa\/?s={search_term_string}"},"query-input":{"@type":"PropertyValueSpecification","valueRequired":true,"valueName":"search_term_string"}}],"inLanguage":"ro-RO"}]}},"_links":{"self":[{"href":"https:\/\/www.ockendenmaternityreview.org.uk\/ro\/wp-json\/wp\/v2\/pages\/11055","targetHints":{"allow":["GET"]}}],"collection":[{"href":"https:\/\/www.ockendenmaternityreview.org.uk\/ro\/wp-json\/wp\/v2\/pages"}],"about":[{"href":"https:\/\/www.ockendenmaternityreview.org.uk\/ro\/wp-json\/wp\/v2\/types\/page"}],"author":[{"embeddable":true,"href":"https:\/\/www.ockendenmaternityreview.org.uk\/ro\/wp-json\/wp\/v2\/users\/1"}],"replies":[{"embeddable":true,"href":"https:\/\/www.ockendenmaternityreview.org.uk\/ro\/wp-json\/wp\/v2\/comments?post=11055"}],"version-history":[{"count":0,"href":"https:\/\/www.ockendenmaternityreview.org.uk\/ro\/wp-json\/wp\/v2\/pages\/11055\/revisions"}],"wp:attachment":[{"href":"https:\/\/www.ockendenmaternityreview.org.uk\/ro\/wp-json\/wp\/v2\/media?parent=11055"}],"curies":[{"name":"wp","href":"https:\/\/api.w.org\/{rel}","templated":true}]}}