{"id":11071,"date":"2026-01-08T16:35:21","date_gmt":"2026-01-08T16:35:21","guid":{"rendered":"https:\/\/ockendenmatdev.wpenginepowered.com\/sprijin-national-pentru-doliu\/"},"modified":"2026-03-24T14:08:26","modified_gmt":"2026-03-24T14:08:26","slug":"sprijin-national-pentru-doliu","status":"publish","type":"page","link":"https:\/\/www.ockendenmaternityreview.org.uk\/ro\/sprijin-national-pentru-doliu\/","title":{"rendered":"Sprijin na\u021bional pentru doliu"},"content":{"rendered":"\n<div class=\"wp-block-query support-groups is-layout-flow wp-block-query-is-layout-flow\"><ul class=\"wp-block-post-template is-layout-grid wp-container-core-post-template-is-layout-763cd4b6 wp-block-post-template-is-layout-grid\"><li class=\"wp-block-post post-12964 support-group type-support-group status-publish hentry support-grouping-for-fathers support-grouping-national-baby-loss-organisations support-grouping-national-bereavement-support support-grouping-national-sibling-support\">\n\n\n<h2 class=\"wp-block-post-title\">Doliu pentru copii Marea Britanie<\/h2>\n\n<div class=\"entry-content wp-block-post-content is-layout-flow wp-block-post-content-is-layout-flow\">\n<p>Child Bereavement UK ajut\u0103 copiii, p\u0103rin\u021bii \u0219i familiile s\u0103-\u0219i reconstruiasc\u0103 via\u021ba atunci c\u00e2nd un copil sufer\u0103 sau c\u00e2nd un copil moare. Sprijinim copiii \u0219i tinerii cu v\u00e2rsta de p\u00e2n\u0103 la 25 de ani care se confrunt\u0103 cu doliu \u0219i orice persoan\u0103 afectat\u0103 de moartea unui copil de orice v\u00e2rst\u0103. <\/p>\n\n<p>Oferim instruire profesioni\u0219tilor din domeniul s\u0103n\u0103t\u0103\u021bii \u0219i asisten\u021bei sociale, educa\u021biei \u0219i sectoarelor voluntare \u0219i corporative, echip\u00e2ndu-i pentru a oferi cea mai bun\u0103 \u00eengrijire posibil\u0103 familiilor \u00eendoliate.<\/p>\n\n<ul class=\"wp-block-list\">\n<li>0800 02 888 40  <\/li>\n\n\n\n<li><a href=\"mailto:support@childbereavementuk.org\">support@childbereavementuk.org<\/a><\/li>\n\n\n\n<li><a href=\"https:\/\/www.childbereavementuk.org\">https:\/\/www.childbereavementuk.org<\/a><\/li>\n<\/ul>\n<\/div>\n<\/li><li class=\"wp-block-post post-12802 support-group type-support-group status-publish has-post-thumbnail hentry support-grouping-national-bereavement-support\">\n<figure class=\"wp-block-post-featured-image\"><img loading=\"lazy\" decoding=\"async\" width=\"591\" height=\"421\" src=\"https:\/\/www.ockendenmaternityreview.org.uk\/wp-content\/uploads\/2026\/03\/Samaritans-Contacts-logo.jpg\" class=\"attachment-post-thumbnail size-post-thumbnail wp-post-image\" alt=\"\" style=\"object-fit:cover;\" srcset=\"https:\/\/www.ockendenmaternityreview.org.uk\/wp-content\/uploads\/2026\/03\/Samaritans-Contacts-logo.jpg 591w, https:\/\/www.ockendenmaternityreview.org.uk\/wp-content\/uploads\/2026\/03\/Samaritans-Contacts-logo-300x214.jpg 300w\" sizes=\"auto, (max-width: 591px) 100vw, 591px\" \/><\/figure>\n\n<h2 class=\"wp-block-post-title\">Samariteni<\/h2>\n\n\n<\/li><li class=\"wp-block-post post-12792 support-group type-support-group status-publish hentry support-grouping-national-bereavement-support\">\n\n\n<h2 class=\"wp-block-post-title\">\u00cencrederea Bunei Dureri<\/h2>\n\n<div class=\"entry-content wp-block-post-content is-layout-flow wp-block-post-content-is-layout-flow\">\n<p><br\/>Organiza\u021bie na\u021bional\u0103 de caritate pentru doliu pentru a-i ajuta pe to\u021bi cei care sufer\u0103 de durere \u00een Marea Britanie. Scopul lor este de a-i g\u0103si pe cei \u00eendolia\u021bi, de a le recunoa\u0219te durerea \u0219i de a oferi sprijin, informa\u021bii \u0219i \u00eendrumare <\/p>\n\n<ul class=\"wp-block-list\">\n<li>0800 260 000 | 0800 2600 400<\/li>\n\n\n\n<li><a href=\"mailto:hello@thegoodgrieftrust.org\">hello@thegoodgrieftrust.org<\/a> <\/li>\n\n\n\n<li><a href=\"https:\/\/www.thegoodgrieftrust.org\/\">https:\/\/www.thegoodgrieftrust.org\/<\/a> <\/li>\n<\/ul>\n<\/div>\n<\/li><li class=\"wp-block-post post-13422 support-group type-support-group status-publish hentry support-grouping-national-bereavement-support\">\n\n\n<h2 class=\"wp-block-post-title\">Cruse Bereavement Care<\/h2>\n\n<div class=\"entry-content wp-block-post-content is-layout-flow wp-block-post-content-is-layout-flow\">\n<p>Consiliere gratuit\u0103 pentru doliu \u00een Marea Britanie (poate fi lista de a\u0219teptare)<\/p>\n\n<ul class=\"wp-block-list\">\n<li>  0844 4779400<\/li>\n\n\n\n<li><a href=\"mailto:helpline@cruse.org.uk\">helpline@cruse.org.uk<\/a> <\/li>\n\n\n\n<li><a href=\"https:\/\/www.cruse.org.uk\/\">https:\/\/www.cruse.org.uk<\/a> <\/li>\n<\/ul>\n<\/div>\n<\/li><li class=\"wp-block-post post-13412 support-group type-support-group status-publish hentry support-grouping-national-bereavement-support\">\n\n\n<h2 class=\"wp-block-post-title\">\u00cen pierdere<\/h2>\n\n<div class=\"entry-content wp-block-post-content is-layout-flow wp-block-post-content-is-layout-flow\">\n<p>Site web de afi\u0219are a semnelor din Marea Britanie pentru cei \u00eendolia\u021bi<\/p>\n\n<ul class=\"wp-block-list\">\n<li><a href=\"mailto:office@ataloss.org\">office@ataloss.org<\/a><\/li>\n\n\n\n<li><a href=\"https:\/\/www.ataloss.org\/\">https:\/\/www.ataloss.org\/<\/a> <\/li>\n<\/ul>\n<\/div>\n<\/li><\/ul>\n\n\n\n<\/div>\n","protected":false},"excerpt":{"rendered":"","protected":false},"author":1,"featured_media":0,"parent":0,"menu_order":0,"comment_status":"closed","ping_status":"closed","template":"page-support-groups.blade.php","meta":{"_acf_changed":false,"footnotes":""},"class_list":["post-11071","page","type-page","status-publish","hentry"],"acf":[],"yoast_head":"<!-- This site is optimized with the Yoast SEO plugin v27.2 - https:\/\/yoast.com\/product\/yoast-seo-wordpress\/ -->\n<title>Sprijin na\u021bional pentru doliu - Ockenden Review<\/title>\n<meta name=\"robots\" content=\"index, follow, max-snippet:-1, max-image-preview:large, max-video-preview:-1\" \/>\n<link rel=\"canonical\" href=\"https:\/\/www.ockendenmaternityreview.org.uk\/ro\/sprijin-national-pentru-doliu\/\" \/>\n<meta property=\"og:locale\" content=\"ro_RO\" \/>\n<meta property=\"og:type\" content=\"article\" \/>\n<meta property=\"og:title\" content=\"Sprijin na\u021bional pentru doliu - Ockenden Review\" \/>\n<meta property=\"og:url\" content=\"https:\/\/www.ockendenmaternityreview.org.uk\/ro\/sprijin-national-pentru-doliu\/\" \/>\n<meta property=\"og:site_name\" content=\"Ockenden Review\" \/>\n<meta property=\"article:publisher\" content=\"https:\/\/www.facebook.com\/ockendenmaternityreview?mibextid=wwXIfr\" \/>\n<meta property=\"article:modified_time\" content=\"2026-03-24T14:08:26+00:00\" \/>\n<meta name=\"twitter:card\" content=\"summary_large_image\" \/>\n<meta name=\"twitter:site\" content=\"@ockreview\" \/>\n<script type=\"application\/ld+json\" class=\"yoast-schema-graph\">{\"@context\":\"https:\/\/schema.org\",\"@graph\":[{\"@type\":\"WebPage\",\"@id\":\"https:\/\/www.ockendenmaternityreview.org.uk\/ro\/sprijin-national-pentru-doliu\/\",\"url\":\"https:\/\/www.ockendenmaternityreview.org.uk\/ro\/sprijin-national-pentru-doliu\/\",\"name\":\"Sprijin na\u021bional pentru doliu - Ockenden Review\",\"isPartOf\":{\"@id\":\"https:\/\/www.ockendenmaternityreview.org.uk\/pa\/#website\"},\"datePublished\":\"2026-01-08T16:35:21+00:00\",\"dateModified\":\"2026-03-24T14:08:26+00:00\",\"breadcrumb\":{\"@id\":\"https:\/\/www.ockendenmaternityreview.org.uk\/ro\/sprijin-national-pentru-doliu\/#breadcrumb\"},\"inLanguage\":\"ro-RO\",\"potentialAction\":[{\"@type\":\"ReadAction\",\"target\":[\"https:\/\/www.ockendenmaternityreview.org.uk\/ro\/sprijin-national-pentru-doliu\/\"]}]},{\"@type\":\"BreadcrumbList\",\"@id\":\"https:\/\/www.ockendenmaternityreview.org.uk\/ro\/sprijin-national-pentru-doliu\/#breadcrumb\",\"itemListElement\":[{\"@type\":\"ListItem\",\"position\":1,\"name\":\"Home\",\"item\":\"https:\/\/www.ockendenmaternityreview.org.uk\/ro\/\"},{\"@type\":\"ListItem\",\"position\":2,\"name\":\"Sprijin na\u021bional pentru doliu\"}]},{\"@type\":\"WebSite\",\"@id\":\"https:\/\/www.ockendenmaternityreview.org.uk\/pa\/#website\",\"url\":\"https:\/\/www.ockendenmaternityreview.org.uk\/pa\/\",\"name\":\"Ockenden Review\",\"description\":\"\",\"potentialAction\":[{\"@type\":\"SearchAction\",\"target\":{\"@type\":\"EntryPoint\",\"urlTemplate\":\"https:\/\/www.ockendenmaternityreview.org.uk\/pa\/?s={search_term_string}\"},\"query-input\":{\"@type\":\"PropertyValueSpecification\",\"valueRequired\":true,\"valueName\":\"search_term_string\"}}],\"inLanguage\":\"ro-RO\"}]}<\/script>\n<!-- \/ Yoast SEO plugin. -->","yoast_head_json":{"title":"Sprijin na\u021bional pentru doliu - Ockenden Review","robots":{"index":"index","follow":"follow","max-snippet":"max-snippet:-1","max-image-preview":"max-image-preview:large","max-video-preview":"max-video-preview:-1"},"canonical":"https:\/\/www.ockendenmaternityreview.org.uk\/ro\/sprijin-national-pentru-doliu\/","og_locale":"ro_RO","og_type":"article","og_title":"Sprijin na\u021bional pentru doliu - Ockenden Review","og_url":"https:\/\/www.ockendenmaternityreview.org.uk\/ro\/sprijin-national-pentru-doliu\/","og_site_name":"Ockenden Review","article_publisher":"https:\/\/www.facebook.com\/ockendenmaternityreview?mibextid=wwXIfr","article_modified_time":"2026-03-24T14:08:26+00:00","twitter_card":"summary_large_image","twitter_site":"@ockreview","schema":{"@context":"https:\/\/schema.org","@graph":[{"@type":"WebPage","@id":"https:\/\/www.ockendenmaternityreview.org.uk\/ro\/sprijin-national-pentru-doliu\/","url":"https:\/\/www.ockendenmaternityreview.org.uk\/ro\/sprijin-national-pentru-doliu\/","name":"Sprijin na\u021bional pentru doliu - Ockenden Review","isPartOf":{"@id":"https:\/\/www.ockendenmaternityreview.org.uk\/pa\/#website"},"datePublished":"2026-01-08T16:35:21+00:00","dateModified":"2026-03-24T14:08:26+00:00","breadcrumb":{"@id":"https:\/\/www.ockendenmaternityreview.org.uk\/ro\/sprijin-national-pentru-doliu\/#breadcrumb"},"inLanguage":"ro-RO","potentialAction":[{"@type":"ReadAction","target":["https:\/\/www.ockendenmaternityreview.org.uk\/ro\/sprijin-national-pentru-doliu\/"]}]},{"@type":"BreadcrumbList","@id":"https:\/\/www.ockendenmaternityreview.org.uk\/ro\/sprijin-national-pentru-doliu\/#breadcrumb","itemListElement":[{"@type":"ListItem","position":1,"name":"Home","item":"https:\/\/www.ockendenmaternityreview.org.uk\/ro\/"},{"@type":"ListItem","position":2,"name":"Sprijin na\u021bional pentru doliu"}]},{"@type":"WebSite","@id":"https:\/\/www.ockendenmaternityreview.org.uk\/pa\/#website","url":"https:\/\/www.ockendenmaternityreview.org.uk\/pa\/","name":"Ockenden Review","description":"","potentialAction":[{"@type":"SearchAction","target":{"@type":"EntryPoint","urlTemplate":"https:\/\/www.ockendenmaternityreview.org.uk\/pa\/?s={search_term_string}"},"query-input":{"@type":"PropertyValueSpecification","valueRequired":true,"valueName":"search_term_string"}}],"inLanguage":"ro-RO"}]}},"_links":{"self":[{"href":"https:\/\/www.ockendenmaternityreview.org.uk\/ro\/wp-json\/wp\/v2\/pages\/11071","targetHints":{"allow":["GET"]}}],"collection":[{"href":"https:\/\/www.ockendenmaternityreview.org.uk\/ro\/wp-json\/wp\/v2\/pages"}],"about":[{"href":"https:\/\/www.ockendenmaternityreview.org.uk\/ro\/wp-json\/wp\/v2\/types\/page"}],"author":[{"embeddable":true,"href":"https:\/\/www.ockendenmaternityreview.org.uk\/ro\/wp-json\/wp\/v2\/users\/1"}],"replies":[{"embeddable":true,"href":"https:\/\/www.ockendenmaternityreview.org.uk\/ro\/wp-json\/wp\/v2\/comments?post=11071"}],"version-history":[{"count":0,"href":"https:\/\/www.ockendenmaternityreview.org.uk\/ro\/wp-json\/wp\/v2\/pages\/11071\/revisions"}],"wp:attachment":[{"href":"https:\/\/www.ockendenmaternityreview.org.uk\/ro\/wp-json\/wp\/v2\/media?parent=11071"}],"curies":[{"name":"wp","href":"https:\/\/api.w.org\/{rel}","templated":true}]}}