{"id":11092,"date":"2026-01-08T16:35:37","date_gmt":"2026-01-08T16:35:37","guid":{"rendered":"https:\/\/ockendenmatdev.wpenginepowered.com\/sprijin-national-pentru-frati\/"},"modified":"2026-03-24T14:08:28","modified_gmt":"2026-03-24T14:08:28","slug":"sprijin-national-pentru-frati","status":"publish","type":"page","link":"https:\/\/www.ockendenmaternityreview.org.uk\/ro\/sprijin-national-pentru-frati\/","title":{"rendered":"Sprijin na\u021bional pentru fra\u021bi"},"content":{"rendered":"\n<div class=\"wp-block-query support-groups is-layout-flow wp-block-query-is-layout-flow\"><ul class=\"wp-block-post-template is-layout-grid wp-container-core-post-template-is-layout-763cd4b6 wp-block-post-template-is-layout-grid\"><li class=\"wp-block-post post-261 support-group type-support-group status-publish has-post-thumbnail hentry support-grouping-national-sibling-support\">\n<figure class=\"wp-block-post-featured-image\"><img loading=\"lazy\" decoding=\"async\" width=\"300\" height=\"123\" src=\"https:\/\/www.ockendenmaternityreview.org.uk\/wp-content\/uploads\/2026\/03\/Sibling-Support-300x123-1.jpg\" class=\"attachment-post-thumbnail size-post-thumbnail wp-post-image\" alt=\"\" style=\"object-fit:cover;\" \/><\/figure>\n\n<h2 class=\"wp-block-post-title\">Sibling Support<\/h2>\n\n<div class=\"entry-content wp-block-post-content is-layout-flow wp-block-post-content-is-layout-flow\">\n<p>Website created by bereaved siblings, filled with advice, support and explanations for bereaved siblings and those who support them. They offer a range of free resources that can be ordered directly from their website.<\/p>\n\n\n\n<ul class=\"wp-block-list\">\n<li><a href=\"mailto:hello@siblingsupport.co.uk\">hello@siblingsupport.co.uk<\/a><\/li>\n\n\n\n<li><a href=\"https:\/\/www.siblingsupport.co.uk\/\">https:\/\/www.siblingsupport.co.uk<\/a>\u00a0<\/li>\n\n\n\n<li>0800 102 6175, this is a support line specifically for bereaved siblings and those who support them. It is facilitated by bereavement specialists from Child Bereavement UK.\u00a0<\/li>\n<\/ul>\n<\/div>\n<\/li><li class=\"wp-block-post post-260 support-group type-support-group status-publish hentry support-grouping-national-sibling-support\">\n\n\n<h2 class=\"wp-block-post-title\">The Lone Twin Network<\/h2>\n\n<div class=\"entry-content wp-block-post-content is-layout-flow wp-block-post-content-is-layout-flow\">\n<p>Support network run by and for lone twins, whose loss has occurred at or around birth, in childhood or during adulthood. They ask for a voluntary annual membership to help cover costs. Offers meetings and personal contact in a friendly and comfortable environment in which to talk openly and honestly about how it feels to be without your twin.<\/p>\n\n\n\n<ul class=\"wp-block-list\">\n<li><a href=\"https:\/\/lonetwinnetwork.org.uk\/about\/%C2%A0\">https:\/\/lonetwinnetwork.org.uk\/about\/\u00a0<\/a><\/li>\n<\/ul>\n<\/div>\n<\/li><li class=\"wp-block-post post-12964 support-group type-support-group status-publish hentry support-grouping-for-fathers support-grouping-national-baby-loss-organisations support-grouping-national-bereavement-support support-grouping-national-sibling-support\">\n\n\n<h2 class=\"wp-block-post-title\">Doliu pentru copii Marea Britanie<\/h2>\n\n<div class=\"entry-content wp-block-post-content is-layout-flow wp-block-post-content-is-layout-flow\">\n<p>Child Bereavement UK ajut\u0103 copiii, p\u0103rin\u021bii \u0219i familiile s\u0103-\u0219i reconstruiasc\u0103 via\u021ba atunci c\u00e2nd un copil sufer\u0103 sau c\u00e2nd un copil moare. Sprijinim copiii \u0219i tinerii cu v\u00e2rsta de p\u00e2n\u0103 la 25 de ani care se confrunt\u0103 cu doliu \u0219i orice persoan\u0103 afectat\u0103 de moartea unui copil de orice v\u00e2rst\u0103. <\/p>\n\n<p>Oferim instruire profesioni\u0219tilor din domeniul s\u0103n\u0103t\u0103\u021bii \u0219i asisten\u021bei sociale, educa\u021biei \u0219i sectoarelor voluntare \u0219i corporative, echip\u00e2ndu-i pentru a oferi cea mai bun\u0103 \u00eengrijire posibil\u0103 familiilor \u00eendoliate.<\/p>\n\n<ul class=\"wp-block-list\">\n<li>0800 02 888 40  <\/li>\n\n\n\n<li><a href=\"mailto:support@childbereavementuk.org\">support@childbereavementuk.org<\/a><\/li>\n\n\n\n<li><a href=\"https:\/\/www.childbereavementuk.org\">https:\/\/www.childbereavementuk.org<\/a><\/li>\n<\/ul>\n<\/div>\n<\/li><\/ul>\n\n\n\n<\/div>\n","protected":false},"excerpt":{"rendered":"","protected":false},"author":1,"featured_media":0,"parent":0,"menu_order":0,"comment_status":"closed","ping_status":"closed","template":"page-support-groups.blade.php","meta":{"_acf_changed":false,"footnotes":""},"class_list":["post-11092","page","type-page","status-publish","hentry"],"acf":[],"yoast_head":"<!-- This site is optimized with the Yoast SEO plugin v27.2 - https:\/\/yoast.com\/product\/yoast-seo-wordpress\/ -->\n<title>Sprijin na\u021bional pentru fra\u021bi - Ockenden Review<\/title>\n<meta name=\"robots\" content=\"index, follow, max-snippet:-1, max-image-preview:large, max-video-preview:-1\" \/>\n<link rel=\"canonical\" href=\"https:\/\/www.ockendenmaternityreview.org.uk\/ro\/sprijin-national-pentru-frati\/\" \/>\n<meta property=\"og:locale\" content=\"ro_RO\" \/>\n<meta property=\"og:type\" content=\"article\" \/>\n<meta property=\"og:title\" content=\"Sprijin na\u021bional pentru fra\u021bi - Ockenden Review\" \/>\n<meta property=\"og:url\" content=\"https:\/\/www.ockendenmaternityreview.org.uk\/ro\/sprijin-national-pentru-frati\/\" \/>\n<meta property=\"og:site_name\" content=\"Ockenden Review\" \/>\n<meta property=\"article:publisher\" content=\"https:\/\/www.facebook.com\/ockendenmaternityreview?mibextid=wwXIfr\" \/>\n<meta property=\"article:modified_time\" content=\"2026-03-24T14:08:28+00:00\" \/>\n<meta name=\"twitter:card\" content=\"summary_large_image\" \/>\n<meta name=\"twitter:site\" content=\"@ockreview\" \/>\n<script type=\"application\/ld+json\" class=\"yoast-schema-graph\">{\"@context\":\"https:\/\/schema.org\",\"@graph\":[{\"@type\":\"WebPage\",\"@id\":\"https:\/\/www.ockendenmaternityreview.org.uk\/ro\/sprijin-national-pentru-frati\/\",\"url\":\"https:\/\/www.ockendenmaternityreview.org.uk\/ro\/sprijin-national-pentru-frati\/\",\"name\":\"Sprijin na\u021bional pentru fra\u021bi - Ockenden Review\",\"isPartOf\":{\"@id\":\"https:\/\/www.ockendenmaternityreview.org.uk\/fa\/#website\"},\"datePublished\":\"2026-01-08T16:35:37+00:00\",\"dateModified\":\"2026-03-24T14:08:28+00:00\",\"breadcrumb\":{\"@id\":\"https:\/\/www.ockendenmaternityreview.org.uk\/ro\/sprijin-national-pentru-frati\/#breadcrumb\"},\"inLanguage\":\"ro-RO\",\"potentialAction\":[{\"@type\":\"ReadAction\",\"target\":[\"https:\/\/www.ockendenmaternityreview.org.uk\/ro\/sprijin-national-pentru-frati\/\"]}]},{\"@type\":\"BreadcrumbList\",\"@id\":\"https:\/\/www.ockendenmaternityreview.org.uk\/ro\/sprijin-national-pentru-frati\/#breadcrumb\",\"itemListElement\":[{\"@type\":\"ListItem\",\"position\":1,\"name\":\"Home\",\"item\":\"https:\/\/www.ockendenmaternityreview.org.uk\/ro\/\"},{\"@type\":\"ListItem\",\"position\":2,\"name\":\"Sprijin na\u021bional pentru fra\u021bi\"}]},{\"@type\":\"WebSite\",\"@id\":\"https:\/\/www.ockendenmaternityreview.org.uk\/fa\/#website\",\"url\":\"https:\/\/www.ockendenmaternityreview.org.uk\/fa\/\",\"name\":\"Ockenden Review\",\"description\":\"\",\"potentialAction\":[{\"@type\":\"SearchAction\",\"target\":{\"@type\":\"EntryPoint\",\"urlTemplate\":\"https:\/\/www.ockendenmaternityreview.org.uk\/fa\/?s={search_term_string}\"},\"query-input\":{\"@type\":\"PropertyValueSpecification\",\"valueRequired\":true,\"valueName\":\"search_term_string\"}}],\"inLanguage\":\"ro-RO\"}]}<\/script>\n<!-- \/ Yoast SEO plugin. -->","yoast_head_json":{"title":"Sprijin na\u021bional pentru fra\u021bi - Ockenden Review","robots":{"index":"index","follow":"follow","max-snippet":"max-snippet:-1","max-image-preview":"max-image-preview:large","max-video-preview":"max-video-preview:-1"},"canonical":"https:\/\/www.ockendenmaternityreview.org.uk\/ro\/sprijin-national-pentru-frati\/","og_locale":"ro_RO","og_type":"article","og_title":"Sprijin na\u021bional pentru fra\u021bi - Ockenden Review","og_url":"https:\/\/www.ockendenmaternityreview.org.uk\/ro\/sprijin-national-pentru-frati\/","og_site_name":"Ockenden Review","article_publisher":"https:\/\/www.facebook.com\/ockendenmaternityreview?mibextid=wwXIfr","article_modified_time":"2026-03-24T14:08:28+00:00","twitter_card":"summary_large_image","twitter_site":"@ockreview","schema":{"@context":"https:\/\/schema.org","@graph":[{"@type":"WebPage","@id":"https:\/\/www.ockendenmaternityreview.org.uk\/ro\/sprijin-national-pentru-frati\/","url":"https:\/\/www.ockendenmaternityreview.org.uk\/ro\/sprijin-national-pentru-frati\/","name":"Sprijin na\u021bional pentru fra\u021bi - Ockenden Review","isPartOf":{"@id":"https:\/\/www.ockendenmaternityreview.org.uk\/fa\/#website"},"datePublished":"2026-01-08T16:35:37+00:00","dateModified":"2026-03-24T14:08:28+00:00","breadcrumb":{"@id":"https:\/\/www.ockendenmaternityreview.org.uk\/ro\/sprijin-national-pentru-frati\/#breadcrumb"},"inLanguage":"ro-RO","potentialAction":[{"@type":"ReadAction","target":["https:\/\/www.ockendenmaternityreview.org.uk\/ro\/sprijin-national-pentru-frati\/"]}]},{"@type":"BreadcrumbList","@id":"https:\/\/www.ockendenmaternityreview.org.uk\/ro\/sprijin-national-pentru-frati\/#breadcrumb","itemListElement":[{"@type":"ListItem","position":1,"name":"Home","item":"https:\/\/www.ockendenmaternityreview.org.uk\/ro\/"},{"@type":"ListItem","position":2,"name":"Sprijin na\u021bional pentru fra\u021bi"}]},{"@type":"WebSite","@id":"https:\/\/www.ockendenmaternityreview.org.uk\/fa\/#website","url":"https:\/\/www.ockendenmaternityreview.org.uk\/fa\/","name":"Ockenden Review","description":"","potentialAction":[{"@type":"SearchAction","target":{"@type":"EntryPoint","urlTemplate":"https:\/\/www.ockendenmaternityreview.org.uk\/fa\/?s={search_term_string}"},"query-input":{"@type":"PropertyValueSpecification","valueRequired":true,"valueName":"search_term_string"}}],"inLanguage":"ro-RO"}]}},"_links":{"self":[{"href":"https:\/\/www.ockendenmaternityreview.org.uk\/ro\/wp-json\/wp\/v2\/pages\/11092","targetHints":{"allow":["GET"]}}],"collection":[{"href":"https:\/\/www.ockendenmaternityreview.org.uk\/ro\/wp-json\/wp\/v2\/pages"}],"about":[{"href":"https:\/\/www.ockendenmaternityreview.org.uk\/ro\/wp-json\/wp\/v2\/types\/page"}],"author":[{"embeddable":true,"href":"https:\/\/www.ockendenmaternityreview.org.uk\/ro\/wp-json\/wp\/v2\/users\/1"}],"replies":[{"embeddable":true,"href":"https:\/\/www.ockendenmaternityreview.org.uk\/ro\/wp-json\/wp\/v2\/comments?post=11092"}],"version-history":[{"count":0,"href":"https:\/\/www.ockendenmaternityreview.org.uk\/ro\/wp-json\/wp\/v2\/pages\/11092\/revisions"}],"wp:attachment":[{"href":"https:\/\/www.ockendenmaternityreview.org.uk\/ro\/wp-json\/wp\/v2\/media?parent=11092"}],"curies":[{"name":"wp","href":"https:\/\/api.w.org\/{rel}","templated":true}]}}