{"id":11099,"date":"2026-01-08T16:36:26","date_gmt":"2026-01-08T16:36:26","guid":{"rendered":"https:\/\/ockendenmatdev.wpenginepowered.com\/organizatiile-nationale-pentru-pierderea-copilului\/"},"modified":"2026-03-24T14:08:28","modified_gmt":"2026-03-24T14:08:28","slug":"organizatiile-nationale-pentru-pierderea-copilului","status":"publish","type":"page","link":"https:\/\/www.ockendenmaternityreview.org.uk\/ro\/organizatiile-nationale-pentru-pierderea-copilului\/","title":{"rendered":"Organiza\u021biile na\u021bionale pentru pierderea copilului"},"content":{"rendered":"\n<div class=\"wp-block-query support-groups is-layout-flow wp-block-query-is-layout-flow\"><ul class=\"wp-block-post-template is-layout-grid wp-container-core-post-template-is-layout-763cd4b6 wp-block-post-template-is-layout-grid\"><li class=\"wp-block-post post-13162 support-group type-support-group status-publish has-post-thumbnail hentry support-grouping-national-baby-loss-organisations\">\n<figure class=\"wp-block-post-featured-image\"><img loading=\"lazy\" decoding=\"async\" width=\"300\" height=\"180\" src=\"https:\/\/www.ockendenmaternityreview.org.uk\/wp-content\/uploads\/2026\/03\/WW-Anton-Textured-Logo-Black-Coral-RGB-Tagline-300x180-1.png\" class=\"attachment-post-thumbnail size-post-thumbnail wp-post-image\" alt=\"\" style=\"object-fit:cover;\" \/><\/figure>\n\n<h2 class=\"wp-block-post-title\">Dorin\u021ba lui Winston<\/h2>\n\n\n<\/li><li class=\"wp-block-post post-13128 support-group type-support-group status-publish has-post-thumbnail hentry support-grouping-national-baby-loss-organisations\">\n<figure class=\"wp-block-post-featured-image\"><img loading=\"lazy\" decoding=\"async\" width=\"300\" height=\"172\" src=\"https:\/\/www.ockendenmaternityreview.org.uk\/wp-content\/uploads\/2026\/03\/Twins_Trust_Logo_Navy_RGB-300x172-1.jpg\" class=\"attachment-post-thumbnail size-post-thumbnail wp-post-image\" alt=\"\" style=\"object-fit:cover;\" \/><\/figure>\n\n<h2 class=\"wp-block-post-title\">Twins Trust<\/h2>\n\n<div class=\"entry-content wp-block-post-content is-layout-flow wp-block-post-content-is-layout-flow\">\n<p>Organiza\u021bie caritabil\u0103 din Marea Britanie dedicat\u0103 \u00eembun\u0103t\u0103\u021birii vie\u021bii a mii de familii cu gemeni, triple\u021bi sau multipli mai mari. Ofer\u0103 un grup de sprijin pentru doliu pentru p\u0103rin\u021bii care au pierdut un copil. <\/p>\n\n<ul class=\"wp-block-list\">\n<li>  01252 332344<\/li>\n\n\n\n<li><a href=\"mailto:enquiries@twinstrust.org\">enquiries@twinstrust.org<\/a> <\/li>\n\n\n\n<li><a href=\"https:\/\/twinstrust.org\/\">https:\/\/twinstrust.org\/<\/a> <\/li>\n<\/ul>\n<\/div>\n<\/li><li class=\"wp-block-post post-13121 support-group type-support-group status-publish hentry support-grouping-national-baby-loss-organisations\">\n\n\n<h2 class=\"wp-block-post-title\">Tommy&#8217;s<\/h2>\n\n<div class=\"entry-content wp-block-post-content is-layout-flow wp-block-post-content-is-layout-flow\">\n<p>Tommy&#8217;s este cea mai mare organiza\u021bie caritabil\u0103 din Marea Britanie care finan\u021beaz\u0103 cercetarea cauzelor avortului spontan, na\u0219terii unui copil mort \u0219i na\u0219terii premature. Ele ofer\u0103, de asemenea, informa\u021bii pentru viitorii p\u0103rin\u021bi pentru a-i ajuta s\u0103 aib\u0103 o sarcin\u0103 \u0219i un copil s\u0103n\u0103tos. <\/p>\n\n<ul class=\"wp-block-list\">\n<li>0800 0147 800<\/li>\n\n\n\n<li><a href=\"mailto:mailbox@tommys.org\">mailbox@tommys.org<\/a><\/li>\n\n\n\n<li><a href=\"https:\/\/www.tommys.org\/\">https:\/\/www.tommys.org<\/a> <\/li>\n<\/ul>\n<\/div>\n<\/li><li class=\"wp-block-post post-13106 support-group type-support-group status-publish has-post-thumbnail hentry support-grouping-national-baby-loss-organisations\">\n<figure class=\"wp-block-post-featured-image\"><img loading=\"lazy\" decoding=\"async\" width=\"300\" height=\"150\" src=\"https:\/\/www.ockendenmaternityreview.org.uk\/wp-content\/uploads\/2026\/03\/SCDT-logo-2023-PDF-300x150-1.jpg\" class=\"attachment-post-thumbnail size-post-thumbnail wp-post-image\" alt=\"\" style=\"object-fit:cover;\" \/><\/figure>\n\n<h2 class=\"wp-block-post-title\">Scottish Cot Death Trust<\/h2>\n\n<div class=\"entry-content wp-block-post-content is-layout-flow wp-block-post-content-is-layout-flow\">\n<p>Sprijinul \u00een caz de doliu este disponibil pentru orice familie afectat\u0103 de moartea subit\u0103 \u0219i nea\u0219teptat\u0103 a unui bebelu\u0219 sau copil mic. Acestea sprijin\u0103 cercetarea pentru a avansa \u00een \u00een\u021belegerea mor\u021bii subite a sugarului \u0219i pentru a informa mesajele de sensibilizare. De asemenea, ofer\u0103 formare cu privire la modalit\u0103\u021bile de reducere a riscurilor de moarte subit\u0103 a sugarului \u0219i de \u00eembun\u0103t\u0103\u021bire a \u00eengrijirii familiilor \u00eendurerate.  <\/p>\n\n<ul class=\"wp-block-list\">\n<li><strong>Telefon<\/strong> 0141 357 3946<\/li>\n\n\n\n<li><strong>Email<\/strong> <a href=\"mailto:contact@scottishcotdeathtrust.org\">contact@scottishcotdeathtrust.org<\/a> <\/li>\n\n\n\n<li><strong>Site web<\/strong> <a href=\"https:\/\/scottishcotdeathtrust.org\/\">https:\/\/scottishcotdeathtrust.org\/<\/a> <\/li>\n<\/ul>\n<\/div>\n<\/li><li class=\"wp-block-post post-13090 support-group type-support-group status-publish has-post-thumbnail hentry support-grouping-national-baby-loss-organisations\">\n<figure class=\"wp-block-post-featured-image\"><img loading=\"lazy\" decoding=\"async\" width=\"300\" height=\"182\" src=\"https:\/\/www.ockendenmaternityreview.org.uk\/wp-content\/uploads\/2026\/03\/Petals-logo-Sept-2020-on-white-300x182-1.png\" class=\"attachment-post-thumbnail size-post-thumbnail wp-post-image\" alt=\"\" style=\"object-fit:cover;\" \/><\/figure>\n\n<h2 class=\"wp-block-post-title\">Petale<\/h2>\n\n<div class=\"entry-content wp-block-post-content is-layout-flow wp-block-post-content-is-layout-flow\">\n<p>Petals este organiza\u021bia caritabil\u0103 de consiliere pentru pierderea copilului. Aceasta ofer\u0103 consiliere specializat\u0103 gratuit\u0103 pentru a sprijini s\u0103n\u0103tatea mintal\u0103 a femeilor, b\u0103rba\u021bilor \u0219i cuplurilor care trec prin experien\u021ba devastatoare a sarcinii sau a pierderii unui copil. Consilierii lor califica\u021bi ofer\u0103 un spa\u021biu sigur pentru a ghida p\u0103rin\u021bii \u00eendurera\u021bi prin durerea \u0219i trauma experien\u021belor lor devastatoare c\u0103tre un loc de reconciliere \u0219i speran\u021b\u0103 pentru viitor. Pute\u021bi afla mai multe despre accesarea serviciilor de consiliere Petals pe site-ul lor.     <\/p>\n\n<ul class=\"wp-block-list\">\n<li>0300 688 0068<\/li>\n\n\n\n<li><a href=\"mailto:counselling@petalscharity.org\">counselling@petalscharity.org<\/a><\/li>\n\n\n\n<li><a href=\"https:\/\/petalscharity.org\/\">https:\/\/petalscharity.org<\/a> <\/li>\n<\/ul>\n<\/div>\n<\/li><li class=\"wp-block-post post-13072 support-group type-support-group status-publish has-post-thumbnail hentry support-grouping-for-fathers support-grouping-national-baby-loss-organisations\">\n<figure class=\"wp-block-post-featured-image\"><img loading=\"lazy\" decoding=\"async\" width=\"300\" height=\"140\" src=\"https:\/\/www.ockendenmaternityreview.org.uk\/wp-content\/uploads\/2026\/03\/SandsLogo_Strap_RGB_FullColour-300x140-1.jpg\" class=\"attachment-post-thumbnail size-post-thumbnail wp-post-image\" alt=\"\" style=\"object-fit:cover;\" \/><\/figure>\n\n<h2 class=\"wp-block-post-title\">Sands, organiza\u021bia caritabil\u0103 pentru na\u0219terea unui copil mort \u0219i moartea neonatal\u0103<\/h2>\n\n\n<\/li><li class=\"wp-block-post post-13042 support-group type-support-group status-publish hentry support-grouping-national-baby-loss-organisations\">\n\n\n<h2 class=\"wp-block-post-title\">Trustul Mariposa<\/h2>\n\n<div class=\"entry-content wp-block-post-content is-layout-flow wp-block-post-content-is-layout-flow\">\n<p>Mariposa Trust lucreaz\u0103 pentru a sprijini pe oricine a suferit pierderea unui copil, \u00een orice stadiu al sarcinii, la na\u0219tere sau \u00een copil\u0103rie, indiferent dac\u0103 pierderea este recent\u0103 sau istoric\u0103. Organiza\u021bia de caritate ofer\u0103 o serie de op\u021biuni de sprijin, cum ar fi \u00eemprietenirea \u0219i informarea, precum \u0219i servicii globale de amintire numite serviciile &#8222;Spun\u00e2nd la revedere&#8221;. <\/p>\n\n<ul class=\"wp-block-list\">\n<li>0300 323 1350<\/li>\n\n\n\n<li><a href=\"mailto:office@sayinggoodbye.org\">office@sayinggoodbye.org<\/a><\/li>\n\n\n\n<li><a href=\"http:\/\/www.sayinggoodbye.org\/\">www.sayinggoodbye.org<\/a><\/li>\n<\/ul>\n<\/div>\n<\/li><li class=\"wp-block-post post-13027 support-group type-support-group status-publish has-post-thumbnail hentry support-grouping-national-baby-loss-organisations\">\n<figure class=\"wp-block-post-featured-image\"><img loading=\"lazy\" decoding=\"async\" width=\"141\" height=\"141\" src=\"https:\/\/www.ockendenmaternityreview.org.uk\/wp-content\/uploads\/2026\/03\/Lullaby-Trust-Logo.png\" class=\"attachment-post-thumbnail size-post-thumbnail wp-post-image\" alt=\"\" style=\"object-fit:cover;\" \/><\/figure>\n\n<h2 class=\"wp-block-post-title\">Trustul Lullaby<\/h2>\n\n\n<\/li><li class=\"wp-block-post post-13014 support-group type-support-group status-publish hentry support-grouping-national-baby-loss-organisations\">\n\n\n<h2 class=\"wp-block-post-title\">Funda\u021bia Lily Mae<\/h2>\n\n<div class=\"entry-content wp-block-post-content is-layout-flow wp-block-post-content-is-layout-flow\">\n<p>Sprijin\u0103 p\u0103rin\u021bii \u0219i familiile care au pierdut un copil din cauza na\u0219terii unui copil mort sau a mor\u021bii neonatale \u0219i cre\u0219te gradul de con\u0219tientizare a impactului devastator al na\u0219terii unui copil mort \u0219i al decesului neonatal.<\/p>\n\n<ul class=\"wp-block-list\">\n<li>01676 535716<\/li>\n\n\n\n<li><a href=\"mailto:BLSS@lilymaefoundation.org\">BLSS@lilymaefoundation.org<\/a> <\/li>\n\n\n\n<li><a href=\"https:\/\/www.lilymaefoundation.org\/\">https:\/\/www.lilymaefoundation.org<\/a> <\/li>\n<\/ul>\n<\/div>\n<\/li><li class=\"wp-block-post post-13003 support-group type-support-group status-publish hentry support-grouping-national-baby-loss-organisations\">\n\n\n<h2 class=\"wp-block-post-title\">Via\u021ba dup\u0103 pierdere<\/h2>\n\n\n<\/li><li class=\"wp-block-post post-12989 support-group type-support-group status-publish has-post-thumbnail hentry support-grouping-national-baby-loss-organisations\">\n<figure class=\"wp-block-post-featured-image\"><img loading=\"lazy\" decoding=\"async\" width=\"300\" height=\"300\" src=\"https:\/\/www.ockendenmaternityreview.org.uk\/wp-content\/uploads\/2026\/03\/Child-Death-Helpline-logo-300x300-1.jpg\" class=\"attachment-post-thumbnail size-post-thumbnail wp-post-image\" alt=\"\" style=\"object-fit:cover;\" srcset=\"https:\/\/www.ockendenmaternityreview.org.uk\/wp-content\/uploads\/2026\/03\/Child-Death-Helpline-logo-300x300-1.jpg 300w, https:\/\/www.ockendenmaternityreview.org.uk\/wp-content\/uploads\/2026\/03\/Child-Death-Helpline-logo-300x300-1-150x150.jpg 150w\" sizes=\"auto, (max-width: 300px) 100vw, 300px\" \/><\/figure>\n\n<h2 class=\"wp-block-post-title\">Linia telefonic\u0103 de asisten\u021b\u0103 pentru decesul copilului<\/h2>\n\n<div class=\"entry-content wp-block-post-content is-layout-flow wp-block-post-content-is-layout-flow\">\n<p>Linia de asisten\u021b\u0103 ofer\u0103 sprijin oric\u0103rei persoane afectate de decesul unui copil de orice v\u00e2rst\u0103, de la na\u0219tere p\u00e2n\u0103 la adult, \u00een orice circumstan\u021be, recent sau cu mult timp \u00een urm\u0103.  <\/p>\n\n<p>Linia de asisten\u021b\u0103 este deservit\u0103 de voluntari. To\u021bi ace\u0219tia sunt p\u0103rin\u021bi \u00eendurera\u021bi, instrui\u021bi \u0219i sprijini\u021bi de personal profesionist. Este o oportunitate de a vorbi \u00een mod confiden\u021bial cu cineva care a trecut \u0219i el prin experien\u021ba mor\u021bii unui copil.    <\/p>\n\n<p>De asemenea, oferim sprijin profesioni\u0219tilor care au fost afecta\u021bi de moartea unui copil \u0219i putem oferi detalii despre serviciile din zonele locale.<\/p>\n\n<p><strong>Ore de deschidere:<\/strong><\/p>\n\n<ul class=\"wp-block-list\">\n<li>De luni p\u00e2n\u0103 vineri de la 10:00 la 13:00<\/li>\n\n\n\n<li>De luni p\u00e2n\u0103 duminic\u0103 de la 19:00 la 22:00<\/li>\n<\/ul>\n\n<p><strong>Detalii de contact:<\/strong><\/p>\n\n<ul class=\"wp-block-list\">\n<li><strong>Num\u0103rul de telefon al liniei de asisten\u021b\u0103<\/strong>: 0800 282 986<\/li>\n\n\n\n<li><strong>E-mail<\/strong>: <a href=\"mailto:contact@childdeathhelpline.org.uk\">contact@childdeathhelpline.org.uk<\/a><\/li>\n\n\n\n<li><strong>Site web<\/strong>: <a href=\"http:\/\/www.childdeathhelpline.org.uk\/\">www.childdeathhelpline.org.uk<\/a><\/li>\n<\/ul>\n<\/div>\n<\/li><li class=\"wp-block-post post-12964 support-group type-support-group status-publish hentry support-grouping-for-fathers support-grouping-national-baby-loss-organisations support-grouping-national-bereavement-support support-grouping-national-sibling-support\">\n\n\n<h2 class=\"wp-block-post-title\">Doliu pentru copii Marea Britanie<\/h2>\n\n<div class=\"entry-content wp-block-post-content is-layout-flow wp-block-post-content-is-layout-flow\">\n<p>Child Bereavement UK ajut\u0103 copiii, p\u0103rin\u021bii \u0219i familiile s\u0103-\u0219i reconstruiasc\u0103 via\u021ba atunci c\u00e2nd un copil sufer\u0103 sau c\u00e2nd un copil moare. Sprijinim copiii \u0219i tinerii cu v\u00e2rsta de p\u00e2n\u0103 la 25 de ani care se confrunt\u0103 cu doliu \u0219i orice persoan\u0103 afectat\u0103 de moartea unui copil de orice v\u00e2rst\u0103. <\/p>\n\n<p>Oferim instruire profesioni\u0219tilor din domeniul s\u0103n\u0103t\u0103\u021bii \u0219i asisten\u021bei sociale, educa\u021biei \u0219i sectoarelor voluntare \u0219i corporative, echip\u00e2ndu-i pentru a oferi cea mai bun\u0103 \u00eengrijire posibil\u0103 familiilor \u00eendoliate.<\/p>\n\n<ul class=\"wp-block-list\">\n<li>0800 02 888 40  <\/li>\n\n\n\n<li><a href=\"mailto:support@childbereavementuk.org\">support@childbereavementuk.org<\/a><\/li>\n\n\n\n<li><a href=\"https:\/\/www.childbereavementuk.org\">https:\/\/www.childbereavementuk.org<\/a><\/li>\n<\/ul>\n<\/div>\n<\/li><li class=\"wp-block-post post-12950 support-group type-support-group status-publish has-post-thumbnail hentry support-grouping-national-baby-loss-organisations\">\n<figure class=\"wp-block-post-featured-image\"><img loading=\"lazy\" decoding=\"async\" width=\"323\" height=\"74\" src=\"https:\/\/www.ockendenmaternityreview.org.uk\/wp-content\/uploads\/2026\/03\/Aching-arms-logo.png\" class=\"attachment-post-thumbnail size-post-thumbnail wp-post-image\" alt=\"\" style=\"object-fit:cover;\" srcset=\"https:\/\/www.ockendenmaternityreview.org.uk\/wp-content\/uploads\/2026\/03\/Aching-arms-logo.png 323w, https:\/\/www.ockendenmaternityreview.org.uk\/wp-content\/uploads\/2026\/03\/Aching-arms-logo-300x69.png 300w\" sizes=\"auto, (max-width: 323px) 100vw, 323px\" \/><\/figure>\n\n<h2 class=\"wp-block-post-title\">Dureri de bra\u021be<\/h2>\n\n\n<\/li><li class=\"wp-block-post post-13178 support-group type-support-group status-publish has-post-thumbnail hentry support-grouping-national-baby-loss-organisations\">\n<figure class=\"wp-block-post-featured-image\"><img loading=\"lazy\" decoding=\"async\" width=\"1024\" height=\"592\" src=\"https:\/\/www.ockendenmaternityreview.org.uk\/wp-content\/uploads\/2026\/01\/Footprints-baby-loss-FINAL-logo-15-1024x592-1.png\" class=\"attachment-post-thumbnail size-post-thumbnail wp-post-image\" alt=\"\" style=\"object-fit:cover;\" srcset=\"https:\/\/www.ockendenmaternityreview.org.uk\/wp-content\/uploads\/2026\/01\/Footprints-baby-loss-FINAL-logo-15-1024x592-1.png 1024w, https:\/\/www.ockendenmaternityreview.org.uk\/wp-content\/uploads\/2026\/01\/Footprints-baby-loss-FINAL-logo-15-1024x592-1-300x173.png 300w, https:\/\/www.ockendenmaternityreview.org.uk\/wp-content\/uploads\/2026\/01\/Footprints-baby-loss-FINAL-logo-15-1024x592-1-768x444.png 768w\" sizes=\"auto, (max-width: 1024px) 100vw, 1024px\" \/><\/figure>\n\n<h2 class=\"wp-block-post-title\">Footprints Baby Loss<\/h2>\n\n<div class=\"entry-content wp-block-post-content is-layout-flow wp-block-post-content-is-layout-flow\">\n<p>&#8222;Footprints Baby Loss&#8221; este o organiza\u021bie caritabil\u0103 care ofer\u0103 sprijin vital p\u0103rin\u021bilor \u0219i familiilor care se confrunt\u0103 cu moartea unuia sau mai multor gemeni sau triple\u021bi \u00eenainte, \u00een timpul sau dup\u0103 na\u0219tere.<br\/><br\/>&#8222;Suntem o organiza\u021bie caritabil\u0103 condus\u0103 de p\u0103rin\u021bi \u00eendolia\u021bi, pentru p\u0103rin\u021bi \u00eendolia\u021bi.<br\/><br\/>Sprijinul lor este oferit de cei care au avut o experien\u021b\u0103 direct\u0103 a pierderii de gemeni sau triple\u021bi. Ei \u00een\u021beleg valoarea de a avea un spa\u021biu sigur pentru a putea comunica cu cineva care a trecut prin ceva similar \u0219i ofer\u0103 o abordare bun\u0103, grijulie \u0219i incluziv\u0103 cu serviciile noastre de doliu. <br\/><br\/>Ace\u0219tia ofer\u0103 sprijin \u00een caz de doliu sub form\u0103 de prietenie, grupuri de sprijin online \u0219i un grup privat al comunit\u0103\u021bii online. Pute\u021bi afla mai multe detalii pe site-ul lor. <\/p>\n\n<p><strong>Cereri de informa\u021bii Email:<\/strong> <a href=\"mailto:enquiries@footprintsbabyloss.org\">enquiries@footprintsbabyloss.org<\/a><\/p>\n\n<p><strong>Email suport:<\/strong> <a href=\"mailto:support@footprintsbabyloss.org\">support@footprintsbabyloss.org<\/a><\/p>\n\n<p><strong>Website:<\/strong> <a href=\"http:\/\/www.footprintsbabyloss.org\/\" target=\"_blank\" rel=\"noreferrer noopener\">www.footprintsbabyloss.org<\/a><\/p>\n<\/div>\n<\/li><\/ul>\n\n\n\n<\/div>\n","protected":false},"excerpt":{"rendered":"","protected":false},"author":1,"featured_media":0,"parent":0,"menu_order":0,"comment_status":"closed","ping_status":"closed","template":"page-support-groups.blade.php","meta":{"_acf_changed":false,"footnotes":""},"class_list":["post-11099","page","type-page","status-publish","hentry"],"acf":[],"yoast_head":"<!-- This site is optimized with the Yoast SEO plugin v27.2 - https:\/\/yoast.com\/product\/yoast-seo-wordpress\/ -->\n<title>Organiza\u021biile na\u021bionale pentru pierderea copilului - Ockenden Review<\/title>\n<meta name=\"robots\" content=\"index, follow, max-snippet:-1, max-image-preview:large, max-video-preview:-1\" \/>\n<link rel=\"canonical\" href=\"https:\/\/www.ockendenmaternityreview.org.uk\/ro\/organizatiile-nationale-pentru-pierderea-copilului\/\" \/>\n<meta property=\"og:locale\" content=\"ro_RO\" \/>\n<meta property=\"og:type\" content=\"article\" \/>\n<meta property=\"og:title\" content=\"Organiza\u021biile na\u021bionale pentru pierderea copilului - Ockenden Review\" \/>\n<meta property=\"og:url\" content=\"https:\/\/www.ockendenmaternityreview.org.uk\/ro\/organizatiile-nationale-pentru-pierderea-copilului\/\" \/>\n<meta property=\"og:site_name\" content=\"Ockenden Review\" \/>\n<meta property=\"article:publisher\" content=\"https:\/\/www.facebook.com\/ockendenmaternityreview?mibextid=wwXIfr\" \/>\n<meta property=\"article:modified_time\" content=\"2026-03-24T14:08:28+00:00\" \/>\n<meta name=\"twitter:card\" content=\"summary_large_image\" \/>\n<meta name=\"twitter:site\" content=\"@ockreview\" \/>\n<script type=\"application\/ld+json\" class=\"yoast-schema-graph\">{\"@context\":\"https:\/\/schema.org\",\"@graph\":[{\"@type\":\"WebPage\",\"@id\":\"https:\/\/www.ockendenmaternityreview.org.uk\/ro\/organizatiile-nationale-pentru-pierderea-copilului\/\",\"url\":\"https:\/\/www.ockendenmaternityreview.org.uk\/ro\/organizatiile-nationale-pentru-pierderea-copilului\/\",\"name\":\"Organiza\u021biile na\u021bionale pentru pierderea copilului - Ockenden Review\",\"isPartOf\":{\"@id\":\"https:\/\/www.ockendenmaternityreview.org.uk\/fa\/#website\"},\"datePublished\":\"2026-01-08T16:36:26+00:00\",\"dateModified\":\"2026-03-24T14:08:28+00:00\",\"breadcrumb\":{\"@id\":\"https:\/\/www.ockendenmaternityreview.org.uk\/ro\/organizatiile-nationale-pentru-pierderea-copilului\/#breadcrumb\"},\"inLanguage\":\"ro-RO\",\"potentialAction\":[{\"@type\":\"ReadAction\",\"target\":[\"https:\/\/www.ockendenmaternityreview.org.uk\/ro\/organizatiile-nationale-pentru-pierderea-copilului\/\"]}]},{\"@type\":\"BreadcrumbList\",\"@id\":\"https:\/\/www.ockendenmaternityreview.org.uk\/ro\/organizatiile-nationale-pentru-pierderea-copilului\/#breadcrumb\",\"itemListElement\":[{\"@type\":\"ListItem\",\"position\":1,\"name\":\"Home\",\"item\":\"https:\/\/www.ockendenmaternityreview.org.uk\/ro\/\"},{\"@type\":\"ListItem\",\"position\":2,\"name\":\"Organiza\u021biile na\u021bionale pentru pierderea copilului\"}]},{\"@type\":\"WebSite\",\"@id\":\"https:\/\/www.ockendenmaternityreview.org.uk\/fa\/#website\",\"url\":\"https:\/\/www.ockendenmaternityreview.org.uk\/fa\/\",\"name\":\"Ockenden Review\",\"description\":\"\",\"potentialAction\":[{\"@type\":\"SearchAction\",\"target\":{\"@type\":\"EntryPoint\",\"urlTemplate\":\"https:\/\/www.ockendenmaternityreview.org.uk\/fa\/?s={search_term_string}\"},\"query-input\":{\"@type\":\"PropertyValueSpecification\",\"valueRequired\":true,\"valueName\":\"search_term_string\"}}],\"inLanguage\":\"ro-RO\"}]}<\/script>\n<!-- \/ Yoast SEO plugin. -->","yoast_head_json":{"title":"Organiza\u021biile na\u021bionale pentru pierderea copilului - Ockenden Review","robots":{"index":"index","follow":"follow","max-snippet":"max-snippet:-1","max-image-preview":"max-image-preview:large","max-video-preview":"max-video-preview:-1"},"canonical":"https:\/\/www.ockendenmaternityreview.org.uk\/ro\/organizatiile-nationale-pentru-pierderea-copilului\/","og_locale":"ro_RO","og_type":"article","og_title":"Organiza\u021biile na\u021bionale pentru pierderea copilului - Ockenden Review","og_url":"https:\/\/www.ockendenmaternityreview.org.uk\/ro\/organizatiile-nationale-pentru-pierderea-copilului\/","og_site_name":"Ockenden Review","article_publisher":"https:\/\/www.facebook.com\/ockendenmaternityreview?mibextid=wwXIfr","article_modified_time":"2026-03-24T14:08:28+00:00","twitter_card":"summary_large_image","twitter_site":"@ockreview","schema":{"@context":"https:\/\/schema.org","@graph":[{"@type":"WebPage","@id":"https:\/\/www.ockendenmaternityreview.org.uk\/ro\/organizatiile-nationale-pentru-pierderea-copilului\/","url":"https:\/\/www.ockendenmaternityreview.org.uk\/ro\/organizatiile-nationale-pentru-pierderea-copilului\/","name":"Organiza\u021biile na\u021bionale pentru pierderea copilului - Ockenden Review","isPartOf":{"@id":"https:\/\/www.ockendenmaternityreview.org.uk\/fa\/#website"},"datePublished":"2026-01-08T16:36:26+00:00","dateModified":"2026-03-24T14:08:28+00:00","breadcrumb":{"@id":"https:\/\/www.ockendenmaternityreview.org.uk\/ro\/organizatiile-nationale-pentru-pierderea-copilului\/#breadcrumb"},"inLanguage":"ro-RO","potentialAction":[{"@type":"ReadAction","target":["https:\/\/www.ockendenmaternityreview.org.uk\/ro\/organizatiile-nationale-pentru-pierderea-copilului\/"]}]},{"@type":"BreadcrumbList","@id":"https:\/\/www.ockendenmaternityreview.org.uk\/ro\/organizatiile-nationale-pentru-pierderea-copilului\/#breadcrumb","itemListElement":[{"@type":"ListItem","position":1,"name":"Home","item":"https:\/\/www.ockendenmaternityreview.org.uk\/ro\/"},{"@type":"ListItem","position":2,"name":"Organiza\u021biile na\u021bionale pentru pierderea copilului"}]},{"@type":"WebSite","@id":"https:\/\/www.ockendenmaternityreview.org.uk\/fa\/#website","url":"https:\/\/www.ockendenmaternityreview.org.uk\/fa\/","name":"Ockenden Review","description":"","potentialAction":[{"@type":"SearchAction","target":{"@type":"EntryPoint","urlTemplate":"https:\/\/www.ockendenmaternityreview.org.uk\/fa\/?s={search_term_string}"},"query-input":{"@type":"PropertyValueSpecification","valueRequired":true,"valueName":"search_term_string"}}],"inLanguage":"ro-RO"}]}},"_links":{"self":[{"href":"https:\/\/www.ockendenmaternityreview.org.uk\/ro\/wp-json\/wp\/v2\/pages\/11099","targetHints":{"allow":["GET"]}}],"collection":[{"href":"https:\/\/www.ockendenmaternityreview.org.uk\/ro\/wp-json\/wp\/v2\/pages"}],"about":[{"href":"https:\/\/www.ockendenmaternityreview.org.uk\/ro\/wp-json\/wp\/v2\/types\/page"}],"author":[{"embeddable":true,"href":"https:\/\/www.ockendenmaternityreview.org.uk\/ro\/wp-json\/wp\/v2\/users\/1"}],"replies":[{"embeddable":true,"href":"https:\/\/www.ockendenmaternityreview.org.uk\/ro\/wp-json\/wp\/v2\/comments?post=11099"}],"version-history":[{"count":0,"href":"https:\/\/www.ockendenmaternityreview.org.uk\/ro\/wp-json\/wp\/v2\/pages\/11099\/revisions"}],"wp:attachment":[{"href":"https:\/\/www.ockendenmaternityreview.org.uk\/ro\/wp-json\/wp\/v2\/media?parent=11099"}],"curies":[{"name":"wp","href":"https:\/\/api.w.org\/{rel}","templated":true}]}}