{"id":11103,"date":"2026-01-08T16:36:41","date_gmt":"2026-01-08T16:36:41","guid":{"rendered":"https:\/\/ockendenmatdev.wpenginepowered.com\/pentru-tati\/"},"modified":"2026-03-24T14:08:31","modified_gmt":"2026-03-24T14:08:31","slug":"pentru-tati","status":"publish","type":"page","link":"https:\/\/www.ockendenmaternityreview.org.uk\/ro\/pentru-tati\/","title":{"rendered":"Pentru ta\u021bi"},"content":{"rendered":"\n<p>Dup\u0103 moartea unui copil, o mare parte din sprijinul acordat poate fi mamei sau p\u0103rintelui biologic, dar, desigur, ta\u021bii \u0219i partenerii au, de asemenea, o rela\u021bie important\u0103 cu bebelu\u0219ul sau copilul mic care a murit, a\u0219a c\u0103 vor fi, de asemenea, \u00eendurera\u021bi. Exist\u0103 informa\u021bii \u0219i asisten\u021b\u0103 disponibile \u00een multe moduri diferite, dintre care unele sunt enumerate mai jos.   <\/p>\n\n<div style=\"height:50px\" aria-hidden=\"true\" class=\"wp-block-spacer\"><\/div>\n\n<div class=\"wp-block-query support-groups is-layout-flow wp-block-query-is-layout-flow\"><ul class=\"wp-block-post-template is-layout-grid wp-container-core-post-template-is-layout-763cd4b6 wp-block-post-template-is-layout-grid\"><li class=\"wp-block-post post-266 support-group type-support-group status-publish has-post-thumbnail hentry support-grouping-for-fathers\">\n<figure class=\"wp-block-post-featured-image\"><img loading=\"lazy\" decoding=\"async\" width=\"1014\" height=\"1024\" src=\"https:\/\/www.ockendenmaternityreview.org.uk\/wp-content\/uploads\/2026\/03\/DWA-Logo-1014x1024-1.jpeg\" class=\"attachment-post-thumbnail size-post-thumbnail wp-post-image\" alt=\"\" style=\"object-fit:cover;\" srcset=\"https:\/\/www.ockendenmaternityreview.org.uk\/wp-content\/uploads\/2026\/03\/DWA-Logo-1014x1024-1.jpeg 1014w, https:\/\/www.ockendenmaternityreview.org.uk\/wp-content\/uploads\/2026\/03\/DWA-Logo-1014x1024-1-297x300.jpeg 297w, https:\/\/www.ockendenmaternityreview.org.uk\/wp-content\/uploads\/2026\/03\/DWA-Logo-1014x1024-1-150x150.jpeg 150w, https:\/\/www.ockendenmaternityreview.org.uk\/wp-content\/uploads\/2026\/03\/DWA-Logo-1014x1024-1-768x776.jpeg 768w\" sizes=\"auto, (max-width: 1014px) 100vw, 1014px\" \/><\/figure>\n\n<h2 class=\"wp-block-post-title\">Daddy\u2019s with Angels<\/h2>\n\n<div class=\"entry-content wp-block-post-content is-layout-flow wp-block-post-content-is-layout-flow\">\n<p>DWA supports all family members but provide specific support for bereaved fathers as we have found that they are quite often the \u2018forgotten\u2019 parent.<\/p>\n\n\n\n<p>We support fathers regardless of age or gestation of their loss and by any cause.<\/p>\n\n\n\n<p>DWA is a peer support organisation who hold regular zoom meetings and one to one interventions when needed.<\/p>\n\n\n\n<p><a href=\"http:\/\/www.daddyswithangels.org\/\">www.daddyswithangels.org<\/a><\/p>\n<\/div>\n<\/li><li class=\"wp-block-post post-13072 support-group type-support-group status-publish has-post-thumbnail hentry support-grouping-for-fathers support-grouping-national-baby-loss-organisations\">\n<figure class=\"wp-block-post-featured-image\"><img loading=\"lazy\" decoding=\"async\" width=\"300\" height=\"140\" src=\"https:\/\/www.ockendenmaternityreview.org.uk\/wp-content\/uploads\/2026\/03\/SandsLogo_Strap_RGB_FullColour-300x140-1.jpg\" class=\"attachment-post-thumbnail size-post-thumbnail wp-post-image\" alt=\"\" style=\"object-fit:cover;\" \/><\/figure>\n\n<h2 class=\"wp-block-post-title\">Sands, organiza\u021bia caritabil\u0103 pentru na\u0219terea unui copil mort \u0219i moartea neonatal\u0103<\/h2>\n\n\n<\/li><li class=\"wp-block-post post-12964 support-group type-support-group status-publish hentry support-grouping-for-fathers support-grouping-national-baby-loss-organisations support-grouping-national-bereavement-support support-grouping-national-sibling-support\">\n\n\n<h2 class=\"wp-block-post-title\">Doliu pentru copii Marea Britanie<\/h2>\n\n<div class=\"entry-content wp-block-post-content is-layout-flow wp-block-post-content-is-layout-flow\">\n<p>Child Bereavement UK ajut\u0103 copiii, p\u0103rin\u021bii \u0219i familiile s\u0103-\u0219i reconstruiasc\u0103 via\u021ba atunci c\u00e2nd un copil sufer\u0103 sau c\u00e2nd un copil moare. Sprijinim copiii \u0219i tinerii cu v\u00e2rsta de p\u00e2n\u0103 la 25 de ani care se confrunt\u0103 cu doliu \u0219i orice persoan\u0103 afectat\u0103 de moartea unui copil de orice v\u00e2rst\u0103. <\/p>\n\n<p>Oferim instruire profesioni\u0219tilor din domeniul s\u0103n\u0103t\u0103\u021bii \u0219i asisten\u021bei sociale, educa\u021biei \u0219i sectoarelor voluntare \u0219i corporative, echip\u00e2ndu-i pentru a oferi cea mai bun\u0103 \u00eengrijire posibil\u0103 familiilor \u00eendoliate.<\/p>\n\n<ul class=\"wp-block-list\">\n<li>0800 02 888 40  <\/li>\n\n\n\n<li><a href=\"mailto:support@childbereavementuk.org\">support@childbereavementuk.org<\/a><\/li>\n\n\n\n<li><a href=\"https:\/\/www.childbereavementuk.org\">https:\/\/www.childbereavementuk.org<\/a><\/li>\n<\/ul>\n<\/div>\n<\/li><\/ul>\n\n\n\n<\/div>\n","protected":false},"excerpt":{"rendered":"<p>Dup\u0103 moartea unui copil, o mare parte din sprijinul acordat poate fi mamei sau p\u0103rintelui biologic, dar, desigur, ta\u021bii \u0219i partenerii au, de asemenea, o rela\u021bie important\u0103 cu bebelu\u0219ul sau copilul mic care a murit, a\u0219a c\u0103 vor fi, de asemenea, \u00eendurera\u021bi. Exist\u0103 informa\u021bii \u0219i asisten\u021b\u0103 disponibile \u00een multe moduri diferite, dintre care unele sunt &hellip; <a href=\"https:\/\/www.ockendenmaternityreview.org.uk\/ro\/pentru-tati\/\">Continued<\/a><\/p>\n","protected":false},"author":1,"featured_media":0,"parent":0,"menu_order":0,"comment_status":"closed","ping_status":"closed","template":"page-support-groups.blade.php","meta":{"_acf_changed":false,"footnotes":""},"class_list":["post-11103","page","type-page","status-publish","hentry"],"acf":[],"yoast_head":"<!-- This site is optimized with the Yoast SEO plugin v27.2 - https:\/\/yoast.com\/product\/yoast-seo-wordpress\/ -->\n<title>Pentru ta\u021bi - Ockenden Review<\/title>\n<meta name=\"robots\" content=\"index, follow, max-snippet:-1, max-image-preview:large, max-video-preview:-1\" \/>\n<link rel=\"canonical\" href=\"http:\/\/www.ockendenmaternityreview.org.uk\/support-for-fathers\/\" \/>\n<meta property=\"og:locale\" content=\"ro_RO\" \/>\n<meta property=\"og:type\" content=\"article\" \/>\n<meta property=\"og:title\" content=\"Pentru ta\u021bi - Ockenden Review\" \/>\n<meta property=\"og:description\" content=\"Dup\u0103 moartea unui copil, o mare parte din sprijinul acordat poate fi mamei sau p\u0103rintelui biologic, dar, desigur, ta\u021bii \u0219i partenerii au, de asemenea, o rela\u021bie important\u0103 cu bebelu\u0219ul sau copilul mic care a murit, a\u0219a c\u0103 vor fi, de asemenea, \u00eendurera\u021bi. Exist\u0103 informa\u021bii \u0219i asisten\u021b\u0103 disponibile \u00een multe moduri diferite, dintre care unele sunt &hellip; Continued\" \/>\n<meta property=\"og:url\" content=\"http:\/\/www.ockendenmaternityreview.org.uk\/support-for-fathers\/\" \/>\n<meta property=\"og:site_name\" content=\"Ockenden Review\" \/>\n<meta property=\"article:publisher\" content=\"https:\/\/www.facebook.com\/ockendenmaternityreview?mibextid=wwXIfr\" \/>\n<meta property=\"article:modified_time\" content=\"2026-03-24T14:08:31+00:00\" \/>\n<meta name=\"twitter:card\" content=\"summary_large_image\" \/>\n<meta name=\"twitter:site\" content=\"@ockreview\" \/>\n<script type=\"application\/ld+json\" class=\"yoast-schema-graph\">{\"@context\":\"https:\/\/schema.org\",\"@graph\":[{\"@type\":\"WebPage\",\"@id\":\"http:\/\/www.ockendenmaternityreview.org.uk\/support-for-fathers\/\",\"url\":\"http:\/\/www.ockendenmaternityreview.org.uk\/support-for-fathers\/\",\"name\":\"Pentru ta\u021bi - Ockenden Review\",\"isPartOf\":{\"@id\":\"https:\/\/www.ockendenmaternityreview.org.uk\/ku\/#website\"},\"datePublished\":\"2026-01-08T16:36:41+00:00\",\"dateModified\":\"2026-03-24T14:08:31+00:00\",\"breadcrumb\":{\"@id\":\"http:\/\/www.ockendenmaternityreview.org.uk\/support-for-fathers\/#breadcrumb\"},\"inLanguage\":\"ro-RO\",\"potentialAction\":[{\"@type\":\"ReadAction\",\"target\":[\"http:\/\/www.ockendenmaternityreview.org.uk\/support-for-fathers\/\"]}]},{\"@type\":\"BreadcrumbList\",\"@id\":\"http:\/\/www.ockendenmaternityreview.org.uk\/support-for-fathers\/#breadcrumb\",\"itemListElement\":[{\"@type\":\"ListItem\",\"position\":1,\"name\":\"Home\",\"item\":\"https:\/\/www.ockendenmaternityreview.org.uk\/ro\/\"},{\"@type\":\"ListItem\",\"position\":2,\"name\":\"Pentru ta\u021bi\"}]},{\"@type\":\"WebSite\",\"@id\":\"https:\/\/www.ockendenmaternityreview.org.uk\/ku\/#website\",\"url\":\"https:\/\/www.ockendenmaternityreview.org.uk\/ku\/\",\"name\":\"Ockenden Review\",\"description\":\"\",\"potentialAction\":[{\"@type\":\"SearchAction\",\"target\":{\"@type\":\"EntryPoint\",\"urlTemplate\":\"https:\/\/www.ockendenmaternityreview.org.uk\/ku\/?s={search_term_string}\"},\"query-input\":{\"@type\":\"PropertyValueSpecification\",\"valueRequired\":true,\"valueName\":\"search_term_string\"}}],\"inLanguage\":\"ro-RO\"}]}<\/script>\n<!-- \/ Yoast SEO plugin. -->","yoast_head_json":{"title":"Pentru ta\u021bi - Ockenden Review","robots":{"index":"index","follow":"follow","max-snippet":"max-snippet:-1","max-image-preview":"max-image-preview:large","max-video-preview":"max-video-preview:-1"},"canonical":"http:\/\/www.ockendenmaternityreview.org.uk\/support-for-fathers\/","og_locale":"ro_RO","og_type":"article","og_title":"Pentru ta\u021bi - Ockenden Review","og_description":"Dup\u0103 moartea unui copil, o mare parte din sprijinul acordat poate fi mamei sau p\u0103rintelui biologic, dar, desigur, ta\u021bii \u0219i partenerii au, de asemenea, o rela\u021bie important\u0103 cu bebelu\u0219ul sau copilul mic care a murit, a\u0219a c\u0103 vor fi, de asemenea, \u00eendurera\u021bi. Exist\u0103 informa\u021bii \u0219i asisten\u021b\u0103 disponibile \u00een multe moduri diferite, dintre care unele sunt &hellip; Continued","og_url":"http:\/\/www.ockendenmaternityreview.org.uk\/support-for-fathers\/","og_site_name":"Ockenden Review","article_publisher":"https:\/\/www.facebook.com\/ockendenmaternityreview?mibextid=wwXIfr","article_modified_time":"2026-03-24T14:08:31+00:00","twitter_card":"summary_large_image","twitter_site":"@ockreview","schema":{"@context":"https:\/\/schema.org","@graph":[{"@type":"WebPage","@id":"http:\/\/www.ockendenmaternityreview.org.uk\/support-for-fathers\/","url":"http:\/\/www.ockendenmaternityreview.org.uk\/support-for-fathers\/","name":"Pentru ta\u021bi - Ockenden Review","isPartOf":{"@id":"https:\/\/www.ockendenmaternityreview.org.uk\/ku\/#website"},"datePublished":"2026-01-08T16:36:41+00:00","dateModified":"2026-03-24T14:08:31+00:00","breadcrumb":{"@id":"http:\/\/www.ockendenmaternityreview.org.uk\/support-for-fathers\/#breadcrumb"},"inLanguage":"ro-RO","potentialAction":[{"@type":"ReadAction","target":["http:\/\/www.ockendenmaternityreview.org.uk\/support-for-fathers\/"]}]},{"@type":"BreadcrumbList","@id":"http:\/\/www.ockendenmaternityreview.org.uk\/support-for-fathers\/#breadcrumb","itemListElement":[{"@type":"ListItem","position":1,"name":"Home","item":"https:\/\/www.ockendenmaternityreview.org.uk\/ro\/"},{"@type":"ListItem","position":2,"name":"Pentru ta\u021bi"}]},{"@type":"WebSite","@id":"https:\/\/www.ockendenmaternityreview.org.uk\/ku\/#website","url":"https:\/\/www.ockendenmaternityreview.org.uk\/ku\/","name":"Ockenden Review","description":"","potentialAction":[{"@type":"SearchAction","target":{"@type":"EntryPoint","urlTemplate":"https:\/\/www.ockendenmaternityreview.org.uk\/ku\/?s={search_term_string}"},"query-input":{"@type":"PropertyValueSpecification","valueRequired":true,"valueName":"search_term_string"}}],"inLanguage":"ro-RO"}]}},"_links":{"self":[{"href":"https:\/\/www.ockendenmaternityreview.org.uk\/ro\/wp-json\/wp\/v2\/pages\/11103","targetHints":{"allow":["GET"]}}],"collection":[{"href":"https:\/\/www.ockendenmaternityreview.org.uk\/ro\/wp-json\/wp\/v2\/pages"}],"about":[{"href":"https:\/\/www.ockendenmaternityreview.org.uk\/ro\/wp-json\/wp\/v2\/types\/page"}],"author":[{"embeddable":true,"href":"https:\/\/www.ockendenmaternityreview.org.uk\/ro\/wp-json\/wp\/v2\/users\/1"}],"replies":[{"embeddable":true,"href":"https:\/\/www.ockendenmaternityreview.org.uk\/ro\/wp-json\/wp\/v2\/comments?post=11103"}],"version-history":[{"count":0,"href":"https:\/\/www.ockendenmaternityreview.org.uk\/ro\/wp-json\/wp\/v2\/pages\/11103\/revisions"}],"wp:attachment":[{"href":"https:\/\/www.ockendenmaternityreview.org.uk\/ro\/wp-json\/wp\/v2\/media?parent=11103"}],"curies":[{"name":"wp","href":"https:\/\/api.w.org\/{rel}","templated":true}]}}