{"id":11987,"date":"2026-01-08T15:47:28","date_gmt":"2026-01-08T15:47:28","guid":{"rendered":"https:\/\/ockendenmatdev.wpenginepowered.com\/renuntare\/"},"modified":"2026-03-24T14:19:16","modified_gmt":"2026-03-24T14:19:16","slug":"renuntare","status":"publish","type":"page","link":"https:\/\/www.ockendenmaternityreview.org.uk\/ro\/renuntare\/","title":{"rendered":"Renun\u021bare"},"content":{"rendered":"\n<p><strong>V\u0103 rug\u0103m s\u0103 re\u021bine\u021bi: Acest videoclip a fost \u00eenregistrat \u00een septembrie 2023. Dac\u0103 a\u021bi primit o scrisoare \u00een alt\u0103 perioad\u0103, v\u0103 rug\u0103m s\u0103 r\u0103spunde\u021bi p\u00e2n\u0103 la patru s\u0103pt\u0103m\u00e2ni de la data din partea de sus a scrisorii dac\u0103 dori\u021bi s\u0103 renun\u021ba\u021bi. <\/strong><\/p>\n\n<figure class=\"wp-block-embed is-type-video is-provider-youtube wp-block-embed-youtube wp-embed-aspect-16-9 wp-has-aspect-ratio\"><div class=\"wp-block-embed__wrapper\">\n<iframe loading=\"lazy\" title=\"Donna Ockenden - Family Letter\" width=\"500\" height=\"281\" src=\"https:\/\/www.youtube.com\/embed\/FWTBlqnzJZg?feature=oembed\" frameborder=\"0\" allow=\"accelerometer; autoplay; clipboard-write; encrypted-media; gyroscope; picture-in-picture; web-share\" referrerpolicy=\"strict-origin-when-cross-origin\" allowfullscreen><\/iframe>\n<\/div><\/figure>\n\n<hr class=\"wp-block-separator has-alpha-channel-opacity\"\/>\n\n<p>  Sper c\u0103 v\u0103 sim\u021bi\u021bi bine. Numele meu este Donna Ockenden. V\u0103 scriu pentru a m\u0103 prezenta ca persoana care conduce revizuirea independent\u0103 a cazurilor de maternitate la Nottingham University Hospitals NHS Trust (denumit\u0103 \u00een continuare &#8222;revizuirea&#8221;).    <\/p>\n\n<p>V\u0103 rog s\u0103 accepta\u021bi scuzele mele dac\u0103 v-am contactat v-a provocat \u00eengrijorare sau suferin\u021b\u0103, dar vreau s\u0103 v\u0103 explic ce facem \u0219i cum v\u0103 pute\u021bi implica.  <\/p>\n\n<p>Aceast\u0103 scrisoare con\u021bine informa\u021bii importante despre revizuire \u0219i despre modul \u00een care pute\u021bi renun\u021ba, dac\u0103 dori\u021bi acest lucru, prin urmare este important s\u0103 citi\u021bi cu aten\u021bie aceast\u0103 scrisoare \u0219i s\u0103 ne anun\u021ba\u021bi dac\u0103 ave\u021bi \u00eentreb\u0103ri sau nel\u0103muriri.  <\/p>\n\n<p>Scopul revizuirii este de a \u00eenv\u0103\u021ba din experien\u021bele de maternitate ale familiilor \u00een timpul perioadei petrecute la Nottingham University Hospitals NHS Trust (denumit \u00een continuare &#8222;spitalul&#8221;) \u0219i de a \u00eembun\u0103t\u0103\u021bi calitatea \u0219i siguran\u021ba asisten\u021bei maternale. Dup\u0103 finalizarea evalu\u0103rii, vom publica un raport \u00een care vom explica constat\u0103rile noastre \u0219i vom face recomand\u0103ri pentru viitoarea asisten\u021b\u0103 maternal\u0103 din cadrul spitalului \u0219i, eventual, din \u00eentreaga Anglie.   <\/p>\n\n<p>Spitalul a identificat faptul c\u0103 este posibil ca \u00eengrijirea dumneavoastr\u0103 s\u0103 fi fost inadecvat\u0103 \u0219i, prin urmare, este important ca revizuirea s\u0103 \u0219tie despre \u00eengrijirea dumneavoastr\u0103, astfel \u00eenc\u00e2t s\u0103 putem \u00eencerca s\u0103 facem ca \u00eengrijirea maternit\u0103\u021bii s\u0103 fie mai sigur\u0103 pentru familii \u00een viitor. Spitalul mi-a dat numele dumneavoastr\u0103 \u0219i datele de contact pentru a v\u0103 putea explica ce facem \u0219i cum ne pute\u021bi ajuta.   <\/p>\n\n<p>Este important s\u0103 \u0219ti\u021bi c\u0103 evaluarea este complet independent\u0103 de spital \u0219i c\u0103 v\u0103 vom respecta confiden\u021bialitatea \u00een orice moment. Acum lucr\u0103m \u00eentr-un mod nou \u0219i v\u0103 vom contacta direct, de\u0219i anterior este posibil s\u0103 fi primit o scrisoare de la spital.  <\/p>\n\n<p><strong>Cum v\u0103 afecteaz\u0103 acest lucru?  <\/strong><\/p>\n\n<p>Depinde \u00een \u00eentregime de dumneavoastr\u0103 dac\u0103 dori\u021bi sau nu s\u0103 fi\u021bi inclus \u00een revizuire. Dac\u0103 dori\u021bi s\u0103 fi\u021bi inclus, vom \u00eencepe s\u0103 analiz\u0103m dosarele dumneavoastr\u0103 medicale pentru a evalua dac\u0103 ceea ce vi s-a \u00eent\u00e2mplat a putut fi evitat. Dac\u0103 da, atunci vom \u00eencerca s\u0103 vedem dac\u0103 spitalul a \u00eenv\u0103\u021bat din experien\u021bele dvs. \u0219i dac\u0103 lec\u021biile pot fi \u00eenv\u0103\u021bate pentru viitor.    <\/p>\n\n<p>Dosarele de maternitate vor fi analizate de o moa\u0219\u0103 \u0219i un obstetrician din echipa noastr\u0103 independent\u0103. De asemenea, putem lua sfaturi de la al\u021bi medici speciali\u0219ti din echipa noastr\u0103, cum ar fi neonatologii sau anestezi\u0219tii.   <\/p>\n\n<p>Prin examinarea mai multor cazuri, inclusiv al dumneavoastr\u0103, sper\u0103m s\u0103 identific\u0103m ce s-a \u00eent\u00e2mplat la Queen&#8217;s Medical Centre \u0219i City Hospital. Perioada principal\u0103 pe care o vom analiza este din 2012 p\u00e2n\u0103 \u00een prezent, de\u0219i este posibil s\u0103 lu\u0103m \u00een considerare \u0219i unele cazuri anterioare grave. Vom fi apoi \u00een m\u0103sur\u0103 s\u0103 facem recomand\u0103ri cu privire la modul \u00een care serviciul de maternitate poate fi \u00eembun\u0103t\u0103\u021bit \u0219i mai sigur pentru toat\u0103 lumea \u00een viitor.    <\/p>\n\n<p><strong>Cum ne putem ajuta unii pe al\u021bii?  <\/strong><\/p>\n\n<p>Este important pentru noi s\u0103 lu\u0103m leg\u0103tura cu familiile care este posibil s\u0103 fi primit \u00eengrijiri de maternitate necorespunz\u0103toare la spital. Uneori, familiile sunt \u00een m\u0103sur\u0103 s\u0103 ne ofere mai multe informa\u021bii dec\u00e2t cele disponibile doar din fi\u0219ele lor medicale \u0219i s\u0103 ne explice experien\u021bele lor \u00een detaliu. Dorim s\u0103 ne asigur\u0103m c\u0103 raportul nostru descrie cu exactitate experien\u021bele familiilor \u00een timpul \u0219ederii lor la spital \u0219i dup\u0103 aceea, precum \u0219i efectele pe care acestea le-au avut asupra lor. Am \u00een\u021beles de la alte familii c\u0103 multe dintre ele au considerat, de asemenea, util s\u0103 vorbeasc\u0103 cu noi despre ceea ce s-a \u00eent\u00e2mplat.     <\/p>\n\n<p>Dac\u0103 dori\u021bi s\u0103 v\u0103 implica\u021bi mai mult \u00een revizuire, poate exista o oportunitate de a v\u0103 \u00eent\u00e2lni cu mine sau cu un membru al echipei de revizuire mai t\u00e2rziu \u00een cursul anului. Acest lucru se poate face fa\u021b\u0103 \u00een fa\u021b\u0103 \u00een Nottingham sau online (pe internet). V\u0103 putem ajuta s\u0103 stabili\u021bi orice \u00eent\u00e2lnire pe internet dac\u0103 asta este ceea ce decide\u021bi c\u0103 prefera\u021bi. La sf\u00e2r\u0219itul revizuirii, v\u0103 putem oferi feedback cu privire la evaluarea noastr\u0103 a cazului dvs., dac\u0103 dori\u021bi s\u0103 primi\u021bi acest lucru.     <\/p>\n\n<p>V\u0103 rug\u0103m s\u0103 fi\u021bi con\u0219tien\u021bi de faptul c\u0103, din cauza volumului de munc\u0103 implicat, revizuirea va fi probabil finalizat\u0103 \u0219i feedback-ul va \u00eencepe s\u0103 fie disponibil la un moment dat dup\u0103 publicarea raportului \u00een iunie 2026. \u00cen general, v\u0103 vom \u021bine la curent cu privire la progresul revizuirii, dar nu v\u0103 vom putea spune nimic despre cazul dumneavoastr\u0103 p\u00e2n\u0103 c\u00e2nd nu ne vom fi \u00eencheiat activitatea.   <\/p>\n\n<p>Dac\u0103 nu dori\u021bi s\u0103 v\u0103 \u00eent\u00e2lni\u021bi sau s\u0103 vorbi\u021bi cu noi, nu trebuie s\u0103 o face\u021bi. Este \u00een totalitate alegerea ta c\u00e2t de mult sau c\u00e2t de pu\u021bin\u0103 implicare ai \u00een revizuirea independent\u0103 a maternit\u0103\u021bii. Am explicat mai jos cum s\u0103 renun\u021ba\u021bi la recenzie dac\u0103 asta dori\u021bi s\u0103 face\u021bi.    <\/p>\n\n<p><strong>Ce se \u00eent\u00e2mpl\u0103 \u00een continuare?  <\/strong><\/p>\n\n<p>Nu trebuie s\u0103 face\u021bi nimic, cu excep\u021bia cazului \u00een care dori\u021bi s\u0103 renun\u021ba\u021bi la participarea la revizuire sau dori\u021bi s\u0103 v\u0103 \u00eent\u00e2lni\u021bi sau s\u0103 discuta\u021bi cu noi.  <\/p>\n\n<p>Dac\u0103 dori\u021bi s\u0103 ne \u00eent\u00e2lni\u021bi sau s\u0103 vorbi\u021bi cu noi, v\u0103 rug\u0103m s\u0103 ne anun\u021ba\u021bi. Po\u0163i:   <\/p>\n\n<ul class=\"wp-block-list\">\n<li>trimite\u021bi-ne un e-mail la <a href=\"mailto:nottsreview@donnaockenden.com\">nottsreview@donnaockenden.com<\/a> <strong>sau <\/strong> <\/li>\n\n\n\n<li>completa\u021bi scrisoarea ata\u0219at\u0103 \u0219i trimite\u021bi-ne-o \u00eenapoi \u00een plicul \u0219tampilat pe care vi l-am trimis <strong>sau <\/strong> <\/li>\n\n\n\n<li>Suna\u021bi-ne la 01243 786993 \u0219i vorbi\u021bi cu unul dintre membrii echipei noastre.  <\/li>\n<\/ul>\n\n<p>Prefer\u0103m s\u0103 r\u0103m\u00e2nem \u00een contact cu dvs. cu privire la revizuire prin e-mail. V\u0103 rug\u0103m s\u0103 ne trimite\u021bi prin e-mail numele dumneavoastr\u0103 complet \u0219i data na\u0219terii la <a href=\"mailto:nottsreview@donnaockenden.com\">nottsreview@donnaockenden.com<\/a>. Ve\u021bi fi apoi ad\u0103ugat pe lista noastr\u0103 de coresponden\u021b\u0103 \u0219i vi se vor trimite actualiz\u0103ri cu privire la revizuire.   <\/p>\n\n<p><strong>Dac\u0103 nu dori\u021bi s\u0103 v\u0103 al\u0103tura\u021bi revizuirii:  <\/strong><\/p>\n\n<p>Dac\u0103 NU dori\u021bi s\u0103 ne uit\u0103m deloc la dosarele dumneavoastr\u0103 medicale, v\u0103 rug\u0103m s\u0103 ne anun\u021ba\u021bi \u00een termen de patru s\u0103pt\u0103m\u00e2ni de la data din partea de sus a scrisorii dvs. Pute\u021bi face acest lucru utiliz\u00e2nd informa\u021biile din caseta de mai sus.   <\/p>\n\n<p>Dac\u0103 nu primim ve\u0219ti de la tine \u00een acest timp, echipa mea va \u00eencepe s\u0103 se uite la \u00eenregistr\u0103rile tale.  <\/p>\n\n<p>V\u0103 rug\u0103m s\u0103 re\u021bine\u021bi c\u0103, dac\u0103 renun\u021ba\u021bi la revizuire, nu v\u0103 vom consulta dosarul medical; nu ve\u021bi avea ocazia s\u0103 v\u0103 \u00eent\u00e2lni\u021bi cu echipa de revizuire; cazul dumneavoastr\u0103 nu va avea niciun efect asupra concluziilor revizuirii; \u0219i nu ve\u021bi primi feedback individual cu privire la cazul dumneavoastr\u0103.  <\/p>\n\n<p>V\u0103 rug\u0103m s\u0103 re\u021bine\u021bi c\u0103, indiferent de decizia dumneavoastr\u0103, v\u0103 pute\u021bi r\u0103zg\u00e2ndi ulterior. Dac\u0103 v\u0103 retrage\u021bi dup\u0103 ce am \u00eenceput deja revizuirea dosarului dumneavoastr\u0103 medical, vom exclude cazul dumneavoastr\u0103 din revizuire, dac\u0103 este posibil s\u0103 facem acest lucru \u00een acel stadiu.   <\/p>\n\n<p><strong>Vom \u00eemp\u0103rt\u0103\u0219i informa\u021biile dvs.?  <\/strong><\/p>\n\n<p>V\u0103 asigur\u0103m c\u0103 nicio informa\u021bie care v\u0103 identific\u0103 pe dumneavoastr\u0103 sau familia dumneavoastr\u0103 nu va fi inclus\u0103 \u00een raportul final. \u00cen timpul revizuirii, informa\u021biile dumneavoastr\u0103 vor fi partajate \u00een cadrul echipei de revizuire, dar vor fi tratate ca fiind extrem de confiden\u021biale.   <\/p>\n\n<p>Cu toate acestea, este important s\u0103 v\u0103 explic\u0103m c\u0103 s-ar putea s\u0103 fim nevoi\u021bi s\u0103 \u00eemp\u0103rt\u0103\u0219im informa\u021bii despre cazul dvs., de exemplu, \u00een cazul \u00een care \u00een viitor are loc o anchet\u0103 penal\u0103, de reglementare sau o alt\u0103 anchet\u0103 legal\u0103 ca urmare a activit\u0103\u021bii noastre. Acest lucru s-ar putea \u00eent\u00e2mpla \u00een cazul \u00een care consider\u0103m c\u0103 un membru al personalului care v-a \u00eengrijit v-a acordat o \u00eengrijire at\u00e2t de precar\u0103 \u00eenc\u00e2t ar trebui s\u0103 inform\u0103m organiza\u021bia profesional\u0103 din care face parte (de exemplu, Nursing and Midwifery Council pentru asistente medicale \u0219i moa\u0219e sau General Medical Council pentru medici) sau s\u0103 inform\u0103m poli\u021bia. Dac\u0103 se \u00eent\u00e2mpl\u0103 acest lucru, v\u0103 vom anun\u021ba.    <\/p>\n\n<p><strong>Ce sprijin exist\u0103?  <\/strong><\/p>\n\n<p>\u0218tim c\u0103, pentru unele familii, a fost foarte dificil prin ce au trecut atunci c\u00e2nd au primit asisten\u021b\u0103 maternal\u0103. Exist\u0103 o gam\u0103 larg\u0103 de ajutor psihologic \u0219i terapii disponibile pentru toate familiile care fac parte din revizuire, iar noi v\u0103 putem ajuta s\u0103 accesa\u021bi acest sprijin.   <\/p>\n\n<p>Informa\u021bii despre Serviciul de Sprijin Psihologic al Familiei pot fi g\u0103site aici <a href=\"https:\/\/fpssnottingham.co.uk\/\">https:\/\/fpssnottingham.co.uk\/<\/a>. V\u0103 rug\u0103m s\u0103 ne anun\u021ba\u021bi dac\u0103 ave\u021bi nevoie de acest lucru \u00een orice moment \u00een timpul revizuirii.   <\/p>\n\n<p>V\u0103 rug\u0103m s\u0103 ne contacta\u021bi dac\u0103 ave\u021bi \u00eentreb\u0103ri sau nel\u0103muriri, vom face \u00eentotdeauna tot posibilul pentru a v\u0103 ajuta.  <\/p>\n\n<p>Cu toate ur\u0103rile de bine  <\/p>\n\n<p>Donna Ockenden  <\/p>\n\n<p><strong>Scaun  <\/strong><\/p>\n\n<p><strong>Revizuirea independent\u0103 a maternit\u0103\u021bii \u2013 Nottingham University Hospital NHS Trust  <\/strong><\/p>\n\n<p>Echipa de evaluare a maternit\u0103\u021bii: Tel: 01243 786993. De luni p\u00e2n\u0103 vineri 8.00 \u2013 17.00.  <\/p>\n","protected":false},"excerpt":{"rendered":"<p>V\u0103 rug\u0103m s\u0103 re\u021bine\u021bi: Acest videoclip a fost \u00eenregistrat \u00een septembrie 2023. Dac\u0103 a\u021bi primit o scrisoare \u00een alt\u0103 perioad\u0103, v\u0103 rug\u0103m s\u0103 r\u0103spunde\u021bi p\u00e2n\u0103 la patru s\u0103pt\u0103m\u00e2ni de la data din partea de sus a scrisorii dac\u0103 dori\u021bi s\u0103 renun\u021ba\u021bi. Sper c\u0103 v\u0103 sim\u021bi\u021bi bine. Numele meu este Donna Ockenden. V\u0103 scriu pentru a &hellip; <a href=\"https:\/\/www.ockendenmaternityreview.org.uk\/ro\/renuntare\/\">Continued<\/a><\/p>\n","protected":false},"author":1,"featured_media":0,"parent":0,"menu_order":0,"comment_status":"closed","ping_status":"closed","template":"page-narrow.blade.php","meta":{"_acf_changed":false,"footnotes":""},"class_list":["post-11987","page","type-page","status-publish","hentry"],"acf":[],"yoast_head":"<!-- This site is optimized with the Yoast SEO plugin v27.2 - https:\/\/yoast.com\/product\/yoast-seo-wordpress\/ -->\n<title>Renun\u021bare - Ockenden Review<\/title>\n<meta name=\"robots\" content=\"index, follow, max-snippet:-1, max-image-preview:large, max-video-preview:-1\" \/>\n<link rel=\"canonical\" href=\"https:\/\/www.ockendenmaternityreview.org.uk\/ro\/renuntare\/\" \/>\n<meta property=\"og:locale\" content=\"ro_RO\" \/>\n<meta property=\"og:type\" content=\"article\" \/>\n<meta property=\"og:title\" content=\"Renun\u021bare - Ockenden Review\" \/>\n<meta property=\"og:description\" content=\"V\u0103 rug\u0103m s\u0103 re\u021bine\u021bi: Acest videoclip a fost \u00eenregistrat \u00een septembrie 2023. Dac\u0103 a\u021bi primit o scrisoare \u00een alt\u0103 perioad\u0103, v\u0103 rug\u0103m s\u0103 r\u0103spunde\u021bi p\u00e2n\u0103 la patru s\u0103pt\u0103m\u00e2ni de la data din partea de sus a scrisorii dac\u0103 dori\u021bi s\u0103 renun\u021ba\u021bi. Sper c\u0103 v\u0103 sim\u021bi\u021bi bine. Numele meu este Donna Ockenden. V\u0103 scriu pentru a &hellip; Continued\" \/>\n<meta property=\"og:url\" content=\"https:\/\/www.ockendenmaternityreview.org.uk\/ro\/renuntare\/\" \/>\n<meta property=\"og:site_name\" content=\"Ockenden Review\" \/>\n<meta property=\"article:publisher\" content=\"https:\/\/www.facebook.com\/ockendenmaternityreview?mibextid=wwXIfr\" \/>\n<meta property=\"article:modified_time\" content=\"2026-03-24T14:19:16+00:00\" \/>\n<meta name=\"twitter:card\" content=\"summary_large_image\" \/>\n<meta name=\"twitter:site\" content=\"@ockreview\" \/>\n<meta name=\"twitter:label1\" content=\"Timp estimat pentru citire\" \/>\n\t<meta name=\"twitter:data1\" content=\"8 minute\" \/>\n<script type=\"application\/ld+json\" class=\"yoast-schema-graph\">{\"@context\":\"https:\/\/schema.org\",\"@graph\":[{\"@type\":\"WebPage\",\"@id\":\"https:\/\/www.ockendenmaternityreview.org.uk\/ro\/renuntare\/\",\"url\":\"https:\/\/www.ockendenmaternityreview.org.uk\/ro\/renuntare\/\",\"name\":\"Renun\u021bare - Ockenden Review\",\"isPartOf\":{\"@id\":\"https:\/\/www.ockendenmaternityreview.org.uk\/fa\/#website\"},\"datePublished\":\"2026-01-08T15:47:28+00:00\",\"dateModified\":\"2026-03-24T14:19:16+00:00\",\"breadcrumb\":{\"@id\":\"https:\/\/www.ockendenmaternityreview.org.uk\/ro\/renuntare\/#breadcrumb\"},\"inLanguage\":\"ro-RO\",\"potentialAction\":[{\"@type\":\"ReadAction\",\"target\":[\"https:\/\/www.ockendenmaternityreview.org.uk\/ro\/renuntare\/\"]}]},{\"@type\":\"BreadcrumbList\",\"@id\":\"https:\/\/www.ockendenmaternityreview.org.uk\/ro\/renuntare\/#breadcrumb\",\"itemListElement\":[{\"@type\":\"ListItem\",\"position\":1,\"name\":\"Home\",\"item\":\"https:\/\/www.ockendenmaternityreview.org.uk\/ro\/\"},{\"@type\":\"ListItem\",\"position\":2,\"name\":\"Renun\u021bare\"}]},{\"@type\":\"WebSite\",\"@id\":\"https:\/\/www.ockendenmaternityreview.org.uk\/fa\/#website\",\"url\":\"https:\/\/www.ockendenmaternityreview.org.uk\/fa\/\",\"name\":\"Ockenden Review\",\"description\":\"\",\"potentialAction\":[{\"@type\":\"SearchAction\",\"target\":{\"@type\":\"EntryPoint\",\"urlTemplate\":\"https:\/\/www.ockendenmaternityreview.org.uk\/fa\/?s={search_term_string}\"},\"query-input\":{\"@type\":\"PropertyValueSpecification\",\"valueRequired\":true,\"valueName\":\"search_term_string\"}}],\"inLanguage\":\"ro-RO\"}]}<\/script>\n<!-- \/ Yoast SEO plugin. -->","yoast_head_json":{"title":"Renun\u021bare - Ockenden Review","robots":{"index":"index","follow":"follow","max-snippet":"max-snippet:-1","max-image-preview":"max-image-preview:large","max-video-preview":"max-video-preview:-1"},"canonical":"https:\/\/www.ockendenmaternityreview.org.uk\/ro\/renuntare\/","og_locale":"ro_RO","og_type":"article","og_title":"Renun\u021bare - Ockenden Review","og_description":"V\u0103 rug\u0103m s\u0103 re\u021bine\u021bi: Acest videoclip a fost \u00eenregistrat \u00een septembrie 2023. Dac\u0103 a\u021bi primit o scrisoare \u00een alt\u0103 perioad\u0103, v\u0103 rug\u0103m s\u0103 r\u0103spunde\u021bi p\u00e2n\u0103 la patru s\u0103pt\u0103m\u00e2ni de la data din partea de sus a scrisorii dac\u0103 dori\u021bi s\u0103 renun\u021ba\u021bi. Sper c\u0103 v\u0103 sim\u021bi\u021bi bine. Numele meu este Donna Ockenden. V\u0103 scriu pentru a &hellip; Continued","og_url":"https:\/\/www.ockendenmaternityreview.org.uk\/ro\/renuntare\/","og_site_name":"Ockenden Review","article_publisher":"https:\/\/www.facebook.com\/ockendenmaternityreview?mibextid=wwXIfr","article_modified_time":"2026-03-24T14:19:16+00:00","twitter_card":"summary_large_image","twitter_site":"@ockreview","twitter_misc":{"Timp estimat pentru citire":"8 minute"},"schema":{"@context":"https:\/\/schema.org","@graph":[{"@type":"WebPage","@id":"https:\/\/www.ockendenmaternityreview.org.uk\/ro\/renuntare\/","url":"https:\/\/www.ockendenmaternityreview.org.uk\/ro\/renuntare\/","name":"Renun\u021bare - Ockenden Review","isPartOf":{"@id":"https:\/\/www.ockendenmaternityreview.org.uk\/fa\/#website"},"datePublished":"2026-01-08T15:47:28+00:00","dateModified":"2026-03-24T14:19:16+00:00","breadcrumb":{"@id":"https:\/\/www.ockendenmaternityreview.org.uk\/ro\/renuntare\/#breadcrumb"},"inLanguage":"ro-RO","potentialAction":[{"@type":"ReadAction","target":["https:\/\/www.ockendenmaternityreview.org.uk\/ro\/renuntare\/"]}]},{"@type":"BreadcrumbList","@id":"https:\/\/www.ockendenmaternityreview.org.uk\/ro\/renuntare\/#breadcrumb","itemListElement":[{"@type":"ListItem","position":1,"name":"Home","item":"https:\/\/www.ockendenmaternityreview.org.uk\/ro\/"},{"@type":"ListItem","position":2,"name":"Renun\u021bare"}]},{"@type":"WebSite","@id":"https:\/\/www.ockendenmaternityreview.org.uk\/fa\/#website","url":"https:\/\/www.ockendenmaternityreview.org.uk\/fa\/","name":"Ockenden Review","description":"","potentialAction":[{"@type":"SearchAction","target":{"@type":"EntryPoint","urlTemplate":"https:\/\/www.ockendenmaternityreview.org.uk\/fa\/?s={search_term_string}"},"query-input":{"@type":"PropertyValueSpecification","valueRequired":true,"valueName":"search_term_string"}}],"inLanguage":"ro-RO"}]}},"_links":{"self":[{"href":"https:\/\/www.ockendenmaternityreview.org.uk\/ro\/wp-json\/wp\/v2\/pages\/11987","targetHints":{"allow":["GET"]}}],"collection":[{"href":"https:\/\/www.ockendenmaternityreview.org.uk\/ro\/wp-json\/wp\/v2\/pages"}],"about":[{"href":"https:\/\/www.ockendenmaternityreview.org.uk\/ro\/wp-json\/wp\/v2\/types\/page"}],"author":[{"embeddable":true,"href":"https:\/\/www.ockendenmaternityreview.org.uk\/ro\/wp-json\/wp\/v2\/users\/1"}],"replies":[{"embeddable":true,"href":"https:\/\/www.ockendenmaternityreview.org.uk\/ro\/wp-json\/wp\/v2\/comments?post=11987"}],"version-history":[{"count":0,"href":"https:\/\/www.ockendenmaternityreview.org.uk\/ro\/wp-json\/wp\/v2\/pages\/11987\/revisions"}],"wp:attachment":[{"href":"https:\/\/www.ockendenmaternityreview.org.uk\/ro\/wp-json\/wp\/v2\/media?parent=11987"}],"curies":[{"name":"wp","href":"https:\/\/api.w.org\/{rel}","templated":true}]}}