{"id":11992,"date":"2026-01-08T15:32:25","date_gmt":"2026-01-08T15:32:25","guid":{"rendered":"https:\/\/ockendenmatdev.wpenginepowered.com\/presedintele-revizuirii-2\/"},"modified":"2026-03-24T14:19:36","modified_gmt":"2026-03-24T14:19:36","slug":"presedintele-revizuirii-2","status":"publish","type":"page","link":"https:\/\/www.ockendenmaternityreview.org.uk\/ro\/presedintele-revizuirii-2\/","title":{"rendered":"Pre\u0219edintele revizuirii"},"content":{"rendered":"\n<div class=\"wp-block-columns is-layout-flex wp-container-core-columns-is-layout-9d6595d7 wp-block-columns-is-layout-flex\">\n<div class=\"wp-block-column is-layout-flow wp-block-column-is-layout-flow\" style=\"flex-basis:75%\">\n<p><strong>Donna Ockenden FRSA, Hon D.Litt, Hon D.Sci este asistent\u0103 medical\u0103, moa\u0219\u0103 \u0219i activist\u0103 comunitar\u0103. Are peste 35 de ani de experien\u021b\u0103 \u00eentr-o varietate de medii de s\u0103n\u0103tate, at\u00e2t \u00een Marea Britanie, c\u00e2t \u0219i la nivel interna\u021bional.  Cariera Donnei se \u00eentinde pe o serie de sectoare, inclusiv furnizori acu\u021bi, punere \u00een func\u021biune, spital, comunitate \u0219i educa\u021bie. Timp de peste 20 de ani, Donna a lucrat \u00eentr-o serie de roluri de conducere NHS, inclusiv mai mult de 15 ani de experien\u021b\u0103 ca \u0219ef al moa\u0219elor \u0219i director clinic al moa\u0219elor. \u00cen cadrul NHS, Donna avea, de asemenea, cinci ani de experien\u021b\u0103 ca director divizionar al dou\u0103 mari divizii de femei \u0219i copii de pe coasta de sud \u0219i din Londra.<\/strong><\/p>\n\n\n\n<p>Donna a fost co-director clinic (moa\u0219e) din 2013 p\u00e2n\u0103 \u00een 2017, al Re\u021belei clinice strategice de maternitate din Londra, lucr\u00e2nd cu profesorul Donald Peebles \u00een calitate de co-director clinic (obstetric\u0103).<\/p>\n\n\n\n<p>Donna a fost liderul re\u021belei clinice din Londra pentru proiectul de doliu al maternit\u0103\u021bii, care a dezvoltat m\u0103sura experien\u021bei de doliu al maternit\u0103\u021bii (sau MBEM). Lansat \u00een iunie 2017, acest proiect a fost sus\u021binut \u0219i finan\u021bat de NHS England \u0219i dezvoltat \u00een parteneriat cu SANDS, echipa NHS England Patient Experience and Insight \u0219i London Maternity Bereavement Midwives Forum.   <\/p>\n<\/div>\n\n\n\n<div class=\"wp-block-column is-layout-flow wp-block-column-is-layout-flow\" style=\"flex-basis:33.33%\">\n<figure class=\"wp-block-image\"><img decoding=\"async\" src=\"https:\/\/www.ockendenmaternityreview.org.uk\/wp-content\/uploads\/2025\/03\/Donna-2024-Headshot-2-819x1024.jpg\" alt=\"\" class=\"wp-image-8122\"\/><\/figure>\n<\/div>\n<\/div>\n\n<p>Donna a fost consilier principal de moa\u0219e al directorului executiv al Consiliului de asisten\u021b\u0103 medical\u0103 \u0219i moa\u0219\u0103 (NMC), concentr\u00e2ndu-se pe angajamentul cu personalul din prima linie \u0219i utilizatorii serviciilor de maternitate. Ea a renun\u021bat la acest rol \u00een prim\u0103vara anului 2020 pentru a se concentra pe revizuirea maternit\u0103\u021bii la Shrewsbury and Telford Hospital NHS Trust.   <\/p>\n\n<p>\u00cen 2017, Donna a fost numit\u0103 de secretarul de stat pentru s\u0103n\u0103tate \u0219i asisten\u021b\u0103 social\u0103 de atunci, Jeremy Hunt, pentru a prezida revizuirea independent\u0103 a serviciilor de maternitate la Shrewsbury \u0219i Telford Hospitals NHS Trust, al c\u0103rei raport final a fost publicat \u00een prim\u0103vara anului 2022.<\/p>\n\n<p>Donna a fost o campioan\u0103 a siguran\u021bei pacien\u021bilor \u00een serviciile de s\u0103n\u0103tate \u0219i maternitate pentru femei \u0219i copii \u00eenc\u0103 de la \u00eenceputul carierei sale. Siguran\u021ba pacien\u021bilor \u0219i vocile familiei sunt \u00een centrul a tot ceea ce face. Donna a fost, de asemenea, dedicat\u0103 compasiunii \u0219i excelen\u021bei \u00een \u00eengrijirea doliului \u00eenc\u0103 din primele zile ale carierei sale ca moa\u0219\u0103 student\u0103 \u00een Portsmouth.  <\/p>\n\n<p>La nivel interna\u021bional, Donna a fost co-autor al primelor standarde na\u021bionale de maternitate din Sultanatul Oman \u0219i a condus introducerea cu succes a acestor standarde \u00een practic\u0103 \u00een regiunea Muscat. \u00cen plus, ea a condus o echip\u0103 multidisciplinar\u0103 format\u0103 din p\u0103rin\u021bi, reprezentan\u021bi guvernamentali \u0219i lideri religio\u0219i cu privire la introducerea standardelor de doliu pentru maternitate \u0219i ginecologie, mai \u00eent\u00e2i \u00een Muscat \u0219i apoi la nivel na\u021bional \u00een Sultanatul Oman. <\/p>\n\n<p>Donna \u0219i echipa sa lucreaz\u0103 al\u0103turi de o serie de organiza\u021bii caritabile care se angajeaz\u0103 s\u0103 asigure cele mai bune \u0219i mai sigure rezultate pentru mame \u0219i bebelu\u0219ii lor \u0219i c\u0103 ace\u0219tia primesc \u00eengrijiri sigure pe parcursul \u00eentregii lor c\u0103l\u0103torii de maternitate \u0219i \u00een perioada postnatal\u0103. Ea este m\u00e2ndr\u0103 s\u0103 fie ambasador pentru SANDS, patron pentru MASIC, ambasador pentru Footprints Baby Loss \u0219i ambasador pentru MAMA Academy. <\/p>\n\n<p>\u00cen mai 2022, Donna a fost numit\u0103 pre\u0219edinte al revizuirii independente a serviciilor de maternitate de la Nottingham University Hospitals NHS Trust de c\u0103tre secretarul de stat de atunci pentru s\u0103n\u0103tate \u0219i asisten\u021b\u0103 social\u0103, Rt Hon Sajid Javid MP. Revizuirea a \u00eenceput oficial la 1 septembrie 2022. Donna conduce o echip\u0103 multi-profesional\u0103 de peste 140 de moa\u0219e, asistente medicale \u0219i medici pentru revizuirea independent\u0103 a maternit\u0103\u021bii la Nottingham University Hospitals NHS Trust. Conducerea ei se va asigura c\u0103 vocile familiilor \u0219i ale personalului vor fi auzite, ascultate \u0219i luate \u00een considerare pe m\u0103sur\u0103 ce revizuirea progreseaz\u0103.   <\/p>\n\n<p>\u00cen 2023, Donna a devenit patroana Funda\u021biei MASIC, o organiza\u021bie caritabil\u0103 care sprijin\u0103 mamele r\u0103nite la na\u0219tere \u0219i cre\u0219te gradul de con\u0219tientizare a efectelor care schimb\u0103 via\u021ba unei leziuni a sfincterului anal obstetrical. \u00cen acela\u0219i timp, Donna a primit titlul de Doctor Honoris Causa \u00een Litere din partea Universit\u0103\u021bii West London pentru serviciile sale \u00een domeniul siguran\u021bei pacien\u021bilor. \u00cen 2024, Donna a primit titlul de Doctor onorific \u00een \u0219tiin\u021be din partea Universit\u0103\u021bii Chichester.  <\/p>\n\n<p>Donna are o vast\u0103 experien\u021b\u0103 de lucru pozitiv cu echipe multidisciplinare &#8222;pe teren&#8221;, inclusiv echipe de spital, medici generali\u0219ti, comisari \u0219i utilizatori de servicii pentru a introduce schimb\u0103ri \u0219i \u00eembun\u0103t\u0103\u021biri durabile \u0219i semnificative ale serviciilor. Angajamentele principale ale Donnei \u00een cadrul serviciilor perinatale sunt furnizarea de \u00eengrijire perinatal\u0103 sigur\u0103 pentru to\u021bi \u0219i, acolo unde este necesar, \u00eengrijirea maternit\u0103\u021bii va fi \u00eentotdeauna amabil\u0103 \u0219i plin\u0103 de compasiune \u0219i oferit\u0103 de personal care are timpul \u0219i abilit\u0103\u021bile necesare pentru a oferi acea \u00eengrijire. <\/p>\n\n<p>De-a lungul fiec\u0103rui aspect al vie\u021bii ei, Donna crede \u00een &#8222;fii cel mai bun posibil&#8230;&#8221; \u0219i face tot ce poate pentru a se asigura c\u0103 acest lucru se \u00eent\u00e2mpl\u0103 zilnic.<\/p>\n\n<p><strong>Ultima actualizare:<sup>21<\/sup> octombrie 2025<\/strong><\/p>\n","protected":false},"excerpt":{"rendered":"<p>Donna Ockenden FRSA, Hon D.Litt, Hon D.Sci este asistent\u0103 medical\u0103, moa\u0219\u0103 \u0219i activist\u0103 comunitar\u0103. Are peste 35 de ani de experien\u021b\u0103 \u00eentr-o varietate de medii de s\u0103n\u0103tate, at\u00e2t \u00een Marea Britanie, c\u00e2t \u0219i la nivel interna\u021bional. Cariera Donnei se \u00eentinde pe o serie de sectoare, inclusiv furnizori acu\u021bi, punere \u00een func\u021biune, spital, comunitate \u0219i educa\u021bie. &hellip; <a href=\"https:\/\/www.ockendenmaternityreview.org.uk\/ro\/presedintele-revizuirii-2\/\">Continued<\/a><\/p>\n","protected":false},"author":1,"featured_media":0,"parent":0,"menu_order":0,"comment_status":"closed","ping_status":"closed","template":"page-narrow.blade.php","meta":{"_acf_changed":false,"footnotes":""},"class_list":["post-11992","page","type-page","status-publish","hentry"],"acf":[],"yoast_head":"<!-- This site is optimized with the Yoast SEO plugin v27.2 - https:\/\/yoast.com\/product\/yoast-seo-wordpress\/ -->\n<title>Pre\u0219edintele revizuirii - Ockenden Review<\/title>\n<meta name=\"robots\" content=\"index, follow, max-snippet:-1, max-image-preview:large, max-video-preview:-1\" \/>\n<link rel=\"canonical\" href=\"https:\/\/www.ockendenmaternityreview.org.uk\/nottingham-chair-of-the-review\/\" \/>\n<meta property=\"og:locale\" content=\"ro_RO\" \/>\n<meta property=\"og:type\" content=\"article\" \/>\n<meta property=\"og:title\" content=\"Pre\u0219edintele revizuirii - Ockenden Review\" \/>\n<meta property=\"og:description\" content=\"Donna Ockenden FRSA, Hon D.Litt, Hon D.Sci este asistent\u0103 medical\u0103, moa\u0219\u0103 \u0219i activist\u0103 comunitar\u0103. Are peste 35 de ani de experien\u021b\u0103 \u00eentr-o varietate de medii de s\u0103n\u0103tate, at\u00e2t \u00een Marea Britanie, c\u00e2t \u0219i la nivel interna\u021bional. Cariera Donnei se \u00eentinde pe o serie de sectoare, inclusiv furnizori acu\u021bi, punere \u00een func\u021biune, spital, comunitate \u0219i educa\u021bie. &hellip; Continued\" \/>\n<meta property=\"og:url\" content=\"https:\/\/www.ockendenmaternityreview.org.uk\/nottingham-chair-of-the-review\/\" \/>\n<meta property=\"og:site_name\" content=\"Ockenden Review\" \/>\n<meta property=\"article:publisher\" content=\"https:\/\/www.facebook.com\/ockendenmaternityreview?mibextid=wwXIfr\" \/>\n<meta property=\"article:modified_time\" content=\"2026-03-24T14:19:36+00:00\" \/>\n<meta property=\"og:image\" content=\"https:\/\/www.ockendenmaternityreview.org.uk\/wp-content\/uploads\/2025\/03\/Donna-2024-Headshot-2-819x1024.jpg\" \/>\n<meta name=\"twitter:card\" content=\"summary_large_image\" \/>\n<meta name=\"twitter:site\" content=\"@ockreview\" \/>\n<meta name=\"twitter:label1\" content=\"Timp estimat pentru citire\" \/>\n\t<meta name=\"twitter:data1\" content=\"4 minute\" \/>\n<script type=\"application\/ld+json\" class=\"yoast-schema-graph\">{\"@context\":\"https:\/\/schema.org\",\"@graph\":[{\"@type\":\"WebPage\",\"@id\":\"https:\/\/www.ockendenmaternityreview.org.uk\/nottingham-chair-of-the-review\/\",\"url\":\"https:\/\/www.ockendenmaternityreview.org.uk\/nottingham-chair-of-the-review\/\",\"name\":\"Pre\u0219edintele revizuirii - Ockenden Review\",\"isPartOf\":{\"@id\":\"http:\/\/www.ockendenmaternityreview.org.uk\/fa\/#website\"},\"primaryImageOfPage\":{\"@id\":\"https:\/\/www.ockendenmaternityreview.org.uk\/nottingham-chair-of-the-review\/#primaryimage\"},\"image\":{\"@id\":\"https:\/\/www.ockendenmaternityreview.org.uk\/nottingham-chair-of-the-review\/#primaryimage\"},\"thumbnailUrl\":\"https:\/\/www.ockendenmaternityreview.org.uk\/wp-content\/uploads\/2025\/03\/Donna-2024-Headshot-2-819x1024.jpg\",\"datePublished\":\"2026-01-08T15:32:25+00:00\",\"dateModified\":\"2026-03-24T14:19:36+00:00\",\"breadcrumb\":{\"@id\":\"https:\/\/www.ockendenmaternityreview.org.uk\/nottingham-chair-of-the-review\/#breadcrumb\"},\"inLanguage\":\"ro-RO\",\"potentialAction\":[{\"@type\":\"ReadAction\",\"target\":[\"https:\/\/www.ockendenmaternityreview.org.uk\/nottingham-chair-of-the-review\/\"]}]},{\"@type\":\"ImageObject\",\"inLanguage\":\"ro-RO\",\"@id\":\"https:\/\/www.ockendenmaternityreview.org.uk\/nottingham-chair-of-the-review\/#primaryimage\",\"url\":\"https:\/\/www.ockendenmaternityreview.org.uk\/wp-content\/uploads\/2025\/03\/Donna-2024-Headshot-2-819x1024.jpg\",\"contentUrl\":\"https:\/\/www.ockendenmaternityreview.org.uk\/wp-content\/uploads\/2025\/03\/Donna-2024-Headshot-2-819x1024.jpg\"},{\"@type\":\"BreadcrumbList\",\"@id\":\"https:\/\/www.ockendenmaternityreview.org.uk\/nottingham-chair-of-the-review\/#breadcrumb\",\"itemListElement\":[{\"@type\":\"ListItem\",\"position\":1,\"name\":\"Home\",\"item\":\"https:\/\/www.ockendenmaternityreview.org.uk\/ro\/\"},{\"@type\":\"ListItem\",\"position\":2,\"name\":\"Pre\u0219edintele revizuirii\"}]},{\"@type\":\"WebSite\",\"@id\":\"http:\/\/www.ockendenmaternityreview.org.uk\/fa\/#website\",\"url\":\"http:\/\/www.ockendenmaternityreview.org.uk\/fa\/\",\"name\":\"Ockenden Review\",\"description\":\"\",\"potentialAction\":[{\"@type\":\"SearchAction\",\"target\":{\"@type\":\"EntryPoint\",\"urlTemplate\":\"http:\/\/www.ockendenmaternityreview.org.uk\/fa\/?s={search_term_string}\"},\"query-input\":{\"@type\":\"PropertyValueSpecification\",\"valueRequired\":true,\"valueName\":\"search_term_string\"}}],\"inLanguage\":\"ro-RO\"}]}<\/script>\n<!-- \/ Yoast SEO plugin. -->","yoast_head_json":{"title":"Pre\u0219edintele revizuirii - Ockenden Review","robots":{"index":"index","follow":"follow","max-snippet":"max-snippet:-1","max-image-preview":"max-image-preview:large","max-video-preview":"max-video-preview:-1"},"canonical":"https:\/\/www.ockendenmaternityreview.org.uk\/nottingham-chair-of-the-review\/","og_locale":"ro_RO","og_type":"article","og_title":"Pre\u0219edintele revizuirii - Ockenden Review","og_description":"Donna Ockenden FRSA, Hon D.Litt, Hon D.Sci este asistent\u0103 medical\u0103, moa\u0219\u0103 \u0219i activist\u0103 comunitar\u0103. Are peste 35 de ani de experien\u021b\u0103 \u00eentr-o varietate de medii de s\u0103n\u0103tate, at\u00e2t \u00een Marea Britanie, c\u00e2t \u0219i la nivel interna\u021bional. Cariera Donnei se \u00eentinde pe o serie de sectoare, inclusiv furnizori acu\u021bi, punere \u00een func\u021biune, spital, comunitate \u0219i educa\u021bie. &hellip; Continued","og_url":"https:\/\/www.ockendenmaternityreview.org.uk\/nottingham-chair-of-the-review\/","og_site_name":"Ockenden Review","article_publisher":"https:\/\/www.facebook.com\/ockendenmaternityreview?mibextid=wwXIfr","article_modified_time":"2026-03-24T14:19:36+00:00","og_image":[{"url":"https:\/\/www.ockendenmaternityreview.org.uk\/wp-content\/uploads\/2025\/03\/Donna-2024-Headshot-2-819x1024.jpg","type":"","width":"","height":""}],"twitter_card":"summary_large_image","twitter_site":"@ockreview","twitter_misc":{"Timp estimat pentru citire":"4 minute"},"schema":{"@context":"https:\/\/schema.org","@graph":[{"@type":"WebPage","@id":"https:\/\/www.ockendenmaternityreview.org.uk\/nottingham-chair-of-the-review\/","url":"https:\/\/www.ockendenmaternityreview.org.uk\/nottingham-chair-of-the-review\/","name":"Pre\u0219edintele revizuirii - Ockenden Review","isPartOf":{"@id":"http:\/\/www.ockendenmaternityreview.org.uk\/fa\/#website"},"primaryImageOfPage":{"@id":"https:\/\/www.ockendenmaternityreview.org.uk\/nottingham-chair-of-the-review\/#primaryimage"},"image":{"@id":"https:\/\/www.ockendenmaternityreview.org.uk\/nottingham-chair-of-the-review\/#primaryimage"},"thumbnailUrl":"https:\/\/www.ockendenmaternityreview.org.uk\/wp-content\/uploads\/2025\/03\/Donna-2024-Headshot-2-819x1024.jpg","datePublished":"2026-01-08T15:32:25+00:00","dateModified":"2026-03-24T14:19:36+00:00","breadcrumb":{"@id":"https:\/\/www.ockendenmaternityreview.org.uk\/nottingham-chair-of-the-review\/#breadcrumb"},"inLanguage":"ro-RO","potentialAction":[{"@type":"ReadAction","target":["https:\/\/www.ockendenmaternityreview.org.uk\/nottingham-chair-of-the-review\/"]}]},{"@type":"ImageObject","inLanguage":"ro-RO","@id":"https:\/\/www.ockendenmaternityreview.org.uk\/nottingham-chair-of-the-review\/#primaryimage","url":"https:\/\/www.ockendenmaternityreview.org.uk\/wp-content\/uploads\/2025\/03\/Donna-2024-Headshot-2-819x1024.jpg","contentUrl":"https:\/\/www.ockendenmaternityreview.org.uk\/wp-content\/uploads\/2025\/03\/Donna-2024-Headshot-2-819x1024.jpg"},{"@type":"BreadcrumbList","@id":"https:\/\/www.ockendenmaternityreview.org.uk\/nottingham-chair-of-the-review\/#breadcrumb","itemListElement":[{"@type":"ListItem","position":1,"name":"Home","item":"https:\/\/www.ockendenmaternityreview.org.uk\/ro\/"},{"@type":"ListItem","position":2,"name":"Pre\u0219edintele revizuirii"}]},{"@type":"WebSite","@id":"http:\/\/www.ockendenmaternityreview.org.uk\/fa\/#website","url":"http:\/\/www.ockendenmaternityreview.org.uk\/fa\/","name":"Ockenden Review","description":"","potentialAction":[{"@type":"SearchAction","target":{"@type":"EntryPoint","urlTemplate":"http:\/\/www.ockendenmaternityreview.org.uk\/fa\/?s={search_term_string}"},"query-input":{"@type":"PropertyValueSpecification","valueRequired":true,"valueName":"search_term_string"}}],"inLanguage":"ro-RO"}]}},"_links":{"self":[{"href":"https:\/\/www.ockendenmaternityreview.org.uk\/ro\/wp-json\/wp\/v2\/pages\/11992","targetHints":{"allow":["GET"]}}],"collection":[{"href":"https:\/\/www.ockendenmaternityreview.org.uk\/ro\/wp-json\/wp\/v2\/pages"}],"about":[{"href":"https:\/\/www.ockendenmaternityreview.org.uk\/ro\/wp-json\/wp\/v2\/types\/page"}],"author":[{"embeddable":true,"href":"https:\/\/www.ockendenmaternityreview.org.uk\/ro\/wp-json\/wp\/v2\/users\/1"}],"replies":[{"embeddable":true,"href":"https:\/\/www.ockendenmaternityreview.org.uk\/ro\/wp-json\/wp\/v2\/comments?post=11992"}],"version-history":[{"count":0,"href":"https:\/\/www.ockendenmaternityreview.org.uk\/ro\/wp-json\/wp\/v2\/pages\/11992\/revisions"}],"wp:attachment":[{"href":"https:\/\/www.ockendenmaternityreview.org.uk\/ro\/wp-json\/wp\/v2\/media?parent=11992"}],"curies":[{"name":"wp","href":"https:\/\/api.w.org\/{rel}","templated":true}]}}