{"id":12136,"date":"2026-01-08T16:37:09","date_gmt":"2026-01-08T16:37:09","guid":{"rendered":"https:\/\/ockendenmatdev.wpenginepowered.com\/suport-pentru-cancer-in-timpul-si-in-jurul-sarcinii\/"},"modified":"2026-03-24T14:26:13","modified_gmt":"2026-03-24T14:26:13","slug":"suport-pentru-cancer-in-timpul-si-in-jurul-sarcinii","status":"publish","type":"page","link":"https:\/\/www.ockendenmaternityreview.org.uk\/ro\/suport-pentru-cancer-in-timpul-si-in-jurul-sarcinii\/","title":{"rendered":"Suport pentru cancer \u00een timpul \u0219i \u00een jurul sarcinii"},"content":{"rendered":"\n<div class=\"wp-block-query support-groups is-layout-flow wp-block-query-is-layout-flow\"><ul class=\"wp-block-post-template is-layout-grid wp-container-core-post-template-is-layout-763cd4b6 wp-block-post-template-is-layout-grid\"><li class=\"wp-block-post post-13196 support-group type-support-group status-publish has-post-thumbnail hentry support-grouping-cancer-support-in-and-around-pregnancy\">\n<figure class=\"wp-block-post-featured-image\"><img loading=\"lazy\" decoding=\"async\" width=\"1024\" height=\"576\" src=\"https:\/\/www.ockendenmaternityreview.org.uk\/wp-content\/uploads\/2026\/01\/Mummys-Star-Logo-with-mums-1024x576-1.jpg\" class=\"attachment-post-thumbnail size-post-thumbnail wp-post-image\" alt=\"\" style=\"object-fit:cover;\" srcset=\"https:\/\/www.ockendenmaternityreview.org.uk\/wp-content\/uploads\/2026\/01\/Mummys-Star-Logo-with-mums-1024x576-1.jpg 1024w, https:\/\/www.ockendenmaternityreview.org.uk\/wp-content\/uploads\/2026\/01\/Mummys-Star-Logo-with-mums-1024x576-1-300x169.jpg 300w, https:\/\/www.ockendenmaternityreview.org.uk\/wp-content\/uploads\/2026\/01\/Mummys-Star-Logo-with-mums-1024x576-1-768x432.jpg 768w\" sizes=\"auto, (max-width: 1024px) 100vw, 1024px\" \/><\/figure>\n\n<h2 class=\"wp-block-post-title\">Steaua lui Mumie<\/h2>\n\n<div class=\"entry-content wp-block-post-content is-layout-flow wp-block-post-content-is-layout-flow\">\n<p>Mummy&#8217;s Star este singura organiza\u021bie caritabil\u0103 din Regatul Unit \u0219i Irlanda dedicat\u0103 sprijinirii mamelor \u0219i p\u0103rin\u021bilor care nasc, diagnostica\u021bi cu cancer \u00een timpul sau \u00een preajma sarcinii. Oferim sprijin emo\u021bional, practic, financiar \u0219i de la egal la egal pentru a r\u0103spunde nevoilor fiec\u0103rei familii \u00een parte \u0219i putem oferi sprijin dincolo de tratament \u0219i pentru diagnosticele secundare sau de sf\u00e2r\u0219it de via\u021b\u0103. De asemenea, oferim sesiuni de formare \u0219i educa\u021bie pentru profesioni\u0219tii din domeniul s\u0103n\u0103t\u0103\u021bii \u0219i al maternit\u0103\u021bii.  <\/p>\n\n<p><strong>Website:<\/strong> <a href=\"https:\/\/www.mummysstar.org\/self-refer-support\">https:\/\/www.mummysstar.org\/self-refer-support<\/a><\/p>\n\n<p><strong>Email:<\/strong> <a href=\"mailto:info@mummysstar.org\">info@mummysstar.org<\/a><\/p>\n<\/div>\n<\/li><\/ul>\n\n\n\n<\/div>\n","protected":false},"excerpt":{"rendered":"","protected":false},"author":1,"featured_media":0,"parent":0,"menu_order":0,"comment_status":"closed","ping_status":"closed","template":"page-support-groups.blade.php","meta":{"_acf_changed":false,"footnotes":""},"class_list":["post-12136","page","type-page","status-publish","hentry"],"acf":[],"yoast_head":"<!-- This site is optimized with the Yoast SEO plugin v27.2 - https:\/\/yoast.com\/product\/yoast-seo-wordpress\/ -->\n<title>Suport pentru cancer \u00een timpul \u0219i \u00een jurul sarcinii - Ockenden Review<\/title>\n<meta name=\"robots\" content=\"index, follow, max-snippet:-1, max-image-preview:large, max-video-preview:-1\" \/>\n<link rel=\"canonical\" href=\"https:\/\/www.ockendenmaternityreview.org.uk\/ro\/suport-pentru-cancer-in-timpul-si-in-jurul-sarcinii\/\" \/>\n<meta property=\"og:locale\" content=\"ro_RO\" \/>\n<meta property=\"og:type\" content=\"article\" \/>\n<meta property=\"og:title\" content=\"Suport pentru cancer \u00een timpul \u0219i \u00een jurul sarcinii - Ockenden Review\" \/>\n<meta property=\"og:url\" content=\"https:\/\/www.ockendenmaternityreview.org.uk\/ro\/suport-pentru-cancer-in-timpul-si-in-jurul-sarcinii\/\" \/>\n<meta property=\"og:site_name\" content=\"Ockenden Review\" \/>\n<meta property=\"article:publisher\" content=\"https:\/\/www.facebook.com\/ockendenmaternityreview?mibextid=wwXIfr\" \/>\n<meta property=\"article:modified_time\" content=\"2026-03-24T14:26:13+00:00\" \/>\n<meta name=\"twitter:card\" content=\"summary_large_image\" \/>\n<meta name=\"twitter:site\" content=\"@ockreview\" \/>\n<script type=\"application\/ld+json\" class=\"yoast-schema-graph\">{\"@context\":\"https:\/\/schema.org\",\"@graph\":[{\"@type\":\"WebPage\",\"@id\":\"https:\/\/www.ockendenmaternityreview.org.uk\/ro\/suport-pentru-cancer-in-timpul-si-in-jurul-sarcinii\/\",\"url\":\"https:\/\/www.ockendenmaternityreview.org.uk\/ro\/suport-pentru-cancer-in-timpul-si-in-jurul-sarcinii\/\",\"name\":\"Suport pentru cancer \u00een timpul \u0219i \u00een jurul sarcinii - Ockenden Review\",\"isPartOf\":{\"@id\":\"http:\/\/www.ockendenmaternityreview.org.uk\/zh-hant\/#website\"},\"datePublished\":\"2026-01-08T16:37:09+00:00\",\"dateModified\":\"2026-03-24T14:26:13+00:00\",\"breadcrumb\":{\"@id\":\"https:\/\/www.ockendenmaternityreview.org.uk\/ro\/suport-pentru-cancer-in-timpul-si-in-jurul-sarcinii\/#breadcrumb\"},\"inLanguage\":\"ro-RO\",\"potentialAction\":[{\"@type\":\"ReadAction\",\"target\":[\"https:\/\/www.ockendenmaternityreview.org.uk\/ro\/suport-pentru-cancer-in-timpul-si-in-jurul-sarcinii\/\"]}]},{\"@type\":\"BreadcrumbList\",\"@id\":\"https:\/\/www.ockendenmaternityreview.org.uk\/ro\/suport-pentru-cancer-in-timpul-si-in-jurul-sarcinii\/#breadcrumb\",\"itemListElement\":[{\"@type\":\"ListItem\",\"position\":1,\"name\":\"Home\",\"item\":\"https:\/\/www.ockendenmaternityreview.org.uk\/ro\/\"},{\"@type\":\"ListItem\",\"position\":2,\"name\":\"Suport pentru cancer \u00een timpul \u0219i \u00een jurul sarcinii\"}]},{\"@type\":\"WebSite\",\"@id\":\"http:\/\/www.ockendenmaternityreview.org.uk\/zh-hant\/#website\",\"url\":\"http:\/\/www.ockendenmaternityreview.org.uk\/zh-hant\/\",\"name\":\"Ockenden Review\",\"description\":\"\",\"potentialAction\":[{\"@type\":\"SearchAction\",\"target\":{\"@type\":\"EntryPoint\",\"urlTemplate\":\"http:\/\/www.ockendenmaternityreview.org.uk\/zh-hant\/?s={search_term_string}\"},\"query-input\":{\"@type\":\"PropertyValueSpecification\",\"valueRequired\":true,\"valueName\":\"search_term_string\"}}],\"inLanguage\":\"ro-RO\"}]}<\/script>\n<!-- \/ Yoast SEO plugin. -->","yoast_head_json":{"title":"Suport pentru cancer \u00een timpul \u0219i \u00een jurul sarcinii - Ockenden Review","robots":{"index":"index","follow":"follow","max-snippet":"max-snippet:-1","max-image-preview":"max-image-preview:large","max-video-preview":"max-video-preview:-1"},"canonical":"https:\/\/www.ockendenmaternityreview.org.uk\/ro\/suport-pentru-cancer-in-timpul-si-in-jurul-sarcinii\/","og_locale":"ro_RO","og_type":"article","og_title":"Suport pentru cancer \u00een timpul \u0219i \u00een jurul sarcinii - Ockenden Review","og_url":"https:\/\/www.ockendenmaternityreview.org.uk\/ro\/suport-pentru-cancer-in-timpul-si-in-jurul-sarcinii\/","og_site_name":"Ockenden Review","article_publisher":"https:\/\/www.facebook.com\/ockendenmaternityreview?mibextid=wwXIfr","article_modified_time":"2026-03-24T14:26:13+00:00","twitter_card":"summary_large_image","twitter_site":"@ockreview","schema":{"@context":"https:\/\/schema.org","@graph":[{"@type":"WebPage","@id":"https:\/\/www.ockendenmaternityreview.org.uk\/ro\/suport-pentru-cancer-in-timpul-si-in-jurul-sarcinii\/","url":"https:\/\/www.ockendenmaternityreview.org.uk\/ro\/suport-pentru-cancer-in-timpul-si-in-jurul-sarcinii\/","name":"Suport pentru cancer \u00een timpul \u0219i \u00een jurul sarcinii - Ockenden Review","isPartOf":{"@id":"http:\/\/www.ockendenmaternityreview.org.uk\/zh-hant\/#website"},"datePublished":"2026-01-08T16:37:09+00:00","dateModified":"2026-03-24T14:26:13+00:00","breadcrumb":{"@id":"https:\/\/www.ockendenmaternityreview.org.uk\/ro\/suport-pentru-cancer-in-timpul-si-in-jurul-sarcinii\/#breadcrumb"},"inLanguage":"ro-RO","potentialAction":[{"@type":"ReadAction","target":["https:\/\/www.ockendenmaternityreview.org.uk\/ro\/suport-pentru-cancer-in-timpul-si-in-jurul-sarcinii\/"]}]},{"@type":"BreadcrumbList","@id":"https:\/\/www.ockendenmaternityreview.org.uk\/ro\/suport-pentru-cancer-in-timpul-si-in-jurul-sarcinii\/#breadcrumb","itemListElement":[{"@type":"ListItem","position":1,"name":"Home","item":"https:\/\/www.ockendenmaternityreview.org.uk\/ro\/"},{"@type":"ListItem","position":2,"name":"Suport pentru cancer \u00een timpul \u0219i \u00een jurul sarcinii"}]},{"@type":"WebSite","@id":"http:\/\/www.ockendenmaternityreview.org.uk\/zh-hant\/#website","url":"http:\/\/www.ockendenmaternityreview.org.uk\/zh-hant\/","name":"Ockenden Review","description":"","potentialAction":[{"@type":"SearchAction","target":{"@type":"EntryPoint","urlTemplate":"http:\/\/www.ockendenmaternityreview.org.uk\/zh-hant\/?s={search_term_string}"},"query-input":{"@type":"PropertyValueSpecification","valueRequired":true,"valueName":"search_term_string"}}],"inLanguage":"ro-RO"}]}},"_links":{"self":[{"href":"https:\/\/www.ockendenmaternityreview.org.uk\/ro\/wp-json\/wp\/v2\/pages\/12136","targetHints":{"allow":["GET"]}}],"collection":[{"href":"https:\/\/www.ockendenmaternityreview.org.uk\/ro\/wp-json\/wp\/v2\/pages"}],"about":[{"href":"https:\/\/www.ockendenmaternityreview.org.uk\/ro\/wp-json\/wp\/v2\/types\/page"}],"author":[{"embeddable":true,"href":"https:\/\/www.ockendenmaternityreview.org.uk\/ro\/wp-json\/wp\/v2\/users\/1"}],"replies":[{"embeddable":true,"href":"https:\/\/www.ockendenmaternityreview.org.uk\/ro\/wp-json\/wp\/v2\/comments?post=12136"}],"version-history":[{"count":0,"href":"https:\/\/www.ockendenmaternityreview.org.uk\/ro\/wp-json\/wp\/v2\/pages\/12136\/revisions"}],"wp:attachment":[{"href":"https:\/\/www.ockendenmaternityreview.org.uk\/ro\/wp-json\/wp\/v2\/media?parent=12136"}],"curies":[{"name":"wp","href":"https:\/\/api.w.org\/{rel}","templated":true}]}}